{"id":63504,"date":"2023-03-03T09:13:55","date_gmt":"2023-03-03T08:13:55","guid":{"rendered":"https:\/\/turijnmagazijn.nl\/product\/drucksensor-dieseleinspritzung-fiat-alfa-lancia\/"},"modified":"2023-07-26T13:56:36","modified_gmt":"2023-07-26T11:56:36","slug":"drucksensor-dieseleinspritzung-fiat-alfa-lancia","status":"publish","type":"product","link":"https:\/\/turijnmagazijn.nl\/de\/produkt\/drucksensor-dieseleinspritzung-fiat-alfa-lancia\/","title":{"rendered":"Drucksensor Dieseleinspritzung Fiat Alfa Lancia"},"content":{"rendered":"<p>Drucksensor zur Kraftstoffdruckmessung f\u00fcr das Dieseleinspritzsystem f\u00fcr JTD-Motoren der Fiat-Gruppe. Er stammt aus einem Alfa 156 mit 1.9 JTD und ist in gutem Zustand. Diese Art von Sensor ist f\u00fcr viele verschiedene Fahrzeuge anwendbar, und ein neuer Sensor ist ziemlich teuer. Wird in der Zuleitung f\u00fcr die Dieseleinspritzd\u00fcsen montiert. Es handelt sich um einen originalen 3-poligen &nbsp;Bosch-Sensor mit Beschriftung  <br \/>0281002405<br \/>96711002421<br \/>Hergestellt in Deutschland<\/p>\n<p>M12x1,5 Zoll<br \/><span style=\"font-size: 12px;\">Sleutmaat 27<\/span><\/p>\n<p><span style=\"font-size: 12px;\">Pr\u00fcfen Sie vorab die Anwendbarkeit auf Ihre spezifische Version.<br \/>Gilt unter anderem f\u00fcr diese Fahrzeuge, die mit<span style=\"font-weight: bold;\"> JTD-Dieselmotoren<\/span> ausgestattet sind:<\/span><\/p>\n<\/p>\n<ul>\n<li>Fiat Marea<\/li>\n<li>Fiat Multipla<\/li>\n<li>Fiat Punto&nbsp;<\/li>\n<li>Fiat Stilo<\/li>\n<li>Fiat Strada<\/li>\n<li>Lancia Lybra<\/li>\n<li>Lancia-Abschlussarbeit<\/li>\n<li>Lancia Kappa<\/li>\n<li>Alfa 147<\/li>\n<li>Alfa 156<\/li>\n<\/ul>\n<p>Gasassoziierte Nummern<br \/>46542976<\/p>\n<p>OEM-Nummer FIAT LANCIA ALFA ROMEO 46779638<\/p>\n","protected":false},"excerpt":{"rendered":"<p>Drucksensor Dieseleinspritzung Fiat Alfa Lancia &#8211; Drucksensor zur Kraftstoffdruckmessung f\u00fcr das Dieseleinspritzsystem f\u00fcr JTD-Motoren der Fiat-Gruppe.<\/p>\n","protected":false},"featured_media":40877,"comment_status":"open","ping_status":"closed","template":"","meta":{"_acf_changed":false},"product_brand":[],"product_cat":[1605,1616,1765,1770,1584,1689,1859,1797,1874,1734,1737,1775,1751,1619,1883,1621,1762,1878,1869,1905],"product_tag":[],"class_list":{"0":"post-63504","1":"product","2":"type-product","3":"status-publish","4":"has-post-thumbnail","6":"product_cat-147-937-de","7":"product_cat-156-932-de","8":"product_cat-5drs-de","9":"product_cat-abarth-3drs-de","10":"product_cat-alfa-romeo-de","11":"product_cat-fiat-de","12":"product_cat-kappa-838-de","13":"product_cat-lancia-de","14":"product_cat-lybra-839-de","15":"product_cat-marea-185-de","16":"product_cat-multipla-186-de","17":"product_cat-multiwagon-de","18":"product_cat-punto-2-188-de","19":"product_cat-sedan-de","20":"product_cat-sedan-lybra-839-de","21":"product_cat-sportwagon-de","22":"product_cat-stilo-192-de","23":"product_cat-sw-lybra-839-de","24":"product_cat-sw-de","25":"product_cat-thesis-841-de","26":"pa_soort-onderdeel-interieur-und-polsterung","27":"pa_soort-onderdeel-motor-und-zubehor","29":"first","30":"instock","31":"shipping-taxable","32":"purchasable","33":"product-type-simple"},"acf":[],"yoast_head":"<!-- This site is optimized with the Yoast SEO plugin v27.3 - https:\/\/yoast.com\/product\/yoast-seo-wordpress\/ -->\n<title>Drucksensor Dieseleinspritzung Fiat Alfa Lancia - Turijnmagazijn<\/title>\n<meta name=\"robots\" content=\"index, follow, max-snippet:-1, max-image-preview:large, max-video-preview:-1\" \/>\n<link rel=\"canonical\" href=\"https:\/\/turijnmagazijn.nl\/de\/produkt\/drucksensor-dieseleinspritzung-fiat-alfa-lancia\/\" \/>\n<meta property=\"og:locale\" content=\"de_DE\" \/>\n<meta property=\"og:type\" content=\"article\" \/>\n<meta property=\"og:title\" content=\"Drucksensor Dieseleinspritzung Fiat Alfa Lancia - Turijnmagazijn\" \/>\n<meta property=\"og:description\" content=\"Drucksensor Dieseleinspritzung Fiat Alfa Lancia - Drucksensor zur Kraftstoffdruckmessung f\u00fcr das Dieseleinspritzsystem f\u00fcr JTD-Motoren der Fiat-Gruppe.\" \/>\n<meta property=\"og:url\" content=\"https:\/\/turijnmagazijn.nl\/de\/produkt\/drucksensor-dieseleinspritzung-fiat-alfa-lancia\/\" \/>\n<meta property=\"og:site_name\" content=\"Turijnmagazijn\" \/>\n<meta property=\"article:publisher\" content=\"https:\/\/www.facebook.com\/turijnmagazijn\" \/>\n<meta property=\"article:modified_time\" content=\"2023-07-26T11:56:36+00:00\" \/>\n<meta property=\"og:image\" content=\"https:\/\/turijnmagazijn.jumpstone-dev.nl\/wp-content\/uploads\/2023\/03\/DK00101354-Druksensor-dieselinjectie-Fiat-Alfa-Lancia-3-1.jpg\" \/>\n\t<meta property=\"og:image:width\" content=\"800\" \/>\n\t<meta property=\"og:image:height\" content=\"600\" \/>\n\t<meta property=\"og:image:type\" content=\"image\/jpeg\" \/>\n<meta name=\"twitter:card\" content=\"summary_large_image\" \/>\n<meta name=\"twitter:label1\" content=\"Gesch\u00e4tzte Lesezeit\" \/>\n\t<meta name=\"twitter:data1\" content=\"1\u00a0Minute\" \/>\n<script type=\"application\/ld+json\" class=\"yoast-schema-graph\">{\"@context\":\"https:\\\/\\\/schema.org\",\"@graph\":[{\"@type\":\"WebPage\",\"@id\":\"https:\\\/\\\/turijnmagazijn.nl\\\/de\\\/produkt\\\/drucksensor-dieseleinspritzung-fiat-alfa-lancia\\\/\",\"url\":\"https:\\\/\\\/turijnmagazijn.nl\\\/de\\\/produkt\\\/drucksensor-dieseleinspritzung-fiat-alfa-lancia\\\/\",\"name\":\"Drucksensor Dieseleinspritzung Fiat Alfa Lancia - Turijnmagazijn\",\"isPartOf\":{\"@id\":\"https:\\\/\\\/turijnmagazijn.jumpstone-dev.nl\\\/#website\"},\"primaryImageOfPage\":{\"@id\":\"https:\\\/\\\/turijnmagazijn.nl\\\/de\\\/produkt\\\/drucksensor-dieseleinspritzung-fiat-alfa-lancia\\\/#primaryimage\"},\"image\":{\"@id\":\"https:\\\/\\\/turijnmagazijn.nl\\\/de\\\/produkt\\\/drucksensor-dieseleinspritzung-fiat-alfa-lancia\\\/#primaryimage\"},\"thumbnailUrl\":\"https:\\\/\\\/turijnmagazijn.nl\\\/wp-content\\\/uploads\\\/2023\\\/03\\\/DK00101354-Druksensor-dieselinjectie-Fiat-Alfa-Lancia-3-1.jpg\",\"datePublished\":\"2023-03-03T08:13:55+00:00\",\"dateModified\":\"2023-07-26T11:56:36+00:00\",\"breadcrumb\":{\"@id\":\"https:\\\/\\\/turijnmagazijn.nl\\\/de\\\/produkt\\\/drucksensor-dieseleinspritzung-fiat-alfa-lancia\\\/#breadcrumb\"},\"inLanguage\":\"de\",\"potentialAction\":[{\"@type\":\"ReadAction\",\"target\":[\"https:\\\/\\\/turijnmagazijn.nl\\\/de\\\/produkt\\\/drucksensor-dieseleinspritzung-fiat-alfa-lancia\\\/\"]}]},{\"@type\":\"ImageObject\",\"inLanguage\":\"de\",\"@id\":\"https:\\\/\\\/turijnmagazijn.nl\\\/de\\\/produkt\\\/drucksensor-dieseleinspritzung-fiat-alfa-lancia\\\/#primaryimage\",\"url\":\"https:\\\/\\\/turijnmagazijn.nl\\\/wp-content\\\/uploads\\\/2023\\\/03\\\/DK00101354-Druksensor-dieselinjectie-Fiat-Alfa-Lancia-3-1.jpg\",\"contentUrl\":\"https:\\\/\\\/turijnmagazijn.nl\\\/wp-content\\\/uploads\\\/2023\\\/03\\\/DK00101354-Druksensor-dieselinjectie-Fiat-Alfa-Lancia-3-1.jpg\",\"width\":800,\"height\":600},{\"@type\":\"BreadcrumbList\",\"@id\":\"https:\\\/\\\/turijnmagazijn.nl\\\/de\\\/produkt\\\/drucksensor-dieseleinspritzung-fiat-alfa-lancia\\\/#breadcrumb\",\"itemListElement\":[{\"@type\":\"ListItem\",\"position\":1,\"name\":\"Home\",\"item\":\"https:\\\/\\\/turijnmagazijn.nl\\\/de\\\/\"},{\"@type\":\"ListItem\",\"position\":2,\"name\":\"Produkte\",\"item\":\"https:\\\/\\\/turijnmagazijn.nl\\\/de\\\/shop\\\/\"},{\"@type\":\"ListItem\",\"position\":3,\"name\":\"Drucksensor Dieseleinspritzung Fiat Alfa Lancia\"}]},{\"@type\":\"WebSite\",\"@id\":\"https:\\\/\\\/turijnmagazijn.jumpstone-dev.nl\\\/#website\",\"url\":\"https:\\\/\\\/turijnmagazijn.jumpstone-dev.nl\\\/\",\"name\":\"Turijnmagazijn\",\"description\":\"Onderdelen nieuw en gebruikt - Fiat &amp; Lancia\",\"publisher\":{\"@id\":\"https:\\\/\\\/turijnmagazijn.jumpstone-dev.nl\\\/#organization\"},\"potentialAction\":[{\"@type\":\"SearchAction\",\"target\":{\"@type\":\"EntryPoint\",\"urlTemplate\":\"https:\\\/\\\/turijnmagazijn.jumpstone-dev.nl\\\/?s={search_term_string}\"},\"query-input\":{\"@type\":\"PropertyValueSpecification\",\"valueRequired\":true,\"valueName\":\"search_term_string\"}}],\"inLanguage\":\"de\"},{\"@type\":\"Organization\",\"@id\":\"https:\\\/\\\/turijnmagazijn.jumpstone-dev.nl\\\/#organization\",\"name\":\"Turijnmagazijn\",\"url\":\"https:\\\/\\\/turijnmagazijn.jumpstone-dev.nl\\\/\",\"logo\":{\"@type\":\"ImageObject\",\"inLanguage\":\"de\",\"@id\":\"https:\\\/\\\/turijnmagazijn.jumpstone-dev.nl\\\/#\\\/schema\\\/logo\\\/image\\\/\",\"url\":\"https:\\\/\\\/turijnmagazijn.nl\\\/wp-content\\\/uploads\\\/2021\\\/02\\\/turijnmagazijnlogo.png\",\"contentUrl\":\"https:\\\/\\\/turijnmagazijn.nl\\\/wp-content\\\/uploads\\\/2021\\\/02\\\/turijnmagazijnlogo.png\",\"width\":555,\"height\":270,\"caption\":\"Turijnmagazijn\"},\"image\":{\"@id\":\"https:\\\/\\\/turijnmagazijn.jumpstone-dev.nl\\\/#\\\/schema\\\/logo\\\/image\\\/\"},\"sameAs\":[\"https:\\\/\\\/www.facebook.com\\\/turijnmagazijn\"]}]}<\/script>\n<!-- \/ Yoast SEO plugin. -->","yoast_head_json":{"title":"Drucksensor Dieseleinspritzung Fiat Alfa Lancia - Turijnmagazijn","robots":{"index":"index","follow":"follow","max-snippet":"max-snippet:-1","max-image-preview":"max-image-preview:large","max-video-preview":"max-video-preview:-1"},"canonical":"https:\/\/turijnmagazijn.nl\/de\/produkt\/drucksensor-dieseleinspritzung-fiat-alfa-lancia\/","og_locale":"de_DE","og_type":"article","og_title":"Drucksensor Dieseleinspritzung Fiat Alfa Lancia - Turijnmagazijn","og_description":"Drucksensor Dieseleinspritzung Fiat Alfa Lancia - Drucksensor zur Kraftstoffdruckmessung f\u00fcr das Dieseleinspritzsystem f\u00fcr JTD-Motoren der Fiat-Gruppe.","og_url":"https:\/\/turijnmagazijn.nl\/de\/produkt\/drucksensor-dieseleinspritzung-fiat-alfa-lancia\/","og_site_name":"Turijnmagazijn","article_publisher":"https:\/\/www.facebook.com\/turijnmagazijn","article_modified_time":"2023-07-26T11:56:36+00:00","og_image":[{"width":800,"height":600,"url":"https:\/\/turijnmagazijn.jumpstone-dev.nl\/wp-content\/uploads\/2023\/03\/DK00101354-Druksensor-dieselinjectie-Fiat-Alfa-Lancia-3-1.jpg","type":"image\/jpeg"}],"twitter_card":"summary_large_image","twitter_misc":{"Gesch\u00e4tzte Lesezeit":"1\u00a0Minute"},"schema":{"@context":"https:\/\/schema.org","@graph":[{"@type":"WebPage","@id":"https:\/\/turijnmagazijn.nl\/de\/produkt\/drucksensor-dieseleinspritzung-fiat-alfa-lancia\/","url":"https:\/\/turijnmagazijn.nl\/de\/produkt\/drucksensor-dieseleinspritzung-fiat-alfa-lancia\/","name":"Drucksensor Dieseleinspritzung Fiat Alfa Lancia - Turijnmagazijn","isPartOf":{"@id":"https:\/\/turijnmagazijn.jumpstone-dev.nl\/#website"},"primaryImageOfPage":{"@id":"https:\/\/turijnmagazijn.nl\/de\/produkt\/drucksensor-dieseleinspritzung-fiat-alfa-lancia\/#primaryimage"},"image":{"@id":"https:\/\/turijnmagazijn.nl\/de\/produkt\/drucksensor-dieseleinspritzung-fiat-alfa-lancia\/#primaryimage"},"thumbnailUrl":"https:\/\/turijnmagazijn.nl\/wp-content\/uploads\/2023\/03\/DK00101354-Druksensor-dieselinjectie-Fiat-Alfa-Lancia-3-1.jpg","datePublished":"2023-03-03T08:13:55+00:00","dateModified":"2023-07-26T11:56:36+00:00","breadcrumb":{"@id":"https:\/\/turijnmagazijn.nl\/de\/produkt\/drucksensor-dieseleinspritzung-fiat-alfa-lancia\/#breadcrumb"},"inLanguage":"de","potentialAction":[{"@type":"ReadAction","target":["https:\/\/turijnmagazijn.nl\/de\/produkt\/drucksensor-dieseleinspritzung-fiat-alfa-lancia\/"]}]},{"@type":"ImageObject","inLanguage":"de","@id":"https:\/\/turijnmagazijn.nl\/de\/produkt\/drucksensor-dieseleinspritzung-fiat-alfa-lancia\/#primaryimage","url":"https:\/\/turijnmagazijn.nl\/wp-content\/uploads\/2023\/03\/DK00101354-Druksensor-dieselinjectie-Fiat-Alfa-Lancia-3-1.jpg","contentUrl":"https:\/\/turijnmagazijn.nl\/wp-content\/uploads\/2023\/03\/DK00101354-Druksensor-dieselinjectie-Fiat-Alfa-Lancia-3-1.jpg","width":800,"height":600},{"@type":"BreadcrumbList","@id":"https:\/\/turijnmagazijn.nl\/de\/produkt\/drucksensor-dieseleinspritzung-fiat-alfa-lancia\/#breadcrumb","itemListElement":[{"@type":"ListItem","position":1,"name":"Home","item":"https:\/\/turijnmagazijn.nl\/de\/"},{"@type":"ListItem","position":2,"name":"Produkte","item":"https:\/\/turijnmagazijn.nl\/de\/shop\/"},{"@type":"ListItem","position":3,"name":"Drucksensor Dieseleinspritzung Fiat Alfa Lancia"}]},{"@type":"WebSite","@id":"https:\/\/turijnmagazijn.jumpstone-dev.nl\/#website","url":"https:\/\/turijnmagazijn.jumpstone-dev.nl\/","name":"Turijnmagazijn","description":"Onderdelen nieuw en gebruikt - Fiat &amp; Lancia","publisher":{"@id":"https:\/\/turijnmagazijn.jumpstone-dev.nl\/#organization"},"potentialAction":[{"@type":"SearchAction","target":{"@type":"EntryPoint","urlTemplate":"https:\/\/turijnmagazijn.jumpstone-dev.nl\/?s={search_term_string}"},"query-input":{"@type":"PropertyValueSpecification","valueRequired":true,"valueName":"search_term_string"}}],"inLanguage":"de"},{"@type":"Organization","@id":"https:\/\/turijnmagazijn.jumpstone-dev.nl\/#organization","name":"Turijnmagazijn","url":"https:\/\/turijnmagazijn.jumpstone-dev.nl\/","logo":{"@type":"ImageObject","inLanguage":"de","@id":"https:\/\/turijnmagazijn.jumpstone-dev.nl\/#\/schema\/logo\/image\/","url":"https:\/\/turijnmagazijn.nl\/wp-content\/uploads\/2021\/02\/turijnmagazijnlogo.png","contentUrl":"https:\/\/turijnmagazijn.nl\/wp-content\/uploads\/2021\/02\/turijnmagazijnlogo.png","width":555,"height":270,"caption":"Turijnmagazijn"},"image":{"@id":"https:\/\/turijnmagazijn.jumpstone-dev.nl\/#\/schema\/logo\/image\/"},"sameAs":["https:\/\/www.facebook.com\/turijnmagazijn"]}]}},"_links":{"self":[{"href":"https:\/\/turijnmagazijn.nl\/de\/wp-json\/wp\/v2\/product\/63504","targetHints":{"allow":["GET"]}}],"collection":[{"href":"https:\/\/turijnmagazijn.nl\/de\/wp-json\/wp\/v2\/product"}],"about":[{"href":"https:\/\/turijnmagazijn.nl\/de\/wp-json\/wp\/v2\/types\/product"}],"replies":[{"embeddable":true,"href":"https:\/\/turijnmagazijn.nl\/de\/wp-json\/wp\/v2\/comments?post=63504"}],"wp:featuredmedia":[{"embeddable":true,"href":"https:\/\/turijnmagazijn.nl\/de\/wp-json\/wp\/v2\/media\/40877"}],"wp:attachment":[{"href":"https:\/\/turijnmagazijn.nl\/de\/wp-json\/wp\/v2\/media?parent=63504"}],"wp:term":[{"taxonomy":"product_brand","embeddable":true,"href":"https:\/\/turijnmagazijn.nl\/de\/wp-json\/wp\/v2\/product_brand?post=63504"},{"taxonomy":"product_cat","embeddable":true,"href":"https:\/\/turijnmagazijn.nl\/de\/wp-json\/wp\/v2\/product_cat?post=63504"},{"taxonomy":"product_tag","embeddable":true,"href":"https:\/\/turijnmagazijn.nl\/de\/wp-json\/wp\/v2\/product_tag?post=63504"}],"curies":[{"name":"wp","href":"https:\/\/api.w.org\/{rel}","templated":true}]}}