{"id":63520,"date":"2023-03-03T09:14:17","date_gmt":"2023-03-03T08:14:17","guid":{"rendered":"https:\/\/turijnmagazijn.nl\/product\/tuerstopper-hinter-der-tuer-alfa-156-lr\/"},"modified":"2023-07-26T13:56:26","modified_gmt":"2023-07-26T11:56:26","slug":"pfortner-stopp-hinter-tur-alfa-156-lr","status":"publish","type":"product","link":"https:\/\/turijnmagazijn.nl\/de\/produkt\/pfortner-stopp-hinter-tur-alfa-156-lr\/","title":{"rendered":"T\u00fcrstopper hinter der T\u00fcr Alfa 156 (L+R)"},"content":{"rendered":"<p>T\u00fcrstopp vor dem Stoppen der T\u00fcr, um zu verhindern, dass sie durchbricht oder zu weit f\u00fcr die hinteren T\u00fcren Alfa Romeo 156 Limousine \u00f6ffnet. Bei einem defekten Stopper zerbricht die T\u00fcr immer, was zu Sch\u00e4den am Blech f\u00fchrt. Dieser Windhaken ist in gutem Zustand und wurde auf korrekte Funktion getestet. Stammt aus einer Alfa Romeo 156 Limousine aus dem Jahr 1999. Dieses Teil kann f\u00fcr die hinteren T\u00fcren sowohl links als auch rechts verwendet werden.<\/p>\n<p>Komplett mit Gummi f\u00fcr die Veredelung auf der T\u00fcrseite.<\/p>\n<p>OEM-Nummer Alfa Romeo&nbsp;<span style=\"text-align: -webkit-right;\">60650423<\/span><\/p>\n","protected":false},"excerpt":{"rendered":"<p>T\u00fcrstopper hintere T\u00fcr Alfa 156 (L + R) &#8211; T\u00fcrstopp vor dem Anhalten der T\u00fcr, um ein Durchblasen oder zu weites \u00d6ffnen f\u00fcr die hinteren T\u00fcren zu verhindern Alfa Romeo 156 Limousine.<\/p>\n","protected":false},"featured_media":41037,"comment_status":"open","ping_status":"closed","template":"","meta":{"_acf_changed":false},"product_brand":[],"product_cat":[1616,1584,1619],"product_tag":[],"class_list":{"0":"post-63520","1":"product","2":"type-product","3":"status-publish","4":"has-post-thumbnail","6":"product_cat-156-932-de","7":"product_cat-alfa-romeo-de","8":"product_cat-sedan-de","9":"pa_soort-onderdeel-elektronik-und-kabel","10":"pa_soort-onderdeel-karosserie-und-blech","12":"first","13":"instock","14":"shipping-taxable","15":"purchasable","16":"product-type-simple"},"acf":[],"yoast_head":"<!-- This site is optimized with the Yoast SEO plugin v27.3 - https:\/\/yoast.com\/product\/yoast-seo-wordpress\/ -->\n<title>T\u00fcrstopper hinter der T\u00fcr Alfa 156 (L+R) - Turijnmagazijn<\/title>\n<meta name=\"robots\" content=\"index, follow, max-snippet:-1, max-image-preview:large, max-video-preview:-1\" \/>\n<link rel=\"canonical\" href=\"https:\/\/turijnmagazijn.nl\/de\/produkt\/pfortner-stopp-hinter-tur-alfa-156-lr\/\" \/>\n<meta property=\"og:locale\" content=\"de_DE\" \/>\n<meta property=\"og:type\" content=\"article\" \/>\n<meta property=\"og:title\" content=\"T\u00fcrstopper hinter der T\u00fcr Alfa 156 (L+R) - Turijnmagazijn\" \/>\n<meta property=\"og:description\" content=\"T\u00fcrstopper hintere T\u00fcr Alfa 156 (L + R) - T\u00fcrstopp vor dem Anhalten der T\u00fcr, um ein Durchblasen oder zu weites \u00d6ffnen f\u00fcr die hinteren T\u00fcren zu verhindern Alfa Romeo 156 Limousine.\" \/>\n<meta property=\"og:url\" content=\"https:\/\/turijnmagazijn.nl\/de\/produkt\/pfortner-stopp-hinter-tur-alfa-156-lr\/\" \/>\n<meta property=\"og:site_name\" content=\"Turijnmagazijn\" \/>\n<meta property=\"article:publisher\" content=\"https:\/\/www.facebook.com\/turijnmagazijn\" \/>\n<meta property=\"article:modified_time\" content=\"2023-07-26T11:56:26+00:00\" \/>\n<meta property=\"og:image\" content=\"https:\/\/turijnmagazijn.jumpstone-dev.nl\/wp-content\/uploads\/2023\/03\/DK0010137320Portier20stop20achter20portier20Alfa2015620LR203.jpg\" \/>\n\t<meta property=\"og:image:width\" content=\"800\" \/>\n\t<meta property=\"og:image:height\" content=\"600\" \/>\n\t<meta property=\"og:image:type\" content=\"image\/jpeg\" \/>\n<meta name=\"twitter:card\" content=\"summary_large_image\" \/>\n<script type=\"application\/ld+json\" class=\"yoast-schema-graph\">{\"@context\":\"https:\\\/\\\/schema.org\",\"@graph\":[{\"@type\":\"WebPage\",\"@id\":\"https:\\\/\\\/turijnmagazijn.nl\\\/de\\\/produkt\\\/pfortner-stopp-hinter-tur-alfa-156-lr\\\/\",\"url\":\"https:\\\/\\\/turijnmagazijn.nl\\\/de\\\/produkt\\\/pfortner-stopp-hinter-tur-alfa-156-lr\\\/\",\"name\":\"T\u00fcrstopper hinter der T\u00fcr Alfa 156 (L+R) - Turijnmagazijn\",\"isPartOf\":{\"@id\":\"https:\\\/\\\/turijnmagazijn.jumpstone-dev.nl\\\/#website\"},\"primaryImageOfPage\":{\"@id\":\"https:\\\/\\\/turijnmagazijn.nl\\\/de\\\/produkt\\\/pfortner-stopp-hinter-tur-alfa-156-lr\\\/#primaryimage\"},\"image\":{\"@id\":\"https:\\\/\\\/turijnmagazijn.nl\\\/de\\\/produkt\\\/pfortner-stopp-hinter-tur-alfa-156-lr\\\/#primaryimage\"},\"thumbnailUrl\":\"https:\\\/\\\/turijnmagazijn.nl\\\/wp-content\\\/uploads\\\/2023\\\/03\\\/DK0010137320Portier20stop20achter20portier20Alfa2015620LR203.jpg\",\"datePublished\":\"2023-03-03T08:14:17+00:00\",\"dateModified\":\"2023-07-26T11:56:26+00:00\",\"breadcrumb\":{\"@id\":\"https:\\\/\\\/turijnmagazijn.nl\\\/de\\\/produkt\\\/pfortner-stopp-hinter-tur-alfa-156-lr\\\/#breadcrumb\"},\"inLanguage\":\"de\",\"potentialAction\":[{\"@type\":\"ReadAction\",\"target\":[\"https:\\\/\\\/turijnmagazijn.nl\\\/de\\\/produkt\\\/pfortner-stopp-hinter-tur-alfa-156-lr\\\/\"]}]},{\"@type\":\"ImageObject\",\"inLanguage\":\"de\",\"@id\":\"https:\\\/\\\/turijnmagazijn.nl\\\/de\\\/produkt\\\/pfortner-stopp-hinter-tur-alfa-156-lr\\\/#primaryimage\",\"url\":\"https:\\\/\\\/turijnmagazijn.nl\\\/wp-content\\\/uploads\\\/2023\\\/03\\\/DK0010137320Portier20stop20achter20portier20Alfa2015620LR203.jpg\",\"contentUrl\":\"https:\\\/\\\/turijnmagazijn.nl\\\/wp-content\\\/uploads\\\/2023\\\/03\\\/DK0010137320Portier20stop20achter20portier20Alfa2015620LR203.jpg\",\"width\":800,\"height\":600},{\"@type\":\"BreadcrumbList\",\"@id\":\"https:\\\/\\\/turijnmagazijn.nl\\\/de\\\/produkt\\\/pfortner-stopp-hinter-tur-alfa-156-lr\\\/#breadcrumb\",\"itemListElement\":[{\"@type\":\"ListItem\",\"position\":1,\"name\":\"Home\",\"item\":\"https:\\\/\\\/turijnmagazijn.nl\\\/de\\\/\"},{\"@type\":\"ListItem\",\"position\":2,\"name\":\"Produkte\",\"item\":\"https:\\\/\\\/turijnmagazijn.nl\\\/de\\\/shop\\\/\"},{\"@type\":\"ListItem\",\"position\":3,\"name\":\"T\u00fcrstopper hinter der T\u00fcr Alfa 156 (L+R)\"}]},{\"@type\":\"WebSite\",\"@id\":\"https:\\\/\\\/turijnmagazijn.jumpstone-dev.nl\\\/#website\",\"url\":\"https:\\\/\\\/turijnmagazijn.jumpstone-dev.nl\\\/\",\"name\":\"Turijnmagazijn\",\"description\":\"Onderdelen nieuw en gebruikt - Fiat &amp; Lancia\",\"publisher\":{\"@id\":\"https:\\\/\\\/turijnmagazijn.jumpstone-dev.nl\\\/#organization\"},\"potentialAction\":[{\"@type\":\"SearchAction\",\"target\":{\"@type\":\"EntryPoint\",\"urlTemplate\":\"https:\\\/\\\/turijnmagazijn.jumpstone-dev.nl\\\/?s={search_term_string}\"},\"query-input\":{\"@type\":\"PropertyValueSpecification\",\"valueRequired\":true,\"valueName\":\"search_term_string\"}}],\"inLanguage\":\"de\"},{\"@type\":\"Organization\",\"@id\":\"https:\\\/\\\/turijnmagazijn.jumpstone-dev.nl\\\/#organization\",\"name\":\"Turijnmagazijn\",\"url\":\"https:\\\/\\\/turijnmagazijn.jumpstone-dev.nl\\\/\",\"logo\":{\"@type\":\"ImageObject\",\"inLanguage\":\"de\",\"@id\":\"https:\\\/\\\/turijnmagazijn.jumpstone-dev.nl\\\/#\\\/schema\\\/logo\\\/image\\\/\",\"url\":\"https:\\\/\\\/turijnmagazijn.nl\\\/wp-content\\\/uploads\\\/2021\\\/02\\\/turijnmagazijnlogo.png\",\"contentUrl\":\"https:\\\/\\\/turijnmagazijn.nl\\\/wp-content\\\/uploads\\\/2021\\\/02\\\/turijnmagazijnlogo.png\",\"width\":555,\"height\":270,\"caption\":\"Turijnmagazijn\"},\"image\":{\"@id\":\"https:\\\/\\\/turijnmagazijn.jumpstone-dev.nl\\\/#\\\/schema\\\/logo\\\/image\\\/\"},\"sameAs\":[\"https:\\\/\\\/www.facebook.com\\\/turijnmagazijn\"]}]}<\/script>\n<!-- \/ Yoast SEO plugin. -->","yoast_head_json":{"title":"T\u00fcrstopper hinter der T\u00fcr Alfa 156 (L+R) - Turijnmagazijn","robots":{"index":"index","follow":"follow","max-snippet":"max-snippet:-1","max-image-preview":"max-image-preview:large","max-video-preview":"max-video-preview:-1"},"canonical":"https:\/\/turijnmagazijn.nl\/de\/produkt\/pfortner-stopp-hinter-tur-alfa-156-lr\/","og_locale":"de_DE","og_type":"article","og_title":"T\u00fcrstopper hinter der T\u00fcr Alfa 156 (L+R) - Turijnmagazijn","og_description":"T\u00fcrstopper hintere T\u00fcr Alfa 156 (L + R) - T\u00fcrstopp vor dem Anhalten der T\u00fcr, um ein Durchblasen oder zu weites \u00d6ffnen f\u00fcr die hinteren T\u00fcren zu verhindern Alfa Romeo 156 Limousine.","og_url":"https:\/\/turijnmagazijn.nl\/de\/produkt\/pfortner-stopp-hinter-tur-alfa-156-lr\/","og_site_name":"Turijnmagazijn","article_publisher":"https:\/\/www.facebook.com\/turijnmagazijn","article_modified_time":"2023-07-26T11:56:26+00:00","og_image":[{"width":800,"height":600,"url":"https:\/\/turijnmagazijn.jumpstone-dev.nl\/wp-content\/uploads\/2023\/03\/DK0010137320Portier20stop20achter20portier20Alfa2015620LR203.jpg","type":"image\/jpeg"}],"twitter_card":"summary_large_image","schema":{"@context":"https:\/\/schema.org","@graph":[{"@type":"WebPage","@id":"https:\/\/turijnmagazijn.nl\/de\/produkt\/pfortner-stopp-hinter-tur-alfa-156-lr\/","url":"https:\/\/turijnmagazijn.nl\/de\/produkt\/pfortner-stopp-hinter-tur-alfa-156-lr\/","name":"T\u00fcrstopper hinter der T\u00fcr Alfa 156 (L+R) - Turijnmagazijn","isPartOf":{"@id":"https:\/\/turijnmagazijn.jumpstone-dev.nl\/#website"},"primaryImageOfPage":{"@id":"https:\/\/turijnmagazijn.nl\/de\/produkt\/pfortner-stopp-hinter-tur-alfa-156-lr\/#primaryimage"},"image":{"@id":"https:\/\/turijnmagazijn.nl\/de\/produkt\/pfortner-stopp-hinter-tur-alfa-156-lr\/#primaryimage"},"thumbnailUrl":"https:\/\/turijnmagazijn.nl\/wp-content\/uploads\/2023\/03\/DK0010137320Portier20stop20achter20portier20Alfa2015620LR203.jpg","datePublished":"2023-03-03T08:14:17+00:00","dateModified":"2023-07-26T11:56:26+00:00","breadcrumb":{"@id":"https:\/\/turijnmagazijn.nl\/de\/produkt\/pfortner-stopp-hinter-tur-alfa-156-lr\/#breadcrumb"},"inLanguage":"de","potentialAction":[{"@type":"ReadAction","target":["https:\/\/turijnmagazijn.nl\/de\/produkt\/pfortner-stopp-hinter-tur-alfa-156-lr\/"]}]},{"@type":"ImageObject","inLanguage":"de","@id":"https:\/\/turijnmagazijn.nl\/de\/produkt\/pfortner-stopp-hinter-tur-alfa-156-lr\/#primaryimage","url":"https:\/\/turijnmagazijn.nl\/wp-content\/uploads\/2023\/03\/DK0010137320Portier20stop20achter20portier20Alfa2015620LR203.jpg","contentUrl":"https:\/\/turijnmagazijn.nl\/wp-content\/uploads\/2023\/03\/DK0010137320Portier20stop20achter20portier20Alfa2015620LR203.jpg","width":800,"height":600},{"@type":"BreadcrumbList","@id":"https:\/\/turijnmagazijn.nl\/de\/produkt\/pfortner-stopp-hinter-tur-alfa-156-lr\/#breadcrumb","itemListElement":[{"@type":"ListItem","position":1,"name":"Home","item":"https:\/\/turijnmagazijn.nl\/de\/"},{"@type":"ListItem","position":2,"name":"Produkte","item":"https:\/\/turijnmagazijn.nl\/de\/shop\/"},{"@type":"ListItem","position":3,"name":"T\u00fcrstopper hinter der T\u00fcr Alfa 156 (L+R)"}]},{"@type":"WebSite","@id":"https:\/\/turijnmagazijn.jumpstone-dev.nl\/#website","url":"https:\/\/turijnmagazijn.jumpstone-dev.nl\/","name":"Turijnmagazijn","description":"Onderdelen nieuw en gebruikt - Fiat &amp; Lancia","publisher":{"@id":"https:\/\/turijnmagazijn.jumpstone-dev.nl\/#organization"},"potentialAction":[{"@type":"SearchAction","target":{"@type":"EntryPoint","urlTemplate":"https:\/\/turijnmagazijn.jumpstone-dev.nl\/?s={search_term_string}"},"query-input":{"@type":"PropertyValueSpecification","valueRequired":true,"valueName":"search_term_string"}}],"inLanguage":"de"},{"@type":"Organization","@id":"https:\/\/turijnmagazijn.jumpstone-dev.nl\/#organization","name":"Turijnmagazijn","url":"https:\/\/turijnmagazijn.jumpstone-dev.nl\/","logo":{"@type":"ImageObject","inLanguage":"de","@id":"https:\/\/turijnmagazijn.jumpstone-dev.nl\/#\/schema\/logo\/image\/","url":"https:\/\/turijnmagazijn.nl\/wp-content\/uploads\/2021\/02\/turijnmagazijnlogo.png","contentUrl":"https:\/\/turijnmagazijn.nl\/wp-content\/uploads\/2021\/02\/turijnmagazijnlogo.png","width":555,"height":270,"caption":"Turijnmagazijn"},"image":{"@id":"https:\/\/turijnmagazijn.jumpstone-dev.nl\/#\/schema\/logo\/image\/"},"sameAs":["https:\/\/www.facebook.com\/turijnmagazijn"]}]}},"_links":{"self":[{"href":"https:\/\/turijnmagazijn.nl\/de\/wp-json\/wp\/v2\/product\/63520","targetHints":{"allow":["GET"]}}],"collection":[{"href":"https:\/\/turijnmagazijn.nl\/de\/wp-json\/wp\/v2\/product"}],"about":[{"href":"https:\/\/turijnmagazijn.nl\/de\/wp-json\/wp\/v2\/types\/product"}],"replies":[{"embeddable":true,"href":"https:\/\/turijnmagazijn.nl\/de\/wp-json\/wp\/v2\/comments?post=63520"}],"wp:featuredmedia":[{"embeddable":true,"href":"https:\/\/turijnmagazijn.nl\/de\/wp-json\/wp\/v2\/media\/41037"}],"wp:attachment":[{"href":"https:\/\/turijnmagazijn.nl\/de\/wp-json\/wp\/v2\/media?parent=63520"}],"wp:term":[{"taxonomy":"product_brand","embeddable":true,"href":"https:\/\/turijnmagazijn.nl\/de\/wp-json\/wp\/v2\/product_brand?post=63520"},{"taxonomy":"product_cat","embeddable":true,"href":"https:\/\/turijnmagazijn.nl\/de\/wp-json\/wp\/v2\/product_cat?post=63520"},{"taxonomy":"product_tag","embeddable":true,"href":"https:\/\/turijnmagazijn.nl\/de\/wp-json\/wp\/v2\/product_tag?post=63520"}],"curies":[{"name":"wp","href":"https:\/\/api.w.org\/{rel}","templated":true}]}}