{"id":63616,"date":"2023-03-03T09:14:18","date_gmt":"2023-03-03T08:14:18","guid":{"rendered":"https:\/\/turijnmagazijn.nl\/product\/schlossset-mit-handsender-fiat-stilo-3drs\/"},"modified":"2023-07-26T13:57:20","modified_gmt":"2023-07-26T11:57:20","slug":"schlosser-mit-handsender-fiat-stilo-3drs","status":"publish","type":"product","link":"https:\/\/turijnmagazijn.nl\/de\/produkt\/schlosser-mit-handsender-fiat-stilo-3drs\/","title":{"rendered":"Schlossset mit Handsender Fiat Stilo 3drs"},"content":{"rendered":"<p><span style=\"font-size: 12px;\">Schlossset f\u00fcr 3 T\u00fcren Fiat Stilo bestehend aus:<\/span><\/p>\n<\/p>\n<ul>\n<li><span style=\"font-size: 12px;\">1 Schl\u00fcssel mit eingebautem Handsender zum \u00d6ffnen der Fernbedienung 71738117<\/span><\/li>\n<li><span style=\"font-size: 12px;\">1 K\u00f6rpercomputer. 517Fiat, Fiat &gt; Barchetta [183],62 Der Karosseriecomputer enth\u00e4lt den Schl\u00fcsselcode des entsprechenden Schl\u00fcssels und wird ben\u00f6tigt, um den Schl\u00fcssel vom Auto akzeptiert zu bekommen.<\/span><\/li>\n<li><span style=\"font-size: 12px;\">1 Schloss f\u00fcr Vordert\u00fcrfahrer 46840039<\/span><\/li>\n<li><span style=\"font-size: 12px;\">1 Z\u00fcndschloss 46760152<\/span><\/li>\n<li><span style=\"font-size: 12px;\">1 Airbag-Schalter mit Schloss (per Schl\u00fcssel bet\u00e4tigt)<\/span><\/li>\n<li><span style=\"font-size: 12px;\">1 Heckklappenschloss 46845813<\/span><\/li>\n<\/ul>\n<p>Stammt aus &nbsp;einem 3-t\u00fcrigen Stilo Abarth 2.4 mit Selespeed Automatik ab Bj. 7\/2003.<\/p>\n<p><span style=\"font-size: 12px;\">Leider gibt es bei diesem Set keine Codekarte und auch das Steuerger\u00e4t ist nicht vorhanden. Um das Schlossset zum Laufen zu bringen, muss das Motorsteuerger\u00e4t von einem Spezialisten neu programmiert werden. Die Neuanordnung von zus\u00e4tzlichen Schl\u00fcsseln ist auch nicht gut.<\/span><\/p>\n<div><\/div>\n","protected":false},"excerpt":{"rendered":"<p>Schlossset mit Handsender Fiat Stilo 3drs &#8211; Schlossset f\u00fcr 3 T\u00fcren Fiat Stilo bestehend aus:1 Schl\u00fcssel mit eingebautem Handsender zum \u00d6ffnen mit Fernbedienung 717381171 K\u00f6rpercomputer.<\/p>\n","protected":false},"featured_media":41261,"comment_status":"open","ping_status":"closed","template":"","meta":{"_acf_changed":false},"product_brand":[],"product_cat":[1770,1689,1762],"product_tag":[],"class_list":{"0":"post-63616","1":"product","2":"type-product","3":"status-publish","4":"has-post-thumbnail","6":"product_cat-abarth-3drs-de","7":"product_cat-fiat-de","8":"product_cat-stilo-192-de","9":"pa_soort-onderdeel-elektronik-und-kabel","10":"pa_soort-onderdeel-karosserie-und-blech","12":"first","13":"instock","14":"shipping-taxable","15":"purchasable","16":"product-type-simple"},"acf":[],"yoast_head":"<!-- This site is optimized with the Yoast SEO plugin v27.2 - https:\/\/yoast.com\/product\/yoast-seo-wordpress\/ -->\n<title>Schlossset mit Handsender Fiat Stilo 3drs - Turijnmagazijn<\/title>\n<meta name=\"robots\" content=\"index, follow, max-snippet:-1, max-image-preview:large, max-video-preview:-1\" \/>\n<link rel=\"canonical\" href=\"https:\/\/turijnmagazijn.nl\/de\/produkt\/schlosser-mit-handsender-fiat-stilo-3drs\/\" \/>\n<meta property=\"og:locale\" content=\"de_DE\" \/>\n<meta property=\"og:type\" content=\"article\" \/>\n<meta property=\"og:title\" content=\"Schlossset mit Handsender Fiat Stilo 3drs - Turijnmagazijn\" \/>\n<meta property=\"og:description\" content=\"Schlossset mit Handsender Fiat Stilo 3drs - Schlossset f\u00fcr 3 T\u00fcren Fiat Stilo bestehend aus:1 Schl\u00fcssel mit eingebautem Handsender zum \u00d6ffnen mit Fernbedienung 717381171 K\u00f6rpercomputer.\" \/>\n<meta property=\"og:url\" content=\"https:\/\/turijnmagazijn.nl\/de\/produkt\/schlosser-mit-handsender-fiat-stilo-3drs\/\" \/>\n<meta property=\"og:site_name\" content=\"Turijnmagazijn\" \/>\n<meta property=\"article:publisher\" content=\"https:\/\/www.facebook.com\/turijnmagazijn\" \/>\n<meta property=\"article:modified_time\" content=\"2023-07-26T11:57:20+00:00\" \/>\n<meta property=\"og:image\" content=\"https:\/\/turijnmagazijn.jumpstone-dev.nl\/wp-content\/uploads\/2023\/03\/DK00101418_Slotenset_Fiat_Stilo_3drs_handzender_2-1-rotated-1.jpg\" \/>\n\t<meta property=\"og:image:width\" content=\"600\" \/>\n\t<meta property=\"og:image:height\" content=\"800\" \/>\n\t<meta property=\"og:image:type\" content=\"image\/jpeg\" \/>\n<meta name=\"twitter:card\" content=\"summary_large_image\" \/>\n<meta name=\"twitter:label1\" content=\"Gesch\u00e4tzte Lesezeit\" \/>\n\t<meta name=\"twitter:data1\" content=\"1\u00a0Minute\" \/>\n<script type=\"application\/ld+json\" class=\"yoast-schema-graph\">{\"@context\":\"https:\/\/schema.org\",\"@graph\":[{\"@type\":\"WebPage\",\"@id\":\"https:\/\/turijnmagazijn.nl\/de\/produkt\/schlosser-mit-handsender-fiat-stilo-3drs\/\",\"url\":\"https:\/\/turijnmagazijn.nl\/de\/produkt\/schlosser-mit-handsender-fiat-stilo-3drs\/\",\"name\":\"Schlossset mit Handsender Fiat Stilo 3drs - Turijnmagazijn\",\"isPartOf\":{\"@id\":\"https:\/\/turijnmagazijn.jumpstone-dev.nl\/#website\"},\"primaryImageOfPage\":{\"@id\":\"https:\/\/turijnmagazijn.nl\/de\/produkt\/schlosser-mit-handsender-fiat-stilo-3drs\/#primaryimage\"},\"image\":{\"@id\":\"https:\/\/turijnmagazijn.nl\/de\/produkt\/schlosser-mit-handsender-fiat-stilo-3drs\/#primaryimage\"},\"thumbnailUrl\":\"https:\/\/turijnmagazijn.nl\/wp-content\/uploads\/2023\/03\/DK00101418_Slotenset_Fiat_Stilo_3drs_handzender_2-1-rotated-1.jpg\",\"datePublished\":\"2023-03-03T08:14:18+00:00\",\"dateModified\":\"2023-07-26T11:57:20+00:00\",\"breadcrumb\":{\"@id\":\"https:\/\/turijnmagazijn.nl\/de\/produkt\/schlosser-mit-handsender-fiat-stilo-3drs\/#breadcrumb\"},\"inLanguage\":\"de\",\"potentialAction\":[{\"@type\":\"ReadAction\",\"target\":[\"https:\/\/turijnmagazijn.nl\/de\/produkt\/schlosser-mit-handsender-fiat-stilo-3drs\/\"]}]},{\"@type\":\"ImageObject\",\"inLanguage\":\"de\",\"@id\":\"https:\/\/turijnmagazijn.nl\/de\/produkt\/schlosser-mit-handsender-fiat-stilo-3drs\/#primaryimage\",\"url\":\"https:\/\/turijnmagazijn.nl\/wp-content\/uploads\/2023\/03\/DK00101418_Slotenset_Fiat_Stilo_3drs_handzender_2-1-rotated-1.jpg\",\"contentUrl\":\"https:\/\/turijnmagazijn.nl\/wp-content\/uploads\/2023\/03\/DK00101418_Slotenset_Fiat_Stilo_3drs_handzender_2-1-rotated-1.jpg\",\"width\":600,\"height\":800},{\"@type\":\"BreadcrumbList\",\"@id\":\"https:\/\/turijnmagazijn.nl\/de\/produkt\/schlosser-mit-handsender-fiat-stilo-3drs\/#breadcrumb\",\"itemListElement\":[{\"@type\":\"ListItem\",\"position\":1,\"name\":\"Home\",\"item\":\"https:\/\/turijnmagazijn.nl\/de\/\"},{\"@type\":\"ListItem\",\"position\":2,\"name\":\"Produkte\",\"item\":\"https:\/\/turijnmagazijn.nl\/de\/shop\/\"},{\"@type\":\"ListItem\",\"position\":3,\"name\":\"Schlossset mit Handsender Fiat Stilo 3drs\"}]},{\"@type\":\"WebSite\",\"@id\":\"https:\/\/turijnmagazijn.jumpstone-dev.nl\/#website\",\"url\":\"https:\/\/turijnmagazijn.jumpstone-dev.nl\/\",\"name\":\"Turijnmagazijn\",\"description\":\"Onderdelen nieuw en gebruikt - Fiat &amp; Lancia\",\"publisher\":{\"@id\":\"https:\/\/turijnmagazijn.jumpstone-dev.nl\/#organization\"},\"potentialAction\":[{\"@type\":\"SearchAction\",\"target\":{\"@type\":\"EntryPoint\",\"urlTemplate\":\"https:\/\/turijnmagazijn.jumpstone-dev.nl\/?s={search_term_string}\"},\"query-input\":{\"@type\":\"PropertyValueSpecification\",\"valueRequired\":true,\"valueName\":\"search_term_string\"}}],\"inLanguage\":\"de\"},{\"@type\":\"Organization\",\"@id\":\"https:\/\/turijnmagazijn.jumpstone-dev.nl\/#organization\",\"name\":\"Turijnmagazijn\",\"url\":\"https:\/\/turijnmagazijn.jumpstone-dev.nl\/\",\"logo\":{\"@type\":\"ImageObject\",\"inLanguage\":\"de\",\"@id\":\"https:\/\/turijnmagazijn.jumpstone-dev.nl\/#\/schema\/logo\/image\/\",\"url\":\"https:\/\/turijnmagazijn.nl\/wp-content\/uploads\/2021\/02\/turijnmagazijnlogo.png\",\"contentUrl\":\"https:\/\/turijnmagazijn.nl\/wp-content\/uploads\/2021\/02\/turijnmagazijnlogo.png\",\"width\":555,\"height\":270,\"caption\":\"Turijnmagazijn\"},\"image\":{\"@id\":\"https:\/\/turijnmagazijn.jumpstone-dev.nl\/#\/schema\/logo\/image\/\"},\"sameAs\":[\"https:\/\/www.facebook.com\/turijnmagazijn\"]}]}<\/script>\n<!-- \/ Yoast SEO plugin. -->","yoast_head_json":{"title":"Schlossset mit Handsender Fiat Stilo 3drs - Turijnmagazijn","robots":{"index":"index","follow":"follow","max-snippet":"max-snippet:-1","max-image-preview":"max-image-preview:large","max-video-preview":"max-video-preview:-1"},"canonical":"https:\/\/turijnmagazijn.nl\/de\/produkt\/schlosser-mit-handsender-fiat-stilo-3drs\/","og_locale":"de_DE","og_type":"article","og_title":"Schlossset mit Handsender Fiat Stilo 3drs - Turijnmagazijn","og_description":"Schlossset mit Handsender Fiat Stilo 3drs - Schlossset f\u00fcr 3 T\u00fcren Fiat Stilo bestehend aus:1 Schl\u00fcssel mit eingebautem Handsender zum \u00d6ffnen mit Fernbedienung 717381171 K\u00f6rpercomputer.","og_url":"https:\/\/turijnmagazijn.nl\/de\/produkt\/schlosser-mit-handsender-fiat-stilo-3drs\/","og_site_name":"Turijnmagazijn","article_publisher":"https:\/\/www.facebook.com\/turijnmagazijn","article_modified_time":"2023-07-26T11:57:20+00:00","og_image":[{"width":600,"height":800,"url":"https:\/\/turijnmagazijn.jumpstone-dev.nl\/wp-content\/uploads\/2023\/03\/DK00101418_Slotenset_Fiat_Stilo_3drs_handzender_2-1-rotated-1.jpg","type":"image\/jpeg"}],"twitter_card":"summary_large_image","twitter_misc":{"Gesch\u00e4tzte Lesezeit":"1\u00a0Minute"},"schema":{"@context":"https:\/\/schema.org","@graph":[{"@type":"WebPage","@id":"https:\/\/turijnmagazijn.nl\/de\/produkt\/schlosser-mit-handsender-fiat-stilo-3drs\/","url":"https:\/\/turijnmagazijn.nl\/de\/produkt\/schlosser-mit-handsender-fiat-stilo-3drs\/","name":"Schlossset mit Handsender Fiat Stilo 3drs - Turijnmagazijn","isPartOf":{"@id":"https:\/\/turijnmagazijn.jumpstone-dev.nl\/#website"},"primaryImageOfPage":{"@id":"https:\/\/turijnmagazijn.nl\/de\/produkt\/schlosser-mit-handsender-fiat-stilo-3drs\/#primaryimage"},"image":{"@id":"https:\/\/turijnmagazijn.nl\/de\/produkt\/schlosser-mit-handsender-fiat-stilo-3drs\/#primaryimage"},"thumbnailUrl":"https:\/\/turijnmagazijn.nl\/wp-content\/uploads\/2023\/03\/DK00101418_Slotenset_Fiat_Stilo_3drs_handzender_2-1-rotated-1.jpg","datePublished":"2023-03-03T08:14:18+00:00","dateModified":"2023-07-26T11:57:20+00:00","breadcrumb":{"@id":"https:\/\/turijnmagazijn.nl\/de\/produkt\/schlosser-mit-handsender-fiat-stilo-3drs\/#breadcrumb"},"inLanguage":"de","potentialAction":[{"@type":"ReadAction","target":["https:\/\/turijnmagazijn.nl\/de\/produkt\/schlosser-mit-handsender-fiat-stilo-3drs\/"]}]},{"@type":"ImageObject","inLanguage":"de","@id":"https:\/\/turijnmagazijn.nl\/de\/produkt\/schlosser-mit-handsender-fiat-stilo-3drs\/#primaryimage","url":"https:\/\/turijnmagazijn.nl\/wp-content\/uploads\/2023\/03\/DK00101418_Slotenset_Fiat_Stilo_3drs_handzender_2-1-rotated-1.jpg","contentUrl":"https:\/\/turijnmagazijn.nl\/wp-content\/uploads\/2023\/03\/DK00101418_Slotenset_Fiat_Stilo_3drs_handzender_2-1-rotated-1.jpg","width":600,"height":800},{"@type":"BreadcrumbList","@id":"https:\/\/turijnmagazijn.nl\/de\/produkt\/schlosser-mit-handsender-fiat-stilo-3drs\/#breadcrumb","itemListElement":[{"@type":"ListItem","position":1,"name":"Home","item":"https:\/\/turijnmagazijn.nl\/de\/"},{"@type":"ListItem","position":2,"name":"Produkte","item":"https:\/\/turijnmagazijn.nl\/de\/shop\/"},{"@type":"ListItem","position":3,"name":"Schlossset mit Handsender Fiat Stilo 3drs"}]},{"@type":"WebSite","@id":"https:\/\/turijnmagazijn.jumpstone-dev.nl\/#website","url":"https:\/\/turijnmagazijn.jumpstone-dev.nl\/","name":"Turijnmagazijn","description":"Onderdelen nieuw en gebruikt - Fiat &amp; Lancia","publisher":{"@id":"https:\/\/turijnmagazijn.jumpstone-dev.nl\/#organization"},"potentialAction":[{"@type":"SearchAction","target":{"@type":"EntryPoint","urlTemplate":"https:\/\/turijnmagazijn.jumpstone-dev.nl\/?s={search_term_string}"},"query-input":{"@type":"PropertyValueSpecification","valueRequired":true,"valueName":"search_term_string"}}],"inLanguage":"de"},{"@type":"Organization","@id":"https:\/\/turijnmagazijn.jumpstone-dev.nl\/#organization","name":"Turijnmagazijn","url":"https:\/\/turijnmagazijn.jumpstone-dev.nl\/","logo":{"@type":"ImageObject","inLanguage":"de","@id":"https:\/\/turijnmagazijn.jumpstone-dev.nl\/#\/schema\/logo\/image\/","url":"https:\/\/turijnmagazijn.nl\/wp-content\/uploads\/2021\/02\/turijnmagazijnlogo.png","contentUrl":"https:\/\/turijnmagazijn.nl\/wp-content\/uploads\/2021\/02\/turijnmagazijnlogo.png","width":555,"height":270,"caption":"Turijnmagazijn"},"image":{"@id":"https:\/\/turijnmagazijn.jumpstone-dev.nl\/#\/schema\/logo\/image\/"},"sameAs":["https:\/\/www.facebook.com\/turijnmagazijn"]}]}},"_links":{"self":[{"href":"https:\/\/turijnmagazijn.nl\/de\/wp-json\/wp\/v2\/product\/63616","targetHints":{"allow":["GET"]}}],"collection":[{"href":"https:\/\/turijnmagazijn.nl\/de\/wp-json\/wp\/v2\/product"}],"about":[{"href":"https:\/\/turijnmagazijn.nl\/de\/wp-json\/wp\/v2\/types\/product"}],"replies":[{"embeddable":true,"href":"https:\/\/turijnmagazijn.nl\/de\/wp-json\/wp\/v2\/comments?post=63616"}],"wp:featuredmedia":[{"embeddable":true,"href":"https:\/\/turijnmagazijn.nl\/de\/wp-json\/wp\/v2\/media\/41261"}],"wp:attachment":[{"href":"https:\/\/turijnmagazijn.nl\/de\/wp-json\/wp\/v2\/media?parent=63616"}],"wp:term":[{"taxonomy":"product_brand","embeddable":true,"href":"https:\/\/turijnmagazijn.nl\/de\/wp-json\/wp\/v2\/product_brand?post=63616"},{"taxonomy":"product_cat","embeddable":true,"href":"https:\/\/turijnmagazijn.nl\/de\/wp-json\/wp\/v2\/product_cat?post=63616"},{"taxonomy":"product_tag","embeddable":true,"href":"https:\/\/turijnmagazijn.nl\/de\/wp-json\/wp\/v2\/product_tag?post=63616"}],"curies":[{"name":"wp","href":"https:\/\/api.w.org\/{rel}","templated":true}]}}