{"id":63631,"date":"2023-03-03T09:14:18","date_gmt":"2023-03-03T08:14:18","guid":{"rendered":"https:\/\/turijnmagazijn.nl\/product\/relais-20a-schwarz-fiat-lancia-alfa-romeo\/"},"modified":"2023-12-04T19:47:39","modified_gmt":"2023-12-04T18:47:39","slug":"relais-20a-schwarz-fiat-lancia-alfa-romeo","status":"publish","type":"product","link":"https:\/\/turijnmagazijn.nl\/de\/produkt\/relais-20a-schwarz-fiat-lancia-alfa-romeo\/","title":{"rendered":"Relais 20A schwarz Fiat Lancia Alfa Romeo"},"content":{"rendered":"<p>20 Ampere schwarze Relais f\u00fcr den Einsatz im Sicherungskasten im Motorraum f\u00fcr Alfa Romeo 147 und Fiat Stilo. Wahrscheinlich in vielf\u00e4ltigeren Modellen von Fiat Lancia und Alfa Romeo verwendet. Er stammt von einem Fiat Stilo Abarth mit 2.4 Benzinmotor Baujahr 2003 und Alfa Romeo 147 mit 1.6 TS Motor Baujahr 2002.<\/p>\n<p>Auch einmal im Kofferraum bei Fiat Stilo verwendet, auf der Ebene des Subwoofers.<\/p>\n<p>Auch verwendet in der Lancia Kappa und Alfa Romeo 166 in den Sicherungskasten Motorraum, dann mit der Nummer 7676504 und in EPER korrigiert unter der Nummer 11130787<\/p>\n<p>Inschriften auf dem schwarzen Relais:<br \/>\nA727<br \/>\n12V E<br \/>\n20A<br \/>\n702.30<br \/>\n46520421<\/p>\n<p>OEM Fiat \/ Alfa Romeo 46520421<\/p>\n","protected":false},"excerpt":{"rendered":"<p>46520421 Relais 20A schwarz Fiat Alfa Romeo &#8211; 20 Ampere schwarzes Relais zur Verwendung im Sicherungskasten im Motorraum f\u00fcr Alfa Romeo 147 und Fiat Stilo.Relais 20A schwarz Fiat Lancia Alfa Romeo &#8211; 20 schwarze Relais zur Verwendung im Sicherungskasten im MotorraumRelais 20<\/p>\n","protected":false},"featured_media":41337,"comment_status":"open","ping_status":"closed","template":"","meta":{"_acf_changed":false},"product_brand":[],"product_cat":[1605,1651,1765,1770,1584,1867,1717,1689,1859,1797,1775,1762,1869],"product_tag":[],"class_list":{"0":"post-63631","1":"product","2":"type-product","3":"status-publish","4":"has-post-thumbnail","6":"product_cat-147-937-de","7":"product_cat-166-936-de","8":"product_cat-5drs-de","9":"product_cat-abarth-3drs-de","10":"product_cat-alfa-romeo-de","11":"product_cat-coupe-de","12":"product_cat-coupe-175-de","13":"product_cat-fiat-de","14":"product_cat-kappa-838-de","15":"product_cat-lancia-de","16":"product_cat-multiwagon-de","17":"product_cat-stilo-192-de","18":"product_cat-sw-de","19":"pa_soort-onderdeel-elektronik-und-kabel","20":"pa_soort-onderdeel-interieur-und-polsterung","22":"first","23":"instock","24":"shipping-taxable","25":"purchasable","26":"product-type-simple"},"acf":[],"yoast_head":"<!-- This site is optimized with the Yoast SEO plugin v27.3 - https:\/\/yoast.com\/product\/yoast-seo-wordpress\/ -->\n<title>Relais 20A schwarz Fiat Lancia Alfa Romeo - Turijnmagazijn<\/title>\n<meta name=\"robots\" content=\"index, follow, max-snippet:-1, max-image-preview:large, max-video-preview:-1\" \/>\n<link rel=\"canonical\" href=\"https:\/\/turijnmagazijn.nl\/de\/produkt\/relais-20a-schwarz-fiat-lancia-alfa-romeo\/\" \/>\n<meta property=\"og:locale\" content=\"de_DE\" \/>\n<meta property=\"og:type\" content=\"article\" \/>\n<meta property=\"og:title\" content=\"Relais 20A schwarz Fiat Lancia Alfa Romeo - Turijnmagazijn\" \/>\n<meta property=\"og:description\" content=\"46520421 Relais 20A schwarz Fiat Alfa Romeo - 20 Ampere schwarzes Relais zur Verwendung im Sicherungskasten im Motorraum f\u00fcr Alfa Romeo 147 und Fiat Stilo.Relais 20A schwarz Fiat Lancia Alfa Romeo - 20 schwarze Relais zur Verwendung im Sicherungskasten im MotorraumRelais 20\" \/>\n<meta property=\"og:url\" content=\"https:\/\/turijnmagazijn.nl\/de\/produkt\/relais-20a-schwarz-fiat-lancia-alfa-romeo\/\" \/>\n<meta property=\"og:site_name\" content=\"Turijnmagazijn\" \/>\n<meta property=\"article:publisher\" content=\"https:\/\/www.facebook.com\/turijnmagazijn\" \/>\n<meta property=\"article:modified_time\" content=\"2023-12-04T18:47:39+00:00\" \/>\n<meta property=\"og:image\" content=\"https:\/\/turijnmagazijn.nl\/wp-content\/uploads\/2023\/03\/DK00101460_Relais_20A_zwart_Fiat_Alfa_Romeo_4-1-rotated-1.jpg\" \/>\n\t<meta property=\"og:image:width\" content=\"600\" \/>\n\t<meta property=\"og:image:height\" content=\"800\" \/>\n\t<meta property=\"og:image:type\" content=\"image\/jpeg\" \/>\n<meta name=\"twitter:card\" content=\"summary_large_image\" \/>\n<script type=\"application\/ld+json\" class=\"yoast-schema-graph\">{\"@context\":\"https:\\\/\\\/schema.org\",\"@graph\":[{\"@type\":\"WebPage\",\"@id\":\"https:\\\/\\\/turijnmagazijn.nl\\\/de\\\/produkt\\\/relais-20a-schwarz-fiat-lancia-alfa-romeo\\\/\",\"url\":\"https:\\\/\\\/turijnmagazijn.nl\\\/de\\\/produkt\\\/relais-20a-schwarz-fiat-lancia-alfa-romeo\\\/\",\"name\":\"Relais 20A schwarz Fiat Lancia Alfa Romeo - Turijnmagazijn\",\"isPartOf\":{\"@id\":\"https:\\\/\\\/turijnmagazijn.jumpstone-dev.nl\\\/#website\"},\"primaryImageOfPage\":{\"@id\":\"https:\\\/\\\/turijnmagazijn.nl\\\/de\\\/produkt\\\/relais-20a-schwarz-fiat-lancia-alfa-romeo\\\/#primaryimage\"},\"image\":{\"@id\":\"https:\\\/\\\/turijnmagazijn.nl\\\/de\\\/produkt\\\/relais-20a-schwarz-fiat-lancia-alfa-romeo\\\/#primaryimage\"},\"thumbnailUrl\":\"https:\\\/\\\/turijnmagazijn.nl\\\/wp-content\\\/uploads\\\/2023\\\/03\\\/DK00101460_Relais_20A_zwart_Fiat_Alfa_Romeo_4-1-rotated-1.jpg\",\"datePublished\":\"2023-03-03T08:14:18+00:00\",\"dateModified\":\"2023-12-04T18:47:39+00:00\",\"breadcrumb\":{\"@id\":\"https:\\\/\\\/turijnmagazijn.nl\\\/de\\\/produkt\\\/relais-20a-schwarz-fiat-lancia-alfa-romeo\\\/#breadcrumb\"},\"inLanguage\":\"de\",\"potentialAction\":[{\"@type\":\"ReadAction\",\"target\":[\"https:\\\/\\\/turijnmagazijn.nl\\\/de\\\/produkt\\\/relais-20a-schwarz-fiat-lancia-alfa-romeo\\\/\"]}]},{\"@type\":\"ImageObject\",\"inLanguage\":\"de\",\"@id\":\"https:\\\/\\\/turijnmagazijn.nl\\\/de\\\/produkt\\\/relais-20a-schwarz-fiat-lancia-alfa-romeo\\\/#primaryimage\",\"url\":\"https:\\\/\\\/turijnmagazijn.nl\\\/wp-content\\\/uploads\\\/2023\\\/03\\\/DK00101460_Relais_20A_zwart_Fiat_Alfa_Romeo_4-1-rotated-1.jpg\",\"contentUrl\":\"https:\\\/\\\/turijnmagazijn.nl\\\/wp-content\\\/uploads\\\/2023\\\/03\\\/DK00101460_Relais_20A_zwart_Fiat_Alfa_Romeo_4-1-rotated-1.jpg\",\"width\":600,\"height\":800},{\"@type\":\"BreadcrumbList\",\"@id\":\"https:\\\/\\\/turijnmagazijn.nl\\\/de\\\/produkt\\\/relais-20a-schwarz-fiat-lancia-alfa-romeo\\\/#breadcrumb\",\"itemListElement\":[{\"@type\":\"ListItem\",\"position\":1,\"name\":\"Home\",\"item\":\"https:\\\/\\\/turijnmagazijn.nl\\\/de\\\/\"},{\"@type\":\"ListItem\",\"position\":2,\"name\":\"Produkte\",\"item\":\"https:\\\/\\\/turijnmagazijn.nl\\\/de\\\/shop\\\/\"},{\"@type\":\"ListItem\",\"position\":3,\"name\":\"Relais 20A schwarz Fiat Lancia Alfa Romeo\"}]},{\"@type\":\"WebSite\",\"@id\":\"https:\\\/\\\/turijnmagazijn.jumpstone-dev.nl\\\/#website\",\"url\":\"https:\\\/\\\/turijnmagazijn.jumpstone-dev.nl\\\/\",\"name\":\"Turijnmagazijn\",\"description\":\"Onderdelen nieuw en gebruikt - Fiat &amp; Lancia\",\"publisher\":{\"@id\":\"https:\\\/\\\/turijnmagazijn.jumpstone-dev.nl\\\/#organization\"},\"potentialAction\":[{\"@type\":\"SearchAction\",\"target\":{\"@type\":\"EntryPoint\",\"urlTemplate\":\"https:\\\/\\\/turijnmagazijn.jumpstone-dev.nl\\\/?s={search_term_string}\"},\"query-input\":{\"@type\":\"PropertyValueSpecification\",\"valueRequired\":true,\"valueName\":\"search_term_string\"}}],\"inLanguage\":\"de\"},{\"@type\":\"Organization\",\"@id\":\"https:\\\/\\\/turijnmagazijn.jumpstone-dev.nl\\\/#organization\",\"name\":\"Turijnmagazijn\",\"url\":\"https:\\\/\\\/turijnmagazijn.jumpstone-dev.nl\\\/\",\"logo\":{\"@type\":\"ImageObject\",\"inLanguage\":\"de\",\"@id\":\"https:\\\/\\\/turijnmagazijn.jumpstone-dev.nl\\\/#\\\/schema\\\/logo\\\/image\\\/\",\"url\":\"https:\\\/\\\/turijnmagazijn.nl\\\/wp-content\\\/uploads\\\/2021\\\/02\\\/turijnmagazijnlogo.png\",\"contentUrl\":\"https:\\\/\\\/turijnmagazijn.nl\\\/wp-content\\\/uploads\\\/2021\\\/02\\\/turijnmagazijnlogo.png\",\"width\":555,\"height\":270,\"caption\":\"Turijnmagazijn\"},\"image\":{\"@id\":\"https:\\\/\\\/turijnmagazijn.jumpstone-dev.nl\\\/#\\\/schema\\\/logo\\\/image\\\/\"},\"sameAs\":[\"https:\\\/\\\/www.facebook.com\\\/turijnmagazijn\"]}]}<\/script>\n<!-- \/ Yoast SEO plugin. -->","yoast_head_json":{"title":"Relais 20A schwarz Fiat Lancia Alfa Romeo - Turijnmagazijn","robots":{"index":"index","follow":"follow","max-snippet":"max-snippet:-1","max-image-preview":"max-image-preview:large","max-video-preview":"max-video-preview:-1"},"canonical":"https:\/\/turijnmagazijn.nl\/de\/produkt\/relais-20a-schwarz-fiat-lancia-alfa-romeo\/","og_locale":"de_DE","og_type":"article","og_title":"Relais 20A schwarz Fiat Lancia Alfa Romeo - Turijnmagazijn","og_description":"46520421 Relais 20A schwarz Fiat Alfa Romeo - 20 Ampere schwarzes Relais zur Verwendung im Sicherungskasten im Motorraum f\u00fcr Alfa Romeo 147 und Fiat Stilo.Relais 20A schwarz Fiat Lancia Alfa Romeo - 20 schwarze Relais zur Verwendung im Sicherungskasten im MotorraumRelais 20","og_url":"https:\/\/turijnmagazijn.nl\/de\/produkt\/relais-20a-schwarz-fiat-lancia-alfa-romeo\/","og_site_name":"Turijnmagazijn","article_publisher":"https:\/\/www.facebook.com\/turijnmagazijn","article_modified_time":"2023-12-04T18:47:39+00:00","og_image":[{"width":600,"height":800,"url":"https:\/\/turijnmagazijn.nl\/wp-content\/uploads\/2023\/03\/DK00101460_Relais_20A_zwart_Fiat_Alfa_Romeo_4-1-rotated-1.jpg","type":"image\/jpeg"}],"twitter_card":"summary_large_image","schema":{"@context":"https:\/\/schema.org","@graph":[{"@type":"WebPage","@id":"https:\/\/turijnmagazijn.nl\/de\/produkt\/relais-20a-schwarz-fiat-lancia-alfa-romeo\/","url":"https:\/\/turijnmagazijn.nl\/de\/produkt\/relais-20a-schwarz-fiat-lancia-alfa-romeo\/","name":"Relais 20A schwarz Fiat Lancia Alfa Romeo - Turijnmagazijn","isPartOf":{"@id":"https:\/\/turijnmagazijn.jumpstone-dev.nl\/#website"},"primaryImageOfPage":{"@id":"https:\/\/turijnmagazijn.nl\/de\/produkt\/relais-20a-schwarz-fiat-lancia-alfa-romeo\/#primaryimage"},"image":{"@id":"https:\/\/turijnmagazijn.nl\/de\/produkt\/relais-20a-schwarz-fiat-lancia-alfa-romeo\/#primaryimage"},"thumbnailUrl":"https:\/\/turijnmagazijn.nl\/wp-content\/uploads\/2023\/03\/DK00101460_Relais_20A_zwart_Fiat_Alfa_Romeo_4-1-rotated-1.jpg","datePublished":"2023-03-03T08:14:18+00:00","dateModified":"2023-12-04T18:47:39+00:00","breadcrumb":{"@id":"https:\/\/turijnmagazijn.nl\/de\/produkt\/relais-20a-schwarz-fiat-lancia-alfa-romeo\/#breadcrumb"},"inLanguage":"de","potentialAction":[{"@type":"ReadAction","target":["https:\/\/turijnmagazijn.nl\/de\/produkt\/relais-20a-schwarz-fiat-lancia-alfa-romeo\/"]}]},{"@type":"ImageObject","inLanguage":"de","@id":"https:\/\/turijnmagazijn.nl\/de\/produkt\/relais-20a-schwarz-fiat-lancia-alfa-romeo\/#primaryimage","url":"https:\/\/turijnmagazijn.nl\/wp-content\/uploads\/2023\/03\/DK00101460_Relais_20A_zwart_Fiat_Alfa_Romeo_4-1-rotated-1.jpg","contentUrl":"https:\/\/turijnmagazijn.nl\/wp-content\/uploads\/2023\/03\/DK00101460_Relais_20A_zwart_Fiat_Alfa_Romeo_4-1-rotated-1.jpg","width":600,"height":800},{"@type":"BreadcrumbList","@id":"https:\/\/turijnmagazijn.nl\/de\/produkt\/relais-20a-schwarz-fiat-lancia-alfa-romeo\/#breadcrumb","itemListElement":[{"@type":"ListItem","position":1,"name":"Home","item":"https:\/\/turijnmagazijn.nl\/de\/"},{"@type":"ListItem","position":2,"name":"Produkte","item":"https:\/\/turijnmagazijn.nl\/de\/shop\/"},{"@type":"ListItem","position":3,"name":"Relais 20A schwarz Fiat Lancia Alfa Romeo"}]},{"@type":"WebSite","@id":"https:\/\/turijnmagazijn.jumpstone-dev.nl\/#website","url":"https:\/\/turijnmagazijn.jumpstone-dev.nl\/","name":"Turijnmagazijn","description":"Onderdelen nieuw en gebruikt - Fiat &amp; Lancia","publisher":{"@id":"https:\/\/turijnmagazijn.jumpstone-dev.nl\/#organization"},"potentialAction":[{"@type":"SearchAction","target":{"@type":"EntryPoint","urlTemplate":"https:\/\/turijnmagazijn.jumpstone-dev.nl\/?s={search_term_string}"},"query-input":{"@type":"PropertyValueSpecification","valueRequired":true,"valueName":"search_term_string"}}],"inLanguage":"de"},{"@type":"Organization","@id":"https:\/\/turijnmagazijn.jumpstone-dev.nl\/#organization","name":"Turijnmagazijn","url":"https:\/\/turijnmagazijn.jumpstone-dev.nl\/","logo":{"@type":"ImageObject","inLanguage":"de","@id":"https:\/\/turijnmagazijn.jumpstone-dev.nl\/#\/schema\/logo\/image\/","url":"https:\/\/turijnmagazijn.nl\/wp-content\/uploads\/2021\/02\/turijnmagazijnlogo.png","contentUrl":"https:\/\/turijnmagazijn.nl\/wp-content\/uploads\/2021\/02\/turijnmagazijnlogo.png","width":555,"height":270,"caption":"Turijnmagazijn"},"image":{"@id":"https:\/\/turijnmagazijn.jumpstone-dev.nl\/#\/schema\/logo\/image\/"},"sameAs":["https:\/\/www.facebook.com\/turijnmagazijn"]}]}},"_links":{"self":[{"href":"https:\/\/turijnmagazijn.nl\/de\/wp-json\/wp\/v2\/product\/63631","targetHints":{"allow":["GET"]}}],"collection":[{"href":"https:\/\/turijnmagazijn.nl\/de\/wp-json\/wp\/v2\/product"}],"about":[{"href":"https:\/\/turijnmagazijn.nl\/de\/wp-json\/wp\/v2\/types\/product"}],"replies":[{"embeddable":true,"href":"https:\/\/turijnmagazijn.nl\/de\/wp-json\/wp\/v2\/comments?post=63631"}],"wp:featuredmedia":[{"embeddable":true,"href":"https:\/\/turijnmagazijn.nl\/de\/wp-json\/wp\/v2\/media\/41337"}],"wp:attachment":[{"href":"https:\/\/turijnmagazijn.nl\/de\/wp-json\/wp\/v2\/media?parent=63631"}],"wp:term":[{"taxonomy":"product_brand","embeddable":true,"href":"https:\/\/turijnmagazijn.nl\/de\/wp-json\/wp\/v2\/product_brand?post=63631"},{"taxonomy":"product_cat","embeddable":true,"href":"https:\/\/turijnmagazijn.nl\/de\/wp-json\/wp\/v2\/product_cat?post=63631"},{"taxonomy":"product_tag","embeddable":true,"href":"https:\/\/turijnmagazijn.nl\/de\/wp-json\/wp\/v2\/product_tag?post=63631"}],"curies":[{"name":"wp","href":"https:\/\/api.w.org\/{rel}","templated":true}]}}