{"id":63682,"date":"2023-03-03T09:14:40","date_gmt":"2023-03-03T08:14:40","guid":{"rendered":"https:\/\/turijnmagazijn.nl\/product\/gasfedern-motorhaube-fiat-stilo-3drs-satz\/"},"modified":"2023-07-26T13:59:04","modified_gmt":"2023-07-26T11:59:04","slug":"gasfedern-motorhaube-fiat-stilo-3drs-satz","status":"publish","type":"product","link":"https:\/\/turijnmagazijn.nl\/de\/produkt\/gasfedern-motorhaube-fiat-stilo-3drs-satz\/","title":{"rendered":"Gasfedern Motorhaube Fiat Stilo 3drs (Satz)"},"content":{"rendered":"<p><span style=\"font-size: 12px;\">Set mit 2 Gasfedern f\u00fcr die Motorhaube eines Fiat Stilo in 3-t\u00fcriger Version. Die Gasfedern funktionieren gut, haben immer noch den richtigen Arbeitsdruck, um die Heckklappe m\u00fchelos zu \u00f6ffnen und zeigen keine Leckagen. Von einem Auto mit Werksspoiler ausgestattet, Gasdruck 250 N.<\/span><\/p>\n<p>Aufschrift auf Gasdruckfedern:<\/p>\n<\/p>\n<ul>\n<li><span style=\"font-size: 12px;\">Stabilus Lift-o-mat<\/span><\/li>\n<li><span style=\"font-size: 12px;\">B418<\/span><\/li>\n<li>8357NO<\/li>\n<li>250 N<\/li>\n<li>46784590<\/li>\n<\/ul>\n<p><\/p>\n<p>OEM-Nummer Alfa Romeo&nbsp;<span style=\"font-size: 12px;\">46784590<\/span><\/p>\n","protected":false},"excerpt":{"rendered":"<p>Gasfedern Heckklappe Fiat Stilo 3drs (Set) &#8211; Set mit 2 Gasfedern f\u00fcr die Heckklappe eines Fiat Stilo in 3-t\u00fcriger Version. Gasfedern Motorhaube Fiat Stilo 3drs (Set) &#8211; Set mit 2 Gasfedern f\u00fcr die Motorhaube eines Fiat Stilo in 3-t\u00fcriger Version.<\/p>\n","protected":false},"featured_media":41621,"comment_status":"open","ping_status":"closed","template":"","meta":{"_acf_changed":false},"product_brand":[],"product_cat":[1770,1689,1762],"product_tag":[],"class_list":{"0":"post-63682","1":"product","2":"type-product","3":"status-publish","4":"has-post-thumbnail","6":"product_cat-abarth-3drs-de","7":"product_cat-fiat-de","8":"product_cat-stilo-192-de","9":"pa_soort-onderdeel-karosserie-und-blech","10":"pa_soort-onderdeel-motor-und-zubehor","12":"first","13":"instock","14":"shipping-taxable","15":"purchasable","16":"product-type-simple"},"acf":[],"yoast_head":"<!-- This site is optimized with the Yoast SEO plugin v27.2 - https:\/\/yoast.com\/product\/yoast-seo-wordpress\/ -->\n<title>Gasfedern Motorhaube Fiat Stilo 3drs (Satz) - Turijnmagazijn<\/title>\n<meta name=\"robots\" content=\"index, follow, max-snippet:-1, max-image-preview:large, max-video-preview:-1\" \/>\n<link rel=\"canonical\" href=\"https:\/\/turijnmagazijn.nl\/de\/produkt\/gasfedern-motorhaube-fiat-stilo-3drs-satz\/\" \/>\n<meta property=\"og:locale\" content=\"de_DE\" \/>\n<meta property=\"og:type\" content=\"article\" \/>\n<meta property=\"og:title\" content=\"Gasfedern Motorhaube Fiat Stilo 3drs (Satz) - Turijnmagazijn\" \/>\n<meta property=\"og:description\" content=\"Gasfedern Heckklappe Fiat Stilo 3drs (Set) - Set mit 2 Gasfedern f\u00fcr die Heckklappe eines Fiat Stilo in 3-t\u00fcriger Version. Gasfedern Motorhaube Fiat Stilo 3drs (Set) - Set mit 2 Gasfedern f\u00fcr die Motorhaube eines Fiat Stilo in 3-t\u00fcriger Version.\" \/>\n<meta property=\"og:url\" content=\"https:\/\/turijnmagazijn.nl\/de\/produkt\/gasfedern-motorhaube-fiat-stilo-3drs-satz\/\" \/>\n<meta property=\"og:site_name\" content=\"Turijnmagazijn\" \/>\n<meta property=\"article:publisher\" content=\"https:\/\/www.facebook.com\/turijnmagazijn\" \/>\n<meta property=\"article:modified_time\" content=\"2023-07-26T11:59:04+00:00\" \/>\n<meta property=\"og:image\" content=\"https:\/\/turijnmagazijn.jumpstone-dev.nl\/wp-content\/uploads\/2023\/03\/DK00101512_Gasveren_motorkap_Fiat_Stilo_3drs_set_3-1.jpg\" \/>\n\t<meta property=\"og:image:width\" content=\"800\" \/>\n\t<meta property=\"og:image:height\" content=\"600\" \/>\n\t<meta property=\"og:image:type\" content=\"image\/jpeg\" \/>\n<meta name=\"twitter:card\" content=\"summary_large_image\" \/>\n<script type=\"application\/ld+json\" class=\"yoast-schema-graph\">{\"@context\":\"https:\/\/schema.org\",\"@graph\":[{\"@type\":\"WebPage\",\"@id\":\"https:\/\/turijnmagazijn.nl\/de\/produkt\/gasfedern-motorhaube-fiat-stilo-3drs-satz\/\",\"url\":\"https:\/\/turijnmagazijn.nl\/de\/produkt\/gasfedern-motorhaube-fiat-stilo-3drs-satz\/\",\"name\":\"Gasfedern Motorhaube Fiat Stilo 3drs (Satz) - Turijnmagazijn\",\"isPartOf\":{\"@id\":\"https:\/\/turijnmagazijn.jumpstone-dev.nl\/#website\"},\"primaryImageOfPage\":{\"@id\":\"https:\/\/turijnmagazijn.nl\/de\/produkt\/gasfedern-motorhaube-fiat-stilo-3drs-satz\/#primaryimage\"},\"image\":{\"@id\":\"https:\/\/turijnmagazijn.nl\/de\/produkt\/gasfedern-motorhaube-fiat-stilo-3drs-satz\/#primaryimage\"},\"thumbnailUrl\":\"https:\/\/turijnmagazijn.nl\/wp-content\/uploads\/2023\/03\/DK00101512_Gasveren_motorkap_Fiat_Stilo_3drs_set_3-1.jpg\",\"datePublished\":\"2023-03-03T08:14:40+00:00\",\"dateModified\":\"2023-07-26T11:59:04+00:00\",\"breadcrumb\":{\"@id\":\"https:\/\/turijnmagazijn.nl\/de\/produkt\/gasfedern-motorhaube-fiat-stilo-3drs-satz\/#breadcrumb\"},\"inLanguage\":\"de\",\"potentialAction\":[{\"@type\":\"ReadAction\",\"target\":[\"https:\/\/turijnmagazijn.nl\/de\/produkt\/gasfedern-motorhaube-fiat-stilo-3drs-satz\/\"]}]},{\"@type\":\"ImageObject\",\"inLanguage\":\"de\",\"@id\":\"https:\/\/turijnmagazijn.nl\/de\/produkt\/gasfedern-motorhaube-fiat-stilo-3drs-satz\/#primaryimage\",\"url\":\"https:\/\/turijnmagazijn.nl\/wp-content\/uploads\/2023\/03\/DK00101512_Gasveren_motorkap_Fiat_Stilo_3drs_set_3-1.jpg\",\"contentUrl\":\"https:\/\/turijnmagazijn.nl\/wp-content\/uploads\/2023\/03\/DK00101512_Gasveren_motorkap_Fiat_Stilo_3drs_set_3-1.jpg\",\"width\":800,\"height\":600},{\"@type\":\"BreadcrumbList\",\"@id\":\"https:\/\/turijnmagazijn.nl\/de\/produkt\/gasfedern-motorhaube-fiat-stilo-3drs-satz\/#breadcrumb\",\"itemListElement\":[{\"@type\":\"ListItem\",\"position\":1,\"name\":\"Home\",\"item\":\"https:\/\/turijnmagazijn.nl\/de\/\"},{\"@type\":\"ListItem\",\"position\":2,\"name\":\"Produkte\",\"item\":\"https:\/\/turijnmagazijn.nl\/de\/shop\/\"},{\"@type\":\"ListItem\",\"position\":3,\"name\":\"Gasfedern Motorhaube Fiat Stilo 3drs (Satz)\"}]},{\"@type\":\"WebSite\",\"@id\":\"https:\/\/turijnmagazijn.jumpstone-dev.nl\/#website\",\"url\":\"https:\/\/turijnmagazijn.jumpstone-dev.nl\/\",\"name\":\"Turijnmagazijn\",\"description\":\"Onderdelen nieuw en gebruikt - Fiat &amp; Lancia\",\"publisher\":{\"@id\":\"https:\/\/turijnmagazijn.jumpstone-dev.nl\/#organization\"},\"potentialAction\":[{\"@type\":\"SearchAction\",\"target\":{\"@type\":\"EntryPoint\",\"urlTemplate\":\"https:\/\/turijnmagazijn.jumpstone-dev.nl\/?s={search_term_string}\"},\"query-input\":{\"@type\":\"PropertyValueSpecification\",\"valueRequired\":true,\"valueName\":\"search_term_string\"}}],\"inLanguage\":\"de\"},{\"@type\":\"Organization\",\"@id\":\"https:\/\/turijnmagazijn.jumpstone-dev.nl\/#organization\",\"name\":\"Turijnmagazijn\",\"url\":\"https:\/\/turijnmagazijn.jumpstone-dev.nl\/\",\"logo\":{\"@type\":\"ImageObject\",\"inLanguage\":\"de\",\"@id\":\"https:\/\/turijnmagazijn.jumpstone-dev.nl\/#\/schema\/logo\/image\/\",\"url\":\"https:\/\/turijnmagazijn.nl\/wp-content\/uploads\/2021\/02\/turijnmagazijnlogo.png\",\"contentUrl\":\"https:\/\/turijnmagazijn.nl\/wp-content\/uploads\/2021\/02\/turijnmagazijnlogo.png\",\"width\":555,\"height\":270,\"caption\":\"Turijnmagazijn\"},\"image\":{\"@id\":\"https:\/\/turijnmagazijn.jumpstone-dev.nl\/#\/schema\/logo\/image\/\"},\"sameAs\":[\"https:\/\/www.facebook.com\/turijnmagazijn\"]}]}<\/script>\n<!-- \/ Yoast SEO plugin. -->","yoast_head_json":{"title":"Gasfedern Motorhaube Fiat Stilo 3drs (Satz) - Turijnmagazijn","robots":{"index":"index","follow":"follow","max-snippet":"max-snippet:-1","max-image-preview":"max-image-preview:large","max-video-preview":"max-video-preview:-1"},"canonical":"https:\/\/turijnmagazijn.nl\/de\/produkt\/gasfedern-motorhaube-fiat-stilo-3drs-satz\/","og_locale":"de_DE","og_type":"article","og_title":"Gasfedern Motorhaube Fiat Stilo 3drs (Satz) - Turijnmagazijn","og_description":"Gasfedern Heckklappe Fiat Stilo 3drs (Set) - Set mit 2 Gasfedern f\u00fcr die Heckklappe eines Fiat Stilo in 3-t\u00fcriger Version. Gasfedern Motorhaube Fiat Stilo 3drs (Set) - Set mit 2 Gasfedern f\u00fcr die Motorhaube eines Fiat Stilo in 3-t\u00fcriger Version.","og_url":"https:\/\/turijnmagazijn.nl\/de\/produkt\/gasfedern-motorhaube-fiat-stilo-3drs-satz\/","og_site_name":"Turijnmagazijn","article_publisher":"https:\/\/www.facebook.com\/turijnmagazijn","article_modified_time":"2023-07-26T11:59:04+00:00","og_image":[{"width":800,"height":600,"url":"https:\/\/turijnmagazijn.jumpstone-dev.nl\/wp-content\/uploads\/2023\/03\/DK00101512_Gasveren_motorkap_Fiat_Stilo_3drs_set_3-1.jpg","type":"image\/jpeg"}],"twitter_card":"summary_large_image","schema":{"@context":"https:\/\/schema.org","@graph":[{"@type":"WebPage","@id":"https:\/\/turijnmagazijn.nl\/de\/produkt\/gasfedern-motorhaube-fiat-stilo-3drs-satz\/","url":"https:\/\/turijnmagazijn.nl\/de\/produkt\/gasfedern-motorhaube-fiat-stilo-3drs-satz\/","name":"Gasfedern Motorhaube Fiat Stilo 3drs (Satz) - Turijnmagazijn","isPartOf":{"@id":"https:\/\/turijnmagazijn.jumpstone-dev.nl\/#website"},"primaryImageOfPage":{"@id":"https:\/\/turijnmagazijn.nl\/de\/produkt\/gasfedern-motorhaube-fiat-stilo-3drs-satz\/#primaryimage"},"image":{"@id":"https:\/\/turijnmagazijn.nl\/de\/produkt\/gasfedern-motorhaube-fiat-stilo-3drs-satz\/#primaryimage"},"thumbnailUrl":"https:\/\/turijnmagazijn.nl\/wp-content\/uploads\/2023\/03\/DK00101512_Gasveren_motorkap_Fiat_Stilo_3drs_set_3-1.jpg","datePublished":"2023-03-03T08:14:40+00:00","dateModified":"2023-07-26T11:59:04+00:00","breadcrumb":{"@id":"https:\/\/turijnmagazijn.nl\/de\/produkt\/gasfedern-motorhaube-fiat-stilo-3drs-satz\/#breadcrumb"},"inLanguage":"de","potentialAction":[{"@type":"ReadAction","target":["https:\/\/turijnmagazijn.nl\/de\/produkt\/gasfedern-motorhaube-fiat-stilo-3drs-satz\/"]}]},{"@type":"ImageObject","inLanguage":"de","@id":"https:\/\/turijnmagazijn.nl\/de\/produkt\/gasfedern-motorhaube-fiat-stilo-3drs-satz\/#primaryimage","url":"https:\/\/turijnmagazijn.nl\/wp-content\/uploads\/2023\/03\/DK00101512_Gasveren_motorkap_Fiat_Stilo_3drs_set_3-1.jpg","contentUrl":"https:\/\/turijnmagazijn.nl\/wp-content\/uploads\/2023\/03\/DK00101512_Gasveren_motorkap_Fiat_Stilo_3drs_set_3-1.jpg","width":800,"height":600},{"@type":"BreadcrumbList","@id":"https:\/\/turijnmagazijn.nl\/de\/produkt\/gasfedern-motorhaube-fiat-stilo-3drs-satz\/#breadcrumb","itemListElement":[{"@type":"ListItem","position":1,"name":"Home","item":"https:\/\/turijnmagazijn.nl\/de\/"},{"@type":"ListItem","position":2,"name":"Produkte","item":"https:\/\/turijnmagazijn.nl\/de\/shop\/"},{"@type":"ListItem","position":3,"name":"Gasfedern Motorhaube Fiat Stilo 3drs (Satz)"}]},{"@type":"WebSite","@id":"https:\/\/turijnmagazijn.jumpstone-dev.nl\/#website","url":"https:\/\/turijnmagazijn.jumpstone-dev.nl\/","name":"Turijnmagazijn","description":"Onderdelen nieuw en gebruikt - Fiat &amp; Lancia","publisher":{"@id":"https:\/\/turijnmagazijn.jumpstone-dev.nl\/#organization"},"potentialAction":[{"@type":"SearchAction","target":{"@type":"EntryPoint","urlTemplate":"https:\/\/turijnmagazijn.jumpstone-dev.nl\/?s={search_term_string}"},"query-input":{"@type":"PropertyValueSpecification","valueRequired":true,"valueName":"search_term_string"}}],"inLanguage":"de"},{"@type":"Organization","@id":"https:\/\/turijnmagazijn.jumpstone-dev.nl\/#organization","name":"Turijnmagazijn","url":"https:\/\/turijnmagazijn.jumpstone-dev.nl\/","logo":{"@type":"ImageObject","inLanguage":"de","@id":"https:\/\/turijnmagazijn.jumpstone-dev.nl\/#\/schema\/logo\/image\/","url":"https:\/\/turijnmagazijn.nl\/wp-content\/uploads\/2021\/02\/turijnmagazijnlogo.png","contentUrl":"https:\/\/turijnmagazijn.nl\/wp-content\/uploads\/2021\/02\/turijnmagazijnlogo.png","width":555,"height":270,"caption":"Turijnmagazijn"},"image":{"@id":"https:\/\/turijnmagazijn.jumpstone-dev.nl\/#\/schema\/logo\/image\/"},"sameAs":["https:\/\/www.facebook.com\/turijnmagazijn"]}]}},"_links":{"self":[{"href":"https:\/\/turijnmagazijn.nl\/de\/wp-json\/wp\/v2\/product\/63682","targetHints":{"allow":["GET"]}}],"collection":[{"href":"https:\/\/turijnmagazijn.nl\/de\/wp-json\/wp\/v2\/product"}],"about":[{"href":"https:\/\/turijnmagazijn.nl\/de\/wp-json\/wp\/v2\/types\/product"}],"replies":[{"embeddable":true,"href":"https:\/\/turijnmagazijn.nl\/de\/wp-json\/wp\/v2\/comments?post=63682"}],"wp:featuredmedia":[{"embeddable":true,"href":"https:\/\/turijnmagazijn.nl\/de\/wp-json\/wp\/v2\/media\/41621"}],"wp:attachment":[{"href":"https:\/\/turijnmagazijn.nl\/de\/wp-json\/wp\/v2\/media?parent=63682"}],"wp:term":[{"taxonomy":"product_brand","embeddable":true,"href":"https:\/\/turijnmagazijn.nl\/de\/wp-json\/wp\/v2\/product_brand?post=63682"},{"taxonomy":"product_cat","embeddable":true,"href":"https:\/\/turijnmagazijn.nl\/de\/wp-json\/wp\/v2\/product_cat?post=63682"},{"taxonomy":"product_tag","embeddable":true,"href":"https:\/\/turijnmagazijn.nl\/de\/wp-json\/wp\/v2\/product_tag?post=63682"}],"curies":[{"name":"wp","href":"https:\/\/api.w.org\/{rel}","templated":true}]}}