{"id":63684,"date":"2023-03-03T09:14:40","date_gmt":"2023-03-03T08:14:40","guid":{"rendered":"https:\/\/turijnmagazijn.nl\/product\/luftmassenmesser-fiat-alfa-lancia-jtd-und-multijet-dieselmotoren\/"},"modified":"2024-08-19T12:29:32","modified_gmt":"2024-08-19T10:29:32","slug":"luftmassenmesser-fiat-alfa-lancia-jtd-en-multijet-diesel-motoren","status":"publish","type":"product","link":"https:\/\/turijnmagazijn.nl\/de\/produkt\/luftmassenmesser-fiat-alfa-lancia-jtd-en-multijet-diesel-motoren\/","title":{"rendered":"Luftmassenmesser Fiat Alfa Lancia JTD und Multijet Dieselmotoren"},"content":{"rendered":"<p>Luftmassenmesser f\u00fcr verschiedene Modelle von Fiat, Lancia und Alfa Romeo. Er stammt von einem Fiat Bravo 1.6 Multijet Diesel, Baujahr 2007. Der Luftmassenmesser ist getestet und funktioniert einwandfrei. Das Ger\u00e4t wurde verwendet.<\/p>\n<p>BOSCH 0 281 002 792<\/p>\n<p>Unter anderem angewandt auf:<\/p>\n<ul>\n<li>Alfa GT<\/li>\n<li>Fiat Punto II<\/li>\n<li>Fiat Doblo<\/li>\n<li>Fiat Bravo II<\/li>\n<\/ul>\n<p>\u00dcberpr\u00fcfen Sie immer die Anwendbarkeit auf Ihr Auto im Voraus, R\u00fccksendungen aufgrund falscher Bestellungen werden nicht akzeptiert.<\/p>\n<p>OEM-Nummer FIAT unbekannt<\/p>\n","protected":false},"excerpt":{"rendered":"<p>Luftmassenmesser Fiat Alfa Lancia JTD und Multijet Dieselmotoren &#8211; Luftmassenmesser f\u00fcr verschiedene Modelle von Fiat, Lancia und Alfa Romeo.<\/p>\n","protected":false},"featured_media":41585,"comment_status":"open","ping_status":"closed","template":"","meta":{"_acf_changed":false},"product_brand":[],"product_cat":[1584,1710,1689,1632,1751],"product_tag":[],"class_list":{"0":"post-63684","1":"product","2":"type-product","3":"status-publish","4":"has-post-thumbnail","6":"product_cat-alfa-romeo-de","7":"product_cat-bravo-198-de","8":"product_cat-fiat-de","9":"product_cat-gt-937-de","10":"product_cat-punto-2-188-de","11":"pa_soort-onderdeel-karosserie-und-blech","12":"pa_soort-onderdeel-motor-und-zubehor","14":"first","15":"instock","16":"shipping-taxable","17":"purchasable","18":"product-type-simple"},"acf":[],"yoast_head":"<!-- This site is optimized with the Yoast SEO plugin v27.3 - https:\/\/yoast.com\/product\/yoast-seo-wordpress\/ -->\n<title>Luftmassenmesser Fiat Alfa Lancia JTD und Multijet Dieselmotoren - Turijnmagazijn<\/title>\n<meta name=\"robots\" content=\"index, follow, max-snippet:-1, max-image-preview:large, max-video-preview:-1\" \/>\n<link rel=\"canonical\" href=\"https:\/\/turijnmagazijn.nl\/de\/produkt\/luftmassenmesser-fiat-alfa-lancia-jtd-en-multijet-diesel-motoren\/\" \/>\n<meta property=\"og:locale\" content=\"de_DE\" \/>\n<meta property=\"og:type\" content=\"article\" \/>\n<meta property=\"og:title\" content=\"Luftmassenmesser Fiat Alfa Lancia JTD und Multijet Dieselmotoren - Turijnmagazijn\" \/>\n<meta property=\"og:description\" content=\"Luftmassenmesser Fiat Alfa Lancia JTD und Multijet Dieselmotoren - Luftmassenmesser f\u00fcr verschiedene Modelle von Fiat, Lancia und Alfa Romeo.\" \/>\n<meta property=\"og:url\" content=\"https:\/\/turijnmagazijn.nl\/de\/produkt\/luftmassenmesser-fiat-alfa-lancia-jtd-en-multijet-diesel-motoren\/\" \/>\n<meta property=\"og:site_name\" content=\"Turijnmagazijn\" \/>\n<meta property=\"article:publisher\" content=\"https:\/\/www.facebook.com\/turijnmagazijn\" \/>\n<meta property=\"article:modified_time\" content=\"2024-08-19T10:29:32+00:00\" \/>\n<meta property=\"og:image\" content=\"https:\/\/turijnmagazijn.nl\/wp-content\/uploads\/2023\/03\/DK00101507_Luchtmassameter_Fiat_Alfa_Lancia_JTD_en_Multijet_diesel_motoren_6-1.jpg\" \/>\n\t<meta property=\"og:image:width\" content=\"800\" \/>\n\t<meta property=\"og:image:height\" content=\"600\" \/>\n\t<meta property=\"og:image:type\" content=\"image\/jpeg\" \/>\n<meta name=\"twitter:card\" content=\"summary_large_image\" \/>\n<script type=\"application\/ld+json\" class=\"yoast-schema-graph\">{\"@context\":\"https:\\\/\\\/schema.org\",\"@graph\":[{\"@type\":\"WebPage\",\"@id\":\"https:\\\/\\\/turijnmagazijn.nl\\\/de\\\/produkt\\\/luftmassenmesser-fiat-alfa-lancia-jtd-en-multijet-diesel-motoren\\\/\",\"url\":\"https:\\\/\\\/turijnmagazijn.nl\\\/de\\\/produkt\\\/luftmassenmesser-fiat-alfa-lancia-jtd-en-multijet-diesel-motoren\\\/\",\"name\":\"Luftmassenmesser Fiat Alfa Lancia JTD und Multijet Dieselmotoren - Turijnmagazijn\",\"isPartOf\":{\"@id\":\"https:\\\/\\\/turijnmagazijn.jumpstone-dev.nl\\\/#website\"},\"primaryImageOfPage\":{\"@id\":\"https:\\\/\\\/turijnmagazijn.nl\\\/de\\\/produkt\\\/luftmassenmesser-fiat-alfa-lancia-jtd-en-multijet-diesel-motoren\\\/#primaryimage\"},\"image\":{\"@id\":\"https:\\\/\\\/turijnmagazijn.nl\\\/de\\\/produkt\\\/luftmassenmesser-fiat-alfa-lancia-jtd-en-multijet-diesel-motoren\\\/#primaryimage\"},\"thumbnailUrl\":\"https:\\\/\\\/turijnmagazijn.nl\\\/wp-content\\\/uploads\\\/2023\\\/03\\\/DK00101507_Luchtmassameter_Fiat_Alfa_Lancia_JTD_en_Multijet_diesel_motoren_6-1.jpg\",\"datePublished\":\"2023-03-03T08:14:40+00:00\",\"dateModified\":\"2024-08-19T10:29:32+00:00\",\"breadcrumb\":{\"@id\":\"https:\\\/\\\/turijnmagazijn.nl\\\/de\\\/produkt\\\/luftmassenmesser-fiat-alfa-lancia-jtd-en-multijet-diesel-motoren\\\/#breadcrumb\"},\"inLanguage\":\"de\",\"potentialAction\":[{\"@type\":\"ReadAction\",\"target\":[\"https:\\\/\\\/turijnmagazijn.nl\\\/de\\\/produkt\\\/luftmassenmesser-fiat-alfa-lancia-jtd-en-multijet-diesel-motoren\\\/\"]}]},{\"@type\":\"ImageObject\",\"inLanguage\":\"de\",\"@id\":\"https:\\\/\\\/turijnmagazijn.nl\\\/de\\\/produkt\\\/luftmassenmesser-fiat-alfa-lancia-jtd-en-multijet-diesel-motoren\\\/#primaryimage\",\"url\":\"https:\\\/\\\/turijnmagazijn.nl\\\/wp-content\\\/uploads\\\/2023\\\/03\\\/DK00101507_Luchtmassameter_Fiat_Alfa_Lancia_JTD_en_Multijet_diesel_motoren_6-1.jpg\",\"contentUrl\":\"https:\\\/\\\/turijnmagazijn.nl\\\/wp-content\\\/uploads\\\/2023\\\/03\\\/DK00101507_Luchtmassameter_Fiat_Alfa_Lancia_JTD_en_Multijet_diesel_motoren_6-1.jpg\",\"width\":800,\"height\":600},{\"@type\":\"BreadcrumbList\",\"@id\":\"https:\\\/\\\/turijnmagazijn.nl\\\/de\\\/produkt\\\/luftmassenmesser-fiat-alfa-lancia-jtd-en-multijet-diesel-motoren\\\/#breadcrumb\",\"itemListElement\":[{\"@type\":\"ListItem\",\"position\":1,\"name\":\"Home\",\"item\":\"https:\\\/\\\/turijnmagazijn.nl\\\/de\\\/\"},{\"@type\":\"ListItem\",\"position\":2,\"name\":\"Produkte\",\"item\":\"https:\\\/\\\/turijnmagazijn.nl\\\/de\\\/shop\\\/\"},{\"@type\":\"ListItem\",\"position\":3,\"name\":\"Luftmassenmesser Fiat Alfa Lancia JTD und Multijet Dieselmotoren\"}]},{\"@type\":\"WebSite\",\"@id\":\"https:\\\/\\\/turijnmagazijn.jumpstone-dev.nl\\\/#website\",\"url\":\"https:\\\/\\\/turijnmagazijn.jumpstone-dev.nl\\\/\",\"name\":\"Turijnmagazijn\",\"description\":\"Onderdelen nieuw en gebruikt - Fiat &amp; Lancia\",\"publisher\":{\"@id\":\"https:\\\/\\\/turijnmagazijn.jumpstone-dev.nl\\\/#organization\"},\"potentialAction\":[{\"@type\":\"SearchAction\",\"target\":{\"@type\":\"EntryPoint\",\"urlTemplate\":\"https:\\\/\\\/turijnmagazijn.jumpstone-dev.nl\\\/?s={search_term_string}\"},\"query-input\":{\"@type\":\"PropertyValueSpecification\",\"valueRequired\":true,\"valueName\":\"search_term_string\"}}],\"inLanguage\":\"de\"},{\"@type\":\"Organization\",\"@id\":\"https:\\\/\\\/turijnmagazijn.jumpstone-dev.nl\\\/#organization\",\"name\":\"Turijnmagazijn\",\"url\":\"https:\\\/\\\/turijnmagazijn.jumpstone-dev.nl\\\/\",\"logo\":{\"@type\":\"ImageObject\",\"inLanguage\":\"de\",\"@id\":\"https:\\\/\\\/turijnmagazijn.jumpstone-dev.nl\\\/#\\\/schema\\\/logo\\\/image\\\/\",\"url\":\"https:\\\/\\\/turijnmagazijn.nl\\\/wp-content\\\/uploads\\\/2021\\\/02\\\/turijnmagazijnlogo.png\",\"contentUrl\":\"https:\\\/\\\/turijnmagazijn.nl\\\/wp-content\\\/uploads\\\/2021\\\/02\\\/turijnmagazijnlogo.png\",\"width\":555,\"height\":270,\"caption\":\"Turijnmagazijn\"},\"image\":{\"@id\":\"https:\\\/\\\/turijnmagazijn.jumpstone-dev.nl\\\/#\\\/schema\\\/logo\\\/image\\\/\"},\"sameAs\":[\"https:\\\/\\\/www.facebook.com\\\/turijnmagazijn\"]}]}<\/script>\n<!-- \/ Yoast SEO plugin. -->","yoast_head_json":{"title":"Luftmassenmesser Fiat Alfa Lancia JTD und Multijet Dieselmotoren - Turijnmagazijn","robots":{"index":"index","follow":"follow","max-snippet":"max-snippet:-1","max-image-preview":"max-image-preview:large","max-video-preview":"max-video-preview:-1"},"canonical":"https:\/\/turijnmagazijn.nl\/de\/produkt\/luftmassenmesser-fiat-alfa-lancia-jtd-en-multijet-diesel-motoren\/","og_locale":"de_DE","og_type":"article","og_title":"Luftmassenmesser Fiat Alfa Lancia JTD und Multijet Dieselmotoren - Turijnmagazijn","og_description":"Luftmassenmesser Fiat Alfa Lancia JTD und Multijet Dieselmotoren - Luftmassenmesser f\u00fcr verschiedene Modelle von Fiat, Lancia und Alfa Romeo.","og_url":"https:\/\/turijnmagazijn.nl\/de\/produkt\/luftmassenmesser-fiat-alfa-lancia-jtd-en-multijet-diesel-motoren\/","og_site_name":"Turijnmagazijn","article_publisher":"https:\/\/www.facebook.com\/turijnmagazijn","article_modified_time":"2024-08-19T10:29:32+00:00","og_image":[{"width":800,"height":600,"url":"https:\/\/turijnmagazijn.nl\/wp-content\/uploads\/2023\/03\/DK00101507_Luchtmassameter_Fiat_Alfa_Lancia_JTD_en_Multijet_diesel_motoren_6-1.jpg","type":"image\/jpeg"}],"twitter_card":"summary_large_image","schema":{"@context":"https:\/\/schema.org","@graph":[{"@type":"WebPage","@id":"https:\/\/turijnmagazijn.nl\/de\/produkt\/luftmassenmesser-fiat-alfa-lancia-jtd-en-multijet-diesel-motoren\/","url":"https:\/\/turijnmagazijn.nl\/de\/produkt\/luftmassenmesser-fiat-alfa-lancia-jtd-en-multijet-diesel-motoren\/","name":"Luftmassenmesser Fiat Alfa Lancia JTD und Multijet Dieselmotoren - Turijnmagazijn","isPartOf":{"@id":"https:\/\/turijnmagazijn.jumpstone-dev.nl\/#website"},"primaryImageOfPage":{"@id":"https:\/\/turijnmagazijn.nl\/de\/produkt\/luftmassenmesser-fiat-alfa-lancia-jtd-en-multijet-diesel-motoren\/#primaryimage"},"image":{"@id":"https:\/\/turijnmagazijn.nl\/de\/produkt\/luftmassenmesser-fiat-alfa-lancia-jtd-en-multijet-diesel-motoren\/#primaryimage"},"thumbnailUrl":"https:\/\/turijnmagazijn.nl\/wp-content\/uploads\/2023\/03\/DK00101507_Luchtmassameter_Fiat_Alfa_Lancia_JTD_en_Multijet_diesel_motoren_6-1.jpg","datePublished":"2023-03-03T08:14:40+00:00","dateModified":"2024-08-19T10:29:32+00:00","breadcrumb":{"@id":"https:\/\/turijnmagazijn.nl\/de\/produkt\/luftmassenmesser-fiat-alfa-lancia-jtd-en-multijet-diesel-motoren\/#breadcrumb"},"inLanguage":"de","potentialAction":[{"@type":"ReadAction","target":["https:\/\/turijnmagazijn.nl\/de\/produkt\/luftmassenmesser-fiat-alfa-lancia-jtd-en-multijet-diesel-motoren\/"]}]},{"@type":"ImageObject","inLanguage":"de","@id":"https:\/\/turijnmagazijn.nl\/de\/produkt\/luftmassenmesser-fiat-alfa-lancia-jtd-en-multijet-diesel-motoren\/#primaryimage","url":"https:\/\/turijnmagazijn.nl\/wp-content\/uploads\/2023\/03\/DK00101507_Luchtmassameter_Fiat_Alfa_Lancia_JTD_en_Multijet_diesel_motoren_6-1.jpg","contentUrl":"https:\/\/turijnmagazijn.nl\/wp-content\/uploads\/2023\/03\/DK00101507_Luchtmassameter_Fiat_Alfa_Lancia_JTD_en_Multijet_diesel_motoren_6-1.jpg","width":800,"height":600},{"@type":"BreadcrumbList","@id":"https:\/\/turijnmagazijn.nl\/de\/produkt\/luftmassenmesser-fiat-alfa-lancia-jtd-en-multijet-diesel-motoren\/#breadcrumb","itemListElement":[{"@type":"ListItem","position":1,"name":"Home","item":"https:\/\/turijnmagazijn.nl\/de\/"},{"@type":"ListItem","position":2,"name":"Produkte","item":"https:\/\/turijnmagazijn.nl\/de\/shop\/"},{"@type":"ListItem","position":3,"name":"Luftmassenmesser Fiat Alfa Lancia JTD und Multijet Dieselmotoren"}]},{"@type":"WebSite","@id":"https:\/\/turijnmagazijn.jumpstone-dev.nl\/#website","url":"https:\/\/turijnmagazijn.jumpstone-dev.nl\/","name":"Turijnmagazijn","description":"Onderdelen nieuw en gebruikt - Fiat &amp; Lancia","publisher":{"@id":"https:\/\/turijnmagazijn.jumpstone-dev.nl\/#organization"},"potentialAction":[{"@type":"SearchAction","target":{"@type":"EntryPoint","urlTemplate":"https:\/\/turijnmagazijn.jumpstone-dev.nl\/?s={search_term_string}"},"query-input":{"@type":"PropertyValueSpecification","valueRequired":true,"valueName":"search_term_string"}}],"inLanguage":"de"},{"@type":"Organization","@id":"https:\/\/turijnmagazijn.jumpstone-dev.nl\/#organization","name":"Turijnmagazijn","url":"https:\/\/turijnmagazijn.jumpstone-dev.nl\/","logo":{"@type":"ImageObject","inLanguage":"de","@id":"https:\/\/turijnmagazijn.jumpstone-dev.nl\/#\/schema\/logo\/image\/","url":"https:\/\/turijnmagazijn.nl\/wp-content\/uploads\/2021\/02\/turijnmagazijnlogo.png","contentUrl":"https:\/\/turijnmagazijn.nl\/wp-content\/uploads\/2021\/02\/turijnmagazijnlogo.png","width":555,"height":270,"caption":"Turijnmagazijn"},"image":{"@id":"https:\/\/turijnmagazijn.jumpstone-dev.nl\/#\/schema\/logo\/image\/"},"sameAs":["https:\/\/www.facebook.com\/turijnmagazijn"]}]}},"_links":{"self":[{"href":"https:\/\/turijnmagazijn.nl\/de\/wp-json\/wp\/v2\/product\/63684","targetHints":{"allow":["GET"]}}],"collection":[{"href":"https:\/\/turijnmagazijn.nl\/de\/wp-json\/wp\/v2\/product"}],"about":[{"href":"https:\/\/turijnmagazijn.nl\/de\/wp-json\/wp\/v2\/types\/product"}],"replies":[{"embeddable":true,"href":"https:\/\/turijnmagazijn.nl\/de\/wp-json\/wp\/v2\/comments?post=63684"}],"wp:featuredmedia":[{"embeddable":true,"href":"https:\/\/turijnmagazijn.nl\/de\/wp-json\/wp\/v2\/media\/41585"}],"wp:attachment":[{"href":"https:\/\/turijnmagazijn.nl\/de\/wp-json\/wp\/v2\/media?parent=63684"}],"wp:term":[{"taxonomy":"product_brand","embeddable":true,"href":"https:\/\/turijnmagazijn.nl\/de\/wp-json\/wp\/v2\/product_brand?post=63684"},{"taxonomy":"product_cat","embeddable":true,"href":"https:\/\/turijnmagazijn.nl\/de\/wp-json\/wp\/v2\/product_cat?post=63684"},{"taxonomy":"product_tag","embeddable":true,"href":"https:\/\/turijnmagazijn.nl\/de\/wp-json\/wp\/v2\/product_tag?post=63684"}],"curies":[{"name":"wp","href":"https:\/\/api.w.org\/{rel}","templated":true}]}}