{"id":63697,"date":"2023-03-03T09:14:41","date_gmt":"2023-03-03T08:14:41","guid":{"rendered":"https:\/\/turijnmagazijn.nl\/product\/zuendspule-bosch-fuer-alfa-twin-spark-motoren\/"},"modified":"2023-07-26T13:59:03","modified_gmt":"2023-07-26T11:59:03","slug":"zundspule-bosch-fur-alpha-twin-spark-motoren","status":"publish","type":"product","link":"https:\/\/turijnmagazijn.nl\/de\/produkt\/zundspule-bosch-fur-alpha-twin-spark-motoren\/","title":{"rendered":"Z\u00fcndspule Bosch f\u00fcr Alfa Twin Spark Motoren"},"content":{"rendered":"<p>Gebrauchte Bosch Z\u00fcndspule f\u00fcr die 1.6 1.8 oder 2.0 Twin Spark Motoren von Alfa Romeo. Diese Art von Z\u00fcndspulen wurde bei vielen verschiedenen Alfa Romeos verwendet, darunter:<\/p>\n<\/p>\n<ul>\n<li>Alfa Romeo 147 bis Baujahr 2010<\/li>\n<li>Alfa Romeo 156 bis Baujahr 2000<\/li>\n<li>Alfa Romeo 156 Sportwagon bis 2000<\/li>\n<li>Alfa Romeo 166 bis 2007 mit 2.0 TS Motor<\/li>\n<li>Alfa Romeo GT<\/li>\n<li>Alfa Romeo GTV<\/li>\n<li>Alfa Romeo Spider<\/li>\n<\/ul>\n<p>Inschriften auf dem Ger\u00e4t:<br \/><span style=\"font-size: 12px;\">Bosch&nbsp;<br \/><\/span> <span style=\"font-size: 12px;\">1227030071<\/span><\/p>\n<p>OEM Alfa Romeo&nbsp;<span style=\"text-align: -webkit-right;\">46755605<\/span><\/p>\n","protected":false},"excerpt":{"rendered":"<p>Z\u00fcndspule Bosch f\u00fcr Alfa Twin Spark Motoren &#8211; Bosch Z\u00fcndspule f\u00fcr die 1.Bosch Z\u00fcndspule f\u00fcr Alfa Twin Spark Motoren &#8211; Gebrauchte Bosch Z\u00fcndspule f\u00fcr die 1.<\/p>\n","protected":false},"featured_media":41721,"comment_status":"open","ping_status":"closed","template":"","meta":{"_acf_changed":false},"product_brand":[],"product_cat":[1605,1616,1584,1632,1634],"product_tag":[],"class_list":{"0":"post-63697","1":"product","2":"type-product","3":"status-publish","4":"has-post-thumbnail","6":"product_cat-147-937-de","7":"product_cat-156-932-de","8":"product_cat-alfa-romeo-de","9":"product_cat-gt-937-de","10":"product_cat-gtv-916-de","11":"pa_soort-onderdeel-karosserie-und-blech","12":"pa_soort-onderdeel-motor-und-zubehor","14":"first","15":"instock","16":"shipping-taxable","17":"purchasable","18":"product-type-simple"},"acf":[],"yoast_head":"<!-- This site is optimized with the Yoast SEO plugin v27.2 - https:\/\/yoast.com\/product\/yoast-seo-wordpress\/ -->\n<title>Z\u00fcndspule Bosch f\u00fcr Alfa Twin Spark Motoren - Turijnmagazijn<\/title>\n<meta name=\"robots\" content=\"index, follow, max-snippet:-1, max-image-preview:large, max-video-preview:-1\" \/>\n<link rel=\"canonical\" href=\"https:\/\/turijnmagazijn.nl\/de\/produkt\/zundspule-bosch-fur-alpha-twin-spark-motoren\/\" \/>\n<meta property=\"og:locale\" content=\"de_DE\" \/>\n<meta property=\"og:type\" content=\"article\" \/>\n<meta property=\"og:title\" content=\"Z\u00fcndspule Bosch f\u00fcr Alfa Twin Spark Motoren - Turijnmagazijn\" \/>\n<meta property=\"og:description\" content=\"Z\u00fcndspule Bosch f\u00fcr Alfa Twin Spark Motoren - Bosch Z\u00fcndspule f\u00fcr die 1.Bosch Z\u00fcndspule f\u00fcr Alfa Twin Spark Motoren - Gebrauchte Bosch Z\u00fcndspule f\u00fcr die 1.\" \/>\n<meta property=\"og:url\" content=\"https:\/\/turijnmagazijn.nl\/de\/produkt\/zundspule-bosch-fur-alpha-twin-spark-motoren\/\" \/>\n<meta property=\"og:site_name\" content=\"Turijnmagazijn\" \/>\n<meta property=\"article:publisher\" content=\"https:\/\/www.facebook.com\/turijnmagazijn\" \/>\n<meta property=\"article:modified_time\" content=\"2023-07-26T11:59:03+00:00\" \/>\n<meta property=\"og:image\" content=\"https:\/\/turijnmagazijn.jumpstone-dev.nl\/wp-content\/uploads\/2023\/03\/DK00101527_Bobine_Bosch_voor_Alfa_Twin_Spark_motoren_3-1.jpg\" \/>\n\t<meta property=\"og:image:width\" content=\"800\" \/>\n\t<meta property=\"og:image:height\" content=\"600\" \/>\n\t<meta property=\"og:image:type\" content=\"image\/jpeg\" \/>\n<meta name=\"twitter:card\" content=\"summary_large_image\" \/>\n<script type=\"application\/ld+json\" class=\"yoast-schema-graph\">{\"@context\":\"https:\/\/schema.org\",\"@graph\":[{\"@type\":\"WebPage\",\"@id\":\"https:\/\/turijnmagazijn.nl\/de\/produkt\/zundspule-bosch-fur-alpha-twin-spark-motoren\/\",\"url\":\"https:\/\/turijnmagazijn.nl\/de\/produkt\/zundspule-bosch-fur-alpha-twin-spark-motoren\/\",\"name\":\"Z\u00fcndspule Bosch f\u00fcr Alfa Twin Spark Motoren - Turijnmagazijn\",\"isPartOf\":{\"@id\":\"https:\/\/turijnmagazijn.jumpstone-dev.nl\/#website\"},\"primaryImageOfPage\":{\"@id\":\"https:\/\/turijnmagazijn.nl\/de\/produkt\/zundspule-bosch-fur-alpha-twin-spark-motoren\/#primaryimage\"},\"image\":{\"@id\":\"https:\/\/turijnmagazijn.nl\/de\/produkt\/zundspule-bosch-fur-alpha-twin-spark-motoren\/#primaryimage\"},\"thumbnailUrl\":\"https:\/\/turijnmagazijn.nl\/wp-content\/uploads\/2023\/03\/DK00101527_Bobine_Bosch_voor_Alfa_Twin_Spark_motoren_3-1.jpg\",\"datePublished\":\"2023-03-03T08:14:41+00:00\",\"dateModified\":\"2023-07-26T11:59:03+00:00\",\"breadcrumb\":{\"@id\":\"https:\/\/turijnmagazijn.nl\/de\/produkt\/zundspule-bosch-fur-alpha-twin-spark-motoren\/#breadcrumb\"},\"inLanguage\":\"de\",\"potentialAction\":[{\"@type\":\"ReadAction\",\"target\":[\"https:\/\/turijnmagazijn.nl\/de\/produkt\/zundspule-bosch-fur-alpha-twin-spark-motoren\/\"]}]},{\"@type\":\"ImageObject\",\"inLanguage\":\"de\",\"@id\":\"https:\/\/turijnmagazijn.nl\/de\/produkt\/zundspule-bosch-fur-alpha-twin-spark-motoren\/#primaryimage\",\"url\":\"https:\/\/turijnmagazijn.nl\/wp-content\/uploads\/2023\/03\/DK00101527_Bobine_Bosch_voor_Alfa_Twin_Spark_motoren_3-1.jpg\",\"contentUrl\":\"https:\/\/turijnmagazijn.nl\/wp-content\/uploads\/2023\/03\/DK00101527_Bobine_Bosch_voor_Alfa_Twin_Spark_motoren_3-1.jpg\",\"width\":800,\"height\":600},{\"@type\":\"BreadcrumbList\",\"@id\":\"https:\/\/turijnmagazijn.nl\/de\/produkt\/zundspule-bosch-fur-alpha-twin-spark-motoren\/#breadcrumb\",\"itemListElement\":[{\"@type\":\"ListItem\",\"position\":1,\"name\":\"Home\",\"item\":\"https:\/\/turijnmagazijn.nl\/de\/\"},{\"@type\":\"ListItem\",\"position\":2,\"name\":\"Produkte\",\"item\":\"https:\/\/turijnmagazijn.nl\/de\/shop\/\"},{\"@type\":\"ListItem\",\"position\":3,\"name\":\"Z\u00fcndspule Bosch f\u00fcr Alfa Twin Spark Motoren\"}]},{\"@type\":\"WebSite\",\"@id\":\"https:\/\/turijnmagazijn.jumpstone-dev.nl\/#website\",\"url\":\"https:\/\/turijnmagazijn.jumpstone-dev.nl\/\",\"name\":\"Turijnmagazijn\",\"description\":\"Onderdelen nieuw en gebruikt - Fiat &amp; Lancia\",\"publisher\":{\"@id\":\"https:\/\/turijnmagazijn.jumpstone-dev.nl\/#organization\"},\"potentialAction\":[{\"@type\":\"SearchAction\",\"target\":{\"@type\":\"EntryPoint\",\"urlTemplate\":\"https:\/\/turijnmagazijn.jumpstone-dev.nl\/?s={search_term_string}\"},\"query-input\":{\"@type\":\"PropertyValueSpecification\",\"valueRequired\":true,\"valueName\":\"search_term_string\"}}],\"inLanguage\":\"de\"},{\"@type\":\"Organization\",\"@id\":\"https:\/\/turijnmagazijn.jumpstone-dev.nl\/#organization\",\"name\":\"Turijnmagazijn\",\"url\":\"https:\/\/turijnmagazijn.jumpstone-dev.nl\/\",\"logo\":{\"@type\":\"ImageObject\",\"inLanguage\":\"de\",\"@id\":\"https:\/\/turijnmagazijn.jumpstone-dev.nl\/#\/schema\/logo\/image\/\",\"url\":\"https:\/\/turijnmagazijn.nl\/wp-content\/uploads\/2021\/02\/turijnmagazijnlogo.png\",\"contentUrl\":\"https:\/\/turijnmagazijn.nl\/wp-content\/uploads\/2021\/02\/turijnmagazijnlogo.png\",\"width\":555,\"height\":270,\"caption\":\"Turijnmagazijn\"},\"image\":{\"@id\":\"https:\/\/turijnmagazijn.jumpstone-dev.nl\/#\/schema\/logo\/image\/\"},\"sameAs\":[\"https:\/\/www.facebook.com\/turijnmagazijn\"]}]}<\/script>\n<!-- \/ Yoast SEO plugin. -->","yoast_head_json":{"title":"Z\u00fcndspule Bosch f\u00fcr Alfa Twin Spark Motoren - Turijnmagazijn","robots":{"index":"index","follow":"follow","max-snippet":"max-snippet:-1","max-image-preview":"max-image-preview:large","max-video-preview":"max-video-preview:-1"},"canonical":"https:\/\/turijnmagazijn.nl\/de\/produkt\/zundspule-bosch-fur-alpha-twin-spark-motoren\/","og_locale":"de_DE","og_type":"article","og_title":"Z\u00fcndspule Bosch f\u00fcr Alfa Twin Spark Motoren - Turijnmagazijn","og_description":"Z\u00fcndspule Bosch f\u00fcr Alfa Twin Spark Motoren - Bosch Z\u00fcndspule f\u00fcr die 1.Bosch Z\u00fcndspule f\u00fcr Alfa Twin Spark Motoren - Gebrauchte Bosch Z\u00fcndspule f\u00fcr die 1.","og_url":"https:\/\/turijnmagazijn.nl\/de\/produkt\/zundspule-bosch-fur-alpha-twin-spark-motoren\/","og_site_name":"Turijnmagazijn","article_publisher":"https:\/\/www.facebook.com\/turijnmagazijn","article_modified_time":"2023-07-26T11:59:03+00:00","og_image":[{"width":800,"height":600,"url":"https:\/\/turijnmagazijn.jumpstone-dev.nl\/wp-content\/uploads\/2023\/03\/DK00101527_Bobine_Bosch_voor_Alfa_Twin_Spark_motoren_3-1.jpg","type":"image\/jpeg"}],"twitter_card":"summary_large_image","schema":{"@context":"https:\/\/schema.org","@graph":[{"@type":"WebPage","@id":"https:\/\/turijnmagazijn.nl\/de\/produkt\/zundspule-bosch-fur-alpha-twin-spark-motoren\/","url":"https:\/\/turijnmagazijn.nl\/de\/produkt\/zundspule-bosch-fur-alpha-twin-spark-motoren\/","name":"Z\u00fcndspule Bosch f\u00fcr Alfa Twin Spark Motoren - Turijnmagazijn","isPartOf":{"@id":"https:\/\/turijnmagazijn.jumpstone-dev.nl\/#website"},"primaryImageOfPage":{"@id":"https:\/\/turijnmagazijn.nl\/de\/produkt\/zundspule-bosch-fur-alpha-twin-spark-motoren\/#primaryimage"},"image":{"@id":"https:\/\/turijnmagazijn.nl\/de\/produkt\/zundspule-bosch-fur-alpha-twin-spark-motoren\/#primaryimage"},"thumbnailUrl":"https:\/\/turijnmagazijn.nl\/wp-content\/uploads\/2023\/03\/DK00101527_Bobine_Bosch_voor_Alfa_Twin_Spark_motoren_3-1.jpg","datePublished":"2023-03-03T08:14:41+00:00","dateModified":"2023-07-26T11:59:03+00:00","breadcrumb":{"@id":"https:\/\/turijnmagazijn.nl\/de\/produkt\/zundspule-bosch-fur-alpha-twin-spark-motoren\/#breadcrumb"},"inLanguage":"de","potentialAction":[{"@type":"ReadAction","target":["https:\/\/turijnmagazijn.nl\/de\/produkt\/zundspule-bosch-fur-alpha-twin-spark-motoren\/"]}]},{"@type":"ImageObject","inLanguage":"de","@id":"https:\/\/turijnmagazijn.nl\/de\/produkt\/zundspule-bosch-fur-alpha-twin-spark-motoren\/#primaryimage","url":"https:\/\/turijnmagazijn.nl\/wp-content\/uploads\/2023\/03\/DK00101527_Bobine_Bosch_voor_Alfa_Twin_Spark_motoren_3-1.jpg","contentUrl":"https:\/\/turijnmagazijn.nl\/wp-content\/uploads\/2023\/03\/DK00101527_Bobine_Bosch_voor_Alfa_Twin_Spark_motoren_3-1.jpg","width":800,"height":600},{"@type":"BreadcrumbList","@id":"https:\/\/turijnmagazijn.nl\/de\/produkt\/zundspule-bosch-fur-alpha-twin-spark-motoren\/#breadcrumb","itemListElement":[{"@type":"ListItem","position":1,"name":"Home","item":"https:\/\/turijnmagazijn.nl\/de\/"},{"@type":"ListItem","position":2,"name":"Produkte","item":"https:\/\/turijnmagazijn.nl\/de\/shop\/"},{"@type":"ListItem","position":3,"name":"Z\u00fcndspule Bosch f\u00fcr Alfa Twin Spark Motoren"}]},{"@type":"WebSite","@id":"https:\/\/turijnmagazijn.jumpstone-dev.nl\/#website","url":"https:\/\/turijnmagazijn.jumpstone-dev.nl\/","name":"Turijnmagazijn","description":"Onderdelen nieuw en gebruikt - Fiat &amp; Lancia","publisher":{"@id":"https:\/\/turijnmagazijn.jumpstone-dev.nl\/#organization"},"potentialAction":[{"@type":"SearchAction","target":{"@type":"EntryPoint","urlTemplate":"https:\/\/turijnmagazijn.jumpstone-dev.nl\/?s={search_term_string}"},"query-input":{"@type":"PropertyValueSpecification","valueRequired":true,"valueName":"search_term_string"}}],"inLanguage":"de"},{"@type":"Organization","@id":"https:\/\/turijnmagazijn.jumpstone-dev.nl\/#organization","name":"Turijnmagazijn","url":"https:\/\/turijnmagazijn.jumpstone-dev.nl\/","logo":{"@type":"ImageObject","inLanguage":"de","@id":"https:\/\/turijnmagazijn.jumpstone-dev.nl\/#\/schema\/logo\/image\/","url":"https:\/\/turijnmagazijn.nl\/wp-content\/uploads\/2021\/02\/turijnmagazijnlogo.png","contentUrl":"https:\/\/turijnmagazijn.nl\/wp-content\/uploads\/2021\/02\/turijnmagazijnlogo.png","width":555,"height":270,"caption":"Turijnmagazijn"},"image":{"@id":"https:\/\/turijnmagazijn.jumpstone-dev.nl\/#\/schema\/logo\/image\/"},"sameAs":["https:\/\/www.facebook.com\/turijnmagazijn"]}]}},"_links":{"self":[{"href":"https:\/\/turijnmagazijn.nl\/de\/wp-json\/wp\/v2\/product\/63697","targetHints":{"allow":["GET"]}}],"collection":[{"href":"https:\/\/turijnmagazijn.nl\/de\/wp-json\/wp\/v2\/product"}],"about":[{"href":"https:\/\/turijnmagazijn.nl\/de\/wp-json\/wp\/v2\/types\/product"}],"replies":[{"embeddable":true,"href":"https:\/\/turijnmagazijn.nl\/de\/wp-json\/wp\/v2\/comments?post=63697"}],"wp:featuredmedia":[{"embeddable":true,"href":"https:\/\/turijnmagazijn.nl\/de\/wp-json\/wp\/v2\/media\/41721"}],"wp:attachment":[{"href":"https:\/\/turijnmagazijn.nl\/de\/wp-json\/wp\/v2\/media?parent=63697"}],"wp:term":[{"taxonomy":"product_brand","embeddable":true,"href":"https:\/\/turijnmagazijn.nl\/de\/wp-json\/wp\/v2\/product_brand?post=63697"},{"taxonomy":"product_cat","embeddable":true,"href":"https:\/\/turijnmagazijn.nl\/de\/wp-json\/wp\/v2\/product_cat?post=63697"},{"taxonomy":"product_tag","embeddable":true,"href":"https:\/\/turijnmagazijn.nl\/de\/wp-json\/wp\/v2\/product_tag?post=63697"}],"curies":[{"name":"wp","href":"https:\/\/api.w.org\/{rel}","templated":true}]}}