{"id":63709,"date":"2023-03-03T09:14:40","date_gmt":"2023-03-03T08:14:40","guid":{"rendered":"https:\/\/turijnmagazijn.nl\/product\/tuergriff-beifahrerseite-r-fiat-stilo-3-drs\/"},"modified":"2023-07-26T13:59:04","modified_gmt":"2023-07-26T11:59:04","slug":"turgriff-beifahrerseite-r-fiat-stilo-3-drs","status":"publish","type":"product","link":"https:\/\/turijnmagazijn.nl\/de\/produkt\/turgriff-beifahrerseite-r-fiat-stilo-3-drs\/","title":{"rendered":"T\u00fcrgriff Beifahrerseite R Fiat Stilo 3 drs"},"content":{"rendered":"<p>T\u00fcrgriff f\u00fcr Beifahrerseitenmontage (rechts) f\u00fcr Fiat Stilo in 3-t\u00fcriger Ausf\u00fchrung.&nbsp; Stammt aus &nbsp;einem 3-t\u00fcrigen Stilo Abarth 2.4 mit Selespeed Automatik ab Bj. 7\/2003.&nbsp;<span style=\"font-size: 12px;\">Es gibt viele verschiedene Versionen dieser T\u00fcrgriffe im Umlauf, also pr\u00fcfen Sie im Voraus, ob dies das richtige Teil f\u00fcr Ihr Auto ist. Dies ist die Version f\u00fcr Autos ohne schl\u00fcssellosen Zugang (easy go). Die anderen Karosserievarianten haben auch andere Griffe.&nbsp;<\/span><\/p>\n<p style=\"font-size: 12px;\"><span style=\"font-size: 12px;\">In diesem Fall&nbsp; in Wagenfarbe ausgef\u00fchrt<\/span> Grigio Sassi SM,MET.MS. FR. Farbnummer 823. Der Lack ist rundum besch\u00e4digt.<br \/>Dieser Griff ist stark besch\u00e4digt, teilweise ist ein tiefer Kratzer vorhanden, wo das Kunststoff-Grundmaterial besch\u00e4digt wurde, siehe Fotos.<\/p>\n<p>Inschrift auf dem Abschnitt:<br \/>71733469<\/p>\n<p>OEM-Nummer FIAT&nbsp;735316656<\/p>\n","protected":false},"excerpt":{"rendered":"<p>T\u00fcrgriff Beifahrerseite R Fiat Stilo 3 drs &#8211; T\u00fcrgriff zur Montage auf Beifahrerseite (rechts) f\u00fcr Fiat Stilo in 3-t\u00fcriger Ausf\u00fchrung.<\/p>\n","protected":false},"featured_media":41557,"comment_status":"open","ping_status":"closed","template":"","meta":{"_acf_changed":false},"product_brand":[],"product_cat":[1770,1689,1762],"product_tag":[],"class_list":{"0":"post-63709","1":"product","2":"type-product","3":"status-publish","4":"has-post-thumbnail","6":"product_cat-abarth-3drs-de","7":"product_cat-fiat-de","8":"product_cat-stilo-192-de","9":"pa_soort-onderdeel-karosserie-und-blech","11":"first","12":"instock","13":"shipping-taxable","14":"purchasable","15":"product-type-simple"},"acf":[],"yoast_head":"<!-- This site is optimized with the Yoast SEO plugin v27.2 - https:\/\/yoast.com\/product\/yoast-seo-wordpress\/ -->\n<title>T\u00fcrgriff Beifahrerseite R Fiat Stilo 3 drs - Turijnmagazijn<\/title>\n<meta name=\"robots\" content=\"index, follow, max-snippet:-1, max-image-preview:large, max-video-preview:-1\" \/>\n<link rel=\"canonical\" href=\"https:\/\/turijnmagazijn.nl\/de\/produkt\/turgriff-beifahrerseite-r-fiat-stilo-3-drs\/\" \/>\n<meta property=\"og:locale\" content=\"de_DE\" \/>\n<meta property=\"og:type\" content=\"article\" \/>\n<meta property=\"og:title\" content=\"T\u00fcrgriff Beifahrerseite R Fiat Stilo 3 drs - Turijnmagazijn\" \/>\n<meta property=\"og:description\" content=\"T\u00fcrgriff Beifahrerseite R Fiat Stilo 3 drs - T\u00fcrgriff zur Montage auf Beifahrerseite (rechts) f\u00fcr Fiat Stilo in 3-t\u00fcriger Ausf\u00fchrung.\" \/>\n<meta property=\"og:url\" content=\"https:\/\/turijnmagazijn.nl\/de\/produkt\/turgriff-beifahrerseite-r-fiat-stilo-3-drs\/\" \/>\n<meta property=\"og:site_name\" content=\"Turijnmagazijn\" \/>\n<meta property=\"article:publisher\" content=\"https:\/\/www.facebook.com\/turijnmagazijn\" \/>\n<meta property=\"article:modified_time\" content=\"2023-07-26T11:59:04+00:00\" \/>\n<meta property=\"og:image\" content=\"https:\/\/turijnmagazijn.jumpstone-dev.nl\/wp-content\/uploads\/2023\/03\/DK00101494_Deurklink_Bijrijderszijde_R_Fiat_Stilo_3_drs_4-1.jpg\" \/>\n\t<meta property=\"og:image:width\" content=\"800\" \/>\n\t<meta property=\"og:image:height\" content=\"600\" \/>\n\t<meta property=\"og:image:type\" content=\"image\/jpeg\" \/>\n<meta name=\"twitter:card\" content=\"summary_large_image\" \/>\n<meta name=\"twitter:label1\" content=\"Gesch\u00e4tzte Lesezeit\" \/>\n\t<meta name=\"twitter:data1\" content=\"1\u00a0Minute\" \/>\n<script type=\"application\/ld+json\" class=\"yoast-schema-graph\">{\"@context\":\"https:\/\/schema.org\",\"@graph\":[{\"@type\":\"WebPage\",\"@id\":\"https:\/\/turijnmagazijn.nl\/de\/produkt\/turgriff-beifahrerseite-r-fiat-stilo-3-drs\/\",\"url\":\"https:\/\/turijnmagazijn.nl\/de\/produkt\/turgriff-beifahrerseite-r-fiat-stilo-3-drs\/\",\"name\":\"T\u00fcrgriff Beifahrerseite R Fiat Stilo 3 drs - Turijnmagazijn\",\"isPartOf\":{\"@id\":\"https:\/\/turijnmagazijn.jumpstone-dev.nl\/#website\"},\"primaryImageOfPage\":{\"@id\":\"https:\/\/turijnmagazijn.nl\/de\/produkt\/turgriff-beifahrerseite-r-fiat-stilo-3-drs\/#primaryimage\"},\"image\":{\"@id\":\"https:\/\/turijnmagazijn.nl\/de\/produkt\/turgriff-beifahrerseite-r-fiat-stilo-3-drs\/#primaryimage\"},\"thumbnailUrl\":\"https:\/\/turijnmagazijn.nl\/wp-content\/uploads\/2023\/03\/DK00101494_Deurklink_Bijrijderszijde_R_Fiat_Stilo_3_drs_4-1.jpg\",\"datePublished\":\"2023-03-03T08:14:40+00:00\",\"dateModified\":\"2023-07-26T11:59:04+00:00\",\"breadcrumb\":{\"@id\":\"https:\/\/turijnmagazijn.nl\/de\/produkt\/turgriff-beifahrerseite-r-fiat-stilo-3-drs\/#breadcrumb\"},\"inLanguage\":\"de\",\"potentialAction\":[{\"@type\":\"ReadAction\",\"target\":[\"https:\/\/turijnmagazijn.nl\/de\/produkt\/turgriff-beifahrerseite-r-fiat-stilo-3-drs\/\"]}]},{\"@type\":\"ImageObject\",\"inLanguage\":\"de\",\"@id\":\"https:\/\/turijnmagazijn.nl\/de\/produkt\/turgriff-beifahrerseite-r-fiat-stilo-3-drs\/#primaryimage\",\"url\":\"https:\/\/turijnmagazijn.nl\/wp-content\/uploads\/2023\/03\/DK00101494_Deurklink_Bijrijderszijde_R_Fiat_Stilo_3_drs_4-1.jpg\",\"contentUrl\":\"https:\/\/turijnmagazijn.nl\/wp-content\/uploads\/2023\/03\/DK00101494_Deurklink_Bijrijderszijde_R_Fiat_Stilo_3_drs_4-1.jpg\",\"width\":800,\"height\":600},{\"@type\":\"BreadcrumbList\",\"@id\":\"https:\/\/turijnmagazijn.nl\/de\/produkt\/turgriff-beifahrerseite-r-fiat-stilo-3-drs\/#breadcrumb\",\"itemListElement\":[{\"@type\":\"ListItem\",\"position\":1,\"name\":\"Home\",\"item\":\"https:\/\/turijnmagazijn.nl\/de\/\"},{\"@type\":\"ListItem\",\"position\":2,\"name\":\"Produkte\",\"item\":\"https:\/\/turijnmagazijn.nl\/de\/shop\/\"},{\"@type\":\"ListItem\",\"position\":3,\"name\":\"T\u00fcrgriff Beifahrerseite R Fiat Stilo 3 drs\"}]},{\"@type\":\"WebSite\",\"@id\":\"https:\/\/turijnmagazijn.jumpstone-dev.nl\/#website\",\"url\":\"https:\/\/turijnmagazijn.jumpstone-dev.nl\/\",\"name\":\"Turijnmagazijn\",\"description\":\"Onderdelen nieuw en gebruikt - Fiat &amp; Lancia\",\"publisher\":{\"@id\":\"https:\/\/turijnmagazijn.jumpstone-dev.nl\/#organization\"},\"potentialAction\":[{\"@type\":\"SearchAction\",\"target\":{\"@type\":\"EntryPoint\",\"urlTemplate\":\"https:\/\/turijnmagazijn.jumpstone-dev.nl\/?s={search_term_string}\"},\"query-input\":{\"@type\":\"PropertyValueSpecification\",\"valueRequired\":true,\"valueName\":\"search_term_string\"}}],\"inLanguage\":\"de\"},{\"@type\":\"Organization\",\"@id\":\"https:\/\/turijnmagazijn.jumpstone-dev.nl\/#organization\",\"name\":\"Turijnmagazijn\",\"url\":\"https:\/\/turijnmagazijn.jumpstone-dev.nl\/\",\"logo\":{\"@type\":\"ImageObject\",\"inLanguage\":\"de\",\"@id\":\"https:\/\/turijnmagazijn.jumpstone-dev.nl\/#\/schema\/logo\/image\/\",\"url\":\"https:\/\/turijnmagazijn.nl\/wp-content\/uploads\/2021\/02\/turijnmagazijnlogo.png\",\"contentUrl\":\"https:\/\/turijnmagazijn.nl\/wp-content\/uploads\/2021\/02\/turijnmagazijnlogo.png\",\"width\":555,\"height\":270,\"caption\":\"Turijnmagazijn\"},\"image\":{\"@id\":\"https:\/\/turijnmagazijn.jumpstone-dev.nl\/#\/schema\/logo\/image\/\"},\"sameAs\":[\"https:\/\/www.facebook.com\/turijnmagazijn\"]}]}<\/script>\n<!-- \/ Yoast SEO plugin. -->","yoast_head_json":{"title":"T\u00fcrgriff Beifahrerseite R Fiat Stilo 3 drs - Turijnmagazijn","robots":{"index":"index","follow":"follow","max-snippet":"max-snippet:-1","max-image-preview":"max-image-preview:large","max-video-preview":"max-video-preview:-1"},"canonical":"https:\/\/turijnmagazijn.nl\/de\/produkt\/turgriff-beifahrerseite-r-fiat-stilo-3-drs\/","og_locale":"de_DE","og_type":"article","og_title":"T\u00fcrgriff Beifahrerseite R Fiat Stilo 3 drs - Turijnmagazijn","og_description":"T\u00fcrgriff Beifahrerseite R Fiat Stilo 3 drs - T\u00fcrgriff zur Montage auf Beifahrerseite (rechts) f\u00fcr Fiat Stilo in 3-t\u00fcriger Ausf\u00fchrung.","og_url":"https:\/\/turijnmagazijn.nl\/de\/produkt\/turgriff-beifahrerseite-r-fiat-stilo-3-drs\/","og_site_name":"Turijnmagazijn","article_publisher":"https:\/\/www.facebook.com\/turijnmagazijn","article_modified_time":"2023-07-26T11:59:04+00:00","og_image":[{"width":800,"height":600,"url":"https:\/\/turijnmagazijn.jumpstone-dev.nl\/wp-content\/uploads\/2023\/03\/DK00101494_Deurklink_Bijrijderszijde_R_Fiat_Stilo_3_drs_4-1.jpg","type":"image\/jpeg"}],"twitter_card":"summary_large_image","twitter_misc":{"Gesch\u00e4tzte Lesezeit":"1\u00a0Minute"},"schema":{"@context":"https:\/\/schema.org","@graph":[{"@type":"WebPage","@id":"https:\/\/turijnmagazijn.nl\/de\/produkt\/turgriff-beifahrerseite-r-fiat-stilo-3-drs\/","url":"https:\/\/turijnmagazijn.nl\/de\/produkt\/turgriff-beifahrerseite-r-fiat-stilo-3-drs\/","name":"T\u00fcrgriff Beifahrerseite R Fiat Stilo 3 drs - Turijnmagazijn","isPartOf":{"@id":"https:\/\/turijnmagazijn.jumpstone-dev.nl\/#website"},"primaryImageOfPage":{"@id":"https:\/\/turijnmagazijn.nl\/de\/produkt\/turgriff-beifahrerseite-r-fiat-stilo-3-drs\/#primaryimage"},"image":{"@id":"https:\/\/turijnmagazijn.nl\/de\/produkt\/turgriff-beifahrerseite-r-fiat-stilo-3-drs\/#primaryimage"},"thumbnailUrl":"https:\/\/turijnmagazijn.nl\/wp-content\/uploads\/2023\/03\/DK00101494_Deurklink_Bijrijderszijde_R_Fiat_Stilo_3_drs_4-1.jpg","datePublished":"2023-03-03T08:14:40+00:00","dateModified":"2023-07-26T11:59:04+00:00","breadcrumb":{"@id":"https:\/\/turijnmagazijn.nl\/de\/produkt\/turgriff-beifahrerseite-r-fiat-stilo-3-drs\/#breadcrumb"},"inLanguage":"de","potentialAction":[{"@type":"ReadAction","target":["https:\/\/turijnmagazijn.nl\/de\/produkt\/turgriff-beifahrerseite-r-fiat-stilo-3-drs\/"]}]},{"@type":"ImageObject","inLanguage":"de","@id":"https:\/\/turijnmagazijn.nl\/de\/produkt\/turgriff-beifahrerseite-r-fiat-stilo-3-drs\/#primaryimage","url":"https:\/\/turijnmagazijn.nl\/wp-content\/uploads\/2023\/03\/DK00101494_Deurklink_Bijrijderszijde_R_Fiat_Stilo_3_drs_4-1.jpg","contentUrl":"https:\/\/turijnmagazijn.nl\/wp-content\/uploads\/2023\/03\/DK00101494_Deurklink_Bijrijderszijde_R_Fiat_Stilo_3_drs_4-1.jpg","width":800,"height":600},{"@type":"BreadcrumbList","@id":"https:\/\/turijnmagazijn.nl\/de\/produkt\/turgriff-beifahrerseite-r-fiat-stilo-3-drs\/#breadcrumb","itemListElement":[{"@type":"ListItem","position":1,"name":"Home","item":"https:\/\/turijnmagazijn.nl\/de\/"},{"@type":"ListItem","position":2,"name":"Produkte","item":"https:\/\/turijnmagazijn.nl\/de\/shop\/"},{"@type":"ListItem","position":3,"name":"T\u00fcrgriff Beifahrerseite R Fiat Stilo 3 drs"}]},{"@type":"WebSite","@id":"https:\/\/turijnmagazijn.jumpstone-dev.nl\/#website","url":"https:\/\/turijnmagazijn.jumpstone-dev.nl\/","name":"Turijnmagazijn","description":"Onderdelen nieuw en gebruikt - Fiat &amp; Lancia","publisher":{"@id":"https:\/\/turijnmagazijn.jumpstone-dev.nl\/#organization"},"potentialAction":[{"@type":"SearchAction","target":{"@type":"EntryPoint","urlTemplate":"https:\/\/turijnmagazijn.jumpstone-dev.nl\/?s={search_term_string}"},"query-input":{"@type":"PropertyValueSpecification","valueRequired":true,"valueName":"search_term_string"}}],"inLanguage":"de"},{"@type":"Organization","@id":"https:\/\/turijnmagazijn.jumpstone-dev.nl\/#organization","name":"Turijnmagazijn","url":"https:\/\/turijnmagazijn.jumpstone-dev.nl\/","logo":{"@type":"ImageObject","inLanguage":"de","@id":"https:\/\/turijnmagazijn.jumpstone-dev.nl\/#\/schema\/logo\/image\/","url":"https:\/\/turijnmagazijn.nl\/wp-content\/uploads\/2021\/02\/turijnmagazijnlogo.png","contentUrl":"https:\/\/turijnmagazijn.nl\/wp-content\/uploads\/2021\/02\/turijnmagazijnlogo.png","width":555,"height":270,"caption":"Turijnmagazijn"},"image":{"@id":"https:\/\/turijnmagazijn.jumpstone-dev.nl\/#\/schema\/logo\/image\/"},"sameAs":["https:\/\/www.facebook.com\/turijnmagazijn"]}]}},"_links":{"self":[{"href":"https:\/\/turijnmagazijn.nl\/de\/wp-json\/wp\/v2\/product\/63709","targetHints":{"allow":["GET"]}}],"collection":[{"href":"https:\/\/turijnmagazijn.nl\/de\/wp-json\/wp\/v2\/product"}],"about":[{"href":"https:\/\/turijnmagazijn.nl\/de\/wp-json\/wp\/v2\/types\/product"}],"replies":[{"embeddable":true,"href":"https:\/\/turijnmagazijn.nl\/de\/wp-json\/wp\/v2\/comments?post=63709"}],"wp:featuredmedia":[{"embeddable":true,"href":"https:\/\/turijnmagazijn.nl\/de\/wp-json\/wp\/v2\/media\/41557"}],"wp:attachment":[{"href":"https:\/\/turijnmagazijn.nl\/de\/wp-json\/wp\/v2\/media?parent=63709"}],"wp:term":[{"taxonomy":"product_brand","embeddable":true,"href":"https:\/\/turijnmagazijn.nl\/de\/wp-json\/wp\/v2\/product_brand?post=63709"},{"taxonomy":"product_cat","embeddable":true,"href":"https:\/\/turijnmagazijn.nl\/de\/wp-json\/wp\/v2\/product_cat?post=63709"},{"taxonomy":"product_tag","embeddable":true,"href":"https:\/\/turijnmagazijn.nl\/de\/wp-json\/wp\/v2\/product_tag?post=63709"}],"curies":[{"name":"wp","href":"https:\/\/api.w.org\/{rel}","templated":true}]}}