{"id":63815,"date":"2023-03-03T09:15:03","date_gmt":"2023-03-03T08:15:03","guid":{"rendered":"https:\/\/turijnmagazijn.nl\/product\/abdeckplatte-schleppauge-heckstossstange-lancia-kappa-blau\/"},"modified":"2025-04-18T14:47:38","modified_gmt":"2025-04-18T12:47:38","slug":"deckel-abschleppauge-heckstosstange-lancia-kappa-blau","status":"publish","type":"product","link":"https:\/\/turijnmagazijn.nl\/de\/produkt\/deckel-abschleppauge-heckstosstange-lancia-kappa-blau\/","title":{"rendered":"Abdeckplatte Schleppauge Hecksto\u00dfstange Lancia Kappa blau"},"content":{"rendered":"<p><a href=\"https:\/\/turijnmagazijn.nl\/de\/postfachversand\/\" target=\"\" style=\"background-color: rgb(255, 255, 255); color: rgb(35, 82, 124); outline: 0px;\" rel=\"noopener\"><img decoding=\"async\" src=\"https:\/\/www.delenkorf.nl\/image\/catalog\/brievenbus.png\"><\/a><\/p>\n<p>Abdeckplatte f\u00fcr Befestigungspunkt Abschlepp\u00f6se in der hinteren Sto\u00dfstange f\u00fcr Lancia Kappa in Wagenfarbe Blu Lancia. Die Abdeckplatte befindet sich in einem guten Zustand und ist mit allen Laschen und der originalen Kunststoffschnur ausgestattet, mit der die Kappe w\u00e4hrend des Gebrauchs am Sto\u00dff\u00e4nger bleibt. Die Klemmfeder ist ziemlich rostig, aber perfekt nutzbar und unsichtbar, wenn sie in der Sto\u00dfstange montiert wird.<\/p>\n<p>OEM Lancia&nbsp;177271399<\/p>\n","protected":false},"excerpt":{"rendered":"<p>Abdeckplatte Schlepptauge hintere Sto\u00dfstange Lancia Kappa blau &#8211; Abdeckplatte f\u00fcr Befestigungspunkt Abschlepp\u00f6se in der hinteren Sto\u00dfstange f\u00fcr Lancia Kappa in Wagenfarbe Blu Lancia.<\/p>\n","protected":false},"featured_media":42217,"comment_status":"open","ping_status":"closed","template":"","meta":{"_acf_changed":false},"product_brand":[],"product_cat":[1864,1867,1859,1797,1869],"product_tag":[],"class_list":{"0":"post-63815","1":"product","2":"type-product","3":"status-publish","4":"has-post-thumbnail","6":"product_cat-berlina-de","7":"product_cat-coupe-de","8":"product_cat-kappa-838-de","9":"product_cat-lancia-de","10":"product_cat-sw-de","11":"pa_soort-onderdeel-karosserie-und-blech","13":"first","14":"instock","15":"shipping-taxable","16":"purchasable","17":"product-type-simple"},"acf":[],"yoast_head":"<!-- This site is optimized with the Yoast SEO plugin v27.2 - https:\/\/yoast.com\/product\/yoast-seo-wordpress\/ -->\n<title>Abdeckplatte Schleppauge Hecksto\u00dfstange Lancia Kappa blau - Turijnmagazijn<\/title>\n<meta name=\"robots\" content=\"index, follow, max-snippet:-1, max-image-preview:large, max-video-preview:-1\" \/>\n<link rel=\"canonical\" href=\"https:\/\/turijnmagazijn.nl\/de\/produkt\/deckel-abschleppauge-heckstosstange-lancia-kappa-blau\/\" \/>\n<meta property=\"og:locale\" content=\"de_DE\" \/>\n<meta property=\"og:type\" content=\"article\" \/>\n<meta property=\"og:title\" content=\"Abdeckplatte Schleppauge Hecksto\u00dfstange Lancia Kappa blau - Turijnmagazijn\" \/>\n<meta property=\"og:description\" content=\"Abdeckplatte Schlepptauge hintere Sto\u00dfstange Lancia Kappa blau - Abdeckplatte f\u00fcr Befestigungspunkt Abschlepp\u00f6se in der hinteren Sto\u00dfstange f\u00fcr Lancia Kappa in Wagenfarbe Blu Lancia.\" \/>\n<meta property=\"og:url\" content=\"https:\/\/turijnmagazijn.nl\/de\/produkt\/deckel-abschleppauge-heckstosstange-lancia-kappa-blau\/\" \/>\n<meta property=\"og:site_name\" content=\"Turijnmagazijn\" \/>\n<meta property=\"article:publisher\" content=\"https:\/\/www.facebook.com\/turijnmagazijn\" \/>\n<meta property=\"article:modified_time\" content=\"2025-04-18T12:47:38+00:00\" \/>\n<meta property=\"og:image\" content=\"https:\/\/turijnmagazijn.nl\/wp-content\/uploads\/2023\/03\/DK00101704_Afdekplaatje_sleepoog_achterbumper_Lancia_Kappa_blauw_3-1.jpg\" \/>\n\t<meta property=\"og:image:width\" content=\"800\" \/>\n\t<meta property=\"og:image:height\" content=\"600\" \/>\n\t<meta property=\"og:image:type\" content=\"image\/jpeg\" \/>\n<meta name=\"twitter:card\" content=\"summary_large_image\" \/>\n<script type=\"application\/ld+json\" class=\"yoast-schema-graph\">{\"@context\":\"https:\/\/schema.org\",\"@graph\":[{\"@type\":\"WebPage\",\"@id\":\"https:\/\/turijnmagazijn.nl\/de\/produkt\/deckel-abschleppauge-heckstosstange-lancia-kappa-blau\/\",\"url\":\"https:\/\/turijnmagazijn.nl\/de\/produkt\/deckel-abschleppauge-heckstosstange-lancia-kappa-blau\/\",\"name\":\"Abdeckplatte Schleppauge Hecksto\u00dfstange Lancia Kappa blau - Turijnmagazijn\",\"isPartOf\":{\"@id\":\"https:\/\/turijnmagazijn.jumpstone-dev.nl\/#website\"},\"primaryImageOfPage\":{\"@id\":\"https:\/\/turijnmagazijn.nl\/de\/produkt\/deckel-abschleppauge-heckstosstange-lancia-kappa-blau\/#primaryimage\"},\"image\":{\"@id\":\"https:\/\/turijnmagazijn.nl\/de\/produkt\/deckel-abschleppauge-heckstosstange-lancia-kappa-blau\/#primaryimage\"},\"thumbnailUrl\":\"https:\/\/turijnmagazijn.nl\/wp-content\/uploads\/2023\/03\/DK00101704_Afdekplaatje_sleepoog_achterbumper_Lancia_Kappa_blauw_3-1.jpg\",\"datePublished\":\"2023-03-03T08:15:03+00:00\",\"dateModified\":\"2025-04-18T12:47:38+00:00\",\"breadcrumb\":{\"@id\":\"https:\/\/turijnmagazijn.nl\/de\/produkt\/deckel-abschleppauge-heckstosstange-lancia-kappa-blau\/#breadcrumb\"},\"inLanguage\":\"de\",\"potentialAction\":[{\"@type\":\"ReadAction\",\"target\":[\"https:\/\/turijnmagazijn.nl\/de\/produkt\/deckel-abschleppauge-heckstosstange-lancia-kappa-blau\/\"]}]},{\"@type\":\"ImageObject\",\"inLanguage\":\"de\",\"@id\":\"https:\/\/turijnmagazijn.nl\/de\/produkt\/deckel-abschleppauge-heckstosstange-lancia-kappa-blau\/#primaryimage\",\"url\":\"https:\/\/turijnmagazijn.nl\/wp-content\/uploads\/2023\/03\/DK00101704_Afdekplaatje_sleepoog_achterbumper_Lancia_Kappa_blauw_3-1.jpg\",\"contentUrl\":\"https:\/\/turijnmagazijn.nl\/wp-content\/uploads\/2023\/03\/DK00101704_Afdekplaatje_sleepoog_achterbumper_Lancia_Kappa_blauw_3-1.jpg\",\"width\":800,\"height\":600},{\"@type\":\"BreadcrumbList\",\"@id\":\"https:\/\/turijnmagazijn.nl\/de\/produkt\/deckel-abschleppauge-heckstosstange-lancia-kappa-blau\/#breadcrumb\",\"itemListElement\":[{\"@type\":\"ListItem\",\"position\":1,\"name\":\"Home\",\"item\":\"https:\/\/turijnmagazijn.jumpstone-dev.nl\/\"},{\"@type\":\"ListItem\",\"position\":2,\"name\":\"Produkte\",\"item\":\"https:\/\/turijnmagazijn.nl\/de\/shop\/\"},{\"@type\":\"ListItem\",\"position\":3,\"name\":\"Abdeckplatte Schleppauge Hecksto\u00dfstange Lancia Kappa blau\"}]},{\"@type\":\"WebSite\",\"@id\":\"https:\/\/turijnmagazijn.jumpstone-dev.nl\/#website\",\"url\":\"https:\/\/turijnmagazijn.jumpstone-dev.nl\/\",\"name\":\"Turijnmagazijn\",\"description\":\"Onderdelen nieuw en gebruikt - Fiat &amp; Lancia\",\"publisher\":{\"@id\":\"https:\/\/turijnmagazijn.jumpstone-dev.nl\/#organization\"},\"potentialAction\":[{\"@type\":\"SearchAction\",\"target\":{\"@type\":\"EntryPoint\",\"urlTemplate\":\"https:\/\/turijnmagazijn.jumpstone-dev.nl\/?s={search_term_string}\"},\"query-input\":{\"@type\":\"PropertyValueSpecification\",\"valueRequired\":true,\"valueName\":\"search_term_string\"}}],\"inLanguage\":\"de\"},{\"@type\":\"Organization\",\"@id\":\"https:\/\/turijnmagazijn.jumpstone-dev.nl\/#organization\",\"name\":\"Turijnmagazijn\",\"url\":\"https:\/\/turijnmagazijn.jumpstone-dev.nl\/\",\"logo\":{\"@type\":\"ImageObject\",\"inLanguage\":\"de\",\"@id\":\"https:\/\/turijnmagazijn.jumpstone-dev.nl\/#\/schema\/logo\/image\/\",\"url\":\"https:\/\/turijnmagazijn.nl\/wp-content\/uploads\/2021\/02\/turijnmagazijnlogo.png\",\"contentUrl\":\"https:\/\/turijnmagazijn.nl\/wp-content\/uploads\/2021\/02\/turijnmagazijnlogo.png\",\"width\":555,\"height\":270,\"caption\":\"Turijnmagazijn\"},\"image\":{\"@id\":\"https:\/\/turijnmagazijn.jumpstone-dev.nl\/#\/schema\/logo\/image\/\"},\"sameAs\":[\"https:\/\/www.facebook.com\/turijnmagazijn\"]}]}<\/script>\n<!-- \/ Yoast SEO plugin. -->","yoast_head_json":{"title":"Abdeckplatte Schleppauge Hecksto\u00dfstange Lancia Kappa blau - Turijnmagazijn","robots":{"index":"index","follow":"follow","max-snippet":"max-snippet:-1","max-image-preview":"max-image-preview:large","max-video-preview":"max-video-preview:-1"},"canonical":"https:\/\/turijnmagazijn.nl\/de\/produkt\/deckel-abschleppauge-heckstosstange-lancia-kappa-blau\/","og_locale":"de_DE","og_type":"article","og_title":"Abdeckplatte Schleppauge Hecksto\u00dfstange Lancia Kappa blau - Turijnmagazijn","og_description":"Abdeckplatte Schlepptauge hintere Sto\u00dfstange Lancia Kappa blau - Abdeckplatte f\u00fcr Befestigungspunkt Abschlepp\u00f6se in der hinteren Sto\u00dfstange f\u00fcr Lancia Kappa in Wagenfarbe Blu Lancia.","og_url":"https:\/\/turijnmagazijn.nl\/de\/produkt\/deckel-abschleppauge-heckstosstange-lancia-kappa-blau\/","og_site_name":"Turijnmagazijn","article_publisher":"https:\/\/www.facebook.com\/turijnmagazijn","article_modified_time":"2025-04-18T12:47:38+00:00","og_image":[{"width":800,"height":600,"url":"https:\/\/turijnmagazijn.nl\/wp-content\/uploads\/2023\/03\/DK00101704_Afdekplaatje_sleepoog_achterbumper_Lancia_Kappa_blauw_3-1.jpg","type":"image\/jpeg"}],"twitter_card":"summary_large_image","schema":{"@context":"https:\/\/schema.org","@graph":[{"@type":"WebPage","@id":"https:\/\/turijnmagazijn.nl\/de\/produkt\/deckel-abschleppauge-heckstosstange-lancia-kappa-blau\/","url":"https:\/\/turijnmagazijn.nl\/de\/produkt\/deckel-abschleppauge-heckstosstange-lancia-kappa-blau\/","name":"Abdeckplatte Schleppauge Hecksto\u00dfstange Lancia Kappa blau - Turijnmagazijn","isPartOf":{"@id":"https:\/\/turijnmagazijn.jumpstone-dev.nl\/#website"},"primaryImageOfPage":{"@id":"https:\/\/turijnmagazijn.nl\/de\/produkt\/deckel-abschleppauge-heckstosstange-lancia-kappa-blau\/#primaryimage"},"image":{"@id":"https:\/\/turijnmagazijn.nl\/de\/produkt\/deckel-abschleppauge-heckstosstange-lancia-kappa-blau\/#primaryimage"},"thumbnailUrl":"https:\/\/turijnmagazijn.nl\/wp-content\/uploads\/2023\/03\/DK00101704_Afdekplaatje_sleepoog_achterbumper_Lancia_Kappa_blauw_3-1.jpg","datePublished":"2023-03-03T08:15:03+00:00","dateModified":"2025-04-18T12:47:38+00:00","breadcrumb":{"@id":"https:\/\/turijnmagazijn.nl\/de\/produkt\/deckel-abschleppauge-heckstosstange-lancia-kappa-blau\/#breadcrumb"},"inLanguage":"de","potentialAction":[{"@type":"ReadAction","target":["https:\/\/turijnmagazijn.nl\/de\/produkt\/deckel-abschleppauge-heckstosstange-lancia-kappa-blau\/"]}]},{"@type":"ImageObject","inLanguage":"de","@id":"https:\/\/turijnmagazijn.nl\/de\/produkt\/deckel-abschleppauge-heckstosstange-lancia-kappa-blau\/#primaryimage","url":"https:\/\/turijnmagazijn.nl\/wp-content\/uploads\/2023\/03\/DK00101704_Afdekplaatje_sleepoog_achterbumper_Lancia_Kappa_blauw_3-1.jpg","contentUrl":"https:\/\/turijnmagazijn.nl\/wp-content\/uploads\/2023\/03\/DK00101704_Afdekplaatje_sleepoog_achterbumper_Lancia_Kappa_blauw_3-1.jpg","width":800,"height":600},{"@type":"BreadcrumbList","@id":"https:\/\/turijnmagazijn.nl\/de\/produkt\/deckel-abschleppauge-heckstosstange-lancia-kappa-blau\/#breadcrumb","itemListElement":[{"@type":"ListItem","position":1,"name":"Home","item":"https:\/\/turijnmagazijn.jumpstone-dev.nl\/"},{"@type":"ListItem","position":2,"name":"Produkte","item":"https:\/\/turijnmagazijn.nl\/de\/shop\/"},{"@type":"ListItem","position":3,"name":"Abdeckplatte Schleppauge Hecksto\u00dfstange Lancia Kappa blau"}]},{"@type":"WebSite","@id":"https:\/\/turijnmagazijn.jumpstone-dev.nl\/#website","url":"https:\/\/turijnmagazijn.jumpstone-dev.nl\/","name":"Turijnmagazijn","description":"Onderdelen nieuw en gebruikt - Fiat &amp; Lancia","publisher":{"@id":"https:\/\/turijnmagazijn.jumpstone-dev.nl\/#organization"},"potentialAction":[{"@type":"SearchAction","target":{"@type":"EntryPoint","urlTemplate":"https:\/\/turijnmagazijn.jumpstone-dev.nl\/?s={search_term_string}"},"query-input":{"@type":"PropertyValueSpecification","valueRequired":true,"valueName":"search_term_string"}}],"inLanguage":"de"},{"@type":"Organization","@id":"https:\/\/turijnmagazijn.jumpstone-dev.nl\/#organization","name":"Turijnmagazijn","url":"https:\/\/turijnmagazijn.jumpstone-dev.nl\/","logo":{"@type":"ImageObject","inLanguage":"de","@id":"https:\/\/turijnmagazijn.jumpstone-dev.nl\/#\/schema\/logo\/image\/","url":"https:\/\/turijnmagazijn.nl\/wp-content\/uploads\/2021\/02\/turijnmagazijnlogo.png","contentUrl":"https:\/\/turijnmagazijn.nl\/wp-content\/uploads\/2021\/02\/turijnmagazijnlogo.png","width":555,"height":270,"caption":"Turijnmagazijn"},"image":{"@id":"https:\/\/turijnmagazijn.jumpstone-dev.nl\/#\/schema\/logo\/image\/"},"sameAs":["https:\/\/www.facebook.com\/turijnmagazijn"]}]}},"_links":{"self":[{"href":"https:\/\/turijnmagazijn.nl\/de\/wp-json\/wp\/v2\/product\/63815","targetHints":{"allow":["GET"]}}],"collection":[{"href":"https:\/\/turijnmagazijn.nl\/de\/wp-json\/wp\/v2\/product"}],"about":[{"href":"https:\/\/turijnmagazijn.nl\/de\/wp-json\/wp\/v2\/types\/product"}],"replies":[{"embeddable":true,"href":"https:\/\/turijnmagazijn.nl\/de\/wp-json\/wp\/v2\/comments?post=63815"}],"wp:featuredmedia":[{"embeddable":true,"href":"https:\/\/turijnmagazijn.nl\/de\/wp-json\/wp\/v2\/media\/42217"}],"wp:attachment":[{"href":"https:\/\/turijnmagazijn.nl\/de\/wp-json\/wp\/v2\/media?parent=63815"}],"wp:term":[{"taxonomy":"product_brand","embeddable":true,"href":"https:\/\/turijnmagazijn.nl\/de\/wp-json\/wp\/v2\/product_brand?post=63815"},{"taxonomy":"product_cat","embeddable":true,"href":"https:\/\/turijnmagazijn.nl\/de\/wp-json\/wp\/v2\/product_cat?post=63815"},{"taxonomy":"product_tag","embeddable":true,"href":"https:\/\/turijnmagazijn.nl\/de\/wp-json\/wp\/v2\/product_tag?post=63815"}],"curies":[{"name":"wp","href":"https:\/\/api.w.org\/{rel}","templated":true}]}}