{"id":63821,"date":"2023-03-03T08:15:03","date_gmt":"2023-03-03T07:15:03","guid":{"rendered":"https:\/\/turijnmagazijn.nl\/product\/dekorative-stuecktuer-alfa-147-rechts-vorne-hinten\/"},"modified":"2025-04-17T17:04:40","modified_gmt":"2025-04-17T15:04:40","slug":"ornament-tursteher-alfa-147-rechts-vorne-hinten","status":"publish","type":"product","link":"https:\/\/turijnmagazijn.nl\/de\/produkt\/ornament-tursteher-alfa-147-rechts-vorne-hinten\/","title":{"rendered":"Dekorative St\u00fcckt\u00fcr Alfa 147 rechts vorne + hinten"},"content":{"rendered":"<p>Dekoratives Tuk f\u00fcr die Montage in der T\u00fcr auf der rechten Seite, sowohl f\u00fcr die Vordert\u00fcr als auch f\u00fcr die Heckt\u00fcr auf der rechten Seite. Komplett mit Lautsprechergitter f\u00fcr den Hocht\u00f6ner in gutem Zustand, nicht verbeult. Inklusive Abdeckstecker.<\/p>\n<p>OEM Alfa Romeo&nbsp;<span style=\"text-align: -webkit-right;\">735302252<\/span><\/p>\n","protected":false},"excerpt":{"rendered":"<p>Dekorative St\u00fcckt\u00fcr Alfa 147 rechts vorne + hinten &#8211; Siertuk f\u00fcr den Einbau in der T\u00fcr rechts, sowohl f\u00fcr die vordere T\u00fcr als auch f\u00fcr die hintere T\u00fcr auf der rechten Seite zu verwenden.<\/p>\n","protected":false},"featured_media":42081,"comment_status":"open","ping_status":"closed","template":"","meta":{"_acf_changed":false},"product_brand":[],"product_cat":[1605,1584],"product_tag":[],"class_list":{"0":"post-63821","1":"product","2":"type-product","3":"status-publish","4":"has-post-thumbnail","6":"product_cat-147-937-de","7":"product_cat-alfa-romeo-de","8":"pa_soort-onderdeel-interieur-und-polsterung","9":"pa_soort-onderdeel-karosserie-und-blech","11":"first","12":"instock","13":"shipping-taxable","14":"purchasable","15":"product-type-simple"},"acf":[],"yoast_head":"<!-- This site is optimized with the Yoast SEO plugin v27.2 - https:\/\/yoast.com\/product\/yoast-seo-wordpress\/ -->\n<title>Dekorative St\u00fcckt\u00fcr Alfa 147 rechts vorne + hinten - Turijnmagazijn<\/title>\n<meta name=\"robots\" content=\"index, follow, max-snippet:-1, max-image-preview:large, max-video-preview:-1\" \/>\n<link rel=\"canonical\" href=\"https:\/\/turijnmagazijn.nl\/de\/produkt\/ornament-tursteher-alfa-147-rechts-vorne-hinten\/\" \/>\n<meta property=\"og:locale\" content=\"de_DE\" \/>\n<meta property=\"og:type\" content=\"article\" \/>\n<meta property=\"og:title\" content=\"Dekorative St\u00fcckt\u00fcr Alfa 147 rechts vorne + hinten - Turijnmagazijn\" \/>\n<meta property=\"og:description\" content=\"Dekorative St\u00fcckt\u00fcr Alfa 147 rechts vorne + hinten - Siertuk f\u00fcr den Einbau in der T\u00fcr rechts, sowohl f\u00fcr die vordere T\u00fcr als auch f\u00fcr die hintere T\u00fcr auf der rechten Seite zu verwenden.\" \/>\n<meta property=\"og:url\" content=\"https:\/\/turijnmagazijn.nl\/de\/produkt\/ornament-tursteher-alfa-147-rechts-vorne-hinten\/\" \/>\n<meta property=\"og:site_name\" content=\"Turijnmagazijn\" \/>\n<meta property=\"article:publisher\" content=\"https:\/\/www.facebook.com\/turijnmagazijn\" \/>\n<meta property=\"article:modified_time\" content=\"2025-04-17T15:04:40+00:00\" \/>\n<meta property=\"og:image\" content=\"https:\/\/turijnmagazijn.nl\/wp-content\/uploads\/2023\/03\/DK0010165520Sierstuk20portier20Alfa2014720rechts20voor2020achter207.jpg\" \/>\n\t<meta property=\"og:image:width\" content=\"800\" \/>\n\t<meta property=\"og:image:height\" content=\"600\" \/>\n\t<meta property=\"og:image:type\" content=\"image\/jpeg\" \/>\n<meta name=\"twitter:card\" content=\"summary_large_image\" \/>\n<script type=\"application\/ld+json\" class=\"yoast-schema-graph\">{\"@context\":\"https:\/\/schema.org\",\"@graph\":[{\"@type\":\"WebPage\",\"@id\":\"https:\/\/turijnmagazijn.nl\/de\/produkt\/ornament-tursteher-alfa-147-rechts-vorne-hinten\/\",\"url\":\"https:\/\/turijnmagazijn.nl\/de\/produkt\/ornament-tursteher-alfa-147-rechts-vorne-hinten\/\",\"name\":\"Dekorative St\u00fcckt\u00fcr Alfa 147 rechts vorne + hinten - Turijnmagazijn\",\"isPartOf\":{\"@id\":\"https:\/\/turijnmagazijn.jumpstone-dev.nl\/#website\"},\"primaryImageOfPage\":{\"@id\":\"https:\/\/turijnmagazijn.nl\/de\/produkt\/ornament-tursteher-alfa-147-rechts-vorne-hinten\/#primaryimage\"},\"image\":{\"@id\":\"https:\/\/turijnmagazijn.nl\/de\/produkt\/ornament-tursteher-alfa-147-rechts-vorne-hinten\/#primaryimage\"},\"thumbnailUrl\":\"https:\/\/turijnmagazijn.nl\/wp-content\/uploads\/2023\/03\/DK0010165520Sierstuk20portier20Alfa2014720rechts20voor2020achter207.jpg\",\"datePublished\":\"2023-03-03T07:15:03+00:00\",\"dateModified\":\"2025-04-17T15:04:40+00:00\",\"breadcrumb\":{\"@id\":\"https:\/\/turijnmagazijn.nl\/de\/produkt\/ornament-tursteher-alfa-147-rechts-vorne-hinten\/#breadcrumb\"},\"inLanguage\":\"de\",\"potentialAction\":[{\"@type\":\"ReadAction\",\"target\":[\"https:\/\/turijnmagazijn.nl\/de\/produkt\/ornament-tursteher-alfa-147-rechts-vorne-hinten\/\"]}]},{\"@type\":\"ImageObject\",\"inLanguage\":\"de\",\"@id\":\"https:\/\/turijnmagazijn.nl\/de\/produkt\/ornament-tursteher-alfa-147-rechts-vorne-hinten\/#primaryimage\",\"url\":\"https:\/\/turijnmagazijn.nl\/wp-content\/uploads\/2023\/03\/DK0010165520Sierstuk20portier20Alfa2014720rechts20voor2020achter207.jpg\",\"contentUrl\":\"https:\/\/turijnmagazijn.nl\/wp-content\/uploads\/2023\/03\/DK0010165520Sierstuk20portier20Alfa2014720rechts20voor2020achter207.jpg\",\"width\":800,\"height\":600},{\"@type\":\"BreadcrumbList\",\"@id\":\"https:\/\/turijnmagazijn.nl\/de\/produkt\/ornament-tursteher-alfa-147-rechts-vorne-hinten\/#breadcrumb\",\"itemListElement\":[{\"@type\":\"ListItem\",\"position\":1,\"name\":\"Home\",\"item\":\"https:\/\/turijnmagazijn.nl\/de\/\"},{\"@type\":\"ListItem\",\"position\":2,\"name\":\"Produkte\",\"item\":\"https:\/\/turijnmagazijn.nl\/de\/shop\/\"},{\"@type\":\"ListItem\",\"position\":3,\"name\":\"Dekorative St\u00fcckt\u00fcr Alfa 147 rechts vorne + hinten\"}]},{\"@type\":\"WebSite\",\"@id\":\"https:\/\/turijnmagazijn.jumpstone-dev.nl\/#website\",\"url\":\"https:\/\/turijnmagazijn.jumpstone-dev.nl\/\",\"name\":\"Turijnmagazijn\",\"description\":\"Onderdelen nieuw en gebruikt - Fiat &amp; Lancia\",\"publisher\":{\"@id\":\"https:\/\/turijnmagazijn.jumpstone-dev.nl\/#organization\"},\"potentialAction\":[{\"@type\":\"SearchAction\",\"target\":{\"@type\":\"EntryPoint\",\"urlTemplate\":\"https:\/\/turijnmagazijn.jumpstone-dev.nl\/?s={search_term_string}\"},\"query-input\":{\"@type\":\"PropertyValueSpecification\",\"valueRequired\":true,\"valueName\":\"search_term_string\"}}],\"inLanguage\":\"de\"},{\"@type\":\"Organization\",\"@id\":\"https:\/\/turijnmagazijn.jumpstone-dev.nl\/#organization\",\"name\":\"Turijnmagazijn\",\"url\":\"https:\/\/turijnmagazijn.jumpstone-dev.nl\/\",\"logo\":{\"@type\":\"ImageObject\",\"inLanguage\":\"de\",\"@id\":\"https:\/\/turijnmagazijn.jumpstone-dev.nl\/#\/schema\/logo\/image\/\",\"url\":\"https:\/\/turijnmagazijn.nl\/wp-content\/uploads\/2021\/02\/turijnmagazijnlogo.png\",\"contentUrl\":\"https:\/\/turijnmagazijn.nl\/wp-content\/uploads\/2021\/02\/turijnmagazijnlogo.png\",\"width\":555,\"height\":270,\"caption\":\"Turijnmagazijn\"},\"image\":{\"@id\":\"https:\/\/turijnmagazijn.jumpstone-dev.nl\/#\/schema\/logo\/image\/\"},\"sameAs\":[\"https:\/\/www.facebook.com\/turijnmagazijn\"]}]}<\/script>\n<!-- \/ Yoast SEO plugin. -->","yoast_head_json":{"title":"Dekorative St\u00fcckt\u00fcr Alfa 147 rechts vorne + hinten - Turijnmagazijn","robots":{"index":"index","follow":"follow","max-snippet":"max-snippet:-1","max-image-preview":"max-image-preview:large","max-video-preview":"max-video-preview:-1"},"canonical":"https:\/\/turijnmagazijn.nl\/de\/produkt\/ornament-tursteher-alfa-147-rechts-vorne-hinten\/","og_locale":"de_DE","og_type":"article","og_title":"Dekorative St\u00fcckt\u00fcr Alfa 147 rechts vorne + hinten - Turijnmagazijn","og_description":"Dekorative St\u00fcckt\u00fcr Alfa 147 rechts vorne + hinten - Siertuk f\u00fcr den Einbau in der T\u00fcr rechts, sowohl f\u00fcr die vordere T\u00fcr als auch f\u00fcr die hintere T\u00fcr auf der rechten Seite zu verwenden.","og_url":"https:\/\/turijnmagazijn.nl\/de\/produkt\/ornament-tursteher-alfa-147-rechts-vorne-hinten\/","og_site_name":"Turijnmagazijn","article_publisher":"https:\/\/www.facebook.com\/turijnmagazijn","article_modified_time":"2025-04-17T15:04:40+00:00","og_image":[{"width":800,"height":600,"url":"https:\/\/turijnmagazijn.nl\/wp-content\/uploads\/2023\/03\/DK0010165520Sierstuk20portier20Alfa2014720rechts20voor2020achter207.jpg","type":"image\/jpeg"}],"twitter_card":"summary_large_image","schema":{"@context":"https:\/\/schema.org","@graph":[{"@type":"WebPage","@id":"https:\/\/turijnmagazijn.nl\/de\/produkt\/ornament-tursteher-alfa-147-rechts-vorne-hinten\/","url":"https:\/\/turijnmagazijn.nl\/de\/produkt\/ornament-tursteher-alfa-147-rechts-vorne-hinten\/","name":"Dekorative St\u00fcckt\u00fcr Alfa 147 rechts vorne + hinten - Turijnmagazijn","isPartOf":{"@id":"https:\/\/turijnmagazijn.jumpstone-dev.nl\/#website"},"primaryImageOfPage":{"@id":"https:\/\/turijnmagazijn.nl\/de\/produkt\/ornament-tursteher-alfa-147-rechts-vorne-hinten\/#primaryimage"},"image":{"@id":"https:\/\/turijnmagazijn.nl\/de\/produkt\/ornament-tursteher-alfa-147-rechts-vorne-hinten\/#primaryimage"},"thumbnailUrl":"https:\/\/turijnmagazijn.nl\/wp-content\/uploads\/2023\/03\/DK0010165520Sierstuk20portier20Alfa2014720rechts20voor2020achter207.jpg","datePublished":"2023-03-03T07:15:03+00:00","dateModified":"2025-04-17T15:04:40+00:00","breadcrumb":{"@id":"https:\/\/turijnmagazijn.nl\/de\/produkt\/ornament-tursteher-alfa-147-rechts-vorne-hinten\/#breadcrumb"},"inLanguage":"de","potentialAction":[{"@type":"ReadAction","target":["https:\/\/turijnmagazijn.nl\/de\/produkt\/ornament-tursteher-alfa-147-rechts-vorne-hinten\/"]}]},{"@type":"ImageObject","inLanguage":"de","@id":"https:\/\/turijnmagazijn.nl\/de\/produkt\/ornament-tursteher-alfa-147-rechts-vorne-hinten\/#primaryimage","url":"https:\/\/turijnmagazijn.nl\/wp-content\/uploads\/2023\/03\/DK0010165520Sierstuk20portier20Alfa2014720rechts20voor2020achter207.jpg","contentUrl":"https:\/\/turijnmagazijn.nl\/wp-content\/uploads\/2023\/03\/DK0010165520Sierstuk20portier20Alfa2014720rechts20voor2020achter207.jpg","width":800,"height":600},{"@type":"BreadcrumbList","@id":"https:\/\/turijnmagazijn.nl\/de\/produkt\/ornament-tursteher-alfa-147-rechts-vorne-hinten\/#breadcrumb","itemListElement":[{"@type":"ListItem","position":1,"name":"Home","item":"https:\/\/turijnmagazijn.nl\/de\/"},{"@type":"ListItem","position":2,"name":"Produkte","item":"https:\/\/turijnmagazijn.nl\/de\/shop\/"},{"@type":"ListItem","position":3,"name":"Dekorative St\u00fcckt\u00fcr Alfa 147 rechts vorne + hinten"}]},{"@type":"WebSite","@id":"https:\/\/turijnmagazijn.jumpstone-dev.nl\/#website","url":"https:\/\/turijnmagazijn.jumpstone-dev.nl\/","name":"Turijnmagazijn","description":"Onderdelen nieuw en gebruikt - Fiat &amp; Lancia","publisher":{"@id":"https:\/\/turijnmagazijn.jumpstone-dev.nl\/#organization"},"potentialAction":[{"@type":"SearchAction","target":{"@type":"EntryPoint","urlTemplate":"https:\/\/turijnmagazijn.jumpstone-dev.nl\/?s={search_term_string}"},"query-input":{"@type":"PropertyValueSpecification","valueRequired":true,"valueName":"search_term_string"}}],"inLanguage":"de"},{"@type":"Organization","@id":"https:\/\/turijnmagazijn.jumpstone-dev.nl\/#organization","name":"Turijnmagazijn","url":"https:\/\/turijnmagazijn.jumpstone-dev.nl\/","logo":{"@type":"ImageObject","inLanguage":"de","@id":"https:\/\/turijnmagazijn.jumpstone-dev.nl\/#\/schema\/logo\/image\/","url":"https:\/\/turijnmagazijn.nl\/wp-content\/uploads\/2021\/02\/turijnmagazijnlogo.png","contentUrl":"https:\/\/turijnmagazijn.nl\/wp-content\/uploads\/2021\/02\/turijnmagazijnlogo.png","width":555,"height":270,"caption":"Turijnmagazijn"},"image":{"@id":"https:\/\/turijnmagazijn.jumpstone-dev.nl\/#\/schema\/logo\/image\/"},"sameAs":["https:\/\/www.facebook.com\/turijnmagazijn"]}]}},"_links":{"self":[{"href":"https:\/\/turijnmagazijn.nl\/de\/wp-json\/wp\/v2\/product\/63821","targetHints":{"allow":["GET"]}}],"collection":[{"href":"https:\/\/turijnmagazijn.nl\/de\/wp-json\/wp\/v2\/product"}],"about":[{"href":"https:\/\/turijnmagazijn.nl\/de\/wp-json\/wp\/v2\/types\/product"}],"replies":[{"embeddable":true,"href":"https:\/\/turijnmagazijn.nl\/de\/wp-json\/wp\/v2\/comments?post=63821"}],"wp:featuredmedia":[{"embeddable":true,"href":"https:\/\/turijnmagazijn.nl\/de\/wp-json\/wp\/v2\/media\/42081"}],"wp:attachment":[{"href":"https:\/\/turijnmagazijn.nl\/de\/wp-json\/wp\/v2\/media?parent=63821"}],"wp:term":[{"taxonomy":"product_brand","embeddable":true,"href":"https:\/\/turijnmagazijn.nl\/de\/wp-json\/wp\/v2\/product_brand?post=63821"},{"taxonomy":"product_cat","embeddable":true,"href":"https:\/\/turijnmagazijn.nl\/de\/wp-json\/wp\/v2\/product_cat?post=63821"},{"taxonomy":"product_tag","embeddable":true,"href":"https:\/\/turijnmagazijn.nl\/de\/wp-json\/wp\/v2\/product_tag?post=63821"}],"curies":[{"name":"wp","href":"https:\/\/api.w.org\/{rel}","templated":true}]}}