{"id":63827,"date":"2023-03-03T09:15:24","date_gmt":"2023-03-03T08:15:24","guid":{"rendered":"https:\/\/turijnmagazijn.nl\/product\/zuendkerzenkabel-gerades-teil-alfa-romeo-twin-spark-pro-stueck\/"},"modified":"2023-07-26T14:02:55","modified_gmt":"2023-07-26T12:02:55","slug":"zundkerzenkabel-gerades-teil-alpha-romeo-twin-spark-per-piece","status":"publish","type":"product","link":"https:\/\/turijnmagazijn.nl\/de\/produkt\/zundkerzenkabel-gerades-teil-alpha-romeo-twin-spark-per-piece\/","title":{"rendered":"Z\u00fcndkerzenkabel gerades Teil Alfa Romeo Twin Spark pro St\u00fcck"},"content":{"rendered":"<p><a href=\"https:\/\/turijnmagazijn.nl\/de\/postfachversand\/\" target=\"\" style=\"background-color: rgb(255, 255, 255); color: rgb(35, 82, 124); outline: 0px;\" rel=\"noopener\"><img decoding=\"async\" src=\"https:\/\/www.delenkorf.nl\/image\/catalog\/brievenbus.png\"><\/a><\/p>\n<p>Z\u00fcndkerzenkabel f\u00fcr die tiefen Z\u00fcndkerzen f\u00fcr alle Twin Spark Motoren.  &nbsp;Gebrauchtes Z\u00fcndkerzenkabel aus einem Alfa Romeo 147 mit 1.6 Twin Spark Benzinmotor aus dem Jahr 2002, aber auch anwendbar auf alle anderen CF2 und CF3 Twin Spark Motoren in Alfa Romeo 156, 147 und 166.<\/p>\n<p>Bosch 0 356 100 107<\/p>\n<p>OEM Alfa Romeo&nbsp;<span style=\"text-align: -webkit-right;\">71713719<\/span><\/p>\n","protected":false},"excerpt":{"rendered":"<p>Z\u00fcndkerzenkabel gerade Teil Alfa Romeo Twin Spark &#8211; Z\u00fcndkerzenkabel f\u00fcr die tief platzierten Z\u00fcndkerzen f\u00fcr alle Twin Spark Motoren. Z\u00fcndkerzenkabel gerade Teil Alfa Romeo Twin Spark pro St\u00fcck &#8211; Z\u00fcndkerzenkabel f\u00fcr die tief platzierten Z\u00fcndkerzen f\u00fcr alle Twin Spark Motoren.<\/p>\n","protected":false},"featured_media":42233,"comment_status":"open","ping_status":"closed","template":"","meta":{"_acf_changed":false},"product_brand":[],"product_cat":[1605,1616,1651,1584],"product_tag":[],"class_list":{"0":"post-63827","1":"product","2":"type-product","3":"status-publish","4":"has-post-thumbnail","6":"product_cat-147-937-de","7":"product_cat-156-932-de","8":"product_cat-166-936-de","9":"product_cat-alfa-romeo-de","10":"pa_soort-onderdeel-kraftstoffsysteme","11":"pa_soort-onderdeel-motor-und-zubehor","13":"first","14":"instock","15":"shipping-taxable","16":"purchasable","17":"product-type-simple"},"acf":[],"yoast_head":"<!-- This site is optimized with the Yoast SEO plugin v27.3 - https:\/\/yoast.com\/product\/yoast-seo-wordpress\/ -->\n<title>Z\u00fcndkerzenkabel gerades Teil Alfa Romeo Twin Spark pro St\u00fcck - Turijnmagazijn<\/title>\n<meta name=\"robots\" content=\"index, follow, max-snippet:-1, max-image-preview:large, max-video-preview:-1\" \/>\n<link rel=\"canonical\" href=\"https:\/\/turijnmagazijn.nl\/de\/produkt\/zundkerzenkabel-gerades-teil-alpha-romeo-twin-spark-per-piece\/\" \/>\n<meta property=\"og:locale\" content=\"de_DE\" \/>\n<meta property=\"og:type\" content=\"article\" \/>\n<meta property=\"og:title\" content=\"Z\u00fcndkerzenkabel gerades Teil Alfa Romeo Twin Spark pro St\u00fcck - Turijnmagazijn\" \/>\n<meta property=\"og:description\" content=\"Z\u00fcndkerzenkabel gerade Teil Alfa Romeo Twin Spark - Z\u00fcndkerzenkabel f\u00fcr die tief platzierten Z\u00fcndkerzen f\u00fcr alle Twin Spark Motoren. Z\u00fcndkerzenkabel gerade Teil Alfa Romeo Twin Spark pro St\u00fcck - Z\u00fcndkerzenkabel f\u00fcr die tief platzierten Z\u00fcndkerzen f\u00fcr alle Twin Spark Motoren.\" \/>\n<meta property=\"og:url\" content=\"https:\/\/turijnmagazijn.nl\/de\/produkt\/zundkerzenkabel-gerades-teil-alpha-romeo-twin-spark-per-piece\/\" \/>\n<meta property=\"og:site_name\" content=\"Turijnmagazijn\" \/>\n<meta property=\"article:publisher\" content=\"https:\/\/www.facebook.com\/turijnmagazijn\" \/>\n<meta property=\"article:modified_time\" content=\"2023-07-26T12:02:55+00:00\" \/>\n<meta property=\"og:image\" content=\"https:\/\/turijnmagazijn.jumpstone-dev.nl\/wp-content\/uploads\/2023\/03\/DK00101708_4-1.jpg\" \/>\n\t<meta property=\"og:image:width\" content=\"800\" \/>\n\t<meta property=\"og:image:height\" content=\"600\" \/>\n\t<meta property=\"og:image:type\" content=\"image\/jpeg\" \/>\n<meta name=\"twitter:card\" content=\"summary_large_image\" \/>\n<script type=\"application\/ld+json\" class=\"yoast-schema-graph\">{\"@context\":\"https:\\\/\\\/schema.org\",\"@graph\":[{\"@type\":\"WebPage\",\"@id\":\"https:\\\/\\\/turijnmagazijn.nl\\\/de\\\/produkt\\\/zundkerzenkabel-gerades-teil-alpha-romeo-twin-spark-per-piece\\\/\",\"url\":\"https:\\\/\\\/turijnmagazijn.nl\\\/de\\\/produkt\\\/zundkerzenkabel-gerades-teil-alpha-romeo-twin-spark-per-piece\\\/\",\"name\":\"Z\u00fcndkerzenkabel gerades Teil Alfa Romeo Twin Spark pro St\u00fcck - Turijnmagazijn\",\"isPartOf\":{\"@id\":\"https:\\\/\\\/turijnmagazijn.jumpstone-dev.nl\\\/#website\"},\"primaryImageOfPage\":{\"@id\":\"https:\\\/\\\/turijnmagazijn.nl\\\/de\\\/produkt\\\/zundkerzenkabel-gerades-teil-alpha-romeo-twin-spark-per-piece\\\/#primaryimage\"},\"image\":{\"@id\":\"https:\\\/\\\/turijnmagazijn.nl\\\/de\\\/produkt\\\/zundkerzenkabel-gerades-teil-alpha-romeo-twin-spark-per-piece\\\/#primaryimage\"},\"thumbnailUrl\":\"https:\\\/\\\/turijnmagazijn.nl\\\/wp-content\\\/uploads\\\/2023\\\/03\\\/DK00101708_4-1.jpg\",\"datePublished\":\"2023-03-03T08:15:24+00:00\",\"dateModified\":\"2023-07-26T12:02:55+00:00\",\"breadcrumb\":{\"@id\":\"https:\\\/\\\/turijnmagazijn.nl\\\/de\\\/produkt\\\/zundkerzenkabel-gerades-teil-alpha-romeo-twin-spark-per-piece\\\/#breadcrumb\"},\"inLanguage\":\"de\",\"potentialAction\":[{\"@type\":\"ReadAction\",\"target\":[\"https:\\\/\\\/turijnmagazijn.nl\\\/de\\\/produkt\\\/zundkerzenkabel-gerades-teil-alpha-romeo-twin-spark-per-piece\\\/\"]}]},{\"@type\":\"ImageObject\",\"inLanguage\":\"de\",\"@id\":\"https:\\\/\\\/turijnmagazijn.nl\\\/de\\\/produkt\\\/zundkerzenkabel-gerades-teil-alpha-romeo-twin-spark-per-piece\\\/#primaryimage\",\"url\":\"https:\\\/\\\/turijnmagazijn.nl\\\/wp-content\\\/uploads\\\/2023\\\/03\\\/DK00101708_4-1.jpg\",\"contentUrl\":\"https:\\\/\\\/turijnmagazijn.nl\\\/wp-content\\\/uploads\\\/2023\\\/03\\\/DK00101708_4-1.jpg\",\"width\":800,\"height\":600},{\"@type\":\"BreadcrumbList\",\"@id\":\"https:\\\/\\\/turijnmagazijn.nl\\\/de\\\/produkt\\\/zundkerzenkabel-gerades-teil-alpha-romeo-twin-spark-per-piece\\\/#breadcrumb\",\"itemListElement\":[{\"@type\":\"ListItem\",\"position\":1,\"name\":\"Home\",\"item\":\"https:\\\/\\\/turijnmagazijn.nl\\\/de\\\/\"},{\"@type\":\"ListItem\",\"position\":2,\"name\":\"Produkte\",\"item\":\"https:\\\/\\\/turijnmagazijn.nl\\\/de\\\/shop\\\/\"},{\"@type\":\"ListItem\",\"position\":3,\"name\":\"Z\u00fcndkerzenkabel gerades Teil Alfa Romeo Twin Spark pro St\u00fcck\"}]},{\"@type\":\"WebSite\",\"@id\":\"https:\\\/\\\/turijnmagazijn.jumpstone-dev.nl\\\/#website\",\"url\":\"https:\\\/\\\/turijnmagazijn.jumpstone-dev.nl\\\/\",\"name\":\"Turijnmagazijn\",\"description\":\"Onderdelen nieuw en gebruikt - Fiat &amp; Lancia\",\"publisher\":{\"@id\":\"https:\\\/\\\/turijnmagazijn.jumpstone-dev.nl\\\/#organization\"},\"potentialAction\":[{\"@type\":\"SearchAction\",\"target\":{\"@type\":\"EntryPoint\",\"urlTemplate\":\"https:\\\/\\\/turijnmagazijn.jumpstone-dev.nl\\\/?s={search_term_string}\"},\"query-input\":{\"@type\":\"PropertyValueSpecification\",\"valueRequired\":true,\"valueName\":\"search_term_string\"}}],\"inLanguage\":\"de\"},{\"@type\":\"Organization\",\"@id\":\"https:\\\/\\\/turijnmagazijn.jumpstone-dev.nl\\\/#organization\",\"name\":\"Turijnmagazijn\",\"url\":\"https:\\\/\\\/turijnmagazijn.jumpstone-dev.nl\\\/\",\"logo\":{\"@type\":\"ImageObject\",\"inLanguage\":\"de\",\"@id\":\"https:\\\/\\\/turijnmagazijn.jumpstone-dev.nl\\\/#\\\/schema\\\/logo\\\/image\\\/\",\"url\":\"https:\\\/\\\/turijnmagazijn.nl\\\/wp-content\\\/uploads\\\/2021\\\/02\\\/turijnmagazijnlogo.png\",\"contentUrl\":\"https:\\\/\\\/turijnmagazijn.nl\\\/wp-content\\\/uploads\\\/2021\\\/02\\\/turijnmagazijnlogo.png\",\"width\":555,\"height\":270,\"caption\":\"Turijnmagazijn\"},\"image\":{\"@id\":\"https:\\\/\\\/turijnmagazijn.jumpstone-dev.nl\\\/#\\\/schema\\\/logo\\\/image\\\/\"},\"sameAs\":[\"https:\\\/\\\/www.facebook.com\\\/turijnmagazijn\"]}]}<\/script>\n<!-- \/ Yoast SEO plugin. -->","yoast_head_json":{"title":"Z\u00fcndkerzenkabel gerades Teil Alfa Romeo Twin Spark pro St\u00fcck - Turijnmagazijn","robots":{"index":"index","follow":"follow","max-snippet":"max-snippet:-1","max-image-preview":"max-image-preview:large","max-video-preview":"max-video-preview:-1"},"canonical":"https:\/\/turijnmagazijn.nl\/de\/produkt\/zundkerzenkabel-gerades-teil-alpha-romeo-twin-spark-per-piece\/","og_locale":"de_DE","og_type":"article","og_title":"Z\u00fcndkerzenkabel gerades Teil Alfa Romeo Twin Spark pro St\u00fcck - Turijnmagazijn","og_description":"Z\u00fcndkerzenkabel gerade Teil Alfa Romeo Twin Spark - Z\u00fcndkerzenkabel f\u00fcr die tief platzierten Z\u00fcndkerzen f\u00fcr alle Twin Spark Motoren. Z\u00fcndkerzenkabel gerade Teil Alfa Romeo Twin Spark pro St\u00fcck - Z\u00fcndkerzenkabel f\u00fcr die tief platzierten Z\u00fcndkerzen f\u00fcr alle Twin Spark Motoren.","og_url":"https:\/\/turijnmagazijn.nl\/de\/produkt\/zundkerzenkabel-gerades-teil-alpha-romeo-twin-spark-per-piece\/","og_site_name":"Turijnmagazijn","article_publisher":"https:\/\/www.facebook.com\/turijnmagazijn","article_modified_time":"2023-07-26T12:02:55+00:00","og_image":[{"width":800,"height":600,"url":"https:\/\/turijnmagazijn.jumpstone-dev.nl\/wp-content\/uploads\/2023\/03\/DK00101708_4-1.jpg","type":"image\/jpeg"}],"twitter_card":"summary_large_image","schema":{"@context":"https:\/\/schema.org","@graph":[{"@type":"WebPage","@id":"https:\/\/turijnmagazijn.nl\/de\/produkt\/zundkerzenkabel-gerades-teil-alpha-romeo-twin-spark-per-piece\/","url":"https:\/\/turijnmagazijn.nl\/de\/produkt\/zundkerzenkabel-gerades-teil-alpha-romeo-twin-spark-per-piece\/","name":"Z\u00fcndkerzenkabel gerades Teil Alfa Romeo Twin Spark pro St\u00fcck - Turijnmagazijn","isPartOf":{"@id":"https:\/\/turijnmagazijn.jumpstone-dev.nl\/#website"},"primaryImageOfPage":{"@id":"https:\/\/turijnmagazijn.nl\/de\/produkt\/zundkerzenkabel-gerades-teil-alpha-romeo-twin-spark-per-piece\/#primaryimage"},"image":{"@id":"https:\/\/turijnmagazijn.nl\/de\/produkt\/zundkerzenkabel-gerades-teil-alpha-romeo-twin-spark-per-piece\/#primaryimage"},"thumbnailUrl":"https:\/\/turijnmagazijn.nl\/wp-content\/uploads\/2023\/03\/DK00101708_4-1.jpg","datePublished":"2023-03-03T08:15:24+00:00","dateModified":"2023-07-26T12:02:55+00:00","breadcrumb":{"@id":"https:\/\/turijnmagazijn.nl\/de\/produkt\/zundkerzenkabel-gerades-teil-alpha-romeo-twin-spark-per-piece\/#breadcrumb"},"inLanguage":"de","potentialAction":[{"@type":"ReadAction","target":["https:\/\/turijnmagazijn.nl\/de\/produkt\/zundkerzenkabel-gerades-teil-alpha-romeo-twin-spark-per-piece\/"]}]},{"@type":"ImageObject","inLanguage":"de","@id":"https:\/\/turijnmagazijn.nl\/de\/produkt\/zundkerzenkabel-gerades-teil-alpha-romeo-twin-spark-per-piece\/#primaryimage","url":"https:\/\/turijnmagazijn.nl\/wp-content\/uploads\/2023\/03\/DK00101708_4-1.jpg","contentUrl":"https:\/\/turijnmagazijn.nl\/wp-content\/uploads\/2023\/03\/DK00101708_4-1.jpg","width":800,"height":600},{"@type":"BreadcrumbList","@id":"https:\/\/turijnmagazijn.nl\/de\/produkt\/zundkerzenkabel-gerades-teil-alpha-romeo-twin-spark-per-piece\/#breadcrumb","itemListElement":[{"@type":"ListItem","position":1,"name":"Home","item":"https:\/\/turijnmagazijn.nl\/de\/"},{"@type":"ListItem","position":2,"name":"Produkte","item":"https:\/\/turijnmagazijn.nl\/de\/shop\/"},{"@type":"ListItem","position":3,"name":"Z\u00fcndkerzenkabel gerades Teil Alfa Romeo Twin Spark pro St\u00fcck"}]},{"@type":"WebSite","@id":"https:\/\/turijnmagazijn.jumpstone-dev.nl\/#website","url":"https:\/\/turijnmagazijn.jumpstone-dev.nl\/","name":"Turijnmagazijn","description":"Onderdelen nieuw en gebruikt - Fiat &amp; Lancia","publisher":{"@id":"https:\/\/turijnmagazijn.jumpstone-dev.nl\/#organization"},"potentialAction":[{"@type":"SearchAction","target":{"@type":"EntryPoint","urlTemplate":"https:\/\/turijnmagazijn.jumpstone-dev.nl\/?s={search_term_string}"},"query-input":{"@type":"PropertyValueSpecification","valueRequired":true,"valueName":"search_term_string"}}],"inLanguage":"de"},{"@type":"Organization","@id":"https:\/\/turijnmagazijn.jumpstone-dev.nl\/#organization","name":"Turijnmagazijn","url":"https:\/\/turijnmagazijn.jumpstone-dev.nl\/","logo":{"@type":"ImageObject","inLanguage":"de","@id":"https:\/\/turijnmagazijn.jumpstone-dev.nl\/#\/schema\/logo\/image\/","url":"https:\/\/turijnmagazijn.nl\/wp-content\/uploads\/2021\/02\/turijnmagazijnlogo.png","contentUrl":"https:\/\/turijnmagazijn.nl\/wp-content\/uploads\/2021\/02\/turijnmagazijnlogo.png","width":555,"height":270,"caption":"Turijnmagazijn"},"image":{"@id":"https:\/\/turijnmagazijn.jumpstone-dev.nl\/#\/schema\/logo\/image\/"},"sameAs":["https:\/\/www.facebook.com\/turijnmagazijn"]}]}},"_links":{"self":[{"href":"https:\/\/turijnmagazijn.nl\/de\/wp-json\/wp\/v2\/product\/63827","targetHints":{"allow":["GET"]}}],"collection":[{"href":"https:\/\/turijnmagazijn.nl\/de\/wp-json\/wp\/v2\/product"}],"about":[{"href":"https:\/\/turijnmagazijn.nl\/de\/wp-json\/wp\/v2\/types\/product"}],"replies":[{"embeddable":true,"href":"https:\/\/turijnmagazijn.nl\/de\/wp-json\/wp\/v2\/comments?post=63827"}],"wp:featuredmedia":[{"embeddable":true,"href":"https:\/\/turijnmagazijn.nl\/de\/wp-json\/wp\/v2\/media\/42233"}],"wp:attachment":[{"href":"https:\/\/turijnmagazijn.nl\/de\/wp-json\/wp\/v2\/media?parent=63827"}],"wp:term":[{"taxonomy":"product_brand","embeddable":true,"href":"https:\/\/turijnmagazijn.nl\/de\/wp-json\/wp\/v2\/product_brand?post=63827"},{"taxonomy":"product_cat","embeddable":true,"href":"https:\/\/turijnmagazijn.nl\/de\/wp-json\/wp\/v2\/product_cat?post=63827"},{"taxonomy":"product_tag","embeddable":true,"href":"https:\/\/turijnmagazijn.nl\/de\/wp-json\/wp\/v2\/product_tag?post=63827"}],"curies":[{"name":"wp","href":"https:\/\/api.w.org\/{rel}","templated":true}]}}