{"id":64066,"date":"2023-03-03T08:19:27","date_gmt":"2023-03-03T07:19:27","guid":{"rendered":"https:\/\/turijnmagazijn.nl\/product\/1-poliger-stecker-mit-kabel-fuer-kuehlerluefter-oder-thermoschalter-kabelbaumseite-lancia-delta-integrale\/"},"modified":"2024-09-03T08:50:03","modified_gmt":"2024-09-03T06:50:03","slug":"1-poliger-stecker-mit-kabel-fur-radiator-lufter-oder-thermoschalter-verkabelung-kabelbaum-seite-lancia-delta-integral","status":"publish","type":"product","link":"https:\/\/turijnmagazijn.nl\/de\/produkt\/1-poliger-stecker-mit-kabel-fur-radiator-lufter-oder-thermoschalter-verkabelung-kabelbaum-seite-lancia-delta-integral\/","title":{"rendered":"1-poliger Stecker mit Kabel f\u00fcr K\u00fchlerl\u00fcfter oder Thermoschalter Kabelbaumseite Lancia Delta Integrale"},"content":{"rendered":"<p><a style=\"background-color: #ffffff; color: #23527c; outline: 0px;\" href=\"https:\/\/turijnmagazijn.nl\/brievenbusverzending\/\" target=\"\" rel=\"noopener\"><img decoding=\"async\" src=\"https:\/\/www.delenkorf.nl\/image\/catalog\/brievenbus.png\"><\/a>  Gebrauchter 1-poliger Originalstecker mit Kabel zur Anwendung auf der Kabelbaumseite f\u00fcr den Anschluss des K\u00fchlerl\u00fcfters oder K\u00fchlerl\u00fcfterschalters. Es handelt sich um original gebrauchten Stecker aus einem Lancia Delta Integrale 16V aus dem Jahr 1990. Der Stecker ist in gutem Zustand komplett mit Gummidichtung. Die mitgelieferte Original-Kabell\u00e4nge betr\u00e4gt ca. 80 Zentimeter.<\/p>\n","protected":false},"excerpt":{"rendered":"<p>1-poliger Stecker mit Kabel f\u00fcr K\u00fchlerl\u00fcfter oder Thermoschalter-Kabelbaumseite Lancia Delta Integrale &#8211; Gebrauchter originaler 1-poliger Stecker mit Kabel zur kabelbaumseitigen Anwendung zum Anschluss des Radiatorl\u00fcfters oder des Rados<\/p>\n","protected":false},"featured_media":46813,"comment_status":"closed","ping_status":"closed","template":"","meta":{"_acf_changed":false},"product_brand":[],"product_cat":[1807,1829,1797],"product_tag":[],"class_list":{"0":"post-64066","1":"product","2":"type-product","3":"status-publish","4":"has-post-thumbnail","6":"product_cat-delta-1-831-de","7":"product_cat-integrale-8v-de","8":"product_cat-lancia-de","9":"pa_soort-onderdeel-elektronik-und-kabel","11":"first","12":"instock","13":"shipping-taxable","14":"purchasable","15":"product-type-simple"},"acf":[],"yoast_head":"<!-- This site is optimized with the Yoast SEO plugin v27.3 - https:\/\/yoast.com\/product\/yoast-seo-wordpress\/ -->\n<title>1-poliger Stecker mit Kabel f\u00fcr K\u00fchlerl\u00fcfter oder Thermoschalter Kabelbaumseite Lancia Delta Integrale - Turijnmagazijn<\/title>\n<meta name=\"robots\" content=\"index, follow, max-snippet:-1, max-image-preview:large, max-video-preview:-1\" \/>\n<link rel=\"canonical\" href=\"https:\/\/turijnmagazijn.nl\/de\/produkt\/1-poliger-stecker-mit-kabel-fur-radiator-lufter-oder-thermoschalter-verkabelung-kabelbaum-seite-lancia-delta-integral\/\" \/>\n<meta property=\"og:locale\" content=\"de_DE\" \/>\n<meta property=\"og:type\" content=\"article\" \/>\n<meta property=\"og:title\" content=\"1-poliger Stecker mit Kabel f\u00fcr K\u00fchlerl\u00fcfter oder Thermoschalter Kabelbaumseite Lancia Delta Integrale - Turijnmagazijn\" \/>\n<meta property=\"og:description\" content=\"1-poliger Stecker mit Kabel f\u00fcr K\u00fchlerl\u00fcfter oder Thermoschalter-Kabelbaumseite Lancia Delta Integrale - Gebrauchter originaler 1-poliger Stecker mit Kabel zur kabelbaumseitigen Anwendung zum Anschluss des Radiatorl\u00fcfters oder des Rados\" \/>\n<meta property=\"og:url\" content=\"https:\/\/turijnmagazijn.nl\/de\/produkt\/1-poliger-stecker-mit-kabel-fur-radiator-lufter-oder-thermoschalter-verkabelung-kabelbaum-seite-lancia-delta-integral\/\" \/>\n<meta property=\"og:site_name\" content=\"Turijnmagazijn\" \/>\n<meta property=\"article:publisher\" content=\"https:\/\/www.facebook.com\/turijnmagazijn\" \/>\n<meta property=\"article:modified_time\" content=\"2024-09-03T06:50:03+00:00\" \/>\n<meta property=\"og:image\" content=\"https:\/\/turijnmagazijn.nl\/wp-content\/uploads\/2023\/03\/DK00102205-4-1.jpg\" \/>\n\t<meta property=\"og:image:width\" content=\"1024\" \/>\n\t<meta property=\"og:image:height\" content=\"768\" \/>\n\t<meta property=\"og:image:type\" content=\"image\/jpeg\" \/>\n<meta name=\"twitter:card\" content=\"summary_large_image\" \/>\n<script type=\"application\/ld+json\" class=\"yoast-schema-graph\">{\"@context\":\"https:\\\/\\\/schema.org\",\"@graph\":[{\"@type\":\"WebPage\",\"@id\":\"https:\\\/\\\/turijnmagazijn.nl\\\/de\\\/produkt\\\/1-poliger-stecker-mit-kabel-fur-radiator-lufter-oder-thermoschalter-verkabelung-kabelbaum-seite-lancia-delta-integral\\\/\",\"url\":\"https:\\\/\\\/turijnmagazijn.nl\\\/de\\\/produkt\\\/1-poliger-stecker-mit-kabel-fur-radiator-lufter-oder-thermoschalter-verkabelung-kabelbaum-seite-lancia-delta-integral\\\/\",\"name\":\"1-poliger Stecker mit Kabel f\u00fcr K\u00fchlerl\u00fcfter oder Thermoschalter Kabelbaumseite Lancia Delta Integrale - Turijnmagazijn\",\"isPartOf\":{\"@id\":\"https:\\\/\\\/turijnmagazijn.jumpstone-dev.nl\\\/#website\"},\"primaryImageOfPage\":{\"@id\":\"https:\\\/\\\/turijnmagazijn.nl\\\/de\\\/produkt\\\/1-poliger-stecker-mit-kabel-fur-radiator-lufter-oder-thermoschalter-verkabelung-kabelbaum-seite-lancia-delta-integral\\\/#primaryimage\"},\"image\":{\"@id\":\"https:\\\/\\\/turijnmagazijn.nl\\\/de\\\/produkt\\\/1-poliger-stecker-mit-kabel-fur-radiator-lufter-oder-thermoschalter-verkabelung-kabelbaum-seite-lancia-delta-integral\\\/#primaryimage\"},\"thumbnailUrl\":\"https:\\\/\\\/turijnmagazijn.nl\\\/wp-content\\\/uploads\\\/2023\\\/03\\\/DK00102205-4-1.jpg\",\"datePublished\":\"2023-03-03T07:19:27+00:00\",\"dateModified\":\"2024-09-03T06:50:03+00:00\",\"breadcrumb\":{\"@id\":\"https:\\\/\\\/turijnmagazijn.nl\\\/de\\\/produkt\\\/1-poliger-stecker-mit-kabel-fur-radiator-lufter-oder-thermoschalter-verkabelung-kabelbaum-seite-lancia-delta-integral\\\/#breadcrumb\"},\"inLanguage\":\"de\",\"potentialAction\":[{\"@type\":\"ReadAction\",\"target\":[\"https:\\\/\\\/turijnmagazijn.nl\\\/de\\\/produkt\\\/1-poliger-stecker-mit-kabel-fur-radiator-lufter-oder-thermoschalter-verkabelung-kabelbaum-seite-lancia-delta-integral\\\/\"]}]},{\"@type\":\"ImageObject\",\"inLanguage\":\"de\",\"@id\":\"https:\\\/\\\/turijnmagazijn.nl\\\/de\\\/produkt\\\/1-poliger-stecker-mit-kabel-fur-radiator-lufter-oder-thermoschalter-verkabelung-kabelbaum-seite-lancia-delta-integral\\\/#primaryimage\",\"url\":\"https:\\\/\\\/turijnmagazijn.nl\\\/wp-content\\\/uploads\\\/2023\\\/03\\\/DK00102205-4-1.jpg\",\"contentUrl\":\"https:\\\/\\\/turijnmagazijn.nl\\\/wp-content\\\/uploads\\\/2023\\\/03\\\/DK00102205-4-1.jpg\",\"width\":1024,\"height\":768,\"caption\":\"DK00102205-4-1\"},{\"@type\":\"BreadcrumbList\",\"@id\":\"https:\\\/\\\/turijnmagazijn.nl\\\/de\\\/produkt\\\/1-poliger-stecker-mit-kabel-fur-radiator-lufter-oder-thermoschalter-verkabelung-kabelbaum-seite-lancia-delta-integral\\\/#breadcrumb\",\"itemListElement\":[{\"@type\":\"ListItem\",\"position\":1,\"name\":\"Home\",\"item\":\"https:\\\/\\\/turijnmagazijn.nl\\\/de\\\/\"},{\"@type\":\"ListItem\",\"position\":2,\"name\":\"Produkte\",\"item\":\"https:\\\/\\\/turijnmagazijn.nl\\\/de\\\/shop\\\/\"},{\"@type\":\"ListItem\",\"position\":3,\"name\":\"1-poliger Stecker mit Kabel f\u00fcr K\u00fchlerl\u00fcfter oder Thermoschalter Kabelbaumseite Lancia Delta Integrale\"}]},{\"@type\":\"WebSite\",\"@id\":\"https:\\\/\\\/turijnmagazijn.jumpstone-dev.nl\\\/#website\",\"url\":\"https:\\\/\\\/turijnmagazijn.jumpstone-dev.nl\\\/\",\"name\":\"Turijnmagazijn\",\"description\":\"Onderdelen nieuw en gebruikt - Fiat &amp; Lancia\",\"publisher\":{\"@id\":\"https:\\\/\\\/turijnmagazijn.jumpstone-dev.nl\\\/#organization\"},\"potentialAction\":[{\"@type\":\"SearchAction\",\"target\":{\"@type\":\"EntryPoint\",\"urlTemplate\":\"https:\\\/\\\/turijnmagazijn.jumpstone-dev.nl\\\/?s={search_term_string}\"},\"query-input\":{\"@type\":\"PropertyValueSpecification\",\"valueRequired\":true,\"valueName\":\"search_term_string\"}}],\"inLanguage\":\"de\"},{\"@type\":\"Organization\",\"@id\":\"https:\\\/\\\/turijnmagazijn.jumpstone-dev.nl\\\/#organization\",\"name\":\"Turijnmagazijn\",\"url\":\"https:\\\/\\\/turijnmagazijn.jumpstone-dev.nl\\\/\",\"logo\":{\"@type\":\"ImageObject\",\"inLanguage\":\"de\",\"@id\":\"https:\\\/\\\/turijnmagazijn.jumpstone-dev.nl\\\/#\\\/schema\\\/logo\\\/image\\\/\",\"url\":\"https:\\\/\\\/turijnmagazijn.nl\\\/wp-content\\\/uploads\\\/2021\\\/02\\\/turijnmagazijnlogo.png\",\"contentUrl\":\"https:\\\/\\\/turijnmagazijn.nl\\\/wp-content\\\/uploads\\\/2021\\\/02\\\/turijnmagazijnlogo.png\",\"width\":555,\"height\":270,\"caption\":\"Turijnmagazijn\"},\"image\":{\"@id\":\"https:\\\/\\\/turijnmagazijn.jumpstone-dev.nl\\\/#\\\/schema\\\/logo\\\/image\\\/\"},\"sameAs\":[\"https:\\\/\\\/www.facebook.com\\\/turijnmagazijn\"]}]}<\/script>\n<!-- \/ Yoast SEO plugin. -->","yoast_head_json":{"title":"1-poliger Stecker mit Kabel f\u00fcr K\u00fchlerl\u00fcfter oder Thermoschalter Kabelbaumseite Lancia Delta Integrale - Turijnmagazijn","robots":{"index":"index","follow":"follow","max-snippet":"max-snippet:-1","max-image-preview":"max-image-preview:large","max-video-preview":"max-video-preview:-1"},"canonical":"https:\/\/turijnmagazijn.nl\/de\/produkt\/1-poliger-stecker-mit-kabel-fur-radiator-lufter-oder-thermoschalter-verkabelung-kabelbaum-seite-lancia-delta-integral\/","og_locale":"de_DE","og_type":"article","og_title":"1-poliger Stecker mit Kabel f\u00fcr K\u00fchlerl\u00fcfter oder Thermoschalter Kabelbaumseite Lancia Delta Integrale - Turijnmagazijn","og_description":"1-poliger Stecker mit Kabel f\u00fcr K\u00fchlerl\u00fcfter oder Thermoschalter-Kabelbaumseite Lancia Delta Integrale - Gebrauchter originaler 1-poliger Stecker mit Kabel zur kabelbaumseitigen Anwendung zum Anschluss des Radiatorl\u00fcfters oder des Rados","og_url":"https:\/\/turijnmagazijn.nl\/de\/produkt\/1-poliger-stecker-mit-kabel-fur-radiator-lufter-oder-thermoschalter-verkabelung-kabelbaum-seite-lancia-delta-integral\/","og_site_name":"Turijnmagazijn","article_publisher":"https:\/\/www.facebook.com\/turijnmagazijn","article_modified_time":"2024-09-03T06:50:03+00:00","og_image":[{"width":1024,"height":768,"url":"https:\/\/turijnmagazijn.nl\/wp-content\/uploads\/2023\/03\/DK00102205-4-1.jpg","type":"image\/jpeg"}],"twitter_card":"summary_large_image","schema":{"@context":"https:\/\/schema.org","@graph":[{"@type":"WebPage","@id":"https:\/\/turijnmagazijn.nl\/de\/produkt\/1-poliger-stecker-mit-kabel-fur-radiator-lufter-oder-thermoschalter-verkabelung-kabelbaum-seite-lancia-delta-integral\/","url":"https:\/\/turijnmagazijn.nl\/de\/produkt\/1-poliger-stecker-mit-kabel-fur-radiator-lufter-oder-thermoschalter-verkabelung-kabelbaum-seite-lancia-delta-integral\/","name":"1-poliger Stecker mit Kabel f\u00fcr K\u00fchlerl\u00fcfter oder Thermoschalter Kabelbaumseite Lancia Delta Integrale - Turijnmagazijn","isPartOf":{"@id":"https:\/\/turijnmagazijn.jumpstone-dev.nl\/#website"},"primaryImageOfPage":{"@id":"https:\/\/turijnmagazijn.nl\/de\/produkt\/1-poliger-stecker-mit-kabel-fur-radiator-lufter-oder-thermoschalter-verkabelung-kabelbaum-seite-lancia-delta-integral\/#primaryimage"},"image":{"@id":"https:\/\/turijnmagazijn.nl\/de\/produkt\/1-poliger-stecker-mit-kabel-fur-radiator-lufter-oder-thermoschalter-verkabelung-kabelbaum-seite-lancia-delta-integral\/#primaryimage"},"thumbnailUrl":"https:\/\/turijnmagazijn.nl\/wp-content\/uploads\/2023\/03\/DK00102205-4-1.jpg","datePublished":"2023-03-03T07:19:27+00:00","dateModified":"2024-09-03T06:50:03+00:00","breadcrumb":{"@id":"https:\/\/turijnmagazijn.nl\/de\/produkt\/1-poliger-stecker-mit-kabel-fur-radiator-lufter-oder-thermoschalter-verkabelung-kabelbaum-seite-lancia-delta-integral\/#breadcrumb"},"inLanguage":"de","potentialAction":[{"@type":"ReadAction","target":["https:\/\/turijnmagazijn.nl\/de\/produkt\/1-poliger-stecker-mit-kabel-fur-radiator-lufter-oder-thermoschalter-verkabelung-kabelbaum-seite-lancia-delta-integral\/"]}]},{"@type":"ImageObject","inLanguage":"de","@id":"https:\/\/turijnmagazijn.nl\/de\/produkt\/1-poliger-stecker-mit-kabel-fur-radiator-lufter-oder-thermoschalter-verkabelung-kabelbaum-seite-lancia-delta-integral\/#primaryimage","url":"https:\/\/turijnmagazijn.nl\/wp-content\/uploads\/2023\/03\/DK00102205-4-1.jpg","contentUrl":"https:\/\/turijnmagazijn.nl\/wp-content\/uploads\/2023\/03\/DK00102205-4-1.jpg","width":1024,"height":768,"caption":"DK00102205-4-1"},{"@type":"BreadcrumbList","@id":"https:\/\/turijnmagazijn.nl\/de\/produkt\/1-poliger-stecker-mit-kabel-fur-radiator-lufter-oder-thermoschalter-verkabelung-kabelbaum-seite-lancia-delta-integral\/#breadcrumb","itemListElement":[{"@type":"ListItem","position":1,"name":"Home","item":"https:\/\/turijnmagazijn.nl\/de\/"},{"@type":"ListItem","position":2,"name":"Produkte","item":"https:\/\/turijnmagazijn.nl\/de\/shop\/"},{"@type":"ListItem","position":3,"name":"1-poliger Stecker mit Kabel f\u00fcr K\u00fchlerl\u00fcfter oder Thermoschalter Kabelbaumseite Lancia Delta Integrale"}]},{"@type":"WebSite","@id":"https:\/\/turijnmagazijn.jumpstone-dev.nl\/#website","url":"https:\/\/turijnmagazijn.jumpstone-dev.nl\/","name":"Turijnmagazijn","description":"Onderdelen nieuw en gebruikt - Fiat &amp; Lancia","publisher":{"@id":"https:\/\/turijnmagazijn.jumpstone-dev.nl\/#organization"},"potentialAction":[{"@type":"SearchAction","target":{"@type":"EntryPoint","urlTemplate":"https:\/\/turijnmagazijn.jumpstone-dev.nl\/?s={search_term_string}"},"query-input":{"@type":"PropertyValueSpecification","valueRequired":true,"valueName":"search_term_string"}}],"inLanguage":"de"},{"@type":"Organization","@id":"https:\/\/turijnmagazijn.jumpstone-dev.nl\/#organization","name":"Turijnmagazijn","url":"https:\/\/turijnmagazijn.jumpstone-dev.nl\/","logo":{"@type":"ImageObject","inLanguage":"de","@id":"https:\/\/turijnmagazijn.jumpstone-dev.nl\/#\/schema\/logo\/image\/","url":"https:\/\/turijnmagazijn.nl\/wp-content\/uploads\/2021\/02\/turijnmagazijnlogo.png","contentUrl":"https:\/\/turijnmagazijn.nl\/wp-content\/uploads\/2021\/02\/turijnmagazijnlogo.png","width":555,"height":270,"caption":"Turijnmagazijn"},"image":{"@id":"https:\/\/turijnmagazijn.jumpstone-dev.nl\/#\/schema\/logo\/image\/"},"sameAs":["https:\/\/www.facebook.com\/turijnmagazijn"]}]}},"_links":{"self":[{"href":"https:\/\/turijnmagazijn.nl\/de\/wp-json\/wp\/v2\/product\/64066","targetHints":{"allow":["GET"]}}],"collection":[{"href":"https:\/\/turijnmagazijn.nl\/de\/wp-json\/wp\/v2\/product"}],"about":[{"href":"https:\/\/turijnmagazijn.nl\/de\/wp-json\/wp\/v2\/types\/product"}],"replies":[{"embeddable":true,"href":"https:\/\/turijnmagazijn.nl\/de\/wp-json\/wp\/v2\/comments?post=64066"}],"wp:featuredmedia":[{"embeddable":true,"href":"https:\/\/turijnmagazijn.nl\/de\/wp-json\/wp\/v2\/media\/46813"}],"wp:attachment":[{"href":"https:\/\/turijnmagazijn.nl\/de\/wp-json\/wp\/v2\/media?parent=64066"}],"wp:term":[{"taxonomy":"product_brand","embeddable":true,"href":"https:\/\/turijnmagazijn.nl\/de\/wp-json\/wp\/v2\/product_brand?post=64066"},{"taxonomy":"product_cat","embeddable":true,"href":"https:\/\/turijnmagazijn.nl\/de\/wp-json\/wp\/v2\/product_cat?post=64066"},{"taxonomy":"product_tag","embeddable":true,"href":"https:\/\/turijnmagazijn.nl\/de\/wp-json\/wp\/v2\/product_tag?post=64066"}],"curies":[{"name":"wp","href":"https:\/\/api.w.org\/{rel}","templated":true}]}}