{"id":64079,"date":"2023-03-03T08:19:27","date_gmt":"2023-03-03T07:19:27","guid":{"rendered":"https:\/\/turijnmagazijn.nl\/product\/schraube-m6-lancia-delta-integrale\/"},"modified":"2024-11-01T20:01:37","modified_gmt":"2024-11-01T19:01:37","slug":"bout-m6-lancia-delta-integrale","status":"publish","type":"product","link":"https:\/\/turijnmagazijn.nl\/de\/produkt\/bout-m6-lancia-delta-integrale\/","title":{"rendered":"Schraube M6 Lancia Delta Integrale"},"content":{"rendered":"<p>Gebrauchte M6 Schraubenst\u00e4rke 10.<\/p>\n<p>Dieses Material wird unter anderem in der Lenks\u00e4ule f\u00fcr die Verbindung der oberen und unteren H\u00e4lfte des Stahlblechs der Lenks\u00e4ule verwendet.<\/p>\n<p>Von einem Delta HF 4WD Baujahr 1988. Ist in gutem Zustand.<\/p>\n<p>Verkauf pro St\u00fcck.<\/p>\n<p>Teil Nummer 8 auf der technischen Zeichnung aus der EPER-Zeichnung Nummer 1010601003 bez\u00fcglich seiner Anwendung auf den Lancia Delta Integrale. Pro Auto ist eine Kopie dieses Artikels erforderlich.<\/p>\n<p>Teil Nummer 12 auf der technischen Zeichnung von EPER Zeichnungsnummer 1030900001 bez\u00fcglich der Anwendung auf den Lancia Delta Integrale. Von diesem Artikel werden 6 St\u00fcck pro Auto ben\u00f6tigt. Teil Nummer 15 auf der technischen Zeichnung von EPER Zeichnungsnummer 1040100001 bez\u00fcglich der Anwendung am Lancia Delta Integrale. Sie ben\u00f6tigen 4 St\u00fcck dieses Artikels pro Auto. Teil Nummer 5 auf der technischen Zeichnung aus der EPER-Zeichnung Nummer 1040900001 f\u00fcr die Anwendung am Lancia Delta Integrale. Sie ben\u00f6tigen 5 St\u00fcck dieses Artikels pro Fahrzeug. Teil Nummer 15 auf der technischen Zeichnung von EPER Zeichnung Nummer 2121900001 f\u00fcr die Anwendung am Lancia Delta Integrale. Sie ben\u00f6tigen 2 St\u00fcck dieses Artikels pro Fahrzeug. Teil Nummer 13 auf der technischen Zeichnung aus der EPER-Zeichnung Nummer 1020001002 f\u00fcr die Anwendung am Lancia Delta Integrale. <\/p>\n<p> Pro Auto ist eine Kopie dieses Artikels erforderlich.<\/p>\n<p>Teil Nummer 15 auf der technischen Zeichnung von EPER Zeichnungsnummer 1020101001 bez\u00fcglich der Anwendung auf den Lancia Delta Integrale. Von diesem Artikel werden zwei St\u00fcck pro Fahrzeug ben\u00f6tigt. Teil Nummer 18 auf der technischen Zeichnung von EPER Zeichnungsnummer 1024700002 bez\u00fcglich der Anwendung am Lancia Delta Integrale. Sie ben\u00f6tigen 2 St\u00fcck dieses Artikels pro Auto. Teil Nummer 32 auf der technischen Zeichnung von EPER Zeichnungsnummer 1030100001 bez\u00fcglich der Anwendung am Lancia Delta Integrale. Sie ben\u00f6tigen 2 St\u00fcck dieses Artikels pro Auto. Teil Nummer 12 auf der technischen Zeichnung aus der EPER-Zeichnung Nummer 1030900001 f\u00fcr die Anwendung am Lancia Delta Integrale. Von diesem Artikel werden 6 St\u00fcck pro Auto ben\u00f6tigt. <\/p>\n<p>&nbsp;<\/p>\n<p>LANCIA OEM-10902224<\/p>\n","protected":false},"excerpt":{"rendered":"<p>Schraube M6 Lancia Delta Integrale &#8211; Gebrauchte M6 Schraubenst\u00e4rke 10.<\/p>\n","protected":false},"featured_media":46833,"comment_status":"open","ping_status":"closed","template":"","meta":{"_acf_changed":false},"product_brand":[],"product_cat":[1811,1807,1817,1822,1826,1834,1829,1839,1797],"product_tag":[],"class_list":{"0":"post-64079","1":"product","2":"type-product","3":"status-publish","4":"has-post-thumbnail","6":"product_cat-1-1-1-3-1-5-de","7":"product_cat-delta-1-831-de","8":"product_cat-gt-i-e-de","9":"product_cat-hf-4wd-de","10":"product_cat-hf-turbo-de","11":"product_cat-integrale-16v-de","12":"product_cat-integrale-8v-de","13":"product_cat-integrale-evo-de","14":"product_cat-lancia-de","15":"pa_soort-onderdeel-andere-autoteile","16":"pa_soort-onderdeel-karosserie-und-blech","18":"first","19":"instock","20":"shipping-taxable","21":"purchasable","22":"product-type-simple"},"acf":[],"yoast_head":"<!-- This site is optimized with the Yoast SEO plugin v27.2 - https:\/\/yoast.com\/product\/yoast-seo-wordpress\/ -->\n<title>Schraube M6 Lancia Delta Integrale - Turijnmagazijn<\/title>\n<meta name=\"robots\" content=\"index, follow, max-snippet:-1, max-image-preview:large, max-video-preview:-1\" \/>\n<link rel=\"canonical\" href=\"https:\/\/turijnmagazijn.nl\/de\/produkt\/bout-m6-lancia-delta-integrale\/\" \/>\n<meta property=\"og:locale\" content=\"de_DE\" \/>\n<meta property=\"og:type\" content=\"article\" \/>\n<meta property=\"og:title\" content=\"Schraube M6 Lancia Delta Integrale - Turijnmagazijn\" \/>\n<meta property=\"og:description\" content=\"Schraube M6 Lancia Delta Integrale - Gebrauchte M6 Schraubenst\u00e4rke 10.\" \/>\n<meta property=\"og:url\" content=\"https:\/\/turijnmagazijn.nl\/de\/produkt\/bout-m6-lancia-delta-integrale\/\" \/>\n<meta property=\"og:site_name\" content=\"Turijnmagazijn\" \/>\n<meta property=\"article:publisher\" content=\"https:\/\/www.facebook.com\/turijnmagazijn\" \/>\n<meta property=\"article:modified_time\" content=\"2024-11-01T19:01:37+00:00\" \/>\n<meta property=\"og:image\" content=\"https:\/\/turijnmagazijn.nl\/wp-content\/uploads\/2023\/03\/DK00102208-Bout-M6-Lancia-Delta-Integrale-1-1.jpg\" \/>\n\t<meta property=\"og:image:width\" content=\"1024\" \/>\n\t<meta property=\"og:image:height\" content=\"768\" \/>\n\t<meta property=\"og:image:type\" content=\"image\/jpeg\" \/>\n<meta name=\"twitter:card\" content=\"summary_large_image\" \/>\n<meta name=\"twitter:label1\" content=\"Gesch\u00e4tzte Lesezeit\" \/>\n\t<meta name=\"twitter:data1\" content=\"2\u00a0Minuten\" \/>\n<script type=\"application\/ld+json\" class=\"yoast-schema-graph\">{\"@context\":\"https:\/\/schema.org\",\"@graph\":[{\"@type\":\"WebPage\",\"@id\":\"https:\/\/turijnmagazijn.nl\/de\/produkt\/bout-m6-lancia-delta-integrale\/\",\"url\":\"https:\/\/turijnmagazijn.nl\/de\/produkt\/bout-m6-lancia-delta-integrale\/\",\"name\":\"Schraube M6 Lancia Delta Integrale - Turijnmagazijn\",\"isPartOf\":{\"@id\":\"https:\/\/turijnmagazijn.jumpstone-dev.nl\/#website\"},\"primaryImageOfPage\":{\"@id\":\"https:\/\/turijnmagazijn.nl\/de\/produkt\/bout-m6-lancia-delta-integrale\/#primaryimage\"},\"image\":{\"@id\":\"https:\/\/turijnmagazijn.nl\/de\/produkt\/bout-m6-lancia-delta-integrale\/#primaryimage\"},\"thumbnailUrl\":\"https:\/\/turijnmagazijn.nl\/wp-content\/uploads\/2023\/03\/DK00102208-Bout-M6-Lancia-Delta-Integrale-1-1.jpg\",\"datePublished\":\"2023-03-03T07:19:27+00:00\",\"dateModified\":\"2024-11-01T19:01:37+00:00\",\"breadcrumb\":{\"@id\":\"https:\/\/turijnmagazijn.nl\/de\/produkt\/bout-m6-lancia-delta-integrale\/#breadcrumb\"},\"inLanguage\":\"de\",\"potentialAction\":[{\"@type\":\"ReadAction\",\"target\":[\"https:\/\/turijnmagazijn.nl\/de\/produkt\/bout-m6-lancia-delta-integrale\/\"]}]},{\"@type\":\"ImageObject\",\"inLanguage\":\"de\",\"@id\":\"https:\/\/turijnmagazijn.nl\/de\/produkt\/bout-m6-lancia-delta-integrale\/#primaryimage\",\"url\":\"https:\/\/turijnmagazijn.nl\/wp-content\/uploads\/2023\/03\/DK00102208-Bout-M6-Lancia-Delta-Integrale-1-1.jpg\",\"contentUrl\":\"https:\/\/turijnmagazijn.nl\/wp-content\/uploads\/2023\/03\/DK00102208-Bout-M6-Lancia-Delta-Integrale-1-1.jpg\",\"width\":1024,\"height\":768},{\"@type\":\"BreadcrumbList\",\"@id\":\"https:\/\/turijnmagazijn.nl\/de\/produkt\/bout-m6-lancia-delta-integrale\/#breadcrumb\",\"itemListElement\":[{\"@type\":\"ListItem\",\"position\":1,\"name\":\"Home\",\"item\":\"https:\/\/turijnmagazijn.nl\/de\/\"},{\"@type\":\"ListItem\",\"position\":2,\"name\":\"Produkte\",\"item\":\"https:\/\/turijnmagazijn.nl\/de\/shop\/\"},{\"@type\":\"ListItem\",\"position\":3,\"name\":\"Schraube M6 Lancia Delta Integrale\"}]},{\"@type\":\"WebSite\",\"@id\":\"https:\/\/turijnmagazijn.jumpstone-dev.nl\/#website\",\"url\":\"https:\/\/turijnmagazijn.jumpstone-dev.nl\/\",\"name\":\"Turijnmagazijn\",\"description\":\"Onderdelen nieuw en gebruikt - Fiat &amp; Lancia\",\"publisher\":{\"@id\":\"https:\/\/turijnmagazijn.jumpstone-dev.nl\/#organization\"},\"potentialAction\":[{\"@type\":\"SearchAction\",\"target\":{\"@type\":\"EntryPoint\",\"urlTemplate\":\"https:\/\/turijnmagazijn.jumpstone-dev.nl\/?s={search_term_string}\"},\"query-input\":{\"@type\":\"PropertyValueSpecification\",\"valueRequired\":true,\"valueName\":\"search_term_string\"}}],\"inLanguage\":\"de\"},{\"@type\":\"Organization\",\"@id\":\"https:\/\/turijnmagazijn.jumpstone-dev.nl\/#organization\",\"name\":\"Turijnmagazijn\",\"url\":\"https:\/\/turijnmagazijn.jumpstone-dev.nl\/\",\"logo\":{\"@type\":\"ImageObject\",\"inLanguage\":\"de\",\"@id\":\"https:\/\/turijnmagazijn.jumpstone-dev.nl\/#\/schema\/logo\/image\/\",\"url\":\"https:\/\/turijnmagazijn.nl\/wp-content\/uploads\/2021\/02\/turijnmagazijnlogo.png\",\"contentUrl\":\"https:\/\/turijnmagazijn.nl\/wp-content\/uploads\/2021\/02\/turijnmagazijnlogo.png\",\"width\":555,\"height\":270,\"caption\":\"Turijnmagazijn\"},\"image\":{\"@id\":\"https:\/\/turijnmagazijn.jumpstone-dev.nl\/#\/schema\/logo\/image\/\"},\"sameAs\":[\"https:\/\/www.facebook.com\/turijnmagazijn\"]}]}<\/script>\n<!-- \/ Yoast SEO plugin. -->","yoast_head_json":{"title":"Schraube M6 Lancia Delta Integrale - Turijnmagazijn","robots":{"index":"index","follow":"follow","max-snippet":"max-snippet:-1","max-image-preview":"max-image-preview:large","max-video-preview":"max-video-preview:-1"},"canonical":"https:\/\/turijnmagazijn.nl\/de\/produkt\/bout-m6-lancia-delta-integrale\/","og_locale":"de_DE","og_type":"article","og_title":"Schraube M6 Lancia Delta Integrale - Turijnmagazijn","og_description":"Schraube M6 Lancia Delta Integrale - Gebrauchte M6 Schraubenst\u00e4rke 10.","og_url":"https:\/\/turijnmagazijn.nl\/de\/produkt\/bout-m6-lancia-delta-integrale\/","og_site_name":"Turijnmagazijn","article_publisher":"https:\/\/www.facebook.com\/turijnmagazijn","article_modified_time":"2024-11-01T19:01:37+00:00","og_image":[{"width":1024,"height":768,"url":"https:\/\/turijnmagazijn.nl\/wp-content\/uploads\/2023\/03\/DK00102208-Bout-M6-Lancia-Delta-Integrale-1-1.jpg","type":"image\/jpeg"}],"twitter_card":"summary_large_image","twitter_misc":{"Gesch\u00e4tzte Lesezeit":"2\u00a0Minuten"},"schema":{"@context":"https:\/\/schema.org","@graph":[{"@type":"WebPage","@id":"https:\/\/turijnmagazijn.nl\/de\/produkt\/bout-m6-lancia-delta-integrale\/","url":"https:\/\/turijnmagazijn.nl\/de\/produkt\/bout-m6-lancia-delta-integrale\/","name":"Schraube M6 Lancia Delta Integrale - Turijnmagazijn","isPartOf":{"@id":"https:\/\/turijnmagazijn.jumpstone-dev.nl\/#website"},"primaryImageOfPage":{"@id":"https:\/\/turijnmagazijn.nl\/de\/produkt\/bout-m6-lancia-delta-integrale\/#primaryimage"},"image":{"@id":"https:\/\/turijnmagazijn.nl\/de\/produkt\/bout-m6-lancia-delta-integrale\/#primaryimage"},"thumbnailUrl":"https:\/\/turijnmagazijn.nl\/wp-content\/uploads\/2023\/03\/DK00102208-Bout-M6-Lancia-Delta-Integrale-1-1.jpg","datePublished":"2023-03-03T07:19:27+00:00","dateModified":"2024-11-01T19:01:37+00:00","breadcrumb":{"@id":"https:\/\/turijnmagazijn.nl\/de\/produkt\/bout-m6-lancia-delta-integrale\/#breadcrumb"},"inLanguage":"de","potentialAction":[{"@type":"ReadAction","target":["https:\/\/turijnmagazijn.nl\/de\/produkt\/bout-m6-lancia-delta-integrale\/"]}]},{"@type":"ImageObject","inLanguage":"de","@id":"https:\/\/turijnmagazijn.nl\/de\/produkt\/bout-m6-lancia-delta-integrale\/#primaryimage","url":"https:\/\/turijnmagazijn.nl\/wp-content\/uploads\/2023\/03\/DK00102208-Bout-M6-Lancia-Delta-Integrale-1-1.jpg","contentUrl":"https:\/\/turijnmagazijn.nl\/wp-content\/uploads\/2023\/03\/DK00102208-Bout-M6-Lancia-Delta-Integrale-1-1.jpg","width":1024,"height":768},{"@type":"BreadcrumbList","@id":"https:\/\/turijnmagazijn.nl\/de\/produkt\/bout-m6-lancia-delta-integrale\/#breadcrumb","itemListElement":[{"@type":"ListItem","position":1,"name":"Home","item":"https:\/\/turijnmagazijn.nl\/de\/"},{"@type":"ListItem","position":2,"name":"Produkte","item":"https:\/\/turijnmagazijn.nl\/de\/shop\/"},{"@type":"ListItem","position":3,"name":"Schraube M6 Lancia Delta Integrale"}]},{"@type":"WebSite","@id":"https:\/\/turijnmagazijn.jumpstone-dev.nl\/#website","url":"https:\/\/turijnmagazijn.jumpstone-dev.nl\/","name":"Turijnmagazijn","description":"Onderdelen nieuw en gebruikt - Fiat &amp; Lancia","publisher":{"@id":"https:\/\/turijnmagazijn.jumpstone-dev.nl\/#organization"},"potentialAction":[{"@type":"SearchAction","target":{"@type":"EntryPoint","urlTemplate":"https:\/\/turijnmagazijn.jumpstone-dev.nl\/?s={search_term_string}"},"query-input":{"@type":"PropertyValueSpecification","valueRequired":true,"valueName":"search_term_string"}}],"inLanguage":"de"},{"@type":"Organization","@id":"https:\/\/turijnmagazijn.jumpstone-dev.nl\/#organization","name":"Turijnmagazijn","url":"https:\/\/turijnmagazijn.jumpstone-dev.nl\/","logo":{"@type":"ImageObject","inLanguage":"de","@id":"https:\/\/turijnmagazijn.jumpstone-dev.nl\/#\/schema\/logo\/image\/","url":"https:\/\/turijnmagazijn.nl\/wp-content\/uploads\/2021\/02\/turijnmagazijnlogo.png","contentUrl":"https:\/\/turijnmagazijn.nl\/wp-content\/uploads\/2021\/02\/turijnmagazijnlogo.png","width":555,"height":270,"caption":"Turijnmagazijn"},"image":{"@id":"https:\/\/turijnmagazijn.jumpstone-dev.nl\/#\/schema\/logo\/image\/"},"sameAs":["https:\/\/www.facebook.com\/turijnmagazijn"]}]}},"_links":{"self":[{"href":"https:\/\/turijnmagazijn.nl\/de\/wp-json\/wp\/v2\/product\/64079","targetHints":{"allow":["GET"]}}],"collection":[{"href":"https:\/\/turijnmagazijn.nl\/de\/wp-json\/wp\/v2\/product"}],"about":[{"href":"https:\/\/turijnmagazijn.nl\/de\/wp-json\/wp\/v2\/types\/product"}],"replies":[{"embeddable":true,"href":"https:\/\/turijnmagazijn.nl\/de\/wp-json\/wp\/v2\/comments?post=64079"}],"wp:featuredmedia":[{"embeddable":true,"href":"https:\/\/turijnmagazijn.nl\/de\/wp-json\/wp\/v2\/media\/46833"}],"wp:attachment":[{"href":"https:\/\/turijnmagazijn.nl\/de\/wp-json\/wp\/v2\/media?parent=64079"}],"wp:term":[{"taxonomy":"product_brand","embeddable":true,"href":"https:\/\/turijnmagazijn.nl\/de\/wp-json\/wp\/v2\/product_brand?post=64079"},{"taxonomy":"product_cat","embeddable":true,"href":"https:\/\/turijnmagazijn.nl\/de\/wp-json\/wp\/v2\/product_cat?post=64079"},{"taxonomy":"product_tag","embeddable":true,"href":"https:\/\/turijnmagazijn.nl\/de\/wp-json\/wp\/v2\/product_tag?post=64079"}],"curies":[{"name":"wp","href":"https:\/\/api.w.org\/{rel}","templated":true}]}}