{"id":64081,"date":"2023-03-03T08:19:27","date_gmt":"2023-03-03T07:19:27","guid":{"rendered":"https:\/\/turijnmagazijn.nl\/product\/federring-m6-lancia-delta-integrale\/"},"modified":"2024-11-01T19:52:46","modified_gmt":"2024-11-01T18:52:46","slug":"federring-m6-lancia-delta-integral","status":"publish","type":"product","link":"https:\/\/turijnmagazijn.nl\/de\/produkt\/federring-m6-lancia-delta-integral\/","title":{"rendered":"Federring M6 Lancia Delta Integrale"},"content":{"rendered":"<p>Original verwendeter Federring M6 f\u00fcr den Lancia Delta Integrale.<\/p>\n<p>Dieses Material wird unter anderem in der Lenks\u00e4ule f\u00fcr die Verbindung der oberen und unteren H\u00e4lfte des Stahlblechs der Lenks\u00e4ule verwendet.<\/p>\n<p>Von einem Delta HF 4WD Baujahr 1988. Ist in gutem Zustand.<\/p>\n<p>Verkauf pro St\u00fcck.<\/p>\n<p>Teil Nummer 18 auf der technischen Zeichnung von EPER Zeichnungsnummer <strong>1020001002<\/strong> bez\u00fcglich der Anwendung auf den Lancia Delta Integrale. Von diesem Artikel werden 3 St\u00fcck pro Auto ben\u00f6tigt. Teil Nummer 9 auf der technischen Zeichnung von EPER Zeichnung Nummer <strong>1020101001<\/strong> bez\u00fcglich der Anwendung auf den Lancia Delta Integrale. <\/p>\n<p> Pro Auto ist eine Kopie dieses Artikels erforderlich.<\/p>\n<p>Teil Nummer 10 auf der technischen Zeichnung von EPER Zeichnungsnummer <strong>1024700001<\/strong> bez\u00fcglich der Anwendung auf den Lancia Delta Integrale. Von diesem Artikel werden 3 St\u00fcck pro Auto ben\u00f6tigt. Teil Nummer 18 auf der technischen Zeichnung von EPER Zeichnung Nummer <strong>1025801001<\/strong> bez\u00fcglich der Anwendung auf den Lancia Delta Integrale. Pro Fahrzeug werden 11 St\u00fcck dieses Artikels ben\u00f6tigt. Teil Nummer 7 auf der technischen Zeichnung von EPER Zeichnungsnummer <strong>1030900002<\/strong> bez\u00fcglich der Anwendung auf dem Lancia Delta Integrale. Sie ben\u00f6tigen 2 St\u00fcck dieses Artikels pro Auto. Teil Nr. 7 auf der technischen Zeichnung aus der EPER-Zeichnung Nr. <strong>1030900003<\/strong> f\u00fcr die Anwendung am Lancia Delta Integrale. Sie ben\u00f6tigen 2 St\u00fcck dieses Teils pro Fahrzeug. Teil Nummer 16 auf der technischen Zeichnung von EPER Zeichnung Nummer <strong>1040100001<\/strong> f\u00fcr die Anwendung am Lancia Delta Integrale. Sie ben\u00f6tigen 10 St\u00fcck dieses Artikels pro Fahrzeug. Teil Nummer 12 auf der technischen Zeichnung von EPER Zeichnung Nummer <strong>1810300002<\/strong> f\u00fcr die Anwendung am Lancia Delta Integrale. Sie ben\u00f6tigen 2 St\u00fcck dieses Artikels pro Fahrzeug. Teil Nummer 16 auf der technischen Zeichnung aus der EPER-Zeichnung Nummer <strong>2121900001<\/strong> f\u00fcr die Anwendung am Lancia Delta Integrale. Sie ben\u00f6tigen 2 St\u00fcck dieses Artikels pro Fahrzeug. Teil Nummer 12 auf der technischen Zeichnung von EPER Zeichnung Nummer <strong>2430100001<\/strong> f\u00fcr die Anwendung am Lancia Delta Integrale. Sie ben\u00f6tigen 2 St\u00fcck dieses Teils pro Fahrzeug. Teil Nummer 6 auf der technischen Zeichnung von EPER Zeichnungsnummer <strong>F789404C0A777F7F5B39D4F73EFB9F97<\/strong> bez\u00fcglich der Anwendung auf dem Lancia Delta Integrale. Von diesem Artikel werden zwei St\u00fcck pro Auto ben\u00f6tigt. Teil Nummer 9 auf der technischen Zeichnung von EPER Zeichnungsnummer <strong>1B2661FBBB213A9352A7323748EDAA9E<\/strong> bez\u00fcglich der Anwendung auf dem Lancia Delta Integrale. Von diesem Teil werden 3 St\u00fcck pro Auto ben\u00f6tigt. Teil Nummer 8 auf der technischen Zeichnung von EPER Zeichnungsnummer <strong>719A2972A2DFDCB7D84E04B57F21399E<\/strong> bez\u00fcglich der Anwendung auf dem Lancia Delta Integrale. Pro Fahrzeug werden 4 St\u00fcck dieses Artikels ben\u00f6tigt. Teil Nummer 7 auf der technischen Zeichnung von EPER mit der Zeichnungsnummer <strong>817E99945DA0B9087DC283712F4EA7E9<\/strong> f\u00fcr den Einsatz am Lancia Delta Integrale. Pro Fahrzeug werden 4 St\u00fcck dieses Teils ben\u00f6tigt. Teil Nummer 4 auf der technischen Zeichnung von EPER Zeichnungsnummer <strong>5B9D5171BC08C457952391605CE30B56<\/strong> bez\u00fcglich der Anwendung am Lancia Delta Integrale. Pro Fahrzeug werden zwei dieser Teile ben\u00f6tigt. Teil Nummer 8 auf der technischen Zeichnung von EPER Zeichnungsnummer <strong>0F79BE85747656DE5B33DF4E2A32E7B0<\/strong> bez\u00fcglich der Anwendung auf dem Lancia Delta Integrale. Pro Fahrzeug werden zwei St\u00fcck dieses Artikels ben\u00f6tigt. Teil Nummer 7 auf der technischen Zeichnung von EPER Zeichnungsnummer <strong>2A8EBA501CF73A30DF6B2863782CA7A3<\/strong> bez\u00fcglich der Anwendung auf dem Lancia Delta Integrale. Von diesem Teil werden 10 St\u00fcck pro Auto ben\u00f6tigt. <\/p>\n<p>Teil Nummer 6 auf der technischen Zeichnung von EPER mit der Zeichnungsnummer <strong>5FA2D93433E9929DAF423B077A45B6D2<\/strong> f\u00fcr die Anwendung am Lancia Delta Integrale. Pro Fahrzeug werden zwei St\u00fcck dieses Artikels ben\u00f6tigt. Teil Nummer 2 auf der technischen Zeichnung von EPER Zeichnungsnummer <strong>5CB31ED3F2A680E43DC895F221133116<\/strong> mbt Anwendung auf dem Lancia Delta Integrale. Von diesem Teil werden 4 St\u00fcck pro Auto ben\u00f6tigt. Teil Nummer 7 auf der technischen Zeichnung von EPER Zeichnungsnummer <strong>80FD5953B1716A6315DF00798BCA1BA6<\/strong> mbt Anwendung auf dem Lancia Delta Integrale. Pro Auto werden 4 St\u00fcck dieses Artikels ben\u00f6tigt. Teil Nummer 2 auf der technischen Zeichnung von EPER Zeichnungsnummer <strong>73DC240BE35BD35849D1EF7B08C6DBC7<\/strong> mbt Anwendung auf dem Lancia Delta Integrale. Von diesem Teil werden 4 St\u00fcck pro Auto ben\u00f6tigt. Teil Nummer 5 auf der technischen Zeichnung von EPER Zeichnungsnummer <strong>855A6C87D6E36C746317F0C94624CD56<\/strong> bez\u00fcglich der Anwendung auf dem Lancia Delta Integrale. <\/p>\n<p> Pro Auto ist eine Kopie dieses Artikels erforderlich.<\/p>\n<p>Teil Nummer 8 auf der technischen Zeichnung von EPER mit der Zeichnungsnummer <strong>0E202E4713F48CBA786A0310CE36C73E<\/strong> f\u00fcr die Anwendung am Lancia Delta Integrale. Von diesem Teil werden 8 St\u00fcck pro Fahrzeug ben\u00f6tigt. <\/p>\n<p>&nbsp;<\/p>\n<p>OEM Lancia 12601274<\/p>\n","protected":false},"excerpt":{"rendered":"<p>Federring M6 Lancia Delta Integrale &#8211; Original verwendeter Federring M6 f\u00fcr den Lancia Delta Integrale.<\/p>\n","protected":false},"featured_media":46829,"comment_status":"open","ping_status":"closed","template":"","meta":{"_acf_changed":false},"product_brand":[],"product_cat":[1811,1807,1817,1822,1826,1834,1829,1839,1797],"product_tag":[],"class_list":{"0":"post-64081","1":"product","2":"type-product","3":"status-publish","4":"has-post-thumbnail","6":"product_cat-1-1-1-3-1-5-de","7":"product_cat-delta-1-831-de","8":"product_cat-gt-i-e-de","9":"product_cat-hf-4wd-de","10":"product_cat-hf-turbo-de","11":"product_cat-integrale-16v-de","12":"product_cat-integrale-8v-de","13":"product_cat-integrale-evo-de","14":"product_cat-lancia-de","15":"pa_soort-onderdeel-andere-autoteile","16":"pa_soort-onderdeel-motor-und-zubehor","18":"first","19":"instock","20":"shipping-taxable","21":"purchasable","22":"product-type-simple"},"acf":[],"yoast_head":"<!-- This site is optimized with the Yoast SEO plugin v27.2 - https:\/\/yoast.com\/product\/yoast-seo-wordpress\/ -->\n<title>Federring M6 Lancia Delta Integrale - Turijnmagazijn<\/title>\n<meta name=\"robots\" content=\"index, follow, max-snippet:-1, max-image-preview:large, max-video-preview:-1\" \/>\n<link rel=\"canonical\" href=\"https:\/\/turijnmagazijn.nl\/de\/produkt\/federring-m6-lancia-delta-integral\/\" \/>\n<meta property=\"og:locale\" content=\"de_DE\" \/>\n<meta property=\"og:type\" content=\"article\" \/>\n<meta property=\"og:title\" content=\"Federring M6 Lancia Delta Integrale - Turijnmagazijn\" \/>\n<meta property=\"og:description\" content=\"Federring M6 Lancia Delta Integrale - Original verwendeter Federring M6 f\u00fcr den Lancia Delta Integrale.\" \/>\n<meta property=\"og:url\" content=\"https:\/\/turijnmagazijn.nl\/de\/produkt\/federring-m6-lancia-delta-integral\/\" \/>\n<meta property=\"og:site_name\" content=\"Turijnmagazijn\" \/>\n<meta property=\"article:publisher\" content=\"https:\/\/www.facebook.com\/turijnmagazijn\" \/>\n<meta property=\"article:modified_time\" content=\"2024-11-01T18:52:46+00:00\" \/>\n<meta property=\"og:image\" content=\"https:\/\/turijnmagazijn.nl\/wp-content\/uploads\/2023\/03\/DK00102207-Veerring-M6-Lancia-Delta-Integrale-2-1.jpg\" \/>\n\t<meta property=\"og:image:width\" content=\"1024\" \/>\n\t<meta property=\"og:image:height\" content=\"768\" \/>\n\t<meta property=\"og:image:type\" content=\"image\/jpeg\" \/>\n<meta name=\"twitter:card\" content=\"summary_large_image\" \/>\n<meta name=\"twitter:label1\" content=\"Gesch\u00e4tzte Lesezeit\" \/>\n\t<meta name=\"twitter:data1\" content=\"4\u00a0Minuten\" \/>\n<script type=\"application\/ld+json\" class=\"yoast-schema-graph\">{\"@context\":\"https:\/\/schema.org\",\"@graph\":[{\"@type\":\"WebPage\",\"@id\":\"https:\/\/turijnmagazijn.nl\/de\/produkt\/federring-m6-lancia-delta-integral\/\",\"url\":\"https:\/\/turijnmagazijn.nl\/de\/produkt\/federring-m6-lancia-delta-integral\/\",\"name\":\"Federring M6 Lancia Delta Integrale - Turijnmagazijn\",\"isPartOf\":{\"@id\":\"https:\/\/turijnmagazijn.jumpstone-dev.nl\/#website\"},\"primaryImageOfPage\":{\"@id\":\"https:\/\/turijnmagazijn.nl\/de\/produkt\/federring-m6-lancia-delta-integral\/#primaryimage\"},\"image\":{\"@id\":\"https:\/\/turijnmagazijn.nl\/de\/produkt\/federring-m6-lancia-delta-integral\/#primaryimage\"},\"thumbnailUrl\":\"https:\/\/turijnmagazijn.nl\/wp-content\/uploads\/2023\/03\/DK00102207-Veerring-M6-Lancia-Delta-Integrale-2-1.jpg\",\"datePublished\":\"2023-03-03T07:19:27+00:00\",\"dateModified\":\"2024-11-01T18:52:46+00:00\",\"breadcrumb\":{\"@id\":\"https:\/\/turijnmagazijn.nl\/de\/produkt\/federring-m6-lancia-delta-integral\/#breadcrumb\"},\"inLanguage\":\"de\",\"potentialAction\":[{\"@type\":\"ReadAction\",\"target\":[\"https:\/\/turijnmagazijn.nl\/de\/produkt\/federring-m6-lancia-delta-integral\/\"]}]},{\"@type\":\"ImageObject\",\"inLanguage\":\"de\",\"@id\":\"https:\/\/turijnmagazijn.nl\/de\/produkt\/federring-m6-lancia-delta-integral\/#primaryimage\",\"url\":\"https:\/\/turijnmagazijn.nl\/wp-content\/uploads\/2023\/03\/DK00102207-Veerring-M6-Lancia-Delta-Integrale-2-1.jpg\",\"contentUrl\":\"https:\/\/turijnmagazijn.nl\/wp-content\/uploads\/2023\/03\/DK00102207-Veerring-M6-Lancia-Delta-Integrale-2-1.jpg\",\"width\":1024,\"height\":768},{\"@type\":\"BreadcrumbList\",\"@id\":\"https:\/\/turijnmagazijn.nl\/de\/produkt\/federring-m6-lancia-delta-integral\/#breadcrumb\",\"itemListElement\":[{\"@type\":\"ListItem\",\"position\":1,\"name\":\"Home\",\"item\":\"https:\/\/turijnmagazijn.nl\/de\/\"},{\"@type\":\"ListItem\",\"position\":2,\"name\":\"Produkte\",\"item\":\"https:\/\/turijnmagazijn.nl\/de\/shop\/\"},{\"@type\":\"ListItem\",\"position\":3,\"name\":\"Federring M6 Lancia Delta Integrale\"}]},{\"@type\":\"WebSite\",\"@id\":\"https:\/\/turijnmagazijn.jumpstone-dev.nl\/#website\",\"url\":\"https:\/\/turijnmagazijn.jumpstone-dev.nl\/\",\"name\":\"Turijnmagazijn\",\"description\":\"Onderdelen nieuw en gebruikt - Fiat &amp; Lancia\",\"publisher\":{\"@id\":\"https:\/\/turijnmagazijn.jumpstone-dev.nl\/#organization\"},\"potentialAction\":[{\"@type\":\"SearchAction\",\"target\":{\"@type\":\"EntryPoint\",\"urlTemplate\":\"https:\/\/turijnmagazijn.jumpstone-dev.nl\/?s={search_term_string}\"},\"query-input\":{\"@type\":\"PropertyValueSpecification\",\"valueRequired\":true,\"valueName\":\"search_term_string\"}}],\"inLanguage\":\"de\"},{\"@type\":\"Organization\",\"@id\":\"https:\/\/turijnmagazijn.jumpstone-dev.nl\/#organization\",\"name\":\"Turijnmagazijn\",\"url\":\"https:\/\/turijnmagazijn.jumpstone-dev.nl\/\",\"logo\":{\"@type\":\"ImageObject\",\"inLanguage\":\"de\",\"@id\":\"https:\/\/turijnmagazijn.jumpstone-dev.nl\/#\/schema\/logo\/image\/\",\"url\":\"https:\/\/turijnmagazijn.nl\/wp-content\/uploads\/2021\/02\/turijnmagazijnlogo.png\",\"contentUrl\":\"https:\/\/turijnmagazijn.nl\/wp-content\/uploads\/2021\/02\/turijnmagazijnlogo.png\",\"width\":555,\"height\":270,\"caption\":\"Turijnmagazijn\"},\"image\":{\"@id\":\"https:\/\/turijnmagazijn.jumpstone-dev.nl\/#\/schema\/logo\/image\/\"},\"sameAs\":[\"https:\/\/www.facebook.com\/turijnmagazijn\"]}]}<\/script>\n<!-- \/ Yoast SEO plugin. -->","yoast_head_json":{"title":"Federring M6 Lancia Delta Integrale - Turijnmagazijn","robots":{"index":"index","follow":"follow","max-snippet":"max-snippet:-1","max-image-preview":"max-image-preview:large","max-video-preview":"max-video-preview:-1"},"canonical":"https:\/\/turijnmagazijn.nl\/de\/produkt\/federring-m6-lancia-delta-integral\/","og_locale":"de_DE","og_type":"article","og_title":"Federring M6 Lancia Delta Integrale - Turijnmagazijn","og_description":"Federring M6 Lancia Delta Integrale - Original verwendeter Federring M6 f\u00fcr den Lancia Delta Integrale.","og_url":"https:\/\/turijnmagazijn.nl\/de\/produkt\/federring-m6-lancia-delta-integral\/","og_site_name":"Turijnmagazijn","article_publisher":"https:\/\/www.facebook.com\/turijnmagazijn","article_modified_time":"2024-11-01T18:52:46+00:00","og_image":[{"width":1024,"height":768,"url":"https:\/\/turijnmagazijn.nl\/wp-content\/uploads\/2023\/03\/DK00102207-Veerring-M6-Lancia-Delta-Integrale-2-1.jpg","type":"image\/jpeg"}],"twitter_card":"summary_large_image","twitter_misc":{"Gesch\u00e4tzte Lesezeit":"4\u00a0Minuten"},"schema":{"@context":"https:\/\/schema.org","@graph":[{"@type":"WebPage","@id":"https:\/\/turijnmagazijn.nl\/de\/produkt\/federring-m6-lancia-delta-integral\/","url":"https:\/\/turijnmagazijn.nl\/de\/produkt\/federring-m6-lancia-delta-integral\/","name":"Federring M6 Lancia Delta Integrale - Turijnmagazijn","isPartOf":{"@id":"https:\/\/turijnmagazijn.jumpstone-dev.nl\/#website"},"primaryImageOfPage":{"@id":"https:\/\/turijnmagazijn.nl\/de\/produkt\/federring-m6-lancia-delta-integral\/#primaryimage"},"image":{"@id":"https:\/\/turijnmagazijn.nl\/de\/produkt\/federring-m6-lancia-delta-integral\/#primaryimage"},"thumbnailUrl":"https:\/\/turijnmagazijn.nl\/wp-content\/uploads\/2023\/03\/DK00102207-Veerring-M6-Lancia-Delta-Integrale-2-1.jpg","datePublished":"2023-03-03T07:19:27+00:00","dateModified":"2024-11-01T18:52:46+00:00","breadcrumb":{"@id":"https:\/\/turijnmagazijn.nl\/de\/produkt\/federring-m6-lancia-delta-integral\/#breadcrumb"},"inLanguage":"de","potentialAction":[{"@type":"ReadAction","target":["https:\/\/turijnmagazijn.nl\/de\/produkt\/federring-m6-lancia-delta-integral\/"]}]},{"@type":"ImageObject","inLanguage":"de","@id":"https:\/\/turijnmagazijn.nl\/de\/produkt\/federring-m6-lancia-delta-integral\/#primaryimage","url":"https:\/\/turijnmagazijn.nl\/wp-content\/uploads\/2023\/03\/DK00102207-Veerring-M6-Lancia-Delta-Integrale-2-1.jpg","contentUrl":"https:\/\/turijnmagazijn.nl\/wp-content\/uploads\/2023\/03\/DK00102207-Veerring-M6-Lancia-Delta-Integrale-2-1.jpg","width":1024,"height":768},{"@type":"BreadcrumbList","@id":"https:\/\/turijnmagazijn.nl\/de\/produkt\/federring-m6-lancia-delta-integral\/#breadcrumb","itemListElement":[{"@type":"ListItem","position":1,"name":"Home","item":"https:\/\/turijnmagazijn.nl\/de\/"},{"@type":"ListItem","position":2,"name":"Produkte","item":"https:\/\/turijnmagazijn.nl\/de\/shop\/"},{"@type":"ListItem","position":3,"name":"Federring M6 Lancia Delta Integrale"}]},{"@type":"WebSite","@id":"https:\/\/turijnmagazijn.jumpstone-dev.nl\/#website","url":"https:\/\/turijnmagazijn.jumpstone-dev.nl\/","name":"Turijnmagazijn","description":"Onderdelen nieuw en gebruikt - Fiat &amp; Lancia","publisher":{"@id":"https:\/\/turijnmagazijn.jumpstone-dev.nl\/#organization"},"potentialAction":[{"@type":"SearchAction","target":{"@type":"EntryPoint","urlTemplate":"https:\/\/turijnmagazijn.jumpstone-dev.nl\/?s={search_term_string}"},"query-input":{"@type":"PropertyValueSpecification","valueRequired":true,"valueName":"search_term_string"}}],"inLanguage":"de"},{"@type":"Organization","@id":"https:\/\/turijnmagazijn.jumpstone-dev.nl\/#organization","name":"Turijnmagazijn","url":"https:\/\/turijnmagazijn.jumpstone-dev.nl\/","logo":{"@type":"ImageObject","inLanguage":"de","@id":"https:\/\/turijnmagazijn.jumpstone-dev.nl\/#\/schema\/logo\/image\/","url":"https:\/\/turijnmagazijn.nl\/wp-content\/uploads\/2021\/02\/turijnmagazijnlogo.png","contentUrl":"https:\/\/turijnmagazijn.nl\/wp-content\/uploads\/2021\/02\/turijnmagazijnlogo.png","width":555,"height":270,"caption":"Turijnmagazijn"},"image":{"@id":"https:\/\/turijnmagazijn.jumpstone-dev.nl\/#\/schema\/logo\/image\/"},"sameAs":["https:\/\/www.facebook.com\/turijnmagazijn"]}]}},"_links":{"self":[{"href":"https:\/\/turijnmagazijn.nl\/de\/wp-json\/wp\/v2\/product\/64081","targetHints":{"allow":["GET"]}}],"collection":[{"href":"https:\/\/turijnmagazijn.nl\/de\/wp-json\/wp\/v2\/product"}],"about":[{"href":"https:\/\/turijnmagazijn.nl\/de\/wp-json\/wp\/v2\/types\/product"}],"replies":[{"embeddable":true,"href":"https:\/\/turijnmagazijn.nl\/de\/wp-json\/wp\/v2\/comments?post=64081"}],"wp:featuredmedia":[{"embeddable":true,"href":"https:\/\/turijnmagazijn.nl\/de\/wp-json\/wp\/v2\/media\/46829"}],"wp:attachment":[{"href":"https:\/\/turijnmagazijn.nl\/de\/wp-json\/wp\/v2\/media?parent=64081"}],"wp:term":[{"taxonomy":"product_brand","embeddable":true,"href":"https:\/\/turijnmagazijn.nl\/de\/wp-json\/wp\/v2\/product_brand?post=64081"},{"taxonomy":"product_cat","embeddable":true,"href":"https:\/\/turijnmagazijn.nl\/de\/wp-json\/wp\/v2\/product_cat?post=64081"},{"taxonomy":"product_tag","embeddable":true,"href":"https:\/\/turijnmagazijn.nl\/de\/wp-json\/wp\/v2\/product_tag?post=64081"}],"curies":[{"name":"wp","href":"https:\/\/api.w.org\/{rel}","templated":true}]}}