{"id":64086,"date":"2023-03-03T09:19:27","date_gmt":"2023-03-03T08:19:27","guid":{"rendered":"https:\/\/turijnmagazijn.nl\/product\/steckergehaeuse-2-poliger-kuehlerluefter-kuehlerschalter-lancia-delta-integrale\/"},"modified":"2024-09-03T08:49:59","modified_gmt":"2024-09-03T06:49:59","slug":"stecker-home-2-poliger-radiator-lufter-radiator-schalter-lancia-delta-integral","status":"publish","type":"product","link":"https:\/\/turijnmagazijn.nl\/de\/produkt\/stecker-home-2-poliger-radiator-lufter-radiator-schalter-lancia-delta-integral\/","title":{"rendered":"Steckergeh\u00e4use 2-poliger K\u00fchlerl\u00fcfter-K\u00fchlerschalter Lancia Delta Integrale"},"content":{"rendered":"<p>Gebrauchter Stecker ohne Kontakte zur kabelbaumseitigen Anwendung zum Anschluss des K\u00fchlerl\u00fcfters oder des K\u00fchlerl\u00fcfterschalters. Es handelt sich um original gebrauchten Stecker aus einem Lancia Delta Integrale 16V aus dem Jahr 1990.<\/p>\n<p>Der Stecker ist in gutem Zustand komplett mit Gummidichtung.<\/p>\n","protected":false},"excerpt":{"rendered":"<p>Steckerhaus 2 Pin Radiator L\u00fcfter Heizk\u00f6rperschalter Lancia Delta Integrale &#8211; Gebrauchter Stecker ohne Kontakte zur Anwendung auf der Kabelbaumseite zum Anschluss des K\u00fchlerl\u00fcfters oder des K\u00fchlerl\u00fcfterschalters.<\/p>\n","protected":false},"featured_media":46821,"comment_status":"open","ping_status":"closed","template":"","meta":{"_acf_changed":false},"product_brand":[],"product_cat":[1807,1829,1797],"product_tag":[],"class_list":{"0":"post-64086","1":"product","2":"type-product","3":"status-publish","4":"has-post-thumbnail","6":"product_cat-delta-1-831-de","7":"product_cat-integrale-8v-de","8":"product_cat-lancia-de","9":"pa_soort-onderdeel-elektronik-und-kabel","10":"pa_soort-onderdeel-fenster-und-zubehor","12":"first","13":"instock","14":"shipping-taxable","15":"purchasable","16":"product-type-simple"},"acf":[],"yoast_head":"<!-- This site is optimized with the Yoast SEO plugin v27.2 - https:\/\/yoast.com\/product\/yoast-seo-wordpress\/ -->\n<title>Steckergeh\u00e4use 2-poliger K\u00fchlerl\u00fcfter-K\u00fchlerschalter Lancia Delta Integrale - Turijnmagazijn<\/title>\n<meta name=\"robots\" content=\"index, follow, max-snippet:-1, max-image-preview:large, max-video-preview:-1\" \/>\n<link rel=\"canonical\" href=\"https:\/\/turijnmagazijn.nl\/de\/produkt\/stecker-home-2-poliger-radiator-lufter-radiator-schalter-lancia-delta-integral\/\" \/>\n<meta property=\"og:locale\" content=\"de_DE\" \/>\n<meta property=\"og:type\" content=\"article\" \/>\n<meta property=\"og:title\" content=\"Steckergeh\u00e4use 2-poliger K\u00fchlerl\u00fcfter-K\u00fchlerschalter Lancia Delta Integrale - Turijnmagazijn\" \/>\n<meta property=\"og:description\" content=\"Steckerhaus 2 Pin Radiator L\u00fcfter Heizk\u00f6rperschalter Lancia Delta Integrale - Gebrauchter Stecker ohne Kontakte zur Anwendung auf der Kabelbaumseite zum Anschluss des K\u00fchlerl\u00fcfters oder des K\u00fchlerl\u00fcfterschalters.\" \/>\n<meta property=\"og:url\" content=\"https:\/\/turijnmagazijn.nl\/de\/produkt\/stecker-home-2-poliger-radiator-lufter-radiator-schalter-lancia-delta-integral\/\" \/>\n<meta property=\"og:site_name\" content=\"Turijnmagazijn\" \/>\n<meta property=\"article:publisher\" content=\"https:\/\/www.facebook.com\/turijnmagazijn\" \/>\n<meta property=\"article:modified_time\" content=\"2024-09-03T06:49:59+00:00\" \/>\n<meta property=\"og:image\" content=\"https:\/\/turijnmagazijn.nl\/wp-content\/uploads\/2023\/03\/DK00102206-4-1.jpg\" \/>\n\t<meta property=\"og:image:width\" content=\"1024\" \/>\n\t<meta property=\"og:image:height\" content=\"768\" \/>\n\t<meta property=\"og:image:type\" content=\"image\/jpeg\" \/>\n<meta name=\"twitter:card\" content=\"summary_large_image\" \/>\n<script type=\"application\/ld+json\" class=\"yoast-schema-graph\">{\"@context\":\"https:\/\/schema.org\",\"@graph\":[{\"@type\":\"WebPage\",\"@id\":\"https:\/\/turijnmagazijn.nl\/de\/produkt\/stecker-home-2-poliger-radiator-lufter-radiator-schalter-lancia-delta-integral\/\",\"url\":\"https:\/\/turijnmagazijn.nl\/de\/produkt\/stecker-home-2-poliger-radiator-lufter-radiator-schalter-lancia-delta-integral\/\",\"name\":\"Steckergeh\u00e4use 2-poliger K\u00fchlerl\u00fcfter-K\u00fchlerschalter Lancia Delta Integrale - Turijnmagazijn\",\"isPartOf\":{\"@id\":\"https:\/\/turijnmagazijn.jumpstone-dev.nl\/#website\"},\"primaryImageOfPage\":{\"@id\":\"https:\/\/turijnmagazijn.nl\/de\/produkt\/stecker-home-2-poliger-radiator-lufter-radiator-schalter-lancia-delta-integral\/#primaryimage\"},\"image\":{\"@id\":\"https:\/\/turijnmagazijn.nl\/de\/produkt\/stecker-home-2-poliger-radiator-lufter-radiator-schalter-lancia-delta-integral\/#primaryimage\"},\"thumbnailUrl\":\"https:\/\/turijnmagazijn.nl\/wp-content\/uploads\/2023\/03\/DK00102206-4-1.jpg\",\"datePublished\":\"2023-03-03T08:19:27+00:00\",\"dateModified\":\"2024-09-03T06:49:59+00:00\",\"breadcrumb\":{\"@id\":\"https:\/\/turijnmagazijn.nl\/de\/produkt\/stecker-home-2-poliger-radiator-lufter-radiator-schalter-lancia-delta-integral\/#breadcrumb\"},\"inLanguage\":\"de\",\"potentialAction\":[{\"@type\":\"ReadAction\",\"target\":[\"https:\/\/turijnmagazijn.nl\/de\/produkt\/stecker-home-2-poliger-radiator-lufter-radiator-schalter-lancia-delta-integral\/\"]}]},{\"@type\":\"ImageObject\",\"inLanguage\":\"de\",\"@id\":\"https:\/\/turijnmagazijn.nl\/de\/produkt\/stecker-home-2-poliger-radiator-lufter-radiator-schalter-lancia-delta-integral\/#primaryimage\",\"url\":\"https:\/\/turijnmagazijn.nl\/wp-content\/uploads\/2023\/03\/DK00102206-4-1.jpg\",\"contentUrl\":\"https:\/\/turijnmagazijn.nl\/wp-content\/uploads\/2023\/03\/DK00102206-4-1.jpg\",\"width\":1024,\"height\":768},{\"@type\":\"BreadcrumbList\",\"@id\":\"https:\/\/turijnmagazijn.nl\/de\/produkt\/stecker-home-2-poliger-radiator-lufter-radiator-schalter-lancia-delta-integral\/#breadcrumb\",\"itemListElement\":[{\"@type\":\"ListItem\",\"position\":1,\"name\":\"Home\",\"item\":\"https:\/\/turijnmagazijn.jumpstone-dev.nl\/\"},{\"@type\":\"ListItem\",\"position\":2,\"name\":\"Produkte\",\"item\":\"https:\/\/turijnmagazijn.nl\/de\/shop\/\"},{\"@type\":\"ListItem\",\"position\":3,\"name\":\"Steckergeh\u00e4use 2-poliger K\u00fchlerl\u00fcfter-K\u00fchlerschalter Lancia Delta Integrale\"}]},{\"@type\":\"WebSite\",\"@id\":\"https:\/\/turijnmagazijn.jumpstone-dev.nl\/#website\",\"url\":\"https:\/\/turijnmagazijn.jumpstone-dev.nl\/\",\"name\":\"Turijnmagazijn\",\"description\":\"Onderdelen nieuw en gebruikt - Fiat &amp; Lancia\",\"publisher\":{\"@id\":\"https:\/\/turijnmagazijn.jumpstone-dev.nl\/#organization\"},\"potentialAction\":[{\"@type\":\"SearchAction\",\"target\":{\"@type\":\"EntryPoint\",\"urlTemplate\":\"https:\/\/turijnmagazijn.jumpstone-dev.nl\/?s={search_term_string}\"},\"query-input\":{\"@type\":\"PropertyValueSpecification\",\"valueRequired\":true,\"valueName\":\"search_term_string\"}}],\"inLanguage\":\"de\"},{\"@type\":\"Organization\",\"@id\":\"https:\/\/turijnmagazijn.jumpstone-dev.nl\/#organization\",\"name\":\"Turijnmagazijn\",\"url\":\"https:\/\/turijnmagazijn.jumpstone-dev.nl\/\",\"logo\":{\"@type\":\"ImageObject\",\"inLanguage\":\"de\",\"@id\":\"https:\/\/turijnmagazijn.jumpstone-dev.nl\/#\/schema\/logo\/image\/\",\"url\":\"https:\/\/turijnmagazijn.nl\/wp-content\/uploads\/2021\/02\/turijnmagazijnlogo.png\",\"contentUrl\":\"https:\/\/turijnmagazijn.nl\/wp-content\/uploads\/2021\/02\/turijnmagazijnlogo.png\",\"width\":555,\"height\":270,\"caption\":\"Turijnmagazijn\"},\"image\":{\"@id\":\"https:\/\/turijnmagazijn.jumpstone-dev.nl\/#\/schema\/logo\/image\/\"},\"sameAs\":[\"https:\/\/www.facebook.com\/turijnmagazijn\"]}]}<\/script>\n<!-- \/ Yoast SEO plugin. -->","yoast_head_json":{"title":"Steckergeh\u00e4use 2-poliger K\u00fchlerl\u00fcfter-K\u00fchlerschalter Lancia Delta Integrale - Turijnmagazijn","robots":{"index":"index","follow":"follow","max-snippet":"max-snippet:-1","max-image-preview":"max-image-preview:large","max-video-preview":"max-video-preview:-1"},"canonical":"https:\/\/turijnmagazijn.nl\/de\/produkt\/stecker-home-2-poliger-radiator-lufter-radiator-schalter-lancia-delta-integral\/","og_locale":"de_DE","og_type":"article","og_title":"Steckergeh\u00e4use 2-poliger K\u00fchlerl\u00fcfter-K\u00fchlerschalter Lancia Delta Integrale - Turijnmagazijn","og_description":"Steckerhaus 2 Pin Radiator L\u00fcfter Heizk\u00f6rperschalter Lancia Delta Integrale - Gebrauchter Stecker ohne Kontakte zur Anwendung auf der Kabelbaumseite zum Anschluss des K\u00fchlerl\u00fcfters oder des K\u00fchlerl\u00fcfterschalters.","og_url":"https:\/\/turijnmagazijn.nl\/de\/produkt\/stecker-home-2-poliger-radiator-lufter-radiator-schalter-lancia-delta-integral\/","og_site_name":"Turijnmagazijn","article_publisher":"https:\/\/www.facebook.com\/turijnmagazijn","article_modified_time":"2024-09-03T06:49:59+00:00","og_image":[{"width":1024,"height":768,"url":"https:\/\/turijnmagazijn.nl\/wp-content\/uploads\/2023\/03\/DK00102206-4-1.jpg","type":"image\/jpeg"}],"twitter_card":"summary_large_image","schema":{"@context":"https:\/\/schema.org","@graph":[{"@type":"WebPage","@id":"https:\/\/turijnmagazijn.nl\/de\/produkt\/stecker-home-2-poliger-radiator-lufter-radiator-schalter-lancia-delta-integral\/","url":"https:\/\/turijnmagazijn.nl\/de\/produkt\/stecker-home-2-poliger-radiator-lufter-radiator-schalter-lancia-delta-integral\/","name":"Steckergeh\u00e4use 2-poliger K\u00fchlerl\u00fcfter-K\u00fchlerschalter Lancia Delta Integrale - Turijnmagazijn","isPartOf":{"@id":"https:\/\/turijnmagazijn.jumpstone-dev.nl\/#website"},"primaryImageOfPage":{"@id":"https:\/\/turijnmagazijn.nl\/de\/produkt\/stecker-home-2-poliger-radiator-lufter-radiator-schalter-lancia-delta-integral\/#primaryimage"},"image":{"@id":"https:\/\/turijnmagazijn.nl\/de\/produkt\/stecker-home-2-poliger-radiator-lufter-radiator-schalter-lancia-delta-integral\/#primaryimage"},"thumbnailUrl":"https:\/\/turijnmagazijn.nl\/wp-content\/uploads\/2023\/03\/DK00102206-4-1.jpg","datePublished":"2023-03-03T08:19:27+00:00","dateModified":"2024-09-03T06:49:59+00:00","breadcrumb":{"@id":"https:\/\/turijnmagazijn.nl\/de\/produkt\/stecker-home-2-poliger-radiator-lufter-radiator-schalter-lancia-delta-integral\/#breadcrumb"},"inLanguage":"de","potentialAction":[{"@type":"ReadAction","target":["https:\/\/turijnmagazijn.nl\/de\/produkt\/stecker-home-2-poliger-radiator-lufter-radiator-schalter-lancia-delta-integral\/"]}]},{"@type":"ImageObject","inLanguage":"de","@id":"https:\/\/turijnmagazijn.nl\/de\/produkt\/stecker-home-2-poliger-radiator-lufter-radiator-schalter-lancia-delta-integral\/#primaryimage","url":"https:\/\/turijnmagazijn.nl\/wp-content\/uploads\/2023\/03\/DK00102206-4-1.jpg","contentUrl":"https:\/\/turijnmagazijn.nl\/wp-content\/uploads\/2023\/03\/DK00102206-4-1.jpg","width":1024,"height":768},{"@type":"BreadcrumbList","@id":"https:\/\/turijnmagazijn.nl\/de\/produkt\/stecker-home-2-poliger-radiator-lufter-radiator-schalter-lancia-delta-integral\/#breadcrumb","itemListElement":[{"@type":"ListItem","position":1,"name":"Home","item":"https:\/\/turijnmagazijn.jumpstone-dev.nl\/"},{"@type":"ListItem","position":2,"name":"Produkte","item":"https:\/\/turijnmagazijn.nl\/de\/shop\/"},{"@type":"ListItem","position":3,"name":"Steckergeh\u00e4use 2-poliger K\u00fchlerl\u00fcfter-K\u00fchlerschalter Lancia Delta Integrale"}]},{"@type":"WebSite","@id":"https:\/\/turijnmagazijn.jumpstone-dev.nl\/#website","url":"https:\/\/turijnmagazijn.jumpstone-dev.nl\/","name":"Turijnmagazijn","description":"Onderdelen nieuw en gebruikt - Fiat &amp; Lancia","publisher":{"@id":"https:\/\/turijnmagazijn.jumpstone-dev.nl\/#organization"},"potentialAction":[{"@type":"SearchAction","target":{"@type":"EntryPoint","urlTemplate":"https:\/\/turijnmagazijn.jumpstone-dev.nl\/?s={search_term_string}"},"query-input":{"@type":"PropertyValueSpecification","valueRequired":true,"valueName":"search_term_string"}}],"inLanguage":"de"},{"@type":"Organization","@id":"https:\/\/turijnmagazijn.jumpstone-dev.nl\/#organization","name":"Turijnmagazijn","url":"https:\/\/turijnmagazijn.jumpstone-dev.nl\/","logo":{"@type":"ImageObject","inLanguage":"de","@id":"https:\/\/turijnmagazijn.jumpstone-dev.nl\/#\/schema\/logo\/image\/","url":"https:\/\/turijnmagazijn.nl\/wp-content\/uploads\/2021\/02\/turijnmagazijnlogo.png","contentUrl":"https:\/\/turijnmagazijn.nl\/wp-content\/uploads\/2021\/02\/turijnmagazijnlogo.png","width":555,"height":270,"caption":"Turijnmagazijn"},"image":{"@id":"https:\/\/turijnmagazijn.jumpstone-dev.nl\/#\/schema\/logo\/image\/"},"sameAs":["https:\/\/www.facebook.com\/turijnmagazijn"]}]}},"_links":{"self":[{"href":"https:\/\/turijnmagazijn.nl\/de\/wp-json\/wp\/v2\/product\/64086","targetHints":{"allow":["GET"]}}],"collection":[{"href":"https:\/\/turijnmagazijn.nl\/de\/wp-json\/wp\/v2\/product"}],"about":[{"href":"https:\/\/turijnmagazijn.nl\/de\/wp-json\/wp\/v2\/types\/product"}],"replies":[{"embeddable":true,"href":"https:\/\/turijnmagazijn.nl\/de\/wp-json\/wp\/v2\/comments?post=64086"}],"wp:featuredmedia":[{"embeddable":true,"href":"https:\/\/turijnmagazijn.nl\/de\/wp-json\/wp\/v2\/media\/46821"}],"wp:attachment":[{"href":"https:\/\/turijnmagazijn.nl\/de\/wp-json\/wp\/v2\/media?parent=64086"}],"wp:term":[{"taxonomy":"product_brand","embeddable":true,"href":"https:\/\/turijnmagazijn.nl\/de\/wp-json\/wp\/v2\/product_brand?post=64086"},{"taxonomy":"product_cat","embeddable":true,"href":"https:\/\/turijnmagazijn.nl\/de\/wp-json\/wp\/v2\/product_cat?post=64086"},{"taxonomy":"product_tag","embeddable":true,"href":"https:\/\/turijnmagazijn.nl\/de\/wp-json\/wp\/v2\/product_tag?post=64086"}],"curies":[{"name":"wp","href":"https:\/\/api.w.org\/{rel}","templated":true}]}}