{"id":64094,"date":"2023-03-03T08:19:27","date_gmt":"2023-03-03T07:19:27","guid":{"rendered":"https:\/\/turijnmagazijn.nl\/product\/karosseriering-m6-lancia-delta-integrale\/"},"modified":"2024-11-01T20:34:27","modified_gmt":"2024-11-01T19:34:27","slug":"karosseriering-m6-lancia-delta-integral","status":"publish","type":"product","link":"https:\/\/turijnmagazijn.nl\/de\/produkt\/karosseriering-m6-lancia-delta-integral\/","title":{"rendered":"Karosseriering M6 Lancia Delta Integrale"},"content":{"rendered":"<p>Original gebrauchter Lederring M6 f\u00fcr den Lancia Delta Integrale.<\/p>\n<p>Dieses Material wird unter anderem in der Lenks\u00e4ule f\u00fcr die Verbindung der oberen und unteren H\u00e4lfte des Stahlblechs der Lenks\u00e4ule verwendet.<\/p>\n<p>Von einem Delta HF 4WD Baujahr 1988. Ist in gutem Zustand.<\/p>\n<p>Verkauf pro St\u00fcck.<\/p>\n<p>Teil Nummer 22 auf der technischen Zeichnung von EPER Zeichnungsnummer 1022201001 bez\u00fcglich der Anwendung auf dem Lancia Delta Integrale. Von diesem Artikel werden zwei St\u00fcck pro Fahrzeug ben\u00f6tigt. Teil Nummer 17 auf der technischen Zeichnung von EPER Zeichnungsnummer 1025801001 bez\u00fcglich der Anwendung am Lancia Delta Integrale. Sie ben\u00f6tigen 3 St\u00fcck dieses Artikels pro Auto. Teil Nummer 20 auf der technischen Zeichnung aus der EPER-Zeichnung Nummer 1040100001 f\u00fcr die Anwendung am Lancia Delta Integrale. Sie ben\u00f6tigen 4 St\u00fcck dieses Artikels pro Fahrzeug. Teil Nummer 18 auf der technischen Zeichnung aus der EPER-Zeichnung Nummer 1040201001 bez\u00fcglich der Anwendung auf dem Lancia Delta Integrale. Sie ben\u00f6tigen 6 St\u00fcck von diesem Artikel pro Auto. Teil Nummer 11 auf der technischen Zeichnung aus der EPER-Zeichnung Nummer 2120700001 f\u00fcr die Anwendung am Lancia Delta Integrale. Pro Fahrzeug werden 3 St\u00fcck dieses Artikels ben\u00f6tigt. Teil Nummer 10 auf der technischen Zeichnung von EPER Zeichnungsnummer 719A2972A2DFDCB7D84E04B57F21399E bez\u00fcglich der Anwendung auf dem Lancia Delta Integrale. Von diesem Teil werden 4 St\u00fcck pro Auto ben\u00f6tigt. Teil Nummer 6 auf der technischen Zeichnung von EPER Zeichnungsnummer DE554A5054E6716D7C8409DFCB29881C bez\u00fcglich der Anwendung auf dem Lancia Delta Integrale. Pro Fahrzeug werden zwei dieser Teile ben\u00f6tigt. Teil Nummer 11 auf der technischen Zeichnung von EPER Zeichnungsnummer 5611718C681193D36A6BC198EBCC9E6F mbt die Anwendung auf den Lancia Delta Integrale. Pro Fahrzeug werden zwei dieser Teile ben\u00f6tigt. Teil Nummer 11 auf der technischen Zeichnung von EPER Zeichnungsnummer 112EE6A522F90A58D4C577BD76643159 mbt Anwendung auf dem Lancia Delta Integrale. Pro Fahrzeug werden zwei Einheiten dieses Artikels ben\u00f6tigt. Teil Nummer 5 auf der technischen Zeichnung von EPER Zeichnungsnummer 2414D61E034F1B27767FC763ADEFE1D7 bez\u00fcglich der Anwendung auf dem Lancia Delta Integrale. Von diesem Teil werden 6 St\u00fcck pro Auto ben\u00f6tigt. Teil Nummer 9 auf der technischen Zeichnung von EPER Zeichnungsnummer 2414D61E034F1B27767FC763ADEFE1D7 bez\u00fcglich der Anwendung auf dem Lancia Delta Integrale. Pro Fahrzeug werden zwei Einheiten dieses Artikels ben\u00f6tigt. Teil Nummer 5 auf der technischen Zeichnung von EPER Zeichnungsnummer D6BDEC69EE29754BE39F87DB9CBED603 bez\u00fcglich der Anwendung auf dem Lancia Delta Integrale. Pro Fahrzeug werden zwei Einheiten dieses Artikels ben\u00f6tigt. Teil Nummer 10 auf der technischen Zeichnung von EPER Zeichnungsnummer D6BDEC69EE29754BE39F87DB9CBED603 bez\u00fcglich der Anwendung auf dem Lancia Delta Integrale. Von diesem Teil werden 6 St\u00fcck pro Auto ben\u00f6tigt. <\/p>\n<p>&nbsp;<\/p>\n<p>&nbsp;<\/p>\n<p>&nbsp;<\/p>\n<p>&nbsp;<\/p>\n<p>OEM Lancia 10519421<\/p>\n","protected":false},"excerpt":{"rendered":"<p>Karosseriering M6 Lancia Delta Integrale &#8211; Original verwendeter Aufh\u00e4ngungsring M6 f\u00fcr den Lancia Delta Integrale.<\/p>\n","protected":false},"featured_media":46845,"comment_status":"open","ping_status":"closed","template":"","meta":{"_acf_changed":false},"product_brand":[],"product_cat":[1811,1807,1817,1822,1826,1834,1829,1839,1797],"product_tag":[],"class_list":{"0":"post-64094","1":"product","2":"type-product","3":"status-publish","4":"has-post-thumbnail","6":"product_cat-1-1-1-3-1-5-de","7":"product_cat-delta-1-831-de","8":"product_cat-gt-i-e-de","9":"product_cat-hf-4wd-de","10":"product_cat-hf-turbo-de","11":"product_cat-integrale-16v-de","12":"product_cat-integrale-8v-de","13":"product_cat-integrale-evo-de","14":"product_cat-lancia-de","15":"pa_soort-onderdeel-andere-autoteile","16":"pa_soort-onderdeel-karosserie-und-blech","18":"first","19":"instock","20":"shipping-taxable","21":"purchasable","22":"product-type-simple"},"acf":[],"yoast_head":"<!-- This site is optimized with the Yoast SEO plugin v27.2 - https:\/\/yoast.com\/product\/yoast-seo-wordpress\/ -->\n<title>Karosseriering M6 Lancia Delta Integrale - Turijnmagazijn<\/title>\n<meta name=\"robots\" content=\"index, follow, max-snippet:-1, max-image-preview:large, max-video-preview:-1\" \/>\n<link rel=\"canonical\" href=\"https:\/\/turijnmagazijn.nl\/de\/produkt\/karosseriering-m6-lancia-delta-integral\/\" \/>\n<meta property=\"og:locale\" content=\"de_DE\" \/>\n<meta property=\"og:type\" content=\"article\" \/>\n<meta property=\"og:title\" content=\"Karosseriering M6 Lancia Delta Integrale - Turijnmagazijn\" \/>\n<meta property=\"og:description\" content=\"Karosseriering M6 Lancia Delta Integrale - Original verwendeter Aufh\u00e4ngungsring M6 f\u00fcr den Lancia Delta Integrale.\" \/>\n<meta property=\"og:url\" content=\"https:\/\/turijnmagazijn.nl\/de\/produkt\/karosseriering-m6-lancia-delta-integral\/\" \/>\n<meta property=\"og:site_name\" content=\"Turijnmagazijn\" \/>\n<meta property=\"article:publisher\" content=\"https:\/\/www.facebook.com\/turijnmagazijn\" \/>\n<meta property=\"article:modified_time\" content=\"2024-11-01T19:34:27+00:00\" \/>\n<meta property=\"og:image\" content=\"https:\/\/turijnmagazijn.nl\/wp-content\/uploads\/2023\/03\/DK00102209-Carrosseriering-M6-Lancia-Delta-Integrale-1-1-e1730489634892.jpg\" \/>\n\t<meta property=\"og:image:width\" content=\"1024\" \/>\n\t<meta property=\"og:image:height\" content=\"768\" \/>\n\t<meta property=\"og:image:type\" content=\"image\/jpeg\" \/>\n<meta name=\"twitter:card\" content=\"summary_large_image\" \/>\n<meta name=\"twitter:label1\" content=\"Gesch\u00e4tzte Lesezeit\" \/>\n\t<meta name=\"twitter:data1\" content=\"2\u00a0Minuten\" \/>\n<script type=\"application\/ld+json\" class=\"yoast-schema-graph\">{\"@context\":\"https:\/\/schema.org\",\"@graph\":[{\"@type\":\"WebPage\",\"@id\":\"https:\/\/turijnmagazijn.nl\/de\/produkt\/karosseriering-m6-lancia-delta-integral\/\",\"url\":\"https:\/\/turijnmagazijn.nl\/de\/produkt\/karosseriering-m6-lancia-delta-integral\/\",\"name\":\"Karosseriering M6 Lancia Delta Integrale - Turijnmagazijn\",\"isPartOf\":{\"@id\":\"https:\/\/turijnmagazijn.jumpstone-dev.nl\/#website\"},\"primaryImageOfPage\":{\"@id\":\"https:\/\/turijnmagazijn.nl\/de\/produkt\/karosseriering-m6-lancia-delta-integral\/#primaryimage\"},\"image\":{\"@id\":\"https:\/\/turijnmagazijn.nl\/de\/produkt\/karosseriering-m6-lancia-delta-integral\/#primaryimage\"},\"thumbnailUrl\":\"https:\/\/turijnmagazijn.nl\/wp-content\/uploads\/2023\/03\/DK00102209-Carrosseriering-M6-Lancia-Delta-Integrale-1-1-e1730489634892.jpg\",\"datePublished\":\"2023-03-03T07:19:27+00:00\",\"dateModified\":\"2024-11-01T19:34:27+00:00\",\"breadcrumb\":{\"@id\":\"https:\/\/turijnmagazijn.nl\/de\/produkt\/karosseriering-m6-lancia-delta-integral\/#breadcrumb\"},\"inLanguage\":\"de\",\"potentialAction\":[{\"@type\":\"ReadAction\",\"target\":[\"https:\/\/turijnmagazijn.nl\/de\/produkt\/karosseriering-m6-lancia-delta-integral\/\"]}]},{\"@type\":\"ImageObject\",\"inLanguage\":\"de\",\"@id\":\"https:\/\/turijnmagazijn.nl\/de\/produkt\/karosseriering-m6-lancia-delta-integral\/#primaryimage\",\"url\":\"https:\/\/turijnmagazijn.nl\/wp-content\/uploads\/2023\/03\/DK00102209-Carrosseriering-M6-Lancia-Delta-Integrale-1-1-e1730489634892.jpg\",\"contentUrl\":\"https:\/\/turijnmagazijn.nl\/wp-content\/uploads\/2023\/03\/DK00102209-Carrosseriering-M6-Lancia-Delta-Integrale-1-1-e1730489634892.jpg\",\"width\":1024,\"height\":768},{\"@type\":\"BreadcrumbList\",\"@id\":\"https:\/\/turijnmagazijn.nl\/de\/produkt\/karosseriering-m6-lancia-delta-integral\/#breadcrumb\",\"itemListElement\":[{\"@type\":\"ListItem\",\"position\":1,\"name\":\"Home\",\"item\":\"https:\/\/turijnmagazijn.nl\/de\/\"},{\"@type\":\"ListItem\",\"position\":2,\"name\":\"Produkte\",\"item\":\"https:\/\/turijnmagazijn.nl\/de\/shop\/\"},{\"@type\":\"ListItem\",\"position\":3,\"name\":\"Karosseriering M6 Lancia Delta Integrale\"}]},{\"@type\":\"WebSite\",\"@id\":\"https:\/\/turijnmagazijn.jumpstone-dev.nl\/#website\",\"url\":\"https:\/\/turijnmagazijn.jumpstone-dev.nl\/\",\"name\":\"Turijnmagazijn\",\"description\":\"Onderdelen nieuw en gebruikt - Fiat &amp; Lancia\",\"publisher\":{\"@id\":\"https:\/\/turijnmagazijn.jumpstone-dev.nl\/#organization\"},\"potentialAction\":[{\"@type\":\"SearchAction\",\"target\":{\"@type\":\"EntryPoint\",\"urlTemplate\":\"https:\/\/turijnmagazijn.jumpstone-dev.nl\/?s={search_term_string}\"},\"query-input\":{\"@type\":\"PropertyValueSpecification\",\"valueRequired\":true,\"valueName\":\"search_term_string\"}}],\"inLanguage\":\"de\"},{\"@type\":\"Organization\",\"@id\":\"https:\/\/turijnmagazijn.jumpstone-dev.nl\/#organization\",\"name\":\"Turijnmagazijn\",\"url\":\"https:\/\/turijnmagazijn.jumpstone-dev.nl\/\",\"logo\":{\"@type\":\"ImageObject\",\"inLanguage\":\"de\",\"@id\":\"https:\/\/turijnmagazijn.jumpstone-dev.nl\/#\/schema\/logo\/image\/\",\"url\":\"https:\/\/turijnmagazijn.nl\/wp-content\/uploads\/2021\/02\/turijnmagazijnlogo.png\",\"contentUrl\":\"https:\/\/turijnmagazijn.nl\/wp-content\/uploads\/2021\/02\/turijnmagazijnlogo.png\",\"width\":555,\"height\":270,\"caption\":\"Turijnmagazijn\"},\"image\":{\"@id\":\"https:\/\/turijnmagazijn.jumpstone-dev.nl\/#\/schema\/logo\/image\/\"},\"sameAs\":[\"https:\/\/www.facebook.com\/turijnmagazijn\"]}]}<\/script>\n<!-- \/ Yoast SEO plugin. -->","yoast_head_json":{"title":"Karosseriering M6 Lancia Delta Integrale - Turijnmagazijn","robots":{"index":"index","follow":"follow","max-snippet":"max-snippet:-1","max-image-preview":"max-image-preview:large","max-video-preview":"max-video-preview:-1"},"canonical":"https:\/\/turijnmagazijn.nl\/de\/produkt\/karosseriering-m6-lancia-delta-integral\/","og_locale":"de_DE","og_type":"article","og_title":"Karosseriering M6 Lancia Delta Integrale - Turijnmagazijn","og_description":"Karosseriering M6 Lancia Delta Integrale - Original verwendeter Aufh\u00e4ngungsring M6 f\u00fcr den Lancia Delta Integrale.","og_url":"https:\/\/turijnmagazijn.nl\/de\/produkt\/karosseriering-m6-lancia-delta-integral\/","og_site_name":"Turijnmagazijn","article_publisher":"https:\/\/www.facebook.com\/turijnmagazijn","article_modified_time":"2024-11-01T19:34:27+00:00","og_image":[{"width":1024,"height":768,"url":"https:\/\/turijnmagazijn.nl\/wp-content\/uploads\/2023\/03\/DK00102209-Carrosseriering-M6-Lancia-Delta-Integrale-1-1-e1730489634892.jpg","type":"image\/jpeg"}],"twitter_card":"summary_large_image","twitter_misc":{"Gesch\u00e4tzte Lesezeit":"2\u00a0Minuten"},"schema":{"@context":"https:\/\/schema.org","@graph":[{"@type":"WebPage","@id":"https:\/\/turijnmagazijn.nl\/de\/produkt\/karosseriering-m6-lancia-delta-integral\/","url":"https:\/\/turijnmagazijn.nl\/de\/produkt\/karosseriering-m6-lancia-delta-integral\/","name":"Karosseriering M6 Lancia Delta Integrale - Turijnmagazijn","isPartOf":{"@id":"https:\/\/turijnmagazijn.jumpstone-dev.nl\/#website"},"primaryImageOfPage":{"@id":"https:\/\/turijnmagazijn.nl\/de\/produkt\/karosseriering-m6-lancia-delta-integral\/#primaryimage"},"image":{"@id":"https:\/\/turijnmagazijn.nl\/de\/produkt\/karosseriering-m6-lancia-delta-integral\/#primaryimage"},"thumbnailUrl":"https:\/\/turijnmagazijn.nl\/wp-content\/uploads\/2023\/03\/DK00102209-Carrosseriering-M6-Lancia-Delta-Integrale-1-1-e1730489634892.jpg","datePublished":"2023-03-03T07:19:27+00:00","dateModified":"2024-11-01T19:34:27+00:00","breadcrumb":{"@id":"https:\/\/turijnmagazijn.nl\/de\/produkt\/karosseriering-m6-lancia-delta-integral\/#breadcrumb"},"inLanguage":"de","potentialAction":[{"@type":"ReadAction","target":["https:\/\/turijnmagazijn.nl\/de\/produkt\/karosseriering-m6-lancia-delta-integral\/"]}]},{"@type":"ImageObject","inLanguage":"de","@id":"https:\/\/turijnmagazijn.nl\/de\/produkt\/karosseriering-m6-lancia-delta-integral\/#primaryimage","url":"https:\/\/turijnmagazijn.nl\/wp-content\/uploads\/2023\/03\/DK00102209-Carrosseriering-M6-Lancia-Delta-Integrale-1-1-e1730489634892.jpg","contentUrl":"https:\/\/turijnmagazijn.nl\/wp-content\/uploads\/2023\/03\/DK00102209-Carrosseriering-M6-Lancia-Delta-Integrale-1-1-e1730489634892.jpg","width":1024,"height":768},{"@type":"BreadcrumbList","@id":"https:\/\/turijnmagazijn.nl\/de\/produkt\/karosseriering-m6-lancia-delta-integral\/#breadcrumb","itemListElement":[{"@type":"ListItem","position":1,"name":"Home","item":"https:\/\/turijnmagazijn.nl\/de\/"},{"@type":"ListItem","position":2,"name":"Produkte","item":"https:\/\/turijnmagazijn.nl\/de\/shop\/"},{"@type":"ListItem","position":3,"name":"Karosseriering M6 Lancia Delta Integrale"}]},{"@type":"WebSite","@id":"https:\/\/turijnmagazijn.jumpstone-dev.nl\/#website","url":"https:\/\/turijnmagazijn.jumpstone-dev.nl\/","name":"Turijnmagazijn","description":"Onderdelen nieuw en gebruikt - Fiat &amp; Lancia","publisher":{"@id":"https:\/\/turijnmagazijn.jumpstone-dev.nl\/#organization"},"potentialAction":[{"@type":"SearchAction","target":{"@type":"EntryPoint","urlTemplate":"https:\/\/turijnmagazijn.jumpstone-dev.nl\/?s={search_term_string}"},"query-input":{"@type":"PropertyValueSpecification","valueRequired":true,"valueName":"search_term_string"}}],"inLanguage":"de"},{"@type":"Organization","@id":"https:\/\/turijnmagazijn.jumpstone-dev.nl\/#organization","name":"Turijnmagazijn","url":"https:\/\/turijnmagazijn.jumpstone-dev.nl\/","logo":{"@type":"ImageObject","inLanguage":"de","@id":"https:\/\/turijnmagazijn.jumpstone-dev.nl\/#\/schema\/logo\/image\/","url":"https:\/\/turijnmagazijn.nl\/wp-content\/uploads\/2021\/02\/turijnmagazijnlogo.png","contentUrl":"https:\/\/turijnmagazijn.nl\/wp-content\/uploads\/2021\/02\/turijnmagazijnlogo.png","width":555,"height":270,"caption":"Turijnmagazijn"},"image":{"@id":"https:\/\/turijnmagazijn.jumpstone-dev.nl\/#\/schema\/logo\/image\/"},"sameAs":["https:\/\/www.facebook.com\/turijnmagazijn"]}]}},"_links":{"self":[{"href":"https:\/\/turijnmagazijn.nl\/de\/wp-json\/wp\/v2\/product\/64094","targetHints":{"allow":["GET"]}}],"collection":[{"href":"https:\/\/turijnmagazijn.nl\/de\/wp-json\/wp\/v2\/product"}],"about":[{"href":"https:\/\/turijnmagazijn.nl\/de\/wp-json\/wp\/v2\/types\/product"}],"replies":[{"embeddable":true,"href":"https:\/\/turijnmagazijn.nl\/de\/wp-json\/wp\/v2\/comments?post=64094"}],"wp:featuredmedia":[{"embeddable":true,"href":"https:\/\/turijnmagazijn.nl\/de\/wp-json\/wp\/v2\/media\/46845"}],"wp:attachment":[{"href":"https:\/\/turijnmagazijn.nl\/de\/wp-json\/wp\/v2\/media?parent=64094"}],"wp:term":[{"taxonomy":"product_brand","embeddable":true,"href":"https:\/\/turijnmagazijn.nl\/de\/wp-json\/wp\/v2\/product_brand?post=64094"},{"taxonomy":"product_cat","embeddable":true,"href":"https:\/\/turijnmagazijn.nl\/de\/wp-json\/wp\/v2\/product_cat?post=64094"},{"taxonomy":"product_tag","embeddable":true,"href":"https:\/\/turijnmagazijn.nl\/de\/wp-json\/wp\/v2\/product_tag?post=64094"}],"curies":[{"name":"wp","href":"https:\/\/api.w.org\/{rel}","templated":true}]}}