{"id":64121,"date":"2023-03-03T09:19:27","date_gmt":"2023-03-03T08:19:27","guid":{"rendered":"https:\/\/turijnmagazijn.nl\/product\/zusatzhalterung-fuer-hintere-stossstange-lancia-delta-integrale-ueberarbeitet-und-verbessert\/"},"modified":"2023-07-27T12:15:05","modified_gmt":"2023-07-27T10:15:05","slug":"zusatzbugel-heckstosstange-lancia-delta-integral-uberholt-und-verbessert","status":"publish","type":"product","link":"https:\/\/turijnmagazijn.nl\/de\/produkt\/zusatzbugel-heckstosstange-lancia-delta-integral-uberholt-und-verbessert\/","title":{"rendered":"Zusatzhalterung f\u00fcr hintere Sto\u00dfstange Lancia Delta Integrale \u00fcberarbeitet und verbessert"},"content":{"rendered":"<p>\u00dcberholte hintere Sto\u00dff\u00e4ngerhalterung f\u00fcr Lancia Delta Integrale, betrifft die Hilfshalterung, die das Flattern des Sto\u00dff\u00e4ngers bei hohen Geschwindigkeiten verhindert.<\/p>\n<p>Diese Unterst\u00fctzung stammt von einem Lancia Delta Integrale 16V, Baujahr 1990. Die Hilfsst\u00fctze ist zur Verst\u00e4rkung am oberen Knickpunkt verschwei\u00dft. Im Laufe der Jahre werden die Halterungen hier schlaff und beginnen aufgrund des Wischmopps der Sto\u00dfstange, den sie fangen, zu rei\u00dfen.  <span style=\"font-weight: bold;\">Diese \u00fcberholten Halterungen sind an dieser Stelle durchgeschwei\u00dft, so dass sie viel stabiler sind als das Original!<\/span>  Die St\u00fctzen werden dann silbergrau pulverbeschichtet, damit sie nie wieder rosten. Ein Muss f\u00fcr den Puristen, der auf seinem Delta nur das Beste will.<\/p>\n<p><\/p>\n<p>&nbsp;OEM Lancia 82430643<\/p>\n","protected":false},"excerpt":{"rendered":"<p>Zusatzhalterung hintere Sto\u00dfstange Lancia Delta Integrale \u00fcberholt und verbessert &#8211; \u00dcberholte hintere Sto\u00dfstangenhalterung f\u00fcr Lancia Delta Integrale, betrifft die Zusatzhalterung, die das Flattern der Sto\u00dfstange bei hohen Geschwindigkeiten verhindert.<\/p>\n","protected":false},"featured_media":46905,"comment_status":"open","ping_status":"closed","template":"","meta":{"_acf_changed":false},"product_brand":[],"product_cat":[1807,1829,1797],"product_tag":[],"class_list":{"0":"post-64121","1":"product","2":"type-product","3":"status-publish","4":"has-post-thumbnail","6":"product_cat-delta-1-831-de","7":"product_cat-integrale-8v-de","8":"product_cat-lancia-de","9":"pa_soort-onderdeel-karosserie-und-blech","11":"first","12":"instock","13":"shipping-taxable","14":"purchasable","15":"product-type-simple"},"acf":[],"yoast_head":"<!-- This site is optimized with the Yoast SEO plugin v27.2 - https:\/\/yoast.com\/product\/yoast-seo-wordpress\/ -->\n<title>Zusatzhalterung f\u00fcr hintere Sto\u00dfstange Lancia Delta Integrale \u00fcberarbeitet und verbessert - Turijnmagazijn<\/title>\n<meta name=\"robots\" content=\"index, follow, max-snippet:-1, max-image-preview:large, max-video-preview:-1\" \/>\n<link rel=\"canonical\" href=\"https:\/\/turijnmagazijn.nl\/de\/produkt\/zusatzbugel-heckstosstange-lancia-delta-integral-uberholt-und-verbessert\/\" \/>\n<meta property=\"og:locale\" content=\"de_DE\" \/>\n<meta property=\"og:type\" content=\"article\" \/>\n<meta property=\"og:title\" content=\"Zusatzhalterung f\u00fcr hintere Sto\u00dfstange Lancia Delta Integrale \u00fcberarbeitet und verbessert - Turijnmagazijn\" \/>\n<meta property=\"og:description\" content=\"Zusatzhalterung hintere Sto\u00dfstange Lancia Delta Integrale \u00fcberholt und verbessert - \u00dcberholte hintere Sto\u00dfstangenhalterung f\u00fcr Lancia Delta Integrale, betrifft die Zusatzhalterung, die das Flattern der Sto\u00dfstange bei hohen Geschwindigkeiten verhindert.\" \/>\n<meta property=\"og:url\" content=\"https:\/\/turijnmagazijn.nl\/de\/produkt\/zusatzbugel-heckstosstange-lancia-delta-integral-uberholt-und-verbessert\/\" \/>\n<meta property=\"og:site_name\" content=\"Turijnmagazijn\" \/>\n<meta property=\"article:publisher\" content=\"https:\/\/www.facebook.com\/turijnmagazijn\" \/>\n<meta property=\"article:modified_time\" content=\"2023-07-27T10:15:05+00:00\" \/>\n<meta property=\"og:image\" content=\"https:\/\/turijnmagazijn.nl\/wp-content\/uploads\/2023\/03\/DK00102214-Hulpbeugel-achterbumper-Lancia-Delta-Integrale-gereviseerd-en-verbeterd-1-1.jpg\" \/>\n\t<meta property=\"og:image:width\" content=\"1024\" \/>\n\t<meta property=\"og:image:height\" content=\"768\" \/>\n\t<meta property=\"og:image:type\" content=\"image\/jpeg\" \/>\n<meta name=\"twitter:card\" content=\"summary_large_image\" \/>\n<meta name=\"twitter:label1\" content=\"Gesch\u00e4tzte Lesezeit\" \/>\n\t<meta name=\"twitter:data1\" content=\"1\u00a0Minute\" \/>\n<script type=\"application\/ld+json\" class=\"yoast-schema-graph\">{\"@context\":\"https:\/\/schema.org\",\"@graph\":[{\"@type\":\"WebPage\",\"@id\":\"https:\/\/turijnmagazijn.nl\/de\/produkt\/zusatzbugel-heckstosstange-lancia-delta-integral-uberholt-und-verbessert\/\",\"url\":\"https:\/\/turijnmagazijn.nl\/de\/produkt\/zusatzbugel-heckstosstange-lancia-delta-integral-uberholt-und-verbessert\/\",\"name\":\"Zusatzhalterung f\u00fcr hintere Sto\u00dfstange Lancia Delta Integrale \u00fcberarbeitet und verbessert - Turijnmagazijn\",\"isPartOf\":{\"@id\":\"https:\/\/turijnmagazijn.jumpstone-dev.nl\/#website\"},\"primaryImageOfPage\":{\"@id\":\"https:\/\/turijnmagazijn.nl\/de\/produkt\/zusatzbugel-heckstosstange-lancia-delta-integral-uberholt-und-verbessert\/#primaryimage\"},\"image\":{\"@id\":\"https:\/\/turijnmagazijn.nl\/de\/produkt\/zusatzbugel-heckstosstange-lancia-delta-integral-uberholt-und-verbessert\/#primaryimage\"},\"thumbnailUrl\":\"https:\/\/turijnmagazijn.nl\/wp-content\/uploads\/2023\/03\/DK00102214-Hulpbeugel-achterbumper-Lancia-Delta-Integrale-gereviseerd-en-verbeterd-1-1.jpg\",\"datePublished\":\"2023-03-03T08:19:27+00:00\",\"dateModified\":\"2023-07-27T10:15:05+00:00\",\"breadcrumb\":{\"@id\":\"https:\/\/turijnmagazijn.nl\/de\/produkt\/zusatzbugel-heckstosstange-lancia-delta-integral-uberholt-und-verbessert\/#breadcrumb\"},\"inLanguage\":\"de\",\"potentialAction\":[{\"@type\":\"ReadAction\",\"target\":[\"https:\/\/turijnmagazijn.nl\/de\/produkt\/zusatzbugel-heckstosstange-lancia-delta-integral-uberholt-und-verbessert\/\"]}]},{\"@type\":\"ImageObject\",\"inLanguage\":\"de\",\"@id\":\"https:\/\/turijnmagazijn.nl\/de\/produkt\/zusatzbugel-heckstosstange-lancia-delta-integral-uberholt-und-verbessert\/#primaryimage\",\"url\":\"https:\/\/turijnmagazijn.nl\/wp-content\/uploads\/2023\/03\/DK00102214-Hulpbeugel-achterbumper-Lancia-Delta-Integrale-gereviseerd-en-verbeterd-1-1.jpg\",\"contentUrl\":\"https:\/\/turijnmagazijn.nl\/wp-content\/uploads\/2023\/03\/DK00102214-Hulpbeugel-achterbumper-Lancia-Delta-Integrale-gereviseerd-en-verbeterd-1-1.jpg\",\"width\":1024,\"height\":768},{\"@type\":\"BreadcrumbList\",\"@id\":\"https:\/\/turijnmagazijn.nl\/de\/produkt\/zusatzbugel-heckstosstange-lancia-delta-integral-uberholt-und-verbessert\/#breadcrumb\",\"itemListElement\":[{\"@type\":\"ListItem\",\"position\":1,\"name\":\"Home\",\"item\":\"https:\/\/turijnmagazijn.jumpstone-dev.nl\/\"},{\"@type\":\"ListItem\",\"position\":2,\"name\":\"Produkte\",\"item\":\"https:\/\/turijnmagazijn.nl\/de\/shop\/\"},{\"@type\":\"ListItem\",\"position\":3,\"name\":\"Zusatzhalterung f\u00fcr hintere Sto\u00dfstange Lancia Delta Integrale \u00fcberarbeitet und verbessert\"}]},{\"@type\":\"WebSite\",\"@id\":\"https:\/\/turijnmagazijn.jumpstone-dev.nl\/#website\",\"url\":\"https:\/\/turijnmagazijn.jumpstone-dev.nl\/\",\"name\":\"Turijnmagazijn\",\"description\":\"Onderdelen nieuw en gebruikt - Fiat &amp; Lancia\",\"publisher\":{\"@id\":\"https:\/\/turijnmagazijn.jumpstone-dev.nl\/#organization\"},\"potentialAction\":[{\"@type\":\"SearchAction\",\"target\":{\"@type\":\"EntryPoint\",\"urlTemplate\":\"https:\/\/turijnmagazijn.jumpstone-dev.nl\/?s={search_term_string}\"},\"query-input\":{\"@type\":\"PropertyValueSpecification\",\"valueRequired\":true,\"valueName\":\"search_term_string\"}}],\"inLanguage\":\"de\"},{\"@type\":\"Organization\",\"@id\":\"https:\/\/turijnmagazijn.jumpstone-dev.nl\/#organization\",\"name\":\"Turijnmagazijn\",\"url\":\"https:\/\/turijnmagazijn.jumpstone-dev.nl\/\",\"logo\":{\"@type\":\"ImageObject\",\"inLanguage\":\"de\",\"@id\":\"https:\/\/turijnmagazijn.jumpstone-dev.nl\/#\/schema\/logo\/image\/\",\"url\":\"https:\/\/turijnmagazijn.nl\/wp-content\/uploads\/2021\/02\/turijnmagazijnlogo.png\",\"contentUrl\":\"https:\/\/turijnmagazijn.nl\/wp-content\/uploads\/2021\/02\/turijnmagazijnlogo.png\",\"width\":555,\"height\":270,\"caption\":\"Turijnmagazijn\"},\"image\":{\"@id\":\"https:\/\/turijnmagazijn.jumpstone-dev.nl\/#\/schema\/logo\/image\/\"},\"sameAs\":[\"https:\/\/www.facebook.com\/turijnmagazijn\"]}]}<\/script>\n<!-- \/ Yoast SEO plugin. -->","yoast_head_json":{"title":"Zusatzhalterung f\u00fcr hintere Sto\u00dfstange Lancia Delta Integrale \u00fcberarbeitet und verbessert - Turijnmagazijn","robots":{"index":"index","follow":"follow","max-snippet":"max-snippet:-1","max-image-preview":"max-image-preview:large","max-video-preview":"max-video-preview:-1"},"canonical":"https:\/\/turijnmagazijn.nl\/de\/produkt\/zusatzbugel-heckstosstange-lancia-delta-integral-uberholt-und-verbessert\/","og_locale":"de_DE","og_type":"article","og_title":"Zusatzhalterung f\u00fcr hintere Sto\u00dfstange Lancia Delta Integrale \u00fcberarbeitet und verbessert - Turijnmagazijn","og_description":"Zusatzhalterung hintere Sto\u00dfstange Lancia Delta Integrale \u00fcberholt und verbessert - \u00dcberholte hintere Sto\u00dfstangenhalterung f\u00fcr Lancia Delta Integrale, betrifft die Zusatzhalterung, die das Flattern der Sto\u00dfstange bei hohen Geschwindigkeiten verhindert.","og_url":"https:\/\/turijnmagazijn.nl\/de\/produkt\/zusatzbugel-heckstosstange-lancia-delta-integral-uberholt-und-verbessert\/","og_site_name":"Turijnmagazijn","article_publisher":"https:\/\/www.facebook.com\/turijnmagazijn","article_modified_time":"2023-07-27T10:15:05+00:00","og_image":[{"width":1024,"height":768,"url":"https:\/\/turijnmagazijn.nl\/wp-content\/uploads\/2023\/03\/DK00102214-Hulpbeugel-achterbumper-Lancia-Delta-Integrale-gereviseerd-en-verbeterd-1-1.jpg","type":"image\/jpeg"}],"twitter_card":"summary_large_image","twitter_misc":{"Gesch\u00e4tzte Lesezeit":"1\u00a0Minute"},"schema":{"@context":"https:\/\/schema.org","@graph":[{"@type":"WebPage","@id":"https:\/\/turijnmagazijn.nl\/de\/produkt\/zusatzbugel-heckstosstange-lancia-delta-integral-uberholt-und-verbessert\/","url":"https:\/\/turijnmagazijn.nl\/de\/produkt\/zusatzbugel-heckstosstange-lancia-delta-integral-uberholt-und-verbessert\/","name":"Zusatzhalterung f\u00fcr hintere Sto\u00dfstange Lancia Delta Integrale \u00fcberarbeitet und verbessert - Turijnmagazijn","isPartOf":{"@id":"https:\/\/turijnmagazijn.jumpstone-dev.nl\/#website"},"primaryImageOfPage":{"@id":"https:\/\/turijnmagazijn.nl\/de\/produkt\/zusatzbugel-heckstosstange-lancia-delta-integral-uberholt-und-verbessert\/#primaryimage"},"image":{"@id":"https:\/\/turijnmagazijn.nl\/de\/produkt\/zusatzbugel-heckstosstange-lancia-delta-integral-uberholt-und-verbessert\/#primaryimage"},"thumbnailUrl":"https:\/\/turijnmagazijn.nl\/wp-content\/uploads\/2023\/03\/DK00102214-Hulpbeugel-achterbumper-Lancia-Delta-Integrale-gereviseerd-en-verbeterd-1-1.jpg","datePublished":"2023-03-03T08:19:27+00:00","dateModified":"2023-07-27T10:15:05+00:00","breadcrumb":{"@id":"https:\/\/turijnmagazijn.nl\/de\/produkt\/zusatzbugel-heckstosstange-lancia-delta-integral-uberholt-und-verbessert\/#breadcrumb"},"inLanguage":"de","potentialAction":[{"@type":"ReadAction","target":["https:\/\/turijnmagazijn.nl\/de\/produkt\/zusatzbugel-heckstosstange-lancia-delta-integral-uberholt-und-verbessert\/"]}]},{"@type":"ImageObject","inLanguage":"de","@id":"https:\/\/turijnmagazijn.nl\/de\/produkt\/zusatzbugel-heckstosstange-lancia-delta-integral-uberholt-und-verbessert\/#primaryimage","url":"https:\/\/turijnmagazijn.nl\/wp-content\/uploads\/2023\/03\/DK00102214-Hulpbeugel-achterbumper-Lancia-Delta-Integrale-gereviseerd-en-verbeterd-1-1.jpg","contentUrl":"https:\/\/turijnmagazijn.nl\/wp-content\/uploads\/2023\/03\/DK00102214-Hulpbeugel-achterbumper-Lancia-Delta-Integrale-gereviseerd-en-verbeterd-1-1.jpg","width":1024,"height":768},{"@type":"BreadcrumbList","@id":"https:\/\/turijnmagazijn.nl\/de\/produkt\/zusatzbugel-heckstosstange-lancia-delta-integral-uberholt-und-verbessert\/#breadcrumb","itemListElement":[{"@type":"ListItem","position":1,"name":"Home","item":"https:\/\/turijnmagazijn.jumpstone-dev.nl\/"},{"@type":"ListItem","position":2,"name":"Produkte","item":"https:\/\/turijnmagazijn.nl\/de\/shop\/"},{"@type":"ListItem","position":3,"name":"Zusatzhalterung f\u00fcr hintere Sto\u00dfstange Lancia Delta Integrale \u00fcberarbeitet und verbessert"}]},{"@type":"WebSite","@id":"https:\/\/turijnmagazijn.jumpstone-dev.nl\/#website","url":"https:\/\/turijnmagazijn.jumpstone-dev.nl\/","name":"Turijnmagazijn","description":"Onderdelen nieuw en gebruikt - Fiat &amp; Lancia","publisher":{"@id":"https:\/\/turijnmagazijn.jumpstone-dev.nl\/#organization"},"potentialAction":[{"@type":"SearchAction","target":{"@type":"EntryPoint","urlTemplate":"https:\/\/turijnmagazijn.jumpstone-dev.nl\/?s={search_term_string}"},"query-input":{"@type":"PropertyValueSpecification","valueRequired":true,"valueName":"search_term_string"}}],"inLanguage":"de"},{"@type":"Organization","@id":"https:\/\/turijnmagazijn.jumpstone-dev.nl\/#organization","name":"Turijnmagazijn","url":"https:\/\/turijnmagazijn.jumpstone-dev.nl\/","logo":{"@type":"ImageObject","inLanguage":"de","@id":"https:\/\/turijnmagazijn.jumpstone-dev.nl\/#\/schema\/logo\/image\/","url":"https:\/\/turijnmagazijn.nl\/wp-content\/uploads\/2021\/02\/turijnmagazijnlogo.png","contentUrl":"https:\/\/turijnmagazijn.nl\/wp-content\/uploads\/2021\/02\/turijnmagazijnlogo.png","width":555,"height":270,"caption":"Turijnmagazijn"},"image":{"@id":"https:\/\/turijnmagazijn.jumpstone-dev.nl\/#\/schema\/logo\/image\/"},"sameAs":["https:\/\/www.facebook.com\/turijnmagazijn"]}]}},"_links":{"self":[{"href":"https:\/\/turijnmagazijn.nl\/de\/wp-json\/wp\/v2\/product\/64121","targetHints":{"allow":["GET"]}}],"collection":[{"href":"https:\/\/turijnmagazijn.nl\/de\/wp-json\/wp\/v2\/product"}],"about":[{"href":"https:\/\/turijnmagazijn.nl\/de\/wp-json\/wp\/v2\/types\/product"}],"replies":[{"embeddable":true,"href":"https:\/\/turijnmagazijn.nl\/de\/wp-json\/wp\/v2\/comments?post=64121"}],"wp:featuredmedia":[{"embeddable":true,"href":"https:\/\/turijnmagazijn.nl\/de\/wp-json\/wp\/v2\/media\/46905"}],"wp:attachment":[{"href":"https:\/\/turijnmagazijn.nl\/de\/wp-json\/wp\/v2\/media?parent=64121"}],"wp:term":[{"taxonomy":"product_brand","embeddable":true,"href":"https:\/\/turijnmagazijn.nl\/de\/wp-json\/wp\/v2\/product_brand?post=64121"},{"taxonomy":"product_cat","embeddable":true,"href":"https:\/\/turijnmagazijn.nl\/de\/wp-json\/wp\/v2\/product_cat?post=64121"},{"taxonomy":"product_tag","embeddable":true,"href":"https:\/\/turijnmagazijn.nl\/de\/wp-json\/wp\/v2\/product_tag?post=64121"}],"curies":[{"name":"wp","href":"https:\/\/api.w.org\/{rel}","templated":true}]}}