{"id":64140,"date":"2023-03-03T09:19:28","date_gmt":"2023-03-03T08:19:28","guid":{"rendered":"https:\/\/turijnmagazijn.nl\/product\/carello-nebelscheinwerfer-fiat-tempra-rechts\/"},"modified":"2023-07-27T12:16:05","modified_gmt":"2023-07-27T10:16:05","slug":"carello-nebelscheinwerfer-vorne-fiat-tempra-rechts","status":"publish","type":"product","link":"https:\/\/turijnmagazijn.nl\/de\/produkt\/carello-nebelscheinwerfer-vorne-fiat-tempra-rechts\/","title":{"rendered":"Carello Nebelscheinwerfer Fiat Tempra rechts"},"content":{"rendered":"<p>Gut gebrauchter Nebelscheinwerfer f\u00fcr Fiat Tempra zur Montage in der vorderen Sto\u00dfstange rechts, handelt es sich um ein gebrauchtes Ger\u00e4t in gutem Zustand. Original Fiat\/Carello.<\/p>\n<p>Aufschrift Fiat auf dem Glas. Glas hat leichte Schottersch\u00e4den.<\/p>\n<p>Komplett mit dem Pfahlbau.<\/p>\n<p>Der Stecker auf der Kabelbaumseite wird ebenfalls hinzugef\u00fcgt.<\/p>\n<div style=\"\">FIAT TEMPRA &#8217;89-&#8217;93!!<\/div>\n<div style=\"\">\n<p class=\"MsoNormal\" style=\"line-height: normal;\"><span lang=\"EN-US\" style=\"\">FIAT &#8211; MV TEMPRA 1370-Fiat, Fiat &gt; Barchetta [183],0 (1989-1993)<o:p><\/o:p><\/span><\/p>\n<p class=\"MsoNormal\" style=\"line-height: normal;\"><span lang=\"EN-US\" style=\"\"><\/span><span style=\"background-position: -32px -16px; overflow: hidden;\">FIAT &#8211; FRAU TEMPRA 1750-2000 (1989-1993)<o:p><\/o:p><\/span><\/p>\n<p class=\"MsoNormal\" style=\"line-height: normal;\"><span lang=\"EN-US\" style=\"\"><\/span><span style=\"background-position: -32px -16px; overflow: hidden;\">FIAT &#8211; MX TEMPRA DIESEL-TURBO D.(1989-1993)<\/span><\/p>\n<\/div>\n<p>OEM Fiat 7646Fiat, Fiat&nbsp;&gt; Barchetta [183],<\/p>\n","protected":false},"excerpt":{"rendered":"<p>Carello Nebelscheinwerfer Fiat Tempra Rechts &#8211; Gut gebrauchter Nebelscheinwerfer f\u00fcr Fiat Tempra zur Montage in der vorderen Sto\u00dfstange rechts, handelt es sich um ein gebrauchtes Ger\u00e4t in gutem Zustand.<\/p>\n","protected":false},"featured_media":47029,"comment_status":"open","ping_status":"closed","template":"","meta":{"_acf_changed":false},"product_brand":[],"product_cat":[1689,1777],"product_tag":[],"class_list":{"0":"post-64140","1":"product","2":"type-product","3":"status-publish","4":"has-post-thumbnail","6":"product_cat-fiat-de","7":"product_cat-tempra-159-de","8":"pa_soort-onderdeel-beleuchtung","9":"pa_soort-onderdeel-elektronik-und-kabel","11":"first","12":"instock","13":"shipping-taxable","14":"purchasable","15":"product-type-simple"},"acf":[],"yoast_head":"<!-- This site is optimized with the Yoast SEO plugin v27.3 - https:\/\/yoast.com\/product\/yoast-seo-wordpress\/ -->\n<title>Carello Nebelscheinwerfer Fiat Tempra rechts - Turijnmagazijn<\/title>\n<meta name=\"robots\" content=\"index, follow, max-snippet:-1, max-image-preview:large, max-video-preview:-1\" \/>\n<link rel=\"canonical\" href=\"https:\/\/turijnmagazijn.nl\/de\/produkt\/carello-nebelscheinwerfer-vorne-fiat-tempra-rechts\/\" \/>\n<meta property=\"og:locale\" content=\"de_DE\" \/>\n<meta property=\"og:type\" content=\"article\" \/>\n<meta property=\"og:title\" content=\"Carello Nebelscheinwerfer Fiat Tempra rechts - Turijnmagazijn\" \/>\n<meta property=\"og:description\" content=\"Carello Nebelscheinwerfer Fiat Tempra Rechts - Gut gebrauchter Nebelscheinwerfer f\u00fcr Fiat Tempra zur Montage in der vorderen Sto\u00dfstange rechts, handelt es sich um ein gebrauchtes Ger\u00e4t in gutem Zustand.\" \/>\n<meta property=\"og:url\" content=\"https:\/\/turijnmagazijn.nl\/de\/produkt\/carello-nebelscheinwerfer-vorne-fiat-tempra-rechts\/\" \/>\n<meta property=\"og:site_name\" content=\"Turijnmagazijn\" \/>\n<meta property=\"article:publisher\" content=\"https:\/\/www.facebook.com\/turijnmagazijn\" \/>\n<meta property=\"article:modified_time\" content=\"2023-07-27T10:16:05+00:00\" \/>\n<meta property=\"og:image\" content=\"https:\/\/turijnmagazijn.nl\/wp-content\/uploads\/2023\/03\/DK00102228-Carello-mistlamp-voorzijde-Fiat-Tempra-Rechts-3-1.jpg\" \/>\n\t<meta property=\"og:image:width\" content=\"1024\" \/>\n\t<meta property=\"og:image:height\" content=\"768\" \/>\n\t<meta property=\"og:image:type\" content=\"image\/jpeg\" \/>\n<meta name=\"twitter:card\" content=\"summary_large_image\" \/>\n<script type=\"application\/ld+json\" class=\"yoast-schema-graph\">{\"@context\":\"https:\\\/\\\/schema.org\",\"@graph\":[{\"@type\":\"WebPage\",\"@id\":\"https:\\\/\\\/turijnmagazijn.nl\\\/de\\\/produkt\\\/carello-nebelscheinwerfer-vorne-fiat-tempra-rechts\\\/\",\"url\":\"https:\\\/\\\/turijnmagazijn.nl\\\/de\\\/produkt\\\/carello-nebelscheinwerfer-vorne-fiat-tempra-rechts\\\/\",\"name\":\"Carello Nebelscheinwerfer Fiat Tempra rechts - Turijnmagazijn\",\"isPartOf\":{\"@id\":\"https:\\\/\\\/turijnmagazijn.jumpstone-dev.nl\\\/#website\"},\"primaryImageOfPage\":{\"@id\":\"https:\\\/\\\/turijnmagazijn.nl\\\/de\\\/produkt\\\/carello-nebelscheinwerfer-vorne-fiat-tempra-rechts\\\/#primaryimage\"},\"image\":{\"@id\":\"https:\\\/\\\/turijnmagazijn.nl\\\/de\\\/produkt\\\/carello-nebelscheinwerfer-vorne-fiat-tempra-rechts\\\/#primaryimage\"},\"thumbnailUrl\":\"https:\\\/\\\/turijnmagazijn.nl\\\/wp-content\\\/uploads\\\/2023\\\/03\\\/DK00102228-Carello-mistlamp-voorzijde-Fiat-Tempra-Rechts-3-1.jpg\",\"datePublished\":\"2023-03-03T08:19:28+00:00\",\"dateModified\":\"2023-07-27T10:16:05+00:00\",\"breadcrumb\":{\"@id\":\"https:\\\/\\\/turijnmagazijn.nl\\\/de\\\/produkt\\\/carello-nebelscheinwerfer-vorne-fiat-tempra-rechts\\\/#breadcrumb\"},\"inLanguage\":\"de\",\"potentialAction\":[{\"@type\":\"ReadAction\",\"target\":[\"https:\\\/\\\/turijnmagazijn.nl\\\/de\\\/produkt\\\/carello-nebelscheinwerfer-vorne-fiat-tempra-rechts\\\/\"]}]},{\"@type\":\"ImageObject\",\"inLanguage\":\"de\",\"@id\":\"https:\\\/\\\/turijnmagazijn.nl\\\/de\\\/produkt\\\/carello-nebelscheinwerfer-vorne-fiat-tempra-rechts\\\/#primaryimage\",\"url\":\"https:\\\/\\\/turijnmagazijn.nl\\\/wp-content\\\/uploads\\\/2023\\\/03\\\/DK00102228-Carello-mistlamp-voorzijde-Fiat-Tempra-Rechts-3-1.jpg\",\"contentUrl\":\"https:\\\/\\\/turijnmagazijn.nl\\\/wp-content\\\/uploads\\\/2023\\\/03\\\/DK00102228-Carello-mistlamp-voorzijde-Fiat-Tempra-Rechts-3-1.jpg\",\"width\":1024,\"height\":768},{\"@type\":\"BreadcrumbList\",\"@id\":\"https:\\\/\\\/turijnmagazijn.nl\\\/de\\\/produkt\\\/carello-nebelscheinwerfer-vorne-fiat-tempra-rechts\\\/#breadcrumb\",\"itemListElement\":[{\"@type\":\"ListItem\",\"position\":1,\"name\":\"Home\",\"item\":\"https:\\\/\\\/turijnmagazijn.nl\\\/de\\\/\"},{\"@type\":\"ListItem\",\"position\":2,\"name\":\"Produkte\",\"item\":\"https:\\\/\\\/turijnmagazijn.nl\\\/de\\\/shop\\\/\"},{\"@type\":\"ListItem\",\"position\":3,\"name\":\"Carello Nebelscheinwerfer Fiat Tempra rechts\"}]},{\"@type\":\"WebSite\",\"@id\":\"https:\\\/\\\/turijnmagazijn.jumpstone-dev.nl\\\/#website\",\"url\":\"https:\\\/\\\/turijnmagazijn.jumpstone-dev.nl\\\/\",\"name\":\"Turijnmagazijn\",\"description\":\"Onderdelen nieuw en gebruikt - Fiat &amp; Lancia\",\"publisher\":{\"@id\":\"https:\\\/\\\/turijnmagazijn.jumpstone-dev.nl\\\/#organization\"},\"potentialAction\":[{\"@type\":\"SearchAction\",\"target\":{\"@type\":\"EntryPoint\",\"urlTemplate\":\"https:\\\/\\\/turijnmagazijn.jumpstone-dev.nl\\\/?s={search_term_string}\"},\"query-input\":{\"@type\":\"PropertyValueSpecification\",\"valueRequired\":true,\"valueName\":\"search_term_string\"}}],\"inLanguage\":\"de\"},{\"@type\":\"Organization\",\"@id\":\"https:\\\/\\\/turijnmagazijn.jumpstone-dev.nl\\\/#organization\",\"name\":\"Turijnmagazijn\",\"url\":\"https:\\\/\\\/turijnmagazijn.jumpstone-dev.nl\\\/\",\"logo\":{\"@type\":\"ImageObject\",\"inLanguage\":\"de\",\"@id\":\"https:\\\/\\\/turijnmagazijn.jumpstone-dev.nl\\\/#\\\/schema\\\/logo\\\/image\\\/\",\"url\":\"https:\\\/\\\/turijnmagazijn.nl\\\/wp-content\\\/uploads\\\/2021\\\/02\\\/turijnmagazijnlogo.png\",\"contentUrl\":\"https:\\\/\\\/turijnmagazijn.nl\\\/wp-content\\\/uploads\\\/2021\\\/02\\\/turijnmagazijnlogo.png\",\"width\":555,\"height\":270,\"caption\":\"Turijnmagazijn\"},\"image\":{\"@id\":\"https:\\\/\\\/turijnmagazijn.jumpstone-dev.nl\\\/#\\\/schema\\\/logo\\\/image\\\/\"},\"sameAs\":[\"https:\\\/\\\/www.facebook.com\\\/turijnmagazijn\"]}]}<\/script>\n<!-- \/ Yoast SEO plugin. -->","yoast_head_json":{"title":"Carello Nebelscheinwerfer Fiat Tempra rechts - Turijnmagazijn","robots":{"index":"index","follow":"follow","max-snippet":"max-snippet:-1","max-image-preview":"max-image-preview:large","max-video-preview":"max-video-preview:-1"},"canonical":"https:\/\/turijnmagazijn.nl\/de\/produkt\/carello-nebelscheinwerfer-vorne-fiat-tempra-rechts\/","og_locale":"de_DE","og_type":"article","og_title":"Carello Nebelscheinwerfer Fiat Tempra rechts - Turijnmagazijn","og_description":"Carello Nebelscheinwerfer Fiat Tempra Rechts - Gut gebrauchter Nebelscheinwerfer f\u00fcr Fiat Tempra zur Montage in der vorderen Sto\u00dfstange rechts, handelt es sich um ein gebrauchtes Ger\u00e4t in gutem Zustand.","og_url":"https:\/\/turijnmagazijn.nl\/de\/produkt\/carello-nebelscheinwerfer-vorne-fiat-tempra-rechts\/","og_site_name":"Turijnmagazijn","article_publisher":"https:\/\/www.facebook.com\/turijnmagazijn","article_modified_time":"2023-07-27T10:16:05+00:00","og_image":[{"width":1024,"height":768,"url":"https:\/\/turijnmagazijn.nl\/wp-content\/uploads\/2023\/03\/DK00102228-Carello-mistlamp-voorzijde-Fiat-Tempra-Rechts-3-1.jpg","type":"image\/jpeg"}],"twitter_card":"summary_large_image","schema":{"@context":"https:\/\/schema.org","@graph":[{"@type":"WebPage","@id":"https:\/\/turijnmagazijn.nl\/de\/produkt\/carello-nebelscheinwerfer-vorne-fiat-tempra-rechts\/","url":"https:\/\/turijnmagazijn.nl\/de\/produkt\/carello-nebelscheinwerfer-vorne-fiat-tempra-rechts\/","name":"Carello Nebelscheinwerfer Fiat Tempra rechts - Turijnmagazijn","isPartOf":{"@id":"https:\/\/turijnmagazijn.jumpstone-dev.nl\/#website"},"primaryImageOfPage":{"@id":"https:\/\/turijnmagazijn.nl\/de\/produkt\/carello-nebelscheinwerfer-vorne-fiat-tempra-rechts\/#primaryimage"},"image":{"@id":"https:\/\/turijnmagazijn.nl\/de\/produkt\/carello-nebelscheinwerfer-vorne-fiat-tempra-rechts\/#primaryimage"},"thumbnailUrl":"https:\/\/turijnmagazijn.nl\/wp-content\/uploads\/2023\/03\/DK00102228-Carello-mistlamp-voorzijde-Fiat-Tempra-Rechts-3-1.jpg","datePublished":"2023-03-03T08:19:28+00:00","dateModified":"2023-07-27T10:16:05+00:00","breadcrumb":{"@id":"https:\/\/turijnmagazijn.nl\/de\/produkt\/carello-nebelscheinwerfer-vorne-fiat-tempra-rechts\/#breadcrumb"},"inLanguage":"de","potentialAction":[{"@type":"ReadAction","target":["https:\/\/turijnmagazijn.nl\/de\/produkt\/carello-nebelscheinwerfer-vorne-fiat-tempra-rechts\/"]}]},{"@type":"ImageObject","inLanguage":"de","@id":"https:\/\/turijnmagazijn.nl\/de\/produkt\/carello-nebelscheinwerfer-vorne-fiat-tempra-rechts\/#primaryimage","url":"https:\/\/turijnmagazijn.nl\/wp-content\/uploads\/2023\/03\/DK00102228-Carello-mistlamp-voorzijde-Fiat-Tempra-Rechts-3-1.jpg","contentUrl":"https:\/\/turijnmagazijn.nl\/wp-content\/uploads\/2023\/03\/DK00102228-Carello-mistlamp-voorzijde-Fiat-Tempra-Rechts-3-1.jpg","width":1024,"height":768},{"@type":"BreadcrumbList","@id":"https:\/\/turijnmagazijn.nl\/de\/produkt\/carello-nebelscheinwerfer-vorne-fiat-tempra-rechts\/#breadcrumb","itemListElement":[{"@type":"ListItem","position":1,"name":"Home","item":"https:\/\/turijnmagazijn.nl\/de\/"},{"@type":"ListItem","position":2,"name":"Produkte","item":"https:\/\/turijnmagazijn.nl\/de\/shop\/"},{"@type":"ListItem","position":3,"name":"Carello Nebelscheinwerfer Fiat Tempra rechts"}]},{"@type":"WebSite","@id":"https:\/\/turijnmagazijn.jumpstone-dev.nl\/#website","url":"https:\/\/turijnmagazijn.jumpstone-dev.nl\/","name":"Turijnmagazijn","description":"Onderdelen nieuw en gebruikt - Fiat &amp; Lancia","publisher":{"@id":"https:\/\/turijnmagazijn.jumpstone-dev.nl\/#organization"},"potentialAction":[{"@type":"SearchAction","target":{"@type":"EntryPoint","urlTemplate":"https:\/\/turijnmagazijn.jumpstone-dev.nl\/?s={search_term_string}"},"query-input":{"@type":"PropertyValueSpecification","valueRequired":true,"valueName":"search_term_string"}}],"inLanguage":"de"},{"@type":"Organization","@id":"https:\/\/turijnmagazijn.jumpstone-dev.nl\/#organization","name":"Turijnmagazijn","url":"https:\/\/turijnmagazijn.jumpstone-dev.nl\/","logo":{"@type":"ImageObject","inLanguage":"de","@id":"https:\/\/turijnmagazijn.jumpstone-dev.nl\/#\/schema\/logo\/image\/","url":"https:\/\/turijnmagazijn.nl\/wp-content\/uploads\/2021\/02\/turijnmagazijnlogo.png","contentUrl":"https:\/\/turijnmagazijn.nl\/wp-content\/uploads\/2021\/02\/turijnmagazijnlogo.png","width":555,"height":270,"caption":"Turijnmagazijn"},"image":{"@id":"https:\/\/turijnmagazijn.jumpstone-dev.nl\/#\/schema\/logo\/image\/"},"sameAs":["https:\/\/www.facebook.com\/turijnmagazijn"]}]}},"_links":{"self":[{"href":"https:\/\/turijnmagazijn.nl\/de\/wp-json\/wp\/v2\/product\/64140","targetHints":{"allow":["GET"]}}],"collection":[{"href":"https:\/\/turijnmagazijn.nl\/de\/wp-json\/wp\/v2\/product"}],"about":[{"href":"https:\/\/turijnmagazijn.nl\/de\/wp-json\/wp\/v2\/types\/product"}],"replies":[{"embeddable":true,"href":"https:\/\/turijnmagazijn.nl\/de\/wp-json\/wp\/v2\/comments?post=64140"}],"wp:featuredmedia":[{"embeddable":true,"href":"https:\/\/turijnmagazijn.nl\/de\/wp-json\/wp\/v2\/media\/47029"}],"wp:attachment":[{"href":"https:\/\/turijnmagazijn.nl\/de\/wp-json\/wp\/v2\/media?parent=64140"}],"wp:term":[{"taxonomy":"product_brand","embeddable":true,"href":"https:\/\/turijnmagazijn.nl\/de\/wp-json\/wp\/v2\/product_brand?post=64140"},{"taxonomy":"product_cat","embeddable":true,"href":"https:\/\/turijnmagazijn.nl\/de\/wp-json\/wp\/v2\/product_cat?post=64140"},{"taxonomy":"product_tag","embeddable":true,"href":"https:\/\/turijnmagazijn.nl\/de\/wp-json\/wp\/v2\/product_tag?post=64140"}],"curies":[{"name":"wp","href":"https:\/\/api.w.org\/{rel}","templated":true}]}}