{"id":64181,"date":"2023-03-03T09:19:49","date_gmt":"2023-03-03T08:19:49","guid":{"rendered":"https:\/\/turijnmagazijn.nl\/product\/fenstergirlande-lancia-delta-i-hecktueren-lr\/"},"modified":"2024-09-05T11:36:09","modified_gmt":"2024-09-05T09:36:09","slug":"fenstergirlande-lancia-delta-i-heckturen-lr","status":"publish","type":"product","link":"https:\/\/turijnmagazijn.nl\/de\/produkt\/fenstergirlande-lancia-delta-i-heckturen-lr\/","title":{"rendered":"Fenstergirlande Lancia Delta I Heckt\u00fcren L=R"},"content":{"rendered":"<p>Gebrauchte Fenstergirlande f\u00fcr Lancia Delta Integrale zur Montage an den hinteren T\u00fcren. Diese Fenstergirlanden eignen sich f\u00fcr alle Arten von Delta I, einschlie\u00dflich der Integral- und EVO-Typen. Betrifft die Kurbel f\u00fcr die Version der Fensterkurbel, die mit dem Metallstreifen ausgestattet ist, der vor allem bei den Integralfenstern verwendet wird.<br \/>\nWird ohne den Rahmen und das Befestigungsmaterial geliefert.  Der Artikel ist in einem sauberen Zustand.  &nbsp;  OEM Lancia 177204580<\/p>\n","protected":false},"excerpt":{"rendered":"<p>Fenstergirlande Lancia Delta I Heckt\u00fcren L=R &#8211; Gebrauchte Fenstergirlande f\u00fcr Lancia Delta Integrale zur Montage an den hinteren T\u00fcren.<\/p>\n","protected":false},"featured_media":78922,"comment_status":"open","ping_status":"closed","template":"","meta":{"_acf_changed":false},"product_brand":[],"product_cat":[1807,1834,1829,1839,1797],"product_tag":[],"class_list":{"0":"post-64181","1":"product","2":"type-product","3":"status-publish","4":"has-post-thumbnail","6":"product_cat-delta-1-831-de","7":"product_cat-integrale-16v-de","8":"product_cat-integrale-8v-de","9":"product_cat-integrale-evo-de","10":"product_cat-lancia-de","11":"pa_soort-onderdeel-andere-autoteile","12":"pa_soort-onderdeel-interieur-und-polsterung","14":"first","15":"instock","16":"shipping-taxable","17":"purchasable","18":"product-type-simple"},"acf":[],"yoast_head":"<!-- This site is optimized with the Yoast SEO plugin v27.2 - https:\/\/yoast.com\/product\/yoast-seo-wordpress\/ -->\n<title>Fenstergirlande Lancia Delta I Heckt\u00fcren L=R - Turijnmagazijn<\/title>\n<meta name=\"robots\" content=\"index, follow, max-snippet:-1, max-image-preview:large, max-video-preview:-1\" \/>\n<link rel=\"canonical\" href=\"https:\/\/turijnmagazijn.nl\/de\/produkt\/fenstergirlande-lancia-delta-i-heckturen-lr\/\" \/>\n<meta property=\"og:locale\" content=\"de_DE\" \/>\n<meta property=\"og:type\" content=\"article\" \/>\n<meta property=\"og:title\" content=\"Fenstergirlande Lancia Delta I Heckt\u00fcren L=R - Turijnmagazijn\" \/>\n<meta property=\"og:description\" content=\"Fenstergirlande Lancia Delta I Heckt\u00fcren L=R - Gebrauchte Fenstergirlande f\u00fcr Lancia Delta Integrale zur Montage an den hinteren T\u00fcren.\" \/>\n<meta property=\"og:url\" content=\"https:\/\/turijnmagazijn.nl\/de\/produkt\/fenstergirlande-lancia-delta-i-heckturen-lr\/\" \/>\n<meta property=\"og:site_name\" content=\"Turijnmagazijn\" \/>\n<meta property=\"article:publisher\" content=\"https:\/\/www.facebook.com\/turijnmagazijn\" \/>\n<meta property=\"article:modified_time\" content=\"2024-09-05T09:36:09+00:00\" \/>\n<meta name=\"twitter:card\" content=\"summary_large_image\" \/>\n<script type=\"application\/ld+json\" class=\"yoast-schema-graph\">{\"@context\":\"https:\/\/schema.org\",\"@graph\":[{\"@type\":\"WebPage\",\"@id\":\"https:\/\/turijnmagazijn.nl\/de\/produkt\/fenstergirlande-lancia-delta-i-heckturen-lr\/\",\"url\":\"https:\/\/turijnmagazijn.nl\/de\/produkt\/fenstergirlande-lancia-delta-i-heckturen-lr\/\",\"name\":\"Fenstergirlande Lancia Delta I Heckt\u00fcren L=R - Turijnmagazijn\",\"isPartOf\":{\"@id\":\"https:\/\/turijnmagazijn.jumpstone-dev.nl\/#website\"},\"primaryImageOfPage\":{\"@id\":\"https:\/\/turijnmagazijn.nl\/de\/produkt\/fenstergirlande-lancia-delta-i-heckturen-lr\/#primaryimage\"},\"image\":{\"@id\":\"https:\/\/turijnmagazijn.nl\/de\/produkt\/fenstergirlande-lancia-delta-i-heckturen-lr\/#primaryimage\"},\"thumbnailUrl\":\"https:\/\/turijnmagazijn.nl\/wp-content\/uploads\/2023\/03\/DK0102247-Raamslinger-Lancia-Delta-I-achterportieren-LR-177204580-2-scaled.jpg\",\"datePublished\":\"2023-03-03T08:19:49+00:00\",\"dateModified\":\"2024-09-05T09:36:09+00:00\",\"breadcrumb\":{\"@id\":\"https:\/\/turijnmagazijn.nl\/de\/produkt\/fenstergirlande-lancia-delta-i-heckturen-lr\/#breadcrumb\"},\"inLanguage\":\"de\",\"potentialAction\":[{\"@type\":\"ReadAction\",\"target\":[\"https:\/\/turijnmagazijn.nl\/de\/produkt\/fenstergirlande-lancia-delta-i-heckturen-lr\/\"]}]},{\"@type\":\"ImageObject\",\"inLanguage\":\"de\",\"@id\":\"https:\/\/turijnmagazijn.nl\/de\/produkt\/fenstergirlande-lancia-delta-i-heckturen-lr\/#primaryimage\",\"url\":\"https:\/\/turijnmagazijn.nl\/wp-content\/uploads\/2023\/03\/DK0102247-Raamslinger-Lancia-Delta-I-achterportieren-LR-177204580-2-scaled.jpg\",\"contentUrl\":\"https:\/\/turijnmagazijn.nl\/wp-content\/uploads\/2023\/03\/DK0102247-Raamslinger-Lancia-Delta-I-achterportieren-LR-177204580-2-scaled.jpg\",\"width\":2560,\"height\":1920},{\"@type\":\"BreadcrumbList\",\"@id\":\"https:\/\/turijnmagazijn.nl\/de\/produkt\/fenstergirlande-lancia-delta-i-heckturen-lr\/#breadcrumb\",\"itemListElement\":[{\"@type\":\"ListItem\",\"position\":1,\"name\":\"Home\",\"item\":\"https:\/\/turijnmagazijn.nl\/de\/\"},{\"@type\":\"ListItem\",\"position\":2,\"name\":\"Produkte\",\"item\":\"https:\/\/turijnmagazijn.nl\/de\/shop\/\"},{\"@type\":\"ListItem\",\"position\":3,\"name\":\"Fenstergirlande Lancia Delta I Heckt\u00fcren L=R\"}]},{\"@type\":\"WebSite\",\"@id\":\"https:\/\/turijnmagazijn.jumpstone-dev.nl\/#website\",\"url\":\"https:\/\/turijnmagazijn.jumpstone-dev.nl\/\",\"name\":\"Turijnmagazijn\",\"description\":\"Onderdelen nieuw en gebruikt - Fiat &amp; Lancia\",\"publisher\":{\"@id\":\"https:\/\/turijnmagazijn.jumpstone-dev.nl\/#organization\"},\"potentialAction\":[{\"@type\":\"SearchAction\",\"target\":{\"@type\":\"EntryPoint\",\"urlTemplate\":\"https:\/\/turijnmagazijn.jumpstone-dev.nl\/?s={search_term_string}\"},\"query-input\":{\"@type\":\"PropertyValueSpecification\",\"valueRequired\":true,\"valueName\":\"search_term_string\"}}],\"inLanguage\":\"de\"},{\"@type\":\"Organization\",\"@id\":\"https:\/\/turijnmagazijn.jumpstone-dev.nl\/#organization\",\"name\":\"Turijnmagazijn\",\"url\":\"https:\/\/turijnmagazijn.jumpstone-dev.nl\/\",\"logo\":{\"@type\":\"ImageObject\",\"inLanguage\":\"de\",\"@id\":\"https:\/\/turijnmagazijn.jumpstone-dev.nl\/#\/schema\/logo\/image\/\",\"url\":\"https:\/\/turijnmagazijn.nl\/wp-content\/uploads\/2021\/02\/turijnmagazijnlogo.png\",\"contentUrl\":\"https:\/\/turijnmagazijn.nl\/wp-content\/uploads\/2021\/02\/turijnmagazijnlogo.png\",\"width\":555,\"height\":270,\"caption\":\"Turijnmagazijn\"},\"image\":{\"@id\":\"https:\/\/turijnmagazijn.jumpstone-dev.nl\/#\/schema\/logo\/image\/\"},\"sameAs\":[\"https:\/\/www.facebook.com\/turijnmagazijn\"]}]}<\/script>\n<!-- \/ Yoast SEO plugin. -->","yoast_head_json":{"title":"Fenstergirlande Lancia Delta I Heckt\u00fcren L=R - Turijnmagazijn","robots":{"index":"index","follow":"follow","max-snippet":"max-snippet:-1","max-image-preview":"max-image-preview:large","max-video-preview":"max-video-preview:-1"},"canonical":"https:\/\/turijnmagazijn.nl\/de\/produkt\/fenstergirlande-lancia-delta-i-heckturen-lr\/","og_locale":"de_DE","og_type":"article","og_title":"Fenstergirlande Lancia Delta I Heckt\u00fcren L=R - Turijnmagazijn","og_description":"Fenstergirlande Lancia Delta I Heckt\u00fcren L=R - Gebrauchte Fenstergirlande f\u00fcr Lancia Delta Integrale zur Montage an den hinteren T\u00fcren.","og_url":"https:\/\/turijnmagazijn.nl\/de\/produkt\/fenstergirlande-lancia-delta-i-heckturen-lr\/","og_site_name":"Turijnmagazijn","article_publisher":"https:\/\/www.facebook.com\/turijnmagazijn","article_modified_time":"2024-09-05T09:36:09+00:00","twitter_card":"summary_large_image","schema":{"@context":"https:\/\/schema.org","@graph":[{"@type":"WebPage","@id":"https:\/\/turijnmagazijn.nl\/de\/produkt\/fenstergirlande-lancia-delta-i-heckturen-lr\/","url":"https:\/\/turijnmagazijn.nl\/de\/produkt\/fenstergirlande-lancia-delta-i-heckturen-lr\/","name":"Fenstergirlande Lancia Delta I Heckt\u00fcren L=R - Turijnmagazijn","isPartOf":{"@id":"https:\/\/turijnmagazijn.jumpstone-dev.nl\/#website"},"primaryImageOfPage":{"@id":"https:\/\/turijnmagazijn.nl\/de\/produkt\/fenstergirlande-lancia-delta-i-heckturen-lr\/#primaryimage"},"image":{"@id":"https:\/\/turijnmagazijn.nl\/de\/produkt\/fenstergirlande-lancia-delta-i-heckturen-lr\/#primaryimage"},"thumbnailUrl":"https:\/\/turijnmagazijn.nl\/wp-content\/uploads\/2023\/03\/DK0102247-Raamslinger-Lancia-Delta-I-achterportieren-LR-177204580-2-scaled.jpg","datePublished":"2023-03-03T08:19:49+00:00","dateModified":"2024-09-05T09:36:09+00:00","breadcrumb":{"@id":"https:\/\/turijnmagazijn.nl\/de\/produkt\/fenstergirlande-lancia-delta-i-heckturen-lr\/#breadcrumb"},"inLanguage":"de","potentialAction":[{"@type":"ReadAction","target":["https:\/\/turijnmagazijn.nl\/de\/produkt\/fenstergirlande-lancia-delta-i-heckturen-lr\/"]}]},{"@type":"ImageObject","inLanguage":"de","@id":"https:\/\/turijnmagazijn.nl\/de\/produkt\/fenstergirlande-lancia-delta-i-heckturen-lr\/#primaryimage","url":"https:\/\/turijnmagazijn.nl\/wp-content\/uploads\/2023\/03\/DK0102247-Raamslinger-Lancia-Delta-I-achterportieren-LR-177204580-2-scaled.jpg","contentUrl":"https:\/\/turijnmagazijn.nl\/wp-content\/uploads\/2023\/03\/DK0102247-Raamslinger-Lancia-Delta-I-achterportieren-LR-177204580-2-scaled.jpg","width":2560,"height":1920},{"@type":"BreadcrumbList","@id":"https:\/\/turijnmagazijn.nl\/de\/produkt\/fenstergirlande-lancia-delta-i-heckturen-lr\/#breadcrumb","itemListElement":[{"@type":"ListItem","position":1,"name":"Home","item":"https:\/\/turijnmagazijn.nl\/de\/"},{"@type":"ListItem","position":2,"name":"Produkte","item":"https:\/\/turijnmagazijn.nl\/de\/shop\/"},{"@type":"ListItem","position":3,"name":"Fenstergirlande Lancia Delta I Heckt\u00fcren L=R"}]},{"@type":"WebSite","@id":"https:\/\/turijnmagazijn.jumpstone-dev.nl\/#website","url":"https:\/\/turijnmagazijn.jumpstone-dev.nl\/","name":"Turijnmagazijn","description":"Onderdelen nieuw en gebruikt - Fiat &amp; Lancia","publisher":{"@id":"https:\/\/turijnmagazijn.jumpstone-dev.nl\/#organization"},"potentialAction":[{"@type":"SearchAction","target":{"@type":"EntryPoint","urlTemplate":"https:\/\/turijnmagazijn.jumpstone-dev.nl\/?s={search_term_string}"},"query-input":{"@type":"PropertyValueSpecification","valueRequired":true,"valueName":"search_term_string"}}],"inLanguage":"de"},{"@type":"Organization","@id":"https:\/\/turijnmagazijn.jumpstone-dev.nl\/#organization","name":"Turijnmagazijn","url":"https:\/\/turijnmagazijn.jumpstone-dev.nl\/","logo":{"@type":"ImageObject","inLanguage":"de","@id":"https:\/\/turijnmagazijn.jumpstone-dev.nl\/#\/schema\/logo\/image\/","url":"https:\/\/turijnmagazijn.nl\/wp-content\/uploads\/2021\/02\/turijnmagazijnlogo.png","contentUrl":"https:\/\/turijnmagazijn.nl\/wp-content\/uploads\/2021\/02\/turijnmagazijnlogo.png","width":555,"height":270,"caption":"Turijnmagazijn"},"image":{"@id":"https:\/\/turijnmagazijn.jumpstone-dev.nl\/#\/schema\/logo\/image\/"},"sameAs":["https:\/\/www.facebook.com\/turijnmagazijn"]}]}},"_links":{"self":[{"href":"https:\/\/turijnmagazijn.nl\/de\/wp-json\/wp\/v2\/product\/64181","targetHints":{"allow":["GET"]}}],"collection":[{"href":"https:\/\/turijnmagazijn.nl\/de\/wp-json\/wp\/v2\/product"}],"about":[{"href":"https:\/\/turijnmagazijn.nl\/de\/wp-json\/wp\/v2\/types\/product"}],"replies":[{"embeddable":true,"href":"https:\/\/turijnmagazijn.nl\/de\/wp-json\/wp\/v2\/comments?post=64181"}],"wp:featuredmedia":[{"embeddable":true,"href":"https:\/\/turijnmagazijn.nl\/de\/wp-json\/wp\/v2\/media\/78922"}],"wp:attachment":[{"href":"https:\/\/turijnmagazijn.nl\/de\/wp-json\/wp\/v2\/media?parent=64181"}],"wp:term":[{"taxonomy":"product_brand","embeddable":true,"href":"https:\/\/turijnmagazijn.nl\/de\/wp-json\/wp\/v2\/product_brand?post=64181"},{"taxonomy":"product_cat","embeddable":true,"href":"https:\/\/turijnmagazijn.nl\/de\/wp-json\/wp\/v2\/product_cat?post=64181"},{"taxonomy":"product_tag","embeddable":true,"href":"https:\/\/turijnmagazijn.nl\/de\/wp-json\/wp\/v2\/product_tag?post=64181"}],"curies":[{"name":"wp","href":"https:\/\/api.w.org\/{rel}","templated":true}]}}