{"id":64225,"date":"2023-03-03T09:16:11","date_gmt":"2023-03-03T08:16:11","guid":{"rendered":"https:\/\/turijnmagazijn.nl\/product\/rueckfahrschalter-lancia-delta-i-thema-i-fiat-croma-i-alfa-164-alfa-155\/"},"modified":"2024-11-01T19:21:28","modified_gmt":"2024-11-01T18:21:28","slug":"wendeschalter-lancia-delta-i-thema-i-fiat-croma-i-alfa-164-alfa-155","status":"publish","type":"product","link":"https:\/\/turijnmagazijn.nl\/de\/produkt\/wendeschalter-lancia-delta-i-thema-i-fiat-croma-i-alfa-164-alfa-155\/","title":{"rendered":"R\u00fcckfahrschalter Lancia Delta I Thema I Fiat Croma I Alfa 164 Alfa 155"},"content":{"rendered":"<p>Gebrauchter Schalter zum Einschalten der R\u00fcckfahrscheinwerfer f\u00fcr verschiedene Fahrzeuge, darunter:  <\/p>\n<ul>\n<li>Lancia Delta HF Integrale 8V<\/li>\n<li>Lancia Thema 2.0 IE \/ 2.5 TD \/ 2.8 V6 \/ 8.32<\/li>\n<li>Fiat Croma 1.6 ie \/ 2.0 ie \/ 2.5 TD<\/li>\n<li>Alfa Romeo 155 2.5 TD \/ 2.5 V6<\/li>\n<li>Alfa Romeo 164 alle Typen.<\/li>\n<\/ul>\n<p>  Marke Sipea OEM FIAT 7565135 Teil Nummer 10 auf der technischen Zeichnung von EPER Zeichnungsnummer 2120700001 bez\u00fcglich der Anwendung auf den Lancia Delta Integrale. Pro Auto ist eine Kopie dieses Artikels erforderlich. OEM Lancia 7565135 OEM ALFA ROMEO 7565135<\/p>\n","protected":false},"excerpt":{"rendered":"<p>7565135 R\u00fcckfahrschalter Lancia Delta I Thema I Fiat Croma I Alfa 164 Alfa 155 &#8211; Gebrauchter Schalter zum Einschalten der R\u00fcckfahrscheinwerfer f\u00fcr verschiedene Fahrzeuge wie:Lancia Delta HF Integrale 8VLancia Thema 2.<\/p>\n","protected":false},"featured_media":43117,"comment_status":"open","ping_status":"closed","template":"","meta":{"_acf_changed":false},"product_brand":[],"product_cat":[1612,1656,1584,1721,1807,1689,1829,1797,1894],"product_tag":[],"class_list":{"0":"post-64225","1":"product","2":"type-product","3":"status-publish","4":"has-post-thumbnail","6":"product_cat-155-167-de","7":"product_cat-164-164-de","8":"product_cat-alfa-romeo-de","9":"product_cat-croma-1-154-de","10":"product_cat-delta-1-831-de","11":"product_cat-fiat-de","12":"product_cat-integrale-8v-de","13":"product_cat-lancia-de","14":"product_cat-thema-834-de","15":"pa_soort-onderdeel-elektronik-und-kabel","16":"pa_soort-onderdeel-karosserie-und-blech","18":"first","19":"instock","20":"shipping-taxable","21":"purchasable","22":"product-type-simple"},"acf":[],"yoast_head":"<!-- This site is optimized with the Yoast SEO plugin v27.3 - https:\/\/yoast.com\/product\/yoast-seo-wordpress\/ -->\n<title>R\u00fcckfahrschalter Lancia Delta I Thema I Fiat Croma I Alfa 164 Alfa 155 - Turijnmagazijn<\/title>\n<meta name=\"robots\" content=\"index, follow, max-snippet:-1, max-image-preview:large, max-video-preview:-1\" \/>\n<link rel=\"canonical\" href=\"https:\/\/turijnmagazijn.nl\/de\/produkt\/wendeschalter-lancia-delta-i-thema-i-fiat-croma-i-alfa-164-alfa-155\/\" \/>\n<meta property=\"og:locale\" content=\"de_DE\" \/>\n<meta property=\"og:type\" content=\"article\" \/>\n<meta property=\"og:title\" content=\"R\u00fcckfahrschalter Lancia Delta I Thema I Fiat Croma I Alfa 164 Alfa 155 - Turijnmagazijn\" \/>\n<meta property=\"og:description\" content=\"7565135 R\u00fcckfahrschalter Lancia Delta I Thema I Fiat Croma I Alfa 164 Alfa 155 - Gebrauchter Schalter zum Einschalten der R\u00fcckfahrscheinwerfer f\u00fcr verschiedene Fahrzeuge wie:Lancia Delta HF Integrale 8VLancia Thema 2.\" \/>\n<meta property=\"og:url\" content=\"https:\/\/turijnmagazijn.nl\/de\/produkt\/wendeschalter-lancia-delta-i-thema-i-fiat-croma-i-alfa-164-alfa-155\/\" \/>\n<meta property=\"og:site_name\" content=\"Turijnmagazijn\" \/>\n<meta property=\"article:publisher\" content=\"https:\/\/www.facebook.com\/turijnmagazijn\" \/>\n<meta property=\"article:modified_time\" content=\"2024-11-01T18:21:28+00:00\" \/>\n<meta property=\"og:image\" content=\"https:\/\/turijnmagazijn.nl\/wp-content\/uploads\/2023\/03\/DK0010183520Achteruitrijschakelaar20Lancia20Delta20I20Thema20I2020Fiat20Croma20I20Alfa2016420Alfa20155202.jpg\" \/>\n\t<meta property=\"og:image:width\" content=\"800\" \/>\n\t<meta property=\"og:image:height\" content=\"600\" \/>\n\t<meta property=\"og:image:type\" content=\"image\/jpeg\" \/>\n<meta name=\"twitter:card\" content=\"summary_large_image\" \/>\n<script type=\"application\/ld+json\" class=\"yoast-schema-graph\">{\"@context\":\"https:\\\/\\\/schema.org\",\"@graph\":[{\"@type\":\"WebPage\",\"@id\":\"https:\\\/\\\/turijnmagazijn.nl\\\/de\\\/produkt\\\/wendeschalter-lancia-delta-i-thema-i-fiat-croma-i-alfa-164-alfa-155\\\/\",\"url\":\"https:\\\/\\\/turijnmagazijn.nl\\\/de\\\/produkt\\\/wendeschalter-lancia-delta-i-thema-i-fiat-croma-i-alfa-164-alfa-155\\\/\",\"name\":\"R\u00fcckfahrschalter Lancia Delta I Thema I Fiat Croma I Alfa 164 Alfa 155 - Turijnmagazijn\",\"isPartOf\":{\"@id\":\"https:\\\/\\\/turijnmagazijn.jumpstone-dev.nl\\\/#website\"},\"primaryImageOfPage\":{\"@id\":\"https:\\\/\\\/turijnmagazijn.nl\\\/de\\\/produkt\\\/wendeschalter-lancia-delta-i-thema-i-fiat-croma-i-alfa-164-alfa-155\\\/#primaryimage\"},\"image\":{\"@id\":\"https:\\\/\\\/turijnmagazijn.nl\\\/de\\\/produkt\\\/wendeschalter-lancia-delta-i-thema-i-fiat-croma-i-alfa-164-alfa-155\\\/#primaryimage\"},\"thumbnailUrl\":\"https:\\\/\\\/turijnmagazijn.nl\\\/wp-content\\\/uploads\\\/2023\\\/03\\\/DK0010183520Achteruitrijschakelaar20Lancia20Delta20I20Thema20I2020Fiat20Croma20I20Alfa2016420Alfa20155202.jpg\",\"datePublished\":\"2023-03-03T08:16:11+00:00\",\"dateModified\":\"2024-11-01T18:21:28+00:00\",\"breadcrumb\":{\"@id\":\"https:\\\/\\\/turijnmagazijn.nl\\\/de\\\/produkt\\\/wendeschalter-lancia-delta-i-thema-i-fiat-croma-i-alfa-164-alfa-155\\\/#breadcrumb\"},\"inLanguage\":\"de\",\"potentialAction\":[{\"@type\":\"ReadAction\",\"target\":[\"https:\\\/\\\/turijnmagazijn.nl\\\/de\\\/produkt\\\/wendeschalter-lancia-delta-i-thema-i-fiat-croma-i-alfa-164-alfa-155\\\/\"]}]},{\"@type\":\"ImageObject\",\"inLanguage\":\"de\",\"@id\":\"https:\\\/\\\/turijnmagazijn.nl\\\/de\\\/produkt\\\/wendeschalter-lancia-delta-i-thema-i-fiat-croma-i-alfa-164-alfa-155\\\/#primaryimage\",\"url\":\"https:\\\/\\\/turijnmagazijn.nl\\\/wp-content\\\/uploads\\\/2023\\\/03\\\/DK0010183520Achteruitrijschakelaar20Lancia20Delta20I20Thema20I2020Fiat20Croma20I20Alfa2016420Alfa20155202.jpg\",\"contentUrl\":\"https:\\\/\\\/turijnmagazijn.nl\\\/wp-content\\\/uploads\\\/2023\\\/03\\\/DK0010183520Achteruitrijschakelaar20Lancia20Delta20I20Thema20I2020Fiat20Croma20I20Alfa2016420Alfa20155202.jpg\",\"width\":800,\"height\":600},{\"@type\":\"BreadcrumbList\",\"@id\":\"https:\\\/\\\/turijnmagazijn.nl\\\/de\\\/produkt\\\/wendeschalter-lancia-delta-i-thema-i-fiat-croma-i-alfa-164-alfa-155\\\/#breadcrumb\",\"itemListElement\":[{\"@type\":\"ListItem\",\"position\":1,\"name\":\"Home\",\"item\":\"https:\\\/\\\/turijnmagazijn.nl\\\/de\\\/\"},{\"@type\":\"ListItem\",\"position\":2,\"name\":\"Produkte\",\"item\":\"https:\\\/\\\/turijnmagazijn.nl\\\/de\\\/shop\\\/\"},{\"@type\":\"ListItem\",\"position\":3,\"name\":\"R\u00fcckfahrschalter Lancia Delta I Thema I Fiat Croma I Alfa 164 Alfa 155\"}]},{\"@type\":\"WebSite\",\"@id\":\"https:\\\/\\\/turijnmagazijn.jumpstone-dev.nl\\\/#website\",\"url\":\"https:\\\/\\\/turijnmagazijn.jumpstone-dev.nl\\\/\",\"name\":\"Turijnmagazijn\",\"description\":\"Onderdelen nieuw en gebruikt - Fiat &amp; Lancia\",\"publisher\":{\"@id\":\"https:\\\/\\\/turijnmagazijn.jumpstone-dev.nl\\\/#organization\"},\"potentialAction\":[{\"@type\":\"SearchAction\",\"target\":{\"@type\":\"EntryPoint\",\"urlTemplate\":\"https:\\\/\\\/turijnmagazijn.jumpstone-dev.nl\\\/?s={search_term_string}\"},\"query-input\":{\"@type\":\"PropertyValueSpecification\",\"valueRequired\":true,\"valueName\":\"search_term_string\"}}],\"inLanguage\":\"de\"},{\"@type\":\"Organization\",\"@id\":\"https:\\\/\\\/turijnmagazijn.jumpstone-dev.nl\\\/#organization\",\"name\":\"Turijnmagazijn\",\"url\":\"https:\\\/\\\/turijnmagazijn.jumpstone-dev.nl\\\/\",\"logo\":{\"@type\":\"ImageObject\",\"inLanguage\":\"de\",\"@id\":\"https:\\\/\\\/turijnmagazijn.jumpstone-dev.nl\\\/#\\\/schema\\\/logo\\\/image\\\/\",\"url\":\"https:\\\/\\\/turijnmagazijn.nl\\\/wp-content\\\/uploads\\\/2021\\\/02\\\/turijnmagazijnlogo.png\",\"contentUrl\":\"https:\\\/\\\/turijnmagazijn.nl\\\/wp-content\\\/uploads\\\/2021\\\/02\\\/turijnmagazijnlogo.png\",\"width\":555,\"height\":270,\"caption\":\"Turijnmagazijn\"},\"image\":{\"@id\":\"https:\\\/\\\/turijnmagazijn.jumpstone-dev.nl\\\/#\\\/schema\\\/logo\\\/image\\\/\"},\"sameAs\":[\"https:\\\/\\\/www.facebook.com\\\/turijnmagazijn\"]}]}<\/script>\n<!-- \/ Yoast SEO plugin. -->","yoast_head_json":{"title":"R\u00fcckfahrschalter Lancia Delta I Thema I Fiat Croma I Alfa 164 Alfa 155 - Turijnmagazijn","robots":{"index":"index","follow":"follow","max-snippet":"max-snippet:-1","max-image-preview":"max-image-preview:large","max-video-preview":"max-video-preview:-1"},"canonical":"https:\/\/turijnmagazijn.nl\/de\/produkt\/wendeschalter-lancia-delta-i-thema-i-fiat-croma-i-alfa-164-alfa-155\/","og_locale":"de_DE","og_type":"article","og_title":"R\u00fcckfahrschalter Lancia Delta I Thema I Fiat Croma I Alfa 164 Alfa 155 - Turijnmagazijn","og_description":"7565135 R\u00fcckfahrschalter Lancia Delta I Thema I Fiat Croma I Alfa 164 Alfa 155 - Gebrauchter Schalter zum Einschalten der R\u00fcckfahrscheinwerfer f\u00fcr verschiedene Fahrzeuge wie:Lancia Delta HF Integrale 8VLancia Thema 2.","og_url":"https:\/\/turijnmagazijn.nl\/de\/produkt\/wendeschalter-lancia-delta-i-thema-i-fiat-croma-i-alfa-164-alfa-155\/","og_site_name":"Turijnmagazijn","article_publisher":"https:\/\/www.facebook.com\/turijnmagazijn","article_modified_time":"2024-11-01T18:21:28+00:00","og_image":[{"width":800,"height":600,"url":"https:\/\/turijnmagazijn.nl\/wp-content\/uploads\/2023\/03\/DK0010183520Achteruitrijschakelaar20Lancia20Delta20I20Thema20I2020Fiat20Croma20I20Alfa2016420Alfa20155202.jpg","type":"image\/jpeg"}],"twitter_card":"summary_large_image","schema":{"@context":"https:\/\/schema.org","@graph":[{"@type":"WebPage","@id":"https:\/\/turijnmagazijn.nl\/de\/produkt\/wendeschalter-lancia-delta-i-thema-i-fiat-croma-i-alfa-164-alfa-155\/","url":"https:\/\/turijnmagazijn.nl\/de\/produkt\/wendeschalter-lancia-delta-i-thema-i-fiat-croma-i-alfa-164-alfa-155\/","name":"R\u00fcckfahrschalter Lancia Delta I Thema I Fiat Croma I Alfa 164 Alfa 155 - Turijnmagazijn","isPartOf":{"@id":"https:\/\/turijnmagazijn.jumpstone-dev.nl\/#website"},"primaryImageOfPage":{"@id":"https:\/\/turijnmagazijn.nl\/de\/produkt\/wendeschalter-lancia-delta-i-thema-i-fiat-croma-i-alfa-164-alfa-155\/#primaryimage"},"image":{"@id":"https:\/\/turijnmagazijn.nl\/de\/produkt\/wendeschalter-lancia-delta-i-thema-i-fiat-croma-i-alfa-164-alfa-155\/#primaryimage"},"thumbnailUrl":"https:\/\/turijnmagazijn.nl\/wp-content\/uploads\/2023\/03\/DK0010183520Achteruitrijschakelaar20Lancia20Delta20I20Thema20I2020Fiat20Croma20I20Alfa2016420Alfa20155202.jpg","datePublished":"2023-03-03T08:16:11+00:00","dateModified":"2024-11-01T18:21:28+00:00","breadcrumb":{"@id":"https:\/\/turijnmagazijn.nl\/de\/produkt\/wendeschalter-lancia-delta-i-thema-i-fiat-croma-i-alfa-164-alfa-155\/#breadcrumb"},"inLanguage":"de","potentialAction":[{"@type":"ReadAction","target":["https:\/\/turijnmagazijn.nl\/de\/produkt\/wendeschalter-lancia-delta-i-thema-i-fiat-croma-i-alfa-164-alfa-155\/"]}]},{"@type":"ImageObject","inLanguage":"de","@id":"https:\/\/turijnmagazijn.nl\/de\/produkt\/wendeschalter-lancia-delta-i-thema-i-fiat-croma-i-alfa-164-alfa-155\/#primaryimage","url":"https:\/\/turijnmagazijn.nl\/wp-content\/uploads\/2023\/03\/DK0010183520Achteruitrijschakelaar20Lancia20Delta20I20Thema20I2020Fiat20Croma20I20Alfa2016420Alfa20155202.jpg","contentUrl":"https:\/\/turijnmagazijn.nl\/wp-content\/uploads\/2023\/03\/DK0010183520Achteruitrijschakelaar20Lancia20Delta20I20Thema20I2020Fiat20Croma20I20Alfa2016420Alfa20155202.jpg","width":800,"height":600},{"@type":"BreadcrumbList","@id":"https:\/\/turijnmagazijn.nl\/de\/produkt\/wendeschalter-lancia-delta-i-thema-i-fiat-croma-i-alfa-164-alfa-155\/#breadcrumb","itemListElement":[{"@type":"ListItem","position":1,"name":"Home","item":"https:\/\/turijnmagazijn.nl\/de\/"},{"@type":"ListItem","position":2,"name":"Produkte","item":"https:\/\/turijnmagazijn.nl\/de\/shop\/"},{"@type":"ListItem","position":3,"name":"R\u00fcckfahrschalter Lancia Delta I Thema I Fiat Croma I Alfa 164 Alfa 155"}]},{"@type":"WebSite","@id":"https:\/\/turijnmagazijn.jumpstone-dev.nl\/#website","url":"https:\/\/turijnmagazijn.jumpstone-dev.nl\/","name":"Turijnmagazijn","description":"Onderdelen nieuw en gebruikt - Fiat &amp; Lancia","publisher":{"@id":"https:\/\/turijnmagazijn.jumpstone-dev.nl\/#organization"},"potentialAction":[{"@type":"SearchAction","target":{"@type":"EntryPoint","urlTemplate":"https:\/\/turijnmagazijn.jumpstone-dev.nl\/?s={search_term_string}"},"query-input":{"@type":"PropertyValueSpecification","valueRequired":true,"valueName":"search_term_string"}}],"inLanguage":"de"},{"@type":"Organization","@id":"https:\/\/turijnmagazijn.jumpstone-dev.nl\/#organization","name":"Turijnmagazijn","url":"https:\/\/turijnmagazijn.jumpstone-dev.nl\/","logo":{"@type":"ImageObject","inLanguage":"de","@id":"https:\/\/turijnmagazijn.jumpstone-dev.nl\/#\/schema\/logo\/image\/","url":"https:\/\/turijnmagazijn.nl\/wp-content\/uploads\/2021\/02\/turijnmagazijnlogo.png","contentUrl":"https:\/\/turijnmagazijn.nl\/wp-content\/uploads\/2021\/02\/turijnmagazijnlogo.png","width":555,"height":270,"caption":"Turijnmagazijn"},"image":{"@id":"https:\/\/turijnmagazijn.jumpstone-dev.nl\/#\/schema\/logo\/image\/"},"sameAs":["https:\/\/www.facebook.com\/turijnmagazijn"]}]}},"_links":{"self":[{"href":"https:\/\/turijnmagazijn.nl\/de\/wp-json\/wp\/v2\/product\/64225","targetHints":{"allow":["GET"]}}],"collection":[{"href":"https:\/\/turijnmagazijn.nl\/de\/wp-json\/wp\/v2\/product"}],"about":[{"href":"https:\/\/turijnmagazijn.nl\/de\/wp-json\/wp\/v2\/types\/product"}],"replies":[{"embeddable":true,"href":"https:\/\/turijnmagazijn.nl\/de\/wp-json\/wp\/v2\/comments?post=64225"}],"wp:featuredmedia":[{"embeddable":true,"href":"https:\/\/turijnmagazijn.nl\/de\/wp-json\/wp\/v2\/media\/43117"}],"wp:attachment":[{"href":"https:\/\/turijnmagazijn.nl\/de\/wp-json\/wp\/v2\/media?parent=64225"}],"wp:term":[{"taxonomy":"product_brand","embeddable":true,"href":"https:\/\/turijnmagazijn.nl\/de\/wp-json\/wp\/v2\/product_brand?post=64225"},{"taxonomy":"product_cat","embeddable":true,"href":"https:\/\/turijnmagazijn.nl\/de\/wp-json\/wp\/v2\/product_cat?post=64225"},{"taxonomy":"product_tag","embeddable":true,"href":"https:\/\/turijnmagazijn.nl\/de\/wp-json\/wp\/v2\/product_tag?post=64225"}],"curies":[{"name":"wp","href":"https:\/\/api.w.org\/{rel}","templated":true}]}}