{"id":64249,"date":"2023-03-03T09:19:49","date_gmt":"2023-03-03T08:19:49","guid":{"rendered":"https:\/\/turijnmagazijn.nl\/product\/seitlicher-tuerinnengriff-rechter-lancia-delta-i-nicht-integriert\/"},"modified":"2025-05-08T16:59:42","modified_gmt":"2025-05-08T14:59:42","slug":"innenseitlicher-turgriff-rechts-lancia-delta-i-nicht-integral","status":"publish","type":"product","link":"https:\/\/turijnmagazijn.nl\/de\/produkt\/innenseitlicher-turgriff-rechts-lancia-delta-i-nicht-integral\/","title":{"rendered":"Seitlicher T\u00fcrinnengriff Rechter Lancia Delta I (nicht integriert!)"},"content":{"rendered":"<p>Gebrauchter Kunststoff-T\u00fcrgriff f\u00fcr Lancia Delta Typ I, betrifft den Griff auf der Innenseite. Geeignet sowohl f\u00fcr die vordere als auch f\u00fcr die hintere rechte T\u00fcr. Diese Art von Griff ist ohne Aluminiumeinsatz, also nicht f\u00fcr integrale Modelle geeignet! OEM Lancia 176247960<\/p>\n","protected":false},"excerpt":{"rendered":"<p>T\u00fcrinnengriff rechts Lancia Delta I (nicht integriert!) &#8211; Gebrauchter Kunststoff-T\u00fcrgriff f\u00fcr Lancia Delta Typ I, betrifft den Griff auf der Innenseite.<\/p>\n","protected":false},"featured_media":47197,"comment_status":"open","ping_status":"closed","template":"","meta":{"_acf_changed":false},"product_brand":[],"product_cat":[1811,1807,1817,1822,1826,1797],"product_tag":[],"class_list":{"0":"post-64249","1":"product","2":"type-product","3":"status-publish","4":"has-post-thumbnail","6":"product_cat-1-1-1-3-1-5-de","7":"product_cat-delta-1-831-de","8":"product_cat-gt-i-e-de","9":"product_cat-hf-4wd-de","10":"product_cat-hf-turbo-de","11":"product_cat-lancia-de","12":"pa_soort-onderdeel-andere-autoteile","13":"pa_soort-onderdeel-interieur-und-polsterung","15":"first","16":"instock","17":"shipping-taxable","18":"purchasable","19":"product-type-simple"},"acf":[],"yoast_head":"<!-- This site is optimized with the Yoast SEO plugin v27.2 - https:\/\/yoast.com\/product\/yoast-seo-wordpress\/ -->\n<title>Seitlicher T\u00fcrinnengriff Rechter Lancia Delta I (nicht integriert!) - Turijnmagazijn<\/title>\n<meta name=\"robots\" content=\"index, follow, max-snippet:-1, max-image-preview:large, max-video-preview:-1\" \/>\n<link rel=\"canonical\" href=\"https:\/\/turijnmagazijn.nl\/de\/produkt\/innenseitlicher-turgriff-rechts-lancia-delta-i-nicht-integral\/\" \/>\n<meta property=\"og:locale\" content=\"de_DE\" \/>\n<meta property=\"og:type\" content=\"article\" \/>\n<meta property=\"og:title\" content=\"Seitlicher T\u00fcrinnengriff Rechter Lancia Delta I (nicht integriert!) - Turijnmagazijn\" \/>\n<meta property=\"og:description\" content=\"T\u00fcrinnengriff rechts Lancia Delta I (nicht integriert!) - Gebrauchter Kunststoff-T\u00fcrgriff f\u00fcr Lancia Delta Typ I, betrifft den Griff auf der Innenseite.\" \/>\n<meta property=\"og:url\" content=\"https:\/\/turijnmagazijn.nl\/de\/produkt\/innenseitlicher-turgriff-rechts-lancia-delta-i-nicht-integral\/\" \/>\n<meta property=\"og:site_name\" content=\"Turijnmagazijn\" \/>\n<meta property=\"article:publisher\" content=\"https:\/\/www.facebook.com\/turijnmagazijn\" \/>\n<meta property=\"article:modified_time\" content=\"2025-05-08T14:59:42+00:00\" \/>\n<meta property=\"og:image\" content=\"https:\/\/turijnmagazijn.nl\/wp-content\/uploads\/2023\/03\/DK0010224920Interieur20zijde20deurgreep20Rechts20Lancia20Delta20I20non-integrale20203.jpg\" \/>\n\t<meta property=\"og:image:width\" content=\"1024\" \/>\n\t<meta property=\"og:image:height\" content=\"768\" \/>\n\t<meta property=\"og:image:type\" content=\"image\/jpeg\" \/>\n<meta name=\"twitter:card\" content=\"summary_large_image\" \/>\n<script type=\"application\/ld+json\" class=\"yoast-schema-graph\">{\"@context\":\"https:\/\/schema.org\",\"@graph\":[{\"@type\":\"WebPage\",\"@id\":\"https:\/\/turijnmagazijn.nl\/de\/produkt\/innenseitlicher-turgriff-rechts-lancia-delta-i-nicht-integral\/\",\"url\":\"https:\/\/turijnmagazijn.nl\/de\/produkt\/innenseitlicher-turgriff-rechts-lancia-delta-i-nicht-integral\/\",\"name\":\"Seitlicher T\u00fcrinnengriff Rechter Lancia Delta I (nicht integriert!) - Turijnmagazijn\",\"isPartOf\":{\"@id\":\"https:\/\/turijnmagazijn.jumpstone-dev.nl\/#website\"},\"primaryImageOfPage\":{\"@id\":\"https:\/\/turijnmagazijn.nl\/de\/produkt\/innenseitlicher-turgriff-rechts-lancia-delta-i-nicht-integral\/#primaryimage\"},\"image\":{\"@id\":\"https:\/\/turijnmagazijn.nl\/de\/produkt\/innenseitlicher-turgriff-rechts-lancia-delta-i-nicht-integral\/#primaryimage\"},\"thumbnailUrl\":\"https:\/\/turijnmagazijn.nl\/wp-content\/uploads\/2023\/03\/DK0010224920Interieur20zijde20deurgreep20Rechts20Lancia20Delta20I20non-integrale20203.jpg\",\"datePublished\":\"2023-03-03T08:19:49+00:00\",\"dateModified\":\"2025-05-08T14:59:42+00:00\",\"breadcrumb\":{\"@id\":\"https:\/\/turijnmagazijn.nl\/de\/produkt\/innenseitlicher-turgriff-rechts-lancia-delta-i-nicht-integral\/#breadcrumb\"},\"inLanguage\":\"de\",\"potentialAction\":[{\"@type\":\"ReadAction\",\"target\":[\"https:\/\/turijnmagazijn.nl\/de\/produkt\/innenseitlicher-turgriff-rechts-lancia-delta-i-nicht-integral\/\"]}]},{\"@type\":\"ImageObject\",\"inLanguage\":\"de\",\"@id\":\"https:\/\/turijnmagazijn.nl\/de\/produkt\/innenseitlicher-turgriff-rechts-lancia-delta-i-nicht-integral\/#primaryimage\",\"url\":\"https:\/\/turijnmagazijn.nl\/wp-content\/uploads\/2023\/03\/DK0010224920Interieur20zijde20deurgreep20Rechts20Lancia20Delta20I20non-integrale20203.jpg\",\"contentUrl\":\"https:\/\/turijnmagazijn.nl\/wp-content\/uploads\/2023\/03\/DK0010224920Interieur20zijde20deurgreep20Rechts20Lancia20Delta20I20non-integrale20203.jpg\",\"width\":1024,\"height\":768},{\"@type\":\"BreadcrumbList\",\"@id\":\"https:\/\/turijnmagazijn.nl\/de\/produkt\/innenseitlicher-turgriff-rechts-lancia-delta-i-nicht-integral\/#breadcrumb\",\"itemListElement\":[{\"@type\":\"ListItem\",\"position\":1,\"name\":\"Home\",\"item\":\"https:\/\/turijnmagazijn.nl\/de\/\"},{\"@type\":\"ListItem\",\"position\":2,\"name\":\"Produkte\",\"item\":\"https:\/\/turijnmagazijn.nl\/de\/shop\/\"},{\"@type\":\"ListItem\",\"position\":3,\"name\":\"Seitlicher T\u00fcrinnengriff Rechter Lancia Delta I (nicht integriert!)\"}]},{\"@type\":\"WebSite\",\"@id\":\"https:\/\/turijnmagazijn.jumpstone-dev.nl\/#website\",\"url\":\"https:\/\/turijnmagazijn.jumpstone-dev.nl\/\",\"name\":\"Turijnmagazijn\",\"description\":\"Onderdelen nieuw en gebruikt - Fiat &amp; Lancia\",\"publisher\":{\"@id\":\"https:\/\/turijnmagazijn.jumpstone-dev.nl\/#organization\"},\"potentialAction\":[{\"@type\":\"SearchAction\",\"target\":{\"@type\":\"EntryPoint\",\"urlTemplate\":\"https:\/\/turijnmagazijn.jumpstone-dev.nl\/?s={search_term_string}\"},\"query-input\":{\"@type\":\"PropertyValueSpecification\",\"valueRequired\":true,\"valueName\":\"search_term_string\"}}],\"inLanguage\":\"de\"},{\"@type\":\"Organization\",\"@id\":\"https:\/\/turijnmagazijn.jumpstone-dev.nl\/#organization\",\"name\":\"Turijnmagazijn\",\"url\":\"https:\/\/turijnmagazijn.jumpstone-dev.nl\/\",\"logo\":{\"@type\":\"ImageObject\",\"inLanguage\":\"de\",\"@id\":\"https:\/\/turijnmagazijn.jumpstone-dev.nl\/#\/schema\/logo\/image\/\",\"url\":\"https:\/\/turijnmagazijn.nl\/wp-content\/uploads\/2021\/02\/turijnmagazijnlogo.png\",\"contentUrl\":\"https:\/\/turijnmagazijn.nl\/wp-content\/uploads\/2021\/02\/turijnmagazijnlogo.png\",\"width\":555,\"height\":270,\"caption\":\"Turijnmagazijn\"},\"image\":{\"@id\":\"https:\/\/turijnmagazijn.jumpstone-dev.nl\/#\/schema\/logo\/image\/\"},\"sameAs\":[\"https:\/\/www.facebook.com\/turijnmagazijn\"]}]}<\/script>\n<!-- \/ Yoast SEO plugin. -->","yoast_head_json":{"title":"Seitlicher T\u00fcrinnengriff Rechter Lancia Delta I (nicht integriert!) - Turijnmagazijn","robots":{"index":"index","follow":"follow","max-snippet":"max-snippet:-1","max-image-preview":"max-image-preview:large","max-video-preview":"max-video-preview:-1"},"canonical":"https:\/\/turijnmagazijn.nl\/de\/produkt\/innenseitlicher-turgriff-rechts-lancia-delta-i-nicht-integral\/","og_locale":"de_DE","og_type":"article","og_title":"Seitlicher T\u00fcrinnengriff Rechter Lancia Delta I (nicht integriert!) - Turijnmagazijn","og_description":"T\u00fcrinnengriff rechts Lancia Delta I (nicht integriert!) - Gebrauchter Kunststoff-T\u00fcrgriff f\u00fcr Lancia Delta Typ I, betrifft den Griff auf der Innenseite.","og_url":"https:\/\/turijnmagazijn.nl\/de\/produkt\/innenseitlicher-turgriff-rechts-lancia-delta-i-nicht-integral\/","og_site_name":"Turijnmagazijn","article_publisher":"https:\/\/www.facebook.com\/turijnmagazijn","article_modified_time":"2025-05-08T14:59:42+00:00","og_image":[{"width":1024,"height":768,"url":"https:\/\/turijnmagazijn.nl\/wp-content\/uploads\/2023\/03\/DK0010224920Interieur20zijde20deurgreep20Rechts20Lancia20Delta20I20non-integrale20203.jpg","type":"image\/jpeg"}],"twitter_card":"summary_large_image","schema":{"@context":"https:\/\/schema.org","@graph":[{"@type":"WebPage","@id":"https:\/\/turijnmagazijn.nl\/de\/produkt\/innenseitlicher-turgriff-rechts-lancia-delta-i-nicht-integral\/","url":"https:\/\/turijnmagazijn.nl\/de\/produkt\/innenseitlicher-turgriff-rechts-lancia-delta-i-nicht-integral\/","name":"Seitlicher T\u00fcrinnengriff Rechter Lancia Delta I (nicht integriert!) - Turijnmagazijn","isPartOf":{"@id":"https:\/\/turijnmagazijn.jumpstone-dev.nl\/#website"},"primaryImageOfPage":{"@id":"https:\/\/turijnmagazijn.nl\/de\/produkt\/innenseitlicher-turgriff-rechts-lancia-delta-i-nicht-integral\/#primaryimage"},"image":{"@id":"https:\/\/turijnmagazijn.nl\/de\/produkt\/innenseitlicher-turgriff-rechts-lancia-delta-i-nicht-integral\/#primaryimage"},"thumbnailUrl":"https:\/\/turijnmagazijn.nl\/wp-content\/uploads\/2023\/03\/DK0010224920Interieur20zijde20deurgreep20Rechts20Lancia20Delta20I20non-integrale20203.jpg","datePublished":"2023-03-03T08:19:49+00:00","dateModified":"2025-05-08T14:59:42+00:00","breadcrumb":{"@id":"https:\/\/turijnmagazijn.nl\/de\/produkt\/innenseitlicher-turgriff-rechts-lancia-delta-i-nicht-integral\/#breadcrumb"},"inLanguage":"de","potentialAction":[{"@type":"ReadAction","target":["https:\/\/turijnmagazijn.nl\/de\/produkt\/innenseitlicher-turgriff-rechts-lancia-delta-i-nicht-integral\/"]}]},{"@type":"ImageObject","inLanguage":"de","@id":"https:\/\/turijnmagazijn.nl\/de\/produkt\/innenseitlicher-turgriff-rechts-lancia-delta-i-nicht-integral\/#primaryimage","url":"https:\/\/turijnmagazijn.nl\/wp-content\/uploads\/2023\/03\/DK0010224920Interieur20zijde20deurgreep20Rechts20Lancia20Delta20I20non-integrale20203.jpg","contentUrl":"https:\/\/turijnmagazijn.nl\/wp-content\/uploads\/2023\/03\/DK0010224920Interieur20zijde20deurgreep20Rechts20Lancia20Delta20I20non-integrale20203.jpg","width":1024,"height":768},{"@type":"BreadcrumbList","@id":"https:\/\/turijnmagazijn.nl\/de\/produkt\/innenseitlicher-turgriff-rechts-lancia-delta-i-nicht-integral\/#breadcrumb","itemListElement":[{"@type":"ListItem","position":1,"name":"Home","item":"https:\/\/turijnmagazijn.nl\/de\/"},{"@type":"ListItem","position":2,"name":"Produkte","item":"https:\/\/turijnmagazijn.nl\/de\/shop\/"},{"@type":"ListItem","position":3,"name":"Seitlicher T\u00fcrinnengriff Rechter Lancia Delta I (nicht integriert!)"}]},{"@type":"WebSite","@id":"https:\/\/turijnmagazijn.jumpstone-dev.nl\/#website","url":"https:\/\/turijnmagazijn.jumpstone-dev.nl\/","name":"Turijnmagazijn","description":"Onderdelen nieuw en gebruikt - Fiat &amp; Lancia","publisher":{"@id":"https:\/\/turijnmagazijn.jumpstone-dev.nl\/#organization"},"potentialAction":[{"@type":"SearchAction","target":{"@type":"EntryPoint","urlTemplate":"https:\/\/turijnmagazijn.jumpstone-dev.nl\/?s={search_term_string}"},"query-input":{"@type":"PropertyValueSpecification","valueRequired":true,"valueName":"search_term_string"}}],"inLanguage":"de"},{"@type":"Organization","@id":"https:\/\/turijnmagazijn.jumpstone-dev.nl\/#organization","name":"Turijnmagazijn","url":"https:\/\/turijnmagazijn.jumpstone-dev.nl\/","logo":{"@type":"ImageObject","inLanguage":"de","@id":"https:\/\/turijnmagazijn.jumpstone-dev.nl\/#\/schema\/logo\/image\/","url":"https:\/\/turijnmagazijn.nl\/wp-content\/uploads\/2021\/02\/turijnmagazijnlogo.png","contentUrl":"https:\/\/turijnmagazijn.nl\/wp-content\/uploads\/2021\/02\/turijnmagazijnlogo.png","width":555,"height":270,"caption":"Turijnmagazijn"},"image":{"@id":"https:\/\/turijnmagazijn.jumpstone-dev.nl\/#\/schema\/logo\/image\/"},"sameAs":["https:\/\/www.facebook.com\/turijnmagazijn"]}]}},"_links":{"self":[{"href":"https:\/\/turijnmagazijn.nl\/de\/wp-json\/wp\/v2\/product\/64249","targetHints":{"allow":["GET"]}}],"collection":[{"href":"https:\/\/turijnmagazijn.nl\/de\/wp-json\/wp\/v2\/product"}],"about":[{"href":"https:\/\/turijnmagazijn.nl\/de\/wp-json\/wp\/v2\/types\/product"}],"replies":[{"embeddable":true,"href":"https:\/\/turijnmagazijn.nl\/de\/wp-json\/wp\/v2\/comments?post=64249"}],"wp:featuredmedia":[{"embeddable":true,"href":"https:\/\/turijnmagazijn.nl\/de\/wp-json\/wp\/v2\/media\/47197"}],"wp:attachment":[{"href":"https:\/\/turijnmagazijn.nl\/de\/wp-json\/wp\/v2\/media?parent=64249"}],"wp:term":[{"taxonomy":"product_brand","embeddable":true,"href":"https:\/\/turijnmagazijn.nl\/de\/wp-json\/wp\/v2\/product_brand?post=64249"},{"taxonomy":"product_cat","embeddable":true,"href":"https:\/\/turijnmagazijn.nl\/de\/wp-json\/wp\/v2\/product_cat?post=64249"},{"taxonomy":"product_tag","embeddable":true,"href":"https:\/\/turijnmagazijn.nl\/de\/wp-json\/wp\/v2\/product_tag?post=64249"}],"curies":[{"name":"wp","href":"https:\/\/api.w.org\/{rel}","templated":true}]}}