{"id":64259,"date":"2023-03-03T09:16:11","date_gmt":"2023-03-03T08:16:11","guid":{"rendered":"https:\/\/turijnmagazijn.nl\/product\/unterstuetzungsgenerator-alfa-156-lancia-lybra-1-9-jtd\/"},"modified":"2023-07-26T14:05:59","modified_gmt":"2023-07-26T12:05:59","slug":"stutz-lichtmaschine-alpha-156-lancia-lybra-1-9-jtd","status":"publish","type":"product","link":"https:\/\/turijnmagazijn.nl\/de\/produkt\/stutz-lichtmaschine-alpha-156-lancia-lybra-1-9-jtd\/","title":{"rendered":"Unterst\u00fctzungsgenerator Alfa 156 Lancia Lybra 1.9 JTD"},"content":{"rendered":"<p>Halterung zur Befestigung des Ansaugkr\u00fcmmers auf H\u00f6he des K\u00fchlrohrs an der Vorderseite des Motors. Anwendbar auf die 1.9 JTD-Motoren, die in Alfa Romeo 156, Lancia Lybra, Fiat Multipla geliefert werden.<\/p>\n<p>Das Teil stammt von einem 156 Baujahr 2000. Das Teil wird mit Ultraschall gereinigt und befindet sich in einem guten Zustand.<\/p>\n<p>OEM-60603573<\/p>\n","protected":false},"excerpt":{"rendered":"<p>St\u00fctz-Ansaugkr\u00fcmmer Alfa 156 Lancia Lybra 1.9 JTD &#8211; Gebrauchte Halterung f\u00fcr die Montage des Ansaugkr\u00fcmmers auf H\u00f6he des K\u00fchlrohrs an der Vorderseite des Motors. St\u00fctzgenerator Alfa 156 Lancia Lybra 1.9 JTD &#8211; Gebrauchte Halterung f\u00fcr die Montage<\/p>\n","protected":false},"featured_media":43229,"comment_status":"open","ping_status":"closed","template":"","meta":{"_acf_changed":false},"product_brand":[],"product_cat":[1616,1584,1689,1797,1874,1737],"product_tag":[],"class_list":{"0":"post-64259","1":"product","2":"type-product","3":"status-publish","4":"has-post-thumbnail","6":"product_cat-156-932-de","7":"product_cat-alfa-romeo-de","8":"product_cat-fiat-de","9":"product_cat-lancia-de","10":"product_cat-lybra-839-de","11":"product_cat-multipla-186-de","12":"pa_soort-onderdeel-batterien-und-zubehor","13":"pa_soort-onderdeel-beleuchtung","15":"first","16":"instock","17":"shipping-taxable","18":"purchasable","19":"product-type-simple"},"acf":[],"yoast_head":"<!-- This site is optimized with the Yoast SEO plugin v27.2 - https:\/\/yoast.com\/product\/yoast-seo-wordpress\/ -->\n<title>Unterst\u00fctzungsgenerator Alfa 156 Lancia Lybra 1.9 JTD - Turijnmagazijn<\/title>\n<meta name=\"robots\" content=\"index, follow, max-snippet:-1, max-image-preview:large, max-video-preview:-1\" \/>\n<link rel=\"canonical\" href=\"https:\/\/turijnmagazijn.nl\/de\/produkt\/stutz-lichtmaschine-alpha-156-lancia-lybra-1-9-jtd\/\" \/>\n<meta property=\"og:locale\" content=\"de_DE\" \/>\n<meta property=\"og:type\" content=\"article\" \/>\n<meta property=\"og:title\" content=\"Unterst\u00fctzungsgenerator Alfa 156 Lancia Lybra 1.9 JTD - Turijnmagazijn\" \/>\n<meta property=\"og:description\" content=\"St\u00fctz-Ansaugkr\u00fcmmer Alfa 156 Lancia Lybra 1.9 JTD - Gebrauchte Halterung f\u00fcr die Montage des Ansaugkr\u00fcmmers auf H\u00f6he des K\u00fchlrohrs an der Vorderseite des Motors. St\u00fctzgenerator Alfa 156 Lancia Lybra 1.9 JTD - Gebrauchte Halterung f\u00fcr die Montage\" \/>\n<meta property=\"og:url\" content=\"https:\/\/turijnmagazijn.nl\/de\/produkt\/stutz-lichtmaschine-alpha-156-lancia-lybra-1-9-jtd\/\" \/>\n<meta property=\"og:site_name\" content=\"Turijnmagazijn\" \/>\n<meta property=\"article:publisher\" content=\"https:\/\/www.facebook.com\/turijnmagazijn\" \/>\n<meta property=\"article:modified_time\" content=\"2023-07-26T12:05:59+00:00\" \/>\n<meta property=\"og:image\" content=\"https:\/\/turijnmagazijn.jumpstone-dev.nl\/wp-content\/uploads\/2023\/03\/DK00101843-Steun-dynamo-Alfa-156-Lancia-Lybra-1.9-JTD-1-1.jpg\" \/>\n\t<meta property=\"og:image:width\" content=\"1024\" \/>\n\t<meta property=\"og:image:height\" content=\"768\" \/>\n\t<meta property=\"og:image:type\" content=\"image\/jpeg\" \/>\n<meta name=\"twitter:card\" content=\"summary_large_image\" \/>\n<script type=\"application\/ld+json\" class=\"yoast-schema-graph\">{\"@context\":\"https:\/\/schema.org\",\"@graph\":[{\"@type\":\"WebPage\",\"@id\":\"https:\/\/turijnmagazijn.nl\/de\/produkt\/stutz-lichtmaschine-alpha-156-lancia-lybra-1-9-jtd\/\",\"url\":\"https:\/\/turijnmagazijn.nl\/de\/produkt\/stutz-lichtmaschine-alpha-156-lancia-lybra-1-9-jtd\/\",\"name\":\"Unterst\u00fctzungsgenerator Alfa 156 Lancia Lybra 1.9 JTD - Turijnmagazijn\",\"isPartOf\":{\"@id\":\"https:\/\/turijnmagazijn.jumpstone-dev.nl\/#website\"},\"primaryImageOfPage\":{\"@id\":\"https:\/\/turijnmagazijn.nl\/de\/produkt\/stutz-lichtmaschine-alpha-156-lancia-lybra-1-9-jtd\/#primaryimage\"},\"image\":{\"@id\":\"https:\/\/turijnmagazijn.nl\/de\/produkt\/stutz-lichtmaschine-alpha-156-lancia-lybra-1-9-jtd\/#primaryimage\"},\"thumbnailUrl\":\"https:\/\/turijnmagazijn.nl\/wp-content\/uploads\/2023\/03\/DK00101843-Steun-dynamo-Alfa-156-Lancia-Lybra-1.9-JTD-1-1.jpg\",\"datePublished\":\"2023-03-03T08:16:11+00:00\",\"dateModified\":\"2023-07-26T12:05:59+00:00\",\"breadcrumb\":{\"@id\":\"https:\/\/turijnmagazijn.nl\/de\/produkt\/stutz-lichtmaschine-alpha-156-lancia-lybra-1-9-jtd\/#breadcrumb\"},\"inLanguage\":\"de\",\"potentialAction\":[{\"@type\":\"ReadAction\",\"target\":[\"https:\/\/turijnmagazijn.nl\/de\/produkt\/stutz-lichtmaschine-alpha-156-lancia-lybra-1-9-jtd\/\"]}]},{\"@type\":\"ImageObject\",\"inLanguage\":\"de\",\"@id\":\"https:\/\/turijnmagazijn.nl\/de\/produkt\/stutz-lichtmaschine-alpha-156-lancia-lybra-1-9-jtd\/#primaryimage\",\"url\":\"https:\/\/turijnmagazijn.nl\/wp-content\/uploads\/2023\/03\/DK00101843-Steun-dynamo-Alfa-156-Lancia-Lybra-1.9-JTD-1-1.jpg\",\"contentUrl\":\"https:\/\/turijnmagazijn.nl\/wp-content\/uploads\/2023\/03\/DK00101843-Steun-dynamo-Alfa-156-Lancia-Lybra-1.9-JTD-1-1.jpg\",\"width\":1024,\"height\":768},{\"@type\":\"BreadcrumbList\",\"@id\":\"https:\/\/turijnmagazijn.nl\/de\/produkt\/stutz-lichtmaschine-alpha-156-lancia-lybra-1-9-jtd\/#breadcrumb\",\"itemListElement\":[{\"@type\":\"ListItem\",\"position\":1,\"name\":\"Home\",\"item\":\"https:\/\/turijnmagazijn.nl\/de\/\"},{\"@type\":\"ListItem\",\"position\":2,\"name\":\"Produkte\",\"item\":\"https:\/\/turijnmagazijn.nl\/de\/shop\/\"},{\"@type\":\"ListItem\",\"position\":3,\"name\":\"Unterst\u00fctzungsgenerator Alfa 156 Lancia Lybra 1.9 JTD\"}]},{\"@type\":\"WebSite\",\"@id\":\"https:\/\/turijnmagazijn.jumpstone-dev.nl\/#website\",\"url\":\"https:\/\/turijnmagazijn.jumpstone-dev.nl\/\",\"name\":\"Turijnmagazijn\",\"description\":\"Onderdelen nieuw en gebruikt - Fiat &amp; Lancia\",\"publisher\":{\"@id\":\"https:\/\/turijnmagazijn.jumpstone-dev.nl\/#organization\"},\"potentialAction\":[{\"@type\":\"SearchAction\",\"target\":{\"@type\":\"EntryPoint\",\"urlTemplate\":\"https:\/\/turijnmagazijn.jumpstone-dev.nl\/?s={search_term_string}\"},\"query-input\":{\"@type\":\"PropertyValueSpecification\",\"valueRequired\":true,\"valueName\":\"search_term_string\"}}],\"inLanguage\":\"de\"},{\"@type\":\"Organization\",\"@id\":\"https:\/\/turijnmagazijn.jumpstone-dev.nl\/#organization\",\"name\":\"Turijnmagazijn\",\"url\":\"https:\/\/turijnmagazijn.jumpstone-dev.nl\/\",\"logo\":{\"@type\":\"ImageObject\",\"inLanguage\":\"de\",\"@id\":\"https:\/\/turijnmagazijn.jumpstone-dev.nl\/#\/schema\/logo\/image\/\",\"url\":\"https:\/\/turijnmagazijn.nl\/wp-content\/uploads\/2021\/02\/turijnmagazijnlogo.png\",\"contentUrl\":\"https:\/\/turijnmagazijn.nl\/wp-content\/uploads\/2021\/02\/turijnmagazijnlogo.png\",\"width\":555,\"height\":270,\"caption\":\"Turijnmagazijn\"},\"image\":{\"@id\":\"https:\/\/turijnmagazijn.jumpstone-dev.nl\/#\/schema\/logo\/image\/\"},\"sameAs\":[\"https:\/\/www.facebook.com\/turijnmagazijn\"]}]}<\/script>\n<!-- \/ Yoast SEO plugin. -->","yoast_head_json":{"title":"Unterst\u00fctzungsgenerator Alfa 156 Lancia Lybra 1.9 JTD - Turijnmagazijn","robots":{"index":"index","follow":"follow","max-snippet":"max-snippet:-1","max-image-preview":"max-image-preview:large","max-video-preview":"max-video-preview:-1"},"canonical":"https:\/\/turijnmagazijn.nl\/de\/produkt\/stutz-lichtmaschine-alpha-156-lancia-lybra-1-9-jtd\/","og_locale":"de_DE","og_type":"article","og_title":"Unterst\u00fctzungsgenerator Alfa 156 Lancia Lybra 1.9 JTD - Turijnmagazijn","og_description":"St\u00fctz-Ansaugkr\u00fcmmer Alfa 156 Lancia Lybra 1.9 JTD - Gebrauchte Halterung f\u00fcr die Montage des Ansaugkr\u00fcmmers auf H\u00f6he des K\u00fchlrohrs an der Vorderseite des Motors. St\u00fctzgenerator Alfa 156 Lancia Lybra 1.9 JTD - Gebrauchte Halterung f\u00fcr die Montage","og_url":"https:\/\/turijnmagazijn.nl\/de\/produkt\/stutz-lichtmaschine-alpha-156-lancia-lybra-1-9-jtd\/","og_site_name":"Turijnmagazijn","article_publisher":"https:\/\/www.facebook.com\/turijnmagazijn","article_modified_time":"2023-07-26T12:05:59+00:00","og_image":[{"width":1024,"height":768,"url":"https:\/\/turijnmagazijn.jumpstone-dev.nl\/wp-content\/uploads\/2023\/03\/DK00101843-Steun-dynamo-Alfa-156-Lancia-Lybra-1.9-JTD-1-1.jpg","type":"image\/jpeg"}],"twitter_card":"summary_large_image","schema":{"@context":"https:\/\/schema.org","@graph":[{"@type":"WebPage","@id":"https:\/\/turijnmagazijn.nl\/de\/produkt\/stutz-lichtmaschine-alpha-156-lancia-lybra-1-9-jtd\/","url":"https:\/\/turijnmagazijn.nl\/de\/produkt\/stutz-lichtmaschine-alpha-156-lancia-lybra-1-9-jtd\/","name":"Unterst\u00fctzungsgenerator Alfa 156 Lancia Lybra 1.9 JTD - Turijnmagazijn","isPartOf":{"@id":"https:\/\/turijnmagazijn.jumpstone-dev.nl\/#website"},"primaryImageOfPage":{"@id":"https:\/\/turijnmagazijn.nl\/de\/produkt\/stutz-lichtmaschine-alpha-156-lancia-lybra-1-9-jtd\/#primaryimage"},"image":{"@id":"https:\/\/turijnmagazijn.nl\/de\/produkt\/stutz-lichtmaschine-alpha-156-lancia-lybra-1-9-jtd\/#primaryimage"},"thumbnailUrl":"https:\/\/turijnmagazijn.nl\/wp-content\/uploads\/2023\/03\/DK00101843-Steun-dynamo-Alfa-156-Lancia-Lybra-1.9-JTD-1-1.jpg","datePublished":"2023-03-03T08:16:11+00:00","dateModified":"2023-07-26T12:05:59+00:00","breadcrumb":{"@id":"https:\/\/turijnmagazijn.nl\/de\/produkt\/stutz-lichtmaschine-alpha-156-lancia-lybra-1-9-jtd\/#breadcrumb"},"inLanguage":"de","potentialAction":[{"@type":"ReadAction","target":["https:\/\/turijnmagazijn.nl\/de\/produkt\/stutz-lichtmaschine-alpha-156-lancia-lybra-1-9-jtd\/"]}]},{"@type":"ImageObject","inLanguage":"de","@id":"https:\/\/turijnmagazijn.nl\/de\/produkt\/stutz-lichtmaschine-alpha-156-lancia-lybra-1-9-jtd\/#primaryimage","url":"https:\/\/turijnmagazijn.nl\/wp-content\/uploads\/2023\/03\/DK00101843-Steun-dynamo-Alfa-156-Lancia-Lybra-1.9-JTD-1-1.jpg","contentUrl":"https:\/\/turijnmagazijn.nl\/wp-content\/uploads\/2023\/03\/DK00101843-Steun-dynamo-Alfa-156-Lancia-Lybra-1.9-JTD-1-1.jpg","width":1024,"height":768},{"@type":"BreadcrumbList","@id":"https:\/\/turijnmagazijn.nl\/de\/produkt\/stutz-lichtmaschine-alpha-156-lancia-lybra-1-9-jtd\/#breadcrumb","itemListElement":[{"@type":"ListItem","position":1,"name":"Home","item":"https:\/\/turijnmagazijn.nl\/de\/"},{"@type":"ListItem","position":2,"name":"Produkte","item":"https:\/\/turijnmagazijn.nl\/de\/shop\/"},{"@type":"ListItem","position":3,"name":"Unterst\u00fctzungsgenerator Alfa 156 Lancia Lybra 1.9 JTD"}]},{"@type":"WebSite","@id":"https:\/\/turijnmagazijn.jumpstone-dev.nl\/#website","url":"https:\/\/turijnmagazijn.jumpstone-dev.nl\/","name":"Turijnmagazijn","description":"Onderdelen nieuw en gebruikt - Fiat &amp; Lancia","publisher":{"@id":"https:\/\/turijnmagazijn.jumpstone-dev.nl\/#organization"},"potentialAction":[{"@type":"SearchAction","target":{"@type":"EntryPoint","urlTemplate":"https:\/\/turijnmagazijn.jumpstone-dev.nl\/?s={search_term_string}"},"query-input":{"@type":"PropertyValueSpecification","valueRequired":true,"valueName":"search_term_string"}}],"inLanguage":"de"},{"@type":"Organization","@id":"https:\/\/turijnmagazijn.jumpstone-dev.nl\/#organization","name":"Turijnmagazijn","url":"https:\/\/turijnmagazijn.jumpstone-dev.nl\/","logo":{"@type":"ImageObject","inLanguage":"de","@id":"https:\/\/turijnmagazijn.jumpstone-dev.nl\/#\/schema\/logo\/image\/","url":"https:\/\/turijnmagazijn.nl\/wp-content\/uploads\/2021\/02\/turijnmagazijnlogo.png","contentUrl":"https:\/\/turijnmagazijn.nl\/wp-content\/uploads\/2021\/02\/turijnmagazijnlogo.png","width":555,"height":270,"caption":"Turijnmagazijn"},"image":{"@id":"https:\/\/turijnmagazijn.jumpstone-dev.nl\/#\/schema\/logo\/image\/"},"sameAs":["https:\/\/www.facebook.com\/turijnmagazijn"]}]}},"_links":{"self":[{"href":"https:\/\/turijnmagazijn.nl\/de\/wp-json\/wp\/v2\/product\/64259","targetHints":{"allow":["GET"]}}],"collection":[{"href":"https:\/\/turijnmagazijn.nl\/de\/wp-json\/wp\/v2\/product"}],"about":[{"href":"https:\/\/turijnmagazijn.nl\/de\/wp-json\/wp\/v2\/types\/product"}],"replies":[{"embeddable":true,"href":"https:\/\/turijnmagazijn.nl\/de\/wp-json\/wp\/v2\/comments?post=64259"}],"wp:featuredmedia":[{"embeddable":true,"href":"https:\/\/turijnmagazijn.nl\/de\/wp-json\/wp\/v2\/media\/43229"}],"wp:attachment":[{"href":"https:\/\/turijnmagazijn.nl\/de\/wp-json\/wp\/v2\/media?parent=64259"}],"wp:term":[{"taxonomy":"product_brand","embeddable":true,"href":"https:\/\/turijnmagazijn.nl\/de\/wp-json\/wp\/v2\/product_brand?post=64259"},{"taxonomy":"product_cat","embeddable":true,"href":"https:\/\/turijnmagazijn.nl\/de\/wp-json\/wp\/v2\/product_cat?post=64259"},{"taxonomy":"product_tag","embeddable":true,"href":"https:\/\/turijnmagazijn.nl\/de\/wp-json\/wp\/v2\/product_tag?post=64259"}],"curies":[{"name":"wp","href":"https:\/\/api.w.org\/{rel}","templated":true}]}}