{"id":64358,"date":"2023-03-03T09:16:33","date_gmt":"2023-03-03T08:16:33","guid":{"rendered":"https:\/\/turijnmagazijn.nl\/product\/nebelscheinwerferrahmen-linke-stossstange-lancia-ypsilon-ii\/"},"modified":"2023-07-26T14:22:28","modified_gmt":"2023-07-26T12:22:28","slug":"nebelscheinwerfer-rahmen-linke-stosstange-lancia-ypsilon-ii","status":"publish","type":"product","link":"https:\/\/turijnmagazijn.nl\/de\/produkt\/nebelscheinwerfer-rahmen-linke-stosstange-lancia-ypsilon-ii\/","title":{"rendered":"Nebelscheinwerferrahmen Linke Sto\u00dfstange Lancia Ypsilon II"},"content":{"rendered":"<p style=\"font-size: 12px;\">Nebelscheinwerferrahmen zur Befestigung an der Innenseite des Sto\u00dff\u00e4ngers f\u00fcr Lancia Ypsilon.<\/p>\n<p style=\"font-size: 12px;\">Betrifft die St\u00fctze f\u00fcr die linke Nebelscheinwerfer auf der Fahrerseite des Fahrzeugs.<\/p>\n<p style=\"font-size: 12px;\">Komplett mit den drei Befestigungsschrauben, um die Nebelscheinwerfer am Rahmen zu befestigen. Muss auf die Innenseite des Sto\u00dff\u00e4ngers geklebt werden.<\/p>\n<p style=\"font-size: 12px;\">Von einem Ypsilon Baujahr 2004.<\/p>\n<p style=\"font-size: 12px;\">OEM Lancia&nbsp;46791425<\/p>\n","protected":false},"excerpt":{"rendered":"<p>Nebelscheinwerferrahmen Linke Sto\u00dfstange Lancia Ypsilon II &#8211; Nebelscheinwerferrahmen zur Montage an der Innenseite der Sto\u00dfstange f\u00fcr Lancia Ypsilon.<\/p>\n","protected":false},"featured_media":43553,"comment_status":"open","ping_status":"closed","template":"","meta":{"_acf_changed":false},"product_brand":[],"product_cat":[1797,1919],"product_tag":[],"class_list":{"0":"post-64358","1":"product","2":"type-product","3":"status-publish","4":"has-post-thumbnail","6":"product_cat-lancia-de","7":"product_cat-ypsilon-2-843-de","8":"pa_soort-onderdeel-beleuchtung","9":"pa_soort-onderdeel-dashboard-und-schalter","11":"first","12":"instock","13":"shipping-taxable","14":"purchasable","15":"product-type-simple"},"acf":[],"yoast_head":"<!-- This site is optimized with the Yoast SEO plugin v27.2 - https:\/\/yoast.com\/product\/yoast-seo-wordpress\/ -->\n<title>Nebelscheinwerferrahmen Linke Sto\u00dfstange Lancia Ypsilon II - Turijnmagazijn<\/title>\n<meta name=\"robots\" content=\"index, follow, max-snippet:-1, max-image-preview:large, max-video-preview:-1\" \/>\n<link rel=\"canonical\" href=\"https:\/\/turijnmagazijn.nl\/de\/produkt\/nebelscheinwerfer-rahmen-linke-stosstange-lancia-ypsilon-ii\/\" \/>\n<meta property=\"og:locale\" content=\"de_DE\" \/>\n<meta property=\"og:type\" content=\"article\" \/>\n<meta property=\"og:title\" content=\"Nebelscheinwerferrahmen Linke Sto\u00dfstange Lancia Ypsilon II - Turijnmagazijn\" \/>\n<meta property=\"og:description\" content=\"Nebelscheinwerferrahmen Linke Sto\u00dfstange Lancia Ypsilon II - Nebelscheinwerferrahmen zur Montage an der Innenseite der Sto\u00dfstange f\u00fcr Lancia Ypsilon.\" \/>\n<meta property=\"og:url\" content=\"https:\/\/turijnmagazijn.nl\/de\/produkt\/nebelscheinwerfer-rahmen-linke-stosstange-lancia-ypsilon-ii\/\" \/>\n<meta property=\"og:site_name\" content=\"Turijnmagazijn\" \/>\n<meta property=\"article:publisher\" content=\"https:\/\/www.facebook.com\/turijnmagazijn\" \/>\n<meta property=\"article:modified_time\" content=\"2023-07-26T12:22:28+00:00\" \/>\n<meta property=\"og:image\" content=\"https:\/\/turijnmagazijn.jumpstone-dev.nl\/wp-content\/uploads\/2023\/03\/DK0010187220frame20mistlamp20voorbumper20Lancia20Ypsilon20II20Rechts204.jpg\" \/>\n\t<meta property=\"og:image:width\" content=\"1024\" \/>\n\t<meta property=\"og:image:height\" content=\"768\" \/>\n\t<meta property=\"og:image:type\" content=\"image\/jpeg\" \/>\n<meta name=\"twitter:card\" content=\"summary_large_image\" \/>\n<script type=\"application\/ld+json\" class=\"yoast-schema-graph\">{\"@context\":\"https:\/\/schema.org\",\"@graph\":[{\"@type\":\"WebPage\",\"@id\":\"https:\/\/turijnmagazijn.nl\/de\/produkt\/nebelscheinwerfer-rahmen-linke-stosstange-lancia-ypsilon-ii\/\",\"url\":\"https:\/\/turijnmagazijn.nl\/de\/produkt\/nebelscheinwerfer-rahmen-linke-stosstange-lancia-ypsilon-ii\/\",\"name\":\"Nebelscheinwerferrahmen Linke Sto\u00dfstange Lancia Ypsilon II - Turijnmagazijn\",\"isPartOf\":{\"@id\":\"https:\/\/turijnmagazijn.jumpstone-dev.nl\/#website\"},\"primaryImageOfPage\":{\"@id\":\"https:\/\/turijnmagazijn.nl\/de\/produkt\/nebelscheinwerfer-rahmen-linke-stosstange-lancia-ypsilon-ii\/#primaryimage\"},\"image\":{\"@id\":\"https:\/\/turijnmagazijn.nl\/de\/produkt\/nebelscheinwerfer-rahmen-linke-stosstange-lancia-ypsilon-ii\/#primaryimage\"},\"thumbnailUrl\":\"https:\/\/turijnmagazijn.nl\/wp-content\/uploads\/2023\/03\/DK0010187220frame20mistlamp20voorbumper20Lancia20Ypsilon20II20Rechts204.jpg\",\"datePublished\":\"2023-03-03T08:16:33+00:00\",\"dateModified\":\"2023-07-26T12:22:28+00:00\",\"breadcrumb\":{\"@id\":\"https:\/\/turijnmagazijn.nl\/de\/produkt\/nebelscheinwerfer-rahmen-linke-stosstange-lancia-ypsilon-ii\/#breadcrumb\"},\"inLanguage\":\"de\",\"potentialAction\":[{\"@type\":\"ReadAction\",\"target\":[\"https:\/\/turijnmagazijn.nl\/de\/produkt\/nebelscheinwerfer-rahmen-linke-stosstange-lancia-ypsilon-ii\/\"]}]},{\"@type\":\"ImageObject\",\"inLanguage\":\"de\",\"@id\":\"https:\/\/turijnmagazijn.nl\/de\/produkt\/nebelscheinwerfer-rahmen-linke-stosstange-lancia-ypsilon-ii\/#primaryimage\",\"url\":\"https:\/\/turijnmagazijn.nl\/wp-content\/uploads\/2023\/03\/DK0010187220frame20mistlamp20voorbumper20Lancia20Ypsilon20II20Rechts204.jpg\",\"contentUrl\":\"https:\/\/turijnmagazijn.nl\/wp-content\/uploads\/2023\/03\/DK0010187220frame20mistlamp20voorbumper20Lancia20Ypsilon20II20Rechts204.jpg\",\"width\":1024,\"height\":768},{\"@type\":\"BreadcrumbList\",\"@id\":\"https:\/\/turijnmagazijn.nl\/de\/produkt\/nebelscheinwerfer-rahmen-linke-stosstange-lancia-ypsilon-ii\/#breadcrumb\",\"itemListElement\":[{\"@type\":\"ListItem\",\"position\":1,\"name\":\"Home\",\"item\":\"https:\/\/turijnmagazijn.nl\/de\/\"},{\"@type\":\"ListItem\",\"position\":2,\"name\":\"Produkte\",\"item\":\"https:\/\/turijnmagazijn.nl\/de\/shop\/\"},{\"@type\":\"ListItem\",\"position\":3,\"name\":\"Nebelscheinwerferrahmen Linke Sto\u00dfstange Lancia Ypsilon II\"}]},{\"@type\":\"WebSite\",\"@id\":\"https:\/\/turijnmagazijn.jumpstone-dev.nl\/#website\",\"url\":\"https:\/\/turijnmagazijn.jumpstone-dev.nl\/\",\"name\":\"Turijnmagazijn\",\"description\":\"Onderdelen nieuw en gebruikt - Fiat &amp; Lancia\",\"publisher\":{\"@id\":\"https:\/\/turijnmagazijn.jumpstone-dev.nl\/#organization\"},\"potentialAction\":[{\"@type\":\"SearchAction\",\"target\":{\"@type\":\"EntryPoint\",\"urlTemplate\":\"https:\/\/turijnmagazijn.jumpstone-dev.nl\/?s={search_term_string}\"},\"query-input\":{\"@type\":\"PropertyValueSpecification\",\"valueRequired\":true,\"valueName\":\"search_term_string\"}}],\"inLanguage\":\"de\"},{\"@type\":\"Organization\",\"@id\":\"https:\/\/turijnmagazijn.jumpstone-dev.nl\/#organization\",\"name\":\"Turijnmagazijn\",\"url\":\"https:\/\/turijnmagazijn.jumpstone-dev.nl\/\",\"logo\":{\"@type\":\"ImageObject\",\"inLanguage\":\"de\",\"@id\":\"https:\/\/turijnmagazijn.jumpstone-dev.nl\/#\/schema\/logo\/image\/\",\"url\":\"https:\/\/turijnmagazijn.nl\/wp-content\/uploads\/2021\/02\/turijnmagazijnlogo.png\",\"contentUrl\":\"https:\/\/turijnmagazijn.nl\/wp-content\/uploads\/2021\/02\/turijnmagazijnlogo.png\",\"width\":555,\"height\":270,\"caption\":\"Turijnmagazijn\"},\"image\":{\"@id\":\"https:\/\/turijnmagazijn.jumpstone-dev.nl\/#\/schema\/logo\/image\/\"},\"sameAs\":[\"https:\/\/www.facebook.com\/turijnmagazijn\"]}]}<\/script>\n<!-- \/ Yoast SEO plugin. -->","yoast_head_json":{"title":"Nebelscheinwerferrahmen Linke Sto\u00dfstange Lancia Ypsilon II - Turijnmagazijn","robots":{"index":"index","follow":"follow","max-snippet":"max-snippet:-1","max-image-preview":"max-image-preview:large","max-video-preview":"max-video-preview:-1"},"canonical":"https:\/\/turijnmagazijn.nl\/de\/produkt\/nebelscheinwerfer-rahmen-linke-stosstange-lancia-ypsilon-ii\/","og_locale":"de_DE","og_type":"article","og_title":"Nebelscheinwerferrahmen Linke Sto\u00dfstange Lancia Ypsilon II - Turijnmagazijn","og_description":"Nebelscheinwerferrahmen Linke Sto\u00dfstange Lancia Ypsilon II - Nebelscheinwerferrahmen zur Montage an der Innenseite der Sto\u00dfstange f\u00fcr Lancia Ypsilon.","og_url":"https:\/\/turijnmagazijn.nl\/de\/produkt\/nebelscheinwerfer-rahmen-linke-stosstange-lancia-ypsilon-ii\/","og_site_name":"Turijnmagazijn","article_publisher":"https:\/\/www.facebook.com\/turijnmagazijn","article_modified_time":"2023-07-26T12:22:28+00:00","og_image":[{"width":1024,"height":768,"url":"https:\/\/turijnmagazijn.jumpstone-dev.nl\/wp-content\/uploads\/2023\/03\/DK0010187220frame20mistlamp20voorbumper20Lancia20Ypsilon20II20Rechts204.jpg","type":"image\/jpeg"}],"twitter_card":"summary_large_image","schema":{"@context":"https:\/\/schema.org","@graph":[{"@type":"WebPage","@id":"https:\/\/turijnmagazijn.nl\/de\/produkt\/nebelscheinwerfer-rahmen-linke-stosstange-lancia-ypsilon-ii\/","url":"https:\/\/turijnmagazijn.nl\/de\/produkt\/nebelscheinwerfer-rahmen-linke-stosstange-lancia-ypsilon-ii\/","name":"Nebelscheinwerferrahmen Linke Sto\u00dfstange Lancia Ypsilon II - Turijnmagazijn","isPartOf":{"@id":"https:\/\/turijnmagazijn.jumpstone-dev.nl\/#website"},"primaryImageOfPage":{"@id":"https:\/\/turijnmagazijn.nl\/de\/produkt\/nebelscheinwerfer-rahmen-linke-stosstange-lancia-ypsilon-ii\/#primaryimage"},"image":{"@id":"https:\/\/turijnmagazijn.nl\/de\/produkt\/nebelscheinwerfer-rahmen-linke-stosstange-lancia-ypsilon-ii\/#primaryimage"},"thumbnailUrl":"https:\/\/turijnmagazijn.nl\/wp-content\/uploads\/2023\/03\/DK0010187220frame20mistlamp20voorbumper20Lancia20Ypsilon20II20Rechts204.jpg","datePublished":"2023-03-03T08:16:33+00:00","dateModified":"2023-07-26T12:22:28+00:00","breadcrumb":{"@id":"https:\/\/turijnmagazijn.nl\/de\/produkt\/nebelscheinwerfer-rahmen-linke-stosstange-lancia-ypsilon-ii\/#breadcrumb"},"inLanguage":"de","potentialAction":[{"@type":"ReadAction","target":["https:\/\/turijnmagazijn.nl\/de\/produkt\/nebelscheinwerfer-rahmen-linke-stosstange-lancia-ypsilon-ii\/"]}]},{"@type":"ImageObject","inLanguage":"de","@id":"https:\/\/turijnmagazijn.nl\/de\/produkt\/nebelscheinwerfer-rahmen-linke-stosstange-lancia-ypsilon-ii\/#primaryimage","url":"https:\/\/turijnmagazijn.nl\/wp-content\/uploads\/2023\/03\/DK0010187220frame20mistlamp20voorbumper20Lancia20Ypsilon20II20Rechts204.jpg","contentUrl":"https:\/\/turijnmagazijn.nl\/wp-content\/uploads\/2023\/03\/DK0010187220frame20mistlamp20voorbumper20Lancia20Ypsilon20II20Rechts204.jpg","width":1024,"height":768},{"@type":"BreadcrumbList","@id":"https:\/\/turijnmagazijn.nl\/de\/produkt\/nebelscheinwerfer-rahmen-linke-stosstange-lancia-ypsilon-ii\/#breadcrumb","itemListElement":[{"@type":"ListItem","position":1,"name":"Home","item":"https:\/\/turijnmagazijn.nl\/de\/"},{"@type":"ListItem","position":2,"name":"Produkte","item":"https:\/\/turijnmagazijn.nl\/de\/shop\/"},{"@type":"ListItem","position":3,"name":"Nebelscheinwerferrahmen Linke Sto\u00dfstange Lancia Ypsilon II"}]},{"@type":"WebSite","@id":"https:\/\/turijnmagazijn.jumpstone-dev.nl\/#website","url":"https:\/\/turijnmagazijn.jumpstone-dev.nl\/","name":"Turijnmagazijn","description":"Onderdelen nieuw en gebruikt - Fiat &amp; Lancia","publisher":{"@id":"https:\/\/turijnmagazijn.jumpstone-dev.nl\/#organization"},"potentialAction":[{"@type":"SearchAction","target":{"@type":"EntryPoint","urlTemplate":"https:\/\/turijnmagazijn.jumpstone-dev.nl\/?s={search_term_string}"},"query-input":{"@type":"PropertyValueSpecification","valueRequired":true,"valueName":"search_term_string"}}],"inLanguage":"de"},{"@type":"Organization","@id":"https:\/\/turijnmagazijn.jumpstone-dev.nl\/#organization","name":"Turijnmagazijn","url":"https:\/\/turijnmagazijn.jumpstone-dev.nl\/","logo":{"@type":"ImageObject","inLanguage":"de","@id":"https:\/\/turijnmagazijn.jumpstone-dev.nl\/#\/schema\/logo\/image\/","url":"https:\/\/turijnmagazijn.nl\/wp-content\/uploads\/2021\/02\/turijnmagazijnlogo.png","contentUrl":"https:\/\/turijnmagazijn.nl\/wp-content\/uploads\/2021\/02\/turijnmagazijnlogo.png","width":555,"height":270,"caption":"Turijnmagazijn"},"image":{"@id":"https:\/\/turijnmagazijn.jumpstone-dev.nl\/#\/schema\/logo\/image\/"},"sameAs":["https:\/\/www.facebook.com\/turijnmagazijn"]}]}},"_links":{"self":[{"href":"https:\/\/turijnmagazijn.nl\/de\/wp-json\/wp\/v2\/product\/64358","targetHints":{"allow":["GET"]}}],"collection":[{"href":"https:\/\/turijnmagazijn.nl\/de\/wp-json\/wp\/v2\/product"}],"about":[{"href":"https:\/\/turijnmagazijn.nl\/de\/wp-json\/wp\/v2\/types\/product"}],"replies":[{"embeddable":true,"href":"https:\/\/turijnmagazijn.nl\/de\/wp-json\/wp\/v2\/comments?post=64358"}],"wp:featuredmedia":[{"embeddable":true,"href":"https:\/\/turijnmagazijn.nl\/de\/wp-json\/wp\/v2\/media\/43553"}],"wp:attachment":[{"href":"https:\/\/turijnmagazijn.nl\/de\/wp-json\/wp\/v2\/media?parent=64358"}],"wp:term":[{"taxonomy":"product_brand","embeddable":true,"href":"https:\/\/turijnmagazijn.nl\/de\/wp-json\/wp\/v2\/product_brand?post=64358"},{"taxonomy":"product_cat","embeddable":true,"href":"https:\/\/turijnmagazijn.nl\/de\/wp-json\/wp\/v2\/product_cat?post=64358"},{"taxonomy":"product_tag","embeddable":true,"href":"https:\/\/turijnmagazijn.nl\/de\/wp-json\/wp\/v2\/product_tag?post=64358"}],"curies":[{"name":"wp","href":"https:\/\/api.w.org\/{rel}","templated":true}]}}