{"id":64426,"date":"2023-03-03T09:16:55","date_gmt":"2023-03-03T08:16:55","guid":{"rendered":"https:\/\/turijnmagazijn.nl\/product\/aschenbecher-mittelkonsole-lancia-kappa\/"},"modified":"2024-07-10T23:24:04","modified_gmt":"2024-07-10T21:24:04","slug":"aschenbecher-einheit-mittelkonsole-lancia-kappa-3","status":"publish","type":"product","link":"https:\/\/turijnmagazijn.nl\/de\/produkt\/aschenbecher-einheit-mittelkonsole-lancia-kappa-3\/","title":{"rendered":"Aschenbecher Mittelkonsole Lancia Kappa"},"content":{"rendered":"<p>Aschenbecher mit Klappe in Holzmotiv (matte Ausf\u00fchrung) zur Montage in der Mittelkonsole f\u00fcr Lancia Kappa. Anwendbar auf alle Modelle, also Limousine, Coup\u00e9\u00a9 und SW. Das Ventil ist komplett gek\u00fchlt und das Ger\u00e4t ist ansonsten in gutem Zustand und sauber. Komplett mit einwandfrei funktionierendem 12-Volt-Stecker, aber ohne Zigarettenanz\u00fcnder.<\/p>\n<p>OEM Lancia&nbsp;<span style=\"text-align: -webkit-right;\">714970070<\/span><\/p>\n","protected":false},"excerpt":{"rendered":"<p>Aschenbecher Mittelkonsole Lancia Kappa &#8211; Aschenbecher mit Klappe in Holzmotiv (matt) zur Montage in der Mittelkonsole f\u00fcr Lancia Kappa Aschenbecher Mittelkonsole Lancia Kappa &#8211; Aschenbecher mit Klappe in Holzmotiv (matte Ausf\u00fchrung) zur Montage in der Mittelkonsole f\u00fcr  <\/p>\n","protected":false},"featured_media":43821,"comment_status":"open","ping_status":"closed","template":"","meta":{"_acf_changed":false},"product_brand":[],"product_cat":[1867,1859,1797,1869],"product_tag":[],"class_list":{"0":"post-64426","1":"product","2":"type-product","3":"status-publish","4":"has-post-thumbnail","6":"product_cat-coupe-de","7":"product_cat-kappa-838-de","8":"product_cat-lancia-de","9":"product_cat-sw-de","10":"pa_soort-onderdeel-airbags-und-zubehor","11":"pa_soort-onderdeel-interieur-und-polsterung","13":"first","14":"instock","15":"shipping-taxable","16":"purchasable","17":"product-type-simple"},"acf":[],"yoast_head":"<!-- This site is optimized with the Yoast SEO plugin v27.2 - https:\/\/yoast.com\/product\/yoast-seo-wordpress\/ -->\n<title>Aschenbecher Mittelkonsole Lancia Kappa - Turijnmagazijn<\/title>\n<meta name=\"robots\" content=\"index, follow, max-snippet:-1, max-image-preview:large, max-video-preview:-1\" \/>\n<link rel=\"canonical\" href=\"https:\/\/turijnmagazijn.nl\/de\/produkt\/aschenbecher-einheit-mittelkonsole-lancia-kappa-3\/\" \/>\n<meta property=\"og:locale\" content=\"de_DE\" \/>\n<meta property=\"og:type\" content=\"article\" \/>\n<meta property=\"og:title\" content=\"Aschenbecher Mittelkonsole Lancia Kappa - Turijnmagazijn\" \/>\n<meta property=\"og:description\" content=\"Aschenbecher Mittelkonsole Lancia Kappa - Aschenbecher mit Klappe in Holzmotiv (matt) zur Montage in der Mittelkonsole f\u00fcr Lancia Kappa Aschenbecher Mittelkonsole Lancia Kappa - Aschenbecher mit Klappe in Holzmotiv (matte Ausf\u00fchrung) zur Montage in der Mittelkonsole f\u00fcr\" \/>\n<meta property=\"og:url\" content=\"https:\/\/turijnmagazijn.nl\/de\/produkt\/aschenbecher-einheit-mittelkonsole-lancia-kappa-3\/\" \/>\n<meta property=\"og:site_name\" content=\"Turijnmagazijn\" \/>\n<meta property=\"article:publisher\" content=\"https:\/\/www.facebook.com\/turijnmagazijn\" \/>\n<meta property=\"article:modified_time\" content=\"2024-07-10T21:24:04+00:00\" \/>\n<meta property=\"og:image\" content=\"https:\/\/turijnmagazijn.jumpstone-dev.nl\/wp-content\/uploads\/2023\/03\/DK00101894_Asbak_unit_middenconsole_Lancia_Kappa_4-1.jpg\" \/>\n\t<meta property=\"og:image:width\" content=\"800\" \/>\n\t<meta property=\"og:image:height\" content=\"600\" \/>\n\t<meta property=\"og:image:type\" content=\"image\/jpeg\" \/>\n<meta name=\"twitter:card\" content=\"summary_large_image\" \/>\n<script type=\"application\/ld+json\" class=\"yoast-schema-graph\">{\"@context\":\"https:\/\/schema.org\",\"@graph\":[{\"@type\":\"WebPage\",\"@id\":\"https:\/\/turijnmagazijn.nl\/de\/produkt\/aschenbecher-einheit-mittelkonsole-lancia-kappa-3\/\",\"url\":\"https:\/\/turijnmagazijn.nl\/de\/produkt\/aschenbecher-einheit-mittelkonsole-lancia-kappa-3\/\",\"name\":\"Aschenbecher Mittelkonsole Lancia Kappa - Turijnmagazijn\",\"isPartOf\":{\"@id\":\"https:\/\/turijnmagazijn.jumpstone-dev.nl\/#website\"},\"primaryImageOfPage\":{\"@id\":\"https:\/\/turijnmagazijn.nl\/de\/produkt\/aschenbecher-einheit-mittelkonsole-lancia-kappa-3\/#primaryimage\"},\"image\":{\"@id\":\"https:\/\/turijnmagazijn.nl\/de\/produkt\/aschenbecher-einheit-mittelkonsole-lancia-kappa-3\/#primaryimage\"},\"thumbnailUrl\":\"https:\/\/turijnmagazijn.nl\/wp-content\/uploads\/2023\/03\/DK00101894_Asbak_unit_middenconsole_Lancia_Kappa_4-1.jpg\",\"datePublished\":\"2023-03-03T08:16:55+00:00\",\"dateModified\":\"2024-07-10T21:24:04+00:00\",\"breadcrumb\":{\"@id\":\"https:\/\/turijnmagazijn.nl\/de\/produkt\/aschenbecher-einheit-mittelkonsole-lancia-kappa-3\/#breadcrumb\"},\"inLanguage\":\"de\",\"potentialAction\":[{\"@type\":\"ReadAction\",\"target\":[\"https:\/\/turijnmagazijn.nl\/de\/produkt\/aschenbecher-einheit-mittelkonsole-lancia-kappa-3\/\"]}]},{\"@type\":\"ImageObject\",\"inLanguage\":\"de\",\"@id\":\"https:\/\/turijnmagazijn.nl\/de\/produkt\/aschenbecher-einheit-mittelkonsole-lancia-kappa-3\/#primaryimage\",\"url\":\"https:\/\/turijnmagazijn.nl\/wp-content\/uploads\/2023\/03\/DK00101894_Asbak_unit_middenconsole_Lancia_Kappa_4-1.jpg\",\"contentUrl\":\"https:\/\/turijnmagazijn.nl\/wp-content\/uploads\/2023\/03\/DK00101894_Asbak_unit_middenconsole_Lancia_Kappa_4-1.jpg\",\"width\":800,\"height\":600},{\"@type\":\"BreadcrumbList\",\"@id\":\"https:\/\/turijnmagazijn.nl\/de\/produkt\/aschenbecher-einheit-mittelkonsole-lancia-kappa-3\/#breadcrumb\",\"itemListElement\":[{\"@type\":\"ListItem\",\"position\":1,\"name\":\"Home\",\"item\":\"https:\/\/turijnmagazijn.jumpstone-dev.nl\/\"},{\"@type\":\"ListItem\",\"position\":2,\"name\":\"Produkte\",\"item\":\"https:\/\/turijnmagazijn.nl\/de\/shop\/\"},{\"@type\":\"ListItem\",\"position\":3,\"name\":\"Aschenbecher Mittelkonsole Lancia Kappa\"}]},{\"@type\":\"WebSite\",\"@id\":\"https:\/\/turijnmagazijn.jumpstone-dev.nl\/#website\",\"url\":\"https:\/\/turijnmagazijn.jumpstone-dev.nl\/\",\"name\":\"Turijnmagazijn\",\"description\":\"Onderdelen nieuw en gebruikt - Fiat &amp; Lancia\",\"publisher\":{\"@id\":\"https:\/\/turijnmagazijn.jumpstone-dev.nl\/#organization\"},\"potentialAction\":[{\"@type\":\"SearchAction\",\"target\":{\"@type\":\"EntryPoint\",\"urlTemplate\":\"https:\/\/turijnmagazijn.jumpstone-dev.nl\/?s={search_term_string}\"},\"query-input\":{\"@type\":\"PropertyValueSpecification\",\"valueRequired\":true,\"valueName\":\"search_term_string\"}}],\"inLanguage\":\"de\"},{\"@type\":\"Organization\",\"@id\":\"https:\/\/turijnmagazijn.jumpstone-dev.nl\/#organization\",\"name\":\"Turijnmagazijn\",\"url\":\"https:\/\/turijnmagazijn.jumpstone-dev.nl\/\",\"logo\":{\"@type\":\"ImageObject\",\"inLanguage\":\"de\",\"@id\":\"https:\/\/turijnmagazijn.jumpstone-dev.nl\/#\/schema\/logo\/image\/\",\"url\":\"https:\/\/turijnmagazijn.nl\/wp-content\/uploads\/2021\/02\/turijnmagazijnlogo.png\",\"contentUrl\":\"https:\/\/turijnmagazijn.nl\/wp-content\/uploads\/2021\/02\/turijnmagazijnlogo.png\",\"width\":555,\"height\":270,\"caption\":\"Turijnmagazijn\"},\"image\":{\"@id\":\"https:\/\/turijnmagazijn.jumpstone-dev.nl\/#\/schema\/logo\/image\/\"},\"sameAs\":[\"https:\/\/www.facebook.com\/turijnmagazijn\"]}]}<\/script>\n<!-- \/ Yoast SEO plugin. -->","yoast_head_json":{"title":"Aschenbecher Mittelkonsole Lancia Kappa - Turijnmagazijn","robots":{"index":"index","follow":"follow","max-snippet":"max-snippet:-1","max-image-preview":"max-image-preview:large","max-video-preview":"max-video-preview:-1"},"canonical":"https:\/\/turijnmagazijn.nl\/de\/produkt\/aschenbecher-einheit-mittelkonsole-lancia-kappa-3\/","og_locale":"de_DE","og_type":"article","og_title":"Aschenbecher Mittelkonsole Lancia Kappa - Turijnmagazijn","og_description":"Aschenbecher Mittelkonsole Lancia Kappa - Aschenbecher mit Klappe in Holzmotiv (matt) zur Montage in der Mittelkonsole f\u00fcr Lancia Kappa Aschenbecher Mittelkonsole Lancia Kappa - Aschenbecher mit Klappe in Holzmotiv (matte Ausf\u00fchrung) zur Montage in der Mittelkonsole f\u00fcr","og_url":"https:\/\/turijnmagazijn.nl\/de\/produkt\/aschenbecher-einheit-mittelkonsole-lancia-kappa-3\/","og_site_name":"Turijnmagazijn","article_publisher":"https:\/\/www.facebook.com\/turijnmagazijn","article_modified_time":"2024-07-10T21:24:04+00:00","og_image":[{"width":800,"height":600,"url":"https:\/\/turijnmagazijn.jumpstone-dev.nl\/wp-content\/uploads\/2023\/03\/DK00101894_Asbak_unit_middenconsole_Lancia_Kappa_4-1.jpg","type":"image\/jpeg"}],"twitter_card":"summary_large_image","schema":{"@context":"https:\/\/schema.org","@graph":[{"@type":"WebPage","@id":"https:\/\/turijnmagazijn.nl\/de\/produkt\/aschenbecher-einheit-mittelkonsole-lancia-kappa-3\/","url":"https:\/\/turijnmagazijn.nl\/de\/produkt\/aschenbecher-einheit-mittelkonsole-lancia-kappa-3\/","name":"Aschenbecher Mittelkonsole Lancia Kappa - Turijnmagazijn","isPartOf":{"@id":"https:\/\/turijnmagazijn.jumpstone-dev.nl\/#website"},"primaryImageOfPage":{"@id":"https:\/\/turijnmagazijn.nl\/de\/produkt\/aschenbecher-einheit-mittelkonsole-lancia-kappa-3\/#primaryimage"},"image":{"@id":"https:\/\/turijnmagazijn.nl\/de\/produkt\/aschenbecher-einheit-mittelkonsole-lancia-kappa-3\/#primaryimage"},"thumbnailUrl":"https:\/\/turijnmagazijn.nl\/wp-content\/uploads\/2023\/03\/DK00101894_Asbak_unit_middenconsole_Lancia_Kappa_4-1.jpg","datePublished":"2023-03-03T08:16:55+00:00","dateModified":"2024-07-10T21:24:04+00:00","breadcrumb":{"@id":"https:\/\/turijnmagazijn.nl\/de\/produkt\/aschenbecher-einheit-mittelkonsole-lancia-kappa-3\/#breadcrumb"},"inLanguage":"de","potentialAction":[{"@type":"ReadAction","target":["https:\/\/turijnmagazijn.nl\/de\/produkt\/aschenbecher-einheit-mittelkonsole-lancia-kappa-3\/"]}]},{"@type":"ImageObject","inLanguage":"de","@id":"https:\/\/turijnmagazijn.nl\/de\/produkt\/aschenbecher-einheit-mittelkonsole-lancia-kappa-3\/#primaryimage","url":"https:\/\/turijnmagazijn.nl\/wp-content\/uploads\/2023\/03\/DK00101894_Asbak_unit_middenconsole_Lancia_Kappa_4-1.jpg","contentUrl":"https:\/\/turijnmagazijn.nl\/wp-content\/uploads\/2023\/03\/DK00101894_Asbak_unit_middenconsole_Lancia_Kappa_4-1.jpg","width":800,"height":600},{"@type":"BreadcrumbList","@id":"https:\/\/turijnmagazijn.nl\/de\/produkt\/aschenbecher-einheit-mittelkonsole-lancia-kappa-3\/#breadcrumb","itemListElement":[{"@type":"ListItem","position":1,"name":"Home","item":"https:\/\/turijnmagazijn.jumpstone-dev.nl\/"},{"@type":"ListItem","position":2,"name":"Produkte","item":"https:\/\/turijnmagazijn.nl\/de\/shop\/"},{"@type":"ListItem","position":3,"name":"Aschenbecher Mittelkonsole Lancia Kappa"}]},{"@type":"WebSite","@id":"https:\/\/turijnmagazijn.jumpstone-dev.nl\/#website","url":"https:\/\/turijnmagazijn.jumpstone-dev.nl\/","name":"Turijnmagazijn","description":"Onderdelen nieuw en gebruikt - Fiat &amp; Lancia","publisher":{"@id":"https:\/\/turijnmagazijn.jumpstone-dev.nl\/#organization"},"potentialAction":[{"@type":"SearchAction","target":{"@type":"EntryPoint","urlTemplate":"https:\/\/turijnmagazijn.jumpstone-dev.nl\/?s={search_term_string}"},"query-input":{"@type":"PropertyValueSpecification","valueRequired":true,"valueName":"search_term_string"}}],"inLanguage":"de"},{"@type":"Organization","@id":"https:\/\/turijnmagazijn.jumpstone-dev.nl\/#organization","name":"Turijnmagazijn","url":"https:\/\/turijnmagazijn.jumpstone-dev.nl\/","logo":{"@type":"ImageObject","inLanguage":"de","@id":"https:\/\/turijnmagazijn.jumpstone-dev.nl\/#\/schema\/logo\/image\/","url":"https:\/\/turijnmagazijn.nl\/wp-content\/uploads\/2021\/02\/turijnmagazijnlogo.png","contentUrl":"https:\/\/turijnmagazijn.nl\/wp-content\/uploads\/2021\/02\/turijnmagazijnlogo.png","width":555,"height":270,"caption":"Turijnmagazijn"},"image":{"@id":"https:\/\/turijnmagazijn.jumpstone-dev.nl\/#\/schema\/logo\/image\/"},"sameAs":["https:\/\/www.facebook.com\/turijnmagazijn"]}]}},"_links":{"self":[{"href":"https:\/\/turijnmagazijn.nl\/de\/wp-json\/wp\/v2\/product\/64426","targetHints":{"allow":["GET"]}}],"collection":[{"href":"https:\/\/turijnmagazijn.nl\/de\/wp-json\/wp\/v2\/product"}],"about":[{"href":"https:\/\/turijnmagazijn.nl\/de\/wp-json\/wp\/v2\/types\/product"}],"replies":[{"embeddable":true,"href":"https:\/\/turijnmagazijn.nl\/de\/wp-json\/wp\/v2\/comments?post=64426"}],"wp:featuredmedia":[{"embeddable":true,"href":"https:\/\/turijnmagazijn.nl\/de\/wp-json\/wp\/v2\/media\/43821"}],"wp:attachment":[{"href":"https:\/\/turijnmagazijn.nl\/de\/wp-json\/wp\/v2\/media?parent=64426"}],"wp:term":[{"taxonomy":"product_brand","embeddable":true,"href":"https:\/\/turijnmagazijn.nl\/de\/wp-json\/wp\/v2\/product_brand?post=64426"},{"taxonomy":"product_cat","embeddable":true,"href":"https:\/\/turijnmagazijn.nl\/de\/wp-json\/wp\/v2\/product_cat?post=64426"},{"taxonomy":"product_tag","embeddable":true,"href":"https:\/\/turijnmagazijn.nl\/de\/wp-json\/wp\/v2\/product_tag?post=64426"}],"curies":[{"name":"wp","href":"https:\/\/api.w.org\/{rel}","templated":true}]}}