{"id":64496,"date":"2023-03-03T09:16:56","date_gmt":"2023-03-03T08:16:56","guid":{"rendered":"https:\/\/turijnmagazijn.nl\/product\/schutzplatte-motor-nockenwelle-position-raeder-lancia-delta-integral-ueberholt\/"},"modified":"2024-11-01T19:18:38","modified_gmt":"2024-11-01T18:18:38","slug":"schutzplatte-motor-nockenwellengetriebe-lancia-delta-integral-uberholt","status":"publish","type":"product","link":"https:\/\/turijnmagazijn.nl\/de\/produkt\/schutzplatte-motor-nockenwellengetriebe-lancia-delta-integral-uberholt\/","title":{"rendered":"Schutzplatte Motor Nockenwelle Position R\u00e4der Lancia Delta integral -\u00dcBERHOLT-"},"content":{"rendered":"<p>Schutzplatte zur Montage zwischen Motor und Nockenwellengetriebe. Durch dieses Zinnteil werden die Nockenwellen eingeschoben. Das Bauteil wird professionell gestrahlt und mit einer hochwertigen zweischichtigen Pulverbeschichtung in der Farbe Schwarz versehen. Originelles Aussehen mit langanhaltendem Schutz gegen Rost.<\/p>\n<p>Es handelt sich um ein gebrauchtes Teil aus einem integrierten 8V Baujahr 1990.<\/p>\n<p>Teil Nummer 1 auf der technischen Zeichnung von EPER Zeichnung Nummer 1010601003 bez\u00fcglich seiner Anwendung auf den Lancia Delta Integrale. Pro Auto ist eine Kopie dieses Artikels erforderlich.<\/p>\n<p>OEM Lancia 7547739<\/p>\n","protected":false},"excerpt":{"rendered":"<p>Schutzplatte Motor Nockenwelle Position R\u00e4der Lancia Delta integral \u00dcberholt &#8211; Schutzplatte f\u00fcr die Montage zwischen Motor und Nockenwellengetriebe. Schutzplatte Motor Nockenwelle Position R\u00e4der Lancia Delta integral -\u00dcBERHOLT- &#8211; Schutzplatte f\u00fcr die Montage zwischen Motoren<\/p>\n","protected":false},"featured_media":44077,"comment_status":"open","ping_status":"closed","template":"","meta":{"_acf_changed":false},"product_brand":[],"product_cat":[1807,1829,1797],"product_tag":[],"class_list":{"0":"post-64496","1":"product","2":"type-product","3":"status-publish","4":"has-post-thumbnail","6":"product_cat-delta-1-831-de","7":"product_cat-integrale-8v-de","8":"product_cat-lancia-de","9":"pa_soort-onderdeel-karosserie-und-blech","10":"pa_soort-onderdeel-motor-und-zubehor","12":"first","13":"instock","14":"shipping-taxable","15":"purchasable","16":"product-type-simple"},"acf":[],"yoast_head":"<!-- This site is optimized with the Yoast SEO plugin v27.2 - https:\/\/yoast.com\/product\/yoast-seo-wordpress\/ -->\n<title>Schutzplatte Motor Nockenwelle Position R\u00e4der Lancia Delta integral -\u00dcBERHOLT- Turijnmagazijn<\/title>\n<meta name=\"robots\" content=\"index, follow, max-snippet:-1, max-image-preview:large, max-video-preview:-1\" \/>\n<link rel=\"canonical\" href=\"https:\/\/turijnmagazijn.nl\/de\/produkt\/schutzplatte-motor-nockenwellengetriebe-lancia-delta-integral-uberholt\/\" \/>\n<meta property=\"og:locale\" content=\"de_DE\" \/>\n<meta property=\"og:type\" content=\"article\" \/>\n<meta property=\"og:title\" content=\"Schutzplatte Motor Nockenwelle Position R\u00e4der Lancia Delta integral -\u00dcBERHOLT- Turijnmagazijn\" \/>\n<meta property=\"og:description\" content=\"Schutzplatte Motor Nockenwelle Position R\u00e4der Lancia Delta integral \u00dcberholt - Schutzplatte f\u00fcr die Montage zwischen Motor und Nockenwellengetriebe. Schutzplatte Motor Nockenwelle Position R\u00e4der Lancia Delta integral -\u00dcBERHOLT- - Schutzplatte f\u00fcr die Montage zwischen Motoren\" \/>\n<meta property=\"og:url\" content=\"https:\/\/turijnmagazijn.nl\/de\/produkt\/schutzplatte-motor-nockenwellengetriebe-lancia-delta-integral-uberholt\/\" \/>\n<meta property=\"og:site_name\" content=\"Turijnmagazijn\" \/>\n<meta property=\"article:publisher\" content=\"https:\/\/www.facebook.com\/turijnmagazijn\" \/>\n<meta property=\"article:modified_time\" content=\"2024-11-01T18:18:38+00:00\" \/>\n<meta property=\"og:image\" content=\"https:\/\/turijnmagazijn.nl\/wp-content\/uploads\/2023\/03\/DK00101918_Beschermplaat_motor_nokkenastandwielen_Lancia_Delta_integrale_GEREVISEERD_4-1.jpg\" \/>\n\t<meta property=\"og:image:width\" content=\"800\" \/>\n\t<meta property=\"og:image:height\" content=\"600\" \/>\n\t<meta property=\"og:image:type\" content=\"image\/jpeg\" \/>\n<meta name=\"twitter:card\" content=\"summary_large_image\" \/>\n<script type=\"application\/ld+json\" class=\"yoast-schema-graph\">{\"@context\":\"https:\/\/schema.org\",\"@graph\":[{\"@type\":\"WebPage\",\"@id\":\"https:\/\/turijnmagazijn.nl\/de\/produkt\/schutzplatte-motor-nockenwellengetriebe-lancia-delta-integral-uberholt\/\",\"url\":\"https:\/\/turijnmagazijn.nl\/de\/produkt\/schutzplatte-motor-nockenwellengetriebe-lancia-delta-integral-uberholt\/\",\"name\":\"Schutzplatte Motor Nockenwelle Position R\u00e4der Lancia Delta integral -\u00dcBERHOLT- Turijnmagazijn\",\"isPartOf\":{\"@id\":\"https:\/\/turijnmagazijn.jumpstone-dev.nl\/#website\"},\"primaryImageOfPage\":{\"@id\":\"https:\/\/turijnmagazijn.nl\/de\/produkt\/schutzplatte-motor-nockenwellengetriebe-lancia-delta-integral-uberholt\/#primaryimage\"},\"image\":{\"@id\":\"https:\/\/turijnmagazijn.nl\/de\/produkt\/schutzplatte-motor-nockenwellengetriebe-lancia-delta-integral-uberholt\/#primaryimage\"},\"thumbnailUrl\":\"https:\/\/turijnmagazijn.nl\/wp-content\/uploads\/2023\/03\/DK00101918_Beschermplaat_motor_nokkenastandwielen_Lancia_Delta_integrale_GEREVISEERD_4-1.jpg\",\"datePublished\":\"2023-03-03T08:16:56+00:00\",\"dateModified\":\"2024-11-01T18:18:38+00:00\",\"breadcrumb\":{\"@id\":\"https:\/\/turijnmagazijn.nl\/de\/produkt\/schutzplatte-motor-nockenwellengetriebe-lancia-delta-integral-uberholt\/#breadcrumb\"},\"inLanguage\":\"de\",\"potentialAction\":[{\"@type\":\"ReadAction\",\"target\":[\"https:\/\/turijnmagazijn.nl\/de\/produkt\/schutzplatte-motor-nockenwellengetriebe-lancia-delta-integral-uberholt\/\"]}]},{\"@type\":\"ImageObject\",\"inLanguage\":\"de\",\"@id\":\"https:\/\/turijnmagazijn.nl\/de\/produkt\/schutzplatte-motor-nockenwellengetriebe-lancia-delta-integral-uberholt\/#primaryimage\",\"url\":\"https:\/\/turijnmagazijn.nl\/wp-content\/uploads\/2023\/03\/DK00101918_Beschermplaat_motor_nokkenastandwielen_Lancia_Delta_integrale_GEREVISEERD_4-1.jpg\",\"contentUrl\":\"https:\/\/turijnmagazijn.nl\/wp-content\/uploads\/2023\/03\/DK00101918_Beschermplaat_motor_nokkenastandwielen_Lancia_Delta_integrale_GEREVISEERD_4-1.jpg\",\"width\":800,\"height\":600},{\"@type\":\"BreadcrumbList\",\"@id\":\"https:\/\/turijnmagazijn.nl\/de\/produkt\/schutzplatte-motor-nockenwellengetriebe-lancia-delta-integral-uberholt\/#breadcrumb\",\"itemListElement\":[{\"@type\":\"ListItem\",\"position\":1,\"name\":\"Home\",\"item\":\"https:\/\/turijnmagazijn.jumpstone-dev.nl\/\"},{\"@type\":\"ListItem\",\"position\":2,\"name\":\"Produkte\",\"item\":\"https:\/\/turijnmagazijn.nl\/de\/shop\/\"},{\"@type\":\"ListItem\",\"position\":3,\"name\":\"Schutzplatte Motor Nockenwelle Position R\u00e4der Lancia Delta integral -\u00dcBERHOLT-\"}]},{\"@type\":\"WebSite\",\"@id\":\"https:\/\/turijnmagazijn.jumpstone-dev.nl\/#website\",\"url\":\"https:\/\/turijnmagazijn.jumpstone-dev.nl\/\",\"name\":\"Turijnmagazijn\",\"description\":\"Onderdelen nieuw en gebruikt - Fiat &amp; Lancia\",\"publisher\":{\"@id\":\"https:\/\/turijnmagazijn.jumpstone-dev.nl\/#organization\"},\"potentialAction\":[{\"@type\":\"SearchAction\",\"target\":{\"@type\":\"EntryPoint\",\"urlTemplate\":\"https:\/\/turijnmagazijn.jumpstone-dev.nl\/?s={search_term_string}\"},\"query-input\":{\"@type\":\"PropertyValueSpecification\",\"valueRequired\":true,\"valueName\":\"search_term_string\"}}],\"inLanguage\":\"de\"},{\"@type\":\"Organization\",\"@id\":\"https:\/\/turijnmagazijn.jumpstone-dev.nl\/#organization\",\"name\":\"Turijnmagazijn\",\"url\":\"https:\/\/turijnmagazijn.jumpstone-dev.nl\/\",\"logo\":{\"@type\":\"ImageObject\",\"inLanguage\":\"de\",\"@id\":\"https:\/\/turijnmagazijn.jumpstone-dev.nl\/#\/schema\/logo\/image\/\",\"url\":\"https:\/\/turijnmagazijn.nl\/wp-content\/uploads\/2021\/02\/turijnmagazijnlogo.png\",\"contentUrl\":\"https:\/\/turijnmagazijn.nl\/wp-content\/uploads\/2021\/02\/turijnmagazijnlogo.png\",\"width\":555,\"height\":270,\"caption\":\"Turijnmagazijn\"},\"image\":{\"@id\":\"https:\/\/turijnmagazijn.jumpstone-dev.nl\/#\/schema\/logo\/image\/\"},\"sameAs\":[\"https:\/\/www.facebook.com\/turijnmagazijn\"]}]}<\/script>\n<!-- \/ Yoast SEO plugin. -->","yoast_head_json":{"title":"Schutzplatte Motor Nockenwelle Position R\u00e4der Lancia Delta integral -\u00dcBERHOLT- Turijnmagazijn","robots":{"index":"index","follow":"follow","max-snippet":"max-snippet:-1","max-image-preview":"max-image-preview:large","max-video-preview":"max-video-preview:-1"},"canonical":"https:\/\/turijnmagazijn.nl\/de\/produkt\/schutzplatte-motor-nockenwellengetriebe-lancia-delta-integral-uberholt\/","og_locale":"de_DE","og_type":"article","og_title":"Schutzplatte Motor Nockenwelle Position R\u00e4der Lancia Delta integral -\u00dcBERHOLT- Turijnmagazijn","og_description":"Schutzplatte Motor Nockenwelle Position R\u00e4der Lancia Delta integral \u00dcberholt - Schutzplatte f\u00fcr die Montage zwischen Motor und Nockenwellengetriebe. Schutzplatte Motor Nockenwelle Position R\u00e4der Lancia Delta integral -\u00dcBERHOLT- - Schutzplatte f\u00fcr die Montage zwischen Motoren","og_url":"https:\/\/turijnmagazijn.nl\/de\/produkt\/schutzplatte-motor-nockenwellengetriebe-lancia-delta-integral-uberholt\/","og_site_name":"Turijnmagazijn","article_publisher":"https:\/\/www.facebook.com\/turijnmagazijn","article_modified_time":"2024-11-01T18:18:38+00:00","og_image":[{"width":800,"height":600,"url":"https:\/\/turijnmagazijn.nl\/wp-content\/uploads\/2023\/03\/DK00101918_Beschermplaat_motor_nokkenastandwielen_Lancia_Delta_integrale_GEREVISEERD_4-1.jpg","type":"image\/jpeg"}],"twitter_card":"summary_large_image","schema":{"@context":"https:\/\/schema.org","@graph":[{"@type":"WebPage","@id":"https:\/\/turijnmagazijn.nl\/de\/produkt\/schutzplatte-motor-nockenwellengetriebe-lancia-delta-integral-uberholt\/","url":"https:\/\/turijnmagazijn.nl\/de\/produkt\/schutzplatte-motor-nockenwellengetriebe-lancia-delta-integral-uberholt\/","name":"Schutzplatte Motor Nockenwelle Position R\u00e4der Lancia Delta integral -\u00dcBERHOLT- Turijnmagazijn","isPartOf":{"@id":"https:\/\/turijnmagazijn.jumpstone-dev.nl\/#website"},"primaryImageOfPage":{"@id":"https:\/\/turijnmagazijn.nl\/de\/produkt\/schutzplatte-motor-nockenwellengetriebe-lancia-delta-integral-uberholt\/#primaryimage"},"image":{"@id":"https:\/\/turijnmagazijn.nl\/de\/produkt\/schutzplatte-motor-nockenwellengetriebe-lancia-delta-integral-uberholt\/#primaryimage"},"thumbnailUrl":"https:\/\/turijnmagazijn.nl\/wp-content\/uploads\/2023\/03\/DK00101918_Beschermplaat_motor_nokkenastandwielen_Lancia_Delta_integrale_GEREVISEERD_4-1.jpg","datePublished":"2023-03-03T08:16:56+00:00","dateModified":"2024-11-01T18:18:38+00:00","breadcrumb":{"@id":"https:\/\/turijnmagazijn.nl\/de\/produkt\/schutzplatte-motor-nockenwellengetriebe-lancia-delta-integral-uberholt\/#breadcrumb"},"inLanguage":"de","potentialAction":[{"@type":"ReadAction","target":["https:\/\/turijnmagazijn.nl\/de\/produkt\/schutzplatte-motor-nockenwellengetriebe-lancia-delta-integral-uberholt\/"]}]},{"@type":"ImageObject","inLanguage":"de","@id":"https:\/\/turijnmagazijn.nl\/de\/produkt\/schutzplatte-motor-nockenwellengetriebe-lancia-delta-integral-uberholt\/#primaryimage","url":"https:\/\/turijnmagazijn.nl\/wp-content\/uploads\/2023\/03\/DK00101918_Beschermplaat_motor_nokkenastandwielen_Lancia_Delta_integrale_GEREVISEERD_4-1.jpg","contentUrl":"https:\/\/turijnmagazijn.nl\/wp-content\/uploads\/2023\/03\/DK00101918_Beschermplaat_motor_nokkenastandwielen_Lancia_Delta_integrale_GEREVISEERD_4-1.jpg","width":800,"height":600},{"@type":"BreadcrumbList","@id":"https:\/\/turijnmagazijn.nl\/de\/produkt\/schutzplatte-motor-nockenwellengetriebe-lancia-delta-integral-uberholt\/#breadcrumb","itemListElement":[{"@type":"ListItem","position":1,"name":"Home","item":"https:\/\/turijnmagazijn.jumpstone-dev.nl\/"},{"@type":"ListItem","position":2,"name":"Produkte","item":"https:\/\/turijnmagazijn.nl\/de\/shop\/"},{"@type":"ListItem","position":3,"name":"Schutzplatte Motor Nockenwelle Position R\u00e4der Lancia Delta integral -\u00dcBERHOLT-"}]},{"@type":"WebSite","@id":"https:\/\/turijnmagazijn.jumpstone-dev.nl\/#website","url":"https:\/\/turijnmagazijn.jumpstone-dev.nl\/","name":"Turijnmagazijn","description":"Onderdelen nieuw en gebruikt - Fiat &amp; Lancia","publisher":{"@id":"https:\/\/turijnmagazijn.jumpstone-dev.nl\/#organization"},"potentialAction":[{"@type":"SearchAction","target":{"@type":"EntryPoint","urlTemplate":"https:\/\/turijnmagazijn.jumpstone-dev.nl\/?s={search_term_string}"},"query-input":{"@type":"PropertyValueSpecification","valueRequired":true,"valueName":"search_term_string"}}],"inLanguage":"de"},{"@type":"Organization","@id":"https:\/\/turijnmagazijn.jumpstone-dev.nl\/#organization","name":"Turijnmagazijn","url":"https:\/\/turijnmagazijn.jumpstone-dev.nl\/","logo":{"@type":"ImageObject","inLanguage":"de","@id":"https:\/\/turijnmagazijn.jumpstone-dev.nl\/#\/schema\/logo\/image\/","url":"https:\/\/turijnmagazijn.nl\/wp-content\/uploads\/2021\/02\/turijnmagazijnlogo.png","contentUrl":"https:\/\/turijnmagazijn.nl\/wp-content\/uploads\/2021\/02\/turijnmagazijnlogo.png","width":555,"height":270,"caption":"Turijnmagazijn"},"image":{"@id":"https:\/\/turijnmagazijn.jumpstone-dev.nl\/#\/schema\/logo\/image\/"},"sameAs":["https:\/\/www.facebook.com\/turijnmagazijn"]}]}},"_links":{"self":[{"href":"https:\/\/turijnmagazijn.nl\/de\/wp-json\/wp\/v2\/product\/64496","targetHints":{"allow":["GET"]}}],"collection":[{"href":"https:\/\/turijnmagazijn.nl\/de\/wp-json\/wp\/v2\/product"}],"about":[{"href":"https:\/\/turijnmagazijn.nl\/de\/wp-json\/wp\/v2\/types\/product"}],"replies":[{"embeddable":true,"href":"https:\/\/turijnmagazijn.nl\/de\/wp-json\/wp\/v2\/comments?post=64496"}],"wp:featuredmedia":[{"embeddable":true,"href":"https:\/\/turijnmagazijn.nl\/de\/wp-json\/wp\/v2\/media\/44077"}],"wp:attachment":[{"href":"https:\/\/turijnmagazijn.nl\/de\/wp-json\/wp\/v2\/media?parent=64496"}],"wp:term":[{"taxonomy":"product_brand","embeddable":true,"href":"https:\/\/turijnmagazijn.nl\/de\/wp-json\/wp\/v2\/product_brand?post=64496"},{"taxonomy":"product_cat","embeddable":true,"href":"https:\/\/turijnmagazijn.nl\/de\/wp-json\/wp\/v2\/product_cat?post=64496"},{"taxonomy":"product_tag","embeddable":true,"href":"https:\/\/turijnmagazijn.nl\/de\/wp-json\/wp\/v2\/product_tag?post=64496"}],"curies":[{"name":"wp","href":"https:\/\/api.w.org\/{rel}","templated":true}]}}