{"id":64626,"date":"2023-03-03T09:17:40","date_gmt":"2023-03-03T08:17:40","guid":{"rendered":"https:\/\/turijnmagazijn.nl\/product\/halterung-drosselzughalter-drosselklappengehaeuse-lancia-delta-integrale-ueberholt\/"},"modified":"2024-11-01T19:15:46","modified_gmt":"2024-11-01T18:15:46","slug":"halterung-drosselzughalter-drosselklappenkorper-lancia-delta-integral-uberholt","status":"publish","type":"product","link":"https:\/\/turijnmagazijn.nl\/de\/produkt\/halterung-drosselzughalter-drosselklappenkorper-lancia-delta-integral-uberholt\/","title":{"rendered":"Halterung Drosselzughalter Drosselklappengeh\u00e4use Lancia Delta Integrale -\u00dcBERHOLT-"},"content":{"rendered":"<p>\u00dcberholte Halterung zur Befestigung am Drosselklappengeh\u00e4use f\u00fcr lancia Delta Integrale. Hierbei handelt es sich um einen general\u00fcberholten Halter, der sandgestrahlt und mit einer professionellen Pulverbeschichtungsschicht in Silbergrau versehen wurde. Die Halterung wurde gebraucht, aber dank der \u00dcberholung besser als neu.<\/p>\n<p>Teil Nummer 11 auf der technischen Zeichnung aus der EPER-Zeichnung Nummer 1022201001 bez\u00fcglich seiner Anwendung auf den Lancia Delta Integrale. Pro Auto ist eine Kopie dieses Artikels erforderlich.<\/p>\n<p>OEM Lancia <span style=\"text-align: -webkit-right;\">7566144<\/span><\/p>\n","protected":false},"excerpt":{"rendered":"<p>Halterung Drosselzughalter Drosselklappengeh\u00e4use Lancia Delta Integrale -\u00dcBERHOLT- &#8211; \u00dcberholte Halterung zur Befestigung am Drosselklappengeh\u00e4use f\u00fcr lancia Delta Integrale.<\/p>\n","protected":false},"featured_media":44837,"comment_status":"open","ping_status":"closed","template":"","meta":{"_acf_changed":false},"product_brand":[],"product_cat":[1807,1797],"product_tag":[],"class_list":{"0":"post-64626","1":"product","2":"type-product","3":"status-publish","4":"has-post-thumbnail","6":"product_cat-delta-1-831-de","7":"product_cat-lancia-de","8":"pa_soort-onderdeel-dashboard-und-schalter","9":"pa_soort-onderdeel-motor-und-zubehor","11":"first","12":"instock","13":"shipping-taxable","14":"purchasable","15":"product-type-simple"},"acf":[],"yoast_head":"<!-- This site is optimized with the Yoast SEO plugin v27.2 - https:\/\/yoast.com\/product\/yoast-seo-wordpress\/ -->\n<title>Halterung Drosselzughalter Drosselklappengeh\u00e4use Lancia Delta Integrale -\u00dcBERHOLT- Turijnmagazijn<\/title>\n<meta name=\"robots\" content=\"index, follow, max-snippet:-1, max-image-preview:large, max-video-preview:-1\" \/>\n<link rel=\"canonical\" href=\"https:\/\/turijnmagazijn.nl\/de\/produkt\/halterung-drosselzughalter-drosselklappenkorper-lancia-delta-integral-uberholt\/\" \/>\n<meta property=\"og:locale\" content=\"de_DE\" \/>\n<meta property=\"og:type\" content=\"article\" \/>\n<meta property=\"og:title\" content=\"Halterung Drosselzughalter Drosselklappengeh\u00e4use Lancia Delta Integrale -\u00dcBERHOLT- Turijnmagazijn\" \/>\n<meta property=\"og:description\" content=\"Halterung Drosselzughalter Drosselklappengeh\u00e4use Lancia Delta Integrale -\u00dcBERHOLT- - \u00dcberholte Halterung zur Befestigung am Drosselklappengeh\u00e4use f\u00fcr lancia Delta Integrale.\" \/>\n<meta property=\"og:url\" content=\"https:\/\/turijnmagazijn.nl\/de\/produkt\/halterung-drosselzughalter-drosselklappenkorper-lancia-delta-integral-uberholt\/\" \/>\n<meta property=\"og:site_name\" content=\"Turijnmagazijn\" \/>\n<meta property=\"article:publisher\" content=\"https:\/\/www.facebook.com\/turijnmagazijn\" \/>\n<meta property=\"article:modified_time\" content=\"2024-11-01T18:15:46+00:00\" \/>\n<meta property=\"og:image\" content=\"https:\/\/turijnmagazijn.nl\/wp-content\/uploads\/2023\/03\/DK00102002_Beugel_gaskabel-houder_gasklephuis_Lancia_Delta_Integrale_-GEREVISEERD-_3-1.jpg\" \/>\n\t<meta property=\"og:image:width\" content=\"800\" \/>\n\t<meta property=\"og:image:height\" content=\"600\" \/>\n\t<meta property=\"og:image:type\" content=\"image\/jpeg\" \/>\n<meta name=\"twitter:card\" content=\"summary_large_image\" \/>\n<script type=\"application\/ld+json\" class=\"yoast-schema-graph\">{\"@context\":\"https:\/\/schema.org\",\"@graph\":[{\"@type\":\"WebPage\",\"@id\":\"https:\/\/turijnmagazijn.nl\/de\/produkt\/halterung-drosselzughalter-drosselklappenkorper-lancia-delta-integral-uberholt\/\",\"url\":\"https:\/\/turijnmagazijn.nl\/de\/produkt\/halterung-drosselzughalter-drosselklappenkorper-lancia-delta-integral-uberholt\/\",\"name\":\"Halterung Drosselzughalter Drosselklappengeh\u00e4use Lancia Delta Integrale -\u00dcBERHOLT- Turijnmagazijn\",\"isPartOf\":{\"@id\":\"https:\/\/turijnmagazijn.jumpstone-dev.nl\/#website\"},\"primaryImageOfPage\":{\"@id\":\"https:\/\/turijnmagazijn.nl\/de\/produkt\/halterung-drosselzughalter-drosselklappenkorper-lancia-delta-integral-uberholt\/#primaryimage\"},\"image\":{\"@id\":\"https:\/\/turijnmagazijn.nl\/de\/produkt\/halterung-drosselzughalter-drosselklappenkorper-lancia-delta-integral-uberholt\/#primaryimage\"},\"thumbnailUrl\":\"https:\/\/turijnmagazijn.nl\/wp-content\/uploads\/2023\/03\/DK00102002_Beugel_gaskabel-houder_gasklephuis_Lancia_Delta_Integrale_-GEREVISEERD-_3-1.jpg\",\"datePublished\":\"2023-03-03T08:17:40+00:00\",\"dateModified\":\"2024-11-01T18:15:46+00:00\",\"breadcrumb\":{\"@id\":\"https:\/\/turijnmagazijn.nl\/de\/produkt\/halterung-drosselzughalter-drosselklappenkorper-lancia-delta-integral-uberholt\/#breadcrumb\"},\"inLanguage\":\"de\",\"potentialAction\":[{\"@type\":\"ReadAction\",\"target\":[\"https:\/\/turijnmagazijn.nl\/de\/produkt\/halterung-drosselzughalter-drosselklappenkorper-lancia-delta-integral-uberholt\/\"]}]},{\"@type\":\"ImageObject\",\"inLanguage\":\"de\",\"@id\":\"https:\/\/turijnmagazijn.nl\/de\/produkt\/halterung-drosselzughalter-drosselklappenkorper-lancia-delta-integral-uberholt\/#primaryimage\",\"url\":\"https:\/\/turijnmagazijn.nl\/wp-content\/uploads\/2023\/03\/DK00102002_Beugel_gaskabel-houder_gasklephuis_Lancia_Delta_Integrale_-GEREVISEERD-_3-1.jpg\",\"contentUrl\":\"https:\/\/turijnmagazijn.nl\/wp-content\/uploads\/2023\/03\/DK00102002_Beugel_gaskabel-houder_gasklephuis_Lancia_Delta_Integrale_-GEREVISEERD-_3-1.jpg\",\"width\":800,\"height\":600},{\"@type\":\"BreadcrumbList\",\"@id\":\"https:\/\/turijnmagazijn.nl\/de\/produkt\/halterung-drosselzughalter-drosselklappenkorper-lancia-delta-integral-uberholt\/#breadcrumb\",\"itemListElement\":[{\"@type\":\"ListItem\",\"position\":1,\"name\":\"Home\",\"item\":\"https:\/\/turijnmagazijn.jumpstone-dev.nl\/\"},{\"@type\":\"ListItem\",\"position\":2,\"name\":\"Produkte\",\"item\":\"https:\/\/turijnmagazijn.nl\/de\/shop\/\"},{\"@type\":\"ListItem\",\"position\":3,\"name\":\"Halterung Drosselzughalter Drosselklappengeh\u00e4use Lancia Delta Integrale -\u00dcBERHOLT-\"}]},{\"@type\":\"WebSite\",\"@id\":\"https:\/\/turijnmagazijn.jumpstone-dev.nl\/#website\",\"url\":\"https:\/\/turijnmagazijn.jumpstone-dev.nl\/\",\"name\":\"Turijnmagazijn\",\"description\":\"Onderdelen nieuw en gebruikt - Fiat &amp; Lancia\",\"publisher\":{\"@id\":\"https:\/\/turijnmagazijn.jumpstone-dev.nl\/#organization\"},\"potentialAction\":[{\"@type\":\"SearchAction\",\"target\":{\"@type\":\"EntryPoint\",\"urlTemplate\":\"https:\/\/turijnmagazijn.jumpstone-dev.nl\/?s={search_term_string}\"},\"query-input\":{\"@type\":\"PropertyValueSpecification\",\"valueRequired\":true,\"valueName\":\"search_term_string\"}}],\"inLanguage\":\"de\"},{\"@type\":\"Organization\",\"@id\":\"https:\/\/turijnmagazijn.jumpstone-dev.nl\/#organization\",\"name\":\"Turijnmagazijn\",\"url\":\"https:\/\/turijnmagazijn.jumpstone-dev.nl\/\",\"logo\":{\"@type\":\"ImageObject\",\"inLanguage\":\"de\",\"@id\":\"https:\/\/turijnmagazijn.jumpstone-dev.nl\/#\/schema\/logo\/image\/\",\"url\":\"https:\/\/turijnmagazijn.nl\/wp-content\/uploads\/2021\/02\/turijnmagazijnlogo.png\",\"contentUrl\":\"https:\/\/turijnmagazijn.nl\/wp-content\/uploads\/2021\/02\/turijnmagazijnlogo.png\",\"width\":555,\"height\":270,\"caption\":\"Turijnmagazijn\"},\"image\":{\"@id\":\"https:\/\/turijnmagazijn.jumpstone-dev.nl\/#\/schema\/logo\/image\/\"},\"sameAs\":[\"https:\/\/www.facebook.com\/turijnmagazijn\"]}]}<\/script>\n<!-- \/ Yoast SEO plugin. -->","yoast_head_json":{"title":"Halterung Drosselzughalter Drosselklappengeh\u00e4use Lancia Delta Integrale -\u00dcBERHOLT- Turijnmagazijn","robots":{"index":"index","follow":"follow","max-snippet":"max-snippet:-1","max-image-preview":"max-image-preview:large","max-video-preview":"max-video-preview:-1"},"canonical":"https:\/\/turijnmagazijn.nl\/de\/produkt\/halterung-drosselzughalter-drosselklappenkorper-lancia-delta-integral-uberholt\/","og_locale":"de_DE","og_type":"article","og_title":"Halterung Drosselzughalter Drosselklappengeh\u00e4use Lancia Delta Integrale -\u00dcBERHOLT- Turijnmagazijn","og_description":"Halterung Drosselzughalter Drosselklappengeh\u00e4use Lancia Delta Integrale -\u00dcBERHOLT- - \u00dcberholte Halterung zur Befestigung am Drosselklappengeh\u00e4use f\u00fcr lancia Delta Integrale.","og_url":"https:\/\/turijnmagazijn.nl\/de\/produkt\/halterung-drosselzughalter-drosselklappenkorper-lancia-delta-integral-uberholt\/","og_site_name":"Turijnmagazijn","article_publisher":"https:\/\/www.facebook.com\/turijnmagazijn","article_modified_time":"2024-11-01T18:15:46+00:00","og_image":[{"width":800,"height":600,"url":"https:\/\/turijnmagazijn.nl\/wp-content\/uploads\/2023\/03\/DK00102002_Beugel_gaskabel-houder_gasklephuis_Lancia_Delta_Integrale_-GEREVISEERD-_3-1.jpg","type":"image\/jpeg"}],"twitter_card":"summary_large_image","schema":{"@context":"https:\/\/schema.org","@graph":[{"@type":"WebPage","@id":"https:\/\/turijnmagazijn.nl\/de\/produkt\/halterung-drosselzughalter-drosselklappenkorper-lancia-delta-integral-uberholt\/","url":"https:\/\/turijnmagazijn.nl\/de\/produkt\/halterung-drosselzughalter-drosselklappenkorper-lancia-delta-integral-uberholt\/","name":"Halterung Drosselzughalter Drosselklappengeh\u00e4use Lancia Delta Integrale -\u00dcBERHOLT- Turijnmagazijn","isPartOf":{"@id":"https:\/\/turijnmagazijn.jumpstone-dev.nl\/#website"},"primaryImageOfPage":{"@id":"https:\/\/turijnmagazijn.nl\/de\/produkt\/halterung-drosselzughalter-drosselklappenkorper-lancia-delta-integral-uberholt\/#primaryimage"},"image":{"@id":"https:\/\/turijnmagazijn.nl\/de\/produkt\/halterung-drosselzughalter-drosselklappenkorper-lancia-delta-integral-uberholt\/#primaryimage"},"thumbnailUrl":"https:\/\/turijnmagazijn.nl\/wp-content\/uploads\/2023\/03\/DK00102002_Beugel_gaskabel-houder_gasklephuis_Lancia_Delta_Integrale_-GEREVISEERD-_3-1.jpg","datePublished":"2023-03-03T08:17:40+00:00","dateModified":"2024-11-01T18:15:46+00:00","breadcrumb":{"@id":"https:\/\/turijnmagazijn.nl\/de\/produkt\/halterung-drosselzughalter-drosselklappenkorper-lancia-delta-integral-uberholt\/#breadcrumb"},"inLanguage":"de","potentialAction":[{"@type":"ReadAction","target":["https:\/\/turijnmagazijn.nl\/de\/produkt\/halterung-drosselzughalter-drosselklappenkorper-lancia-delta-integral-uberholt\/"]}]},{"@type":"ImageObject","inLanguage":"de","@id":"https:\/\/turijnmagazijn.nl\/de\/produkt\/halterung-drosselzughalter-drosselklappenkorper-lancia-delta-integral-uberholt\/#primaryimage","url":"https:\/\/turijnmagazijn.nl\/wp-content\/uploads\/2023\/03\/DK00102002_Beugel_gaskabel-houder_gasklephuis_Lancia_Delta_Integrale_-GEREVISEERD-_3-1.jpg","contentUrl":"https:\/\/turijnmagazijn.nl\/wp-content\/uploads\/2023\/03\/DK00102002_Beugel_gaskabel-houder_gasklephuis_Lancia_Delta_Integrale_-GEREVISEERD-_3-1.jpg","width":800,"height":600},{"@type":"BreadcrumbList","@id":"https:\/\/turijnmagazijn.nl\/de\/produkt\/halterung-drosselzughalter-drosselklappenkorper-lancia-delta-integral-uberholt\/#breadcrumb","itemListElement":[{"@type":"ListItem","position":1,"name":"Home","item":"https:\/\/turijnmagazijn.jumpstone-dev.nl\/"},{"@type":"ListItem","position":2,"name":"Produkte","item":"https:\/\/turijnmagazijn.nl\/de\/shop\/"},{"@type":"ListItem","position":3,"name":"Halterung Drosselzughalter Drosselklappengeh\u00e4use Lancia Delta Integrale -\u00dcBERHOLT-"}]},{"@type":"WebSite","@id":"https:\/\/turijnmagazijn.jumpstone-dev.nl\/#website","url":"https:\/\/turijnmagazijn.jumpstone-dev.nl\/","name":"Turijnmagazijn","description":"Onderdelen nieuw en gebruikt - Fiat &amp; Lancia","publisher":{"@id":"https:\/\/turijnmagazijn.jumpstone-dev.nl\/#organization"},"potentialAction":[{"@type":"SearchAction","target":{"@type":"EntryPoint","urlTemplate":"https:\/\/turijnmagazijn.jumpstone-dev.nl\/?s={search_term_string}"},"query-input":{"@type":"PropertyValueSpecification","valueRequired":true,"valueName":"search_term_string"}}],"inLanguage":"de"},{"@type":"Organization","@id":"https:\/\/turijnmagazijn.jumpstone-dev.nl\/#organization","name":"Turijnmagazijn","url":"https:\/\/turijnmagazijn.jumpstone-dev.nl\/","logo":{"@type":"ImageObject","inLanguage":"de","@id":"https:\/\/turijnmagazijn.jumpstone-dev.nl\/#\/schema\/logo\/image\/","url":"https:\/\/turijnmagazijn.nl\/wp-content\/uploads\/2021\/02\/turijnmagazijnlogo.png","contentUrl":"https:\/\/turijnmagazijn.nl\/wp-content\/uploads\/2021\/02\/turijnmagazijnlogo.png","width":555,"height":270,"caption":"Turijnmagazijn"},"image":{"@id":"https:\/\/turijnmagazijn.jumpstone-dev.nl\/#\/schema\/logo\/image\/"},"sameAs":["https:\/\/www.facebook.com\/turijnmagazijn"]}]}},"_links":{"self":[{"href":"https:\/\/turijnmagazijn.nl\/de\/wp-json\/wp\/v2\/product\/64626","targetHints":{"allow":["GET"]}}],"collection":[{"href":"https:\/\/turijnmagazijn.nl\/de\/wp-json\/wp\/v2\/product"}],"about":[{"href":"https:\/\/turijnmagazijn.nl\/de\/wp-json\/wp\/v2\/types\/product"}],"replies":[{"embeddable":true,"href":"https:\/\/turijnmagazijn.nl\/de\/wp-json\/wp\/v2\/comments?post=64626"}],"wp:featuredmedia":[{"embeddable":true,"href":"https:\/\/turijnmagazijn.nl\/de\/wp-json\/wp\/v2\/media\/44837"}],"wp:attachment":[{"href":"https:\/\/turijnmagazijn.nl\/de\/wp-json\/wp\/v2\/media?parent=64626"}],"wp:term":[{"taxonomy":"product_brand","embeddable":true,"href":"https:\/\/turijnmagazijn.nl\/de\/wp-json\/wp\/v2\/product_brand?post=64626"},{"taxonomy":"product_cat","embeddable":true,"href":"https:\/\/turijnmagazijn.nl\/de\/wp-json\/wp\/v2\/product_cat?post=64626"},{"taxonomy":"product_tag","embeddable":true,"href":"https:\/\/turijnmagazijn.nl\/de\/wp-json\/wp\/v2\/product_tag?post=64626"}],"curies":[{"name":"wp","href":"https:\/\/api.w.org\/{rel}","templated":true}]}}