{"id":64689,"date":"2023-03-03T09:17:40","date_gmt":"2023-03-03T08:17:40","guid":{"rendered":"https:\/\/turijnmagazijn.nl\/product\/fenstermotor-mit-mechanik-alfa-156-vorne-links\/"},"modified":"2023-07-26T14:12:27","modified_gmt":"2023-07-26T12:12:27","slug":"fenstermotor-mit-mechanismus-alpha-156-vorne-links-2","status":"publish","type":"product","link":"https:\/\/turijnmagazijn.nl\/de\/produkt\/fenstermotor-mit-mechanismus-alpha-156-vorne-links-2\/","title":{"rendered":"Fenstermotor mit Mechanik Alfa 156 vorne links"},"content":{"rendered":"<p>Gebrauchter Fenstermotor mit Mechanismus f\u00fcr Alfa Romeo 156 zur Montage in der T\u00fcr. Der Fenstermotor ist in einem gebrauchten Zustand, funktioniert aber einwandfrei. Der Motor stammt aus einer Alfa Romeo 156 Limousine aus dem Jahr 1999.<\/p>\n<p>OEM Alfa Romeo 60672278<\/p>\n","protected":false},"excerpt":{"rendered":"<p>Fenstermotor mit Mechanik Alfa 156 &#8211; Gebrauchter Fenstermotor mit Mechanismus f\u00fcr Alfa Romeo 156 zum Einbau in die T\u00fcr. Fenstermotor mit Mechanik Alfa 156 vorne links &#8211; Gebrauchter Fenstermotor mit Mechanismus f\u00fcr Alfa Romeo 156 zum Einbau in die T\u00fcr.<\/p>\n","protected":false},"featured_media":45013,"comment_status":"closed","ping_status":"closed","template":"","meta":{"_acf_changed":false},"product_brand":[],"product_cat":[1616,1584],"product_tag":[],"class_list":{"0":"post-64689","1":"product","2":"type-product","3":"status-publish","4":"has-post-thumbnail","6":"product_cat-156-932-de","7":"product_cat-alfa-romeo-de","8":"pa_soort-onderdeel-audiogerate","9":"pa_soort-onderdeel-fenster-und-zubehor","11":"first","12":"instock","13":"shipping-taxable","14":"purchasable","15":"product-type-simple"},"acf":[],"yoast_head":"<!-- This site is optimized with the Yoast SEO plugin v27.3 - https:\/\/yoast.com\/product\/yoast-seo-wordpress\/ -->\n<title>Fenstermotor mit Mechanik Alfa 156 vorne links - Turijnmagazijn<\/title>\n<meta name=\"robots\" content=\"index, follow, max-snippet:-1, max-image-preview:large, max-video-preview:-1\" \/>\n<link rel=\"canonical\" href=\"https:\/\/turijnmagazijn.nl\/de\/produkt\/fenstermotor-mit-mechanismus-alpha-156-vorne-links-2\/\" \/>\n<meta property=\"og:locale\" content=\"de_DE\" \/>\n<meta property=\"og:type\" content=\"article\" \/>\n<meta property=\"og:title\" content=\"Fenstermotor mit Mechanik Alfa 156 vorne links - Turijnmagazijn\" \/>\n<meta property=\"og:description\" content=\"Fenstermotor mit Mechanik Alfa 156 - Gebrauchter Fenstermotor mit Mechanismus f\u00fcr Alfa Romeo 156 zum Einbau in die T\u00fcr. Fenstermotor mit Mechanik Alfa 156 vorne links - Gebrauchter Fenstermotor mit Mechanismus f\u00fcr Alfa Romeo 156 zum Einbau in die T\u00fcr.\" \/>\n<meta property=\"og:url\" content=\"https:\/\/turijnmagazijn.nl\/de\/produkt\/fenstermotor-mit-mechanismus-alpha-156-vorne-links-2\/\" \/>\n<meta property=\"og:site_name\" content=\"Turijnmagazijn\" \/>\n<meta property=\"article:publisher\" content=\"https:\/\/www.facebook.com\/turijnmagazijn\" \/>\n<meta property=\"article:modified_time\" content=\"2023-07-26T12:12:27+00:00\" \/>\n<meta property=\"og:image\" content=\"https:\/\/turijnmagazijn.jumpstone-dev.nl\/wp-content\/uploads\/2023\/03\/DK00102023_Raammotor_met_mechanisme_Alfa_156_linksvoor_296.jpg\" \/>\n\t<meta property=\"og:image:width\" content=\"1600\" \/>\n\t<meta property=\"og:image:height\" content=\"1200\" \/>\n\t<meta property=\"og:image:type\" content=\"image\/jpeg\" \/>\n<meta name=\"twitter:card\" content=\"summary_large_image\" \/>\n<script type=\"application\/ld+json\" class=\"yoast-schema-graph\">{\"@context\":\"https:\\\/\\\/schema.org\",\"@graph\":[{\"@type\":\"WebPage\",\"@id\":\"https:\\\/\\\/turijnmagazijn.nl\\\/de\\\/produkt\\\/fenstermotor-mit-mechanismus-alpha-156-vorne-links-2\\\/\",\"url\":\"https:\\\/\\\/turijnmagazijn.nl\\\/de\\\/produkt\\\/fenstermotor-mit-mechanismus-alpha-156-vorne-links-2\\\/\",\"name\":\"Fenstermotor mit Mechanik Alfa 156 vorne links - Turijnmagazijn\",\"isPartOf\":{\"@id\":\"https:\\\/\\\/turijnmagazijn.jumpstone-dev.nl\\\/#website\"},\"primaryImageOfPage\":{\"@id\":\"https:\\\/\\\/turijnmagazijn.nl\\\/de\\\/produkt\\\/fenstermotor-mit-mechanismus-alpha-156-vorne-links-2\\\/#primaryimage\"},\"image\":{\"@id\":\"https:\\\/\\\/turijnmagazijn.nl\\\/de\\\/produkt\\\/fenstermotor-mit-mechanismus-alpha-156-vorne-links-2\\\/#primaryimage\"},\"thumbnailUrl\":\"https:\\\/\\\/turijnmagazijn.nl\\\/wp-content\\\/uploads\\\/2023\\\/03\\\/DK00102023_Raammotor_met_mechanisme_Alfa_156_linksvoor_296.jpg\",\"datePublished\":\"2023-03-03T08:17:40+00:00\",\"dateModified\":\"2023-07-26T12:12:27+00:00\",\"breadcrumb\":{\"@id\":\"https:\\\/\\\/turijnmagazijn.nl\\\/de\\\/produkt\\\/fenstermotor-mit-mechanismus-alpha-156-vorne-links-2\\\/#breadcrumb\"},\"inLanguage\":\"de\",\"potentialAction\":[{\"@type\":\"ReadAction\",\"target\":[\"https:\\\/\\\/turijnmagazijn.nl\\\/de\\\/produkt\\\/fenstermotor-mit-mechanismus-alpha-156-vorne-links-2\\\/\"]}]},{\"@type\":\"ImageObject\",\"inLanguage\":\"de\",\"@id\":\"https:\\\/\\\/turijnmagazijn.nl\\\/de\\\/produkt\\\/fenstermotor-mit-mechanismus-alpha-156-vorne-links-2\\\/#primaryimage\",\"url\":\"https:\\\/\\\/turijnmagazijn.nl\\\/wp-content\\\/uploads\\\/2023\\\/03\\\/DK00102023_Raammotor_met_mechanisme_Alfa_156_linksvoor_296.jpg\",\"contentUrl\":\"https:\\\/\\\/turijnmagazijn.nl\\\/wp-content\\\/uploads\\\/2023\\\/03\\\/DK00102023_Raammotor_met_mechanisme_Alfa_156_linksvoor_296.jpg\",\"width\":1600,\"height\":1200},{\"@type\":\"BreadcrumbList\",\"@id\":\"https:\\\/\\\/turijnmagazijn.nl\\\/de\\\/produkt\\\/fenstermotor-mit-mechanismus-alpha-156-vorne-links-2\\\/#breadcrumb\",\"itemListElement\":[{\"@type\":\"ListItem\",\"position\":1,\"name\":\"Home\",\"item\":\"https:\\\/\\\/turijnmagazijn.nl\\\/de\\\/\"},{\"@type\":\"ListItem\",\"position\":2,\"name\":\"Produkte\",\"item\":\"https:\\\/\\\/turijnmagazijn.nl\\\/de\\\/shop\\\/\"},{\"@type\":\"ListItem\",\"position\":3,\"name\":\"Fenstermotor mit Mechanik Alfa 156 vorne links\"}]},{\"@type\":\"WebSite\",\"@id\":\"https:\\\/\\\/turijnmagazijn.jumpstone-dev.nl\\\/#website\",\"url\":\"https:\\\/\\\/turijnmagazijn.jumpstone-dev.nl\\\/\",\"name\":\"Turijnmagazijn\",\"description\":\"Onderdelen nieuw en gebruikt - Fiat &amp; Lancia\",\"publisher\":{\"@id\":\"https:\\\/\\\/turijnmagazijn.jumpstone-dev.nl\\\/#organization\"},\"potentialAction\":[{\"@type\":\"SearchAction\",\"target\":{\"@type\":\"EntryPoint\",\"urlTemplate\":\"https:\\\/\\\/turijnmagazijn.jumpstone-dev.nl\\\/?s={search_term_string}\"},\"query-input\":{\"@type\":\"PropertyValueSpecification\",\"valueRequired\":true,\"valueName\":\"search_term_string\"}}],\"inLanguage\":\"de\"},{\"@type\":\"Organization\",\"@id\":\"https:\\\/\\\/turijnmagazijn.jumpstone-dev.nl\\\/#organization\",\"name\":\"Turijnmagazijn\",\"url\":\"https:\\\/\\\/turijnmagazijn.jumpstone-dev.nl\\\/\",\"logo\":{\"@type\":\"ImageObject\",\"inLanguage\":\"de\",\"@id\":\"https:\\\/\\\/turijnmagazijn.jumpstone-dev.nl\\\/#\\\/schema\\\/logo\\\/image\\\/\",\"url\":\"https:\\\/\\\/turijnmagazijn.nl\\\/wp-content\\\/uploads\\\/2021\\\/02\\\/turijnmagazijnlogo.png\",\"contentUrl\":\"https:\\\/\\\/turijnmagazijn.nl\\\/wp-content\\\/uploads\\\/2021\\\/02\\\/turijnmagazijnlogo.png\",\"width\":555,\"height\":270,\"caption\":\"Turijnmagazijn\"},\"image\":{\"@id\":\"https:\\\/\\\/turijnmagazijn.jumpstone-dev.nl\\\/#\\\/schema\\\/logo\\\/image\\\/\"},\"sameAs\":[\"https:\\\/\\\/www.facebook.com\\\/turijnmagazijn\"]}]}<\/script>\n<!-- \/ Yoast SEO plugin. -->","yoast_head_json":{"title":"Fenstermotor mit Mechanik Alfa 156 vorne links - Turijnmagazijn","robots":{"index":"index","follow":"follow","max-snippet":"max-snippet:-1","max-image-preview":"max-image-preview:large","max-video-preview":"max-video-preview:-1"},"canonical":"https:\/\/turijnmagazijn.nl\/de\/produkt\/fenstermotor-mit-mechanismus-alpha-156-vorne-links-2\/","og_locale":"de_DE","og_type":"article","og_title":"Fenstermotor mit Mechanik Alfa 156 vorne links - Turijnmagazijn","og_description":"Fenstermotor mit Mechanik Alfa 156 - Gebrauchter Fenstermotor mit Mechanismus f\u00fcr Alfa Romeo 156 zum Einbau in die T\u00fcr. Fenstermotor mit Mechanik Alfa 156 vorne links - Gebrauchter Fenstermotor mit Mechanismus f\u00fcr Alfa Romeo 156 zum Einbau in die T\u00fcr.","og_url":"https:\/\/turijnmagazijn.nl\/de\/produkt\/fenstermotor-mit-mechanismus-alpha-156-vorne-links-2\/","og_site_name":"Turijnmagazijn","article_publisher":"https:\/\/www.facebook.com\/turijnmagazijn","article_modified_time":"2023-07-26T12:12:27+00:00","og_image":[{"width":1600,"height":1200,"url":"https:\/\/turijnmagazijn.jumpstone-dev.nl\/wp-content\/uploads\/2023\/03\/DK00102023_Raammotor_met_mechanisme_Alfa_156_linksvoor_296.jpg","type":"image\/jpeg"}],"twitter_card":"summary_large_image","schema":{"@context":"https:\/\/schema.org","@graph":[{"@type":"WebPage","@id":"https:\/\/turijnmagazijn.nl\/de\/produkt\/fenstermotor-mit-mechanismus-alpha-156-vorne-links-2\/","url":"https:\/\/turijnmagazijn.nl\/de\/produkt\/fenstermotor-mit-mechanismus-alpha-156-vorne-links-2\/","name":"Fenstermotor mit Mechanik Alfa 156 vorne links - Turijnmagazijn","isPartOf":{"@id":"https:\/\/turijnmagazijn.jumpstone-dev.nl\/#website"},"primaryImageOfPage":{"@id":"https:\/\/turijnmagazijn.nl\/de\/produkt\/fenstermotor-mit-mechanismus-alpha-156-vorne-links-2\/#primaryimage"},"image":{"@id":"https:\/\/turijnmagazijn.nl\/de\/produkt\/fenstermotor-mit-mechanismus-alpha-156-vorne-links-2\/#primaryimage"},"thumbnailUrl":"https:\/\/turijnmagazijn.nl\/wp-content\/uploads\/2023\/03\/DK00102023_Raammotor_met_mechanisme_Alfa_156_linksvoor_296.jpg","datePublished":"2023-03-03T08:17:40+00:00","dateModified":"2023-07-26T12:12:27+00:00","breadcrumb":{"@id":"https:\/\/turijnmagazijn.nl\/de\/produkt\/fenstermotor-mit-mechanismus-alpha-156-vorne-links-2\/#breadcrumb"},"inLanguage":"de","potentialAction":[{"@type":"ReadAction","target":["https:\/\/turijnmagazijn.nl\/de\/produkt\/fenstermotor-mit-mechanismus-alpha-156-vorne-links-2\/"]}]},{"@type":"ImageObject","inLanguage":"de","@id":"https:\/\/turijnmagazijn.nl\/de\/produkt\/fenstermotor-mit-mechanismus-alpha-156-vorne-links-2\/#primaryimage","url":"https:\/\/turijnmagazijn.nl\/wp-content\/uploads\/2023\/03\/DK00102023_Raammotor_met_mechanisme_Alfa_156_linksvoor_296.jpg","contentUrl":"https:\/\/turijnmagazijn.nl\/wp-content\/uploads\/2023\/03\/DK00102023_Raammotor_met_mechanisme_Alfa_156_linksvoor_296.jpg","width":1600,"height":1200},{"@type":"BreadcrumbList","@id":"https:\/\/turijnmagazijn.nl\/de\/produkt\/fenstermotor-mit-mechanismus-alpha-156-vorne-links-2\/#breadcrumb","itemListElement":[{"@type":"ListItem","position":1,"name":"Home","item":"https:\/\/turijnmagazijn.nl\/de\/"},{"@type":"ListItem","position":2,"name":"Produkte","item":"https:\/\/turijnmagazijn.nl\/de\/shop\/"},{"@type":"ListItem","position":3,"name":"Fenstermotor mit Mechanik Alfa 156 vorne links"}]},{"@type":"WebSite","@id":"https:\/\/turijnmagazijn.jumpstone-dev.nl\/#website","url":"https:\/\/turijnmagazijn.jumpstone-dev.nl\/","name":"Turijnmagazijn","description":"Onderdelen nieuw en gebruikt - Fiat &amp; Lancia","publisher":{"@id":"https:\/\/turijnmagazijn.jumpstone-dev.nl\/#organization"},"potentialAction":[{"@type":"SearchAction","target":{"@type":"EntryPoint","urlTemplate":"https:\/\/turijnmagazijn.jumpstone-dev.nl\/?s={search_term_string}"},"query-input":{"@type":"PropertyValueSpecification","valueRequired":true,"valueName":"search_term_string"}}],"inLanguage":"de"},{"@type":"Organization","@id":"https:\/\/turijnmagazijn.jumpstone-dev.nl\/#organization","name":"Turijnmagazijn","url":"https:\/\/turijnmagazijn.jumpstone-dev.nl\/","logo":{"@type":"ImageObject","inLanguage":"de","@id":"https:\/\/turijnmagazijn.jumpstone-dev.nl\/#\/schema\/logo\/image\/","url":"https:\/\/turijnmagazijn.nl\/wp-content\/uploads\/2021\/02\/turijnmagazijnlogo.png","contentUrl":"https:\/\/turijnmagazijn.nl\/wp-content\/uploads\/2021\/02\/turijnmagazijnlogo.png","width":555,"height":270,"caption":"Turijnmagazijn"},"image":{"@id":"https:\/\/turijnmagazijn.jumpstone-dev.nl\/#\/schema\/logo\/image\/"},"sameAs":["https:\/\/www.facebook.com\/turijnmagazijn"]}]}},"_links":{"self":[{"href":"https:\/\/turijnmagazijn.nl\/de\/wp-json\/wp\/v2\/product\/64689","targetHints":{"allow":["GET"]}}],"collection":[{"href":"https:\/\/turijnmagazijn.nl\/de\/wp-json\/wp\/v2\/product"}],"about":[{"href":"https:\/\/turijnmagazijn.nl\/de\/wp-json\/wp\/v2\/types\/product"}],"replies":[{"embeddable":true,"href":"https:\/\/turijnmagazijn.nl\/de\/wp-json\/wp\/v2\/comments?post=64689"}],"wp:featuredmedia":[{"embeddable":true,"href":"https:\/\/turijnmagazijn.nl\/de\/wp-json\/wp\/v2\/media\/45013"}],"wp:attachment":[{"href":"https:\/\/turijnmagazijn.nl\/de\/wp-json\/wp\/v2\/media?parent=64689"}],"wp:term":[{"taxonomy":"product_brand","embeddable":true,"href":"https:\/\/turijnmagazijn.nl\/de\/wp-json\/wp\/v2\/product_brand?post=64689"},{"taxonomy":"product_cat","embeddable":true,"href":"https:\/\/turijnmagazijn.nl\/de\/wp-json\/wp\/v2\/product_cat?post=64689"},{"taxonomy":"product_tag","embeddable":true,"href":"https:\/\/turijnmagazijn.nl\/de\/wp-json\/wp\/v2\/product_tag?post=64689"}],"curies":[{"name":"wp","href":"https:\/\/api.w.org\/{rel}","templated":true}]}}