{"id":64726,"date":"2023-03-03T09:18:01","date_gmt":"2023-03-03T08:18:01","guid":{"rendered":"https:\/\/turijnmagazijn.nl\/product\/instrumententafel-lancia-kappa-2-4-tds-diesel\/"},"modified":"2023-07-26T14:13:59","modified_gmt":"2023-07-26T12:13:59","slug":"instrumententafel-lancia-kappa-2-4-tds-diesel","status":"publish","type":"product","link":"https:\/\/turijnmagazijn.nl\/de\/produkt\/instrumententafel-lancia-kappa-2-4-tds-diesel\/","title":{"rendered":"Instrumententafel Lancia Kappa 2.4 TDS (Diesel)"},"content":{"rendered":"<p>Gebrauchte Instrumententafel f\u00fcr den Einbau in das Armaturenbrett von Veglia Borletti f\u00fcr Lancia Kappa mit 2.4 TDS Dieselmotor. Stammt aus einer Limousine aus dem Jahr 1997, gilt aber f\u00fcr alle Kappa-Modelle, die mit diesem Motor ausgestattet sind. BITTE BEACHTEN SIE, dass der JTD-Diesel eine andere Variante dieser Instrumententafel hat, dieses Produkt ist daf\u00fcr nicht geeignet! Die Thekenbox ist in einem guten Zustand und weist kaum Gebrauchsspuren auf. Ausgestattet mit Kilometerz\u00e4hler bis 220 km\/h, Tankstandsanzeige, K\u00fchlwassertemperaturanzeige, Voltmeter und Tachometer bis 6000 U\/min mit rotem Drehzahlbereich ab 5000 U\/min.<\/p>\n<p>Der Z\u00e4hlerstand dieses Z\u00e4hlerschranks ist ???.???.<\/p>\n<p>Alle Funktionen funktionieren einwandfrei.<\/p>\n<p>OEM Lancia&nbsp;<span style=\"text-align: -webkit-right;\">46460680<\/span><\/p>\n<p><\/p>\n<p><\/p>\n<p><\/p>\n<p>Thekenschrank Lancia Kappa<\/p>\n<div><\/div>\n","protected":false},"excerpt":{"rendered":"<p>Instrumententafel Lancia Kappa 2.4 Turbo DS (Diesel) &#8211; Instrumententafel zur Montage im Armaturenbrett von Veglia Borletti f\u00fcr Lancia Kappa ausgestattet mit2. Instrumententafel Lancia Kappa 2.4 Turbo DS (Diesel) &#8211; Instrumententafel zum Einbau in die Krawatte<\/p>\n","protected":false},"featured_media":89829,"comment_status":"open","ping_status":"closed","template":"","meta":{"_acf_changed":false},"product_brand":[],"product_cat":[1864,1859,1797,1869],"product_tag":[],"class_list":{"0":"post-64726","1":"product","2":"type-product","3":"status-publish","4":"has-post-thumbnail","6":"product_cat-berlina-de","7":"product_cat-kappa-838-de","8":"product_cat-lancia-de","9":"product_cat-sw-de","10":"pa_soort-onderdeel-dashboard-und-schalter","12":"first","13":"instock","14":"shipping-taxable","15":"purchasable","16":"product-type-simple"},"acf":[],"yoast_head":"<!-- This site is optimized with the Yoast SEO plugin v27.2 - https:\/\/yoast.com\/product\/yoast-seo-wordpress\/ -->\n<title>Instrumententafel Lancia Kappa 2.4 TDS (Diesel) - Turijnmagazijn<\/title>\n<meta name=\"robots\" content=\"index, follow, max-snippet:-1, max-image-preview:large, max-video-preview:-1\" \/>\n<link rel=\"canonical\" href=\"https:\/\/turijnmagazijn.nl\/de\/produkt\/instrumententafel-lancia-kappa-2-4-tds-diesel\/\" \/>\n<meta property=\"og:locale\" content=\"de_DE\" \/>\n<meta property=\"og:type\" content=\"article\" \/>\n<meta property=\"og:title\" content=\"Instrumententafel Lancia Kappa 2.4 TDS (Diesel) - Turijnmagazijn\" \/>\n<meta property=\"og:description\" content=\"Instrumententafel Lancia Kappa 2.4 Turbo DS (Diesel) - Instrumententafel zur Montage im Armaturenbrett von Veglia Borletti f\u00fcr Lancia Kappa ausgestattet mit2. Instrumententafel Lancia Kappa 2.4 Turbo DS (Diesel) - Instrumententafel zum Einbau in die Krawatte\" \/>\n<meta property=\"og:url\" content=\"https:\/\/turijnmagazijn.nl\/de\/produkt\/instrumententafel-lancia-kappa-2-4-tds-diesel\/\" \/>\n<meta property=\"og:site_name\" content=\"Turijnmagazijn\" \/>\n<meta property=\"article:publisher\" content=\"https:\/\/www.facebook.com\/turijnmagazijn\" \/>\n<meta property=\"article:modified_time\" content=\"2023-07-26T12:13:59+00:00\" \/>\n<meta property=\"og:image\" content=\"https:\/\/turijnmagazijn.nl\/wp-content\/uploads\/2023\/03\/DK0102758-Instrumentenpaneel-Lancia-Kappa-2.4-TDS-diesel-46460680-2.jpg\" \/>\n\t<meta property=\"og:image:width\" content=\"1440\" \/>\n\t<meta property=\"og:image:height\" content=\"1080\" \/>\n\t<meta property=\"og:image:type\" content=\"image\/jpeg\" \/>\n<meta name=\"twitter:card\" content=\"summary_large_image\" \/>\n<meta name=\"twitter:label1\" content=\"Gesch\u00e4tzte Lesezeit\" \/>\n\t<meta name=\"twitter:data1\" content=\"1\u00a0Minute\" \/>\n<script type=\"application\/ld+json\" class=\"yoast-schema-graph\">{\"@context\":\"https:\/\/schema.org\",\"@graph\":[{\"@type\":\"WebPage\",\"@id\":\"https:\/\/turijnmagazijn.nl\/de\/produkt\/instrumententafel-lancia-kappa-2-4-tds-diesel\/\",\"url\":\"https:\/\/turijnmagazijn.nl\/de\/produkt\/instrumententafel-lancia-kappa-2-4-tds-diesel\/\",\"name\":\"Instrumententafel Lancia Kappa 2.4 TDS (Diesel) - Turijnmagazijn\",\"isPartOf\":{\"@id\":\"https:\/\/turijnmagazijn.jumpstone-dev.nl\/#website\"},\"primaryImageOfPage\":{\"@id\":\"https:\/\/turijnmagazijn.nl\/de\/produkt\/instrumententafel-lancia-kappa-2-4-tds-diesel\/#primaryimage\"},\"image\":{\"@id\":\"https:\/\/turijnmagazijn.nl\/de\/produkt\/instrumententafel-lancia-kappa-2-4-tds-diesel\/#primaryimage\"},\"thumbnailUrl\":\"https:\/\/turijnmagazijn.nl\/wp-content\/uploads\/2023\/03\/DK0102758-Instrumentenpaneel-Lancia-Kappa-2.4-TDS-diesel-46460680-2.jpg\",\"datePublished\":\"2023-03-03T08:18:01+00:00\",\"dateModified\":\"2023-07-26T12:13:59+00:00\",\"breadcrumb\":{\"@id\":\"https:\/\/turijnmagazijn.nl\/de\/produkt\/instrumententafel-lancia-kappa-2-4-tds-diesel\/#breadcrumb\"},\"inLanguage\":\"de\",\"potentialAction\":[{\"@type\":\"ReadAction\",\"target\":[\"https:\/\/turijnmagazijn.nl\/de\/produkt\/instrumententafel-lancia-kappa-2-4-tds-diesel\/\"]}]},{\"@type\":\"ImageObject\",\"inLanguage\":\"de\",\"@id\":\"https:\/\/turijnmagazijn.nl\/de\/produkt\/instrumententafel-lancia-kappa-2-4-tds-diesel\/#primaryimage\",\"url\":\"https:\/\/turijnmagazijn.nl\/wp-content\/uploads\/2023\/03\/DK0102758-Instrumentenpaneel-Lancia-Kappa-2.4-TDS-diesel-46460680-2.jpg\",\"contentUrl\":\"https:\/\/turijnmagazijn.nl\/wp-content\/uploads\/2023\/03\/DK0102758-Instrumentenpaneel-Lancia-Kappa-2.4-TDS-diesel-46460680-2.jpg\",\"width\":1440,\"height\":1080},{\"@type\":\"BreadcrumbList\",\"@id\":\"https:\/\/turijnmagazijn.nl\/de\/produkt\/instrumententafel-lancia-kappa-2-4-tds-diesel\/#breadcrumb\",\"itemListElement\":[{\"@type\":\"ListItem\",\"position\":1,\"name\":\"Home\",\"item\":\"https:\/\/turijnmagazijn.nl\/de\/\"},{\"@type\":\"ListItem\",\"position\":2,\"name\":\"Produkte\",\"item\":\"https:\/\/turijnmagazijn.nl\/de\/shop\/\"},{\"@type\":\"ListItem\",\"position\":3,\"name\":\"Instrumententafel Lancia Kappa 2.4 TDS (Diesel)\"}]},{\"@type\":\"WebSite\",\"@id\":\"https:\/\/turijnmagazijn.jumpstone-dev.nl\/#website\",\"url\":\"https:\/\/turijnmagazijn.jumpstone-dev.nl\/\",\"name\":\"Turijnmagazijn\",\"description\":\"Onderdelen nieuw en gebruikt - Fiat &amp; Lancia\",\"publisher\":{\"@id\":\"https:\/\/turijnmagazijn.jumpstone-dev.nl\/#organization\"},\"potentialAction\":[{\"@type\":\"SearchAction\",\"target\":{\"@type\":\"EntryPoint\",\"urlTemplate\":\"https:\/\/turijnmagazijn.jumpstone-dev.nl\/?s={search_term_string}\"},\"query-input\":{\"@type\":\"PropertyValueSpecification\",\"valueRequired\":true,\"valueName\":\"search_term_string\"}}],\"inLanguage\":\"de\"},{\"@type\":\"Organization\",\"@id\":\"https:\/\/turijnmagazijn.jumpstone-dev.nl\/#organization\",\"name\":\"Turijnmagazijn\",\"url\":\"https:\/\/turijnmagazijn.jumpstone-dev.nl\/\",\"logo\":{\"@type\":\"ImageObject\",\"inLanguage\":\"de\",\"@id\":\"https:\/\/turijnmagazijn.jumpstone-dev.nl\/#\/schema\/logo\/image\/\",\"url\":\"https:\/\/turijnmagazijn.nl\/wp-content\/uploads\/2021\/02\/turijnmagazijnlogo.png\",\"contentUrl\":\"https:\/\/turijnmagazijn.nl\/wp-content\/uploads\/2021\/02\/turijnmagazijnlogo.png\",\"width\":555,\"height\":270,\"caption\":\"Turijnmagazijn\"},\"image\":{\"@id\":\"https:\/\/turijnmagazijn.jumpstone-dev.nl\/#\/schema\/logo\/image\/\"},\"sameAs\":[\"https:\/\/www.facebook.com\/turijnmagazijn\"]}]}<\/script>\n<!-- \/ Yoast SEO plugin. -->","yoast_head_json":{"title":"Instrumententafel Lancia Kappa 2.4 TDS (Diesel) - Turijnmagazijn","robots":{"index":"index","follow":"follow","max-snippet":"max-snippet:-1","max-image-preview":"max-image-preview:large","max-video-preview":"max-video-preview:-1"},"canonical":"https:\/\/turijnmagazijn.nl\/de\/produkt\/instrumententafel-lancia-kappa-2-4-tds-diesel\/","og_locale":"de_DE","og_type":"article","og_title":"Instrumententafel Lancia Kappa 2.4 TDS (Diesel) - Turijnmagazijn","og_description":"Instrumententafel Lancia Kappa 2.4 Turbo DS (Diesel) - Instrumententafel zur Montage im Armaturenbrett von Veglia Borletti f\u00fcr Lancia Kappa ausgestattet mit2. Instrumententafel Lancia Kappa 2.4 Turbo DS (Diesel) - Instrumententafel zum Einbau in die Krawatte","og_url":"https:\/\/turijnmagazijn.nl\/de\/produkt\/instrumententafel-lancia-kappa-2-4-tds-diesel\/","og_site_name":"Turijnmagazijn","article_publisher":"https:\/\/www.facebook.com\/turijnmagazijn","article_modified_time":"2023-07-26T12:13:59+00:00","og_image":[{"width":1440,"height":1080,"url":"https:\/\/turijnmagazijn.nl\/wp-content\/uploads\/2023\/03\/DK0102758-Instrumentenpaneel-Lancia-Kappa-2.4-TDS-diesel-46460680-2.jpg","type":"image\/jpeg"}],"twitter_card":"summary_large_image","twitter_misc":{"Gesch\u00e4tzte Lesezeit":"1\u00a0Minute"},"schema":{"@context":"https:\/\/schema.org","@graph":[{"@type":"WebPage","@id":"https:\/\/turijnmagazijn.nl\/de\/produkt\/instrumententafel-lancia-kappa-2-4-tds-diesel\/","url":"https:\/\/turijnmagazijn.nl\/de\/produkt\/instrumententafel-lancia-kappa-2-4-tds-diesel\/","name":"Instrumententafel Lancia Kappa 2.4 TDS (Diesel) - Turijnmagazijn","isPartOf":{"@id":"https:\/\/turijnmagazijn.jumpstone-dev.nl\/#website"},"primaryImageOfPage":{"@id":"https:\/\/turijnmagazijn.nl\/de\/produkt\/instrumententafel-lancia-kappa-2-4-tds-diesel\/#primaryimage"},"image":{"@id":"https:\/\/turijnmagazijn.nl\/de\/produkt\/instrumententafel-lancia-kappa-2-4-tds-diesel\/#primaryimage"},"thumbnailUrl":"https:\/\/turijnmagazijn.nl\/wp-content\/uploads\/2023\/03\/DK0102758-Instrumentenpaneel-Lancia-Kappa-2.4-TDS-diesel-46460680-2.jpg","datePublished":"2023-03-03T08:18:01+00:00","dateModified":"2023-07-26T12:13:59+00:00","breadcrumb":{"@id":"https:\/\/turijnmagazijn.nl\/de\/produkt\/instrumententafel-lancia-kappa-2-4-tds-diesel\/#breadcrumb"},"inLanguage":"de","potentialAction":[{"@type":"ReadAction","target":["https:\/\/turijnmagazijn.nl\/de\/produkt\/instrumententafel-lancia-kappa-2-4-tds-diesel\/"]}]},{"@type":"ImageObject","inLanguage":"de","@id":"https:\/\/turijnmagazijn.nl\/de\/produkt\/instrumententafel-lancia-kappa-2-4-tds-diesel\/#primaryimage","url":"https:\/\/turijnmagazijn.nl\/wp-content\/uploads\/2023\/03\/DK0102758-Instrumentenpaneel-Lancia-Kappa-2.4-TDS-diesel-46460680-2.jpg","contentUrl":"https:\/\/turijnmagazijn.nl\/wp-content\/uploads\/2023\/03\/DK0102758-Instrumentenpaneel-Lancia-Kappa-2.4-TDS-diesel-46460680-2.jpg","width":1440,"height":1080},{"@type":"BreadcrumbList","@id":"https:\/\/turijnmagazijn.nl\/de\/produkt\/instrumententafel-lancia-kappa-2-4-tds-diesel\/#breadcrumb","itemListElement":[{"@type":"ListItem","position":1,"name":"Home","item":"https:\/\/turijnmagazijn.nl\/de\/"},{"@type":"ListItem","position":2,"name":"Produkte","item":"https:\/\/turijnmagazijn.nl\/de\/shop\/"},{"@type":"ListItem","position":3,"name":"Instrumententafel Lancia Kappa 2.4 TDS (Diesel)"}]},{"@type":"WebSite","@id":"https:\/\/turijnmagazijn.jumpstone-dev.nl\/#website","url":"https:\/\/turijnmagazijn.jumpstone-dev.nl\/","name":"Turijnmagazijn","description":"Onderdelen nieuw en gebruikt - Fiat &amp; Lancia","publisher":{"@id":"https:\/\/turijnmagazijn.jumpstone-dev.nl\/#organization"},"potentialAction":[{"@type":"SearchAction","target":{"@type":"EntryPoint","urlTemplate":"https:\/\/turijnmagazijn.jumpstone-dev.nl\/?s={search_term_string}"},"query-input":{"@type":"PropertyValueSpecification","valueRequired":true,"valueName":"search_term_string"}}],"inLanguage":"de"},{"@type":"Organization","@id":"https:\/\/turijnmagazijn.jumpstone-dev.nl\/#organization","name":"Turijnmagazijn","url":"https:\/\/turijnmagazijn.jumpstone-dev.nl\/","logo":{"@type":"ImageObject","inLanguage":"de","@id":"https:\/\/turijnmagazijn.jumpstone-dev.nl\/#\/schema\/logo\/image\/","url":"https:\/\/turijnmagazijn.nl\/wp-content\/uploads\/2021\/02\/turijnmagazijnlogo.png","contentUrl":"https:\/\/turijnmagazijn.nl\/wp-content\/uploads\/2021\/02\/turijnmagazijnlogo.png","width":555,"height":270,"caption":"Turijnmagazijn"},"image":{"@id":"https:\/\/turijnmagazijn.jumpstone-dev.nl\/#\/schema\/logo\/image\/"},"sameAs":["https:\/\/www.facebook.com\/turijnmagazijn"]}]}},"_links":{"self":[{"href":"https:\/\/turijnmagazijn.nl\/de\/wp-json\/wp\/v2\/product\/64726","targetHints":{"allow":["GET"]}}],"collection":[{"href":"https:\/\/turijnmagazijn.nl\/de\/wp-json\/wp\/v2\/product"}],"about":[{"href":"https:\/\/turijnmagazijn.nl\/de\/wp-json\/wp\/v2\/types\/product"}],"replies":[{"embeddable":true,"href":"https:\/\/turijnmagazijn.nl\/de\/wp-json\/wp\/v2\/comments?post=64726"}],"wp:featuredmedia":[{"embeddable":true,"href":"https:\/\/turijnmagazijn.nl\/de\/wp-json\/wp\/v2\/media\/89829"}],"wp:attachment":[{"href":"https:\/\/turijnmagazijn.nl\/de\/wp-json\/wp\/v2\/media?parent=64726"}],"wp:term":[{"taxonomy":"product_brand","embeddable":true,"href":"https:\/\/turijnmagazijn.nl\/de\/wp-json\/wp\/v2\/product_brand?post=64726"},{"taxonomy":"product_cat","embeddable":true,"href":"https:\/\/turijnmagazijn.nl\/de\/wp-json\/wp\/v2\/product_cat?post=64726"},{"taxonomy":"product_tag","embeddable":true,"href":"https:\/\/turijnmagazijn.nl\/de\/wp-json\/wp\/v2\/product_tag?post=64726"}],"curies":[{"name":"wp","href":"https:\/\/api.w.org\/{rel}","templated":true}]}}