{"id":64745,"date":"2023-03-03T09:18:02","date_gmt":"2023-03-03T08:18:02","guid":{"rendered":"https:\/\/turijnmagazijn.nl\/product\/nebelscheinwerfer-links-lancia-delta-ii-1-serie\/"},"modified":"2023-07-26T14:13:59","modified_gmt":"2023-07-26T12:13:59","slug":"nebelscheinwerfer-links-lancia-delta-ii-1e-serie","status":"publish","type":"product","link":"https:\/\/turijnmagazijn.nl\/de\/produkt\/nebelscheinwerfer-links-lancia-delta-ii-1e-serie\/","title":{"rendered":"Nebelscheinwerfer Links Lancia Delta II 1. Serie"},"content":{"rendered":"<p>Gebrauchter Nebelscheinwerfer zur Montage in der linken vorderen Sto\u00dfstange f\u00fcr den Lancia Delta II, Baujahr 1993 \u2013 1999. Betrifft die l\u00e4nglichen Nebelscheinwerfer f\u00fcr die erste Serie von vorderen Sto\u00dff\u00e4ngern, besonders h\u00e4ufig bei den LS-Modellen. Der Nebelscheinwerfer ist in einem sehr gepflegten Zustand. Der Reflektor ist klar und der zerkleinerte Stein auf dem Glas ist leicht vorhanden.<\/p>\n<p>Marke Carello Lancia.<\/p>\n<p>H\u00e4tten Sie lieber eine neue Einheit? Sie sind ebenfalls f\u00fcr rund 80 Euro zu haben. Senden Sie eine E-Mail, um \u00fcber die aktuelle Verf\u00fcgbarkeit und den Preis informiert zu werden.<\/p>\n<p>&nbsp;OEM-82489684<\/p>\n","protected":false},"excerpt":{"rendered":"<p>Nebelscheinwerfer links Lancia Delta II 1. Serie &#8211; Gebrauchter Nebelscheinwerfer f\u00fcr den Einbau in die vordere Sto\u00dfstange links f\u00fcr Lancia Delta II, Baujahre zwischen 1993 und 1999.<\/p>\n","protected":false},"featured_media":45305,"comment_status":"open","ping_status":"closed","template":"","meta":{"_acf_changed":false},"product_brand":[],"product_cat":[1844,1797],"product_tag":[],"class_list":{"0":"post-64745","1":"product","2":"type-product","3":"status-publish","4":"has-post-thumbnail","6":"product_cat-delta-2-836-de","7":"product_cat-lancia-de","8":"pa_soort-onderdeel-beleuchtung","9":"pa_soort-onderdeel-karosserie-und-blech","11":"first","12":"instock","13":"shipping-taxable","14":"purchasable","15":"product-type-simple"},"acf":[],"yoast_head":"<!-- This site is optimized with the Yoast SEO plugin v27.2 - https:\/\/yoast.com\/product\/yoast-seo-wordpress\/ -->\n<title>Nebelscheinwerfer Links Lancia Delta II 1. Serie - Turijnmagazijn<\/title>\n<meta name=\"robots\" content=\"index, follow, max-snippet:-1, max-image-preview:large, max-video-preview:-1\" \/>\n<link rel=\"canonical\" href=\"https:\/\/turijnmagazijn.nl\/de\/produkt\/nebelscheinwerfer-links-lancia-delta-ii-1e-serie\/\" \/>\n<meta property=\"og:locale\" content=\"de_DE\" \/>\n<meta property=\"og:type\" content=\"article\" \/>\n<meta property=\"og:title\" content=\"Nebelscheinwerfer Links Lancia Delta II 1. Serie - Turijnmagazijn\" \/>\n<meta property=\"og:description\" content=\"Nebelscheinwerfer links Lancia Delta II 1. Serie - Gebrauchter Nebelscheinwerfer f\u00fcr den Einbau in die vordere Sto\u00dfstange links f\u00fcr Lancia Delta II, Baujahre zwischen 1993 und 1999.\" \/>\n<meta property=\"og:url\" content=\"https:\/\/turijnmagazijn.nl\/de\/produkt\/nebelscheinwerfer-links-lancia-delta-ii-1e-serie\/\" \/>\n<meta property=\"og:site_name\" content=\"Turijnmagazijn\" \/>\n<meta property=\"article:publisher\" content=\"https:\/\/www.facebook.com\/turijnmagazijn\" \/>\n<meta property=\"article:modified_time\" content=\"2023-07-26T12:13:59+00:00\" \/>\n<meta property=\"og:image\" content=\"https:\/\/turijnmagazijn.jumpstone-dev.nl\/wp-content\/uploads\/2023\/03\/DK00102054-Mistlamp-Links-Lancia-Delta-II-1e-serie-3-1.jpg\" \/>\n\t<meta property=\"og:image:width\" content=\"1024\" \/>\n\t<meta property=\"og:image:height\" content=\"768\" \/>\n\t<meta property=\"og:image:type\" content=\"image\/jpeg\" \/>\n<meta name=\"twitter:card\" content=\"summary_large_image\" \/>\n<script type=\"application\/ld+json\" class=\"yoast-schema-graph\">{\"@context\":\"https:\/\/schema.org\",\"@graph\":[{\"@type\":\"WebPage\",\"@id\":\"https:\/\/turijnmagazijn.nl\/de\/produkt\/nebelscheinwerfer-links-lancia-delta-ii-1e-serie\/\",\"url\":\"https:\/\/turijnmagazijn.nl\/de\/produkt\/nebelscheinwerfer-links-lancia-delta-ii-1e-serie\/\",\"name\":\"Nebelscheinwerfer Links Lancia Delta II 1. Serie - Turijnmagazijn\",\"isPartOf\":{\"@id\":\"https:\/\/turijnmagazijn.jumpstone-dev.nl\/#website\"},\"primaryImageOfPage\":{\"@id\":\"https:\/\/turijnmagazijn.nl\/de\/produkt\/nebelscheinwerfer-links-lancia-delta-ii-1e-serie\/#primaryimage\"},\"image\":{\"@id\":\"https:\/\/turijnmagazijn.nl\/de\/produkt\/nebelscheinwerfer-links-lancia-delta-ii-1e-serie\/#primaryimage\"},\"thumbnailUrl\":\"https:\/\/turijnmagazijn.nl\/wp-content\/uploads\/2023\/03\/DK00102054-Mistlamp-Links-Lancia-Delta-II-1e-serie-3-1.jpg\",\"datePublished\":\"2023-03-03T08:18:02+00:00\",\"dateModified\":\"2023-07-26T12:13:59+00:00\",\"breadcrumb\":{\"@id\":\"https:\/\/turijnmagazijn.nl\/de\/produkt\/nebelscheinwerfer-links-lancia-delta-ii-1e-serie\/#breadcrumb\"},\"inLanguage\":\"de\",\"potentialAction\":[{\"@type\":\"ReadAction\",\"target\":[\"https:\/\/turijnmagazijn.nl\/de\/produkt\/nebelscheinwerfer-links-lancia-delta-ii-1e-serie\/\"]}]},{\"@type\":\"ImageObject\",\"inLanguage\":\"de\",\"@id\":\"https:\/\/turijnmagazijn.nl\/de\/produkt\/nebelscheinwerfer-links-lancia-delta-ii-1e-serie\/#primaryimage\",\"url\":\"https:\/\/turijnmagazijn.nl\/wp-content\/uploads\/2023\/03\/DK00102054-Mistlamp-Links-Lancia-Delta-II-1e-serie-3-1.jpg\",\"contentUrl\":\"https:\/\/turijnmagazijn.nl\/wp-content\/uploads\/2023\/03\/DK00102054-Mistlamp-Links-Lancia-Delta-II-1e-serie-3-1.jpg\",\"width\":1024,\"height\":768},{\"@type\":\"BreadcrumbList\",\"@id\":\"https:\/\/turijnmagazijn.nl\/de\/produkt\/nebelscheinwerfer-links-lancia-delta-ii-1e-serie\/#breadcrumb\",\"itemListElement\":[{\"@type\":\"ListItem\",\"position\":1,\"name\":\"Home\",\"item\":\"https:\/\/turijnmagazijn.jumpstone-dev.nl\/\"},{\"@type\":\"ListItem\",\"position\":2,\"name\":\"Produkte\",\"item\":\"https:\/\/turijnmagazijn.nl\/de\/shop\/\"},{\"@type\":\"ListItem\",\"position\":3,\"name\":\"Nebelscheinwerfer Links Lancia Delta II 1. Serie\"}]},{\"@type\":\"WebSite\",\"@id\":\"https:\/\/turijnmagazijn.jumpstone-dev.nl\/#website\",\"url\":\"https:\/\/turijnmagazijn.jumpstone-dev.nl\/\",\"name\":\"Turijnmagazijn\",\"description\":\"Onderdelen nieuw en gebruikt - Fiat &amp; Lancia\",\"publisher\":{\"@id\":\"https:\/\/turijnmagazijn.jumpstone-dev.nl\/#organization\"},\"potentialAction\":[{\"@type\":\"SearchAction\",\"target\":{\"@type\":\"EntryPoint\",\"urlTemplate\":\"https:\/\/turijnmagazijn.jumpstone-dev.nl\/?s={search_term_string}\"},\"query-input\":{\"@type\":\"PropertyValueSpecification\",\"valueRequired\":true,\"valueName\":\"search_term_string\"}}],\"inLanguage\":\"de\"},{\"@type\":\"Organization\",\"@id\":\"https:\/\/turijnmagazijn.jumpstone-dev.nl\/#organization\",\"name\":\"Turijnmagazijn\",\"url\":\"https:\/\/turijnmagazijn.jumpstone-dev.nl\/\",\"logo\":{\"@type\":\"ImageObject\",\"inLanguage\":\"de\",\"@id\":\"https:\/\/turijnmagazijn.jumpstone-dev.nl\/#\/schema\/logo\/image\/\",\"url\":\"https:\/\/turijnmagazijn.nl\/wp-content\/uploads\/2021\/02\/turijnmagazijnlogo.png\",\"contentUrl\":\"https:\/\/turijnmagazijn.nl\/wp-content\/uploads\/2021\/02\/turijnmagazijnlogo.png\",\"width\":555,\"height\":270,\"caption\":\"Turijnmagazijn\"},\"image\":{\"@id\":\"https:\/\/turijnmagazijn.jumpstone-dev.nl\/#\/schema\/logo\/image\/\"},\"sameAs\":[\"https:\/\/www.facebook.com\/turijnmagazijn\"]}]}<\/script>\n<!-- \/ Yoast SEO plugin. -->","yoast_head_json":{"title":"Nebelscheinwerfer Links Lancia Delta II 1. Serie - Turijnmagazijn","robots":{"index":"index","follow":"follow","max-snippet":"max-snippet:-1","max-image-preview":"max-image-preview:large","max-video-preview":"max-video-preview:-1"},"canonical":"https:\/\/turijnmagazijn.nl\/de\/produkt\/nebelscheinwerfer-links-lancia-delta-ii-1e-serie\/","og_locale":"de_DE","og_type":"article","og_title":"Nebelscheinwerfer Links Lancia Delta II 1. Serie - Turijnmagazijn","og_description":"Nebelscheinwerfer links Lancia Delta II 1. Serie - Gebrauchter Nebelscheinwerfer f\u00fcr den Einbau in die vordere Sto\u00dfstange links f\u00fcr Lancia Delta II, Baujahre zwischen 1993 und 1999.","og_url":"https:\/\/turijnmagazijn.nl\/de\/produkt\/nebelscheinwerfer-links-lancia-delta-ii-1e-serie\/","og_site_name":"Turijnmagazijn","article_publisher":"https:\/\/www.facebook.com\/turijnmagazijn","article_modified_time":"2023-07-26T12:13:59+00:00","og_image":[{"width":1024,"height":768,"url":"https:\/\/turijnmagazijn.jumpstone-dev.nl\/wp-content\/uploads\/2023\/03\/DK00102054-Mistlamp-Links-Lancia-Delta-II-1e-serie-3-1.jpg","type":"image\/jpeg"}],"twitter_card":"summary_large_image","schema":{"@context":"https:\/\/schema.org","@graph":[{"@type":"WebPage","@id":"https:\/\/turijnmagazijn.nl\/de\/produkt\/nebelscheinwerfer-links-lancia-delta-ii-1e-serie\/","url":"https:\/\/turijnmagazijn.nl\/de\/produkt\/nebelscheinwerfer-links-lancia-delta-ii-1e-serie\/","name":"Nebelscheinwerfer Links Lancia Delta II 1. Serie - Turijnmagazijn","isPartOf":{"@id":"https:\/\/turijnmagazijn.jumpstone-dev.nl\/#website"},"primaryImageOfPage":{"@id":"https:\/\/turijnmagazijn.nl\/de\/produkt\/nebelscheinwerfer-links-lancia-delta-ii-1e-serie\/#primaryimage"},"image":{"@id":"https:\/\/turijnmagazijn.nl\/de\/produkt\/nebelscheinwerfer-links-lancia-delta-ii-1e-serie\/#primaryimage"},"thumbnailUrl":"https:\/\/turijnmagazijn.nl\/wp-content\/uploads\/2023\/03\/DK00102054-Mistlamp-Links-Lancia-Delta-II-1e-serie-3-1.jpg","datePublished":"2023-03-03T08:18:02+00:00","dateModified":"2023-07-26T12:13:59+00:00","breadcrumb":{"@id":"https:\/\/turijnmagazijn.nl\/de\/produkt\/nebelscheinwerfer-links-lancia-delta-ii-1e-serie\/#breadcrumb"},"inLanguage":"de","potentialAction":[{"@type":"ReadAction","target":["https:\/\/turijnmagazijn.nl\/de\/produkt\/nebelscheinwerfer-links-lancia-delta-ii-1e-serie\/"]}]},{"@type":"ImageObject","inLanguage":"de","@id":"https:\/\/turijnmagazijn.nl\/de\/produkt\/nebelscheinwerfer-links-lancia-delta-ii-1e-serie\/#primaryimage","url":"https:\/\/turijnmagazijn.nl\/wp-content\/uploads\/2023\/03\/DK00102054-Mistlamp-Links-Lancia-Delta-II-1e-serie-3-1.jpg","contentUrl":"https:\/\/turijnmagazijn.nl\/wp-content\/uploads\/2023\/03\/DK00102054-Mistlamp-Links-Lancia-Delta-II-1e-serie-3-1.jpg","width":1024,"height":768},{"@type":"BreadcrumbList","@id":"https:\/\/turijnmagazijn.nl\/de\/produkt\/nebelscheinwerfer-links-lancia-delta-ii-1e-serie\/#breadcrumb","itemListElement":[{"@type":"ListItem","position":1,"name":"Home","item":"https:\/\/turijnmagazijn.jumpstone-dev.nl\/"},{"@type":"ListItem","position":2,"name":"Produkte","item":"https:\/\/turijnmagazijn.nl\/de\/shop\/"},{"@type":"ListItem","position":3,"name":"Nebelscheinwerfer Links Lancia Delta II 1. Serie"}]},{"@type":"WebSite","@id":"https:\/\/turijnmagazijn.jumpstone-dev.nl\/#website","url":"https:\/\/turijnmagazijn.jumpstone-dev.nl\/","name":"Turijnmagazijn","description":"Onderdelen nieuw en gebruikt - Fiat &amp; Lancia","publisher":{"@id":"https:\/\/turijnmagazijn.jumpstone-dev.nl\/#organization"},"potentialAction":[{"@type":"SearchAction","target":{"@type":"EntryPoint","urlTemplate":"https:\/\/turijnmagazijn.jumpstone-dev.nl\/?s={search_term_string}"},"query-input":{"@type":"PropertyValueSpecification","valueRequired":true,"valueName":"search_term_string"}}],"inLanguage":"de"},{"@type":"Organization","@id":"https:\/\/turijnmagazijn.jumpstone-dev.nl\/#organization","name":"Turijnmagazijn","url":"https:\/\/turijnmagazijn.jumpstone-dev.nl\/","logo":{"@type":"ImageObject","inLanguage":"de","@id":"https:\/\/turijnmagazijn.jumpstone-dev.nl\/#\/schema\/logo\/image\/","url":"https:\/\/turijnmagazijn.nl\/wp-content\/uploads\/2021\/02\/turijnmagazijnlogo.png","contentUrl":"https:\/\/turijnmagazijn.nl\/wp-content\/uploads\/2021\/02\/turijnmagazijnlogo.png","width":555,"height":270,"caption":"Turijnmagazijn"},"image":{"@id":"https:\/\/turijnmagazijn.jumpstone-dev.nl\/#\/schema\/logo\/image\/"},"sameAs":["https:\/\/www.facebook.com\/turijnmagazijn"]}]}},"_links":{"self":[{"href":"https:\/\/turijnmagazijn.nl\/de\/wp-json\/wp\/v2\/product\/64745","targetHints":{"allow":["GET"]}}],"collection":[{"href":"https:\/\/turijnmagazijn.nl\/de\/wp-json\/wp\/v2\/product"}],"about":[{"href":"https:\/\/turijnmagazijn.nl\/de\/wp-json\/wp\/v2\/types\/product"}],"replies":[{"embeddable":true,"href":"https:\/\/turijnmagazijn.nl\/de\/wp-json\/wp\/v2\/comments?post=64745"}],"wp:featuredmedia":[{"embeddable":true,"href":"https:\/\/turijnmagazijn.nl\/de\/wp-json\/wp\/v2\/media\/45305"}],"wp:attachment":[{"href":"https:\/\/turijnmagazijn.nl\/de\/wp-json\/wp\/v2\/media?parent=64745"}],"wp:term":[{"taxonomy":"product_brand","embeddable":true,"href":"https:\/\/turijnmagazijn.nl\/de\/wp-json\/wp\/v2\/product_brand?post=64745"},{"taxonomy":"product_cat","embeddable":true,"href":"https:\/\/turijnmagazijn.nl\/de\/wp-json\/wp\/v2\/product_cat?post=64745"},{"taxonomy":"product_tag","embeddable":true,"href":"https:\/\/turijnmagazijn.nl\/de\/wp-json\/wp\/v2\/product_tag?post=64745"}],"curies":[{"name":"wp","href":"https:\/\/api.w.org\/{rel}","templated":true}]}}