{"id":64757,"date":"2023-03-03T09:18:01","date_gmt":"2023-03-03T08:18:01","guid":{"rendered":"https:\/\/turijnmagazijn.nl\/product\/instrumententafel-lancia-kappa-2-0-20v\/"},"modified":"2023-07-26T14:13:02","modified_gmt":"2023-07-26T12:13:02","slug":"instrumententafel-lancia-kappa-2-0-20v","status":"publish","type":"product","link":"https:\/\/turijnmagazijn.nl\/de\/produkt\/instrumententafel-lancia-kappa-2-0-20v\/","title":{"rendered":"Instrumententafel Lancia Kappa 2.0 20V"},"content":{"rendered":"<p>Gebrauchte Instrumententafel f\u00fcr den Einbau in das Armaturenbrett von Veglia Borletti f\u00fcr Lancia Kappa mit 2.0 20V Benzinmotor. Stammt aus einer Limousine aus dem Jahr 1996, gilt aber f\u00fcr alle Kappa-Modelle, die mit diesem Motor ausgestattet sind. Die Thekenbox ist in einem guten Zustand und weist kaum Gebrauchsspuren auf. Ausgestattet mit Kilometerz\u00e4hler bis 260 km\/h, Tankstandsanzeige, K\u00fchlwassertemperaturanzeige, Voltmeter und Drehzahlmesser bis 8000 U\/min mit rotem Drehzahlbereich ab 7000 U\/min.<\/p>\n<p>Es gibt einen Riss in der hinteren wei\u00dfen Abdeckplatte. Dies l\u00e4sst sich einfach von Ihrem vorhandenen Ger\u00e4t \u00fcbertragen.<\/p>\n<p>Der Z\u00e4hlerstand dieses Z\u00e4hlerschranks ist ???.???.<\/p>\n<p>Alle Funktionen funktionieren einwandfrei.<\/p>\n<p>OEM Lancia 82485836<\/p>\n<p><\/p>\n<p><\/p>\n<p>Thekenschrank Lancia Kappa<\/p>\n<div><\/div>\n","protected":false},"excerpt":{"rendered":"<p>Instrumententafel Lancia Kappa 2.0 20V &#8211; Instrumententafel zur Montage im Armaturenbrett von Veglia Borletti f\u00fcr Lancia Kappa ausgestattet mit 2. Instrumententafel Lancia Kappa 2.0 20V &#8211; Gebrauchte Instrumententafel f\u00fcr den Einbau in das Armaturenbrett von Veglia  <\/p>\n","protected":false},"featured_media":45177,"comment_status":"open","ping_status":"closed","template":"","meta":{"_acf_changed":false},"product_brand":[],"product_cat":[1867,1859,1797,1869],"product_tag":[],"class_list":{"0":"post-64757","1":"product","2":"type-product","3":"status-publish","4":"has-post-thumbnail","6":"product_cat-coupe-de","7":"product_cat-kappa-838-de","8":"product_cat-lancia-de","9":"product_cat-sw-de","10":"pa_soort-onderdeel-dashboard-und-schalter","12":"first","13":"instock","14":"shipping-taxable","15":"purchasable","16":"product-type-simple"},"acf":[],"yoast_head":"<!-- This site is optimized with the Yoast SEO plugin v27.3 - https:\/\/yoast.com\/product\/yoast-seo-wordpress\/ -->\n<title>Instrumententafel Lancia Kappa 2.0 20V - Turijnmagazijn<\/title>\n<meta name=\"robots\" content=\"index, follow, max-snippet:-1, max-image-preview:large, max-video-preview:-1\" \/>\n<link rel=\"canonical\" href=\"https:\/\/turijnmagazijn.nl\/de\/produkt\/instrumententafel-lancia-kappa-2-0-20v\/\" \/>\n<meta property=\"og:locale\" content=\"de_DE\" \/>\n<meta property=\"og:type\" content=\"article\" \/>\n<meta property=\"og:title\" content=\"Instrumententafel Lancia Kappa 2.0 20V - Turijnmagazijn\" \/>\n<meta property=\"og:description\" content=\"Instrumententafel Lancia Kappa 2.0 20V - Instrumententafel zur Montage im Armaturenbrett von Veglia Borletti f\u00fcr Lancia Kappa ausgestattet mit 2. Instrumententafel Lancia Kappa 2.0 20V - Gebrauchte Instrumententafel f\u00fcr den Einbau in das Armaturenbrett von Veglia\" \/>\n<meta property=\"og:url\" content=\"https:\/\/turijnmagazijn.nl\/de\/produkt\/instrumententafel-lancia-kappa-2-0-20v\/\" \/>\n<meta property=\"og:site_name\" content=\"Turijnmagazijn\" \/>\n<meta property=\"article:publisher\" content=\"https:\/\/www.facebook.com\/turijnmagazijn\" \/>\n<meta property=\"article:modified_time\" content=\"2023-07-26T12:13:02+00:00\" \/>\n<meta property=\"og:image\" content=\"https:\/\/turijnmagazijn.jumpstone-dev.nl\/wp-content\/uploads\/2023\/03\/DK00102042_Instrumentenpaneel_Lancia_Kappa_2.0_20V_3-1.jpg\" \/>\n\t<meta property=\"og:image:width\" content=\"1024\" \/>\n\t<meta property=\"og:image:height\" content=\"768\" \/>\n\t<meta property=\"og:image:type\" content=\"image\/jpeg\" \/>\n<meta name=\"twitter:card\" content=\"summary_large_image\" \/>\n<meta name=\"twitter:label1\" content=\"Gesch\u00e4tzte Lesezeit\" \/>\n\t<meta name=\"twitter:data1\" content=\"1\u00a0Minute\" \/>\n<script type=\"application\/ld+json\" class=\"yoast-schema-graph\">{\"@context\":\"https:\\\/\\\/schema.org\",\"@graph\":[{\"@type\":\"WebPage\",\"@id\":\"https:\\\/\\\/turijnmagazijn.nl\\\/de\\\/produkt\\\/instrumententafel-lancia-kappa-2-0-20v\\\/\",\"url\":\"https:\\\/\\\/turijnmagazijn.nl\\\/de\\\/produkt\\\/instrumententafel-lancia-kappa-2-0-20v\\\/\",\"name\":\"Instrumententafel Lancia Kappa 2.0 20V - Turijnmagazijn\",\"isPartOf\":{\"@id\":\"https:\\\/\\\/turijnmagazijn.jumpstone-dev.nl\\\/#website\"},\"primaryImageOfPage\":{\"@id\":\"https:\\\/\\\/turijnmagazijn.nl\\\/de\\\/produkt\\\/instrumententafel-lancia-kappa-2-0-20v\\\/#primaryimage\"},\"image\":{\"@id\":\"https:\\\/\\\/turijnmagazijn.nl\\\/de\\\/produkt\\\/instrumententafel-lancia-kappa-2-0-20v\\\/#primaryimage\"},\"thumbnailUrl\":\"https:\\\/\\\/turijnmagazijn.nl\\\/wp-content\\\/uploads\\\/2023\\\/03\\\/DK00102042_Instrumentenpaneel_Lancia_Kappa_2.0_20V_3-1.jpg\",\"datePublished\":\"2023-03-03T08:18:01+00:00\",\"dateModified\":\"2023-07-26T12:13:02+00:00\",\"breadcrumb\":{\"@id\":\"https:\\\/\\\/turijnmagazijn.nl\\\/de\\\/produkt\\\/instrumententafel-lancia-kappa-2-0-20v\\\/#breadcrumb\"},\"inLanguage\":\"de\",\"potentialAction\":[{\"@type\":\"ReadAction\",\"target\":[\"https:\\\/\\\/turijnmagazijn.nl\\\/de\\\/produkt\\\/instrumententafel-lancia-kappa-2-0-20v\\\/\"]}]},{\"@type\":\"ImageObject\",\"inLanguage\":\"de\",\"@id\":\"https:\\\/\\\/turijnmagazijn.nl\\\/de\\\/produkt\\\/instrumententafel-lancia-kappa-2-0-20v\\\/#primaryimage\",\"url\":\"https:\\\/\\\/turijnmagazijn.nl\\\/wp-content\\\/uploads\\\/2023\\\/03\\\/DK00102042_Instrumentenpaneel_Lancia_Kappa_2.0_20V_3-1.jpg\",\"contentUrl\":\"https:\\\/\\\/turijnmagazijn.nl\\\/wp-content\\\/uploads\\\/2023\\\/03\\\/DK00102042_Instrumentenpaneel_Lancia_Kappa_2.0_20V_3-1.jpg\",\"width\":1024,\"height\":768},{\"@type\":\"BreadcrumbList\",\"@id\":\"https:\\\/\\\/turijnmagazijn.nl\\\/de\\\/produkt\\\/instrumententafel-lancia-kappa-2-0-20v\\\/#breadcrumb\",\"itemListElement\":[{\"@type\":\"ListItem\",\"position\":1,\"name\":\"Home\",\"item\":\"https:\\\/\\\/turijnmagazijn.nl\\\/de\\\/\"},{\"@type\":\"ListItem\",\"position\":2,\"name\":\"Produkte\",\"item\":\"https:\\\/\\\/turijnmagazijn.nl\\\/de\\\/shop\\\/\"},{\"@type\":\"ListItem\",\"position\":3,\"name\":\"Instrumententafel Lancia Kappa 2.0 20V\"}]},{\"@type\":\"WebSite\",\"@id\":\"https:\\\/\\\/turijnmagazijn.jumpstone-dev.nl\\\/#website\",\"url\":\"https:\\\/\\\/turijnmagazijn.jumpstone-dev.nl\\\/\",\"name\":\"Turijnmagazijn\",\"description\":\"Onderdelen nieuw en gebruikt - Fiat &amp; Lancia\",\"publisher\":{\"@id\":\"https:\\\/\\\/turijnmagazijn.jumpstone-dev.nl\\\/#organization\"},\"potentialAction\":[{\"@type\":\"SearchAction\",\"target\":{\"@type\":\"EntryPoint\",\"urlTemplate\":\"https:\\\/\\\/turijnmagazijn.jumpstone-dev.nl\\\/?s={search_term_string}\"},\"query-input\":{\"@type\":\"PropertyValueSpecification\",\"valueRequired\":true,\"valueName\":\"search_term_string\"}}],\"inLanguage\":\"de\"},{\"@type\":\"Organization\",\"@id\":\"https:\\\/\\\/turijnmagazijn.jumpstone-dev.nl\\\/#organization\",\"name\":\"Turijnmagazijn\",\"url\":\"https:\\\/\\\/turijnmagazijn.jumpstone-dev.nl\\\/\",\"logo\":{\"@type\":\"ImageObject\",\"inLanguage\":\"de\",\"@id\":\"https:\\\/\\\/turijnmagazijn.jumpstone-dev.nl\\\/#\\\/schema\\\/logo\\\/image\\\/\",\"url\":\"https:\\\/\\\/turijnmagazijn.nl\\\/wp-content\\\/uploads\\\/2021\\\/02\\\/turijnmagazijnlogo.png\",\"contentUrl\":\"https:\\\/\\\/turijnmagazijn.nl\\\/wp-content\\\/uploads\\\/2021\\\/02\\\/turijnmagazijnlogo.png\",\"width\":555,\"height\":270,\"caption\":\"Turijnmagazijn\"},\"image\":{\"@id\":\"https:\\\/\\\/turijnmagazijn.jumpstone-dev.nl\\\/#\\\/schema\\\/logo\\\/image\\\/\"},\"sameAs\":[\"https:\\\/\\\/www.facebook.com\\\/turijnmagazijn\"]}]}<\/script>\n<!-- \/ Yoast SEO plugin. -->","yoast_head_json":{"title":"Instrumententafel Lancia Kappa 2.0 20V - Turijnmagazijn","robots":{"index":"index","follow":"follow","max-snippet":"max-snippet:-1","max-image-preview":"max-image-preview:large","max-video-preview":"max-video-preview:-1"},"canonical":"https:\/\/turijnmagazijn.nl\/de\/produkt\/instrumententafel-lancia-kappa-2-0-20v\/","og_locale":"de_DE","og_type":"article","og_title":"Instrumententafel Lancia Kappa 2.0 20V - Turijnmagazijn","og_description":"Instrumententafel Lancia Kappa 2.0 20V - Instrumententafel zur Montage im Armaturenbrett von Veglia Borletti f\u00fcr Lancia Kappa ausgestattet mit 2. Instrumententafel Lancia Kappa 2.0 20V - Gebrauchte Instrumententafel f\u00fcr den Einbau in das Armaturenbrett von Veglia","og_url":"https:\/\/turijnmagazijn.nl\/de\/produkt\/instrumententafel-lancia-kappa-2-0-20v\/","og_site_name":"Turijnmagazijn","article_publisher":"https:\/\/www.facebook.com\/turijnmagazijn","article_modified_time":"2023-07-26T12:13:02+00:00","og_image":[{"width":1024,"height":768,"url":"https:\/\/turijnmagazijn.jumpstone-dev.nl\/wp-content\/uploads\/2023\/03\/DK00102042_Instrumentenpaneel_Lancia_Kappa_2.0_20V_3-1.jpg","type":"image\/jpeg"}],"twitter_card":"summary_large_image","twitter_misc":{"Gesch\u00e4tzte Lesezeit":"1\u00a0Minute"},"schema":{"@context":"https:\/\/schema.org","@graph":[{"@type":"WebPage","@id":"https:\/\/turijnmagazijn.nl\/de\/produkt\/instrumententafel-lancia-kappa-2-0-20v\/","url":"https:\/\/turijnmagazijn.nl\/de\/produkt\/instrumententafel-lancia-kappa-2-0-20v\/","name":"Instrumententafel Lancia Kappa 2.0 20V - Turijnmagazijn","isPartOf":{"@id":"https:\/\/turijnmagazijn.jumpstone-dev.nl\/#website"},"primaryImageOfPage":{"@id":"https:\/\/turijnmagazijn.nl\/de\/produkt\/instrumententafel-lancia-kappa-2-0-20v\/#primaryimage"},"image":{"@id":"https:\/\/turijnmagazijn.nl\/de\/produkt\/instrumententafel-lancia-kappa-2-0-20v\/#primaryimage"},"thumbnailUrl":"https:\/\/turijnmagazijn.nl\/wp-content\/uploads\/2023\/03\/DK00102042_Instrumentenpaneel_Lancia_Kappa_2.0_20V_3-1.jpg","datePublished":"2023-03-03T08:18:01+00:00","dateModified":"2023-07-26T12:13:02+00:00","breadcrumb":{"@id":"https:\/\/turijnmagazijn.nl\/de\/produkt\/instrumententafel-lancia-kappa-2-0-20v\/#breadcrumb"},"inLanguage":"de","potentialAction":[{"@type":"ReadAction","target":["https:\/\/turijnmagazijn.nl\/de\/produkt\/instrumententafel-lancia-kappa-2-0-20v\/"]}]},{"@type":"ImageObject","inLanguage":"de","@id":"https:\/\/turijnmagazijn.nl\/de\/produkt\/instrumententafel-lancia-kappa-2-0-20v\/#primaryimage","url":"https:\/\/turijnmagazijn.nl\/wp-content\/uploads\/2023\/03\/DK00102042_Instrumentenpaneel_Lancia_Kappa_2.0_20V_3-1.jpg","contentUrl":"https:\/\/turijnmagazijn.nl\/wp-content\/uploads\/2023\/03\/DK00102042_Instrumentenpaneel_Lancia_Kappa_2.0_20V_3-1.jpg","width":1024,"height":768},{"@type":"BreadcrumbList","@id":"https:\/\/turijnmagazijn.nl\/de\/produkt\/instrumententafel-lancia-kappa-2-0-20v\/#breadcrumb","itemListElement":[{"@type":"ListItem","position":1,"name":"Home","item":"https:\/\/turijnmagazijn.nl\/de\/"},{"@type":"ListItem","position":2,"name":"Produkte","item":"https:\/\/turijnmagazijn.nl\/de\/shop\/"},{"@type":"ListItem","position":3,"name":"Instrumententafel Lancia Kappa 2.0 20V"}]},{"@type":"WebSite","@id":"https:\/\/turijnmagazijn.jumpstone-dev.nl\/#website","url":"https:\/\/turijnmagazijn.jumpstone-dev.nl\/","name":"Turijnmagazijn","description":"Onderdelen nieuw en gebruikt - Fiat &amp; Lancia","publisher":{"@id":"https:\/\/turijnmagazijn.jumpstone-dev.nl\/#organization"},"potentialAction":[{"@type":"SearchAction","target":{"@type":"EntryPoint","urlTemplate":"https:\/\/turijnmagazijn.jumpstone-dev.nl\/?s={search_term_string}"},"query-input":{"@type":"PropertyValueSpecification","valueRequired":true,"valueName":"search_term_string"}}],"inLanguage":"de"},{"@type":"Organization","@id":"https:\/\/turijnmagazijn.jumpstone-dev.nl\/#organization","name":"Turijnmagazijn","url":"https:\/\/turijnmagazijn.jumpstone-dev.nl\/","logo":{"@type":"ImageObject","inLanguage":"de","@id":"https:\/\/turijnmagazijn.jumpstone-dev.nl\/#\/schema\/logo\/image\/","url":"https:\/\/turijnmagazijn.nl\/wp-content\/uploads\/2021\/02\/turijnmagazijnlogo.png","contentUrl":"https:\/\/turijnmagazijn.nl\/wp-content\/uploads\/2021\/02\/turijnmagazijnlogo.png","width":555,"height":270,"caption":"Turijnmagazijn"},"image":{"@id":"https:\/\/turijnmagazijn.jumpstone-dev.nl\/#\/schema\/logo\/image\/"},"sameAs":["https:\/\/www.facebook.com\/turijnmagazijn"]}]}},"_links":{"self":[{"href":"https:\/\/turijnmagazijn.nl\/de\/wp-json\/wp\/v2\/product\/64757","targetHints":{"allow":["GET"]}}],"collection":[{"href":"https:\/\/turijnmagazijn.nl\/de\/wp-json\/wp\/v2\/product"}],"about":[{"href":"https:\/\/turijnmagazijn.nl\/de\/wp-json\/wp\/v2\/types\/product"}],"replies":[{"embeddable":true,"href":"https:\/\/turijnmagazijn.nl\/de\/wp-json\/wp\/v2\/comments?post=64757"}],"wp:featuredmedia":[{"embeddable":true,"href":"https:\/\/turijnmagazijn.nl\/de\/wp-json\/wp\/v2\/media\/45177"}],"wp:attachment":[{"href":"https:\/\/turijnmagazijn.nl\/de\/wp-json\/wp\/v2\/media?parent=64757"}],"wp:term":[{"taxonomy":"product_brand","embeddable":true,"href":"https:\/\/turijnmagazijn.nl\/de\/wp-json\/wp\/v2\/product_brand?post=64757"},{"taxonomy":"product_cat","embeddable":true,"href":"https:\/\/turijnmagazijn.nl\/de\/wp-json\/wp\/v2\/product_cat?post=64757"},{"taxonomy":"product_tag","embeddable":true,"href":"https:\/\/turijnmagazijn.nl\/de\/wp-json\/wp\/v2\/product_tag?post=64757"}],"curies":[{"name":"wp","href":"https:\/\/api.w.org\/{rel}","templated":true}]}}