{"id":64814,"date":"2023-03-03T08:18:46","date_gmt":"2023-03-03T07:18:46","guid":{"rendered":"https:\/\/turijnmagazijn.nl\/product\/aussenspiegel-elektrisch-verstellbar-rechts-fiat-bravo-i-5drs-neu\/"},"modified":"2023-07-26T13:34:01","modified_gmt":"2023-07-26T11:34:01","slug":"ausenspiegel-elektrisch-justierbar-rechts-fiat-bravo-i-5drs-neu","status":"publish","type":"product","link":"https:\/\/turijnmagazijn.nl\/de\/produkt\/ausenspiegel-elektrisch-justierbar-rechts-fiat-bravo-i-5drs-neu\/","title":{"rendered":"Au\u00dfenspiegel elektrisch verstellbar Rechts Fiat Bravo I 5drs -NEU-"},"content":{"rendered":"<p>Original neuer Fiat Spiegel f\u00fcr den Fiat Brava Baujahr 1995 bis 2001.<\/p>\n<p>Version geeignet f\u00fcr gespritzte Spiegel. Die Spiegelabdeckung ist mit Spr\u00fchkitt veredelt, so dass sie zum Spr\u00fchen bereit ist.<\/p>\n<p>Neues Produkt ohne Verpackung.<\/p>\n<p><\/p>\n<p>&nbsp;<span style=\"text-align: -webkit-right;\">OEM-735249770<\/span><\/p>\n","protected":false},"excerpt":{"rendered":"<p>Au\u00dfenspiegel elektrisch verstellbar Rechts Fiat Bravo I 5drs -NEU- &#8211; Original neuer Fiat Spiegel f\u00fcr den Fiat Brava Baujahr 1995 bis 2001.<\/p>\n","protected":false},"featured_media":46041,"comment_status":"open","ping_status":"closed","template":"","meta":{"_acf_changed":false},"product_brand":[],"product_cat":[1706,1710,1689,1734],"product_tag":[],"class_list":{"0":"post-64814","1":"product","2":"type-product","3":"status-publish","4":"has-post-thumbnail","6":"product_cat-brava-198-de","7":"product_cat-bravo-198-de","8":"product_cat-fiat-de","9":"product_cat-marea-185-de","10":"pa_soort-onderdeel-beleuchtung","11":"pa_soort-onderdeel-spiegel","13":"first","14":"instock","15":"shipping-taxable","16":"purchasable","17":"product-type-simple"},"acf":[],"yoast_head":"<!-- This site is optimized with the Yoast SEO plugin v27.2 - https:\/\/yoast.com\/product\/yoast-seo-wordpress\/ -->\n<title>Au\u00dfenspiegel elektrisch verstellbar Rechts Fiat Bravo I 5drs -NEU- Turijnmagazijn<\/title>\n<meta name=\"robots\" content=\"index, follow, max-snippet:-1, max-image-preview:large, max-video-preview:-1\" \/>\n<link rel=\"canonical\" href=\"https:\/\/turijnmagazijn.nl\/de\/produkt\/ausenspiegel-elektrisch-justierbar-rechts-fiat-bravo-i-5drs-neu\/\" \/>\n<meta property=\"og:locale\" content=\"de_DE\" \/>\n<meta property=\"og:type\" content=\"article\" \/>\n<meta property=\"og:title\" content=\"Au\u00dfenspiegel elektrisch verstellbar Rechts Fiat Bravo I 5drs -NEU- Turijnmagazijn\" \/>\n<meta property=\"og:description\" content=\"Au\u00dfenspiegel elektrisch verstellbar Rechts Fiat Bravo I 5drs -NEU- - Original neuer Fiat Spiegel f\u00fcr den Fiat Brava Baujahr 1995 bis 2001.\" \/>\n<meta property=\"og:url\" content=\"https:\/\/turijnmagazijn.nl\/de\/produkt\/ausenspiegel-elektrisch-justierbar-rechts-fiat-bravo-i-5drs-neu\/\" \/>\n<meta property=\"og:site_name\" content=\"Turijnmagazijn\" \/>\n<meta property=\"article:publisher\" content=\"https:\/\/www.facebook.com\/turijnmagazijn\" \/>\n<meta property=\"article:modified_time\" content=\"2023-07-26T11:34:01+00:00\" \/>\n<meta property=\"og:image\" content=\"https:\/\/turijnmagazijn.jumpstone-dev.nl\/wp-content\/uploads\/2023\/03\/DK00102121-Buitenspiegel-elektrisch-verstelbaar-Rechts-Fiat-Bravo-I-5drs-NIEUW-3-1.jpg\" \/>\n\t<meta property=\"og:image:width\" content=\"1024\" \/>\n\t<meta property=\"og:image:height\" content=\"768\" \/>\n\t<meta property=\"og:image:type\" content=\"image\/jpeg\" \/>\n<meta name=\"twitter:card\" content=\"summary_large_image\" \/>\n<script type=\"application\/ld+json\" class=\"yoast-schema-graph\">{\"@context\":\"https:\/\/schema.org\",\"@graph\":[{\"@type\":\"WebPage\",\"@id\":\"https:\/\/turijnmagazijn.nl\/de\/produkt\/ausenspiegel-elektrisch-justierbar-rechts-fiat-bravo-i-5drs-neu\/\",\"url\":\"https:\/\/turijnmagazijn.nl\/de\/produkt\/ausenspiegel-elektrisch-justierbar-rechts-fiat-bravo-i-5drs-neu\/\",\"name\":\"Au\u00dfenspiegel elektrisch verstellbar Rechts Fiat Bravo I 5drs -NEU- Turijnmagazijn\",\"isPartOf\":{\"@id\":\"https:\/\/turijnmagazijn.jumpstone-dev.nl\/#website\"},\"primaryImageOfPage\":{\"@id\":\"https:\/\/turijnmagazijn.nl\/de\/produkt\/ausenspiegel-elektrisch-justierbar-rechts-fiat-bravo-i-5drs-neu\/#primaryimage\"},\"image\":{\"@id\":\"https:\/\/turijnmagazijn.nl\/de\/produkt\/ausenspiegel-elektrisch-justierbar-rechts-fiat-bravo-i-5drs-neu\/#primaryimage\"},\"thumbnailUrl\":\"https:\/\/turijnmagazijn.nl\/wp-content\/uploads\/2023\/03\/DK00102121-Buitenspiegel-elektrisch-verstelbaar-Rechts-Fiat-Bravo-I-5drs-NIEUW-3-1.jpg\",\"datePublished\":\"2023-03-03T07:18:46+00:00\",\"dateModified\":\"2023-07-26T11:34:01+00:00\",\"breadcrumb\":{\"@id\":\"https:\/\/turijnmagazijn.nl\/de\/produkt\/ausenspiegel-elektrisch-justierbar-rechts-fiat-bravo-i-5drs-neu\/#breadcrumb\"},\"inLanguage\":\"de\",\"potentialAction\":[{\"@type\":\"ReadAction\",\"target\":[\"https:\/\/turijnmagazijn.nl\/de\/produkt\/ausenspiegel-elektrisch-justierbar-rechts-fiat-bravo-i-5drs-neu\/\"]}]},{\"@type\":\"ImageObject\",\"inLanguage\":\"de\",\"@id\":\"https:\/\/turijnmagazijn.nl\/de\/produkt\/ausenspiegel-elektrisch-justierbar-rechts-fiat-bravo-i-5drs-neu\/#primaryimage\",\"url\":\"https:\/\/turijnmagazijn.nl\/wp-content\/uploads\/2023\/03\/DK00102121-Buitenspiegel-elektrisch-verstelbaar-Rechts-Fiat-Bravo-I-5drs-NIEUW-3-1.jpg\",\"contentUrl\":\"https:\/\/turijnmagazijn.nl\/wp-content\/uploads\/2023\/03\/DK00102121-Buitenspiegel-elektrisch-verstelbaar-Rechts-Fiat-Bravo-I-5drs-NIEUW-3-1.jpg\",\"width\":1024,\"height\":768},{\"@type\":\"BreadcrumbList\",\"@id\":\"https:\/\/turijnmagazijn.nl\/de\/produkt\/ausenspiegel-elektrisch-justierbar-rechts-fiat-bravo-i-5drs-neu\/#breadcrumb\",\"itemListElement\":[{\"@type\":\"ListItem\",\"position\":1,\"name\":\"Home\",\"item\":\"https:\/\/turijnmagazijn.nl\/de\/\"},{\"@type\":\"ListItem\",\"position\":2,\"name\":\"Produkte\",\"item\":\"https:\/\/turijnmagazijn.nl\/de\/shop\/\"},{\"@type\":\"ListItem\",\"position\":3,\"name\":\"Au\u00dfenspiegel elektrisch verstellbar Rechts Fiat Bravo I 5drs -NEU-\"}]},{\"@type\":\"WebSite\",\"@id\":\"https:\/\/turijnmagazijn.jumpstone-dev.nl\/#website\",\"url\":\"https:\/\/turijnmagazijn.jumpstone-dev.nl\/\",\"name\":\"Turijnmagazijn\",\"description\":\"Onderdelen nieuw en gebruikt - Fiat &amp; Lancia\",\"publisher\":{\"@id\":\"https:\/\/turijnmagazijn.jumpstone-dev.nl\/#organization\"},\"potentialAction\":[{\"@type\":\"SearchAction\",\"target\":{\"@type\":\"EntryPoint\",\"urlTemplate\":\"https:\/\/turijnmagazijn.jumpstone-dev.nl\/?s={search_term_string}\"},\"query-input\":{\"@type\":\"PropertyValueSpecification\",\"valueRequired\":true,\"valueName\":\"search_term_string\"}}],\"inLanguage\":\"de\"},{\"@type\":\"Organization\",\"@id\":\"https:\/\/turijnmagazijn.jumpstone-dev.nl\/#organization\",\"name\":\"Turijnmagazijn\",\"url\":\"https:\/\/turijnmagazijn.jumpstone-dev.nl\/\",\"logo\":{\"@type\":\"ImageObject\",\"inLanguage\":\"de\",\"@id\":\"https:\/\/turijnmagazijn.jumpstone-dev.nl\/#\/schema\/logo\/image\/\",\"url\":\"https:\/\/turijnmagazijn.nl\/wp-content\/uploads\/2021\/02\/turijnmagazijnlogo.png\",\"contentUrl\":\"https:\/\/turijnmagazijn.nl\/wp-content\/uploads\/2021\/02\/turijnmagazijnlogo.png\",\"width\":555,\"height\":270,\"caption\":\"Turijnmagazijn\"},\"image\":{\"@id\":\"https:\/\/turijnmagazijn.jumpstone-dev.nl\/#\/schema\/logo\/image\/\"},\"sameAs\":[\"https:\/\/www.facebook.com\/turijnmagazijn\"]}]}<\/script>\n<!-- \/ Yoast SEO plugin. -->","yoast_head_json":{"title":"Au\u00dfenspiegel elektrisch verstellbar Rechts Fiat Bravo I 5drs -NEU- Turijnmagazijn","robots":{"index":"index","follow":"follow","max-snippet":"max-snippet:-1","max-image-preview":"max-image-preview:large","max-video-preview":"max-video-preview:-1"},"canonical":"https:\/\/turijnmagazijn.nl\/de\/produkt\/ausenspiegel-elektrisch-justierbar-rechts-fiat-bravo-i-5drs-neu\/","og_locale":"de_DE","og_type":"article","og_title":"Au\u00dfenspiegel elektrisch verstellbar Rechts Fiat Bravo I 5drs -NEU- Turijnmagazijn","og_description":"Au\u00dfenspiegel elektrisch verstellbar Rechts Fiat Bravo I 5drs -NEU- - Original neuer Fiat Spiegel f\u00fcr den Fiat Brava Baujahr 1995 bis 2001.","og_url":"https:\/\/turijnmagazijn.nl\/de\/produkt\/ausenspiegel-elektrisch-justierbar-rechts-fiat-bravo-i-5drs-neu\/","og_site_name":"Turijnmagazijn","article_publisher":"https:\/\/www.facebook.com\/turijnmagazijn","article_modified_time":"2023-07-26T11:34:01+00:00","og_image":[{"width":1024,"height":768,"url":"https:\/\/turijnmagazijn.jumpstone-dev.nl\/wp-content\/uploads\/2023\/03\/DK00102121-Buitenspiegel-elektrisch-verstelbaar-Rechts-Fiat-Bravo-I-5drs-NIEUW-3-1.jpg","type":"image\/jpeg"}],"twitter_card":"summary_large_image","schema":{"@context":"https:\/\/schema.org","@graph":[{"@type":"WebPage","@id":"https:\/\/turijnmagazijn.nl\/de\/produkt\/ausenspiegel-elektrisch-justierbar-rechts-fiat-bravo-i-5drs-neu\/","url":"https:\/\/turijnmagazijn.nl\/de\/produkt\/ausenspiegel-elektrisch-justierbar-rechts-fiat-bravo-i-5drs-neu\/","name":"Au\u00dfenspiegel elektrisch verstellbar Rechts Fiat Bravo I 5drs -NEU- Turijnmagazijn","isPartOf":{"@id":"https:\/\/turijnmagazijn.jumpstone-dev.nl\/#website"},"primaryImageOfPage":{"@id":"https:\/\/turijnmagazijn.nl\/de\/produkt\/ausenspiegel-elektrisch-justierbar-rechts-fiat-bravo-i-5drs-neu\/#primaryimage"},"image":{"@id":"https:\/\/turijnmagazijn.nl\/de\/produkt\/ausenspiegel-elektrisch-justierbar-rechts-fiat-bravo-i-5drs-neu\/#primaryimage"},"thumbnailUrl":"https:\/\/turijnmagazijn.nl\/wp-content\/uploads\/2023\/03\/DK00102121-Buitenspiegel-elektrisch-verstelbaar-Rechts-Fiat-Bravo-I-5drs-NIEUW-3-1.jpg","datePublished":"2023-03-03T07:18:46+00:00","dateModified":"2023-07-26T11:34:01+00:00","breadcrumb":{"@id":"https:\/\/turijnmagazijn.nl\/de\/produkt\/ausenspiegel-elektrisch-justierbar-rechts-fiat-bravo-i-5drs-neu\/#breadcrumb"},"inLanguage":"de","potentialAction":[{"@type":"ReadAction","target":["https:\/\/turijnmagazijn.nl\/de\/produkt\/ausenspiegel-elektrisch-justierbar-rechts-fiat-bravo-i-5drs-neu\/"]}]},{"@type":"ImageObject","inLanguage":"de","@id":"https:\/\/turijnmagazijn.nl\/de\/produkt\/ausenspiegel-elektrisch-justierbar-rechts-fiat-bravo-i-5drs-neu\/#primaryimage","url":"https:\/\/turijnmagazijn.nl\/wp-content\/uploads\/2023\/03\/DK00102121-Buitenspiegel-elektrisch-verstelbaar-Rechts-Fiat-Bravo-I-5drs-NIEUW-3-1.jpg","contentUrl":"https:\/\/turijnmagazijn.nl\/wp-content\/uploads\/2023\/03\/DK00102121-Buitenspiegel-elektrisch-verstelbaar-Rechts-Fiat-Bravo-I-5drs-NIEUW-3-1.jpg","width":1024,"height":768},{"@type":"BreadcrumbList","@id":"https:\/\/turijnmagazijn.nl\/de\/produkt\/ausenspiegel-elektrisch-justierbar-rechts-fiat-bravo-i-5drs-neu\/#breadcrumb","itemListElement":[{"@type":"ListItem","position":1,"name":"Home","item":"https:\/\/turijnmagazijn.nl\/de\/"},{"@type":"ListItem","position":2,"name":"Produkte","item":"https:\/\/turijnmagazijn.nl\/de\/shop\/"},{"@type":"ListItem","position":3,"name":"Au\u00dfenspiegel elektrisch verstellbar Rechts Fiat Bravo I 5drs -NEU-"}]},{"@type":"WebSite","@id":"https:\/\/turijnmagazijn.jumpstone-dev.nl\/#website","url":"https:\/\/turijnmagazijn.jumpstone-dev.nl\/","name":"Turijnmagazijn","description":"Onderdelen nieuw en gebruikt - Fiat &amp; Lancia","publisher":{"@id":"https:\/\/turijnmagazijn.jumpstone-dev.nl\/#organization"},"potentialAction":[{"@type":"SearchAction","target":{"@type":"EntryPoint","urlTemplate":"https:\/\/turijnmagazijn.jumpstone-dev.nl\/?s={search_term_string}"},"query-input":{"@type":"PropertyValueSpecification","valueRequired":true,"valueName":"search_term_string"}}],"inLanguage":"de"},{"@type":"Organization","@id":"https:\/\/turijnmagazijn.jumpstone-dev.nl\/#organization","name":"Turijnmagazijn","url":"https:\/\/turijnmagazijn.jumpstone-dev.nl\/","logo":{"@type":"ImageObject","inLanguage":"de","@id":"https:\/\/turijnmagazijn.jumpstone-dev.nl\/#\/schema\/logo\/image\/","url":"https:\/\/turijnmagazijn.nl\/wp-content\/uploads\/2021\/02\/turijnmagazijnlogo.png","contentUrl":"https:\/\/turijnmagazijn.nl\/wp-content\/uploads\/2021\/02\/turijnmagazijnlogo.png","width":555,"height":270,"caption":"Turijnmagazijn"},"image":{"@id":"https:\/\/turijnmagazijn.jumpstone-dev.nl\/#\/schema\/logo\/image\/"},"sameAs":["https:\/\/www.facebook.com\/turijnmagazijn"]}]}},"_links":{"self":[{"href":"https:\/\/turijnmagazijn.nl\/de\/wp-json\/wp\/v2\/product\/64814","targetHints":{"allow":["GET"]}}],"collection":[{"href":"https:\/\/turijnmagazijn.nl\/de\/wp-json\/wp\/v2\/product"}],"about":[{"href":"https:\/\/turijnmagazijn.nl\/de\/wp-json\/wp\/v2\/types\/product"}],"replies":[{"embeddable":true,"href":"https:\/\/turijnmagazijn.nl\/de\/wp-json\/wp\/v2\/comments?post=64814"}],"wp:featuredmedia":[{"embeddable":true,"href":"https:\/\/turijnmagazijn.nl\/de\/wp-json\/wp\/v2\/media\/46041"}],"wp:attachment":[{"href":"https:\/\/turijnmagazijn.nl\/de\/wp-json\/wp\/v2\/media?parent=64814"}],"wp:term":[{"taxonomy":"product_brand","embeddable":true,"href":"https:\/\/turijnmagazijn.nl\/de\/wp-json\/wp\/v2\/product_brand?post=64814"},{"taxonomy":"product_cat","embeddable":true,"href":"https:\/\/turijnmagazijn.nl\/de\/wp-json\/wp\/v2\/product_cat?post=64814"},{"taxonomy":"product_tag","embeddable":true,"href":"https:\/\/turijnmagazijn.nl\/de\/wp-json\/wp\/v2\/product_tag?post=64814"}],"curies":[{"name":"wp","href":"https:\/\/api.w.org\/{rel}","templated":true}]}}