{"id":64887,"date":"2023-03-03T09:19:50","date_gmt":"2023-03-03T08:19:50","guid":{"rendered":"https:\/\/turijnmagazijn.nl\/product\/halterungshalter-fuer-zuendmodul-unter-dem-armaturenbrett-lancia-kappa\/"},"modified":"2023-07-27T12:17:58","modified_gmt":"2023-07-27T10:17:58","slug":"halterungshalter-fur-zundmodul-unter-armaturenbrett-lancia-kappa","status":"publish","type":"product","link":"https:\/\/turijnmagazijn.nl\/de\/produkt\/halterungshalter-fur-zundmodul-unter-armaturenbrett-lancia-kappa\/","title":{"rendered":"Halterungshalter f\u00fcr Z\u00fcndmodul unter dem Armaturenbrett Lancia Kappa"},"content":{"rendered":"<p>Gebrauchte Halterung f\u00fcr das Z\u00fcndmodul f\u00fcr Lancia Kappa. Diese Halterung wird unter dem Armaturenbrett in der N\u00e4he des Z\u00fcndschlosses montiert und dient als Halterung f\u00fcr die gelbe Box mit der Teilenummer <span style=\"text-align: right;\">46464701<\/span><\/p>\n<p><span data-sheets-value=\"{\"1\":2,\"2\":\"afkomstig uit een Lancia Kappa 2.0 20V sedan benzine met automaat van bouwjaar 1997 met een kilometrage van 175.000km.\"}\" data-sheets-userformat=\"{\"2\":14851,\"3\":{\"1\":0},\"4\":{\"1\":2,\"2\":16777215},\"12\":0,\"14\":{\"1\":2,\"2\":6710886},\"15\":\"\"Open Sans\", sans-serif\",\"16\":9}\">aus einem Lancia Kappa 2.0 20V Limousine Benziner mit Automatikgetriebe Baujahr 1997 mit einer Laufleistung von 175.000km.<\/span><\/p>\n<p>OEM Lancia <span style=\"text-align: right;\">46412058<\/span><\/p>\n","protected":false},"excerpt":{"rendered":"<p>Halterung f\u00fcr Z\u00fcndmodul unter dem Armaturenbrett Lancia Kappa &#8211; Gebraucht Halterung f\u00fcr das Z\u00fcndmodul f\u00fcr Lancia Kappa.<\/p>\n","protected":false},"featured_media":47353,"comment_status":"closed","ping_status":"closed","template":"","meta":{"_acf_changed":false},"product_brand":[],"product_cat":[1867,1859,1797,1869],"product_tag":[],"class_list":{"0":"post-64887","1":"product","2":"type-product","3":"status-publish","4":"has-post-thumbnail","6":"product_cat-coupe-de","7":"product_cat-kappa-838-de","8":"product_cat-lancia-de","9":"product_cat-sw-de","10":"pa_soort-onderdeel-motor-und-zubehor","12":"first","13":"instock","14":"shipping-taxable","15":"purchasable","16":"product-type-simple"},"acf":[],"yoast_head":"<!-- This site is optimized with the Yoast SEO plugin v27.3 - https:\/\/yoast.com\/product\/yoast-seo-wordpress\/ -->\n<title>Halterungshalter f\u00fcr Z\u00fcndmodul unter dem Armaturenbrett Lancia Kappa - Turijnmagazijn<\/title>\n<meta name=\"robots\" content=\"index, follow, max-snippet:-1, max-image-preview:large, max-video-preview:-1\" \/>\n<link rel=\"canonical\" href=\"https:\/\/turijnmagazijn.nl\/de\/produkt\/halterungshalter-fur-zundmodul-unter-armaturenbrett-lancia-kappa\/\" \/>\n<meta property=\"og:locale\" content=\"de_DE\" \/>\n<meta property=\"og:type\" content=\"article\" \/>\n<meta property=\"og:title\" content=\"Halterungshalter f\u00fcr Z\u00fcndmodul unter dem Armaturenbrett Lancia Kappa - Turijnmagazijn\" \/>\n<meta property=\"og:description\" content=\"Halterung f\u00fcr Z\u00fcndmodul unter dem Armaturenbrett Lancia Kappa - Gebraucht Halterung f\u00fcr das Z\u00fcndmodul f\u00fcr Lancia Kappa.\" \/>\n<meta property=\"og:url\" content=\"https:\/\/turijnmagazijn.nl\/de\/produkt\/halterungshalter-fur-zundmodul-unter-armaturenbrett-lancia-kappa\/\" \/>\n<meta property=\"og:site_name\" content=\"Turijnmagazijn\" \/>\n<meta property=\"article:publisher\" content=\"https:\/\/www.facebook.com\/turijnmagazijn\" \/>\n<meta property=\"article:modified_time\" content=\"2023-07-27T10:17:58+00:00\" \/>\n<meta property=\"og:image\" content=\"https:\/\/turijnmagazijn.nl\/wp-content\/uploads\/2023\/03\/DK00102260-Beugel-houder-voor-ontstekingsmodule-onder-dashboard-Lancia-Kappa-2-1.jpg\" \/>\n\t<meta property=\"og:image:width\" content=\"1024\" \/>\n\t<meta property=\"og:image:height\" content=\"768\" \/>\n\t<meta property=\"og:image:type\" content=\"image\/jpeg\" \/>\n<meta name=\"twitter:card\" content=\"summary_large_image\" \/>\n<script type=\"application\/ld+json\" class=\"yoast-schema-graph\">{\"@context\":\"https:\\\/\\\/schema.org\",\"@graph\":[{\"@type\":\"WebPage\",\"@id\":\"https:\\\/\\\/turijnmagazijn.nl\\\/de\\\/produkt\\\/halterungshalter-fur-zundmodul-unter-armaturenbrett-lancia-kappa\\\/\",\"url\":\"https:\\\/\\\/turijnmagazijn.nl\\\/de\\\/produkt\\\/halterungshalter-fur-zundmodul-unter-armaturenbrett-lancia-kappa\\\/\",\"name\":\"Halterungshalter f\u00fcr Z\u00fcndmodul unter dem Armaturenbrett Lancia Kappa - Turijnmagazijn\",\"isPartOf\":{\"@id\":\"https:\\\/\\\/turijnmagazijn.jumpstone-dev.nl\\\/#website\"},\"primaryImageOfPage\":{\"@id\":\"https:\\\/\\\/turijnmagazijn.nl\\\/de\\\/produkt\\\/halterungshalter-fur-zundmodul-unter-armaturenbrett-lancia-kappa\\\/#primaryimage\"},\"image\":{\"@id\":\"https:\\\/\\\/turijnmagazijn.nl\\\/de\\\/produkt\\\/halterungshalter-fur-zundmodul-unter-armaturenbrett-lancia-kappa\\\/#primaryimage\"},\"thumbnailUrl\":\"https:\\\/\\\/turijnmagazijn.nl\\\/wp-content\\\/uploads\\\/2023\\\/03\\\/DK00102260-Beugel-houder-voor-ontstekingsmodule-onder-dashboard-Lancia-Kappa-2-1.jpg\",\"datePublished\":\"2023-03-03T08:19:50+00:00\",\"dateModified\":\"2023-07-27T10:17:58+00:00\",\"breadcrumb\":{\"@id\":\"https:\\\/\\\/turijnmagazijn.nl\\\/de\\\/produkt\\\/halterungshalter-fur-zundmodul-unter-armaturenbrett-lancia-kappa\\\/#breadcrumb\"},\"inLanguage\":\"de\",\"potentialAction\":[{\"@type\":\"ReadAction\",\"target\":[\"https:\\\/\\\/turijnmagazijn.nl\\\/de\\\/produkt\\\/halterungshalter-fur-zundmodul-unter-armaturenbrett-lancia-kappa\\\/\"]}]},{\"@type\":\"ImageObject\",\"inLanguage\":\"de\",\"@id\":\"https:\\\/\\\/turijnmagazijn.nl\\\/de\\\/produkt\\\/halterungshalter-fur-zundmodul-unter-armaturenbrett-lancia-kappa\\\/#primaryimage\",\"url\":\"https:\\\/\\\/turijnmagazijn.nl\\\/wp-content\\\/uploads\\\/2023\\\/03\\\/DK00102260-Beugel-houder-voor-ontstekingsmodule-onder-dashboard-Lancia-Kappa-2-1.jpg\",\"contentUrl\":\"https:\\\/\\\/turijnmagazijn.nl\\\/wp-content\\\/uploads\\\/2023\\\/03\\\/DK00102260-Beugel-houder-voor-ontstekingsmodule-onder-dashboard-Lancia-Kappa-2-1.jpg\",\"width\":1024,\"height\":768},{\"@type\":\"BreadcrumbList\",\"@id\":\"https:\\\/\\\/turijnmagazijn.nl\\\/de\\\/produkt\\\/halterungshalter-fur-zundmodul-unter-armaturenbrett-lancia-kappa\\\/#breadcrumb\",\"itemListElement\":[{\"@type\":\"ListItem\",\"position\":1,\"name\":\"Home\",\"item\":\"https:\\\/\\\/turijnmagazijn.nl\\\/de\\\/\"},{\"@type\":\"ListItem\",\"position\":2,\"name\":\"Produkte\",\"item\":\"https:\\\/\\\/turijnmagazijn.nl\\\/de\\\/shop\\\/\"},{\"@type\":\"ListItem\",\"position\":3,\"name\":\"Halterungshalter f\u00fcr Z\u00fcndmodul unter dem Armaturenbrett Lancia Kappa\"}]},{\"@type\":\"WebSite\",\"@id\":\"https:\\\/\\\/turijnmagazijn.jumpstone-dev.nl\\\/#website\",\"url\":\"https:\\\/\\\/turijnmagazijn.jumpstone-dev.nl\\\/\",\"name\":\"Turijnmagazijn\",\"description\":\"Onderdelen nieuw en gebruikt - Fiat &amp; Lancia\",\"publisher\":{\"@id\":\"https:\\\/\\\/turijnmagazijn.jumpstone-dev.nl\\\/#organization\"},\"potentialAction\":[{\"@type\":\"SearchAction\",\"target\":{\"@type\":\"EntryPoint\",\"urlTemplate\":\"https:\\\/\\\/turijnmagazijn.jumpstone-dev.nl\\\/?s={search_term_string}\"},\"query-input\":{\"@type\":\"PropertyValueSpecification\",\"valueRequired\":true,\"valueName\":\"search_term_string\"}}],\"inLanguage\":\"de\"},{\"@type\":\"Organization\",\"@id\":\"https:\\\/\\\/turijnmagazijn.jumpstone-dev.nl\\\/#organization\",\"name\":\"Turijnmagazijn\",\"url\":\"https:\\\/\\\/turijnmagazijn.jumpstone-dev.nl\\\/\",\"logo\":{\"@type\":\"ImageObject\",\"inLanguage\":\"de\",\"@id\":\"https:\\\/\\\/turijnmagazijn.jumpstone-dev.nl\\\/#\\\/schema\\\/logo\\\/image\\\/\",\"url\":\"https:\\\/\\\/turijnmagazijn.nl\\\/wp-content\\\/uploads\\\/2021\\\/02\\\/turijnmagazijnlogo.png\",\"contentUrl\":\"https:\\\/\\\/turijnmagazijn.nl\\\/wp-content\\\/uploads\\\/2021\\\/02\\\/turijnmagazijnlogo.png\",\"width\":555,\"height\":270,\"caption\":\"Turijnmagazijn\"},\"image\":{\"@id\":\"https:\\\/\\\/turijnmagazijn.jumpstone-dev.nl\\\/#\\\/schema\\\/logo\\\/image\\\/\"},\"sameAs\":[\"https:\\\/\\\/www.facebook.com\\\/turijnmagazijn\"]}]}<\/script>\n<!-- \/ Yoast SEO plugin. -->","yoast_head_json":{"title":"Halterungshalter f\u00fcr Z\u00fcndmodul unter dem Armaturenbrett Lancia Kappa - Turijnmagazijn","robots":{"index":"index","follow":"follow","max-snippet":"max-snippet:-1","max-image-preview":"max-image-preview:large","max-video-preview":"max-video-preview:-1"},"canonical":"https:\/\/turijnmagazijn.nl\/de\/produkt\/halterungshalter-fur-zundmodul-unter-armaturenbrett-lancia-kappa\/","og_locale":"de_DE","og_type":"article","og_title":"Halterungshalter f\u00fcr Z\u00fcndmodul unter dem Armaturenbrett Lancia Kappa - Turijnmagazijn","og_description":"Halterung f\u00fcr Z\u00fcndmodul unter dem Armaturenbrett Lancia Kappa - Gebraucht Halterung f\u00fcr das Z\u00fcndmodul f\u00fcr Lancia Kappa.","og_url":"https:\/\/turijnmagazijn.nl\/de\/produkt\/halterungshalter-fur-zundmodul-unter-armaturenbrett-lancia-kappa\/","og_site_name":"Turijnmagazijn","article_publisher":"https:\/\/www.facebook.com\/turijnmagazijn","article_modified_time":"2023-07-27T10:17:58+00:00","og_image":[{"width":1024,"height":768,"url":"https:\/\/turijnmagazijn.nl\/wp-content\/uploads\/2023\/03\/DK00102260-Beugel-houder-voor-ontstekingsmodule-onder-dashboard-Lancia-Kappa-2-1.jpg","type":"image\/jpeg"}],"twitter_card":"summary_large_image","schema":{"@context":"https:\/\/schema.org","@graph":[{"@type":"WebPage","@id":"https:\/\/turijnmagazijn.nl\/de\/produkt\/halterungshalter-fur-zundmodul-unter-armaturenbrett-lancia-kappa\/","url":"https:\/\/turijnmagazijn.nl\/de\/produkt\/halterungshalter-fur-zundmodul-unter-armaturenbrett-lancia-kappa\/","name":"Halterungshalter f\u00fcr Z\u00fcndmodul unter dem Armaturenbrett Lancia Kappa - Turijnmagazijn","isPartOf":{"@id":"https:\/\/turijnmagazijn.jumpstone-dev.nl\/#website"},"primaryImageOfPage":{"@id":"https:\/\/turijnmagazijn.nl\/de\/produkt\/halterungshalter-fur-zundmodul-unter-armaturenbrett-lancia-kappa\/#primaryimage"},"image":{"@id":"https:\/\/turijnmagazijn.nl\/de\/produkt\/halterungshalter-fur-zundmodul-unter-armaturenbrett-lancia-kappa\/#primaryimage"},"thumbnailUrl":"https:\/\/turijnmagazijn.nl\/wp-content\/uploads\/2023\/03\/DK00102260-Beugel-houder-voor-ontstekingsmodule-onder-dashboard-Lancia-Kappa-2-1.jpg","datePublished":"2023-03-03T08:19:50+00:00","dateModified":"2023-07-27T10:17:58+00:00","breadcrumb":{"@id":"https:\/\/turijnmagazijn.nl\/de\/produkt\/halterungshalter-fur-zundmodul-unter-armaturenbrett-lancia-kappa\/#breadcrumb"},"inLanguage":"de","potentialAction":[{"@type":"ReadAction","target":["https:\/\/turijnmagazijn.nl\/de\/produkt\/halterungshalter-fur-zundmodul-unter-armaturenbrett-lancia-kappa\/"]}]},{"@type":"ImageObject","inLanguage":"de","@id":"https:\/\/turijnmagazijn.nl\/de\/produkt\/halterungshalter-fur-zundmodul-unter-armaturenbrett-lancia-kappa\/#primaryimage","url":"https:\/\/turijnmagazijn.nl\/wp-content\/uploads\/2023\/03\/DK00102260-Beugel-houder-voor-ontstekingsmodule-onder-dashboard-Lancia-Kappa-2-1.jpg","contentUrl":"https:\/\/turijnmagazijn.nl\/wp-content\/uploads\/2023\/03\/DK00102260-Beugel-houder-voor-ontstekingsmodule-onder-dashboard-Lancia-Kappa-2-1.jpg","width":1024,"height":768},{"@type":"BreadcrumbList","@id":"https:\/\/turijnmagazijn.nl\/de\/produkt\/halterungshalter-fur-zundmodul-unter-armaturenbrett-lancia-kappa\/#breadcrumb","itemListElement":[{"@type":"ListItem","position":1,"name":"Home","item":"https:\/\/turijnmagazijn.nl\/de\/"},{"@type":"ListItem","position":2,"name":"Produkte","item":"https:\/\/turijnmagazijn.nl\/de\/shop\/"},{"@type":"ListItem","position":3,"name":"Halterungshalter f\u00fcr Z\u00fcndmodul unter dem Armaturenbrett Lancia Kappa"}]},{"@type":"WebSite","@id":"https:\/\/turijnmagazijn.jumpstone-dev.nl\/#website","url":"https:\/\/turijnmagazijn.jumpstone-dev.nl\/","name":"Turijnmagazijn","description":"Onderdelen nieuw en gebruikt - Fiat &amp; Lancia","publisher":{"@id":"https:\/\/turijnmagazijn.jumpstone-dev.nl\/#organization"},"potentialAction":[{"@type":"SearchAction","target":{"@type":"EntryPoint","urlTemplate":"https:\/\/turijnmagazijn.jumpstone-dev.nl\/?s={search_term_string}"},"query-input":{"@type":"PropertyValueSpecification","valueRequired":true,"valueName":"search_term_string"}}],"inLanguage":"de"},{"@type":"Organization","@id":"https:\/\/turijnmagazijn.jumpstone-dev.nl\/#organization","name":"Turijnmagazijn","url":"https:\/\/turijnmagazijn.jumpstone-dev.nl\/","logo":{"@type":"ImageObject","inLanguage":"de","@id":"https:\/\/turijnmagazijn.jumpstone-dev.nl\/#\/schema\/logo\/image\/","url":"https:\/\/turijnmagazijn.nl\/wp-content\/uploads\/2021\/02\/turijnmagazijnlogo.png","contentUrl":"https:\/\/turijnmagazijn.nl\/wp-content\/uploads\/2021\/02\/turijnmagazijnlogo.png","width":555,"height":270,"caption":"Turijnmagazijn"},"image":{"@id":"https:\/\/turijnmagazijn.jumpstone-dev.nl\/#\/schema\/logo\/image\/"},"sameAs":["https:\/\/www.facebook.com\/turijnmagazijn"]}]}},"_links":{"self":[{"href":"https:\/\/turijnmagazijn.nl\/de\/wp-json\/wp\/v2\/product\/64887","targetHints":{"allow":["GET"]}}],"collection":[{"href":"https:\/\/turijnmagazijn.nl\/de\/wp-json\/wp\/v2\/product"}],"about":[{"href":"https:\/\/turijnmagazijn.nl\/de\/wp-json\/wp\/v2\/types\/product"}],"replies":[{"embeddable":true,"href":"https:\/\/turijnmagazijn.nl\/de\/wp-json\/wp\/v2\/comments?post=64887"}],"wp:featuredmedia":[{"embeddable":true,"href":"https:\/\/turijnmagazijn.nl\/de\/wp-json\/wp\/v2\/media\/47353"}],"wp:attachment":[{"href":"https:\/\/turijnmagazijn.nl\/de\/wp-json\/wp\/v2\/media?parent=64887"}],"wp:term":[{"taxonomy":"product_brand","embeddable":true,"href":"https:\/\/turijnmagazijn.nl\/de\/wp-json\/wp\/v2\/product_brand?post=64887"},{"taxonomy":"product_cat","embeddable":true,"href":"https:\/\/turijnmagazijn.nl\/de\/wp-json\/wp\/v2\/product_cat?post=64887"},{"taxonomy":"product_tag","embeddable":true,"href":"https:\/\/turijnmagazijn.nl\/de\/wp-json\/wp\/v2\/product_tag?post=64887"}],"curies":[{"name":"wp","href":"https:\/\/api.w.org\/{rel}","templated":true}]}}