{"id":64889,"date":"2023-03-03T09:19:50","date_gmt":"2023-03-03T08:19:50","guid":{"rendered":"https:\/\/turijnmagazijn.nl\/product\/steuergeraet-modul-zuendung-lancia-kappa-2-0-20v-benzin\/"},"modified":"2023-07-27T12:17:58","modified_gmt":"2023-07-27T10:17:58","slug":"steuergerat-modul-zundung-lancia-kappa-2-0-20v-benzin","status":"publish","type":"product","link":"https:\/\/turijnmagazijn.nl\/de\/produkt\/steuergerat-modul-zundung-lancia-kappa-2-0-20v-benzin\/","title":{"rendered":"Steuerger\u00e4t Modul Z\u00fcndung Lancia Kappa 2.0 20V Benzin"},"content":{"rendered":"<p><span data-sheets-value=\"{\"1\":2,\"2\":\"Regeleenheid module ontsteking Lancia Kappa 2.0 20V benzine\"}\" data-sheets-userformat=\"{\"2\":6657,\"3\":{\"1\":0},\"12\":0,\"14\":[null,2,3092271],\"15\":\"Roboto, RobotoDraft, Helvetica, Arial, sans-serif\"}\" style=\"\">Gebrauchtes Z\u00fcndsteuerger\u00e4t f\u00fcr Lancia Kappa 2.0 20V Benzin.<\/span><\/p>\n<p><span data-sheets-value=\"{\"1\":2,\"2\":\"Regeleenheid module ontsteking Lancia Kappa 2.0 20V benzine\"}\" data-sheets-userformat=\"{\"2\":6657,\"3\":{\"1\":0},\"12\":0,\"14\":[null,2,3092271],\"15\":\"Roboto, RobotoDraft, Helvetica, Arial, sans-serif\"}\" style=\"\">Dieses Modul befindet sich im Innenraum unter der Lenks\u00e4ule und ist mit dem Z\u00fcndschloss verbunden, wirkt als Wegfahrsperre. Der Code im Chip im Schl\u00fcssel muss mit dem in dieser Einheit gespeicherten Code \u00fcbereinstimmen. Um das Ger\u00e4t verwenden zu k\u00f6nnen, ist ein erneutes Anlernen des Z\u00fcndschl\u00fcssels am Modul erforderlich.<\/span><\/p>\n<p><span data-sheets-value=\"{\"1\":2,\"2\":\"Regeleenheid module ontsteking Lancia Kappa 2.0 20V benzine\"}\" data-sheets-userformat=\"{\"2\":6657,\"3\":{\"1\":0},\"12\":0,\"14\":[null,2,3092271],\"15\":\"Roboto, RobotoDraft, Helvetica, Arial, sans-serif\"}\" style=\"\">Demontiert&nbsp; in gutem Zustand<\/span> von einem Lancia Kappa 2.0 20V Limousine Benziner mit Automatik aus dem Jahr 1997 mit einer Laufleistung von 175.000km.<\/p>\n<p><span data-sheets-value=\"{\"1\":2,\"2\":\"Regeleenheid module ontsteking Lancia Kappa 2.0 20V benzine\"}\" data-sheets-userformat=\"{\"2\":6657,\"3\":{\"1\":0},\"12\":0,\"14\":[null,2,3092271],\"15\":\"Roboto, RobotoDraft, Helvetica, Arial, sans-serif\"}\" style=\"\"><span data-sheets-value=\"{\"1\":2,\"2\":\"afkomstig uit een Lancia Kappa 2.0 20V sedan benzine met automaat van bouwjaar 1997 met een kilometrage van 175.000km.\"}\" data-sheets-userformat=\"{\"2\":14851,\"3\":{\"1\":0},\"4\":{\"1\":2,\"2\":16777215},\"12\":0,\"14\":{\"1\":2,\"2\":6710886},\"15\":\"\"Open Sans\", sans-serif\",\"16\":9}\" style=\"\">OEM Lancia 46464701<br \/><\/span><br \/><\/span><\/p>\n","protected":false},"excerpt":{"rendered":"<p>Steuerger\u00e4t Z\u00fcndung Lancia Kappa 2.0 20V Benzin &#8211; Gebrauchtes Z\u00fcndsteuerger\u00e4t f\u00fcr Lancia Kappa 2.<\/p>\n","protected":false},"featured_media":47341,"comment_status":"open","ping_status":"closed","template":"","meta":{"_acf_changed":false},"product_brand":[],"product_cat":[1867,1859,1797,1869],"product_tag":[],"class_list":{"0":"post-64889","1":"product","2":"type-product","3":"status-publish","4":"has-post-thumbnail","6":"product_cat-coupe-de","7":"product_cat-kappa-838-de","8":"product_cat-lancia-de","9":"product_cat-sw-de","10":"pa_soort-onderdeel-elektronik-und-kabel","12":"first","13":"instock","14":"shipping-taxable","15":"purchasable","16":"product-type-simple"},"acf":[],"yoast_head":"<!-- This site is optimized with the Yoast SEO plugin v27.3 - https:\/\/yoast.com\/product\/yoast-seo-wordpress\/ -->\n<title>Steuerger\u00e4t Modul Z\u00fcndung Lancia Kappa 2.0 20V Benzin - Turijnmagazijn<\/title>\n<meta name=\"robots\" content=\"index, follow, max-snippet:-1, max-image-preview:large, max-video-preview:-1\" \/>\n<link rel=\"canonical\" href=\"https:\/\/turijnmagazijn.nl\/de\/produkt\/steuergerat-modul-zundung-lancia-kappa-2-0-20v-benzin\/\" \/>\n<meta property=\"og:locale\" content=\"de_DE\" \/>\n<meta property=\"og:type\" content=\"article\" \/>\n<meta property=\"og:title\" content=\"Steuerger\u00e4t Modul Z\u00fcndung Lancia Kappa 2.0 20V Benzin - Turijnmagazijn\" \/>\n<meta property=\"og:description\" content=\"Steuerger\u00e4t Z\u00fcndung Lancia Kappa 2.0 20V Benzin - Gebrauchtes Z\u00fcndsteuerger\u00e4t f\u00fcr Lancia Kappa 2.\" \/>\n<meta property=\"og:url\" content=\"https:\/\/turijnmagazijn.nl\/de\/produkt\/steuergerat-modul-zundung-lancia-kappa-2-0-20v-benzin\/\" \/>\n<meta property=\"og:site_name\" content=\"Turijnmagazijn\" \/>\n<meta property=\"article:publisher\" content=\"https:\/\/www.facebook.com\/turijnmagazijn\" \/>\n<meta property=\"article:modified_time\" content=\"2023-07-27T10:17:58+00:00\" \/>\n<meta property=\"og:image\" content=\"https:\/\/turijnmagazijn.nl\/wp-content\/uploads\/2023\/03\/DK00102259-Regeleenheid-module-ontsteking-Lancia-Kappa-2.0-20V-benzine-1-1.jpg\" \/>\n\t<meta property=\"og:image:width\" content=\"1024\" \/>\n\t<meta property=\"og:image:height\" content=\"768\" \/>\n\t<meta property=\"og:image:type\" content=\"image\/jpeg\" \/>\n<meta name=\"twitter:card\" content=\"summary_large_image\" \/>\n<script type=\"application\/ld+json\" class=\"yoast-schema-graph\">{\"@context\":\"https:\\\/\\\/schema.org\",\"@graph\":[{\"@type\":\"WebPage\",\"@id\":\"https:\\\/\\\/turijnmagazijn.nl\\\/de\\\/produkt\\\/steuergerat-modul-zundung-lancia-kappa-2-0-20v-benzin\\\/\",\"url\":\"https:\\\/\\\/turijnmagazijn.nl\\\/de\\\/produkt\\\/steuergerat-modul-zundung-lancia-kappa-2-0-20v-benzin\\\/\",\"name\":\"Steuerger\u00e4t Modul Z\u00fcndung Lancia Kappa 2.0 20V Benzin - Turijnmagazijn\",\"isPartOf\":{\"@id\":\"https:\\\/\\\/turijnmagazijn.jumpstone-dev.nl\\\/#website\"},\"primaryImageOfPage\":{\"@id\":\"https:\\\/\\\/turijnmagazijn.nl\\\/de\\\/produkt\\\/steuergerat-modul-zundung-lancia-kappa-2-0-20v-benzin\\\/#primaryimage\"},\"image\":{\"@id\":\"https:\\\/\\\/turijnmagazijn.nl\\\/de\\\/produkt\\\/steuergerat-modul-zundung-lancia-kappa-2-0-20v-benzin\\\/#primaryimage\"},\"thumbnailUrl\":\"https:\\\/\\\/turijnmagazijn.nl\\\/wp-content\\\/uploads\\\/2023\\\/03\\\/DK00102259-Regeleenheid-module-ontsteking-Lancia-Kappa-2.0-20V-benzine-1-1.jpg\",\"datePublished\":\"2023-03-03T08:19:50+00:00\",\"dateModified\":\"2023-07-27T10:17:58+00:00\",\"breadcrumb\":{\"@id\":\"https:\\\/\\\/turijnmagazijn.nl\\\/de\\\/produkt\\\/steuergerat-modul-zundung-lancia-kappa-2-0-20v-benzin\\\/#breadcrumb\"},\"inLanguage\":\"de\",\"potentialAction\":[{\"@type\":\"ReadAction\",\"target\":[\"https:\\\/\\\/turijnmagazijn.nl\\\/de\\\/produkt\\\/steuergerat-modul-zundung-lancia-kappa-2-0-20v-benzin\\\/\"]}]},{\"@type\":\"ImageObject\",\"inLanguage\":\"de\",\"@id\":\"https:\\\/\\\/turijnmagazijn.nl\\\/de\\\/produkt\\\/steuergerat-modul-zundung-lancia-kappa-2-0-20v-benzin\\\/#primaryimage\",\"url\":\"https:\\\/\\\/turijnmagazijn.nl\\\/wp-content\\\/uploads\\\/2023\\\/03\\\/DK00102259-Regeleenheid-module-ontsteking-Lancia-Kappa-2.0-20V-benzine-1-1.jpg\",\"contentUrl\":\"https:\\\/\\\/turijnmagazijn.nl\\\/wp-content\\\/uploads\\\/2023\\\/03\\\/DK00102259-Regeleenheid-module-ontsteking-Lancia-Kappa-2.0-20V-benzine-1-1.jpg\",\"width\":1024,\"height\":768},{\"@type\":\"BreadcrumbList\",\"@id\":\"https:\\\/\\\/turijnmagazijn.nl\\\/de\\\/produkt\\\/steuergerat-modul-zundung-lancia-kappa-2-0-20v-benzin\\\/#breadcrumb\",\"itemListElement\":[{\"@type\":\"ListItem\",\"position\":1,\"name\":\"Home\",\"item\":\"https:\\\/\\\/turijnmagazijn.nl\\\/de\\\/\"},{\"@type\":\"ListItem\",\"position\":2,\"name\":\"Produkte\",\"item\":\"https:\\\/\\\/turijnmagazijn.nl\\\/de\\\/shop\\\/\"},{\"@type\":\"ListItem\",\"position\":3,\"name\":\"Steuerger\u00e4t Modul Z\u00fcndung Lancia Kappa 2.0 20V Benzin\"}]},{\"@type\":\"WebSite\",\"@id\":\"https:\\\/\\\/turijnmagazijn.jumpstone-dev.nl\\\/#website\",\"url\":\"https:\\\/\\\/turijnmagazijn.jumpstone-dev.nl\\\/\",\"name\":\"Turijnmagazijn\",\"description\":\"Onderdelen nieuw en gebruikt - Fiat &amp; Lancia\",\"publisher\":{\"@id\":\"https:\\\/\\\/turijnmagazijn.jumpstone-dev.nl\\\/#organization\"},\"potentialAction\":[{\"@type\":\"SearchAction\",\"target\":{\"@type\":\"EntryPoint\",\"urlTemplate\":\"https:\\\/\\\/turijnmagazijn.jumpstone-dev.nl\\\/?s={search_term_string}\"},\"query-input\":{\"@type\":\"PropertyValueSpecification\",\"valueRequired\":true,\"valueName\":\"search_term_string\"}}],\"inLanguage\":\"de\"},{\"@type\":\"Organization\",\"@id\":\"https:\\\/\\\/turijnmagazijn.jumpstone-dev.nl\\\/#organization\",\"name\":\"Turijnmagazijn\",\"url\":\"https:\\\/\\\/turijnmagazijn.jumpstone-dev.nl\\\/\",\"logo\":{\"@type\":\"ImageObject\",\"inLanguage\":\"de\",\"@id\":\"https:\\\/\\\/turijnmagazijn.jumpstone-dev.nl\\\/#\\\/schema\\\/logo\\\/image\\\/\",\"url\":\"https:\\\/\\\/turijnmagazijn.nl\\\/wp-content\\\/uploads\\\/2021\\\/02\\\/turijnmagazijnlogo.png\",\"contentUrl\":\"https:\\\/\\\/turijnmagazijn.nl\\\/wp-content\\\/uploads\\\/2021\\\/02\\\/turijnmagazijnlogo.png\",\"width\":555,\"height\":270,\"caption\":\"Turijnmagazijn\"},\"image\":{\"@id\":\"https:\\\/\\\/turijnmagazijn.jumpstone-dev.nl\\\/#\\\/schema\\\/logo\\\/image\\\/\"},\"sameAs\":[\"https:\\\/\\\/www.facebook.com\\\/turijnmagazijn\"]}]}<\/script>\n<!-- \/ Yoast SEO plugin. -->","yoast_head_json":{"title":"Steuerger\u00e4t Modul Z\u00fcndung Lancia Kappa 2.0 20V Benzin - Turijnmagazijn","robots":{"index":"index","follow":"follow","max-snippet":"max-snippet:-1","max-image-preview":"max-image-preview:large","max-video-preview":"max-video-preview:-1"},"canonical":"https:\/\/turijnmagazijn.nl\/de\/produkt\/steuergerat-modul-zundung-lancia-kappa-2-0-20v-benzin\/","og_locale":"de_DE","og_type":"article","og_title":"Steuerger\u00e4t Modul Z\u00fcndung Lancia Kappa 2.0 20V Benzin - Turijnmagazijn","og_description":"Steuerger\u00e4t Z\u00fcndung Lancia Kappa 2.0 20V Benzin - Gebrauchtes Z\u00fcndsteuerger\u00e4t f\u00fcr Lancia Kappa 2.","og_url":"https:\/\/turijnmagazijn.nl\/de\/produkt\/steuergerat-modul-zundung-lancia-kappa-2-0-20v-benzin\/","og_site_name":"Turijnmagazijn","article_publisher":"https:\/\/www.facebook.com\/turijnmagazijn","article_modified_time":"2023-07-27T10:17:58+00:00","og_image":[{"width":1024,"height":768,"url":"https:\/\/turijnmagazijn.nl\/wp-content\/uploads\/2023\/03\/DK00102259-Regeleenheid-module-ontsteking-Lancia-Kappa-2.0-20V-benzine-1-1.jpg","type":"image\/jpeg"}],"twitter_card":"summary_large_image","schema":{"@context":"https:\/\/schema.org","@graph":[{"@type":"WebPage","@id":"https:\/\/turijnmagazijn.nl\/de\/produkt\/steuergerat-modul-zundung-lancia-kappa-2-0-20v-benzin\/","url":"https:\/\/turijnmagazijn.nl\/de\/produkt\/steuergerat-modul-zundung-lancia-kappa-2-0-20v-benzin\/","name":"Steuerger\u00e4t Modul Z\u00fcndung Lancia Kappa 2.0 20V Benzin - Turijnmagazijn","isPartOf":{"@id":"https:\/\/turijnmagazijn.jumpstone-dev.nl\/#website"},"primaryImageOfPage":{"@id":"https:\/\/turijnmagazijn.nl\/de\/produkt\/steuergerat-modul-zundung-lancia-kappa-2-0-20v-benzin\/#primaryimage"},"image":{"@id":"https:\/\/turijnmagazijn.nl\/de\/produkt\/steuergerat-modul-zundung-lancia-kappa-2-0-20v-benzin\/#primaryimage"},"thumbnailUrl":"https:\/\/turijnmagazijn.nl\/wp-content\/uploads\/2023\/03\/DK00102259-Regeleenheid-module-ontsteking-Lancia-Kappa-2.0-20V-benzine-1-1.jpg","datePublished":"2023-03-03T08:19:50+00:00","dateModified":"2023-07-27T10:17:58+00:00","breadcrumb":{"@id":"https:\/\/turijnmagazijn.nl\/de\/produkt\/steuergerat-modul-zundung-lancia-kappa-2-0-20v-benzin\/#breadcrumb"},"inLanguage":"de","potentialAction":[{"@type":"ReadAction","target":["https:\/\/turijnmagazijn.nl\/de\/produkt\/steuergerat-modul-zundung-lancia-kappa-2-0-20v-benzin\/"]}]},{"@type":"ImageObject","inLanguage":"de","@id":"https:\/\/turijnmagazijn.nl\/de\/produkt\/steuergerat-modul-zundung-lancia-kappa-2-0-20v-benzin\/#primaryimage","url":"https:\/\/turijnmagazijn.nl\/wp-content\/uploads\/2023\/03\/DK00102259-Regeleenheid-module-ontsteking-Lancia-Kappa-2.0-20V-benzine-1-1.jpg","contentUrl":"https:\/\/turijnmagazijn.nl\/wp-content\/uploads\/2023\/03\/DK00102259-Regeleenheid-module-ontsteking-Lancia-Kappa-2.0-20V-benzine-1-1.jpg","width":1024,"height":768},{"@type":"BreadcrumbList","@id":"https:\/\/turijnmagazijn.nl\/de\/produkt\/steuergerat-modul-zundung-lancia-kappa-2-0-20v-benzin\/#breadcrumb","itemListElement":[{"@type":"ListItem","position":1,"name":"Home","item":"https:\/\/turijnmagazijn.nl\/de\/"},{"@type":"ListItem","position":2,"name":"Produkte","item":"https:\/\/turijnmagazijn.nl\/de\/shop\/"},{"@type":"ListItem","position":3,"name":"Steuerger\u00e4t Modul Z\u00fcndung Lancia Kappa 2.0 20V Benzin"}]},{"@type":"WebSite","@id":"https:\/\/turijnmagazijn.jumpstone-dev.nl\/#website","url":"https:\/\/turijnmagazijn.jumpstone-dev.nl\/","name":"Turijnmagazijn","description":"Onderdelen nieuw en gebruikt - Fiat &amp; Lancia","publisher":{"@id":"https:\/\/turijnmagazijn.jumpstone-dev.nl\/#organization"},"potentialAction":[{"@type":"SearchAction","target":{"@type":"EntryPoint","urlTemplate":"https:\/\/turijnmagazijn.jumpstone-dev.nl\/?s={search_term_string}"},"query-input":{"@type":"PropertyValueSpecification","valueRequired":true,"valueName":"search_term_string"}}],"inLanguage":"de"},{"@type":"Organization","@id":"https:\/\/turijnmagazijn.jumpstone-dev.nl\/#organization","name":"Turijnmagazijn","url":"https:\/\/turijnmagazijn.jumpstone-dev.nl\/","logo":{"@type":"ImageObject","inLanguage":"de","@id":"https:\/\/turijnmagazijn.jumpstone-dev.nl\/#\/schema\/logo\/image\/","url":"https:\/\/turijnmagazijn.nl\/wp-content\/uploads\/2021\/02\/turijnmagazijnlogo.png","contentUrl":"https:\/\/turijnmagazijn.nl\/wp-content\/uploads\/2021\/02\/turijnmagazijnlogo.png","width":555,"height":270,"caption":"Turijnmagazijn"},"image":{"@id":"https:\/\/turijnmagazijn.jumpstone-dev.nl\/#\/schema\/logo\/image\/"},"sameAs":["https:\/\/www.facebook.com\/turijnmagazijn"]}]}},"_links":{"self":[{"href":"https:\/\/turijnmagazijn.nl\/de\/wp-json\/wp\/v2\/product\/64889","targetHints":{"allow":["GET"]}}],"collection":[{"href":"https:\/\/turijnmagazijn.nl\/de\/wp-json\/wp\/v2\/product"}],"about":[{"href":"https:\/\/turijnmagazijn.nl\/de\/wp-json\/wp\/v2\/types\/product"}],"replies":[{"embeddable":true,"href":"https:\/\/turijnmagazijn.nl\/de\/wp-json\/wp\/v2\/comments?post=64889"}],"wp:featuredmedia":[{"embeddable":true,"href":"https:\/\/turijnmagazijn.nl\/de\/wp-json\/wp\/v2\/media\/47341"}],"wp:attachment":[{"href":"https:\/\/turijnmagazijn.nl\/de\/wp-json\/wp\/v2\/media?parent=64889"}],"wp:term":[{"taxonomy":"product_brand","embeddable":true,"href":"https:\/\/turijnmagazijn.nl\/de\/wp-json\/wp\/v2\/product_brand?post=64889"},{"taxonomy":"product_cat","embeddable":true,"href":"https:\/\/turijnmagazijn.nl\/de\/wp-json\/wp\/v2\/product_cat?post=64889"},{"taxonomy":"product_tag","embeddable":true,"href":"https:\/\/turijnmagazijn.nl\/de\/wp-json\/wp\/v2\/product_tag?post=64889"}],"curies":[{"name":"wp","href":"https:\/\/api.w.org\/{rel}","templated":true}]}}