{"id":64932,"date":"2023-03-03T09:20:14","date_gmt":"2023-03-03T08:20:14","guid":{"rendered":"https:\/\/turijnmagazijn.nl\/product\/aussenspiegel-links-elektrisch-verstellbar-fiat-stilo-schwarz\/"},"modified":"2023-07-27T12:19:36","modified_gmt":"2023-07-27T10:19:36","slug":"ausenspiegel-links-elektrisch-verstellbar-fiat-stilo-schwarz","status":"publish","type":"product","link":"https:\/\/turijnmagazijn.nl\/de\/produkt\/ausenspiegel-links-elektrisch-verstellbar-fiat-stilo-schwarz\/","title":{"rendered":"Au\u00dfenspiegel links elektrisch verstellbar Fiat Stilo Schwarz"},"content":{"rendered":"<p>Gebrauchter Au\u00dfenspiegel links f\u00fcr Fiat Stilo. Von einem 5-t\u00fcrigen Modell aus dem Jahr 2002. Der Spiegel ist ohne Spiegelglas, das bei diesen Autos oft verwittert. Ein g\u00fcnstiges Ersatzspiegelglas finden Sie im Shop.&nbsp;<\/p>\n<p>Die Spiegelkappe ist co-lackiert und hat eine schwarze Metallic-Lackierung.<\/p>\n<p>Die Motorhaube ist ordentlich, bis auf etwas Schotter auf dem Lack.<\/p>\n<p>Diese Spiegeleinheit ist mit einem Klimaanlagen-Au\u00dfentemperatursensor unter dem Spiegel ausgestattet. Dieser Sensor liefert die Daten f\u00fcr die Klimaanlage.<\/p>\n<p>Ausgestattet mit einem Stecker mit 18-poligem Anschluss.<\/p>\n<p>OEM Fiat&nbsp;<span style=\"background-image: initial; background-position: initial; background-size: initial; background-repeat: initial; background-attachment: initial; background-origin: initial; background-clip: initial;\">735306560<\/span><\/p>\n","protected":false},"excerpt":{"rendered":"<p>Au\u00dfenspiegel links elektrisch verstellbar Fiat Stilo Schwarz &#8211; Gebrauchter Au\u00dfenspiegel links f\u00fcr Fiat Stilo.<\/p>\n","protected":false},"featured_media":47657,"comment_status":"open","ping_status":"closed","template":"","meta":{"_acf_changed":false},"product_brand":[],"product_cat":[1689,1762],"product_tag":[],"class_list":{"0":"post-64932","1":"product","2":"type-product","3":"status-publish","4":"has-post-thumbnail","6":"product_cat-fiat-de","7":"product_cat-stilo-192-de","8":"pa_soort-onderdeel-karosserie-und-blech","9":"pa_soort-onderdeel-spiegel","11":"first","12":"instock","13":"shipping-taxable","14":"purchasable","15":"product-type-simple"},"acf":[],"yoast_head":"<!-- This site is optimized with the Yoast SEO plugin v27.3 - https:\/\/yoast.com\/product\/yoast-seo-wordpress\/ -->\n<title>Au\u00dfenspiegel links elektrisch verstellbar Fiat Stilo Schwarz - Turijnmagazijn<\/title>\n<meta name=\"robots\" content=\"index, follow, max-snippet:-1, max-image-preview:large, max-video-preview:-1\" \/>\n<link rel=\"canonical\" href=\"https:\/\/turijnmagazijn.nl\/de\/produkt\/ausenspiegel-links-elektrisch-verstellbar-fiat-stilo-schwarz\/\" \/>\n<meta property=\"og:locale\" content=\"de_DE\" \/>\n<meta property=\"og:type\" content=\"article\" \/>\n<meta property=\"og:title\" content=\"Au\u00dfenspiegel links elektrisch verstellbar Fiat Stilo Schwarz - Turijnmagazijn\" \/>\n<meta property=\"og:description\" content=\"Au\u00dfenspiegel links elektrisch verstellbar Fiat Stilo Schwarz - Gebrauchter Au\u00dfenspiegel links f\u00fcr Fiat Stilo.\" \/>\n<meta property=\"og:url\" content=\"https:\/\/turijnmagazijn.nl\/de\/produkt\/ausenspiegel-links-elektrisch-verstellbar-fiat-stilo-schwarz\/\" \/>\n<meta property=\"og:site_name\" content=\"Turijnmagazijn\" \/>\n<meta property=\"article:publisher\" content=\"https:\/\/www.facebook.com\/turijnmagazijn\" \/>\n<meta property=\"article:modified_time\" content=\"2023-07-27T10:19:36+00:00\" \/>\n<meta property=\"og:image\" content=\"https:\/\/turijnmagazijn.nl\/wp-content\/uploads\/2023\/03\/DK00102281-Buitenspiegel-Links-elektrisch-verstelbaar-Fiat-Stilo-Zwart-6-1.jpg\" \/>\n\t<meta property=\"og:image:width\" content=\"1024\" \/>\n\t<meta property=\"og:image:height\" content=\"768\" \/>\n\t<meta property=\"og:image:type\" content=\"image\/jpeg\" \/>\n<meta name=\"twitter:card\" content=\"summary_large_image\" \/>\n<script type=\"application\/ld+json\" class=\"yoast-schema-graph\">{\"@context\":\"https:\\\/\\\/schema.org\",\"@graph\":[{\"@type\":\"WebPage\",\"@id\":\"https:\\\/\\\/turijnmagazijn.nl\\\/de\\\/produkt\\\/ausenspiegel-links-elektrisch-verstellbar-fiat-stilo-schwarz\\\/\",\"url\":\"https:\\\/\\\/turijnmagazijn.nl\\\/de\\\/produkt\\\/ausenspiegel-links-elektrisch-verstellbar-fiat-stilo-schwarz\\\/\",\"name\":\"Au\u00dfenspiegel links elektrisch verstellbar Fiat Stilo Schwarz - Turijnmagazijn\",\"isPartOf\":{\"@id\":\"https:\\\/\\\/turijnmagazijn.jumpstone-dev.nl\\\/#website\"},\"primaryImageOfPage\":{\"@id\":\"https:\\\/\\\/turijnmagazijn.nl\\\/de\\\/produkt\\\/ausenspiegel-links-elektrisch-verstellbar-fiat-stilo-schwarz\\\/#primaryimage\"},\"image\":{\"@id\":\"https:\\\/\\\/turijnmagazijn.nl\\\/de\\\/produkt\\\/ausenspiegel-links-elektrisch-verstellbar-fiat-stilo-schwarz\\\/#primaryimage\"},\"thumbnailUrl\":\"https:\\\/\\\/turijnmagazijn.nl\\\/wp-content\\\/uploads\\\/2023\\\/03\\\/DK00102281-Buitenspiegel-Links-elektrisch-verstelbaar-Fiat-Stilo-Zwart-6-1.jpg\",\"datePublished\":\"2023-03-03T08:20:14+00:00\",\"dateModified\":\"2023-07-27T10:19:36+00:00\",\"breadcrumb\":{\"@id\":\"https:\\\/\\\/turijnmagazijn.nl\\\/de\\\/produkt\\\/ausenspiegel-links-elektrisch-verstellbar-fiat-stilo-schwarz\\\/#breadcrumb\"},\"inLanguage\":\"de\",\"potentialAction\":[{\"@type\":\"ReadAction\",\"target\":[\"https:\\\/\\\/turijnmagazijn.nl\\\/de\\\/produkt\\\/ausenspiegel-links-elektrisch-verstellbar-fiat-stilo-schwarz\\\/\"]}]},{\"@type\":\"ImageObject\",\"inLanguage\":\"de\",\"@id\":\"https:\\\/\\\/turijnmagazijn.nl\\\/de\\\/produkt\\\/ausenspiegel-links-elektrisch-verstellbar-fiat-stilo-schwarz\\\/#primaryimage\",\"url\":\"https:\\\/\\\/turijnmagazijn.nl\\\/wp-content\\\/uploads\\\/2023\\\/03\\\/DK00102281-Buitenspiegel-Links-elektrisch-verstelbaar-Fiat-Stilo-Zwart-6-1.jpg\",\"contentUrl\":\"https:\\\/\\\/turijnmagazijn.nl\\\/wp-content\\\/uploads\\\/2023\\\/03\\\/DK00102281-Buitenspiegel-Links-elektrisch-verstelbaar-Fiat-Stilo-Zwart-6-1.jpg\",\"width\":1024,\"height\":768},{\"@type\":\"BreadcrumbList\",\"@id\":\"https:\\\/\\\/turijnmagazijn.nl\\\/de\\\/produkt\\\/ausenspiegel-links-elektrisch-verstellbar-fiat-stilo-schwarz\\\/#breadcrumb\",\"itemListElement\":[{\"@type\":\"ListItem\",\"position\":1,\"name\":\"Home\",\"item\":\"https:\\\/\\\/turijnmagazijn.nl\\\/de\\\/\"},{\"@type\":\"ListItem\",\"position\":2,\"name\":\"Produkte\",\"item\":\"https:\\\/\\\/turijnmagazijn.nl\\\/de\\\/shop\\\/\"},{\"@type\":\"ListItem\",\"position\":3,\"name\":\"Au\u00dfenspiegel links elektrisch verstellbar Fiat Stilo Schwarz\"}]},{\"@type\":\"WebSite\",\"@id\":\"https:\\\/\\\/turijnmagazijn.jumpstone-dev.nl\\\/#website\",\"url\":\"https:\\\/\\\/turijnmagazijn.jumpstone-dev.nl\\\/\",\"name\":\"Turijnmagazijn\",\"description\":\"Onderdelen nieuw en gebruikt - Fiat &amp; Lancia\",\"publisher\":{\"@id\":\"https:\\\/\\\/turijnmagazijn.jumpstone-dev.nl\\\/#organization\"},\"potentialAction\":[{\"@type\":\"SearchAction\",\"target\":{\"@type\":\"EntryPoint\",\"urlTemplate\":\"https:\\\/\\\/turijnmagazijn.jumpstone-dev.nl\\\/?s={search_term_string}\"},\"query-input\":{\"@type\":\"PropertyValueSpecification\",\"valueRequired\":true,\"valueName\":\"search_term_string\"}}],\"inLanguage\":\"de\"},{\"@type\":\"Organization\",\"@id\":\"https:\\\/\\\/turijnmagazijn.jumpstone-dev.nl\\\/#organization\",\"name\":\"Turijnmagazijn\",\"url\":\"https:\\\/\\\/turijnmagazijn.jumpstone-dev.nl\\\/\",\"logo\":{\"@type\":\"ImageObject\",\"inLanguage\":\"de\",\"@id\":\"https:\\\/\\\/turijnmagazijn.jumpstone-dev.nl\\\/#\\\/schema\\\/logo\\\/image\\\/\",\"url\":\"https:\\\/\\\/turijnmagazijn.nl\\\/wp-content\\\/uploads\\\/2021\\\/02\\\/turijnmagazijnlogo.png\",\"contentUrl\":\"https:\\\/\\\/turijnmagazijn.nl\\\/wp-content\\\/uploads\\\/2021\\\/02\\\/turijnmagazijnlogo.png\",\"width\":555,\"height\":270,\"caption\":\"Turijnmagazijn\"},\"image\":{\"@id\":\"https:\\\/\\\/turijnmagazijn.jumpstone-dev.nl\\\/#\\\/schema\\\/logo\\\/image\\\/\"},\"sameAs\":[\"https:\\\/\\\/www.facebook.com\\\/turijnmagazijn\"]}]}<\/script>\n<!-- \/ Yoast SEO plugin. -->","yoast_head_json":{"title":"Au\u00dfenspiegel links elektrisch verstellbar Fiat Stilo Schwarz - Turijnmagazijn","robots":{"index":"index","follow":"follow","max-snippet":"max-snippet:-1","max-image-preview":"max-image-preview:large","max-video-preview":"max-video-preview:-1"},"canonical":"https:\/\/turijnmagazijn.nl\/de\/produkt\/ausenspiegel-links-elektrisch-verstellbar-fiat-stilo-schwarz\/","og_locale":"de_DE","og_type":"article","og_title":"Au\u00dfenspiegel links elektrisch verstellbar Fiat Stilo Schwarz - Turijnmagazijn","og_description":"Au\u00dfenspiegel links elektrisch verstellbar Fiat Stilo Schwarz - Gebrauchter Au\u00dfenspiegel links f\u00fcr Fiat Stilo.","og_url":"https:\/\/turijnmagazijn.nl\/de\/produkt\/ausenspiegel-links-elektrisch-verstellbar-fiat-stilo-schwarz\/","og_site_name":"Turijnmagazijn","article_publisher":"https:\/\/www.facebook.com\/turijnmagazijn","article_modified_time":"2023-07-27T10:19:36+00:00","og_image":[{"width":1024,"height":768,"url":"https:\/\/turijnmagazijn.nl\/wp-content\/uploads\/2023\/03\/DK00102281-Buitenspiegel-Links-elektrisch-verstelbaar-Fiat-Stilo-Zwart-6-1.jpg","type":"image\/jpeg"}],"twitter_card":"summary_large_image","schema":{"@context":"https:\/\/schema.org","@graph":[{"@type":"WebPage","@id":"https:\/\/turijnmagazijn.nl\/de\/produkt\/ausenspiegel-links-elektrisch-verstellbar-fiat-stilo-schwarz\/","url":"https:\/\/turijnmagazijn.nl\/de\/produkt\/ausenspiegel-links-elektrisch-verstellbar-fiat-stilo-schwarz\/","name":"Au\u00dfenspiegel links elektrisch verstellbar Fiat Stilo Schwarz - Turijnmagazijn","isPartOf":{"@id":"https:\/\/turijnmagazijn.jumpstone-dev.nl\/#website"},"primaryImageOfPage":{"@id":"https:\/\/turijnmagazijn.nl\/de\/produkt\/ausenspiegel-links-elektrisch-verstellbar-fiat-stilo-schwarz\/#primaryimage"},"image":{"@id":"https:\/\/turijnmagazijn.nl\/de\/produkt\/ausenspiegel-links-elektrisch-verstellbar-fiat-stilo-schwarz\/#primaryimage"},"thumbnailUrl":"https:\/\/turijnmagazijn.nl\/wp-content\/uploads\/2023\/03\/DK00102281-Buitenspiegel-Links-elektrisch-verstelbaar-Fiat-Stilo-Zwart-6-1.jpg","datePublished":"2023-03-03T08:20:14+00:00","dateModified":"2023-07-27T10:19:36+00:00","breadcrumb":{"@id":"https:\/\/turijnmagazijn.nl\/de\/produkt\/ausenspiegel-links-elektrisch-verstellbar-fiat-stilo-schwarz\/#breadcrumb"},"inLanguage":"de","potentialAction":[{"@type":"ReadAction","target":["https:\/\/turijnmagazijn.nl\/de\/produkt\/ausenspiegel-links-elektrisch-verstellbar-fiat-stilo-schwarz\/"]}]},{"@type":"ImageObject","inLanguage":"de","@id":"https:\/\/turijnmagazijn.nl\/de\/produkt\/ausenspiegel-links-elektrisch-verstellbar-fiat-stilo-schwarz\/#primaryimage","url":"https:\/\/turijnmagazijn.nl\/wp-content\/uploads\/2023\/03\/DK00102281-Buitenspiegel-Links-elektrisch-verstelbaar-Fiat-Stilo-Zwart-6-1.jpg","contentUrl":"https:\/\/turijnmagazijn.nl\/wp-content\/uploads\/2023\/03\/DK00102281-Buitenspiegel-Links-elektrisch-verstelbaar-Fiat-Stilo-Zwart-6-1.jpg","width":1024,"height":768},{"@type":"BreadcrumbList","@id":"https:\/\/turijnmagazijn.nl\/de\/produkt\/ausenspiegel-links-elektrisch-verstellbar-fiat-stilo-schwarz\/#breadcrumb","itemListElement":[{"@type":"ListItem","position":1,"name":"Home","item":"https:\/\/turijnmagazijn.nl\/de\/"},{"@type":"ListItem","position":2,"name":"Produkte","item":"https:\/\/turijnmagazijn.nl\/de\/shop\/"},{"@type":"ListItem","position":3,"name":"Au\u00dfenspiegel links elektrisch verstellbar Fiat Stilo Schwarz"}]},{"@type":"WebSite","@id":"https:\/\/turijnmagazijn.jumpstone-dev.nl\/#website","url":"https:\/\/turijnmagazijn.jumpstone-dev.nl\/","name":"Turijnmagazijn","description":"Onderdelen nieuw en gebruikt - Fiat &amp; Lancia","publisher":{"@id":"https:\/\/turijnmagazijn.jumpstone-dev.nl\/#organization"},"potentialAction":[{"@type":"SearchAction","target":{"@type":"EntryPoint","urlTemplate":"https:\/\/turijnmagazijn.jumpstone-dev.nl\/?s={search_term_string}"},"query-input":{"@type":"PropertyValueSpecification","valueRequired":true,"valueName":"search_term_string"}}],"inLanguage":"de"},{"@type":"Organization","@id":"https:\/\/turijnmagazijn.jumpstone-dev.nl\/#organization","name":"Turijnmagazijn","url":"https:\/\/turijnmagazijn.jumpstone-dev.nl\/","logo":{"@type":"ImageObject","inLanguage":"de","@id":"https:\/\/turijnmagazijn.jumpstone-dev.nl\/#\/schema\/logo\/image\/","url":"https:\/\/turijnmagazijn.nl\/wp-content\/uploads\/2021\/02\/turijnmagazijnlogo.png","contentUrl":"https:\/\/turijnmagazijn.nl\/wp-content\/uploads\/2021\/02\/turijnmagazijnlogo.png","width":555,"height":270,"caption":"Turijnmagazijn"},"image":{"@id":"https:\/\/turijnmagazijn.jumpstone-dev.nl\/#\/schema\/logo\/image\/"},"sameAs":["https:\/\/www.facebook.com\/turijnmagazijn"]}]}},"_links":{"self":[{"href":"https:\/\/turijnmagazijn.nl\/de\/wp-json\/wp\/v2\/product\/64932","targetHints":{"allow":["GET"]}}],"collection":[{"href":"https:\/\/turijnmagazijn.nl\/de\/wp-json\/wp\/v2\/product"}],"about":[{"href":"https:\/\/turijnmagazijn.nl\/de\/wp-json\/wp\/v2\/types\/product"}],"replies":[{"embeddable":true,"href":"https:\/\/turijnmagazijn.nl\/de\/wp-json\/wp\/v2\/comments?post=64932"}],"wp:featuredmedia":[{"embeddable":true,"href":"https:\/\/turijnmagazijn.nl\/de\/wp-json\/wp\/v2\/media\/47657"}],"wp:attachment":[{"href":"https:\/\/turijnmagazijn.nl\/de\/wp-json\/wp\/v2\/media?parent=64932"}],"wp:term":[{"taxonomy":"product_brand","embeddable":true,"href":"https:\/\/turijnmagazijn.nl\/de\/wp-json\/wp\/v2\/product_brand?post=64932"},{"taxonomy":"product_cat","embeddable":true,"href":"https:\/\/turijnmagazijn.nl\/de\/wp-json\/wp\/v2\/product_cat?post=64932"},{"taxonomy":"product_tag","embeddable":true,"href":"https:\/\/turijnmagazijn.nl\/de\/wp-json\/wp\/v2\/product_tag?post=64932"}],"curies":[{"name":"wp","href":"https:\/\/api.w.org\/{rel}","templated":true}]}}