{"id":65022,"date":"2023-03-03T09:20:36","date_gmt":"2023-03-03T08:20:36","guid":{"rendered":"https:\/\/turijnmagazijn.nl\/product\/nabenabdeckung-standard-alufelge-lancia-lybra\/"},"modified":"2023-07-27T12:20:52","modified_gmt":"2023-07-27T10:20:52","slug":"nabenabdeckung-standard-alufelge-lancia-lybra","status":"publish","type":"product","link":"https:\/\/turijnmagazijn.nl\/de\/produkt\/nabenabdeckung-standard-alufelge-lancia-lybra\/","title":{"rendered":"Nabenabdeckung Standard-Alufelge Lancia Lybra"},"content":{"rendered":"<p>Gebrauchte Nabenabdeckung f\u00fcr Lancia Lybra. Diese Art von Deckel wird auf die serienm\u00e4\u00dfige 8-Speichen-Felge und auf die optionale 10-Speichen-Felge aufgebracht.<\/p>\n<p>Schauen Sie sich die Bilder an, bevor Sie bestellen. ist ein gebrauchter Deckel mit folgenden Eigenschaften:<\/p>\n<\/p>\n<ul>\n<li>Lancia-Logo vorhanden und in gutem Zustand<\/li>\n<li>Chrom in gutem Zustand mit minimalen Kratzern<\/li>\n<li>Von den 12 Beinen auf dem R\u00fccken sind alle 12 noch vorhanden.<\/li>\n<li>Die Positionierungskamera ist vorhanden.<\/li>\n<li>Klemmt richtig in die Felge.<\/li>\n<\/ul>\n<p>Komplett originaler Deckel!<\/p>\n<p>Legende: 46824453<\/p>\n<p><\/p>\n<p>OEM Lancia&nbsp;46753258&nbsp;<\/p>\n<p>OEM Lancia&nbsp;46821049<\/p>\n<p>OEM Lancia&nbsp;46511557<span style=\"color: rgb(51, 51, 51); font-family: Skin-market-sans; font-size: 18px; font-weight: 700;\"><br \/><\/span><\/p>\n","protected":false},"excerpt":{"rendered":"<p>Nabenabdeckung Standard-Alufelge Lancia Lybra &#8211; Gebrauchte Nabenabdeckung f\u00fcr Lancia Lybra.Nabenabdeckung Standard-Alufelge Lancia Lybra &#8211; Gebrauchte Nabenabdeckung f\u00fcr Lancia Lybra.<\/p>\n","protected":false},"featured_media":48169,"comment_status":"open","ping_status":"closed","template":"","meta":{"_acf_changed":false},"product_brand":[],"product_cat":[1797,1874,1883,1878],"product_tag":[],"class_list":{"0":"post-65022","1":"product","2":"type-product","3":"status-publish","4":"has-post-thumbnail","6":"product_cat-lancia-de","7":"product_cat-lybra-839-de","8":"product_cat-sedan-lybra-839-de","9":"product_cat-sw-lybra-839-de","10":"pa_soort-onderdeel-dashboard-und-schalter","11":"pa_soort-onderdeel-karosserie-und-blech","13":"first","14":"instock","15":"shipping-taxable","16":"purchasable","17":"product-type-simple"},"acf":[],"yoast_head":"<!-- This site is optimized with the Yoast SEO plugin v27.2 - https:\/\/yoast.com\/product\/yoast-seo-wordpress\/ -->\n<title>Nabenabdeckung Standard-Alufelge Lancia Lybra - Turijnmagazijn<\/title>\n<meta name=\"robots\" content=\"index, follow, max-snippet:-1, max-image-preview:large, max-video-preview:-1\" \/>\n<link rel=\"canonical\" href=\"https:\/\/turijnmagazijn.nl\/de\/produkt\/nabenabdeckung-standard-alufelge-lancia-lybra\/\" \/>\n<meta property=\"og:locale\" content=\"de_DE\" \/>\n<meta property=\"og:type\" content=\"article\" \/>\n<meta property=\"og:title\" content=\"Nabenabdeckung Standard-Alufelge Lancia Lybra - Turijnmagazijn\" \/>\n<meta property=\"og:description\" content=\"Nabenabdeckung Standard-Alufelge Lancia Lybra - Gebrauchte Nabenabdeckung f\u00fcr Lancia Lybra.Nabenabdeckung Standard-Alufelge Lancia Lybra - Gebrauchte Nabenabdeckung f\u00fcr Lancia Lybra.\" \/>\n<meta property=\"og:url\" content=\"https:\/\/turijnmagazijn.nl\/de\/produkt\/nabenabdeckung-standard-alufelge-lancia-lybra\/\" \/>\n<meta property=\"og:site_name\" content=\"Turijnmagazijn\" \/>\n<meta property=\"article:publisher\" content=\"https:\/\/www.facebook.com\/turijnmagazijn\" \/>\n<meta property=\"article:modified_time\" content=\"2023-07-27T10:20:52+00:00\" \/>\n<meta property=\"og:image\" content=\"https:\/\/turijnmagazijn.nl\/wp-content\/uploads\/2023\/03\/DK00102305-Naafdeksel-standaard-lichtmetaal-velg-Lancia-Lybra-3-1.jpg\" \/>\n\t<meta property=\"og:image:width\" content=\"1024\" \/>\n\t<meta property=\"og:image:height\" content=\"768\" \/>\n\t<meta property=\"og:image:type\" content=\"image\/jpeg\" \/>\n<meta name=\"twitter:card\" content=\"summary_large_image\" \/>\n<script type=\"application\/ld+json\" class=\"yoast-schema-graph\">{\"@context\":\"https:\/\/schema.org\",\"@graph\":[{\"@type\":\"WebPage\",\"@id\":\"https:\/\/turijnmagazijn.nl\/de\/produkt\/nabenabdeckung-standard-alufelge-lancia-lybra\/\",\"url\":\"https:\/\/turijnmagazijn.nl\/de\/produkt\/nabenabdeckung-standard-alufelge-lancia-lybra\/\",\"name\":\"Nabenabdeckung Standard-Alufelge Lancia Lybra - Turijnmagazijn\",\"isPartOf\":{\"@id\":\"https:\/\/turijnmagazijn.jumpstone-dev.nl\/#website\"},\"primaryImageOfPage\":{\"@id\":\"https:\/\/turijnmagazijn.nl\/de\/produkt\/nabenabdeckung-standard-alufelge-lancia-lybra\/#primaryimage\"},\"image\":{\"@id\":\"https:\/\/turijnmagazijn.nl\/de\/produkt\/nabenabdeckung-standard-alufelge-lancia-lybra\/#primaryimage\"},\"thumbnailUrl\":\"https:\/\/turijnmagazijn.nl\/wp-content\/uploads\/2023\/03\/DK00102305-Naafdeksel-standaard-lichtmetaal-velg-Lancia-Lybra-3-1.jpg\",\"datePublished\":\"2023-03-03T08:20:36+00:00\",\"dateModified\":\"2023-07-27T10:20:52+00:00\",\"breadcrumb\":{\"@id\":\"https:\/\/turijnmagazijn.nl\/de\/produkt\/nabenabdeckung-standard-alufelge-lancia-lybra\/#breadcrumb\"},\"inLanguage\":\"de\",\"potentialAction\":[{\"@type\":\"ReadAction\",\"target\":[\"https:\/\/turijnmagazijn.nl\/de\/produkt\/nabenabdeckung-standard-alufelge-lancia-lybra\/\"]}]},{\"@type\":\"ImageObject\",\"inLanguage\":\"de\",\"@id\":\"https:\/\/turijnmagazijn.nl\/de\/produkt\/nabenabdeckung-standard-alufelge-lancia-lybra\/#primaryimage\",\"url\":\"https:\/\/turijnmagazijn.nl\/wp-content\/uploads\/2023\/03\/DK00102305-Naafdeksel-standaard-lichtmetaal-velg-Lancia-Lybra-3-1.jpg\",\"contentUrl\":\"https:\/\/turijnmagazijn.nl\/wp-content\/uploads\/2023\/03\/DK00102305-Naafdeksel-standaard-lichtmetaal-velg-Lancia-Lybra-3-1.jpg\",\"width\":1024,\"height\":768},{\"@type\":\"BreadcrumbList\",\"@id\":\"https:\/\/turijnmagazijn.nl\/de\/produkt\/nabenabdeckung-standard-alufelge-lancia-lybra\/#breadcrumb\",\"itemListElement\":[{\"@type\":\"ListItem\",\"position\":1,\"name\":\"Home\",\"item\":\"https:\/\/turijnmagazijn.nl\/de\/\"},{\"@type\":\"ListItem\",\"position\":2,\"name\":\"Produkte\",\"item\":\"https:\/\/turijnmagazijn.nl\/de\/shop\/\"},{\"@type\":\"ListItem\",\"position\":3,\"name\":\"Nabenabdeckung Standard-Alufelge Lancia Lybra\"}]},{\"@type\":\"WebSite\",\"@id\":\"https:\/\/turijnmagazijn.jumpstone-dev.nl\/#website\",\"url\":\"https:\/\/turijnmagazijn.jumpstone-dev.nl\/\",\"name\":\"Turijnmagazijn\",\"description\":\"Onderdelen nieuw en gebruikt - Fiat &amp; Lancia\",\"publisher\":{\"@id\":\"https:\/\/turijnmagazijn.jumpstone-dev.nl\/#organization\"},\"potentialAction\":[{\"@type\":\"SearchAction\",\"target\":{\"@type\":\"EntryPoint\",\"urlTemplate\":\"https:\/\/turijnmagazijn.jumpstone-dev.nl\/?s={search_term_string}\"},\"query-input\":{\"@type\":\"PropertyValueSpecification\",\"valueRequired\":true,\"valueName\":\"search_term_string\"}}],\"inLanguage\":\"de\"},{\"@type\":\"Organization\",\"@id\":\"https:\/\/turijnmagazijn.jumpstone-dev.nl\/#organization\",\"name\":\"Turijnmagazijn\",\"url\":\"https:\/\/turijnmagazijn.jumpstone-dev.nl\/\",\"logo\":{\"@type\":\"ImageObject\",\"inLanguage\":\"de\",\"@id\":\"https:\/\/turijnmagazijn.jumpstone-dev.nl\/#\/schema\/logo\/image\/\",\"url\":\"https:\/\/turijnmagazijn.nl\/wp-content\/uploads\/2021\/02\/turijnmagazijnlogo.png\",\"contentUrl\":\"https:\/\/turijnmagazijn.nl\/wp-content\/uploads\/2021\/02\/turijnmagazijnlogo.png\",\"width\":555,\"height\":270,\"caption\":\"Turijnmagazijn\"},\"image\":{\"@id\":\"https:\/\/turijnmagazijn.jumpstone-dev.nl\/#\/schema\/logo\/image\/\"},\"sameAs\":[\"https:\/\/www.facebook.com\/turijnmagazijn\"]}]}<\/script>\n<!-- \/ Yoast SEO plugin. -->","yoast_head_json":{"title":"Nabenabdeckung Standard-Alufelge Lancia Lybra - Turijnmagazijn","robots":{"index":"index","follow":"follow","max-snippet":"max-snippet:-1","max-image-preview":"max-image-preview:large","max-video-preview":"max-video-preview:-1"},"canonical":"https:\/\/turijnmagazijn.nl\/de\/produkt\/nabenabdeckung-standard-alufelge-lancia-lybra\/","og_locale":"de_DE","og_type":"article","og_title":"Nabenabdeckung Standard-Alufelge Lancia Lybra - Turijnmagazijn","og_description":"Nabenabdeckung Standard-Alufelge Lancia Lybra - Gebrauchte Nabenabdeckung f\u00fcr Lancia Lybra.Nabenabdeckung Standard-Alufelge Lancia Lybra - Gebrauchte Nabenabdeckung f\u00fcr Lancia Lybra.","og_url":"https:\/\/turijnmagazijn.nl\/de\/produkt\/nabenabdeckung-standard-alufelge-lancia-lybra\/","og_site_name":"Turijnmagazijn","article_publisher":"https:\/\/www.facebook.com\/turijnmagazijn","article_modified_time":"2023-07-27T10:20:52+00:00","og_image":[{"width":1024,"height":768,"url":"https:\/\/turijnmagazijn.nl\/wp-content\/uploads\/2023\/03\/DK00102305-Naafdeksel-standaard-lichtmetaal-velg-Lancia-Lybra-3-1.jpg","type":"image\/jpeg"}],"twitter_card":"summary_large_image","schema":{"@context":"https:\/\/schema.org","@graph":[{"@type":"WebPage","@id":"https:\/\/turijnmagazijn.nl\/de\/produkt\/nabenabdeckung-standard-alufelge-lancia-lybra\/","url":"https:\/\/turijnmagazijn.nl\/de\/produkt\/nabenabdeckung-standard-alufelge-lancia-lybra\/","name":"Nabenabdeckung Standard-Alufelge Lancia Lybra - Turijnmagazijn","isPartOf":{"@id":"https:\/\/turijnmagazijn.jumpstone-dev.nl\/#website"},"primaryImageOfPage":{"@id":"https:\/\/turijnmagazijn.nl\/de\/produkt\/nabenabdeckung-standard-alufelge-lancia-lybra\/#primaryimage"},"image":{"@id":"https:\/\/turijnmagazijn.nl\/de\/produkt\/nabenabdeckung-standard-alufelge-lancia-lybra\/#primaryimage"},"thumbnailUrl":"https:\/\/turijnmagazijn.nl\/wp-content\/uploads\/2023\/03\/DK00102305-Naafdeksel-standaard-lichtmetaal-velg-Lancia-Lybra-3-1.jpg","datePublished":"2023-03-03T08:20:36+00:00","dateModified":"2023-07-27T10:20:52+00:00","breadcrumb":{"@id":"https:\/\/turijnmagazijn.nl\/de\/produkt\/nabenabdeckung-standard-alufelge-lancia-lybra\/#breadcrumb"},"inLanguage":"de","potentialAction":[{"@type":"ReadAction","target":["https:\/\/turijnmagazijn.nl\/de\/produkt\/nabenabdeckung-standard-alufelge-lancia-lybra\/"]}]},{"@type":"ImageObject","inLanguage":"de","@id":"https:\/\/turijnmagazijn.nl\/de\/produkt\/nabenabdeckung-standard-alufelge-lancia-lybra\/#primaryimage","url":"https:\/\/turijnmagazijn.nl\/wp-content\/uploads\/2023\/03\/DK00102305-Naafdeksel-standaard-lichtmetaal-velg-Lancia-Lybra-3-1.jpg","contentUrl":"https:\/\/turijnmagazijn.nl\/wp-content\/uploads\/2023\/03\/DK00102305-Naafdeksel-standaard-lichtmetaal-velg-Lancia-Lybra-3-1.jpg","width":1024,"height":768},{"@type":"BreadcrumbList","@id":"https:\/\/turijnmagazijn.nl\/de\/produkt\/nabenabdeckung-standard-alufelge-lancia-lybra\/#breadcrumb","itemListElement":[{"@type":"ListItem","position":1,"name":"Home","item":"https:\/\/turijnmagazijn.nl\/de\/"},{"@type":"ListItem","position":2,"name":"Produkte","item":"https:\/\/turijnmagazijn.nl\/de\/shop\/"},{"@type":"ListItem","position":3,"name":"Nabenabdeckung Standard-Alufelge Lancia Lybra"}]},{"@type":"WebSite","@id":"https:\/\/turijnmagazijn.jumpstone-dev.nl\/#website","url":"https:\/\/turijnmagazijn.jumpstone-dev.nl\/","name":"Turijnmagazijn","description":"Onderdelen nieuw en gebruikt - Fiat &amp; Lancia","publisher":{"@id":"https:\/\/turijnmagazijn.jumpstone-dev.nl\/#organization"},"potentialAction":[{"@type":"SearchAction","target":{"@type":"EntryPoint","urlTemplate":"https:\/\/turijnmagazijn.jumpstone-dev.nl\/?s={search_term_string}"},"query-input":{"@type":"PropertyValueSpecification","valueRequired":true,"valueName":"search_term_string"}}],"inLanguage":"de"},{"@type":"Organization","@id":"https:\/\/turijnmagazijn.jumpstone-dev.nl\/#organization","name":"Turijnmagazijn","url":"https:\/\/turijnmagazijn.jumpstone-dev.nl\/","logo":{"@type":"ImageObject","inLanguage":"de","@id":"https:\/\/turijnmagazijn.jumpstone-dev.nl\/#\/schema\/logo\/image\/","url":"https:\/\/turijnmagazijn.nl\/wp-content\/uploads\/2021\/02\/turijnmagazijnlogo.png","contentUrl":"https:\/\/turijnmagazijn.nl\/wp-content\/uploads\/2021\/02\/turijnmagazijnlogo.png","width":555,"height":270,"caption":"Turijnmagazijn"},"image":{"@id":"https:\/\/turijnmagazijn.jumpstone-dev.nl\/#\/schema\/logo\/image\/"},"sameAs":["https:\/\/www.facebook.com\/turijnmagazijn"]}]}},"_links":{"self":[{"href":"https:\/\/turijnmagazijn.nl\/de\/wp-json\/wp\/v2\/product\/65022","targetHints":{"allow":["GET"]}}],"collection":[{"href":"https:\/\/turijnmagazijn.nl\/de\/wp-json\/wp\/v2\/product"}],"about":[{"href":"https:\/\/turijnmagazijn.nl\/de\/wp-json\/wp\/v2\/types\/product"}],"replies":[{"embeddable":true,"href":"https:\/\/turijnmagazijn.nl\/de\/wp-json\/wp\/v2\/comments?post=65022"}],"wp:featuredmedia":[{"embeddable":true,"href":"https:\/\/turijnmagazijn.nl\/de\/wp-json\/wp\/v2\/media\/48169"}],"wp:attachment":[{"href":"https:\/\/turijnmagazijn.nl\/de\/wp-json\/wp\/v2\/media?parent=65022"}],"wp:term":[{"taxonomy":"product_brand","embeddable":true,"href":"https:\/\/turijnmagazijn.nl\/de\/wp-json\/wp\/v2\/product_brand?post=65022"},{"taxonomy":"product_cat","embeddable":true,"href":"https:\/\/turijnmagazijn.nl\/de\/wp-json\/wp\/v2\/product_cat?post=65022"},{"taxonomy":"product_tag","embeddable":true,"href":"https:\/\/turijnmagazijn.nl\/de\/wp-json\/wp\/v2\/product_tag?post=65022"}],"curies":[{"name":"wp","href":"https:\/\/api.w.org\/{rel}","templated":true}]}}