{"id":65058,"date":"2023-03-03T09:20:36","date_gmt":"2023-03-03T08:20:36","guid":{"rendered":"https:\/\/turijnmagazijn.nl\/product\/schalttafel-sekundaerbeleuchtung-lancia-kappa-schwarz-ohne-nebelfront\/"},"modified":"2023-07-27T12:21:32","modified_gmt":"2023-07-27T10:21:32","slug":"schalttafel-sekundarbeleuchtung-lancia-kappa-schwarz-ohne-nebel-front","status":"publish","type":"product","link":"https:\/\/turijnmagazijn.nl\/de\/produkt\/schalttafel-sekundarbeleuchtung-lancia-kappa-schwarz-ohne-nebel-front\/","title":{"rendered":"Schalttafel Sekund\u00e4rbeleuchtung Lancia Kappa schwarz ohne Nebelfront"},"content":{"rendered":"<p>Schaltblock f\u00fcr die Nebelbeleuchtung in schwarzer Ausf\u00fchrung zur Montage im Armaturenbrett links neben dem Lenkrad f\u00fcr Lancia Kappa, das gleiche f\u00fcr alle Modelle, also auch f\u00fcr Coup\u00e9 und SW geeignet. Der Schalterblock enth\u00e4lt nur den Schalter f\u00fcr Nebelschlussleuchten.<\/p>\n<\/p>\n<p>Diese Version ist ohne den Schalter f\u00fcr Nebelscheinwerfer. (Diese ist auch im Shop erh\u00e4ltlich, siehe verwandte Produkte am Ende der Seite.<\/p>\n<p>Dar\u00fcber hinaus ist der Block mit dem H\u00f6henschalter zum Einstellen der Scheinwerferh\u00f6he ausgestattet. Das Ger\u00e4t ist in einem sehr gepflegten Zustand.<\/p>\n<p>Aus einer Lancia Kappa Limousine aus dem Jahr 1998.<\/p>\n<p>OEM Lancia&nbsp;<span style=\"font-size: 12px; text-align: -webkit-right;\">177263461&nbsp;<\/span><\/p>\n","protected":false},"excerpt":{"rendered":"<p>Schalttafel Sekund\u00e4rbeleuchtung Lancia Kappa &#8211; Schalterblock f\u00fcr die Montage im Armaturenbrett links neben dem Lenkrad f\u00fcr Lancia Kappa, das gleiche f\u00fcr alle Modelle, also auch f\u00fcr Coup\u00e2\u00e2\u00e2\u00e3\u00e2\u00a9 und SW anwendbar. Schalttafel sekund\u00e4r beleuchtet<\/p>\n","protected":false},"featured_media":48289,"comment_status":"open","ping_status":"closed","template":"","meta":{"_acf_changed":false},"product_brand":[],"product_cat":[1867,1859,1797,1869],"product_tag":[],"class_list":{"0":"post-65058","1":"product","2":"type-product","3":"status-publish","4":"has-post-thumbnail","6":"product_cat-coupe-de","7":"product_cat-kappa-838-de","8":"product_cat-lancia-de","9":"product_cat-sw-de","10":"pa_soort-onderdeel-beleuchtung","11":"pa_soort-onderdeel-dashboard-und-schalter","13":"first","14":"instock","15":"shipping-taxable","16":"purchasable","17":"product-type-simple"},"acf":[],"yoast_head":"<!-- This site is optimized with the Yoast SEO plugin v27.3 - https:\/\/yoast.com\/product\/yoast-seo-wordpress\/ -->\n<title>Schalttafel Sekund\u00e4rbeleuchtung Lancia Kappa schwarz ohne Nebelfront - Turijnmagazijn<\/title>\n<meta name=\"robots\" content=\"index, follow, max-snippet:-1, max-image-preview:large, max-video-preview:-1\" \/>\n<link rel=\"canonical\" href=\"https:\/\/turijnmagazijn.nl\/de\/produkt\/schalttafel-sekundarbeleuchtung-lancia-kappa-schwarz-ohne-nebel-front\/\" \/>\n<meta property=\"og:locale\" content=\"de_DE\" \/>\n<meta property=\"og:type\" content=\"article\" \/>\n<meta property=\"og:title\" content=\"Schalttafel Sekund\u00e4rbeleuchtung Lancia Kappa schwarz ohne Nebelfront - Turijnmagazijn\" \/>\n<meta property=\"og:description\" content=\"Schalttafel Sekund\u00e4rbeleuchtung Lancia Kappa - Schalterblock f\u00fcr die Montage im Armaturenbrett links neben dem Lenkrad f\u00fcr Lancia Kappa, das gleiche f\u00fcr alle Modelle, also auch f\u00fcr Coup\u00e2\u00e2\u00e2\u00e3\u00e2\u00a9 und SW anwendbar. Schalttafel sekund\u00e4r beleuchtet\" \/>\n<meta property=\"og:url\" content=\"https:\/\/turijnmagazijn.nl\/de\/produkt\/schalttafel-sekundarbeleuchtung-lancia-kappa-schwarz-ohne-nebel-front\/\" \/>\n<meta property=\"og:site_name\" content=\"Turijnmagazijn\" \/>\n<meta property=\"article:publisher\" content=\"https:\/\/www.facebook.com\/turijnmagazijn\" \/>\n<meta property=\"article:modified_time\" content=\"2023-07-27T10:21:32+00:00\" \/>\n<meta property=\"og:image\" content=\"https:\/\/turijnmagazijn.nl\/wp-content\/uploads\/2023\/03\/DK00102311203.jpg\" \/>\n\t<meta property=\"og:image:width\" content=\"1024\" \/>\n\t<meta property=\"og:image:height\" content=\"768\" \/>\n\t<meta property=\"og:image:type\" content=\"image\/jpeg\" \/>\n<meta name=\"twitter:card\" content=\"summary_large_image\" \/>\n<meta name=\"twitter:label1\" content=\"Gesch\u00e4tzte Lesezeit\" \/>\n\t<meta name=\"twitter:data1\" content=\"1\u00a0Minute\" \/>\n<script type=\"application\/ld+json\" class=\"yoast-schema-graph\">{\"@context\":\"https:\\\/\\\/schema.org\",\"@graph\":[{\"@type\":\"WebPage\",\"@id\":\"https:\\\/\\\/turijnmagazijn.nl\\\/de\\\/produkt\\\/schalttafel-sekundarbeleuchtung-lancia-kappa-schwarz-ohne-nebel-front\\\/\",\"url\":\"https:\\\/\\\/turijnmagazijn.nl\\\/de\\\/produkt\\\/schalttafel-sekundarbeleuchtung-lancia-kappa-schwarz-ohne-nebel-front\\\/\",\"name\":\"Schalttafel Sekund\u00e4rbeleuchtung Lancia Kappa schwarz ohne Nebelfront - Turijnmagazijn\",\"isPartOf\":{\"@id\":\"https:\\\/\\\/turijnmagazijn.jumpstone-dev.nl\\\/#website\"},\"primaryImageOfPage\":{\"@id\":\"https:\\\/\\\/turijnmagazijn.nl\\\/de\\\/produkt\\\/schalttafel-sekundarbeleuchtung-lancia-kappa-schwarz-ohne-nebel-front\\\/#primaryimage\"},\"image\":{\"@id\":\"https:\\\/\\\/turijnmagazijn.nl\\\/de\\\/produkt\\\/schalttafel-sekundarbeleuchtung-lancia-kappa-schwarz-ohne-nebel-front\\\/#primaryimage\"},\"thumbnailUrl\":\"https:\\\/\\\/turijnmagazijn.nl\\\/wp-content\\\/uploads\\\/2023\\\/03\\\/DK00102311203.jpg\",\"datePublished\":\"2023-03-03T08:20:36+00:00\",\"dateModified\":\"2023-07-27T10:21:32+00:00\",\"breadcrumb\":{\"@id\":\"https:\\\/\\\/turijnmagazijn.nl\\\/de\\\/produkt\\\/schalttafel-sekundarbeleuchtung-lancia-kappa-schwarz-ohne-nebel-front\\\/#breadcrumb\"},\"inLanguage\":\"de\",\"potentialAction\":[{\"@type\":\"ReadAction\",\"target\":[\"https:\\\/\\\/turijnmagazijn.nl\\\/de\\\/produkt\\\/schalttafel-sekundarbeleuchtung-lancia-kappa-schwarz-ohne-nebel-front\\\/\"]}]},{\"@type\":\"ImageObject\",\"inLanguage\":\"de\",\"@id\":\"https:\\\/\\\/turijnmagazijn.nl\\\/de\\\/produkt\\\/schalttafel-sekundarbeleuchtung-lancia-kappa-schwarz-ohne-nebel-front\\\/#primaryimage\",\"url\":\"https:\\\/\\\/turijnmagazijn.nl\\\/wp-content\\\/uploads\\\/2023\\\/03\\\/DK00102311203.jpg\",\"contentUrl\":\"https:\\\/\\\/turijnmagazijn.nl\\\/wp-content\\\/uploads\\\/2023\\\/03\\\/DK00102311203.jpg\",\"width\":1024,\"height\":768},{\"@type\":\"BreadcrumbList\",\"@id\":\"https:\\\/\\\/turijnmagazijn.nl\\\/de\\\/produkt\\\/schalttafel-sekundarbeleuchtung-lancia-kappa-schwarz-ohne-nebel-front\\\/#breadcrumb\",\"itemListElement\":[{\"@type\":\"ListItem\",\"position\":1,\"name\":\"Home\",\"item\":\"https:\\\/\\\/turijnmagazijn.nl\\\/de\\\/\"},{\"@type\":\"ListItem\",\"position\":2,\"name\":\"Produkte\",\"item\":\"https:\\\/\\\/turijnmagazijn.nl\\\/de\\\/shop\\\/\"},{\"@type\":\"ListItem\",\"position\":3,\"name\":\"Schalttafel Sekund\u00e4rbeleuchtung Lancia Kappa schwarz ohne Nebelfront\"}]},{\"@type\":\"WebSite\",\"@id\":\"https:\\\/\\\/turijnmagazijn.jumpstone-dev.nl\\\/#website\",\"url\":\"https:\\\/\\\/turijnmagazijn.jumpstone-dev.nl\\\/\",\"name\":\"Turijnmagazijn\",\"description\":\"Onderdelen nieuw en gebruikt - Fiat &amp; Lancia\",\"publisher\":{\"@id\":\"https:\\\/\\\/turijnmagazijn.jumpstone-dev.nl\\\/#organization\"},\"potentialAction\":[{\"@type\":\"SearchAction\",\"target\":{\"@type\":\"EntryPoint\",\"urlTemplate\":\"https:\\\/\\\/turijnmagazijn.jumpstone-dev.nl\\\/?s={search_term_string}\"},\"query-input\":{\"@type\":\"PropertyValueSpecification\",\"valueRequired\":true,\"valueName\":\"search_term_string\"}}],\"inLanguage\":\"de\"},{\"@type\":\"Organization\",\"@id\":\"https:\\\/\\\/turijnmagazijn.jumpstone-dev.nl\\\/#organization\",\"name\":\"Turijnmagazijn\",\"url\":\"https:\\\/\\\/turijnmagazijn.jumpstone-dev.nl\\\/\",\"logo\":{\"@type\":\"ImageObject\",\"inLanguage\":\"de\",\"@id\":\"https:\\\/\\\/turijnmagazijn.jumpstone-dev.nl\\\/#\\\/schema\\\/logo\\\/image\\\/\",\"url\":\"https:\\\/\\\/turijnmagazijn.nl\\\/wp-content\\\/uploads\\\/2021\\\/02\\\/turijnmagazijnlogo.png\",\"contentUrl\":\"https:\\\/\\\/turijnmagazijn.nl\\\/wp-content\\\/uploads\\\/2021\\\/02\\\/turijnmagazijnlogo.png\",\"width\":555,\"height\":270,\"caption\":\"Turijnmagazijn\"},\"image\":{\"@id\":\"https:\\\/\\\/turijnmagazijn.jumpstone-dev.nl\\\/#\\\/schema\\\/logo\\\/image\\\/\"},\"sameAs\":[\"https:\\\/\\\/www.facebook.com\\\/turijnmagazijn\"]}]}<\/script>\n<!-- \/ Yoast SEO plugin. -->","yoast_head_json":{"title":"Schalttafel Sekund\u00e4rbeleuchtung Lancia Kappa schwarz ohne Nebelfront - Turijnmagazijn","robots":{"index":"index","follow":"follow","max-snippet":"max-snippet:-1","max-image-preview":"max-image-preview:large","max-video-preview":"max-video-preview:-1"},"canonical":"https:\/\/turijnmagazijn.nl\/de\/produkt\/schalttafel-sekundarbeleuchtung-lancia-kappa-schwarz-ohne-nebel-front\/","og_locale":"de_DE","og_type":"article","og_title":"Schalttafel Sekund\u00e4rbeleuchtung Lancia Kappa schwarz ohne Nebelfront - Turijnmagazijn","og_description":"Schalttafel Sekund\u00e4rbeleuchtung Lancia Kappa - Schalterblock f\u00fcr die Montage im Armaturenbrett links neben dem Lenkrad f\u00fcr Lancia Kappa, das gleiche f\u00fcr alle Modelle, also auch f\u00fcr Coup\u00e2\u00e2\u00e2\u00e3\u00e2\u00a9 und SW anwendbar. Schalttafel sekund\u00e4r beleuchtet","og_url":"https:\/\/turijnmagazijn.nl\/de\/produkt\/schalttafel-sekundarbeleuchtung-lancia-kappa-schwarz-ohne-nebel-front\/","og_site_name":"Turijnmagazijn","article_publisher":"https:\/\/www.facebook.com\/turijnmagazijn","article_modified_time":"2023-07-27T10:21:32+00:00","og_image":[{"width":1024,"height":768,"url":"https:\/\/turijnmagazijn.nl\/wp-content\/uploads\/2023\/03\/DK00102311203.jpg","type":"image\/jpeg"}],"twitter_card":"summary_large_image","twitter_misc":{"Gesch\u00e4tzte Lesezeit":"1\u00a0Minute"},"schema":{"@context":"https:\/\/schema.org","@graph":[{"@type":"WebPage","@id":"https:\/\/turijnmagazijn.nl\/de\/produkt\/schalttafel-sekundarbeleuchtung-lancia-kappa-schwarz-ohne-nebel-front\/","url":"https:\/\/turijnmagazijn.nl\/de\/produkt\/schalttafel-sekundarbeleuchtung-lancia-kappa-schwarz-ohne-nebel-front\/","name":"Schalttafel Sekund\u00e4rbeleuchtung Lancia Kappa schwarz ohne Nebelfront - Turijnmagazijn","isPartOf":{"@id":"https:\/\/turijnmagazijn.jumpstone-dev.nl\/#website"},"primaryImageOfPage":{"@id":"https:\/\/turijnmagazijn.nl\/de\/produkt\/schalttafel-sekundarbeleuchtung-lancia-kappa-schwarz-ohne-nebel-front\/#primaryimage"},"image":{"@id":"https:\/\/turijnmagazijn.nl\/de\/produkt\/schalttafel-sekundarbeleuchtung-lancia-kappa-schwarz-ohne-nebel-front\/#primaryimage"},"thumbnailUrl":"https:\/\/turijnmagazijn.nl\/wp-content\/uploads\/2023\/03\/DK00102311203.jpg","datePublished":"2023-03-03T08:20:36+00:00","dateModified":"2023-07-27T10:21:32+00:00","breadcrumb":{"@id":"https:\/\/turijnmagazijn.nl\/de\/produkt\/schalttafel-sekundarbeleuchtung-lancia-kappa-schwarz-ohne-nebel-front\/#breadcrumb"},"inLanguage":"de","potentialAction":[{"@type":"ReadAction","target":["https:\/\/turijnmagazijn.nl\/de\/produkt\/schalttafel-sekundarbeleuchtung-lancia-kappa-schwarz-ohne-nebel-front\/"]}]},{"@type":"ImageObject","inLanguage":"de","@id":"https:\/\/turijnmagazijn.nl\/de\/produkt\/schalttafel-sekundarbeleuchtung-lancia-kappa-schwarz-ohne-nebel-front\/#primaryimage","url":"https:\/\/turijnmagazijn.nl\/wp-content\/uploads\/2023\/03\/DK00102311203.jpg","contentUrl":"https:\/\/turijnmagazijn.nl\/wp-content\/uploads\/2023\/03\/DK00102311203.jpg","width":1024,"height":768},{"@type":"BreadcrumbList","@id":"https:\/\/turijnmagazijn.nl\/de\/produkt\/schalttafel-sekundarbeleuchtung-lancia-kappa-schwarz-ohne-nebel-front\/#breadcrumb","itemListElement":[{"@type":"ListItem","position":1,"name":"Home","item":"https:\/\/turijnmagazijn.nl\/de\/"},{"@type":"ListItem","position":2,"name":"Produkte","item":"https:\/\/turijnmagazijn.nl\/de\/shop\/"},{"@type":"ListItem","position":3,"name":"Schalttafel Sekund\u00e4rbeleuchtung Lancia Kappa schwarz ohne Nebelfront"}]},{"@type":"WebSite","@id":"https:\/\/turijnmagazijn.jumpstone-dev.nl\/#website","url":"https:\/\/turijnmagazijn.jumpstone-dev.nl\/","name":"Turijnmagazijn","description":"Onderdelen nieuw en gebruikt - Fiat &amp; Lancia","publisher":{"@id":"https:\/\/turijnmagazijn.jumpstone-dev.nl\/#organization"},"potentialAction":[{"@type":"SearchAction","target":{"@type":"EntryPoint","urlTemplate":"https:\/\/turijnmagazijn.jumpstone-dev.nl\/?s={search_term_string}"},"query-input":{"@type":"PropertyValueSpecification","valueRequired":true,"valueName":"search_term_string"}}],"inLanguage":"de"},{"@type":"Organization","@id":"https:\/\/turijnmagazijn.jumpstone-dev.nl\/#organization","name":"Turijnmagazijn","url":"https:\/\/turijnmagazijn.jumpstone-dev.nl\/","logo":{"@type":"ImageObject","inLanguage":"de","@id":"https:\/\/turijnmagazijn.jumpstone-dev.nl\/#\/schema\/logo\/image\/","url":"https:\/\/turijnmagazijn.nl\/wp-content\/uploads\/2021\/02\/turijnmagazijnlogo.png","contentUrl":"https:\/\/turijnmagazijn.nl\/wp-content\/uploads\/2021\/02\/turijnmagazijnlogo.png","width":555,"height":270,"caption":"Turijnmagazijn"},"image":{"@id":"https:\/\/turijnmagazijn.jumpstone-dev.nl\/#\/schema\/logo\/image\/"},"sameAs":["https:\/\/www.facebook.com\/turijnmagazijn"]}]}},"_links":{"self":[{"href":"https:\/\/turijnmagazijn.nl\/de\/wp-json\/wp\/v2\/product\/65058","targetHints":{"allow":["GET"]}}],"collection":[{"href":"https:\/\/turijnmagazijn.nl\/de\/wp-json\/wp\/v2\/product"}],"about":[{"href":"https:\/\/turijnmagazijn.nl\/de\/wp-json\/wp\/v2\/types\/product"}],"replies":[{"embeddable":true,"href":"https:\/\/turijnmagazijn.nl\/de\/wp-json\/wp\/v2\/comments?post=65058"}],"wp:featuredmedia":[{"embeddable":true,"href":"https:\/\/turijnmagazijn.nl\/de\/wp-json\/wp\/v2\/media\/48289"}],"wp:attachment":[{"href":"https:\/\/turijnmagazijn.nl\/de\/wp-json\/wp\/v2\/media?parent=65058"}],"wp:term":[{"taxonomy":"product_brand","embeddable":true,"href":"https:\/\/turijnmagazijn.nl\/de\/wp-json\/wp\/v2\/product_brand?post=65058"},{"taxonomy":"product_cat","embeddable":true,"href":"https:\/\/turijnmagazijn.nl\/de\/wp-json\/wp\/v2\/product_cat?post=65058"},{"taxonomy":"product_tag","embeddable":true,"href":"https:\/\/turijnmagazijn.nl\/de\/wp-json\/wp\/v2\/product_tag?post=65058"}],"curies":[{"name":"wp","href":"https:\/\/api.w.org\/{rel}","templated":true}]}}