{"id":65150,"date":"2023-03-03T09:20:58","date_gmt":"2023-03-03T08:20:58","guid":{"rendered":"https:\/\/turijnmagazijn.nl\/product\/ruecklicht-aussen-lancia-kappa-coupe-links\/"},"modified":"2025-05-07T17:39:10","modified_gmt":"2025-05-07T15:39:10","slug":"rucklicht-ausen-lancia-kappa-coupe-links","status":"publish","type":"product","link":"https:\/\/turijnmagazijn.nl\/de\/produkt\/rucklicht-ausen-lancia-kappa-coupe-links\/","title":{"rendered":"R\u00fccklicht au\u00dfen Lancia Kappa Coupe Links"},"content":{"rendered":"<p>Gebrauchtes&nbsp;R\u00fccklicht au\u00dfen Lancia Kappa Coupe links.<\/p>\n<p>R\u00fccklicht in sehr gepflegtem Zustand. Nur passend f\u00fcr das Coup\u00e9-Modell Kappa.<\/p>\n<p><\/p>\n<p>Aus einem Lancia Kappa Coup\u00e9 aus dem Jahr 1998.<\/p>\n<p>Lackfarbe des Spenderautos: 805 Black Storm.<\/p>\n<p>Das Spenderauto war mit einem 2.4 20V manuellen 5-Zylinder-Benzinmotor ausgestattet.<\/p>\n<p><\/p>\n<p>OEM Lancia&nbsp;<span style=\"text-align: right;\">47300951<\/span><\/p>\n","protected":false},"excerpt":{"rendered":"<p>Lancia Kappa &#8211; Von einem Lancia Kappa Coup\u00e9 aus dem Jahr 1998.R\u00fccklicht au\u00dfen Lancia Kappa Coupe Links &#8211; Gebraucht<\/p>\n","protected":false},"featured_media":48805,"comment_status":"open","ping_status":"closed","template":"","meta":{"_acf_changed":false},"product_brand":[],"product_cat":[1864,1867,1859,1797,1869],"product_tag":[],"class_list":{"0":"post-65150","1":"product","2":"type-product","3":"status-publish","4":"has-post-thumbnail","6":"product_cat-berlina-de","7":"product_cat-coupe-de","8":"product_cat-kappa-838-de","9":"product_cat-lancia-de","10":"product_cat-sw-de","11":"pa_soort-onderdeel-beleuchtung","13":"first","14":"instock","15":"shipping-taxable","16":"purchasable","17":"product-type-simple"},"acf":[],"yoast_head":"<!-- This site is optimized with the Yoast SEO plugin v27.2 - https:\/\/yoast.com\/product\/yoast-seo-wordpress\/ -->\n<title>R\u00fccklicht au\u00dfen Lancia Kappa Coupe Links - Turijnmagazijn<\/title>\n<meta name=\"robots\" content=\"index, follow, max-snippet:-1, max-image-preview:large, max-video-preview:-1\" \/>\n<link rel=\"canonical\" href=\"https:\/\/turijnmagazijn.nl\/de\/produkt\/rucklicht-ausen-lancia-kappa-coupe-links\/\" \/>\n<meta property=\"og:locale\" content=\"de_DE\" \/>\n<meta property=\"og:type\" content=\"article\" \/>\n<meta property=\"og:title\" content=\"R\u00fccklicht au\u00dfen Lancia Kappa Coupe Links - Turijnmagazijn\" \/>\n<meta property=\"og:description\" content=\"Lancia Kappa - Von einem Lancia Kappa Coup\u00e9 aus dem Jahr 1998.R\u00fccklicht au\u00dfen Lancia Kappa Coupe Links - Gebraucht\" \/>\n<meta property=\"og:url\" content=\"https:\/\/turijnmagazijn.nl\/de\/produkt\/rucklicht-ausen-lancia-kappa-coupe-links\/\" \/>\n<meta property=\"og:site_name\" content=\"Turijnmagazijn\" \/>\n<meta property=\"article:publisher\" content=\"https:\/\/www.facebook.com\/turijnmagazijn\" \/>\n<meta property=\"article:modified_time\" content=\"2025-05-07T15:39:10+00:00\" \/>\n<meta property=\"og:image\" content=\"https:\/\/turijnmagazijn.nl\/wp-content\/uploads\/2023\/03\/DK00102340-Achterlicht-buitenzijde-Lancia-Kappa-Coupe-Links-3-1.jpg\" \/>\n\t<meta property=\"og:image:width\" content=\"1024\" \/>\n\t<meta property=\"og:image:height\" content=\"768\" \/>\n\t<meta property=\"og:image:type\" content=\"image\/jpeg\" \/>\n<meta name=\"twitter:card\" content=\"summary_large_image\" \/>\n<script type=\"application\/ld+json\" class=\"yoast-schema-graph\">{\"@context\":\"https:\/\/schema.org\",\"@graph\":[{\"@type\":\"WebPage\",\"@id\":\"https:\/\/turijnmagazijn.nl\/de\/produkt\/rucklicht-ausen-lancia-kappa-coupe-links\/\",\"url\":\"https:\/\/turijnmagazijn.nl\/de\/produkt\/rucklicht-ausen-lancia-kappa-coupe-links\/\",\"name\":\"R\u00fccklicht au\u00dfen Lancia Kappa Coupe Links - Turijnmagazijn\",\"isPartOf\":{\"@id\":\"https:\/\/turijnmagazijn.jumpstone-dev.nl\/#website\"},\"primaryImageOfPage\":{\"@id\":\"https:\/\/turijnmagazijn.nl\/de\/produkt\/rucklicht-ausen-lancia-kappa-coupe-links\/#primaryimage\"},\"image\":{\"@id\":\"https:\/\/turijnmagazijn.nl\/de\/produkt\/rucklicht-ausen-lancia-kappa-coupe-links\/#primaryimage\"},\"thumbnailUrl\":\"https:\/\/turijnmagazijn.nl\/wp-content\/uploads\/2023\/03\/DK00102340-Achterlicht-buitenzijde-Lancia-Kappa-Coupe-Links-3-1.jpg\",\"datePublished\":\"2023-03-03T08:20:58+00:00\",\"dateModified\":\"2025-05-07T15:39:10+00:00\",\"breadcrumb\":{\"@id\":\"https:\/\/turijnmagazijn.nl\/de\/produkt\/rucklicht-ausen-lancia-kappa-coupe-links\/#breadcrumb\"},\"inLanguage\":\"de\",\"potentialAction\":[{\"@type\":\"ReadAction\",\"target\":[\"https:\/\/turijnmagazijn.nl\/de\/produkt\/rucklicht-ausen-lancia-kappa-coupe-links\/\"]}]},{\"@type\":\"ImageObject\",\"inLanguage\":\"de\",\"@id\":\"https:\/\/turijnmagazijn.nl\/de\/produkt\/rucklicht-ausen-lancia-kappa-coupe-links\/#primaryimage\",\"url\":\"https:\/\/turijnmagazijn.nl\/wp-content\/uploads\/2023\/03\/DK00102340-Achterlicht-buitenzijde-Lancia-Kappa-Coupe-Links-3-1.jpg\",\"contentUrl\":\"https:\/\/turijnmagazijn.nl\/wp-content\/uploads\/2023\/03\/DK00102340-Achterlicht-buitenzijde-Lancia-Kappa-Coupe-Links-3-1.jpg\",\"width\":1024,\"height\":768},{\"@type\":\"BreadcrumbList\",\"@id\":\"https:\/\/turijnmagazijn.nl\/de\/produkt\/rucklicht-ausen-lancia-kappa-coupe-links\/#breadcrumb\",\"itemListElement\":[{\"@type\":\"ListItem\",\"position\":1,\"name\":\"Home\",\"item\":\"https:\/\/turijnmagazijn.nl\/de\/\"},{\"@type\":\"ListItem\",\"position\":2,\"name\":\"Produkte\",\"item\":\"https:\/\/turijnmagazijn.nl\/de\/shop\/\"},{\"@type\":\"ListItem\",\"position\":3,\"name\":\"R\u00fccklicht au\u00dfen Lancia Kappa Coupe Links\"}]},{\"@type\":\"WebSite\",\"@id\":\"https:\/\/turijnmagazijn.jumpstone-dev.nl\/#website\",\"url\":\"https:\/\/turijnmagazijn.jumpstone-dev.nl\/\",\"name\":\"Turijnmagazijn\",\"description\":\"Onderdelen nieuw en gebruikt - Fiat &amp; Lancia\",\"publisher\":{\"@id\":\"https:\/\/turijnmagazijn.jumpstone-dev.nl\/#organization\"},\"potentialAction\":[{\"@type\":\"SearchAction\",\"target\":{\"@type\":\"EntryPoint\",\"urlTemplate\":\"https:\/\/turijnmagazijn.jumpstone-dev.nl\/?s={search_term_string}\"},\"query-input\":{\"@type\":\"PropertyValueSpecification\",\"valueRequired\":true,\"valueName\":\"search_term_string\"}}],\"inLanguage\":\"de\"},{\"@type\":\"Organization\",\"@id\":\"https:\/\/turijnmagazijn.jumpstone-dev.nl\/#organization\",\"name\":\"Turijnmagazijn\",\"url\":\"https:\/\/turijnmagazijn.jumpstone-dev.nl\/\",\"logo\":{\"@type\":\"ImageObject\",\"inLanguage\":\"de\",\"@id\":\"https:\/\/turijnmagazijn.jumpstone-dev.nl\/#\/schema\/logo\/image\/\",\"url\":\"https:\/\/turijnmagazijn.nl\/wp-content\/uploads\/2021\/02\/turijnmagazijnlogo.png\",\"contentUrl\":\"https:\/\/turijnmagazijn.nl\/wp-content\/uploads\/2021\/02\/turijnmagazijnlogo.png\",\"width\":555,\"height\":270,\"caption\":\"Turijnmagazijn\"},\"image\":{\"@id\":\"https:\/\/turijnmagazijn.jumpstone-dev.nl\/#\/schema\/logo\/image\/\"},\"sameAs\":[\"https:\/\/www.facebook.com\/turijnmagazijn\"]}]}<\/script>\n<!-- \/ Yoast SEO plugin. -->","yoast_head_json":{"title":"R\u00fccklicht au\u00dfen Lancia Kappa Coupe Links - Turijnmagazijn","robots":{"index":"index","follow":"follow","max-snippet":"max-snippet:-1","max-image-preview":"max-image-preview:large","max-video-preview":"max-video-preview:-1"},"canonical":"https:\/\/turijnmagazijn.nl\/de\/produkt\/rucklicht-ausen-lancia-kappa-coupe-links\/","og_locale":"de_DE","og_type":"article","og_title":"R\u00fccklicht au\u00dfen Lancia Kappa Coupe Links - Turijnmagazijn","og_description":"Lancia Kappa - Von einem Lancia Kappa Coup\u00e9 aus dem Jahr 1998.R\u00fccklicht au\u00dfen Lancia Kappa Coupe Links - Gebraucht","og_url":"https:\/\/turijnmagazijn.nl\/de\/produkt\/rucklicht-ausen-lancia-kappa-coupe-links\/","og_site_name":"Turijnmagazijn","article_publisher":"https:\/\/www.facebook.com\/turijnmagazijn","article_modified_time":"2025-05-07T15:39:10+00:00","og_image":[{"width":1024,"height":768,"url":"https:\/\/turijnmagazijn.nl\/wp-content\/uploads\/2023\/03\/DK00102340-Achterlicht-buitenzijde-Lancia-Kappa-Coupe-Links-3-1.jpg","type":"image\/jpeg"}],"twitter_card":"summary_large_image","schema":{"@context":"https:\/\/schema.org","@graph":[{"@type":"WebPage","@id":"https:\/\/turijnmagazijn.nl\/de\/produkt\/rucklicht-ausen-lancia-kappa-coupe-links\/","url":"https:\/\/turijnmagazijn.nl\/de\/produkt\/rucklicht-ausen-lancia-kappa-coupe-links\/","name":"R\u00fccklicht au\u00dfen Lancia Kappa Coupe Links - Turijnmagazijn","isPartOf":{"@id":"https:\/\/turijnmagazijn.jumpstone-dev.nl\/#website"},"primaryImageOfPage":{"@id":"https:\/\/turijnmagazijn.nl\/de\/produkt\/rucklicht-ausen-lancia-kappa-coupe-links\/#primaryimage"},"image":{"@id":"https:\/\/turijnmagazijn.nl\/de\/produkt\/rucklicht-ausen-lancia-kappa-coupe-links\/#primaryimage"},"thumbnailUrl":"https:\/\/turijnmagazijn.nl\/wp-content\/uploads\/2023\/03\/DK00102340-Achterlicht-buitenzijde-Lancia-Kappa-Coupe-Links-3-1.jpg","datePublished":"2023-03-03T08:20:58+00:00","dateModified":"2025-05-07T15:39:10+00:00","breadcrumb":{"@id":"https:\/\/turijnmagazijn.nl\/de\/produkt\/rucklicht-ausen-lancia-kappa-coupe-links\/#breadcrumb"},"inLanguage":"de","potentialAction":[{"@type":"ReadAction","target":["https:\/\/turijnmagazijn.nl\/de\/produkt\/rucklicht-ausen-lancia-kappa-coupe-links\/"]}]},{"@type":"ImageObject","inLanguage":"de","@id":"https:\/\/turijnmagazijn.nl\/de\/produkt\/rucklicht-ausen-lancia-kappa-coupe-links\/#primaryimage","url":"https:\/\/turijnmagazijn.nl\/wp-content\/uploads\/2023\/03\/DK00102340-Achterlicht-buitenzijde-Lancia-Kappa-Coupe-Links-3-1.jpg","contentUrl":"https:\/\/turijnmagazijn.nl\/wp-content\/uploads\/2023\/03\/DK00102340-Achterlicht-buitenzijde-Lancia-Kappa-Coupe-Links-3-1.jpg","width":1024,"height":768},{"@type":"BreadcrumbList","@id":"https:\/\/turijnmagazijn.nl\/de\/produkt\/rucklicht-ausen-lancia-kappa-coupe-links\/#breadcrumb","itemListElement":[{"@type":"ListItem","position":1,"name":"Home","item":"https:\/\/turijnmagazijn.nl\/de\/"},{"@type":"ListItem","position":2,"name":"Produkte","item":"https:\/\/turijnmagazijn.nl\/de\/shop\/"},{"@type":"ListItem","position":3,"name":"R\u00fccklicht au\u00dfen Lancia Kappa Coupe Links"}]},{"@type":"WebSite","@id":"https:\/\/turijnmagazijn.jumpstone-dev.nl\/#website","url":"https:\/\/turijnmagazijn.jumpstone-dev.nl\/","name":"Turijnmagazijn","description":"Onderdelen nieuw en gebruikt - Fiat &amp; Lancia","publisher":{"@id":"https:\/\/turijnmagazijn.jumpstone-dev.nl\/#organization"},"potentialAction":[{"@type":"SearchAction","target":{"@type":"EntryPoint","urlTemplate":"https:\/\/turijnmagazijn.jumpstone-dev.nl\/?s={search_term_string}"},"query-input":{"@type":"PropertyValueSpecification","valueRequired":true,"valueName":"search_term_string"}}],"inLanguage":"de"},{"@type":"Organization","@id":"https:\/\/turijnmagazijn.jumpstone-dev.nl\/#organization","name":"Turijnmagazijn","url":"https:\/\/turijnmagazijn.jumpstone-dev.nl\/","logo":{"@type":"ImageObject","inLanguage":"de","@id":"https:\/\/turijnmagazijn.jumpstone-dev.nl\/#\/schema\/logo\/image\/","url":"https:\/\/turijnmagazijn.nl\/wp-content\/uploads\/2021\/02\/turijnmagazijnlogo.png","contentUrl":"https:\/\/turijnmagazijn.nl\/wp-content\/uploads\/2021\/02\/turijnmagazijnlogo.png","width":555,"height":270,"caption":"Turijnmagazijn"},"image":{"@id":"https:\/\/turijnmagazijn.jumpstone-dev.nl\/#\/schema\/logo\/image\/"},"sameAs":["https:\/\/www.facebook.com\/turijnmagazijn"]}]}},"_links":{"self":[{"href":"https:\/\/turijnmagazijn.nl\/de\/wp-json\/wp\/v2\/product\/65150","targetHints":{"allow":["GET"]}}],"collection":[{"href":"https:\/\/turijnmagazijn.nl\/de\/wp-json\/wp\/v2\/product"}],"about":[{"href":"https:\/\/turijnmagazijn.nl\/de\/wp-json\/wp\/v2\/types\/product"}],"replies":[{"embeddable":true,"href":"https:\/\/turijnmagazijn.nl\/de\/wp-json\/wp\/v2\/comments?post=65150"}],"wp:featuredmedia":[{"embeddable":true,"href":"https:\/\/turijnmagazijn.nl\/de\/wp-json\/wp\/v2\/media\/48805"}],"wp:attachment":[{"href":"https:\/\/turijnmagazijn.nl\/de\/wp-json\/wp\/v2\/media?parent=65150"}],"wp:term":[{"taxonomy":"product_brand","embeddable":true,"href":"https:\/\/turijnmagazijn.nl\/de\/wp-json\/wp\/v2\/product_brand?post=65150"},{"taxonomy":"product_cat","embeddable":true,"href":"https:\/\/turijnmagazijn.nl\/de\/wp-json\/wp\/v2\/product_cat?post=65150"},{"taxonomy":"product_tag","embeddable":true,"href":"https:\/\/turijnmagazijn.nl\/de\/wp-json\/wp\/v2\/product_tag?post=65150"}],"curies":[{"name":"wp","href":"https:\/\/api.w.org\/{rel}","templated":true}]}}