{"id":65249,"date":"2023-03-03T09:23:29","date_gmt":"2023-03-03T08:23:29","guid":{"rendered":"https:\/\/turijnmagazijn.nl\/product\/zigarettenanzuender-12-volt-lancia-kappa\/"},"modified":"2025-12-30T11:13:29","modified_gmt":"2025-12-30T10:13:29","slug":"zigarettenanzunder-12-volt-lancia-kappa","status":"publish","type":"product","link":"https:\/\/turijnmagazijn.nl\/de\/produkt\/zigarettenanzunder-12-volt-lancia-kappa\/","title":{"rendered":"Zigarettenanz\u00fcnder 12 Volt Lancia Kappa"},"content":{"rendered":"<p>12 Volt Zigarettenanz\u00fcnder Original f\u00fcr Lancia Kappa Delta I, Lancia Thema und Lancia Lybra. Dies ist ein gebrauchter, aber in gutem Zustand befindlicher Zigarettenanz\u00fcnder f\u00fcr das 12 Volt Plus im Armaturenbrett. Aus einem Kappa Coup\u00e9 Baujahr 1998. Zigarettenlogo in <span style=\"font-weight: bold;\">GR\u00dcNEM <\/span>Aufdruck. Bei den genannten Fahrzeugen finden Sie manchmal auch das wei\u00df bedruckte Original, aber das Feuerzeug passt auch auf alle anderen Fiat Lancia Modelle mit dem gleichen Feuerzeug mit gr\u00fcnem Aufdruck.  <\/p>\n<ul>\n<li>Alfa Romeo MiTo<\/li>\n<li>Alfa Romeo Giulietta<\/li>\n<li>Alfa Romeo GT<\/li>\n<li>Alfa Romeo GTV &amp; Spider<\/li>\n<li>Alfa Romeo 145<\/li>\n<li>Alfa Romeo 146<\/li>\n<li>Alfa Romeo 155<\/li>\n<li>Alfa Romeo 156 (bis 2002)<\/li>\n<li>Alfa Romeo 164 (1992+)<\/li>\n<li>Alfa Romeo 166<\/li>\n<li>Alfa Romeo 33<\/li>\n<li>Fiat Grande Punto<\/li>\n<li>Fiat Punto Evo<\/li>\n<li>Fiat Barchetta<\/li>\n<li>Fiat-Idee<\/li>\n<li>Fiat Bravo (2007+)<\/li>\n<li>Fiat Panda (2003-2012)<\/li>\n<li>Fiat Panda (2012+)<\/li>\n<li>Fiat Seicento<\/li>\n<li>Fiat Stilo<\/li>\n<li>Fiat Tipo<\/li>\n<li>Fiat Tempra<\/li>\n<li>Fiat Uno (1990+)<\/li>\n<li>Lancia Delta (1986-1993)<\/li>\n<li>Lancia Dedra<\/li>\n<li>Lancia Kappa<\/li>\n<li>Lancia Y10<\/li>\n<\/ul>\n<p>  OEM Lancia 712141080 <span style=\"text-align: -webkit-right;\">OEM<\/span> ALFA ROMEO <span style=\"text-align: -webkit-right;\">60587757<\/span> OEM ALFA ROMEO <span style=\"text-align: -webkit-right;\">60807649<\/span> OEM ALFA ROMEO <span style=\"text-align: -webkit-right;\">60810379 <\/span> OEM FIAT 46303497 <span style=\"text-align: -webkit-right;\">OEM FIAT 735305388<\/span><\/p>\n<p>&nbsp;<\/p>\n","protected":false},"excerpt":{"rendered":"<p>712141080 Zigarettenanz\u00fcnder 12 Volt Lancia Delta I Theme Lybra &#8211; 12 Volt Zigarettenanz\u00fcnder Original f\u00fcr Lancia Delta I, Lancia Thema und Lancia Lybra.Zigarettenanz\u00fcnder 12 Volt Lancia Kappa &#8211; 12 Volt Zigarettenanz\u00fcnder Original f\u00fcr Lancia Kappa Delta I, La<\/p>\n","protected":false},"featured_media":49529,"comment_status":"closed","ping_status":"closed","template":"","meta":{"_acf_changed":false},"product_brand":[],"product_cat":[1599,1616,1584,1704,1867,1717,1803,1807,1689,1729,1632,1634,1829,1859,1797,1737,1762,1869,1777,1784,1785],"product_tag":[],"class_list":{"0":"post-65249","1":"product","2":"type-product","3":"status-publish","4":"has-post-thumbnail","6":"product_cat-145-930a-de","7":"product_cat-156-932-de","8":"product_cat-alfa-romeo-de","9":"product_cat-barchetta-183-de","10":"product_cat-coupe-de","11":"product_cat-coupe-175-de","12":"product_cat-dedra-835-de","13":"product_cat-delta-1-831-de","14":"product_cat-fiat-de","15":"product_cat-grande-punto-199-de","16":"product_cat-gt-937-de","17":"product_cat-gtv-916-de","18":"product_cat-integrale-8v-de","19":"product_cat-kappa-838-de","20":"product_cat-lancia-de","21":"product_cat-multipla-186-de","22":"product_cat-stilo-192-de","23":"product_cat-sw-de","24":"product_cat-tempra-159-de","25":"product_cat-tipo-1-160-de","26":"product_cat-uno-1-146-de","27":"pa_soort-onderdeel-elektronik-und-kabel","28":"pa_soort-onderdeel-kleines-material","30":"first","31":"instock","32":"shipping-taxable","33":"purchasable","34":"product-type-simple"},"acf":[],"yoast_head":"<!-- This site is optimized with the Yoast SEO plugin v27.3 - https:\/\/yoast.com\/product\/yoast-seo-wordpress\/ -->\n<title>Zigarettenanz\u00fcnder 12 Volt Lancia Kappa - Turijnmagazijn<\/title>\n<meta name=\"robots\" content=\"index, follow, max-snippet:-1, max-image-preview:large, max-video-preview:-1\" \/>\n<link rel=\"canonical\" href=\"https:\/\/turijnmagazijn.nl\/de\/produkt\/zigarettenanzunder-12-volt-lancia-kappa\/\" \/>\n<meta property=\"og:locale\" content=\"de_DE\" \/>\n<meta property=\"og:type\" content=\"article\" \/>\n<meta property=\"og:title\" content=\"Zigarettenanz\u00fcnder 12 Volt Lancia Kappa - Turijnmagazijn\" \/>\n<meta property=\"og:description\" content=\"712141080 Zigarettenanz\u00fcnder 12 Volt Lancia Delta I Theme Lybra - 12 Volt Zigarettenanz\u00fcnder Original f\u00fcr Lancia Delta I, Lancia Thema und Lancia Lybra.Zigarettenanz\u00fcnder 12 Volt Lancia Kappa - 12 Volt Zigarettenanz\u00fcnder Original f\u00fcr Lancia Kappa Delta I, La\" \/>\n<meta property=\"og:url\" content=\"https:\/\/turijnmagazijn.nl\/de\/produkt\/zigarettenanzunder-12-volt-lancia-kappa\/\" \/>\n<meta property=\"og:site_name\" content=\"Turijnmagazijn\" \/>\n<meta property=\"article:publisher\" content=\"https:\/\/www.facebook.com\/turijnmagazijn\" \/>\n<meta property=\"article:modified_time\" content=\"2025-12-30T10:13:29+00:00\" \/>\n<meta property=\"og:image\" content=\"https:\/\/turijnmagazijn.nl\/wp-content\/uploads\/2023\/03\/DK0010237720Sigarettenaansteker201220volt20Lancia20Kappa204.jpg\" \/>\n\t<meta property=\"og:image:width\" content=\"1024\" \/>\n\t<meta property=\"og:image:height\" content=\"768\" \/>\n\t<meta property=\"og:image:type\" content=\"image\/jpeg\" \/>\n<meta name=\"twitter:card\" content=\"summary_large_image\" \/>\n<meta name=\"twitter:label1\" content=\"Gesch\u00e4tzte Lesezeit\" \/>\n\t<meta name=\"twitter:data1\" content=\"1\u00a0Minute\" \/>\n<script type=\"application\/ld+json\" class=\"yoast-schema-graph\">{\"@context\":\"https:\\\/\\\/schema.org\",\"@graph\":[{\"@type\":\"WebPage\",\"@id\":\"https:\\\/\\\/turijnmagazijn.nl\\\/de\\\/produkt\\\/zigarettenanzunder-12-volt-lancia-kappa\\\/\",\"url\":\"https:\\\/\\\/turijnmagazijn.nl\\\/de\\\/produkt\\\/zigarettenanzunder-12-volt-lancia-kappa\\\/\",\"name\":\"Zigarettenanz\u00fcnder 12 Volt Lancia Kappa - Turijnmagazijn\",\"isPartOf\":{\"@id\":\"https:\\\/\\\/turijnmagazijn.jumpstone-dev.nl\\\/#website\"},\"primaryImageOfPage\":{\"@id\":\"https:\\\/\\\/turijnmagazijn.nl\\\/de\\\/produkt\\\/zigarettenanzunder-12-volt-lancia-kappa\\\/#primaryimage\"},\"image\":{\"@id\":\"https:\\\/\\\/turijnmagazijn.nl\\\/de\\\/produkt\\\/zigarettenanzunder-12-volt-lancia-kappa\\\/#primaryimage\"},\"thumbnailUrl\":\"https:\\\/\\\/turijnmagazijn.nl\\\/wp-content\\\/uploads\\\/2023\\\/03\\\/DK0010237720Sigarettenaansteker201220volt20Lancia20Kappa204.jpg\",\"datePublished\":\"2023-03-03T08:23:29+00:00\",\"dateModified\":\"2025-12-30T10:13:29+00:00\",\"breadcrumb\":{\"@id\":\"https:\\\/\\\/turijnmagazijn.nl\\\/de\\\/produkt\\\/zigarettenanzunder-12-volt-lancia-kappa\\\/#breadcrumb\"},\"inLanguage\":\"de\",\"potentialAction\":[{\"@type\":\"ReadAction\",\"target\":[\"https:\\\/\\\/turijnmagazijn.nl\\\/de\\\/produkt\\\/zigarettenanzunder-12-volt-lancia-kappa\\\/\"]}]},{\"@type\":\"ImageObject\",\"inLanguage\":\"de\",\"@id\":\"https:\\\/\\\/turijnmagazijn.nl\\\/de\\\/produkt\\\/zigarettenanzunder-12-volt-lancia-kappa\\\/#primaryimage\",\"url\":\"https:\\\/\\\/turijnmagazijn.nl\\\/wp-content\\\/uploads\\\/2023\\\/03\\\/DK0010237720Sigarettenaansteker201220volt20Lancia20Kappa204.jpg\",\"contentUrl\":\"https:\\\/\\\/turijnmagazijn.nl\\\/wp-content\\\/uploads\\\/2023\\\/03\\\/DK0010237720Sigarettenaansteker201220volt20Lancia20Kappa204.jpg\",\"width\":1024,\"height\":768},{\"@type\":\"BreadcrumbList\",\"@id\":\"https:\\\/\\\/turijnmagazijn.nl\\\/de\\\/produkt\\\/zigarettenanzunder-12-volt-lancia-kappa\\\/#breadcrumb\",\"itemListElement\":[{\"@type\":\"ListItem\",\"position\":1,\"name\":\"Home\",\"item\":\"https:\\\/\\\/turijnmagazijn.nl\\\/de\\\/\"},{\"@type\":\"ListItem\",\"position\":2,\"name\":\"Produkte\",\"item\":\"https:\\\/\\\/turijnmagazijn.nl\\\/de\\\/shop\\\/\"},{\"@type\":\"ListItem\",\"position\":3,\"name\":\"Zigarettenanz\u00fcnder 12 Volt Lancia Kappa\"}]},{\"@type\":\"WebSite\",\"@id\":\"https:\\\/\\\/turijnmagazijn.jumpstone-dev.nl\\\/#website\",\"url\":\"https:\\\/\\\/turijnmagazijn.jumpstone-dev.nl\\\/\",\"name\":\"Turijnmagazijn\",\"description\":\"Onderdelen nieuw en gebruikt - Fiat &amp; Lancia\",\"publisher\":{\"@id\":\"https:\\\/\\\/turijnmagazijn.jumpstone-dev.nl\\\/#organization\"},\"potentialAction\":[{\"@type\":\"SearchAction\",\"target\":{\"@type\":\"EntryPoint\",\"urlTemplate\":\"https:\\\/\\\/turijnmagazijn.jumpstone-dev.nl\\\/?s={search_term_string}\"},\"query-input\":{\"@type\":\"PropertyValueSpecification\",\"valueRequired\":true,\"valueName\":\"search_term_string\"}}],\"inLanguage\":\"de\"},{\"@type\":\"Organization\",\"@id\":\"https:\\\/\\\/turijnmagazijn.jumpstone-dev.nl\\\/#organization\",\"name\":\"Turijnmagazijn\",\"url\":\"https:\\\/\\\/turijnmagazijn.jumpstone-dev.nl\\\/\",\"logo\":{\"@type\":\"ImageObject\",\"inLanguage\":\"de\",\"@id\":\"https:\\\/\\\/turijnmagazijn.jumpstone-dev.nl\\\/#\\\/schema\\\/logo\\\/image\\\/\",\"url\":\"https:\\\/\\\/turijnmagazijn.nl\\\/wp-content\\\/uploads\\\/2021\\\/02\\\/turijnmagazijnlogo.png\",\"contentUrl\":\"https:\\\/\\\/turijnmagazijn.nl\\\/wp-content\\\/uploads\\\/2021\\\/02\\\/turijnmagazijnlogo.png\",\"width\":555,\"height\":270,\"caption\":\"Turijnmagazijn\"},\"image\":{\"@id\":\"https:\\\/\\\/turijnmagazijn.jumpstone-dev.nl\\\/#\\\/schema\\\/logo\\\/image\\\/\"},\"sameAs\":[\"https:\\\/\\\/www.facebook.com\\\/turijnmagazijn\"]}]}<\/script>\n<!-- \/ Yoast SEO plugin. -->","yoast_head_json":{"title":"Zigarettenanz\u00fcnder 12 Volt Lancia Kappa - Turijnmagazijn","robots":{"index":"index","follow":"follow","max-snippet":"max-snippet:-1","max-image-preview":"max-image-preview:large","max-video-preview":"max-video-preview:-1"},"canonical":"https:\/\/turijnmagazijn.nl\/de\/produkt\/zigarettenanzunder-12-volt-lancia-kappa\/","og_locale":"de_DE","og_type":"article","og_title":"Zigarettenanz\u00fcnder 12 Volt Lancia Kappa - Turijnmagazijn","og_description":"712141080 Zigarettenanz\u00fcnder 12 Volt Lancia Delta I Theme Lybra - 12 Volt Zigarettenanz\u00fcnder Original f\u00fcr Lancia Delta I, Lancia Thema und Lancia Lybra.Zigarettenanz\u00fcnder 12 Volt Lancia Kappa - 12 Volt Zigarettenanz\u00fcnder Original f\u00fcr Lancia Kappa Delta I, La","og_url":"https:\/\/turijnmagazijn.nl\/de\/produkt\/zigarettenanzunder-12-volt-lancia-kappa\/","og_site_name":"Turijnmagazijn","article_publisher":"https:\/\/www.facebook.com\/turijnmagazijn","article_modified_time":"2025-12-30T10:13:29+00:00","og_image":[{"width":1024,"height":768,"url":"https:\/\/turijnmagazijn.nl\/wp-content\/uploads\/2023\/03\/DK0010237720Sigarettenaansteker201220volt20Lancia20Kappa204.jpg","type":"image\/jpeg"}],"twitter_card":"summary_large_image","twitter_misc":{"Gesch\u00e4tzte Lesezeit":"1\u00a0Minute"},"schema":{"@context":"https:\/\/schema.org","@graph":[{"@type":"WebPage","@id":"https:\/\/turijnmagazijn.nl\/de\/produkt\/zigarettenanzunder-12-volt-lancia-kappa\/","url":"https:\/\/turijnmagazijn.nl\/de\/produkt\/zigarettenanzunder-12-volt-lancia-kappa\/","name":"Zigarettenanz\u00fcnder 12 Volt Lancia Kappa - Turijnmagazijn","isPartOf":{"@id":"https:\/\/turijnmagazijn.jumpstone-dev.nl\/#website"},"primaryImageOfPage":{"@id":"https:\/\/turijnmagazijn.nl\/de\/produkt\/zigarettenanzunder-12-volt-lancia-kappa\/#primaryimage"},"image":{"@id":"https:\/\/turijnmagazijn.nl\/de\/produkt\/zigarettenanzunder-12-volt-lancia-kappa\/#primaryimage"},"thumbnailUrl":"https:\/\/turijnmagazijn.nl\/wp-content\/uploads\/2023\/03\/DK0010237720Sigarettenaansteker201220volt20Lancia20Kappa204.jpg","datePublished":"2023-03-03T08:23:29+00:00","dateModified":"2025-12-30T10:13:29+00:00","breadcrumb":{"@id":"https:\/\/turijnmagazijn.nl\/de\/produkt\/zigarettenanzunder-12-volt-lancia-kappa\/#breadcrumb"},"inLanguage":"de","potentialAction":[{"@type":"ReadAction","target":["https:\/\/turijnmagazijn.nl\/de\/produkt\/zigarettenanzunder-12-volt-lancia-kappa\/"]}]},{"@type":"ImageObject","inLanguage":"de","@id":"https:\/\/turijnmagazijn.nl\/de\/produkt\/zigarettenanzunder-12-volt-lancia-kappa\/#primaryimage","url":"https:\/\/turijnmagazijn.nl\/wp-content\/uploads\/2023\/03\/DK0010237720Sigarettenaansteker201220volt20Lancia20Kappa204.jpg","contentUrl":"https:\/\/turijnmagazijn.nl\/wp-content\/uploads\/2023\/03\/DK0010237720Sigarettenaansteker201220volt20Lancia20Kappa204.jpg","width":1024,"height":768},{"@type":"BreadcrumbList","@id":"https:\/\/turijnmagazijn.nl\/de\/produkt\/zigarettenanzunder-12-volt-lancia-kappa\/#breadcrumb","itemListElement":[{"@type":"ListItem","position":1,"name":"Home","item":"https:\/\/turijnmagazijn.nl\/de\/"},{"@type":"ListItem","position":2,"name":"Produkte","item":"https:\/\/turijnmagazijn.nl\/de\/shop\/"},{"@type":"ListItem","position":3,"name":"Zigarettenanz\u00fcnder 12 Volt Lancia Kappa"}]},{"@type":"WebSite","@id":"https:\/\/turijnmagazijn.jumpstone-dev.nl\/#website","url":"https:\/\/turijnmagazijn.jumpstone-dev.nl\/","name":"Turijnmagazijn","description":"Onderdelen nieuw en gebruikt - Fiat &amp; Lancia","publisher":{"@id":"https:\/\/turijnmagazijn.jumpstone-dev.nl\/#organization"},"potentialAction":[{"@type":"SearchAction","target":{"@type":"EntryPoint","urlTemplate":"https:\/\/turijnmagazijn.jumpstone-dev.nl\/?s={search_term_string}"},"query-input":{"@type":"PropertyValueSpecification","valueRequired":true,"valueName":"search_term_string"}}],"inLanguage":"de"},{"@type":"Organization","@id":"https:\/\/turijnmagazijn.jumpstone-dev.nl\/#organization","name":"Turijnmagazijn","url":"https:\/\/turijnmagazijn.jumpstone-dev.nl\/","logo":{"@type":"ImageObject","inLanguage":"de","@id":"https:\/\/turijnmagazijn.jumpstone-dev.nl\/#\/schema\/logo\/image\/","url":"https:\/\/turijnmagazijn.nl\/wp-content\/uploads\/2021\/02\/turijnmagazijnlogo.png","contentUrl":"https:\/\/turijnmagazijn.nl\/wp-content\/uploads\/2021\/02\/turijnmagazijnlogo.png","width":555,"height":270,"caption":"Turijnmagazijn"},"image":{"@id":"https:\/\/turijnmagazijn.jumpstone-dev.nl\/#\/schema\/logo\/image\/"},"sameAs":["https:\/\/www.facebook.com\/turijnmagazijn"]}]}},"_links":{"self":[{"href":"https:\/\/turijnmagazijn.nl\/de\/wp-json\/wp\/v2\/product\/65249","targetHints":{"allow":["GET"]}}],"collection":[{"href":"https:\/\/turijnmagazijn.nl\/de\/wp-json\/wp\/v2\/product"}],"about":[{"href":"https:\/\/turijnmagazijn.nl\/de\/wp-json\/wp\/v2\/types\/product"}],"replies":[{"embeddable":true,"href":"https:\/\/turijnmagazijn.nl\/de\/wp-json\/wp\/v2\/comments?post=65249"}],"wp:featuredmedia":[{"embeddable":true,"href":"https:\/\/turijnmagazijn.nl\/de\/wp-json\/wp\/v2\/media\/49529"}],"wp:attachment":[{"href":"https:\/\/turijnmagazijn.nl\/de\/wp-json\/wp\/v2\/media?parent=65249"}],"wp:term":[{"taxonomy":"product_brand","embeddable":true,"href":"https:\/\/turijnmagazijn.nl\/de\/wp-json\/wp\/v2\/product_brand?post=65249"},{"taxonomy":"product_cat","embeddable":true,"href":"https:\/\/turijnmagazijn.nl\/de\/wp-json\/wp\/v2\/product_cat?post=65249"},{"taxonomy":"product_tag","embeddable":true,"href":"https:\/\/turijnmagazijn.nl\/de\/wp-json\/wp\/v2\/product_tag?post=65249"}],"curies":[{"name":"wp","href":"https:\/\/api.w.org\/{rel}","templated":true}]}}