{"id":65299,"date":"2023-03-03T09:25:34","date_gmt":"2023-03-03T08:25:34","guid":{"rendered":"https:\/\/turijnmagazijn.nl\/product\/transponder-computer-leser-2-chips-zuendschloss-alfa-156\/"},"modified":"2023-07-27T12:26:11","modified_gmt":"2023-07-27T10:26:11","slug":"transponder-computer-lesegerat-2-chips-zundschloss-alpha-156","status":"publish","type":"product","link":"https:\/\/turijnmagazijn.nl\/de\/produkt\/transponder-computer-lesegerat-2-chips-zundschloss-alpha-156\/","title":{"rendered":"Transponder Computer + Leser + 2 Chips Z\u00fcndschloss Alfa 156"},"content":{"rendered":"<p>Gebrauchtes Set bestehend aus 2 Transponderchips und dem dazugeh\u00f6rigen Leseger\u00e4t. In den fr\u00fchen Modellen des Alfa 156 sind die Systeme zum Austausch der Schl\u00fcsselcodes zwischen Steuerger\u00e4t und Z\u00fcndschloss noch nicht miteinander verbunden. Bei Autos, die vor dem Jahr 2000 gebaut wurden, ist es m\u00f6glich, den Transpondercomputer auszutauschen, ohne die neuen Transponderchips erlernen zu m\u00fcssen (was normalerweise eine teure Angelegenheit ist).<\/p>\n<p>Die Chips passen in den daf\u00fcr vorgesehenen Platz vor dem Schl\u00fcsselhaus. Mit einem kleinen Schraubendreher lassen sie sich leicht wechseln.<\/p>\n<p>Es handelt sich um einen passenden Satz, der korrekt funktioniert, zerlegt von einem Alfa 156 aus dem Jahr 1999.<\/p>\n<p>OEM Alfa Romeo 60653687<\/p>\n","protected":false},"excerpt":{"rendered":"<p>Transpondercomputer + Leseger\u00e4t + 2 Chips Z\u00fcndschloss Alfa 156 &#8211; Gebrauchtes Set bestehend aus 2 Transponderchips und dem dazugeh\u00f6rigen Leseger\u00e4t.<\/p>\n","protected":false},"featured_media":49889,"comment_status":"open","ping_status":"closed","template":"","meta":{"_acf_changed":false},"product_brand":[],"product_cat":[1616,1584],"product_tag":[],"class_list":{"0":"post-65299","1":"product","2":"type-product","3":"status-publish","4":"has-post-thumbnail","6":"product_cat-156-932-de","7":"product_cat-alfa-romeo-de","8":"pa_soort-onderdeel-dashboard-und-schalter","10":"first","11":"instock","12":"shipping-taxable","13":"purchasable","14":"product-type-simple"},"acf":[],"yoast_head":"<!-- This site is optimized with the Yoast SEO plugin v27.3 - https:\/\/yoast.com\/product\/yoast-seo-wordpress\/ -->\n<title>Transponder Computer + Leser + 2 Chips Z\u00fcndschloss Alfa 156 - Turijnmagazijn<\/title>\n<meta name=\"robots\" content=\"index, follow, max-snippet:-1, max-image-preview:large, max-video-preview:-1\" \/>\n<link rel=\"canonical\" href=\"https:\/\/turijnmagazijn.nl\/de\/produkt\/transponder-computer-lesegerat-2-chips-zundschloss-alpha-156\/\" \/>\n<meta property=\"og:locale\" content=\"de_DE\" \/>\n<meta property=\"og:type\" content=\"article\" \/>\n<meta property=\"og:title\" content=\"Transponder Computer + Leser + 2 Chips Z\u00fcndschloss Alfa 156 - Turijnmagazijn\" \/>\n<meta property=\"og:description\" content=\"Transpondercomputer + Leseger\u00e4t + 2 Chips Z\u00fcndschloss Alfa 156 - Gebrauchtes Set bestehend aus 2 Transponderchips und dem dazugeh\u00f6rigen Leseger\u00e4t.\" \/>\n<meta property=\"og:url\" content=\"https:\/\/turijnmagazijn.nl\/de\/produkt\/transponder-computer-lesegerat-2-chips-zundschloss-alpha-156\/\" \/>\n<meta property=\"og:site_name\" content=\"Turijnmagazijn\" \/>\n<meta property=\"article:publisher\" content=\"https:\/\/www.facebook.com\/turijnmagazijn\" \/>\n<meta property=\"article:modified_time\" content=\"2023-07-27T10:26:11+00:00\" \/>\n<meta property=\"og:image\" content=\"https:\/\/turijnmagazijn.nl\/wp-content\/uploads\/2023\/03\/DK0010239620Transponder20Computer2020lezer2020220chips20Contactslot20Alfa20156203.jpg\" \/>\n\t<meta property=\"og:image:width\" content=\"1024\" \/>\n\t<meta property=\"og:image:height\" content=\"768\" \/>\n\t<meta property=\"og:image:type\" content=\"image\/jpeg\" \/>\n<meta name=\"twitter:card\" content=\"summary_large_image\" \/>\n<meta name=\"twitter:label1\" content=\"Gesch\u00e4tzte Lesezeit\" \/>\n\t<meta name=\"twitter:data1\" content=\"1\u00a0Minute\" \/>\n<script type=\"application\/ld+json\" class=\"yoast-schema-graph\">{\"@context\":\"https:\\\/\\\/schema.org\",\"@graph\":[{\"@type\":\"WebPage\",\"@id\":\"https:\\\/\\\/turijnmagazijn.nl\\\/de\\\/produkt\\\/transponder-computer-lesegerat-2-chips-zundschloss-alpha-156\\\/\",\"url\":\"https:\\\/\\\/turijnmagazijn.nl\\\/de\\\/produkt\\\/transponder-computer-lesegerat-2-chips-zundschloss-alpha-156\\\/\",\"name\":\"Transponder Computer + Leser + 2 Chips Z\u00fcndschloss Alfa 156 - Turijnmagazijn\",\"isPartOf\":{\"@id\":\"https:\\\/\\\/turijnmagazijn.jumpstone-dev.nl\\\/#website\"},\"primaryImageOfPage\":{\"@id\":\"https:\\\/\\\/turijnmagazijn.nl\\\/de\\\/produkt\\\/transponder-computer-lesegerat-2-chips-zundschloss-alpha-156\\\/#primaryimage\"},\"image\":{\"@id\":\"https:\\\/\\\/turijnmagazijn.nl\\\/de\\\/produkt\\\/transponder-computer-lesegerat-2-chips-zundschloss-alpha-156\\\/#primaryimage\"},\"thumbnailUrl\":\"https:\\\/\\\/turijnmagazijn.nl\\\/wp-content\\\/uploads\\\/2023\\\/03\\\/DK0010239620Transponder20Computer2020lezer2020220chips20Contactslot20Alfa20156203.jpg\",\"datePublished\":\"2023-03-03T08:25:34+00:00\",\"dateModified\":\"2023-07-27T10:26:11+00:00\",\"breadcrumb\":{\"@id\":\"https:\\\/\\\/turijnmagazijn.nl\\\/de\\\/produkt\\\/transponder-computer-lesegerat-2-chips-zundschloss-alpha-156\\\/#breadcrumb\"},\"inLanguage\":\"de\",\"potentialAction\":[{\"@type\":\"ReadAction\",\"target\":[\"https:\\\/\\\/turijnmagazijn.nl\\\/de\\\/produkt\\\/transponder-computer-lesegerat-2-chips-zundschloss-alpha-156\\\/\"]}]},{\"@type\":\"ImageObject\",\"inLanguage\":\"de\",\"@id\":\"https:\\\/\\\/turijnmagazijn.nl\\\/de\\\/produkt\\\/transponder-computer-lesegerat-2-chips-zundschloss-alpha-156\\\/#primaryimage\",\"url\":\"https:\\\/\\\/turijnmagazijn.nl\\\/wp-content\\\/uploads\\\/2023\\\/03\\\/DK0010239620Transponder20Computer2020lezer2020220chips20Contactslot20Alfa20156203.jpg\",\"contentUrl\":\"https:\\\/\\\/turijnmagazijn.nl\\\/wp-content\\\/uploads\\\/2023\\\/03\\\/DK0010239620Transponder20Computer2020lezer2020220chips20Contactslot20Alfa20156203.jpg\",\"width\":1024,\"height\":768},{\"@type\":\"BreadcrumbList\",\"@id\":\"https:\\\/\\\/turijnmagazijn.nl\\\/de\\\/produkt\\\/transponder-computer-lesegerat-2-chips-zundschloss-alpha-156\\\/#breadcrumb\",\"itemListElement\":[{\"@type\":\"ListItem\",\"position\":1,\"name\":\"Home\",\"item\":\"https:\\\/\\\/turijnmagazijn.nl\\\/de\\\/\"},{\"@type\":\"ListItem\",\"position\":2,\"name\":\"Produkte\",\"item\":\"https:\\\/\\\/turijnmagazijn.nl\\\/de\\\/shop\\\/\"},{\"@type\":\"ListItem\",\"position\":3,\"name\":\"Transponder Computer + Leser + 2 Chips Z\u00fcndschloss Alfa 156\"}]},{\"@type\":\"WebSite\",\"@id\":\"https:\\\/\\\/turijnmagazijn.jumpstone-dev.nl\\\/#website\",\"url\":\"https:\\\/\\\/turijnmagazijn.jumpstone-dev.nl\\\/\",\"name\":\"Turijnmagazijn\",\"description\":\"Onderdelen nieuw en gebruikt - Fiat &amp; Lancia\",\"publisher\":{\"@id\":\"https:\\\/\\\/turijnmagazijn.jumpstone-dev.nl\\\/#organization\"},\"potentialAction\":[{\"@type\":\"SearchAction\",\"target\":{\"@type\":\"EntryPoint\",\"urlTemplate\":\"https:\\\/\\\/turijnmagazijn.jumpstone-dev.nl\\\/?s={search_term_string}\"},\"query-input\":{\"@type\":\"PropertyValueSpecification\",\"valueRequired\":true,\"valueName\":\"search_term_string\"}}],\"inLanguage\":\"de\"},{\"@type\":\"Organization\",\"@id\":\"https:\\\/\\\/turijnmagazijn.jumpstone-dev.nl\\\/#organization\",\"name\":\"Turijnmagazijn\",\"url\":\"https:\\\/\\\/turijnmagazijn.jumpstone-dev.nl\\\/\",\"logo\":{\"@type\":\"ImageObject\",\"inLanguage\":\"de\",\"@id\":\"https:\\\/\\\/turijnmagazijn.jumpstone-dev.nl\\\/#\\\/schema\\\/logo\\\/image\\\/\",\"url\":\"https:\\\/\\\/turijnmagazijn.nl\\\/wp-content\\\/uploads\\\/2021\\\/02\\\/turijnmagazijnlogo.png\",\"contentUrl\":\"https:\\\/\\\/turijnmagazijn.nl\\\/wp-content\\\/uploads\\\/2021\\\/02\\\/turijnmagazijnlogo.png\",\"width\":555,\"height\":270,\"caption\":\"Turijnmagazijn\"},\"image\":{\"@id\":\"https:\\\/\\\/turijnmagazijn.jumpstone-dev.nl\\\/#\\\/schema\\\/logo\\\/image\\\/\"},\"sameAs\":[\"https:\\\/\\\/www.facebook.com\\\/turijnmagazijn\"]}]}<\/script>\n<!-- \/ Yoast SEO plugin. -->","yoast_head_json":{"title":"Transponder Computer + Leser + 2 Chips Z\u00fcndschloss Alfa 156 - Turijnmagazijn","robots":{"index":"index","follow":"follow","max-snippet":"max-snippet:-1","max-image-preview":"max-image-preview:large","max-video-preview":"max-video-preview:-1"},"canonical":"https:\/\/turijnmagazijn.nl\/de\/produkt\/transponder-computer-lesegerat-2-chips-zundschloss-alpha-156\/","og_locale":"de_DE","og_type":"article","og_title":"Transponder Computer + Leser + 2 Chips Z\u00fcndschloss Alfa 156 - Turijnmagazijn","og_description":"Transpondercomputer + Leseger\u00e4t + 2 Chips Z\u00fcndschloss Alfa 156 - Gebrauchtes Set bestehend aus 2 Transponderchips und dem dazugeh\u00f6rigen Leseger\u00e4t.","og_url":"https:\/\/turijnmagazijn.nl\/de\/produkt\/transponder-computer-lesegerat-2-chips-zundschloss-alpha-156\/","og_site_name":"Turijnmagazijn","article_publisher":"https:\/\/www.facebook.com\/turijnmagazijn","article_modified_time":"2023-07-27T10:26:11+00:00","og_image":[{"width":1024,"height":768,"url":"https:\/\/turijnmagazijn.nl\/wp-content\/uploads\/2023\/03\/DK0010239620Transponder20Computer2020lezer2020220chips20Contactslot20Alfa20156203.jpg","type":"image\/jpeg"}],"twitter_card":"summary_large_image","twitter_misc":{"Gesch\u00e4tzte Lesezeit":"1\u00a0Minute"},"schema":{"@context":"https:\/\/schema.org","@graph":[{"@type":"WebPage","@id":"https:\/\/turijnmagazijn.nl\/de\/produkt\/transponder-computer-lesegerat-2-chips-zundschloss-alpha-156\/","url":"https:\/\/turijnmagazijn.nl\/de\/produkt\/transponder-computer-lesegerat-2-chips-zundschloss-alpha-156\/","name":"Transponder Computer + Leser + 2 Chips Z\u00fcndschloss Alfa 156 - Turijnmagazijn","isPartOf":{"@id":"https:\/\/turijnmagazijn.jumpstone-dev.nl\/#website"},"primaryImageOfPage":{"@id":"https:\/\/turijnmagazijn.nl\/de\/produkt\/transponder-computer-lesegerat-2-chips-zundschloss-alpha-156\/#primaryimage"},"image":{"@id":"https:\/\/turijnmagazijn.nl\/de\/produkt\/transponder-computer-lesegerat-2-chips-zundschloss-alpha-156\/#primaryimage"},"thumbnailUrl":"https:\/\/turijnmagazijn.nl\/wp-content\/uploads\/2023\/03\/DK0010239620Transponder20Computer2020lezer2020220chips20Contactslot20Alfa20156203.jpg","datePublished":"2023-03-03T08:25:34+00:00","dateModified":"2023-07-27T10:26:11+00:00","breadcrumb":{"@id":"https:\/\/turijnmagazijn.nl\/de\/produkt\/transponder-computer-lesegerat-2-chips-zundschloss-alpha-156\/#breadcrumb"},"inLanguage":"de","potentialAction":[{"@type":"ReadAction","target":["https:\/\/turijnmagazijn.nl\/de\/produkt\/transponder-computer-lesegerat-2-chips-zundschloss-alpha-156\/"]}]},{"@type":"ImageObject","inLanguage":"de","@id":"https:\/\/turijnmagazijn.nl\/de\/produkt\/transponder-computer-lesegerat-2-chips-zundschloss-alpha-156\/#primaryimage","url":"https:\/\/turijnmagazijn.nl\/wp-content\/uploads\/2023\/03\/DK0010239620Transponder20Computer2020lezer2020220chips20Contactslot20Alfa20156203.jpg","contentUrl":"https:\/\/turijnmagazijn.nl\/wp-content\/uploads\/2023\/03\/DK0010239620Transponder20Computer2020lezer2020220chips20Contactslot20Alfa20156203.jpg","width":1024,"height":768},{"@type":"BreadcrumbList","@id":"https:\/\/turijnmagazijn.nl\/de\/produkt\/transponder-computer-lesegerat-2-chips-zundschloss-alpha-156\/#breadcrumb","itemListElement":[{"@type":"ListItem","position":1,"name":"Home","item":"https:\/\/turijnmagazijn.nl\/de\/"},{"@type":"ListItem","position":2,"name":"Produkte","item":"https:\/\/turijnmagazijn.nl\/de\/shop\/"},{"@type":"ListItem","position":3,"name":"Transponder Computer + Leser + 2 Chips Z\u00fcndschloss Alfa 156"}]},{"@type":"WebSite","@id":"https:\/\/turijnmagazijn.jumpstone-dev.nl\/#website","url":"https:\/\/turijnmagazijn.jumpstone-dev.nl\/","name":"Turijnmagazijn","description":"Onderdelen nieuw en gebruikt - Fiat &amp; Lancia","publisher":{"@id":"https:\/\/turijnmagazijn.jumpstone-dev.nl\/#organization"},"potentialAction":[{"@type":"SearchAction","target":{"@type":"EntryPoint","urlTemplate":"https:\/\/turijnmagazijn.jumpstone-dev.nl\/?s={search_term_string}"},"query-input":{"@type":"PropertyValueSpecification","valueRequired":true,"valueName":"search_term_string"}}],"inLanguage":"de"},{"@type":"Organization","@id":"https:\/\/turijnmagazijn.jumpstone-dev.nl\/#organization","name":"Turijnmagazijn","url":"https:\/\/turijnmagazijn.jumpstone-dev.nl\/","logo":{"@type":"ImageObject","inLanguage":"de","@id":"https:\/\/turijnmagazijn.jumpstone-dev.nl\/#\/schema\/logo\/image\/","url":"https:\/\/turijnmagazijn.nl\/wp-content\/uploads\/2021\/02\/turijnmagazijnlogo.png","contentUrl":"https:\/\/turijnmagazijn.nl\/wp-content\/uploads\/2021\/02\/turijnmagazijnlogo.png","width":555,"height":270,"caption":"Turijnmagazijn"},"image":{"@id":"https:\/\/turijnmagazijn.jumpstone-dev.nl\/#\/schema\/logo\/image\/"},"sameAs":["https:\/\/www.facebook.com\/turijnmagazijn"]}]}},"_links":{"self":[{"href":"https:\/\/turijnmagazijn.nl\/de\/wp-json\/wp\/v2\/product\/65299","targetHints":{"allow":["GET"]}}],"collection":[{"href":"https:\/\/turijnmagazijn.nl\/de\/wp-json\/wp\/v2\/product"}],"about":[{"href":"https:\/\/turijnmagazijn.nl\/de\/wp-json\/wp\/v2\/types\/product"}],"replies":[{"embeddable":true,"href":"https:\/\/turijnmagazijn.nl\/de\/wp-json\/wp\/v2\/comments?post=65299"}],"wp:featuredmedia":[{"embeddable":true,"href":"https:\/\/turijnmagazijn.nl\/de\/wp-json\/wp\/v2\/media\/49889"}],"wp:attachment":[{"href":"https:\/\/turijnmagazijn.nl\/de\/wp-json\/wp\/v2\/media?parent=65299"}],"wp:term":[{"taxonomy":"product_brand","embeddable":true,"href":"https:\/\/turijnmagazijn.nl\/de\/wp-json\/wp\/v2\/product_brand?post=65299"},{"taxonomy":"product_cat","embeddable":true,"href":"https:\/\/turijnmagazijn.nl\/de\/wp-json\/wp\/v2\/product_cat?post=65299"},{"taxonomy":"product_tag","embeddable":true,"href":"https:\/\/turijnmagazijn.nl\/de\/wp-json\/wp\/v2\/product_tag?post=65299"}],"curies":[{"name":"wp","href":"https:\/\/api.w.org\/{rel}","templated":true}]}}