{"id":65315,"date":"2023-03-03T09:26:20","date_gmt":"2023-03-03T08:26:20","guid":{"rendered":"https:\/\/turijnmagazijn.nl\/product\/bordcomputer-klimarahmen-lancia-kappa-ohne-abdeckung\/"},"modified":"2024-01-01T20:46:53","modified_gmt":"2024-01-01T19:46:53","slug":"bordcomputer-klimaanlage-rahmen-lancia-kappa-ohne-klappe","status":"publish","type":"product","link":"https:\/\/turijnmagazijn.nl\/de\/produkt\/bordcomputer-klimaanlage-rahmen-lancia-kappa-ohne-klappe\/","title":{"rendered":"Bordcomputer Klimarahmen Lancia Kappa ohne Abdeckung"},"content":{"rendered":"<p>Gebrauchter Rahmen f\u00fcr Bordcomputer Lancia Kappa. Betrifft nur den Rahmen, ohne Innenraum, ohne Elektronik und ohne Kn\u00f6pfe!<\/p>\n<p>Alle Befestigungspunkte sind noch intakt und der Rahmen ist in gutem Zustand.  <\/p>\n<p>Die Abdeckung f\u00fcr die Funkkonsole fehlt, kann aber ausgetauscht werden, es gibt keine Besch\u00e4digung der Befestigungspunkte.<\/p>\n<p><\/p>\n<p><\/p>\n","protected":false},"excerpt":{"rendered":"<p>Bordcomputerrahmen Lancia Kappa &#8211; Gebrauchter Rahmen f\u00fcr Bordcomputer Lancia Kappa.Bordcomputer-Klimarahmen Lancia Kappa &#8211; Gebrauchter Rahmen f\u00fcr Bordcomputer Lancia Kappa.Bordcomputer-Klimarahmen Lancia Kappa ohne Klappe &#8211; Gebrauchter Rahmen f\u00fcr Bordcomputer<\/p>\n","protected":false},"featured_media":49969,"comment_status":"open","ping_status":"closed","template":"","meta":{"_acf_changed":false},"product_brand":[],"product_cat":[1867,1859,1797,1869],"product_tag":[],"class_list":{"0":"post-65315","1":"product","2":"type-product","3":"status-publish","4":"has-post-thumbnail","6":"product_cat-coupe-de","7":"product_cat-kappa-838-de","8":"product_cat-lancia-de","9":"product_cat-sw-de","10":"pa_soort-onderdeel-beleuchtung","11":"pa_soort-onderdeel-interieur-und-polsterung","13":"first","14":"instock","15":"shipping-taxable","16":"purchasable","17":"product-type-simple"},"acf":[],"yoast_head":"<!-- This site is optimized with the Yoast SEO plugin v27.3 - https:\/\/yoast.com\/product\/yoast-seo-wordpress\/ -->\n<title>Bordcomputer Klimarahmen Lancia Kappa ohne Abdeckung - Turijnmagazijn<\/title>\n<meta name=\"robots\" content=\"index, follow, max-snippet:-1, max-image-preview:large, max-video-preview:-1\" \/>\n<link rel=\"canonical\" href=\"https:\/\/turijnmagazijn.nl\/de\/produkt\/bordcomputer-klimaanlage-rahmen-lancia-kappa-ohne-klappe\/\" \/>\n<meta property=\"og:locale\" content=\"de_DE\" \/>\n<meta property=\"og:type\" content=\"article\" \/>\n<meta property=\"og:title\" content=\"Bordcomputer Klimarahmen Lancia Kappa ohne Abdeckung - Turijnmagazijn\" \/>\n<meta property=\"og:description\" content=\"Bordcomputerrahmen Lancia Kappa - Gebrauchter Rahmen f\u00fcr Bordcomputer Lancia Kappa.Bordcomputer-Klimarahmen Lancia Kappa - Gebrauchter Rahmen f\u00fcr Bordcomputer Lancia Kappa.Bordcomputer-Klimarahmen Lancia Kappa ohne Klappe - Gebrauchter Rahmen f\u00fcr Bordcomputer\" \/>\n<meta property=\"og:url\" content=\"https:\/\/turijnmagazijn.nl\/de\/produkt\/bordcomputer-klimaanlage-rahmen-lancia-kappa-ohne-klappe\/\" \/>\n<meta property=\"og:site_name\" content=\"Turijnmagazijn\" \/>\n<meta property=\"article:publisher\" content=\"https:\/\/www.facebook.com\/turijnmagazijn\" \/>\n<meta property=\"article:modified_time\" content=\"2024-01-01T19:46:53+00:00\" \/>\n<meta property=\"og:image\" content=\"https:\/\/turijnmagazijn.nl\/wp-content\/uploads\/2023\/03\/DK00102400-Boordcomputer-airco-frame-Lancia-Kappa-3-1.jpg\" \/>\n\t<meta property=\"og:image:width\" content=\"1024\" \/>\n\t<meta property=\"og:image:height\" content=\"768\" \/>\n\t<meta property=\"og:image:type\" content=\"image\/jpeg\" \/>\n<meta name=\"twitter:card\" content=\"summary_large_image\" \/>\n<script type=\"application\/ld+json\" class=\"yoast-schema-graph\">{\"@context\":\"https:\\\/\\\/schema.org\",\"@graph\":[{\"@type\":\"WebPage\",\"@id\":\"https:\\\/\\\/turijnmagazijn.nl\\\/de\\\/produkt\\\/bordcomputer-klimaanlage-rahmen-lancia-kappa-ohne-klappe\\\/\",\"url\":\"https:\\\/\\\/turijnmagazijn.nl\\\/de\\\/produkt\\\/bordcomputer-klimaanlage-rahmen-lancia-kappa-ohne-klappe\\\/\",\"name\":\"Bordcomputer Klimarahmen Lancia Kappa ohne Abdeckung - Turijnmagazijn\",\"isPartOf\":{\"@id\":\"https:\\\/\\\/turijnmagazijn.jumpstone-dev.nl\\\/#website\"},\"primaryImageOfPage\":{\"@id\":\"https:\\\/\\\/turijnmagazijn.nl\\\/de\\\/produkt\\\/bordcomputer-klimaanlage-rahmen-lancia-kappa-ohne-klappe\\\/#primaryimage\"},\"image\":{\"@id\":\"https:\\\/\\\/turijnmagazijn.nl\\\/de\\\/produkt\\\/bordcomputer-klimaanlage-rahmen-lancia-kappa-ohne-klappe\\\/#primaryimage\"},\"thumbnailUrl\":\"https:\\\/\\\/turijnmagazijn.nl\\\/wp-content\\\/uploads\\\/2023\\\/03\\\/DK00102400-Boordcomputer-airco-frame-Lancia-Kappa-3-1.jpg\",\"datePublished\":\"2023-03-03T08:26:20+00:00\",\"dateModified\":\"2024-01-01T19:46:53+00:00\",\"breadcrumb\":{\"@id\":\"https:\\\/\\\/turijnmagazijn.nl\\\/de\\\/produkt\\\/bordcomputer-klimaanlage-rahmen-lancia-kappa-ohne-klappe\\\/#breadcrumb\"},\"inLanguage\":\"de\",\"potentialAction\":[{\"@type\":\"ReadAction\",\"target\":[\"https:\\\/\\\/turijnmagazijn.nl\\\/de\\\/produkt\\\/bordcomputer-klimaanlage-rahmen-lancia-kappa-ohne-klappe\\\/\"]}]},{\"@type\":\"ImageObject\",\"inLanguage\":\"de\",\"@id\":\"https:\\\/\\\/turijnmagazijn.nl\\\/de\\\/produkt\\\/bordcomputer-klimaanlage-rahmen-lancia-kappa-ohne-klappe\\\/#primaryimage\",\"url\":\"https:\\\/\\\/turijnmagazijn.nl\\\/wp-content\\\/uploads\\\/2023\\\/03\\\/DK00102400-Boordcomputer-airco-frame-Lancia-Kappa-3-1.jpg\",\"contentUrl\":\"https:\\\/\\\/turijnmagazijn.nl\\\/wp-content\\\/uploads\\\/2023\\\/03\\\/DK00102400-Boordcomputer-airco-frame-Lancia-Kappa-3-1.jpg\",\"width\":1024,\"height\":768},{\"@type\":\"BreadcrumbList\",\"@id\":\"https:\\\/\\\/turijnmagazijn.nl\\\/de\\\/produkt\\\/bordcomputer-klimaanlage-rahmen-lancia-kappa-ohne-klappe\\\/#breadcrumb\",\"itemListElement\":[{\"@type\":\"ListItem\",\"position\":1,\"name\":\"Home\",\"item\":\"https:\\\/\\\/turijnmagazijn.nl\\\/de\\\/\"},{\"@type\":\"ListItem\",\"position\":2,\"name\":\"Produkte\",\"item\":\"https:\\\/\\\/turijnmagazijn.nl\\\/de\\\/shop\\\/\"},{\"@type\":\"ListItem\",\"position\":3,\"name\":\"Bordcomputer Klimarahmen Lancia Kappa ohne Abdeckung\"}]},{\"@type\":\"WebSite\",\"@id\":\"https:\\\/\\\/turijnmagazijn.jumpstone-dev.nl\\\/#website\",\"url\":\"https:\\\/\\\/turijnmagazijn.jumpstone-dev.nl\\\/\",\"name\":\"Turijnmagazijn\",\"description\":\"Onderdelen nieuw en gebruikt - Fiat &amp; Lancia\",\"publisher\":{\"@id\":\"https:\\\/\\\/turijnmagazijn.jumpstone-dev.nl\\\/#organization\"},\"potentialAction\":[{\"@type\":\"SearchAction\",\"target\":{\"@type\":\"EntryPoint\",\"urlTemplate\":\"https:\\\/\\\/turijnmagazijn.jumpstone-dev.nl\\\/?s={search_term_string}\"},\"query-input\":{\"@type\":\"PropertyValueSpecification\",\"valueRequired\":true,\"valueName\":\"search_term_string\"}}],\"inLanguage\":\"de\"},{\"@type\":\"Organization\",\"@id\":\"https:\\\/\\\/turijnmagazijn.jumpstone-dev.nl\\\/#organization\",\"name\":\"Turijnmagazijn\",\"url\":\"https:\\\/\\\/turijnmagazijn.jumpstone-dev.nl\\\/\",\"logo\":{\"@type\":\"ImageObject\",\"inLanguage\":\"de\",\"@id\":\"https:\\\/\\\/turijnmagazijn.jumpstone-dev.nl\\\/#\\\/schema\\\/logo\\\/image\\\/\",\"url\":\"https:\\\/\\\/turijnmagazijn.nl\\\/wp-content\\\/uploads\\\/2021\\\/02\\\/turijnmagazijnlogo.png\",\"contentUrl\":\"https:\\\/\\\/turijnmagazijn.nl\\\/wp-content\\\/uploads\\\/2021\\\/02\\\/turijnmagazijnlogo.png\",\"width\":555,\"height\":270,\"caption\":\"Turijnmagazijn\"},\"image\":{\"@id\":\"https:\\\/\\\/turijnmagazijn.jumpstone-dev.nl\\\/#\\\/schema\\\/logo\\\/image\\\/\"},\"sameAs\":[\"https:\\\/\\\/www.facebook.com\\\/turijnmagazijn\"]}]}<\/script>\n<!-- \/ Yoast SEO plugin. -->","yoast_head_json":{"title":"Bordcomputer Klimarahmen Lancia Kappa ohne Abdeckung - Turijnmagazijn","robots":{"index":"index","follow":"follow","max-snippet":"max-snippet:-1","max-image-preview":"max-image-preview:large","max-video-preview":"max-video-preview:-1"},"canonical":"https:\/\/turijnmagazijn.nl\/de\/produkt\/bordcomputer-klimaanlage-rahmen-lancia-kappa-ohne-klappe\/","og_locale":"de_DE","og_type":"article","og_title":"Bordcomputer Klimarahmen Lancia Kappa ohne Abdeckung - Turijnmagazijn","og_description":"Bordcomputerrahmen Lancia Kappa - Gebrauchter Rahmen f\u00fcr Bordcomputer Lancia Kappa.Bordcomputer-Klimarahmen Lancia Kappa - Gebrauchter Rahmen f\u00fcr Bordcomputer Lancia Kappa.Bordcomputer-Klimarahmen Lancia Kappa ohne Klappe - Gebrauchter Rahmen f\u00fcr Bordcomputer","og_url":"https:\/\/turijnmagazijn.nl\/de\/produkt\/bordcomputer-klimaanlage-rahmen-lancia-kappa-ohne-klappe\/","og_site_name":"Turijnmagazijn","article_publisher":"https:\/\/www.facebook.com\/turijnmagazijn","article_modified_time":"2024-01-01T19:46:53+00:00","og_image":[{"width":1024,"height":768,"url":"https:\/\/turijnmagazijn.nl\/wp-content\/uploads\/2023\/03\/DK00102400-Boordcomputer-airco-frame-Lancia-Kappa-3-1.jpg","type":"image\/jpeg"}],"twitter_card":"summary_large_image","schema":{"@context":"https:\/\/schema.org","@graph":[{"@type":"WebPage","@id":"https:\/\/turijnmagazijn.nl\/de\/produkt\/bordcomputer-klimaanlage-rahmen-lancia-kappa-ohne-klappe\/","url":"https:\/\/turijnmagazijn.nl\/de\/produkt\/bordcomputer-klimaanlage-rahmen-lancia-kappa-ohne-klappe\/","name":"Bordcomputer Klimarahmen Lancia Kappa ohne Abdeckung - Turijnmagazijn","isPartOf":{"@id":"https:\/\/turijnmagazijn.jumpstone-dev.nl\/#website"},"primaryImageOfPage":{"@id":"https:\/\/turijnmagazijn.nl\/de\/produkt\/bordcomputer-klimaanlage-rahmen-lancia-kappa-ohne-klappe\/#primaryimage"},"image":{"@id":"https:\/\/turijnmagazijn.nl\/de\/produkt\/bordcomputer-klimaanlage-rahmen-lancia-kappa-ohne-klappe\/#primaryimage"},"thumbnailUrl":"https:\/\/turijnmagazijn.nl\/wp-content\/uploads\/2023\/03\/DK00102400-Boordcomputer-airco-frame-Lancia-Kappa-3-1.jpg","datePublished":"2023-03-03T08:26:20+00:00","dateModified":"2024-01-01T19:46:53+00:00","breadcrumb":{"@id":"https:\/\/turijnmagazijn.nl\/de\/produkt\/bordcomputer-klimaanlage-rahmen-lancia-kappa-ohne-klappe\/#breadcrumb"},"inLanguage":"de","potentialAction":[{"@type":"ReadAction","target":["https:\/\/turijnmagazijn.nl\/de\/produkt\/bordcomputer-klimaanlage-rahmen-lancia-kappa-ohne-klappe\/"]}]},{"@type":"ImageObject","inLanguage":"de","@id":"https:\/\/turijnmagazijn.nl\/de\/produkt\/bordcomputer-klimaanlage-rahmen-lancia-kappa-ohne-klappe\/#primaryimage","url":"https:\/\/turijnmagazijn.nl\/wp-content\/uploads\/2023\/03\/DK00102400-Boordcomputer-airco-frame-Lancia-Kappa-3-1.jpg","contentUrl":"https:\/\/turijnmagazijn.nl\/wp-content\/uploads\/2023\/03\/DK00102400-Boordcomputer-airco-frame-Lancia-Kappa-3-1.jpg","width":1024,"height":768},{"@type":"BreadcrumbList","@id":"https:\/\/turijnmagazijn.nl\/de\/produkt\/bordcomputer-klimaanlage-rahmen-lancia-kappa-ohne-klappe\/#breadcrumb","itemListElement":[{"@type":"ListItem","position":1,"name":"Home","item":"https:\/\/turijnmagazijn.nl\/de\/"},{"@type":"ListItem","position":2,"name":"Produkte","item":"https:\/\/turijnmagazijn.nl\/de\/shop\/"},{"@type":"ListItem","position":3,"name":"Bordcomputer Klimarahmen Lancia Kappa ohne Abdeckung"}]},{"@type":"WebSite","@id":"https:\/\/turijnmagazijn.jumpstone-dev.nl\/#website","url":"https:\/\/turijnmagazijn.jumpstone-dev.nl\/","name":"Turijnmagazijn","description":"Onderdelen nieuw en gebruikt - Fiat &amp; Lancia","publisher":{"@id":"https:\/\/turijnmagazijn.jumpstone-dev.nl\/#organization"},"potentialAction":[{"@type":"SearchAction","target":{"@type":"EntryPoint","urlTemplate":"https:\/\/turijnmagazijn.jumpstone-dev.nl\/?s={search_term_string}"},"query-input":{"@type":"PropertyValueSpecification","valueRequired":true,"valueName":"search_term_string"}}],"inLanguage":"de"},{"@type":"Organization","@id":"https:\/\/turijnmagazijn.jumpstone-dev.nl\/#organization","name":"Turijnmagazijn","url":"https:\/\/turijnmagazijn.jumpstone-dev.nl\/","logo":{"@type":"ImageObject","inLanguage":"de","@id":"https:\/\/turijnmagazijn.jumpstone-dev.nl\/#\/schema\/logo\/image\/","url":"https:\/\/turijnmagazijn.nl\/wp-content\/uploads\/2021\/02\/turijnmagazijnlogo.png","contentUrl":"https:\/\/turijnmagazijn.nl\/wp-content\/uploads\/2021\/02\/turijnmagazijnlogo.png","width":555,"height":270,"caption":"Turijnmagazijn"},"image":{"@id":"https:\/\/turijnmagazijn.jumpstone-dev.nl\/#\/schema\/logo\/image\/"},"sameAs":["https:\/\/www.facebook.com\/turijnmagazijn"]}]}},"_links":{"self":[{"href":"https:\/\/turijnmagazijn.nl\/de\/wp-json\/wp\/v2\/product\/65315","targetHints":{"allow":["GET"]}}],"collection":[{"href":"https:\/\/turijnmagazijn.nl\/de\/wp-json\/wp\/v2\/product"}],"about":[{"href":"https:\/\/turijnmagazijn.nl\/de\/wp-json\/wp\/v2\/types\/product"}],"replies":[{"embeddable":true,"href":"https:\/\/turijnmagazijn.nl\/de\/wp-json\/wp\/v2\/comments?post=65315"}],"wp:featuredmedia":[{"embeddable":true,"href":"https:\/\/turijnmagazijn.nl\/de\/wp-json\/wp\/v2\/media\/49969"}],"wp:attachment":[{"href":"https:\/\/turijnmagazijn.nl\/de\/wp-json\/wp\/v2\/media?parent=65315"}],"wp:term":[{"taxonomy":"product_brand","embeddable":true,"href":"https:\/\/turijnmagazijn.nl\/de\/wp-json\/wp\/v2\/product_brand?post=65315"},{"taxonomy":"product_cat","embeddable":true,"href":"https:\/\/turijnmagazijn.nl\/de\/wp-json\/wp\/v2\/product_cat?post=65315"},{"taxonomy":"product_tag","embeddable":true,"href":"https:\/\/turijnmagazijn.nl\/de\/wp-json\/wp\/v2\/product_tag?post=65315"}],"curies":[{"name":"wp","href":"https:\/\/api.w.org\/{rel}","templated":true}]}}