{"id":65323,"date":"2023-03-03T09:26:45","date_gmt":"2023-03-03T08:26:45","guid":{"rendered":"https:\/\/turijnmagazijn.nl\/product\/instrumententafel-lancia-lybra-1-8-16v\/"},"modified":"2023-07-27T12:26:20","modified_gmt":"2023-07-27T10:26:20","slug":"instrumententafel-lancia-lybra-1-8-16v-2","status":"publish","type":"product","link":"https:\/\/turijnmagazijn.nl\/de\/produkt\/instrumententafel-lancia-lybra-1-8-16v-2\/","title":{"rendered":"Instrumententafel Lancia Lybra 1.8 16V"},"content":{"rendered":"<p>Verwendet die Veglia Borletti-Instrumententafel&nbsp;f\u00fcr die Montage im Armaturenbrett eines&nbsp;Lancia Lybra.&nbsp;<\/p>\n<p>Sehen Sie sich die Fotos an, um eine gute Vorstellung vom Zustand dieses Ger\u00e4ts zu erhalten.<\/p>\n<p style=\"margin-top: 0px; margin-bottom: 20px; line-height: normal;\">In dieser Z\u00e4hlerbox wird der Kilometerstand gespeichert. Der Kilometerz\u00e4hler war bei <span style=\"font-weight: bold;\"><br \/>\n  <span style=\"color: rgb(0, 0, 0);\">UNBEKANNT<\/span><br \/>\n  &nbsp;<br \/>\n<\/span>km und das Panel ist das<span style=\"line-height: 20.8px;\">Ergebnis einer Lancia Lybra Limousine 1.8 16V aus dem Jahr 2000.<\/span><\/p>\n<p style=\"margin-top: 0px; margin-bottom: 20px; line-height: normal;\">Wenn das Beleuchtungsmodul Ihrer Instrumententafel defekt ist, muss die Instrumententafel erweitert und \u00fcberholt werden. Diese \u00dcberholung kostet in der Regel ca. 200,- ohne den Einbau und die Erweiterung des Ger\u00e4tes. Der Ersatz durch einen funktionierenden ist eine billigere Alternative.<\/p>\n<p>Produktionsnummern auf den Instrumenten von Veglia Borletti sind:<\/p>\n<p>60.2840.003.0<\/p>\n<p>60.2840.006.0<\/p>\n<p>60.2840.990.6<\/p>\n<p>Die OEM-Nummer Lancia 46754311 als &#8220; MEHRERE INDIKATIONEN INSTRUMENT &#8220; BEZEICHNET<\/p>\n","protected":false},"excerpt":{"rendered":"<p>Instrumententafel Lancia Lybra &#8211; Instrumententafel von Veglia Borletti zur Montage in der Instrumententafel eines Lancia Lybra.Instrumententafel Lancia Lybra &#8211; Instrumententafel von<\/p>\n","protected":false},"featured_media":50057,"comment_status":"open","ping_status":"closed","template":"","meta":{"_acf_changed":false},"product_brand":[],"product_cat":[1797,1874,1883],"product_tag":[],"class_list":{"0":"post-65323","1":"product","2":"type-product","3":"status-publish","4":"has-post-thumbnail","6":"product_cat-lancia-de","7":"product_cat-lybra-839-de","8":"product_cat-sedan-lybra-839-de","9":"pa_soort-onderdeel-dashboard-und-schalter","10":"pa_soort-onderdeel-klimaanlage-und-heizung","12":"first","13":"instock","14":"shipping-taxable","15":"purchasable","16":"product-type-simple"},"acf":[],"yoast_head":"<!-- This site is optimized with the Yoast SEO plugin v27.2 - https:\/\/yoast.com\/product\/yoast-seo-wordpress\/ -->\n<title>Instrumententafel Lancia Lybra 1.8 16V - Turijnmagazijn<\/title>\n<meta name=\"robots\" content=\"index, follow, max-snippet:-1, max-image-preview:large, max-video-preview:-1\" \/>\n<link rel=\"canonical\" href=\"https:\/\/turijnmagazijn.nl\/de\/produkt\/instrumententafel-lancia-lybra-1-8-16v-2\/\" \/>\n<meta property=\"og:locale\" content=\"de_DE\" \/>\n<meta property=\"og:type\" content=\"article\" \/>\n<meta property=\"og:title\" content=\"Instrumententafel Lancia Lybra 1.8 16V - Turijnmagazijn\" \/>\n<meta property=\"og:description\" content=\"Instrumententafel Lancia Lybra - Instrumententafel von Veglia Borletti zur Montage in der Instrumententafel eines Lancia Lybra.Instrumententafel Lancia Lybra - Instrumententafel von\" \/>\n<meta property=\"og:url\" content=\"https:\/\/turijnmagazijn.nl\/de\/produkt\/instrumententafel-lancia-lybra-1-8-16v-2\/\" \/>\n<meta property=\"og:site_name\" content=\"Turijnmagazijn\" \/>\n<meta property=\"article:publisher\" content=\"https:\/\/www.facebook.com\/turijnmagazijn\" \/>\n<meta property=\"article:modified_time\" content=\"2023-07-27T10:26:20+00:00\" \/>\n<meta property=\"og:image\" content=\"https:\/\/turijnmagazijn.nl\/wp-content\/uploads\/2023\/03\/DK00102403-Instrumentenpaneel-Lancia-Lybra-1.8-16V-6-1.jpg\" \/>\n\t<meta property=\"og:image:width\" content=\"1024\" \/>\n\t<meta property=\"og:image:height\" content=\"768\" \/>\n\t<meta property=\"og:image:type\" content=\"image\/jpeg\" \/>\n<meta name=\"twitter:card\" content=\"summary_large_image\" \/>\n<meta name=\"twitter:label1\" content=\"Gesch\u00e4tzte Lesezeit\" \/>\n\t<meta name=\"twitter:data1\" content=\"1\u00a0Minute\" \/>\n<script type=\"application\/ld+json\" class=\"yoast-schema-graph\">{\"@context\":\"https:\/\/schema.org\",\"@graph\":[{\"@type\":\"WebPage\",\"@id\":\"https:\/\/turijnmagazijn.nl\/de\/produkt\/instrumententafel-lancia-lybra-1-8-16v-2\/\",\"url\":\"https:\/\/turijnmagazijn.nl\/de\/produkt\/instrumententafel-lancia-lybra-1-8-16v-2\/\",\"name\":\"Instrumententafel Lancia Lybra 1.8 16V - Turijnmagazijn\",\"isPartOf\":{\"@id\":\"https:\/\/turijnmagazijn.jumpstone-dev.nl\/#website\"},\"primaryImageOfPage\":{\"@id\":\"https:\/\/turijnmagazijn.nl\/de\/produkt\/instrumententafel-lancia-lybra-1-8-16v-2\/#primaryimage\"},\"image\":{\"@id\":\"https:\/\/turijnmagazijn.nl\/de\/produkt\/instrumententafel-lancia-lybra-1-8-16v-2\/#primaryimage\"},\"thumbnailUrl\":\"https:\/\/turijnmagazijn.nl\/wp-content\/uploads\/2023\/03\/DK00102403-Instrumentenpaneel-Lancia-Lybra-1.8-16V-6-1.jpg\",\"datePublished\":\"2023-03-03T08:26:45+00:00\",\"dateModified\":\"2023-07-27T10:26:20+00:00\",\"breadcrumb\":{\"@id\":\"https:\/\/turijnmagazijn.nl\/de\/produkt\/instrumententafel-lancia-lybra-1-8-16v-2\/#breadcrumb\"},\"inLanguage\":\"de\",\"potentialAction\":[{\"@type\":\"ReadAction\",\"target\":[\"https:\/\/turijnmagazijn.nl\/de\/produkt\/instrumententafel-lancia-lybra-1-8-16v-2\/\"]}]},{\"@type\":\"ImageObject\",\"inLanguage\":\"de\",\"@id\":\"https:\/\/turijnmagazijn.nl\/de\/produkt\/instrumententafel-lancia-lybra-1-8-16v-2\/#primaryimage\",\"url\":\"https:\/\/turijnmagazijn.nl\/wp-content\/uploads\/2023\/03\/DK00102403-Instrumentenpaneel-Lancia-Lybra-1.8-16V-6-1.jpg\",\"contentUrl\":\"https:\/\/turijnmagazijn.nl\/wp-content\/uploads\/2023\/03\/DK00102403-Instrumentenpaneel-Lancia-Lybra-1.8-16V-6-1.jpg\",\"width\":1024,\"height\":768},{\"@type\":\"BreadcrumbList\",\"@id\":\"https:\/\/turijnmagazijn.nl\/de\/produkt\/instrumententafel-lancia-lybra-1-8-16v-2\/#breadcrumb\",\"itemListElement\":[{\"@type\":\"ListItem\",\"position\":1,\"name\":\"Home\",\"item\":\"https:\/\/turijnmagazijn.nl\/de\/\"},{\"@type\":\"ListItem\",\"position\":2,\"name\":\"Produkte\",\"item\":\"https:\/\/turijnmagazijn.nl\/de\/shop\/\"},{\"@type\":\"ListItem\",\"position\":3,\"name\":\"Instrumententafel Lancia Lybra 1.8 16V\"}]},{\"@type\":\"WebSite\",\"@id\":\"https:\/\/turijnmagazijn.jumpstone-dev.nl\/#website\",\"url\":\"https:\/\/turijnmagazijn.jumpstone-dev.nl\/\",\"name\":\"Turijnmagazijn\",\"description\":\"Onderdelen nieuw en gebruikt - Fiat &amp; Lancia\",\"publisher\":{\"@id\":\"https:\/\/turijnmagazijn.jumpstone-dev.nl\/#organization\"},\"potentialAction\":[{\"@type\":\"SearchAction\",\"target\":{\"@type\":\"EntryPoint\",\"urlTemplate\":\"https:\/\/turijnmagazijn.jumpstone-dev.nl\/?s={search_term_string}\"},\"query-input\":{\"@type\":\"PropertyValueSpecification\",\"valueRequired\":true,\"valueName\":\"search_term_string\"}}],\"inLanguage\":\"de\"},{\"@type\":\"Organization\",\"@id\":\"https:\/\/turijnmagazijn.jumpstone-dev.nl\/#organization\",\"name\":\"Turijnmagazijn\",\"url\":\"https:\/\/turijnmagazijn.jumpstone-dev.nl\/\",\"logo\":{\"@type\":\"ImageObject\",\"inLanguage\":\"de\",\"@id\":\"https:\/\/turijnmagazijn.jumpstone-dev.nl\/#\/schema\/logo\/image\/\",\"url\":\"https:\/\/turijnmagazijn.nl\/wp-content\/uploads\/2021\/02\/turijnmagazijnlogo.png\",\"contentUrl\":\"https:\/\/turijnmagazijn.nl\/wp-content\/uploads\/2021\/02\/turijnmagazijnlogo.png\",\"width\":555,\"height\":270,\"caption\":\"Turijnmagazijn\"},\"image\":{\"@id\":\"https:\/\/turijnmagazijn.jumpstone-dev.nl\/#\/schema\/logo\/image\/\"},\"sameAs\":[\"https:\/\/www.facebook.com\/turijnmagazijn\"]}]}<\/script>\n<!-- \/ Yoast SEO plugin. -->","yoast_head_json":{"title":"Instrumententafel Lancia Lybra 1.8 16V - Turijnmagazijn","robots":{"index":"index","follow":"follow","max-snippet":"max-snippet:-1","max-image-preview":"max-image-preview:large","max-video-preview":"max-video-preview:-1"},"canonical":"https:\/\/turijnmagazijn.nl\/de\/produkt\/instrumententafel-lancia-lybra-1-8-16v-2\/","og_locale":"de_DE","og_type":"article","og_title":"Instrumententafel Lancia Lybra 1.8 16V - Turijnmagazijn","og_description":"Instrumententafel Lancia Lybra - Instrumententafel von Veglia Borletti zur Montage in der Instrumententafel eines Lancia Lybra.Instrumententafel Lancia Lybra - Instrumententafel von","og_url":"https:\/\/turijnmagazijn.nl\/de\/produkt\/instrumententafel-lancia-lybra-1-8-16v-2\/","og_site_name":"Turijnmagazijn","article_publisher":"https:\/\/www.facebook.com\/turijnmagazijn","article_modified_time":"2023-07-27T10:26:20+00:00","og_image":[{"width":1024,"height":768,"url":"https:\/\/turijnmagazijn.nl\/wp-content\/uploads\/2023\/03\/DK00102403-Instrumentenpaneel-Lancia-Lybra-1.8-16V-6-1.jpg","type":"image\/jpeg"}],"twitter_card":"summary_large_image","twitter_misc":{"Gesch\u00e4tzte Lesezeit":"1\u00a0Minute"},"schema":{"@context":"https:\/\/schema.org","@graph":[{"@type":"WebPage","@id":"https:\/\/turijnmagazijn.nl\/de\/produkt\/instrumententafel-lancia-lybra-1-8-16v-2\/","url":"https:\/\/turijnmagazijn.nl\/de\/produkt\/instrumententafel-lancia-lybra-1-8-16v-2\/","name":"Instrumententafel Lancia Lybra 1.8 16V - Turijnmagazijn","isPartOf":{"@id":"https:\/\/turijnmagazijn.jumpstone-dev.nl\/#website"},"primaryImageOfPage":{"@id":"https:\/\/turijnmagazijn.nl\/de\/produkt\/instrumententafel-lancia-lybra-1-8-16v-2\/#primaryimage"},"image":{"@id":"https:\/\/turijnmagazijn.nl\/de\/produkt\/instrumententafel-lancia-lybra-1-8-16v-2\/#primaryimage"},"thumbnailUrl":"https:\/\/turijnmagazijn.nl\/wp-content\/uploads\/2023\/03\/DK00102403-Instrumentenpaneel-Lancia-Lybra-1.8-16V-6-1.jpg","datePublished":"2023-03-03T08:26:45+00:00","dateModified":"2023-07-27T10:26:20+00:00","breadcrumb":{"@id":"https:\/\/turijnmagazijn.nl\/de\/produkt\/instrumententafel-lancia-lybra-1-8-16v-2\/#breadcrumb"},"inLanguage":"de","potentialAction":[{"@type":"ReadAction","target":["https:\/\/turijnmagazijn.nl\/de\/produkt\/instrumententafel-lancia-lybra-1-8-16v-2\/"]}]},{"@type":"ImageObject","inLanguage":"de","@id":"https:\/\/turijnmagazijn.nl\/de\/produkt\/instrumententafel-lancia-lybra-1-8-16v-2\/#primaryimage","url":"https:\/\/turijnmagazijn.nl\/wp-content\/uploads\/2023\/03\/DK00102403-Instrumentenpaneel-Lancia-Lybra-1.8-16V-6-1.jpg","contentUrl":"https:\/\/turijnmagazijn.nl\/wp-content\/uploads\/2023\/03\/DK00102403-Instrumentenpaneel-Lancia-Lybra-1.8-16V-6-1.jpg","width":1024,"height":768},{"@type":"BreadcrumbList","@id":"https:\/\/turijnmagazijn.nl\/de\/produkt\/instrumententafel-lancia-lybra-1-8-16v-2\/#breadcrumb","itemListElement":[{"@type":"ListItem","position":1,"name":"Home","item":"https:\/\/turijnmagazijn.nl\/de\/"},{"@type":"ListItem","position":2,"name":"Produkte","item":"https:\/\/turijnmagazijn.nl\/de\/shop\/"},{"@type":"ListItem","position":3,"name":"Instrumententafel Lancia Lybra 1.8 16V"}]},{"@type":"WebSite","@id":"https:\/\/turijnmagazijn.jumpstone-dev.nl\/#website","url":"https:\/\/turijnmagazijn.jumpstone-dev.nl\/","name":"Turijnmagazijn","description":"Onderdelen nieuw en gebruikt - Fiat &amp; Lancia","publisher":{"@id":"https:\/\/turijnmagazijn.jumpstone-dev.nl\/#organization"},"potentialAction":[{"@type":"SearchAction","target":{"@type":"EntryPoint","urlTemplate":"https:\/\/turijnmagazijn.jumpstone-dev.nl\/?s={search_term_string}"},"query-input":{"@type":"PropertyValueSpecification","valueRequired":true,"valueName":"search_term_string"}}],"inLanguage":"de"},{"@type":"Organization","@id":"https:\/\/turijnmagazijn.jumpstone-dev.nl\/#organization","name":"Turijnmagazijn","url":"https:\/\/turijnmagazijn.jumpstone-dev.nl\/","logo":{"@type":"ImageObject","inLanguage":"de","@id":"https:\/\/turijnmagazijn.jumpstone-dev.nl\/#\/schema\/logo\/image\/","url":"https:\/\/turijnmagazijn.nl\/wp-content\/uploads\/2021\/02\/turijnmagazijnlogo.png","contentUrl":"https:\/\/turijnmagazijn.nl\/wp-content\/uploads\/2021\/02\/turijnmagazijnlogo.png","width":555,"height":270,"caption":"Turijnmagazijn"},"image":{"@id":"https:\/\/turijnmagazijn.jumpstone-dev.nl\/#\/schema\/logo\/image\/"},"sameAs":["https:\/\/www.facebook.com\/turijnmagazijn"]}]}},"_links":{"self":[{"href":"https:\/\/turijnmagazijn.nl\/de\/wp-json\/wp\/v2\/product\/65323","targetHints":{"allow":["GET"]}}],"collection":[{"href":"https:\/\/turijnmagazijn.nl\/de\/wp-json\/wp\/v2\/product"}],"about":[{"href":"https:\/\/turijnmagazijn.nl\/de\/wp-json\/wp\/v2\/types\/product"}],"replies":[{"embeddable":true,"href":"https:\/\/turijnmagazijn.nl\/de\/wp-json\/wp\/v2\/comments?post=65323"}],"wp:featuredmedia":[{"embeddable":true,"href":"https:\/\/turijnmagazijn.nl\/de\/wp-json\/wp\/v2\/media\/50057"}],"wp:attachment":[{"href":"https:\/\/turijnmagazijn.nl\/de\/wp-json\/wp\/v2\/media?parent=65323"}],"wp:term":[{"taxonomy":"product_brand","embeddable":true,"href":"https:\/\/turijnmagazijn.nl\/de\/wp-json\/wp\/v2\/product_brand?post=65323"},{"taxonomy":"product_cat","embeddable":true,"href":"https:\/\/turijnmagazijn.nl\/de\/wp-json\/wp\/v2\/product_cat?post=65323"},{"taxonomy":"product_tag","embeddable":true,"href":"https:\/\/turijnmagazijn.nl\/de\/wp-json\/wp\/v2\/product_tag?post=65323"}],"curies":[{"name":"wp","href":"https:\/\/api.w.org\/{rel}","templated":true}]}}