{"id":65330,"date":"2023-03-03T09:26:44","date_gmt":"2023-03-03T08:26:44","guid":{"rendered":"https:\/\/turijnmagazijn.nl\/product\/zuendung-1-schluessel-mit-fernbedienung-lancia-lybra\/"},"modified":"2023-07-27T12:26:12","modified_gmt":"2023-07-27T10:26:12","slug":"zundschloss-1-schlussel-mit-fernbedienung-lancia-lybra","status":"publish","type":"product","link":"https:\/\/turijnmagazijn.nl\/de\/produkt\/zundschloss-1-schlussel-mit-fernbedienung-lancia-lybra\/","title":{"rendered":"Z\u00fcndung + 1 Schl\u00fcssel mit Fernbedienung Lancia Lybra"},"content":{"rendered":"<p>Gebrauchtes Z\u00fcndschloss mit Zylinder und entsprechendem Schl\u00fcssel.<\/p>\n<p>Es handelt sich um ein Z\u00fcndschloss in gutem Zustand. Nur f\u00fcr den Einsatz in gop einem manuellen Auto geeignet.<\/p>\n<p>OEM Lancia 60657419<\/p>\n<p>&nbsp;<\/p>\n<p>Bei dem Schl\u00fcssel handelt es sich um einen originalen Siemens-Funkschl\u00fcssel mit Platine und Chip f\u00fcr die Fernbedienung, jedoch ohne Transponderchip. Dieser l\u00e4sst sich einfach gegen Ihren alten Transponderchip austauschen. Die T\u00fcrschl\u00f6sser k\u00f6nnen durch ein Schloss an diesen Schl\u00fcssel angepasst werden. Die Fernbedienung muss auch an Ihrem Auto mit einem H\u00e4ndlercomputer angelernt werden.<\/p>\n<p>Der Schl\u00fcssel ist in einem gepflegten Zustand, nur das Lancia-Logo fehlt.<\/p>\n<p>&nbsp;<\/p>\n<p>OEM-Schl\u00fcssel Lancia Lybra 60657419<\/p>\n<p>&nbsp;<\/p>\n<p>&nbsp;<\/p>\n","protected":false},"excerpt":{"rendered":"<p>Z\u00fcndschloss + 1 Schl\u00fcssel mit Fernbedienung Lancia Lybra &#8211; Gebrauchtes Z\u00fcndschloss mit Zylinder und entsprechendem Schl\u00fcssel.<\/p>\n","protected":false},"featured_media":50005,"comment_status":"open","ping_status":"closed","template":"","meta":{"_acf_changed":false},"product_brand":[],"product_cat":[1797,1874],"product_tag":[],"class_list":{"0":"post-65330","1":"product","2":"type-product","3":"status-publish","4":"has-post-thumbnail","6":"product_cat-lancia-de","7":"product_cat-lybra-839-de","8":"pa_soort-onderdeel-andere-autoteile","9":"pa_soort-onderdeel-dashboard-und-schalter","11":"first","12":"instock","13":"shipping-taxable","14":"purchasable","15":"product-type-simple"},"acf":[],"yoast_head":"<!-- This site is optimized with the Yoast SEO plugin v27.2 - https:\/\/yoast.com\/product\/yoast-seo-wordpress\/ -->\n<title>Z\u00fcndung + 1 Schl\u00fcssel mit Fernbedienung Lancia Lybra - Turijnmagazijn<\/title>\n<meta name=\"robots\" content=\"index, follow, max-snippet:-1, max-image-preview:large, max-video-preview:-1\" \/>\n<link rel=\"canonical\" href=\"https:\/\/turijnmagazijn.nl\/de\/produkt\/zundschloss-1-schlussel-mit-fernbedienung-lancia-lybra\/\" \/>\n<meta property=\"og:locale\" content=\"de_DE\" \/>\n<meta property=\"og:type\" content=\"article\" \/>\n<meta property=\"og:title\" content=\"Z\u00fcndung + 1 Schl\u00fcssel mit Fernbedienung Lancia Lybra - Turijnmagazijn\" \/>\n<meta property=\"og:description\" content=\"Z\u00fcndschloss + 1 Schl\u00fcssel mit Fernbedienung Lancia Lybra - Gebrauchtes Z\u00fcndschloss mit Zylinder und entsprechendem Schl\u00fcssel.\" \/>\n<meta property=\"og:url\" content=\"https:\/\/turijnmagazijn.nl\/de\/produkt\/zundschloss-1-schlussel-mit-fernbedienung-lancia-lybra\/\" \/>\n<meta property=\"og:site_name\" content=\"Turijnmagazijn\" \/>\n<meta property=\"article:publisher\" content=\"https:\/\/www.facebook.com\/turijnmagazijn\" \/>\n<meta property=\"article:modified_time\" content=\"2023-07-27T10:26:12+00:00\" \/>\n<meta property=\"og:image\" content=\"https:\/\/turijnmagazijn.nl\/wp-content\/uploads\/2023\/03\/DK0010240120Contactslot2020120sleutel20met20afstandsbediening20Lancia20Lybra204.jpg\" \/>\n\t<meta property=\"og:image:width\" content=\"1024\" \/>\n\t<meta property=\"og:image:height\" content=\"768\" \/>\n\t<meta property=\"og:image:type\" content=\"image\/jpeg\" \/>\n<meta name=\"twitter:card\" content=\"summary_large_image\" \/>\n<meta name=\"twitter:label1\" content=\"Gesch\u00e4tzte Lesezeit\" \/>\n\t<meta name=\"twitter:data1\" content=\"1\u00a0Minute\" \/>\n<script type=\"application\/ld+json\" class=\"yoast-schema-graph\">{\"@context\":\"https:\/\/schema.org\",\"@graph\":[{\"@type\":\"WebPage\",\"@id\":\"https:\/\/turijnmagazijn.nl\/de\/produkt\/zundschloss-1-schlussel-mit-fernbedienung-lancia-lybra\/\",\"url\":\"https:\/\/turijnmagazijn.nl\/de\/produkt\/zundschloss-1-schlussel-mit-fernbedienung-lancia-lybra\/\",\"name\":\"Z\u00fcndung + 1 Schl\u00fcssel mit Fernbedienung Lancia Lybra - Turijnmagazijn\",\"isPartOf\":{\"@id\":\"https:\/\/turijnmagazijn.jumpstone-dev.nl\/#website\"},\"primaryImageOfPage\":{\"@id\":\"https:\/\/turijnmagazijn.nl\/de\/produkt\/zundschloss-1-schlussel-mit-fernbedienung-lancia-lybra\/#primaryimage\"},\"image\":{\"@id\":\"https:\/\/turijnmagazijn.nl\/de\/produkt\/zundschloss-1-schlussel-mit-fernbedienung-lancia-lybra\/#primaryimage\"},\"thumbnailUrl\":\"https:\/\/turijnmagazijn.nl\/wp-content\/uploads\/2023\/03\/DK0010240120Contactslot2020120sleutel20met20afstandsbediening20Lancia20Lybra204.jpg\",\"datePublished\":\"2023-03-03T08:26:44+00:00\",\"dateModified\":\"2023-07-27T10:26:12+00:00\",\"breadcrumb\":{\"@id\":\"https:\/\/turijnmagazijn.nl\/de\/produkt\/zundschloss-1-schlussel-mit-fernbedienung-lancia-lybra\/#breadcrumb\"},\"inLanguage\":\"de\",\"potentialAction\":[{\"@type\":\"ReadAction\",\"target\":[\"https:\/\/turijnmagazijn.nl\/de\/produkt\/zundschloss-1-schlussel-mit-fernbedienung-lancia-lybra\/\"]}]},{\"@type\":\"ImageObject\",\"inLanguage\":\"de\",\"@id\":\"https:\/\/turijnmagazijn.nl\/de\/produkt\/zundschloss-1-schlussel-mit-fernbedienung-lancia-lybra\/#primaryimage\",\"url\":\"https:\/\/turijnmagazijn.nl\/wp-content\/uploads\/2023\/03\/DK0010240120Contactslot2020120sleutel20met20afstandsbediening20Lancia20Lybra204.jpg\",\"contentUrl\":\"https:\/\/turijnmagazijn.nl\/wp-content\/uploads\/2023\/03\/DK0010240120Contactslot2020120sleutel20met20afstandsbediening20Lancia20Lybra204.jpg\",\"width\":1024,\"height\":768},{\"@type\":\"BreadcrumbList\",\"@id\":\"https:\/\/turijnmagazijn.nl\/de\/produkt\/zundschloss-1-schlussel-mit-fernbedienung-lancia-lybra\/#breadcrumb\",\"itemListElement\":[{\"@type\":\"ListItem\",\"position\":1,\"name\":\"Home\",\"item\":\"https:\/\/turijnmagazijn.nl\/de\/\"},{\"@type\":\"ListItem\",\"position\":2,\"name\":\"Produkte\",\"item\":\"https:\/\/turijnmagazijn.nl\/de\/shop\/\"},{\"@type\":\"ListItem\",\"position\":3,\"name\":\"Z\u00fcndung + 1 Schl\u00fcssel mit Fernbedienung Lancia Lybra\"}]},{\"@type\":\"WebSite\",\"@id\":\"https:\/\/turijnmagazijn.jumpstone-dev.nl\/#website\",\"url\":\"https:\/\/turijnmagazijn.jumpstone-dev.nl\/\",\"name\":\"Turijnmagazijn\",\"description\":\"Onderdelen nieuw en gebruikt - Fiat &amp; Lancia\",\"publisher\":{\"@id\":\"https:\/\/turijnmagazijn.jumpstone-dev.nl\/#organization\"},\"potentialAction\":[{\"@type\":\"SearchAction\",\"target\":{\"@type\":\"EntryPoint\",\"urlTemplate\":\"https:\/\/turijnmagazijn.jumpstone-dev.nl\/?s={search_term_string}\"},\"query-input\":{\"@type\":\"PropertyValueSpecification\",\"valueRequired\":true,\"valueName\":\"search_term_string\"}}],\"inLanguage\":\"de\"},{\"@type\":\"Organization\",\"@id\":\"https:\/\/turijnmagazijn.jumpstone-dev.nl\/#organization\",\"name\":\"Turijnmagazijn\",\"url\":\"https:\/\/turijnmagazijn.jumpstone-dev.nl\/\",\"logo\":{\"@type\":\"ImageObject\",\"inLanguage\":\"de\",\"@id\":\"https:\/\/turijnmagazijn.jumpstone-dev.nl\/#\/schema\/logo\/image\/\",\"url\":\"https:\/\/turijnmagazijn.nl\/wp-content\/uploads\/2021\/02\/turijnmagazijnlogo.png\",\"contentUrl\":\"https:\/\/turijnmagazijn.nl\/wp-content\/uploads\/2021\/02\/turijnmagazijnlogo.png\",\"width\":555,\"height\":270,\"caption\":\"Turijnmagazijn\"},\"image\":{\"@id\":\"https:\/\/turijnmagazijn.jumpstone-dev.nl\/#\/schema\/logo\/image\/\"},\"sameAs\":[\"https:\/\/www.facebook.com\/turijnmagazijn\"]}]}<\/script>\n<!-- \/ Yoast SEO plugin. -->","yoast_head_json":{"title":"Z\u00fcndung + 1 Schl\u00fcssel mit Fernbedienung Lancia Lybra - Turijnmagazijn","robots":{"index":"index","follow":"follow","max-snippet":"max-snippet:-1","max-image-preview":"max-image-preview:large","max-video-preview":"max-video-preview:-1"},"canonical":"https:\/\/turijnmagazijn.nl\/de\/produkt\/zundschloss-1-schlussel-mit-fernbedienung-lancia-lybra\/","og_locale":"de_DE","og_type":"article","og_title":"Z\u00fcndung + 1 Schl\u00fcssel mit Fernbedienung Lancia Lybra - Turijnmagazijn","og_description":"Z\u00fcndschloss + 1 Schl\u00fcssel mit Fernbedienung Lancia Lybra - Gebrauchtes Z\u00fcndschloss mit Zylinder und entsprechendem Schl\u00fcssel.","og_url":"https:\/\/turijnmagazijn.nl\/de\/produkt\/zundschloss-1-schlussel-mit-fernbedienung-lancia-lybra\/","og_site_name":"Turijnmagazijn","article_publisher":"https:\/\/www.facebook.com\/turijnmagazijn","article_modified_time":"2023-07-27T10:26:12+00:00","og_image":[{"width":1024,"height":768,"url":"https:\/\/turijnmagazijn.nl\/wp-content\/uploads\/2023\/03\/DK0010240120Contactslot2020120sleutel20met20afstandsbediening20Lancia20Lybra204.jpg","type":"image\/jpeg"}],"twitter_card":"summary_large_image","twitter_misc":{"Gesch\u00e4tzte Lesezeit":"1\u00a0Minute"},"schema":{"@context":"https:\/\/schema.org","@graph":[{"@type":"WebPage","@id":"https:\/\/turijnmagazijn.nl\/de\/produkt\/zundschloss-1-schlussel-mit-fernbedienung-lancia-lybra\/","url":"https:\/\/turijnmagazijn.nl\/de\/produkt\/zundschloss-1-schlussel-mit-fernbedienung-lancia-lybra\/","name":"Z\u00fcndung + 1 Schl\u00fcssel mit Fernbedienung Lancia Lybra - Turijnmagazijn","isPartOf":{"@id":"https:\/\/turijnmagazijn.jumpstone-dev.nl\/#website"},"primaryImageOfPage":{"@id":"https:\/\/turijnmagazijn.nl\/de\/produkt\/zundschloss-1-schlussel-mit-fernbedienung-lancia-lybra\/#primaryimage"},"image":{"@id":"https:\/\/turijnmagazijn.nl\/de\/produkt\/zundschloss-1-schlussel-mit-fernbedienung-lancia-lybra\/#primaryimage"},"thumbnailUrl":"https:\/\/turijnmagazijn.nl\/wp-content\/uploads\/2023\/03\/DK0010240120Contactslot2020120sleutel20met20afstandsbediening20Lancia20Lybra204.jpg","datePublished":"2023-03-03T08:26:44+00:00","dateModified":"2023-07-27T10:26:12+00:00","breadcrumb":{"@id":"https:\/\/turijnmagazijn.nl\/de\/produkt\/zundschloss-1-schlussel-mit-fernbedienung-lancia-lybra\/#breadcrumb"},"inLanguage":"de","potentialAction":[{"@type":"ReadAction","target":["https:\/\/turijnmagazijn.nl\/de\/produkt\/zundschloss-1-schlussel-mit-fernbedienung-lancia-lybra\/"]}]},{"@type":"ImageObject","inLanguage":"de","@id":"https:\/\/turijnmagazijn.nl\/de\/produkt\/zundschloss-1-schlussel-mit-fernbedienung-lancia-lybra\/#primaryimage","url":"https:\/\/turijnmagazijn.nl\/wp-content\/uploads\/2023\/03\/DK0010240120Contactslot2020120sleutel20met20afstandsbediening20Lancia20Lybra204.jpg","contentUrl":"https:\/\/turijnmagazijn.nl\/wp-content\/uploads\/2023\/03\/DK0010240120Contactslot2020120sleutel20met20afstandsbediening20Lancia20Lybra204.jpg","width":1024,"height":768},{"@type":"BreadcrumbList","@id":"https:\/\/turijnmagazijn.nl\/de\/produkt\/zundschloss-1-schlussel-mit-fernbedienung-lancia-lybra\/#breadcrumb","itemListElement":[{"@type":"ListItem","position":1,"name":"Home","item":"https:\/\/turijnmagazijn.nl\/de\/"},{"@type":"ListItem","position":2,"name":"Produkte","item":"https:\/\/turijnmagazijn.nl\/de\/shop\/"},{"@type":"ListItem","position":3,"name":"Z\u00fcndung + 1 Schl\u00fcssel mit Fernbedienung Lancia Lybra"}]},{"@type":"WebSite","@id":"https:\/\/turijnmagazijn.jumpstone-dev.nl\/#website","url":"https:\/\/turijnmagazijn.jumpstone-dev.nl\/","name":"Turijnmagazijn","description":"Onderdelen nieuw en gebruikt - Fiat &amp; Lancia","publisher":{"@id":"https:\/\/turijnmagazijn.jumpstone-dev.nl\/#organization"},"potentialAction":[{"@type":"SearchAction","target":{"@type":"EntryPoint","urlTemplate":"https:\/\/turijnmagazijn.jumpstone-dev.nl\/?s={search_term_string}"},"query-input":{"@type":"PropertyValueSpecification","valueRequired":true,"valueName":"search_term_string"}}],"inLanguage":"de"},{"@type":"Organization","@id":"https:\/\/turijnmagazijn.jumpstone-dev.nl\/#organization","name":"Turijnmagazijn","url":"https:\/\/turijnmagazijn.jumpstone-dev.nl\/","logo":{"@type":"ImageObject","inLanguage":"de","@id":"https:\/\/turijnmagazijn.jumpstone-dev.nl\/#\/schema\/logo\/image\/","url":"https:\/\/turijnmagazijn.nl\/wp-content\/uploads\/2021\/02\/turijnmagazijnlogo.png","contentUrl":"https:\/\/turijnmagazijn.nl\/wp-content\/uploads\/2021\/02\/turijnmagazijnlogo.png","width":555,"height":270,"caption":"Turijnmagazijn"},"image":{"@id":"https:\/\/turijnmagazijn.jumpstone-dev.nl\/#\/schema\/logo\/image\/"},"sameAs":["https:\/\/www.facebook.com\/turijnmagazijn"]}]}},"_links":{"self":[{"href":"https:\/\/turijnmagazijn.nl\/de\/wp-json\/wp\/v2\/product\/65330","targetHints":{"allow":["GET"]}}],"collection":[{"href":"https:\/\/turijnmagazijn.nl\/de\/wp-json\/wp\/v2\/product"}],"about":[{"href":"https:\/\/turijnmagazijn.nl\/de\/wp-json\/wp\/v2\/types\/product"}],"replies":[{"embeddable":true,"href":"https:\/\/turijnmagazijn.nl\/de\/wp-json\/wp\/v2\/comments?post=65330"}],"wp:featuredmedia":[{"embeddable":true,"href":"https:\/\/turijnmagazijn.nl\/de\/wp-json\/wp\/v2\/media\/50005"}],"wp:attachment":[{"href":"https:\/\/turijnmagazijn.nl\/de\/wp-json\/wp\/v2\/media?parent=65330"}],"wp:term":[{"taxonomy":"product_brand","embeddable":true,"href":"https:\/\/turijnmagazijn.nl\/de\/wp-json\/wp\/v2\/product_brand?post=65330"},{"taxonomy":"product_cat","embeddable":true,"href":"https:\/\/turijnmagazijn.nl\/de\/wp-json\/wp\/v2\/product_cat?post=65330"},{"taxonomy":"product_tag","embeddable":true,"href":"https:\/\/turijnmagazijn.nl\/de\/wp-json\/wp\/v2\/product_tag?post=65330"}],"curies":[{"name":"wp","href":"https:\/\/api.w.org\/{rel}","templated":true}]}}