{"id":65353,"date":"2023-03-03T09:27:38","date_gmt":"2023-03-03T08:27:38","guid":{"rendered":"https:\/\/turijnmagazijn.nl\/product\/zuendschloss-2-schluessel-mit-fernbedienung-alfa-156\/"},"modified":"2023-07-27T12:27:06","modified_gmt":"2023-07-27T10:27:06","slug":"zundschloss-2-schlussel-mit-fernbedienung-alfa-156","status":"publish","type":"product","link":"https:\/\/turijnmagazijn.nl\/de\/produkt\/zundschloss-2-schlussel-mit-fernbedienung-alfa-156\/","title":{"rendered":"Z\u00fcndschloss + 2 Schl\u00fcssel mit Fernbedienung Alfa 156"},"content":{"rendered":"<p>Gebrauchte Z\u00fcndschloss mit 2 besch\u00e4digten Schl\u00fcsseln f\u00fcr Alfa Romeo 156. Gilt f\u00fcr Autos bis 2002.<\/p>\n<p>Das Z\u00fcndschloss ist in gutem Zustand und wird komplett mit Zylinder geliefert.<\/p>\n<p>OEM Z\u00fcndschloss 60657419<\/p>\n<p>&nbsp;<\/p>\n<p>Die Schl\u00fcssel sind, wie immer bei dieser Art von Schl\u00fcsseln, in einem schlechten Zustand. Der erste Schl\u00fcssel ist kaputt und besteht aus 3 Teilen. Der zweite Schl\u00fcssel ist geknackt, aber immer noch 1 ganz. Auf beiden Logos befindet sich ein originales Logo in gepflegtem Zustand.<\/p>\n<p>Die Schl\u00fcssel sind komplett mit Platine und dem Chip f\u00fcr die Fernbedienung, aber OHNE den Transponderchip. Sie k\u00f6nnen diese von Ihren alten Schl\u00fcsseln \u00fcbertragen oder von einer spezialisierten Firma neu anlernen lassen.<\/p>\n<p>Beiden Tasten fehlt der Gummiknopf f\u00fcr die Fernbedienungstaste. Es ist nicht bekannt, ob die Schalter ausgetauscht werden m\u00fcssen, also rechnen Sie damit, dass dies auch getan werden muss!<\/p>\n<p>Wenn Sie ein perfektes Set zusammenstellen m\u00f6chten, empfehlen wir Ihnen, in unserem Webshop fortzufahren, wir haben einen nachgeahmten Gummiknopf und ein nachgeahmtes Geh\u00e4use zum Original. Wenn Sie einen perfekten Alpha 156 bauen m\u00f6chten, verwenden Sie nur die Schl\u00fcsselb\u00e4rte und das Z\u00fcndschloss dieses Sets.<\/p>\n<p>&nbsp;<\/p>\n<p>OEM-Schl\u00fcssel mit Fernbedienung:<\/p>\n<p>156017384<\/p>\n<p>156028522<\/p>\n<div>156028633<\/div>\n<div>156035599<\/div>\n","protected":false},"excerpt":{"rendered":"<p>Z\u00fcndschloss + 2 Schl\u00fcssel mit Fernbedienung Alfa 156 &#8211; Gebrauchtes Z\u00fcndschloss mit 2 besch\u00e4digten Schl\u00fcsseln f\u00fcr Alfa Romeo 156.<\/p>\n","protected":false},"featured_media":50165,"comment_status":"open","ping_status":"closed","template":"","meta":{"_acf_changed":false},"product_brand":[],"product_cat":[1616,1584],"product_tag":[],"class_list":{"0":"post-65353","1":"product","2":"type-product","3":"status-publish","4":"has-post-thumbnail","6":"product_cat-156-932-de","7":"product_cat-alfa-romeo-de","8":"pa_soort-onderdeel-andere-autoteile","9":"pa_soort-onderdeel-dashboard-und-schalter","11":"first","12":"instock","13":"shipping-taxable","14":"purchasable","15":"product-type-simple"},"acf":[],"yoast_head":"<!-- This site is optimized with the Yoast SEO plugin v27.3 - https:\/\/yoast.com\/product\/yoast-seo-wordpress\/ -->\n<title>Z\u00fcndschloss + 2 Schl\u00fcssel mit Fernbedienung Alfa 156 - Turijnmagazijn<\/title>\n<meta name=\"robots\" content=\"index, follow, max-snippet:-1, max-image-preview:large, max-video-preview:-1\" \/>\n<link rel=\"canonical\" href=\"https:\/\/turijnmagazijn.nl\/de\/produkt\/zundschloss-2-schlussel-mit-fernbedienung-alfa-156\/\" \/>\n<meta property=\"og:locale\" content=\"de_DE\" \/>\n<meta property=\"og:type\" content=\"article\" \/>\n<meta property=\"og:title\" content=\"Z\u00fcndschloss + 2 Schl\u00fcssel mit Fernbedienung Alfa 156 - Turijnmagazijn\" \/>\n<meta property=\"og:description\" content=\"Z\u00fcndschloss + 2 Schl\u00fcssel mit Fernbedienung Alfa 156 - Gebrauchtes Z\u00fcndschloss mit 2 besch\u00e4digten Schl\u00fcsseln f\u00fcr Alfa Romeo 156.\" \/>\n<meta property=\"og:url\" content=\"https:\/\/turijnmagazijn.nl\/de\/produkt\/zundschloss-2-schlussel-mit-fernbedienung-alfa-156\/\" \/>\n<meta property=\"og:site_name\" content=\"Turijnmagazijn\" \/>\n<meta property=\"article:publisher\" content=\"https:\/\/www.facebook.com\/turijnmagazijn\" \/>\n<meta property=\"article:modified_time\" content=\"2023-07-27T10:27:06+00:00\" \/>\n<meta property=\"og:image\" content=\"https:\/\/turijnmagazijn.nl\/wp-content\/uploads\/2023\/03\/DK0010240620Contactslot2020220sleutels20met20afstandbediening20Alfa20156201-rotated-1.jpg\" \/>\n\t<meta property=\"og:image:width\" content=\"768\" \/>\n\t<meta property=\"og:image:height\" content=\"1024\" \/>\n\t<meta property=\"og:image:type\" content=\"image\/jpeg\" \/>\n<meta name=\"twitter:card\" content=\"summary_large_image\" \/>\n<meta name=\"twitter:label1\" content=\"Gesch\u00e4tzte Lesezeit\" \/>\n\t<meta name=\"twitter:data1\" content=\"1\u00a0Minute\" \/>\n<script type=\"application\/ld+json\" class=\"yoast-schema-graph\">{\"@context\":\"https:\\\/\\\/schema.org\",\"@graph\":[{\"@type\":\"WebPage\",\"@id\":\"https:\\\/\\\/turijnmagazijn.nl\\\/de\\\/produkt\\\/zundschloss-2-schlussel-mit-fernbedienung-alfa-156\\\/\",\"url\":\"https:\\\/\\\/turijnmagazijn.nl\\\/de\\\/produkt\\\/zundschloss-2-schlussel-mit-fernbedienung-alfa-156\\\/\",\"name\":\"Z\u00fcndschloss + 2 Schl\u00fcssel mit Fernbedienung Alfa 156 - Turijnmagazijn\",\"isPartOf\":{\"@id\":\"https:\\\/\\\/turijnmagazijn.jumpstone-dev.nl\\\/#website\"},\"primaryImageOfPage\":{\"@id\":\"https:\\\/\\\/turijnmagazijn.nl\\\/de\\\/produkt\\\/zundschloss-2-schlussel-mit-fernbedienung-alfa-156\\\/#primaryimage\"},\"image\":{\"@id\":\"https:\\\/\\\/turijnmagazijn.nl\\\/de\\\/produkt\\\/zundschloss-2-schlussel-mit-fernbedienung-alfa-156\\\/#primaryimage\"},\"thumbnailUrl\":\"https:\\\/\\\/turijnmagazijn.nl\\\/wp-content\\\/uploads\\\/2023\\\/03\\\/DK0010240620Contactslot2020220sleutels20met20afstandbediening20Alfa20156201-rotated-1.jpg\",\"datePublished\":\"2023-03-03T08:27:38+00:00\",\"dateModified\":\"2023-07-27T10:27:06+00:00\",\"breadcrumb\":{\"@id\":\"https:\\\/\\\/turijnmagazijn.nl\\\/de\\\/produkt\\\/zundschloss-2-schlussel-mit-fernbedienung-alfa-156\\\/#breadcrumb\"},\"inLanguage\":\"de\",\"potentialAction\":[{\"@type\":\"ReadAction\",\"target\":[\"https:\\\/\\\/turijnmagazijn.nl\\\/de\\\/produkt\\\/zundschloss-2-schlussel-mit-fernbedienung-alfa-156\\\/\"]}]},{\"@type\":\"ImageObject\",\"inLanguage\":\"de\",\"@id\":\"https:\\\/\\\/turijnmagazijn.nl\\\/de\\\/produkt\\\/zundschloss-2-schlussel-mit-fernbedienung-alfa-156\\\/#primaryimage\",\"url\":\"https:\\\/\\\/turijnmagazijn.nl\\\/wp-content\\\/uploads\\\/2023\\\/03\\\/DK0010240620Contactslot2020220sleutels20met20afstandbediening20Alfa20156201-rotated-1.jpg\",\"contentUrl\":\"https:\\\/\\\/turijnmagazijn.nl\\\/wp-content\\\/uploads\\\/2023\\\/03\\\/DK0010240620Contactslot2020220sleutels20met20afstandbediening20Alfa20156201-rotated-1.jpg\",\"width\":768,\"height\":1024},{\"@type\":\"BreadcrumbList\",\"@id\":\"https:\\\/\\\/turijnmagazijn.nl\\\/de\\\/produkt\\\/zundschloss-2-schlussel-mit-fernbedienung-alfa-156\\\/#breadcrumb\",\"itemListElement\":[{\"@type\":\"ListItem\",\"position\":1,\"name\":\"Home\",\"item\":\"https:\\\/\\\/turijnmagazijn.nl\\\/de\\\/\"},{\"@type\":\"ListItem\",\"position\":2,\"name\":\"Produkte\",\"item\":\"https:\\\/\\\/turijnmagazijn.nl\\\/de\\\/shop\\\/\"},{\"@type\":\"ListItem\",\"position\":3,\"name\":\"Z\u00fcndschloss + 2 Schl\u00fcssel mit Fernbedienung Alfa 156\"}]},{\"@type\":\"WebSite\",\"@id\":\"https:\\\/\\\/turijnmagazijn.jumpstone-dev.nl\\\/#website\",\"url\":\"https:\\\/\\\/turijnmagazijn.jumpstone-dev.nl\\\/\",\"name\":\"Turijnmagazijn\",\"description\":\"Onderdelen nieuw en gebruikt - Fiat &amp; Lancia\",\"publisher\":{\"@id\":\"https:\\\/\\\/turijnmagazijn.jumpstone-dev.nl\\\/#organization\"},\"potentialAction\":[{\"@type\":\"SearchAction\",\"target\":{\"@type\":\"EntryPoint\",\"urlTemplate\":\"https:\\\/\\\/turijnmagazijn.jumpstone-dev.nl\\\/?s={search_term_string}\"},\"query-input\":{\"@type\":\"PropertyValueSpecification\",\"valueRequired\":true,\"valueName\":\"search_term_string\"}}],\"inLanguage\":\"de\"},{\"@type\":\"Organization\",\"@id\":\"https:\\\/\\\/turijnmagazijn.jumpstone-dev.nl\\\/#organization\",\"name\":\"Turijnmagazijn\",\"url\":\"https:\\\/\\\/turijnmagazijn.jumpstone-dev.nl\\\/\",\"logo\":{\"@type\":\"ImageObject\",\"inLanguage\":\"de\",\"@id\":\"https:\\\/\\\/turijnmagazijn.jumpstone-dev.nl\\\/#\\\/schema\\\/logo\\\/image\\\/\",\"url\":\"https:\\\/\\\/turijnmagazijn.nl\\\/wp-content\\\/uploads\\\/2021\\\/02\\\/turijnmagazijnlogo.png\",\"contentUrl\":\"https:\\\/\\\/turijnmagazijn.nl\\\/wp-content\\\/uploads\\\/2021\\\/02\\\/turijnmagazijnlogo.png\",\"width\":555,\"height\":270,\"caption\":\"Turijnmagazijn\"},\"image\":{\"@id\":\"https:\\\/\\\/turijnmagazijn.jumpstone-dev.nl\\\/#\\\/schema\\\/logo\\\/image\\\/\"},\"sameAs\":[\"https:\\\/\\\/www.facebook.com\\\/turijnmagazijn\"]}]}<\/script>\n<!-- \/ Yoast SEO plugin. -->","yoast_head_json":{"title":"Z\u00fcndschloss + 2 Schl\u00fcssel mit Fernbedienung Alfa 156 - Turijnmagazijn","robots":{"index":"index","follow":"follow","max-snippet":"max-snippet:-1","max-image-preview":"max-image-preview:large","max-video-preview":"max-video-preview:-1"},"canonical":"https:\/\/turijnmagazijn.nl\/de\/produkt\/zundschloss-2-schlussel-mit-fernbedienung-alfa-156\/","og_locale":"de_DE","og_type":"article","og_title":"Z\u00fcndschloss + 2 Schl\u00fcssel mit Fernbedienung Alfa 156 - Turijnmagazijn","og_description":"Z\u00fcndschloss + 2 Schl\u00fcssel mit Fernbedienung Alfa 156 - Gebrauchtes Z\u00fcndschloss mit 2 besch\u00e4digten Schl\u00fcsseln f\u00fcr Alfa Romeo 156.","og_url":"https:\/\/turijnmagazijn.nl\/de\/produkt\/zundschloss-2-schlussel-mit-fernbedienung-alfa-156\/","og_site_name":"Turijnmagazijn","article_publisher":"https:\/\/www.facebook.com\/turijnmagazijn","article_modified_time":"2023-07-27T10:27:06+00:00","og_image":[{"width":768,"height":1024,"url":"https:\/\/turijnmagazijn.nl\/wp-content\/uploads\/2023\/03\/DK0010240620Contactslot2020220sleutels20met20afstandbediening20Alfa20156201-rotated-1.jpg","type":"image\/jpeg"}],"twitter_card":"summary_large_image","twitter_misc":{"Gesch\u00e4tzte Lesezeit":"1\u00a0Minute"},"schema":{"@context":"https:\/\/schema.org","@graph":[{"@type":"WebPage","@id":"https:\/\/turijnmagazijn.nl\/de\/produkt\/zundschloss-2-schlussel-mit-fernbedienung-alfa-156\/","url":"https:\/\/turijnmagazijn.nl\/de\/produkt\/zundschloss-2-schlussel-mit-fernbedienung-alfa-156\/","name":"Z\u00fcndschloss + 2 Schl\u00fcssel mit Fernbedienung Alfa 156 - Turijnmagazijn","isPartOf":{"@id":"https:\/\/turijnmagazijn.jumpstone-dev.nl\/#website"},"primaryImageOfPage":{"@id":"https:\/\/turijnmagazijn.nl\/de\/produkt\/zundschloss-2-schlussel-mit-fernbedienung-alfa-156\/#primaryimage"},"image":{"@id":"https:\/\/turijnmagazijn.nl\/de\/produkt\/zundschloss-2-schlussel-mit-fernbedienung-alfa-156\/#primaryimage"},"thumbnailUrl":"https:\/\/turijnmagazijn.nl\/wp-content\/uploads\/2023\/03\/DK0010240620Contactslot2020220sleutels20met20afstandbediening20Alfa20156201-rotated-1.jpg","datePublished":"2023-03-03T08:27:38+00:00","dateModified":"2023-07-27T10:27:06+00:00","breadcrumb":{"@id":"https:\/\/turijnmagazijn.nl\/de\/produkt\/zundschloss-2-schlussel-mit-fernbedienung-alfa-156\/#breadcrumb"},"inLanguage":"de","potentialAction":[{"@type":"ReadAction","target":["https:\/\/turijnmagazijn.nl\/de\/produkt\/zundschloss-2-schlussel-mit-fernbedienung-alfa-156\/"]}]},{"@type":"ImageObject","inLanguage":"de","@id":"https:\/\/turijnmagazijn.nl\/de\/produkt\/zundschloss-2-schlussel-mit-fernbedienung-alfa-156\/#primaryimage","url":"https:\/\/turijnmagazijn.nl\/wp-content\/uploads\/2023\/03\/DK0010240620Contactslot2020220sleutels20met20afstandbediening20Alfa20156201-rotated-1.jpg","contentUrl":"https:\/\/turijnmagazijn.nl\/wp-content\/uploads\/2023\/03\/DK0010240620Contactslot2020220sleutels20met20afstandbediening20Alfa20156201-rotated-1.jpg","width":768,"height":1024},{"@type":"BreadcrumbList","@id":"https:\/\/turijnmagazijn.nl\/de\/produkt\/zundschloss-2-schlussel-mit-fernbedienung-alfa-156\/#breadcrumb","itemListElement":[{"@type":"ListItem","position":1,"name":"Home","item":"https:\/\/turijnmagazijn.nl\/de\/"},{"@type":"ListItem","position":2,"name":"Produkte","item":"https:\/\/turijnmagazijn.nl\/de\/shop\/"},{"@type":"ListItem","position":3,"name":"Z\u00fcndschloss + 2 Schl\u00fcssel mit Fernbedienung Alfa 156"}]},{"@type":"WebSite","@id":"https:\/\/turijnmagazijn.jumpstone-dev.nl\/#website","url":"https:\/\/turijnmagazijn.jumpstone-dev.nl\/","name":"Turijnmagazijn","description":"Onderdelen nieuw en gebruikt - Fiat &amp; Lancia","publisher":{"@id":"https:\/\/turijnmagazijn.jumpstone-dev.nl\/#organization"},"potentialAction":[{"@type":"SearchAction","target":{"@type":"EntryPoint","urlTemplate":"https:\/\/turijnmagazijn.jumpstone-dev.nl\/?s={search_term_string}"},"query-input":{"@type":"PropertyValueSpecification","valueRequired":true,"valueName":"search_term_string"}}],"inLanguage":"de"},{"@type":"Organization","@id":"https:\/\/turijnmagazijn.jumpstone-dev.nl\/#organization","name":"Turijnmagazijn","url":"https:\/\/turijnmagazijn.jumpstone-dev.nl\/","logo":{"@type":"ImageObject","inLanguage":"de","@id":"https:\/\/turijnmagazijn.jumpstone-dev.nl\/#\/schema\/logo\/image\/","url":"https:\/\/turijnmagazijn.nl\/wp-content\/uploads\/2021\/02\/turijnmagazijnlogo.png","contentUrl":"https:\/\/turijnmagazijn.nl\/wp-content\/uploads\/2021\/02\/turijnmagazijnlogo.png","width":555,"height":270,"caption":"Turijnmagazijn"},"image":{"@id":"https:\/\/turijnmagazijn.jumpstone-dev.nl\/#\/schema\/logo\/image\/"},"sameAs":["https:\/\/www.facebook.com\/turijnmagazijn"]}]}},"_links":{"self":[{"href":"https:\/\/turijnmagazijn.nl\/de\/wp-json\/wp\/v2\/product\/65353","targetHints":{"allow":["GET"]}}],"collection":[{"href":"https:\/\/turijnmagazijn.nl\/de\/wp-json\/wp\/v2\/product"}],"about":[{"href":"https:\/\/turijnmagazijn.nl\/de\/wp-json\/wp\/v2\/types\/product"}],"replies":[{"embeddable":true,"href":"https:\/\/turijnmagazijn.nl\/de\/wp-json\/wp\/v2\/comments?post=65353"}],"wp:featuredmedia":[{"embeddable":true,"href":"https:\/\/turijnmagazijn.nl\/de\/wp-json\/wp\/v2\/media\/50165"}],"wp:attachment":[{"href":"https:\/\/turijnmagazijn.nl\/de\/wp-json\/wp\/v2\/media?parent=65353"}],"wp:term":[{"taxonomy":"product_brand","embeddable":true,"href":"https:\/\/turijnmagazijn.nl\/de\/wp-json\/wp\/v2\/product_brand?post=65353"},{"taxonomy":"product_cat","embeddable":true,"href":"https:\/\/turijnmagazijn.nl\/de\/wp-json\/wp\/v2\/product_cat?post=65353"},{"taxonomy":"product_tag","embeddable":true,"href":"https:\/\/turijnmagazijn.nl\/de\/wp-json\/wp\/v2\/product_tag?post=65353"}],"curies":[{"name":"wp","href":"https:\/\/api.w.org\/{rel}","templated":true}]}}