{"id":65402,"date":"2023-03-03T09:29:45","date_gmt":"2023-03-03T08:29:45","guid":{"rendered":"https:\/\/turijnmagazijn.nl\/product\/frontheizungssteuerung-analog-lancia-dedra-braune-holzoptik\/"},"modified":"2023-07-27T12:28:03","modified_gmt":"2023-07-27T10:28:03","slug":"frontplatte-heizungssteuerung-analog-lancia-dedra-braun-holz-optik","status":"publish","type":"product","link":"https:\/\/turijnmagazijn.nl\/de\/produkt\/frontplatte-heizungssteuerung-analog-lancia-dedra-braun-holz-optik\/","title":{"rendered":"Frontheizungssteuerung analog Lancia Dedra braune Holzoptik"},"content":{"rendered":"<p>Gebrauchte Frontplatte zur Montage im Armaturenbrett f\u00fcr die Heizungssteuerung f\u00fcr Lancia Dedra <span style=\"font-weight: bold;\">ohne <\/span>Klimaanlage. Das Ger\u00e4t besteht aus Aluminium mit einer braunen Holzoptik, wie sie in den fr\u00fcheren Versionen des Lancia Dedra verwendet wurde (die sp\u00e4tere Version hatte eine schwarze Kunststoffoptik) Enth\u00e4lt die Steuerung f\u00fcr die Drehzahl des Gebl\u00e4ses, die Temperatureinstellung, den Umluftmodus und den Wahlschalter f\u00fcr die Abflussrichtung.<\/p>\n<p><\/p>\n<p>OEM Lancia 176546170<\/p>\n","protected":false},"excerpt":{"rendered":"<p>Frontplattenheizungssteuerung analog Lancia Dedra braune Holzoptik &#8211; Gebrauchte Frontplatte zur Montage im Armaturenbrett f\u00fcr die Heizungssteuerung f\u00fcr Lancia Dedra ohne Klimaanlage.<\/p>\n","protected":false},"featured_media":50437,"comment_status":"open","ping_status":"closed","template":"","meta":{"_acf_changed":false},"product_brand":[],"product_cat":[1803,1797],"product_tag":[],"class_list":{"0":"post-65402","1":"product","2":"type-product","3":"status-publish","4":"has-post-thumbnail","6":"product_cat-dedra-835-de","7":"product_cat-lancia-de","8":"pa_soort-onderdeel-dashboard-und-schalter","9":"pa_soort-onderdeel-elektronik-und-kabel","11":"first","12":"instock","13":"shipping-taxable","14":"purchasable","15":"product-type-simple"},"acf":[],"yoast_head":"<!-- This site is optimized with the Yoast SEO plugin v27.2 - https:\/\/yoast.com\/product\/yoast-seo-wordpress\/ -->\n<title>Frontheizungssteuerung analog Lancia Dedra braune Holzoptik - Turijnmagazijn<\/title>\n<meta name=\"robots\" content=\"index, follow, max-snippet:-1, max-image-preview:large, max-video-preview:-1\" \/>\n<link rel=\"canonical\" href=\"https:\/\/turijnmagazijn.nl\/de\/produkt\/frontplatte-heizungssteuerung-analog-lancia-dedra-braun-holz-optik\/\" \/>\n<meta property=\"og:locale\" content=\"de_DE\" \/>\n<meta property=\"og:type\" content=\"article\" \/>\n<meta property=\"og:title\" content=\"Frontheizungssteuerung analog Lancia Dedra braune Holzoptik - Turijnmagazijn\" \/>\n<meta property=\"og:description\" content=\"Frontplattenheizungssteuerung analog Lancia Dedra braune Holzoptik - Gebrauchte Frontplatte zur Montage im Armaturenbrett f\u00fcr die Heizungssteuerung f\u00fcr Lancia Dedra ohne Klimaanlage.\" \/>\n<meta property=\"og:url\" content=\"https:\/\/turijnmagazijn.nl\/de\/produkt\/frontplatte-heizungssteuerung-analog-lancia-dedra-braun-holz-optik\/\" \/>\n<meta property=\"og:site_name\" content=\"Turijnmagazijn\" \/>\n<meta property=\"article:publisher\" content=\"https:\/\/www.facebook.com\/turijnmagazijn\" \/>\n<meta property=\"article:modified_time\" content=\"2023-07-27T10:28:03+00:00\" \/>\n<meta property=\"og:image\" content=\"https:\/\/turijnmagazijn.nl\/wp-content\/uploads\/2023\/03\/DK00102419-Frontpaneel-kachelbediening-analoog-Lancia-Dedra-bruin-houtlook-3-1.jpg\" \/>\n\t<meta property=\"og:image:width\" content=\"1024\" \/>\n\t<meta property=\"og:image:height\" content=\"768\" \/>\n\t<meta property=\"og:image:type\" content=\"image\/jpeg\" \/>\n<meta name=\"twitter:card\" content=\"summary_large_image\" \/>\n<script type=\"application\/ld+json\" class=\"yoast-schema-graph\">{\"@context\":\"https:\/\/schema.org\",\"@graph\":[{\"@type\":\"WebPage\",\"@id\":\"https:\/\/turijnmagazijn.nl\/de\/produkt\/frontplatte-heizungssteuerung-analog-lancia-dedra-braun-holz-optik\/\",\"url\":\"https:\/\/turijnmagazijn.nl\/de\/produkt\/frontplatte-heizungssteuerung-analog-lancia-dedra-braun-holz-optik\/\",\"name\":\"Frontheizungssteuerung analog Lancia Dedra braune Holzoptik - Turijnmagazijn\",\"isPartOf\":{\"@id\":\"https:\/\/turijnmagazijn.jumpstone-dev.nl\/#website\"},\"primaryImageOfPage\":{\"@id\":\"https:\/\/turijnmagazijn.nl\/de\/produkt\/frontplatte-heizungssteuerung-analog-lancia-dedra-braun-holz-optik\/#primaryimage\"},\"image\":{\"@id\":\"https:\/\/turijnmagazijn.nl\/de\/produkt\/frontplatte-heizungssteuerung-analog-lancia-dedra-braun-holz-optik\/#primaryimage\"},\"thumbnailUrl\":\"https:\/\/turijnmagazijn.nl\/wp-content\/uploads\/2023\/03\/DK00102419-Frontpaneel-kachelbediening-analoog-Lancia-Dedra-bruin-houtlook-3-1.jpg\",\"datePublished\":\"2023-03-03T08:29:45+00:00\",\"dateModified\":\"2023-07-27T10:28:03+00:00\",\"breadcrumb\":{\"@id\":\"https:\/\/turijnmagazijn.nl\/de\/produkt\/frontplatte-heizungssteuerung-analog-lancia-dedra-braun-holz-optik\/#breadcrumb\"},\"inLanguage\":\"de\",\"potentialAction\":[{\"@type\":\"ReadAction\",\"target\":[\"https:\/\/turijnmagazijn.nl\/de\/produkt\/frontplatte-heizungssteuerung-analog-lancia-dedra-braun-holz-optik\/\"]}]},{\"@type\":\"ImageObject\",\"inLanguage\":\"de\",\"@id\":\"https:\/\/turijnmagazijn.nl\/de\/produkt\/frontplatte-heizungssteuerung-analog-lancia-dedra-braun-holz-optik\/#primaryimage\",\"url\":\"https:\/\/turijnmagazijn.nl\/wp-content\/uploads\/2023\/03\/DK00102419-Frontpaneel-kachelbediening-analoog-Lancia-Dedra-bruin-houtlook-3-1.jpg\",\"contentUrl\":\"https:\/\/turijnmagazijn.nl\/wp-content\/uploads\/2023\/03\/DK00102419-Frontpaneel-kachelbediening-analoog-Lancia-Dedra-bruin-houtlook-3-1.jpg\",\"width\":1024,\"height\":768},{\"@type\":\"BreadcrumbList\",\"@id\":\"https:\/\/turijnmagazijn.nl\/de\/produkt\/frontplatte-heizungssteuerung-analog-lancia-dedra-braun-holz-optik\/#breadcrumb\",\"itemListElement\":[{\"@type\":\"ListItem\",\"position\":1,\"name\":\"Home\",\"item\":\"https:\/\/turijnmagazijn.jumpstone-dev.nl\/\"},{\"@type\":\"ListItem\",\"position\":2,\"name\":\"Produkte\",\"item\":\"https:\/\/turijnmagazijn.nl\/de\/shop\/\"},{\"@type\":\"ListItem\",\"position\":3,\"name\":\"Frontheizungssteuerung analog Lancia Dedra braune Holzoptik\"}]},{\"@type\":\"WebSite\",\"@id\":\"https:\/\/turijnmagazijn.jumpstone-dev.nl\/#website\",\"url\":\"https:\/\/turijnmagazijn.jumpstone-dev.nl\/\",\"name\":\"Turijnmagazijn\",\"description\":\"Onderdelen nieuw en gebruikt - Fiat &amp; Lancia\",\"publisher\":{\"@id\":\"https:\/\/turijnmagazijn.jumpstone-dev.nl\/#organization\"},\"potentialAction\":[{\"@type\":\"SearchAction\",\"target\":{\"@type\":\"EntryPoint\",\"urlTemplate\":\"https:\/\/turijnmagazijn.jumpstone-dev.nl\/?s={search_term_string}\"},\"query-input\":{\"@type\":\"PropertyValueSpecification\",\"valueRequired\":true,\"valueName\":\"search_term_string\"}}],\"inLanguage\":\"de\"},{\"@type\":\"Organization\",\"@id\":\"https:\/\/turijnmagazijn.jumpstone-dev.nl\/#organization\",\"name\":\"Turijnmagazijn\",\"url\":\"https:\/\/turijnmagazijn.jumpstone-dev.nl\/\",\"logo\":{\"@type\":\"ImageObject\",\"inLanguage\":\"de\",\"@id\":\"https:\/\/turijnmagazijn.jumpstone-dev.nl\/#\/schema\/logo\/image\/\",\"url\":\"https:\/\/turijnmagazijn.nl\/wp-content\/uploads\/2021\/02\/turijnmagazijnlogo.png\",\"contentUrl\":\"https:\/\/turijnmagazijn.nl\/wp-content\/uploads\/2021\/02\/turijnmagazijnlogo.png\",\"width\":555,\"height\":270,\"caption\":\"Turijnmagazijn\"},\"image\":{\"@id\":\"https:\/\/turijnmagazijn.jumpstone-dev.nl\/#\/schema\/logo\/image\/\"},\"sameAs\":[\"https:\/\/www.facebook.com\/turijnmagazijn\"]}]}<\/script>\n<!-- \/ Yoast SEO plugin. -->","yoast_head_json":{"title":"Frontheizungssteuerung analog Lancia Dedra braune Holzoptik - Turijnmagazijn","robots":{"index":"index","follow":"follow","max-snippet":"max-snippet:-1","max-image-preview":"max-image-preview:large","max-video-preview":"max-video-preview:-1"},"canonical":"https:\/\/turijnmagazijn.nl\/de\/produkt\/frontplatte-heizungssteuerung-analog-lancia-dedra-braun-holz-optik\/","og_locale":"de_DE","og_type":"article","og_title":"Frontheizungssteuerung analog Lancia Dedra braune Holzoptik - Turijnmagazijn","og_description":"Frontplattenheizungssteuerung analog Lancia Dedra braune Holzoptik - Gebrauchte Frontplatte zur Montage im Armaturenbrett f\u00fcr die Heizungssteuerung f\u00fcr Lancia Dedra ohne Klimaanlage.","og_url":"https:\/\/turijnmagazijn.nl\/de\/produkt\/frontplatte-heizungssteuerung-analog-lancia-dedra-braun-holz-optik\/","og_site_name":"Turijnmagazijn","article_publisher":"https:\/\/www.facebook.com\/turijnmagazijn","article_modified_time":"2023-07-27T10:28:03+00:00","og_image":[{"width":1024,"height":768,"url":"https:\/\/turijnmagazijn.nl\/wp-content\/uploads\/2023\/03\/DK00102419-Frontpaneel-kachelbediening-analoog-Lancia-Dedra-bruin-houtlook-3-1.jpg","type":"image\/jpeg"}],"twitter_card":"summary_large_image","schema":{"@context":"https:\/\/schema.org","@graph":[{"@type":"WebPage","@id":"https:\/\/turijnmagazijn.nl\/de\/produkt\/frontplatte-heizungssteuerung-analog-lancia-dedra-braun-holz-optik\/","url":"https:\/\/turijnmagazijn.nl\/de\/produkt\/frontplatte-heizungssteuerung-analog-lancia-dedra-braun-holz-optik\/","name":"Frontheizungssteuerung analog Lancia Dedra braune Holzoptik - Turijnmagazijn","isPartOf":{"@id":"https:\/\/turijnmagazijn.jumpstone-dev.nl\/#website"},"primaryImageOfPage":{"@id":"https:\/\/turijnmagazijn.nl\/de\/produkt\/frontplatte-heizungssteuerung-analog-lancia-dedra-braun-holz-optik\/#primaryimage"},"image":{"@id":"https:\/\/turijnmagazijn.nl\/de\/produkt\/frontplatte-heizungssteuerung-analog-lancia-dedra-braun-holz-optik\/#primaryimage"},"thumbnailUrl":"https:\/\/turijnmagazijn.nl\/wp-content\/uploads\/2023\/03\/DK00102419-Frontpaneel-kachelbediening-analoog-Lancia-Dedra-bruin-houtlook-3-1.jpg","datePublished":"2023-03-03T08:29:45+00:00","dateModified":"2023-07-27T10:28:03+00:00","breadcrumb":{"@id":"https:\/\/turijnmagazijn.nl\/de\/produkt\/frontplatte-heizungssteuerung-analog-lancia-dedra-braun-holz-optik\/#breadcrumb"},"inLanguage":"de","potentialAction":[{"@type":"ReadAction","target":["https:\/\/turijnmagazijn.nl\/de\/produkt\/frontplatte-heizungssteuerung-analog-lancia-dedra-braun-holz-optik\/"]}]},{"@type":"ImageObject","inLanguage":"de","@id":"https:\/\/turijnmagazijn.nl\/de\/produkt\/frontplatte-heizungssteuerung-analog-lancia-dedra-braun-holz-optik\/#primaryimage","url":"https:\/\/turijnmagazijn.nl\/wp-content\/uploads\/2023\/03\/DK00102419-Frontpaneel-kachelbediening-analoog-Lancia-Dedra-bruin-houtlook-3-1.jpg","contentUrl":"https:\/\/turijnmagazijn.nl\/wp-content\/uploads\/2023\/03\/DK00102419-Frontpaneel-kachelbediening-analoog-Lancia-Dedra-bruin-houtlook-3-1.jpg","width":1024,"height":768},{"@type":"BreadcrumbList","@id":"https:\/\/turijnmagazijn.nl\/de\/produkt\/frontplatte-heizungssteuerung-analog-lancia-dedra-braun-holz-optik\/#breadcrumb","itemListElement":[{"@type":"ListItem","position":1,"name":"Home","item":"https:\/\/turijnmagazijn.jumpstone-dev.nl\/"},{"@type":"ListItem","position":2,"name":"Produkte","item":"https:\/\/turijnmagazijn.nl\/de\/shop\/"},{"@type":"ListItem","position":3,"name":"Frontheizungssteuerung analog Lancia Dedra braune Holzoptik"}]},{"@type":"WebSite","@id":"https:\/\/turijnmagazijn.jumpstone-dev.nl\/#website","url":"https:\/\/turijnmagazijn.jumpstone-dev.nl\/","name":"Turijnmagazijn","description":"Onderdelen nieuw en gebruikt - Fiat &amp; Lancia","publisher":{"@id":"https:\/\/turijnmagazijn.jumpstone-dev.nl\/#organization"},"potentialAction":[{"@type":"SearchAction","target":{"@type":"EntryPoint","urlTemplate":"https:\/\/turijnmagazijn.jumpstone-dev.nl\/?s={search_term_string}"},"query-input":{"@type":"PropertyValueSpecification","valueRequired":true,"valueName":"search_term_string"}}],"inLanguage":"de"},{"@type":"Organization","@id":"https:\/\/turijnmagazijn.jumpstone-dev.nl\/#organization","name":"Turijnmagazijn","url":"https:\/\/turijnmagazijn.jumpstone-dev.nl\/","logo":{"@type":"ImageObject","inLanguage":"de","@id":"https:\/\/turijnmagazijn.jumpstone-dev.nl\/#\/schema\/logo\/image\/","url":"https:\/\/turijnmagazijn.nl\/wp-content\/uploads\/2021\/02\/turijnmagazijnlogo.png","contentUrl":"https:\/\/turijnmagazijn.nl\/wp-content\/uploads\/2021\/02\/turijnmagazijnlogo.png","width":555,"height":270,"caption":"Turijnmagazijn"},"image":{"@id":"https:\/\/turijnmagazijn.jumpstone-dev.nl\/#\/schema\/logo\/image\/"},"sameAs":["https:\/\/www.facebook.com\/turijnmagazijn"]}]}},"_links":{"self":[{"href":"https:\/\/turijnmagazijn.nl\/de\/wp-json\/wp\/v2\/product\/65402","targetHints":{"allow":["GET"]}}],"collection":[{"href":"https:\/\/turijnmagazijn.nl\/de\/wp-json\/wp\/v2\/product"}],"about":[{"href":"https:\/\/turijnmagazijn.nl\/de\/wp-json\/wp\/v2\/types\/product"}],"replies":[{"embeddable":true,"href":"https:\/\/turijnmagazijn.nl\/de\/wp-json\/wp\/v2\/comments?post=65402"}],"wp:featuredmedia":[{"embeddable":true,"href":"https:\/\/turijnmagazijn.nl\/de\/wp-json\/wp\/v2\/media\/50437"}],"wp:attachment":[{"href":"https:\/\/turijnmagazijn.nl\/de\/wp-json\/wp\/v2\/media?parent=65402"}],"wp:term":[{"taxonomy":"product_brand","embeddable":true,"href":"https:\/\/turijnmagazijn.nl\/de\/wp-json\/wp\/v2\/product_brand?post=65402"},{"taxonomy":"product_cat","embeddable":true,"href":"https:\/\/turijnmagazijn.nl\/de\/wp-json\/wp\/v2\/product_cat?post=65402"},{"taxonomy":"product_tag","embeddable":true,"href":"https:\/\/turijnmagazijn.nl\/de\/wp-json\/wp\/v2\/product_tag?post=65402"}],"curies":[{"name":"wp","href":"https:\/\/api.w.org\/{rel}","templated":true}]}}