{"id":65451,"date":"2023-03-03T09:33:08","date_gmt":"2023-03-03T08:33:08","guid":{"rendered":"https:\/\/turijnmagazijn.nl\/product\/lichtverteilung-schlauchheizung-steuergeraet-lancia-delta-integrale\/"},"modified":"2025-08-11T08:46:38","modified_gmt":"2025-08-11T06:46:38","slug":"lichtverteilungs-schlauch-heizungs-steuergerat-lancia-delta-integral","status":"publish","type":"product","link":"https:\/\/turijnmagazijn.nl\/de\/produkt\/lichtverteilungs-schlauch-heizungs-steuergerat-lancia-delta-integral\/","title":{"rendered":"Lichtverteilung Schlauchheizung Steuerger\u00e4t Lancia Delta Integrale"},"content":{"rendered":"<p>Verwendeter Satz von Glasfaserschl\u00e4uchen, die dazu bestimmt sind, das Licht hinter der Heizungssteuereinheit f\u00fcr Lancia Delta Integrale auf die verschiedenen Bedientasten zu \u00fcbertragen, damit sie im Dunkeln richtig aufleuchten.<\/p>\n<p>1 Sammelanschluss, der in 9 separate Str\u00e4nge unterteilt ist.<\/p>\n<p>6 Str\u00e4nge sind mit einem gr\u00fcnen Klemmclip f\u00fcr hinter den Druckkn\u00f6pfen und 3 mit schwarzen Klemmen f\u00fcr hinter den Schaugl\u00e4sern an den Drehkn\u00f6pfen ausgestattet.<\/p>\n<p>Alles in gutem Zustand und komplett mit allen Klemmen.<\/p>\n<p>OEM Lancia 82421733<\/p>\n","protected":false},"excerpt":{"rendered":"<p>Steuerger\u00e4t Lancia Delta Integrale &#8211; Gebrauchter Satz von Glasfaserschl\u00e4uchen, die dazu bestimmt sind, das Licht hinter dem Heizger\u00e4t f\u00fcr Lancia Delta Integrale auf die verschiedenen Bedientasten zu \u00fcbertragen, damit sie korrekt sind<\/p>\n","protected":false},"featured_media":50849,"comment_status":"open","ping_status":"closed","template":"","meta":{"_acf_changed":false},"product_brand":[],"product_cat":[1811,1807,1817,1822,1826,1834,1829,1839,1797],"product_tag":[],"class_list":{"0":"post-65451","1":"product","2":"type-product","3":"status-publish","4":"has-post-thumbnail","6":"product_cat-1-1-1-3-1-5-de","7":"product_cat-delta-1-831-de","8":"product_cat-gt-i-e-de","9":"product_cat-hf-4wd-de","10":"product_cat-hf-turbo-de","11":"product_cat-integrale-16v-de","12":"product_cat-integrale-8v-de","13":"product_cat-integrale-evo-de","14":"product_cat-lancia-de","15":"pa_soort-onderdeel-beleuchtung","16":"pa_soort-onderdeel-dashboard-und-schalter","18":"first","19":"instock","20":"shipping-taxable","21":"purchasable","22":"product-type-simple"},"acf":[],"yoast_head":"<!-- This site is optimized with the Yoast SEO plugin v27.2 - https:\/\/yoast.com\/product\/yoast-seo-wordpress\/ -->\n<title>Lichtverteilung Schlauchheizung Steuerger\u00e4t Lancia Delta Integrale - Turijnmagazijn<\/title>\n<meta name=\"robots\" content=\"index, follow, max-snippet:-1, max-image-preview:large, max-video-preview:-1\" \/>\n<link rel=\"canonical\" href=\"https:\/\/turijnmagazijn.nl\/de\/produkt\/lichtverteilungs-schlauch-heizungs-steuergerat-lancia-delta-integral\/\" \/>\n<meta property=\"og:locale\" content=\"de_DE\" \/>\n<meta property=\"og:type\" content=\"article\" \/>\n<meta property=\"og:title\" content=\"Lichtverteilung Schlauchheizung Steuerger\u00e4t Lancia Delta Integrale - Turijnmagazijn\" \/>\n<meta property=\"og:description\" content=\"Steuerger\u00e4t Lancia Delta Integrale - Gebrauchter Satz von Glasfaserschl\u00e4uchen, die dazu bestimmt sind, das Licht hinter dem Heizger\u00e4t f\u00fcr Lancia Delta Integrale auf die verschiedenen Bedientasten zu \u00fcbertragen, damit sie korrekt sind\" \/>\n<meta property=\"og:url\" content=\"https:\/\/turijnmagazijn.nl\/de\/produkt\/lichtverteilungs-schlauch-heizungs-steuergerat-lancia-delta-integral\/\" \/>\n<meta property=\"og:site_name\" content=\"Turijnmagazijn\" \/>\n<meta property=\"article:publisher\" content=\"https:\/\/www.facebook.com\/turijnmagazijn\" \/>\n<meta property=\"article:modified_time\" content=\"2025-08-11T06:46:38+00:00\" \/>\n<meta property=\"og:image\" content=\"https:\/\/turijnmagazijn.nl\/wp-content\/uploads\/2023\/03\/DK00102438-Licht-verdeel-slang-kachelbedieningsunit-Lancia-Delta-Integrale-3-1.jpg\" \/>\n\t<meta property=\"og:image:width\" content=\"1024\" \/>\n\t<meta property=\"og:image:height\" content=\"768\" \/>\n\t<meta property=\"og:image:type\" content=\"image\/jpeg\" \/>\n<meta name=\"twitter:card\" content=\"summary_large_image\" \/>\n<script type=\"application\/ld+json\" class=\"yoast-schema-graph\">{\"@context\":\"https:\/\/schema.org\",\"@graph\":[{\"@type\":\"WebPage\",\"@id\":\"https:\/\/turijnmagazijn.nl\/de\/produkt\/lichtverteilungs-schlauch-heizungs-steuergerat-lancia-delta-integral\/\",\"url\":\"https:\/\/turijnmagazijn.nl\/de\/produkt\/lichtverteilungs-schlauch-heizungs-steuergerat-lancia-delta-integral\/\",\"name\":\"Lichtverteilung Schlauchheizung Steuerger\u00e4t Lancia Delta Integrale - Turijnmagazijn\",\"isPartOf\":{\"@id\":\"https:\/\/turijnmagazijn.jumpstone-dev.nl\/#website\"},\"primaryImageOfPage\":{\"@id\":\"https:\/\/turijnmagazijn.nl\/de\/produkt\/lichtverteilungs-schlauch-heizungs-steuergerat-lancia-delta-integral\/#primaryimage\"},\"image\":{\"@id\":\"https:\/\/turijnmagazijn.nl\/de\/produkt\/lichtverteilungs-schlauch-heizungs-steuergerat-lancia-delta-integral\/#primaryimage\"},\"thumbnailUrl\":\"https:\/\/turijnmagazijn.nl\/wp-content\/uploads\/2023\/03\/DK00102438-Licht-verdeel-slang-kachelbedieningsunit-Lancia-Delta-Integrale-3-1.jpg\",\"datePublished\":\"2023-03-03T08:33:08+00:00\",\"dateModified\":\"2025-08-11T06:46:38+00:00\",\"breadcrumb\":{\"@id\":\"https:\/\/turijnmagazijn.nl\/de\/produkt\/lichtverteilungs-schlauch-heizungs-steuergerat-lancia-delta-integral\/#breadcrumb\"},\"inLanguage\":\"de\",\"potentialAction\":[{\"@type\":\"ReadAction\",\"target\":[\"https:\/\/turijnmagazijn.nl\/de\/produkt\/lichtverteilungs-schlauch-heizungs-steuergerat-lancia-delta-integral\/\"]}]},{\"@type\":\"ImageObject\",\"inLanguage\":\"de\",\"@id\":\"https:\/\/turijnmagazijn.nl\/de\/produkt\/lichtverteilungs-schlauch-heizungs-steuergerat-lancia-delta-integral\/#primaryimage\",\"url\":\"https:\/\/turijnmagazijn.nl\/wp-content\/uploads\/2023\/03\/DK00102438-Licht-verdeel-slang-kachelbedieningsunit-Lancia-Delta-Integrale-3-1.jpg\",\"contentUrl\":\"https:\/\/turijnmagazijn.nl\/wp-content\/uploads\/2023\/03\/DK00102438-Licht-verdeel-slang-kachelbedieningsunit-Lancia-Delta-Integrale-3-1.jpg\",\"width\":1024,\"height\":768},{\"@type\":\"BreadcrumbList\",\"@id\":\"https:\/\/turijnmagazijn.nl\/de\/produkt\/lichtverteilungs-schlauch-heizungs-steuergerat-lancia-delta-integral\/#breadcrumb\",\"itemListElement\":[{\"@type\":\"ListItem\",\"position\":1,\"name\":\"Home\",\"item\":\"https:\/\/turijnmagazijn.nl\/de\/\"},{\"@type\":\"ListItem\",\"position\":2,\"name\":\"Produkte\",\"item\":\"https:\/\/turijnmagazijn.nl\/de\/shop\/\"},{\"@type\":\"ListItem\",\"position\":3,\"name\":\"Lichtverteilung Schlauchheizung Steuerger\u00e4t Lancia Delta Integrale\"}]},{\"@type\":\"WebSite\",\"@id\":\"https:\/\/turijnmagazijn.jumpstone-dev.nl\/#website\",\"url\":\"https:\/\/turijnmagazijn.jumpstone-dev.nl\/\",\"name\":\"Turijnmagazijn\",\"description\":\"Onderdelen nieuw en gebruikt - Fiat &amp; Lancia\",\"publisher\":{\"@id\":\"https:\/\/turijnmagazijn.jumpstone-dev.nl\/#organization\"},\"potentialAction\":[{\"@type\":\"SearchAction\",\"target\":{\"@type\":\"EntryPoint\",\"urlTemplate\":\"https:\/\/turijnmagazijn.jumpstone-dev.nl\/?s={search_term_string}\"},\"query-input\":{\"@type\":\"PropertyValueSpecification\",\"valueRequired\":true,\"valueName\":\"search_term_string\"}}],\"inLanguage\":\"de\"},{\"@type\":\"Organization\",\"@id\":\"https:\/\/turijnmagazijn.jumpstone-dev.nl\/#organization\",\"name\":\"Turijnmagazijn\",\"url\":\"https:\/\/turijnmagazijn.jumpstone-dev.nl\/\",\"logo\":{\"@type\":\"ImageObject\",\"inLanguage\":\"de\",\"@id\":\"https:\/\/turijnmagazijn.jumpstone-dev.nl\/#\/schema\/logo\/image\/\",\"url\":\"https:\/\/turijnmagazijn.nl\/wp-content\/uploads\/2021\/02\/turijnmagazijnlogo.png\",\"contentUrl\":\"https:\/\/turijnmagazijn.nl\/wp-content\/uploads\/2021\/02\/turijnmagazijnlogo.png\",\"width\":555,\"height\":270,\"caption\":\"Turijnmagazijn\"},\"image\":{\"@id\":\"https:\/\/turijnmagazijn.jumpstone-dev.nl\/#\/schema\/logo\/image\/\"},\"sameAs\":[\"https:\/\/www.facebook.com\/turijnmagazijn\"]}]}<\/script>\n<!-- \/ Yoast SEO plugin. -->","yoast_head_json":{"title":"Lichtverteilung Schlauchheizung Steuerger\u00e4t Lancia Delta Integrale - Turijnmagazijn","robots":{"index":"index","follow":"follow","max-snippet":"max-snippet:-1","max-image-preview":"max-image-preview:large","max-video-preview":"max-video-preview:-1"},"canonical":"https:\/\/turijnmagazijn.nl\/de\/produkt\/lichtverteilungs-schlauch-heizungs-steuergerat-lancia-delta-integral\/","og_locale":"de_DE","og_type":"article","og_title":"Lichtverteilung Schlauchheizung Steuerger\u00e4t Lancia Delta Integrale - Turijnmagazijn","og_description":"Steuerger\u00e4t Lancia Delta Integrale - Gebrauchter Satz von Glasfaserschl\u00e4uchen, die dazu bestimmt sind, das Licht hinter dem Heizger\u00e4t f\u00fcr Lancia Delta Integrale auf die verschiedenen Bedientasten zu \u00fcbertragen, damit sie korrekt sind","og_url":"https:\/\/turijnmagazijn.nl\/de\/produkt\/lichtverteilungs-schlauch-heizungs-steuergerat-lancia-delta-integral\/","og_site_name":"Turijnmagazijn","article_publisher":"https:\/\/www.facebook.com\/turijnmagazijn","article_modified_time":"2025-08-11T06:46:38+00:00","og_image":[{"width":1024,"height":768,"url":"https:\/\/turijnmagazijn.nl\/wp-content\/uploads\/2023\/03\/DK00102438-Licht-verdeel-slang-kachelbedieningsunit-Lancia-Delta-Integrale-3-1.jpg","type":"image\/jpeg"}],"twitter_card":"summary_large_image","schema":{"@context":"https:\/\/schema.org","@graph":[{"@type":"WebPage","@id":"https:\/\/turijnmagazijn.nl\/de\/produkt\/lichtverteilungs-schlauch-heizungs-steuergerat-lancia-delta-integral\/","url":"https:\/\/turijnmagazijn.nl\/de\/produkt\/lichtverteilungs-schlauch-heizungs-steuergerat-lancia-delta-integral\/","name":"Lichtverteilung Schlauchheizung Steuerger\u00e4t Lancia Delta Integrale - Turijnmagazijn","isPartOf":{"@id":"https:\/\/turijnmagazijn.jumpstone-dev.nl\/#website"},"primaryImageOfPage":{"@id":"https:\/\/turijnmagazijn.nl\/de\/produkt\/lichtverteilungs-schlauch-heizungs-steuergerat-lancia-delta-integral\/#primaryimage"},"image":{"@id":"https:\/\/turijnmagazijn.nl\/de\/produkt\/lichtverteilungs-schlauch-heizungs-steuergerat-lancia-delta-integral\/#primaryimage"},"thumbnailUrl":"https:\/\/turijnmagazijn.nl\/wp-content\/uploads\/2023\/03\/DK00102438-Licht-verdeel-slang-kachelbedieningsunit-Lancia-Delta-Integrale-3-1.jpg","datePublished":"2023-03-03T08:33:08+00:00","dateModified":"2025-08-11T06:46:38+00:00","breadcrumb":{"@id":"https:\/\/turijnmagazijn.nl\/de\/produkt\/lichtverteilungs-schlauch-heizungs-steuergerat-lancia-delta-integral\/#breadcrumb"},"inLanguage":"de","potentialAction":[{"@type":"ReadAction","target":["https:\/\/turijnmagazijn.nl\/de\/produkt\/lichtverteilungs-schlauch-heizungs-steuergerat-lancia-delta-integral\/"]}]},{"@type":"ImageObject","inLanguage":"de","@id":"https:\/\/turijnmagazijn.nl\/de\/produkt\/lichtverteilungs-schlauch-heizungs-steuergerat-lancia-delta-integral\/#primaryimage","url":"https:\/\/turijnmagazijn.nl\/wp-content\/uploads\/2023\/03\/DK00102438-Licht-verdeel-slang-kachelbedieningsunit-Lancia-Delta-Integrale-3-1.jpg","contentUrl":"https:\/\/turijnmagazijn.nl\/wp-content\/uploads\/2023\/03\/DK00102438-Licht-verdeel-slang-kachelbedieningsunit-Lancia-Delta-Integrale-3-1.jpg","width":1024,"height":768},{"@type":"BreadcrumbList","@id":"https:\/\/turijnmagazijn.nl\/de\/produkt\/lichtverteilungs-schlauch-heizungs-steuergerat-lancia-delta-integral\/#breadcrumb","itemListElement":[{"@type":"ListItem","position":1,"name":"Home","item":"https:\/\/turijnmagazijn.nl\/de\/"},{"@type":"ListItem","position":2,"name":"Produkte","item":"https:\/\/turijnmagazijn.nl\/de\/shop\/"},{"@type":"ListItem","position":3,"name":"Lichtverteilung Schlauchheizung Steuerger\u00e4t Lancia Delta Integrale"}]},{"@type":"WebSite","@id":"https:\/\/turijnmagazijn.jumpstone-dev.nl\/#website","url":"https:\/\/turijnmagazijn.jumpstone-dev.nl\/","name":"Turijnmagazijn","description":"Onderdelen nieuw en gebruikt - Fiat &amp; Lancia","publisher":{"@id":"https:\/\/turijnmagazijn.jumpstone-dev.nl\/#organization"},"potentialAction":[{"@type":"SearchAction","target":{"@type":"EntryPoint","urlTemplate":"https:\/\/turijnmagazijn.jumpstone-dev.nl\/?s={search_term_string}"},"query-input":{"@type":"PropertyValueSpecification","valueRequired":true,"valueName":"search_term_string"}}],"inLanguage":"de"},{"@type":"Organization","@id":"https:\/\/turijnmagazijn.jumpstone-dev.nl\/#organization","name":"Turijnmagazijn","url":"https:\/\/turijnmagazijn.jumpstone-dev.nl\/","logo":{"@type":"ImageObject","inLanguage":"de","@id":"https:\/\/turijnmagazijn.jumpstone-dev.nl\/#\/schema\/logo\/image\/","url":"https:\/\/turijnmagazijn.nl\/wp-content\/uploads\/2021\/02\/turijnmagazijnlogo.png","contentUrl":"https:\/\/turijnmagazijn.nl\/wp-content\/uploads\/2021\/02\/turijnmagazijnlogo.png","width":555,"height":270,"caption":"Turijnmagazijn"},"image":{"@id":"https:\/\/turijnmagazijn.jumpstone-dev.nl\/#\/schema\/logo\/image\/"},"sameAs":["https:\/\/www.facebook.com\/turijnmagazijn"]}]}},"_links":{"self":[{"href":"https:\/\/turijnmagazijn.nl\/de\/wp-json\/wp\/v2\/product\/65451","targetHints":{"allow":["GET"]}}],"collection":[{"href":"https:\/\/turijnmagazijn.nl\/de\/wp-json\/wp\/v2\/product"}],"about":[{"href":"https:\/\/turijnmagazijn.nl\/de\/wp-json\/wp\/v2\/types\/product"}],"replies":[{"embeddable":true,"href":"https:\/\/turijnmagazijn.nl\/de\/wp-json\/wp\/v2\/comments?post=65451"}],"wp:featuredmedia":[{"embeddable":true,"href":"https:\/\/turijnmagazijn.nl\/de\/wp-json\/wp\/v2\/media\/50849"}],"wp:attachment":[{"href":"https:\/\/turijnmagazijn.nl\/de\/wp-json\/wp\/v2\/media?parent=65451"}],"wp:term":[{"taxonomy":"product_brand","embeddable":true,"href":"https:\/\/turijnmagazijn.nl\/de\/wp-json\/wp\/v2\/product_brand?post=65451"},{"taxonomy":"product_cat","embeddable":true,"href":"https:\/\/turijnmagazijn.nl\/de\/wp-json\/wp\/v2\/product_cat?post=65451"},{"taxonomy":"product_tag","embeddable":true,"href":"https:\/\/turijnmagazijn.nl\/de\/wp-json\/wp\/v2\/product_tag?post=65451"}],"curies":[{"name":"wp","href":"https:\/\/api.w.org\/{rel}","templated":true}]}}