{"id":65464,"date":"2023-03-03T09:33:31","date_gmt":"2023-03-03T08:33:31","guid":{"rendered":"https:\/\/turijnmagazijn.nl\/product\/knopf-armaturenbrett-lancia-delta-integral-drehknopf-geblaesestaender\/"},"modified":"2023-07-27T12:28:44","modified_gmt":"2023-07-27T10:28:44","slug":"knopf-armaturenbrett-lancia-delta-integral-zifferblatt-geblase-stander","status":"publish","type":"product","link":"https:\/\/turijnmagazijn.nl\/de\/produkt\/knopf-armaturenbrett-lancia-delta-integral-zifferblatt-geblase-stander\/","title":{"rendered":"Knopf-Armaturenbrett Lancia Delta Integral-Drehknopf-Gebl\u00e4sest\u00e4nder"},"content":{"rendered":"<p>Gebrauchter Knopf in gutem Zustand. Vorgesehen f\u00fcr die Montage im Bedienfeld der Heizung f\u00fcr alle Arten von Lancia Delta und Lancia Prisma.<\/p>\n<p>Der Artikel ist in einem guten Zustand von einem Delta Integrale 16V Baujahr 1990.<\/p>\n<p>Betrifft den Drehknopf, der zum Einstellen der Geschwindigkeit des Gebl\u00e4seblatts geeignet ist, 1, 2 oder 3.<\/p>\n<p>In Eper haben die Zifferbl\u00e4tter die gleiche Teilenummer und die Zifferbl\u00e4tter sind austauschbar, aber diese Art von Knopf befindet sich weiter innen, hat also ein niedrigeres Profil und ragt weniger aus dem Armaturenbrett heraus.<\/p>\n<p><\/p>\n<p>OEM Lancia 82396811<\/p>\n","protected":false},"excerpt":{"rendered":"<p>Knopf-Armaturenbrett Lancia Delta Integrale &#8211; Gebrauchter Knopf in gutem Zustand. Knopf-Armaturenbrett Lancia Delta Integral-Drehknopf-Gebl\u00e4sest\u00e4nder &#8211; Gebrauchter Knopf in gutem Zustand.<\/p>\n","protected":false},"featured_media":50921,"comment_status":"open","ping_status":"closed","template":"","meta":{"_acf_changed":false},"product_brand":[],"product_cat":[1807,1797],"product_tag":[],"class_list":{"0":"post-65464","1":"product","2":"type-product","3":"status-publish","4":"has-post-thumbnail","6":"product_cat-delta-1-831-de","7":"product_cat-lancia-de","8":"pa_soort-onderdeel-dashboard-und-schalter","9":"pa_soort-onderdeel-klimaanlage-und-heizung","11":"first","12":"instock","13":"shipping-taxable","14":"purchasable","15":"product-type-simple"},"acf":[],"yoast_head":"<!-- This site is optimized with the Yoast SEO plugin v27.2 - https:\/\/yoast.com\/product\/yoast-seo-wordpress\/ -->\n<title>Knopf-Armaturenbrett Lancia Delta Integral-Drehknopf-Gebl\u00e4sest\u00e4nder - Turijnmagazijn<\/title>\n<meta name=\"robots\" content=\"index, follow, max-snippet:-1, max-image-preview:large, max-video-preview:-1\" \/>\n<link rel=\"canonical\" href=\"https:\/\/turijnmagazijn.nl\/de\/produkt\/knopf-armaturenbrett-lancia-delta-integral-zifferblatt-geblase-stander\/\" \/>\n<meta property=\"og:locale\" content=\"de_DE\" \/>\n<meta property=\"og:type\" content=\"article\" \/>\n<meta property=\"og:title\" content=\"Knopf-Armaturenbrett Lancia Delta Integral-Drehknopf-Gebl\u00e4sest\u00e4nder - Turijnmagazijn\" \/>\n<meta property=\"og:description\" content=\"Knopf-Armaturenbrett Lancia Delta Integrale - Gebrauchter Knopf in gutem Zustand. Knopf-Armaturenbrett Lancia Delta Integral-Drehknopf-Gebl\u00e4sest\u00e4nder - Gebrauchter Knopf in gutem Zustand.\" \/>\n<meta property=\"og:url\" content=\"https:\/\/turijnmagazijn.nl\/de\/produkt\/knopf-armaturenbrett-lancia-delta-integral-zifferblatt-geblase-stander\/\" \/>\n<meta property=\"og:site_name\" content=\"Turijnmagazijn\" \/>\n<meta property=\"article:publisher\" content=\"https:\/\/www.facebook.com\/turijnmagazijn\" \/>\n<meta property=\"article:modified_time\" content=\"2023-07-27T10:28:44+00:00\" \/>\n<meta property=\"og:image\" content=\"https:\/\/turijnmagazijn.nl\/wp-content\/uploads\/2023\/03\/DK00102442-Knop-dashboard-Lancia-Delta-Integrale-draaiknop-aanjager-stand-1-1.jpg\" \/>\n\t<meta property=\"og:image:width\" content=\"1024\" \/>\n\t<meta property=\"og:image:height\" content=\"768\" \/>\n\t<meta property=\"og:image:type\" content=\"image\/jpeg\" \/>\n<meta name=\"twitter:card\" content=\"summary_large_image\" \/>\n<script type=\"application\/ld+json\" class=\"yoast-schema-graph\">{\"@context\":\"https:\/\/schema.org\",\"@graph\":[{\"@type\":\"WebPage\",\"@id\":\"https:\/\/turijnmagazijn.nl\/de\/produkt\/knopf-armaturenbrett-lancia-delta-integral-zifferblatt-geblase-stander\/\",\"url\":\"https:\/\/turijnmagazijn.nl\/de\/produkt\/knopf-armaturenbrett-lancia-delta-integral-zifferblatt-geblase-stander\/\",\"name\":\"Knopf-Armaturenbrett Lancia Delta Integral-Drehknopf-Gebl\u00e4sest\u00e4nder - Turijnmagazijn\",\"isPartOf\":{\"@id\":\"https:\/\/turijnmagazijn.jumpstone-dev.nl\/#website\"},\"primaryImageOfPage\":{\"@id\":\"https:\/\/turijnmagazijn.nl\/de\/produkt\/knopf-armaturenbrett-lancia-delta-integral-zifferblatt-geblase-stander\/#primaryimage\"},\"image\":{\"@id\":\"https:\/\/turijnmagazijn.nl\/de\/produkt\/knopf-armaturenbrett-lancia-delta-integral-zifferblatt-geblase-stander\/#primaryimage\"},\"thumbnailUrl\":\"https:\/\/turijnmagazijn.nl\/wp-content\/uploads\/2023\/03\/DK00102442-Knop-dashboard-Lancia-Delta-Integrale-draaiknop-aanjager-stand-1-1.jpg\",\"datePublished\":\"2023-03-03T08:33:31+00:00\",\"dateModified\":\"2023-07-27T10:28:44+00:00\",\"breadcrumb\":{\"@id\":\"https:\/\/turijnmagazijn.nl\/de\/produkt\/knopf-armaturenbrett-lancia-delta-integral-zifferblatt-geblase-stander\/#breadcrumb\"},\"inLanguage\":\"de\",\"potentialAction\":[{\"@type\":\"ReadAction\",\"target\":[\"https:\/\/turijnmagazijn.nl\/de\/produkt\/knopf-armaturenbrett-lancia-delta-integral-zifferblatt-geblase-stander\/\"]}]},{\"@type\":\"ImageObject\",\"inLanguage\":\"de\",\"@id\":\"https:\/\/turijnmagazijn.nl\/de\/produkt\/knopf-armaturenbrett-lancia-delta-integral-zifferblatt-geblase-stander\/#primaryimage\",\"url\":\"https:\/\/turijnmagazijn.nl\/wp-content\/uploads\/2023\/03\/DK00102442-Knop-dashboard-Lancia-Delta-Integrale-draaiknop-aanjager-stand-1-1.jpg\",\"contentUrl\":\"https:\/\/turijnmagazijn.nl\/wp-content\/uploads\/2023\/03\/DK00102442-Knop-dashboard-Lancia-Delta-Integrale-draaiknop-aanjager-stand-1-1.jpg\",\"width\":1024,\"height\":768},{\"@type\":\"BreadcrumbList\",\"@id\":\"https:\/\/turijnmagazijn.nl\/de\/produkt\/knopf-armaturenbrett-lancia-delta-integral-zifferblatt-geblase-stander\/#breadcrumb\",\"itemListElement\":[{\"@type\":\"ListItem\",\"position\":1,\"name\":\"Home\",\"item\":\"https:\/\/turijnmagazijn.jumpstone-dev.nl\/\"},{\"@type\":\"ListItem\",\"position\":2,\"name\":\"Produkte\",\"item\":\"https:\/\/turijnmagazijn.nl\/de\/shop\/\"},{\"@type\":\"ListItem\",\"position\":3,\"name\":\"Knopf-Armaturenbrett Lancia Delta Integral-Drehknopf-Gebl\u00e4sest\u00e4nder\"}]},{\"@type\":\"WebSite\",\"@id\":\"https:\/\/turijnmagazijn.jumpstone-dev.nl\/#website\",\"url\":\"https:\/\/turijnmagazijn.jumpstone-dev.nl\/\",\"name\":\"Turijnmagazijn\",\"description\":\"Onderdelen nieuw en gebruikt - Fiat &amp; Lancia\",\"publisher\":{\"@id\":\"https:\/\/turijnmagazijn.jumpstone-dev.nl\/#organization\"},\"potentialAction\":[{\"@type\":\"SearchAction\",\"target\":{\"@type\":\"EntryPoint\",\"urlTemplate\":\"https:\/\/turijnmagazijn.jumpstone-dev.nl\/?s={search_term_string}\"},\"query-input\":{\"@type\":\"PropertyValueSpecification\",\"valueRequired\":true,\"valueName\":\"search_term_string\"}}],\"inLanguage\":\"de\"},{\"@type\":\"Organization\",\"@id\":\"https:\/\/turijnmagazijn.jumpstone-dev.nl\/#organization\",\"name\":\"Turijnmagazijn\",\"url\":\"https:\/\/turijnmagazijn.jumpstone-dev.nl\/\",\"logo\":{\"@type\":\"ImageObject\",\"inLanguage\":\"de\",\"@id\":\"https:\/\/turijnmagazijn.jumpstone-dev.nl\/#\/schema\/logo\/image\/\",\"url\":\"https:\/\/turijnmagazijn.nl\/wp-content\/uploads\/2021\/02\/turijnmagazijnlogo.png\",\"contentUrl\":\"https:\/\/turijnmagazijn.nl\/wp-content\/uploads\/2021\/02\/turijnmagazijnlogo.png\",\"width\":555,\"height\":270,\"caption\":\"Turijnmagazijn\"},\"image\":{\"@id\":\"https:\/\/turijnmagazijn.jumpstone-dev.nl\/#\/schema\/logo\/image\/\"},\"sameAs\":[\"https:\/\/www.facebook.com\/turijnmagazijn\"]}]}<\/script>\n<!-- \/ Yoast SEO plugin. -->","yoast_head_json":{"title":"Knopf-Armaturenbrett Lancia Delta Integral-Drehknopf-Gebl\u00e4sest\u00e4nder - Turijnmagazijn","robots":{"index":"index","follow":"follow","max-snippet":"max-snippet:-1","max-image-preview":"max-image-preview:large","max-video-preview":"max-video-preview:-1"},"canonical":"https:\/\/turijnmagazijn.nl\/de\/produkt\/knopf-armaturenbrett-lancia-delta-integral-zifferblatt-geblase-stander\/","og_locale":"de_DE","og_type":"article","og_title":"Knopf-Armaturenbrett Lancia Delta Integral-Drehknopf-Gebl\u00e4sest\u00e4nder - Turijnmagazijn","og_description":"Knopf-Armaturenbrett Lancia Delta Integrale - Gebrauchter Knopf in gutem Zustand. Knopf-Armaturenbrett Lancia Delta Integral-Drehknopf-Gebl\u00e4sest\u00e4nder - Gebrauchter Knopf in gutem Zustand.","og_url":"https:\/\/turijnmagazijn.nl\/de\/produkt\/knopf-armaturenbrett-lancia-delta-integral-zifferblatt-geblase-stander\/","og_site_name":"Turijnmagazijn","article_publisher":"https:\/\/www.facebook.com\/turijnmagazijn","article_modified_time":"2023-07-27T10:28:44+00:00","og_image":[{"width":1024,"height":768,"url":"https:\/\/turijnmagazijn.nl\/wp-content\/uploads\/2023\/03\/DK00102442-Knop-dashboard-Lancia-Delta-Integrale-draaiknop-aanjager-stand-1-1.jpg","type":"image\/jpeg"}],"twitter_card":"summary_large_image","schema":{"@context":"https:\/\/schema.org","@graph":[{"@type":"WebPage","@id":"https:\/\/turijnmagazijn.nl\/de\/produkt\/knopf-armaturenbrett-lancia-delta-integral-zifferblatt-geblase-stander\/","url":"https:\/\/turijnmagazijn.nl\/de\/produkt\/knopf-armaturenbrett-lancia-delta-integral-zifferblatt-geblase-stander\/","name":"Knopf-Armaturenbrett Lancia Delta Integral-Drehknopf-Gebl\u00e4sest\u00e4nder - Turijnmagazijn","isPartOf":{"@id":"https:\/\/turijnmagazijn.jumpstone-dev.nl\/#website"},"primaryImageOfPage":{"@id":"https:\/\/turijnmagazijn.nl\/de\/produkt\/knopf-armaturenbrett-lancia-delta-integral-zifferblatt-geblase-stander\/#primaryimage"},"image":{"@id":"https:\/\/turijnmagazijn.nl\/de\/produkt\/knopf-armaturenbrett-lancia-delta-integral-zifferblatt-geblase-stander\/#primaryimage"},"thumbnailUrl":"https:\/\/turijnmagazijn.nl\/wp-content\/uploads\/2023\/03\/DK00102442-Knop-dashboard-Lancia-Delta-Integrale-draaiknop-aanjager-stand-1-1.jpg","datePublished":"2023-03-03T08:33:31+00:00","dateModified":"2023-07-27T10:28:44+00:00","breadcrumb":{"@id":"https:\/\/turijnmagazijn.nl\/de\/produkt\/knopf-armaturenbrett-lancia-delta-integral-zifferblatt-geblase-stander\/#breadcrumb"},"inLanguage":"de","potentialAction":[{"@type":"ReadAction","target":["https:\/\/turijnmagazijn.nl\/de\/produkt\/knopf-armaturenbrett-lancia-delta-integral-zifferblatt-geblase-stander\/"]}]},{"@type":"ImageObject","inLanguage":"de","@id":"https:\/\/turijnmagazijn.nl\/de\/produkt\/knopf-armaturenbrett-lancia-delta-integral-zifferblatt-geblase-stander\/#primaryimage","url":"https:\/\/turijnmagazijn.nl\/wp-content\/uploads\/2023\/03\/DK00102442-Knop-dashboard-Lancia-Delta-Integrale-draaiknop-aanjager-stand-1-1.jpg","contentUrl":"https:\/\/turijnmagazijn.nl\/wp-content\/uploads\/2023\/03\/DK00102442-Knop-dashboard-Lancia-Delta-Integrale-draaiknop-aanjager-stand-1-1.jpg","width":1024,"height":768},{"@type":"BreadcrumbList","@id":"https:\/\/turijnmagazijn.nl\/de\/produkt\/knopf-armaturenbrett-lancia-delta-integral-zifferblatt-geblase-stander\/#breadcrumb","itemListElement":[{"@type":"ListItem","position":1,"name":"Home","item":"https:\/\/turijnmagazijn.jumpstone-dev.nl\/"},{"@type":"ListItem","position":2,"name":"Produkte","item":"https:\/\/turijnmagazijn.nl\/de\/shop\/"},{"@type":"ListItem","position":3,"name":"Knopf-Armaturenbrett Lancia Delta Integral-Drehknopf-Gebl\u00e4sest\u00e4nder"}]},{"@type":"WebSite","@id":"https:\/\/turijnmagazijn.jumpstone-dev.nl\/#website","url":"https:\/\/turijnmagazijn.jumpstone-dev.nl\/","name":"Turijnmagazijn","description":"Onderdelen nieuw en gebruikt - Fiat &amp; Lancia","publisher":{"@id":"https:\/\/turijnmagazijn.jumpstone-dev.nl\/#organization"},"potentialAction":[{"@type":"SearchAction","target":{"@type":"EntryPoint","urlTemplate":"https:\/\/turijnmagazijn.jumpstone-dev.nl\/?s={search_term_string}"},"query-input":{"@type":"PropertyValueSpecification","valueRequired":true,"valueName":"search_term_string"}}],"inLanguage":"de"},{"@type":"Organization","@id":"https:\/\/turijnmagazijn.jumpstone-dev.nl\/#organization","name":"Turijnmagazijn","url":"https:\/\/turijnmagazijn.jumpstone-dev.nl\/","logo":{"@type":"ImageObject","inLanguage":"de","@id":"https:\/\/turijnmagazijn.jumpstone-dev.nl\/#\/schema\/logo\/image\/","url":"https:\/\/turijnmagazijn.nl\/wp-content\/uploads\/2021\/02\/turijnmagazijnlogo.png","contentUrl":"https:\/\/turijnmagazijn.nl\/wp-content\/uploads\/2021\/02\/turijnmagazijnlogo.png","width":555,"height":270,"caption":"Turijnmagazijn"},"image":{"@id":"https:\/\/turijnmagazijn.jumpstone-dev.nl\/#\/schema\/logo\/image\/"},"sameAs":["https:\/\/www.facebook.com\/turijnmagazijn"]}]}},"_links":{"self":[{"href":"https:\/\/turijnmagazijn.nl\/de\/wp-json\/wp\/v2\/product\/65464","targetHints":{"allow":["GET"]}}],"collection":[{"href":"https:\/\/turijnmagazijn.nl\/de\/wp-json\/wp\/v2\/product"}],"about":[{"href":"https:\/\/turijnmagazijn.nl\/de\/wp-json\/wp\/v2\/types\/product"}],"replies":[{"embeddable":true,"href":"https:\/\/turijnmagazijn.nl\/de\/wp-json\/wp\/v2\/comments?post=65464"}],"wp:featuredmedia":[{"embeddable":true,"href":"https:\/\/turijnmagazijn.nl\/de\/wp-json\/wp\/v2\/media\/50921"}],"wp:attachment":[{"href":"https:\/\/turijnmagazijn.nl\/de\/wp-json\/wp\/v2\/media?parent=65464"}],"wp:term":[{"taxonomy":"product_brand","embeddable":true,"href":"https:\/\/turijnmagazijn.nl\/de\/wp-json\/wp\/v2\/product_brand?post=65464"},{"taxonomy":"product_cat","embeddable":true,"href":"https:\/\/turijnmagazijn.nl\/de\/wp-json\/wp\/v2\/product_cat?post=65464"},{"taxonomy":"product_tag","embeddable":true,"href":"https:\/\/turijnmagazijn.nl\/de\/wp-json\/wp\/v2\/product_tag?post=65464"}],"curies":[{"name":"wp","href":"https:\/\/api.w.org\/{rel}","templated":true}]}}