{"id":65506,"date":"2023-03-03T09:36:14","date_gmt":"2023-03-03T08:36:14","guid":{"rendered":"https:\/\/turijnmagazijn.nl\/product\/elektrische-fensterhebersteuerung-lancia-delta-ii-kappa-alfa-166\/"},"modified":"2023-07-27T12:29:38","modified_gmt":"2023-07-27T10:29:38","slug":"computer-elektrische-fenster-steuerung-lancia-delta-ii-kappa-alfa-166","status":"publish","type":"product","link":"https:\/\/turijnmagazijn.nl\/de\/produkt\/computer-elektrische-fenster-steuerung-lancia-delta-ii-kappa-alfa-166\/","title":{"rendered":"Elektrische Fensterhebersteuerung Lancia Delta II Kappa Alfa 166"},"content":{"rendered":"<p>Verwendetes Steuermodul f\u00fcr die elektrische Fensterhebersteuerung, Version mit gr\u00fcnem K\u00f6rper.  <\/p>\n<p>Gilt f\u00fcr Lancia Kappa, Alfa 166 und Lancia Delta II und Dedra. Bitte beachten Sie bei der Bestellung, dass es sich bei dem zu ersetzenden Altger\u00e4t um das gleiche handelt. Die gr\u00fcne Farbe ist ein guter Indikator, aber \u00fcberpr\u00fcfen Sie immer sorgf\u00e4ltig die Anzahl und Art der Steckverbindungen. Auf dem Lancia Kappa sind auch zwei weitere Versionen im Umlauf, eine mit schwarzem und eine mit wei\u00dfem Geh\u00e4use. Diese sind nicht austauschbar!<\/p>\n<p>Korrekt funktionierender zerlegter&nbsp; <span style=\"font-family: \"Open Sans\", Arial; font-size: 9pt;\">Benziner aus einem Lancia Kappa 2.0 20V Limousine mit Automatik aus dem Jahr 1997 mit einer Laufleistung von 175.000 km.<\/span><\/p>\n<p>OEM lancia&nbsp;46449888<\/p>\n","protected":false},"excerpt":{"rendered":"<p>Elektrische Fensterhebersteuerung Lancia Delta II Kappa Alfa 166 &#8211; Gebrauchtes Steuermodul f\u00fcr die elektrische Fensterhebersteuerung, Version mit gr\u00fcnem K\u00f6rper.<\/p>\n","protected":false},"featured_media":51237,"comment_status":"closed","ping_status":"closed","template":"","meta":{"_acf_changed":false},"product_brand":[],"product_cat":[1651,1584,1867,1803,1844,1859,1797,1869],"product_tag":[],"class_list":{"0":"post-65506","1":"product","2":"type-product","3":"status-publish","4":"has-post-thumbnail","6":"product_cat-166-936-de","7":"product_cat-alfa-romeo-de","8":"product_cat-coupe-de","9":"product_cat-dedra-835-de","10":"product_cat-delta-2-836-de","11":"product_cat-kappa-838-de","12":"product_cat-lancia-de","13":"product_cat-sw-de","14":"pa_soort-onderdeel-elektronik-und-kabel","16":"first","17":"instock","18":"shipping-taxable","19":"purchasable","20":"product-type-simple"},"acf":[],"yoast_head":"<!-- This site is optimized with the Yoast SEO plugin v27.3 - https:\/\/yoast.com\/product\/yoast-seo-wordpress\/ -->\n<title>Elektrische Fensterhebersteuerung Lancia Delta II Kappa Alfa 166 - Turijnmagazijn<\/title>\n<meta name=\"robots\" content=\"index, follow, max-snippet:-1, max-image-preview:large, max-video-preview:-1\" \/>\n<link rel=\"canonical\" href=\"https:\/\/turijnmagazijn.nl\/de\/produkt\/computer-elektrische-fenster-steuerung-lancia-delta-ii-kappa-alfa-166\/\" \/>\n<meta property=\"og:locale\" content=\"de_DE\" \/>\n<meta property=\"og:type\" content=\"article\" \/>\n<meta property=\"og:title\" content=\"Elektrische Fensterhebersteuerung Lancia Delta II Kappa Alfa 166 - Turijnmagazijn\" \/>\n<meta property=\"og:description\" content=\"Elektrische Fensterhebersteuerung Lancia Delta II Kappa Alfa 166 - Gebrauchtes Steuermodul f\u00fcr die elektrische Fensterhebersteuerung, Version mit gr\u00fcnem K\u00f6rper.\" \/>\n<meta property=\"og:url\" content=\"https:\/\/turijnmagazijn.nl\/de\/produkt\/computer-elektrische-fenster-steuerung-lancia-delta-ii-kappa-alfa-166\/\" \/>\n<meta property=\"og:site_name\" content=\"Turijnmagazijn\" \/>\n<meta property=\"article:publisher\" content=\"https:\/\/www.facebook.com\/turijnmagazijn\" \/>\n<meta property=\"article:modified_time\" content=\"2023-07-27T10:29:38+00:00\" \/>\n<meta property=\"og:image\" content=\"https:\/\/turijnmagazijn.nl\/wp-content\/uploads\/2023\/03\/DK00102459-Computer-electrische-raambediening-Lancia-Delta-II-Kappa-Alfa-166-2.jpg\" \/>\n\t<meta property=\"og:image:width\" content=\"1024\" \/>\n\t<meta property=\"og:image:height\" content=\"768\" \/>\n\t<meta property=\"og:image:type\" content=\"image\/jpeg\" \/>\n<meta name=\"twitter:card\" content=\"summary_large_image\" \/>\n<meta name=\"twitter:label1\" content=\"Gesch\u00e4tzte Lesezeit\" \/>\n\t<meta name=\"twitter:data1\" content=\"1\u00a0Minute\" \/>\n<script type=\"application\/ld+json\" class=\"yoast-schema-graph\">{\"@context\":\"https:\\\/\\\/schema.org\",\"@graph\":[{\"@type\":\"WebPage\",\"@id\":\"https:\\\/\\\/turijnmagazijn.nl\\\/de\\\/produkt\\\/computer-elektrische-fenster-steuerung-lancia-delta-ii-kappa-alfa-166\\\/\",\"url\":\"https:\\\/\\\/turijnmagazijn.nl\\\/de\\\/produkt\\\/computer-elektrische-fenster-steuerung-lancia-delta-ii-kappa-alfa-166\\\/\",\"name\":\"Elektrische Fensterhebersteuerung Lancia Delta II Kappa Alfa 166 - Turijnmagazijn\",\"isPartOf\":{\"@id\":\"https:\\\/\\\/turijnmagazijn.jumpstone-dev.nl\\\/#website\"},\"primaryImageOfPage\":{\"@id\":\"https:\\\/\\\/turijnmagazijn.nl\\\/de\\\/produkt\\\/computer-elektrische-fenster-steuerung-lancia-delta-ii-kappa-alfa-166\\\/#primaryimage\"},\"image\":{\"@id\":\"https:\\\/\\\/turijnmagazijn.nl\\\/de\\\/produkt\\\/computer-elektrische-fenster-steuerung-lancia-delta-ii-kappa-alfa-166\\\/#primaryimage\"},\"thumbnailUrl\":\"https:\\\/\\\/turijnmagazijn.nl\\\/wp-content\\\/uploads\\\/2023\\\/03\\\/DK00102459-Computer-electrische-raambediening-Lancia-Delta-II-Kappa-Alfa-166-2.jpg\",\"datePublished\":\"2023-03-03T08:36:14+00:00\",\"dateModified\":\"2023-07-27T10:29:38+00:00\",\"breadcrumb\":{\"@id\":\"https:\\\/\\\/turijnmagazijn.nl\\\/de\\\/produkt\\\/computer-elektrische-fenster-steuerung-lancia-delta-ii-kappa-alfa-166\\\/#breadcrumb\"},\"inLanguage\":\"de\",\"potentialAction\":[{\"@type\":\"ReadAction\",\"target\":[\"https:\\\/\\\/turijnmagazijn.nl\\\/de\\\/produkt\\\/computer-elektrische-fenster-steuerung-lancia-delta-ii-kappa-alfa-166\\\/\"]}]},{\"@type\":\"ImageObject\",\"inLanguage\":\"de\",\"@id\":\"https:\\\/\\\/turijnmagazijn.nl\\\/de\\\/produkt\\\/computer-elektrische-fenster-steuerung-lancia-delta-ii-kappa-alfa-166\\\/#primaryimage\",\"url\":\"https:\\\/\\\/turijnmagazijn.nl\\\/wp-content\\\/uploads\\\/2023\\\/03\\\/DK00102459-Computer-electrische-raambediening-Lancia-Delta-II-Kappa-Alfa-166-2.jpg\",\"contentUrl\":\"https:\\\/\\\/turijnmagazijn.nl\\\/wp-content\\\/uploads\\\/2023\\\/03\\\/DK00102459-Computer-electrische-raambediening-Lancia-Delta-II-Kappa-Alfa-166-2.jpg\",\"width\":1024,\"height\":768},{\"@type\":\"BreadcrumbList\",\"@id\":\"https:\\\/\\\/turijnmagazijn.nl\\\/de\\\/produkt\\\/computer-elektrische-fenster-steuerung-lancia-delta-ii-kappa-alfa-166\\\/#breadcrumb\",\"itemListElement\":[{\"@type\":\"ListItem\",\"position\":1,\"name\":\"Home\",\"item\":\"https:\\\/\\\/turijnmagazijn.nl\\\/de\\\/\"},{\"@type\":\"ListItem\",\"position\":2,\"name\":\"Produkte\",\"item\":\"https:\\\/\\\/turijnmagazijn.nl\\\/de\\\/shop\\\/\"},{\"@type\":\"ListItem\",\"position\":3,\"name\":\"Elektrische Fensterhebersteuerung Lancia Delta II Kappa Alfa 166\"}]},{\"@type\":\"WebSite\",\"@id\":\"https:\\\/\\\/turijnmagazijn.jumpstone-dev.nl\\\/#website\",\"url\":\"https:\\\/\\\/turijnmagazijn.jumpstone-dev.nl\\\/\",\"name\":\"Turijnmagazijn\",\"description\":\"Onderdelen nieuw en gebruikt - Fiat &amp; Lancia\",\"publisher\":{\"@id\":\"https:\\\/\\\/turijnmagazijn.jumpstone-dev.nl\\\/#organization\"},\"potentialAction\":[{\"@type\":\"SearchAction\",\"target\":{\"@type\":\"EntryPoint\",\"urlTemplate\":\"https:\\\/\\\/turijnmagazijn.jumpstone-dev.nl\\\/?s={search_term_string}\"},\"query-input\":{\"@type\":\"PropertyValueSpecification\",\"valueRequired\":true,\"valueName\":\"search_term_string\"}}],\"inLanguage\":\"de\"},{\"@type\":\"Organization\",\"@id\":\"https:\\\/\\\/turijnmagazijn.jumpstone-dev.nl\\\/#organization\",\"name\":\"Turijnmagazijn\",\"url\":\"https:\\\/\\\/turijnmagazijn.jumpstone-dev.nl\\\/\",\"logo\":{\"@type\":\"ImageObject\",\"inLanguage\":\"de\",\"@id\":\"https:\\\/\\\/turijnmagazijn.jumpstone-dev.nl\\\/#\\\/schema\\\/logo\\\/image\\\/\",\"url\":\"https:\\\/\\\/turijnmagazijn.nl\\\/wp-content\\\/uploads\\\/2021\\\/02\\\/turijnmagazijnlogo.png\",\"contentUrl\":\"https:\\\/\\\/turijnmagazijn.nl\\\/wp-content\\\/uploads\\\/2021\\\/02\\\/turijnmagazijnlogo.png\",\"width\":555,\"height\":270,\"caption\":\"Turijnmagazijn\"},\"image\":{\"@id\":\"https:\\\/\\\/turijnmagazijn.jumpstone-dev.nl\\\/#\\\/schema\\\/logo\\\/image\\\/\"},\"sameAs\":[\"https:\\\/\\\/www.facebook.com\\\/turijnmagazijn\"]}]}<\/script>\n<!-- \/ Yoast SEO plugin. -->","yoast_head_json":{"title":"Elektrische Fensterhebersteuerung Lancia Delta II Kappa Alfa 166 - Turijnmagazijn","robots":{"index":"index","follow":"follow","max-snippet":"max-snippet:-1","max-image-preview":"max-image-preview:large","max-video-preview":"max-video-preview:-1"},"canonical":"https:\/\/turijnmagazijn.nl\/de\/produkt\/computer-elektrische-fenster-steuerung-lancia-delta-ii-kappa-alfa-166\/","og_locale":"de_DE","og_type":"article","og_title":"Elektrische Fensterhebersteuerung Lancia Delta II Kappa Alfa 166 - Turijnmagazijn","og_description":"Elektrische Fensterhebersteuerung Lancia Delta II Kappa Alfa 166 - Gebrauchtes Steuermodul f\u00fcr die elektrische Fensterhebersteuerung, Version mit gr\u00fcnem K\u00f6rper.","og_url":"https:\/\/turijnmagazijn.nl\/de\/produkt\/computer-elektrische-fenster-steuerung-lancia-delta-ii-kappa-alfa-166\/","og_site_name":"Turijnmagazijn","article_publisher":"https:\/\/www.facebook.com\/turijnmagazijn","article_modified_time":"2023-07-27T10:29:38+00:00","og_image":[{"width":1024,"height":768,"url":"https:\/\/turijnmagazijn.nl\/wp-content\/uploads\/2023\/03\/DK00102459-Computer-electrische-raambediening-Lancia-Delta-II-Kappa-Alfa-166-2.jpg","type":"image\/jpeg"}],"twitter_card":"summary_large_image","twitter_misc":{"Gesch\u00e4tzte Lesezeit":"1\u00a0Minute"},"schema":{"@context":"https:\/\/schema.org","@graph":[{"@type":"WebPage","@id":"https:\/\/turijnmagazijn.nl\/de\/produkt\/computer-elektrische-fenster-steuerung-lancia-delta-ii-kappa-alfa-166\/","url":"https:\/\/turijnmagazijn.nl\/de\/produkt\/computer-elektrische-fenster-steuerung-lancia-delta-ii-kappa-alfa-166\/","name":"Elektrische Fensterhebersteuerung Lancia Delta II Kappa Alfa 166 - Turijnmagazijn","isPartOf":{"@id":"https:\/\/turijnmagazijn.jumpstone-dev.nl\/#website"},"primaryImageOfPage":{"@id":"https:\/\/turijnmagazijn.nl\/de\/produkt\/computer-elektrische-fenster-steuerung-lancia-delta-ii-kappa-alfa-166\/#primaryimage"},"image":{"@id":"https:\/\/turijnmagazijn.nl\/de\/produkt\/computer-elektrische-fenster-steuerung-lancia-delta-ii-kappa-alfa-166\/#primaryimage"},"thumbnailUrl":"https:\/\/turijnmagazijn.nl\/wp-content\/uploads\/2023\/03\/DK00102459-Computer-electrische-raambediening-Lancia-Delta-II-Kappa-Alfa-166-2.jpg","datePublished":"2023-03-03T08:36:14+00:00","dateModified":"2023-07-27T10:29:38+00:00","breadcrumb":{"@id":"https:\/\/turijnmagazijn.nl\/de\/produkt\/computer-elektrische-fenster-steuerung-lancia-delta-ii-kappa-alfa-166\/#breadcrumb"},"inLanguage":"de","potentialAction":[{"@type":"ReadAction","target":["https:\/\/turijnmagazijn.nl\/de\/produkt\/computer-elektrische-fenster-steuerung-lancia-delta-ii-kappa-alfa-166\/"]}]},{"@type":"ImageObject","inLanguage":"de","@id":"https:\/\/turijnmagazijn.nl\/de\/produkt\/computer-elektrische-fenster-steuerung-lancia-delta-ii-kappa-alfa-166\/#primaryimage","url":"https:\/\/turijnmagazijn.nl\/wp-content\/uploads\/2023\/03\/DK00102459-Computer-electrische-raambediening-Lancia-Delta-II-Kappa-Alfa-166-2.jpg","contentUrl":"https:\/\/turijnmagazijn.nl\/wp-content\/uploads\/2023\/03\/DK00102459-Computer-electrische-raambediening-Lancia-Delta-II-Kappa-Alfa-166-2.jpg","width":1024,"height":768},{"@type":"BreadcrumbList","@id":"https:\/\/turijnmagazijn.nl\/de\/produkt\/computer-elektrische-fenster-steuerung-lancia-delta-ii-kappa-alfa-166\/#breadcrumb","itemListElement":[{"@type":"ListItem","position":1,"name":"Home","item":"https:\/\/turijnmagazijn.nl\/de\/"},{"@type":"ListItem","position":2,"name":"Produkte","item":"https:\/\/turijnmagazijn.nl\/de\/shop\/"},{"@type":"ListItem","position":3,"name":"Elektrische Fensterhebersteuerung Lancia Delta II Kappa Alfa 166"}]},{"@type":"WebSite","@id":"https:\/\/turijnmagazijn.jumpstone-dev.nl\/#website","url":"https:\/\/turijnmagazijn.jumpstone-dev.nl\/","name":"Turijnmagazijn","description":"Onderdelen nieuw en gebruikt - Fiat &amp; Lancia","publisher":{"@id":"https:\/\/turijnmagazijn.jumpstone-dev.nl\/#organization"},"potentialAction":[{"@type":"SearchAction","target":{"@type":"EntryPoint","urlTemplate":"https:\/\/turijnmagazijn.jumpstone-dev.nl\/?s={search_term_string}"},"query-input":{"@type":"PropertyValueSpecification","valueRequired":true,"valueName":"search_term_string"}}],"inLanguage":"de"},{"@type":"Organization","@id":"https:\/\/turijnmagazijn.jumpstone-dev.nl\/#organization","name":"Turijnmagazijn","url":"https:\/\/turijnmagazijn.jumpstone-dev.nl\/","logo":{"@type":"ImageObject","inLanguage":"de","@id":"https:\/\/turijnmagazijn.jumpstone-dev.nl\/#\/schema\/logo\/image\/","url":"https:\/\/turijnmagazijn.nl\/wp-content\/uploads\/2021\/02\/turijnmagazijnlogo.png","contentUrl":"https:\/\/turijnmagazijn.nl\/wp-content\/uploads\/2021\/02\/turijnmagazijnlogo.png","width":555,"height":270,"caption":"Turijnmagazijn"},"image":{"@id":"https:\/\/turijnmagazijn.jumpstone-dev.nl\/#\/schema\/logo\/image\/"},"sameAs":["https:\/\/www.facebook.com\/turijnmagazijn"]}]}},"_links":{"self":[{"href":"https:\/\/turijnmagazijn.nl\/de\/wp-json\/wp\/v2\/product\/65506","targetHints":{"allow":["GET"]}}],"collection":[{"href":"https:\/\/turijnmagazijn.nl\/de\/wp-json\/wp\/v2\/product"}],"about":[{"href":"https:\/\/turijnmagazijn.nl\/de\/wp-json\/wp\/v2\/types\/product"}],"replies":[{"embeddable":true,"href":"https:\/\/turijnmagazijn.nl\/de\/wp-json\/wp\/v2\/comments?post=65506"}],"wp:featuredmedia":[{"embeddable":true,"href":"https:\/\/turijnmagazijn.nl\/de\/wp-json\/wp\/v2\/media\/51237"}],"wp:attachment":[{"href":"https:\/\/turijnmagazijn.nl\/de\/wp-json\/wp\/v2\/media?parent=65506"}],"wp:term":[{"taxonomy":"product_brand","embeddable":true,"href":"https:\/\/turijnmagazijn.nl\/de\/wp-json\/wp\/v2\/product_brand?post=65506"},{"taxonomy":"product_cat","embeddable":true,"href":"https:\/\/turijnmagazijn.nl\/de\/wp-json\/wp\/v2\/product_cat?post=65506"},{"taxonomy":"product_tag","embeddable":true,"href":"https:\/\/turijnmagazijn.nl\/de\/wp-json\/wp\/v2\/product_tag?post=65506"}],"curies":[{"name":"wp","href":"https:\/\/api.w.org\/{rel}","templated":true}]}}