{"id":65533,"date":"2023-03-03T09:37:03","date_gmt":"2023-03-03T08:37:03","guid":{"rendered":"https:\/\/turijnmagazijn.nl\/product\/nebelscheinwerferrahmen-rechts-lancia-kappa-gruen\/"},"modified":"2023-08-23T19:55:36","modified_gmt":"2023-08-23T17:55:36","slug":"nebelscheinwerfer-rahmen-vorne-rechts-lancia-kappa-grun","status":"publish","type":"product","link":"https:\/\/turijnmagazijn.nl\/de\/produkt\/nebelscheinwerfer-rahmen-vorne-rechts-lancia-kappa-grun\/","title":{"rendered":"Nebelscheinwerferrahmen rechts Lancia Kappa Gr\u00fcn"},"content":{"rendered":"<p>Rahmen f\u00fcr die Montage in der vorderen Sto\u00dfstange um den Nebelscheinwerfer auf der rechten Seite f\u00fcr Lancia Kappa. Gilt f\u00fcr Limousine, Coup\u00e9 und SW. Der Rahmen ist in gutem Zustand und stammt von einer Limousine aus dem Jahr 1998. Die Frames links und rechts unterscheiden sich. Der Rahmen ist in Lackfarbe und in diesem Fall gr\u00fcn metallic der Farbcode ist unbekannt.&nbsp;<\/p>\n<p>Inschrift auf der Innenseite:&nbsp;<br \/>36760744<br \/>D<br \/>Carello (Begriffskl\u00e4rung<\/p>\n<p>OEM-Nummer Lancia&nbsp;<span style=\"line-height: normal; text-align: -webkit-right;\">5895393<\/span><\/p>\n","protected":false},"excerpt":{"rendered":"<p>Nebelscheinwerferrahmen rechts Lancia Kappa &#8211; Rahmen f\u00fcr die Montage in der vorderen Sto\u00dfstange um den Nebelscheinwerfer auf der rechten Seite f\u00fcr Lancia Kappa.Nebelscheinwerferrahmen rechts Lancia Kappa Schwarz &#8211; Rahmen f\u00fcr die Montage in der vorderen Sto\u00dfstange um den Nebelscheinwerfer rechts<\/p>\n","protected":false},"featured_media":51365,"comment_status":"open","ping_status":"closed","template":"","meta":{"_acf_changed":false},"product_brand":[],"product_cat":[1864,1867,1859,1797,1869],"product_tag":[],"class_list":{"0":"post-65533","1":"product","2":"type-product","3":"status-publish","4":"has-post-thumbnail","6":"product_cat-berlina-de","7":"product_cat-coupe-de","8":"product_cat-kappa-838-de","9":"product_cat-lancia-de","10":"product_cat-sw-de","11":"pa_soort-onderdeel-karosserie-und-blech","13":"first","14":"instock","15":"shipping-taxable","16":"purchasable","17":"product-type-simple"},"acf":[],"yoast_head":"<!-- This site is optimized with the Yoast SEO plugin v27.2 - https:\/\/yoast.com\/product\/yoast-seo-wordpress\/ -->\n<title>Nebelscheinwerferrahmen rechts Lancia Kappa Gr\u00fcn - Turijnmagazijn<\/title>\n<meta name=\"robots\" content=\"index, follow, max-snippet:-1, max-image-preview:large, max-video-preview:-1\" \/>\n<link rel=\"canonical\" href=\"https:\/\/turijnmagazijn.nl\/de\/produkt\/nebelscheinwerfer-rahmen-vorne-rechts-lancia-kappa-grun\/\" \/>\n<meta property=\"og:locale\" content=\"de_DE\" \/>\n<meta property=\"og:type\" content=\"article\" \/>\n<meta property=\"og:title\" content=\"Nebelscheinwerferrahmen rechts Lancia Kappa Gr\u00fcn - Turijnmagazijn\" \/>\n<meta property=\"og:description\" content=\"Nebelscheinwerferrahmen rechts Lancia Kappa - Rahmen f\u00fcr die Montage in der vorderen Sto\u00dfstange um den Nebelscheinwerfer auf der rechten Seite f\u00fcr Lancia Kappa.Nebelscheinwerferrahmen rechts Lancia Kappa Schwarz - Rahmen f\u00fcr die Montage in der vorderen Sto\u00dfstange um den Nebelscheinwerfer rechts\" \/>\n<meta property=\"og:url\" content=\"https:\/\/turijnmagazijn.nl\/de\/produkt\/nebelscheinwerfer-rahmen-vorne-rechts-lancia-kappa-grun\/\" \/>\n<meta property=\"og:site_name\" content=\"Turijnmagazijn\" \/>\n<meta property=\"article:publisher\" content=\"https:\/\/www.facebook.com\/turijnmagazijn\" \/>\n<meta property=\"article:modified_time\" content=\"2023-08-23T17:55:36+00:00\" \/>\n<meta property=\"og:image\" content=\"https:\/\/turijnmagazijn.nl\/wp-content\/uploads\/2023\/03\/DK00102465-Mistlampframe-voorzijde-rechts-Lancia-Kappa-Groen-3-1.jpg\" \/>\n\t<meta property=\"og:image:width\" content=\"1024\" \/>\n\t<meta property=\"og:image:height\" content=\"768\" \/>\n\t<meta property=\"og:image:type\" content=\"image\/jpeg\" \/>\n<meta name=\"twitter:card\" content=\"summary_large_image\" \/>\n<script type=\"application\/ld+json\" class=\"yoast-schema-graph\">{\"@context\":\"https:\/\/schema.org\",\"@graph\":[{\"@type\":\"WebPage\",\"@id\":\"https:\/\/turijnmagazijn.nl\/de\/produkt\/nebelscheinwerfer-rahmen-vorne-rechts-lancia-kappa-grun\/\",\"url\":\"https:\/\/turijnmagazijn.nl\/de\/produkt\/nebelscheinwerfer-rahmen-vorne-rechts-lancia-kappa-grun\/\",\"name\":\"Nebelscheinwerferrahmen rechts Lancia Kappa Gr\u00fcn - Turijnmagazijn\",\"isPartOf\":{\"@id\":\"https:\/\/turijnmagazijn.jumpstone-dev.nl\/#website\"},\"primaryImageOfPage\":{\"@id\":\"https:\/\/turijnmagazijn.nl\/de\/produkt\/nebelscheinwerfer-rahmen-vorne-rechts-lancia-kappa-grun\/#primaryimage\"},\"image\":{\"@id\":\"https:\/\/turijnmagazijn.nl\/de\/produkt\/nebelscheinwerfer-rahmen-vorne-rechts-lancia-kappa-grun\/#primaryimage\"},\"thumbnailUrl\":\"https:\/\/turijnmagazijn.nl\/wp-content\/uploads\/2023\/03\/DK00102465-Mistlampframe-voorzijde-rechts-Lancia-Kappa-Groen-3-1.jpg\",\"datePublished\":\"2023-03-03T08:37:03+00:00\",\"dateModified\":\"2023-08-23T17:55:36+00:00\",\"breadcrumb\":{\"@id\":\"https:\/\/turijnmagazijn.nl\/de\/produkt\/nebelscheinwerfer-rahmen-vorne-rechts-lancia-kappa-grun\/#breadcrumb\"},\"inLanguage\":\"de\",\"potentialAction\":[{\"@type\":\"ReadAction\",\"target\":[\"https:\/\/turijnmagazijn.nl\/de\/produkt\/nebelscheinwerfer-rahmen-vorne-rechts-lancia-kappa-grun\/\"]}]},{\"@type\":\"ImageObject\",\"inLanguage\":\"de\",\"@id\":\"https:\/\/turijnmagazijn.nl\/de\/produkt\/nebelscheinwerfer-rahmen-vorne-rechts-lancia-kappa-grun\/#primaryimage\",\"url\":\"https:\/\/turijnmagazijn.nl\/wp-content\/uploads\/2023\/03\/DK00102465-Mistlampframe-voorzijde-rechts-Lancia-Kappa-Groen-3-1.jpg\",\"contentUrl\":\"https:\/\/turijnmagazijn.nl\/wp-content\/uploads\/2023\/03\/DK00102465-Mistlampframe-voorzijde-rechts-Lancia-Kappa-Groen-3-1.jpg\",\"width\":1024,\"height\":768},{\"@type\":\"BreadcrumbList\",\"@id\":\"https:\/\/turijnmagazijn.nl\/de\/produkt\/nebelscheinwerfer-rahmen-vorne-rechts-lancia-kappa-grun\/#breadcrumb\",\"itemListElement\":[{\"@type\":\"ListItem\",\"position\":1,\"name\":\"Home\",\"item\":\"https:\/\/turijnmagazijn.jumpstone-dev.nl\/\"},{\"@type\":\"ListItem\",\"position\":2,\"name\":\"Produkte\",\"item\":\"https:\/\/turijnmagazijn.nl\/de\/shop\/\"},{\"@type\":\"ListItem\",\"position\":3,\"name\":\"Nebelscheinwerferrahmen rechts Lancia Kappa Gr\u00fcn\"}]},{\"@type\":\"WebSite\",\"@id\":\"https:\/\/turijnmagazijn.jumpstone-dev.nl\/#website\",\"url\":\"https:\/\/turijnmagazijn.jumpstone-dev.nl\/\",\"name\":\"Turijnmagazijn\",\"description\":\"Onderdelen nieuw en gebruikt - Fiat &amp; Lancia\",\"publisher\":{\"@id\":\"https:\/\/turijnmagazijn.jumpstone-dev.nl\/#organization\"},\"potentialAction\":[{\"@type\":\"SearchAction\",\"target\":{\"@type\":\"EntryPoint\",\"urlTemplate\":\"https:\/\/turijnmagazijn.jumpstone-dev.nl\/?s={search_term_string}\"},\"query-input\":{\"@type\":\"PropertyValueSpecification\",\"valueRequired\":true,\"valueName\":\"search_term_string\"}}],\"inLanguage\":\"de\"},{\"@type\":\"Organization\",\"@id\":\"https:\/\/turijnmagazijn.jumpstone-dev.nl\/#organization\",\"name\":\"Turijnmagazijn\",\"url\":\"https:\/\/turijnmagazijn.jumpstone-dev.nl\/\",\"logo\":{\"@type\":\"ImageObject\",\"inLanguage\":\"de\",\"@id\":\"https:\/\/turijnmagazijn.jumpstone-dev.nl\/#\/schema\/logo\/image\/\",\"url\":\"https:\/\/turijnmagazijn.nl\/wp-content\/uploads\/2021\/02\/turijnmagazijnlogo.png\",\"contentUrl\":\"https:\/\/turijnmagazijn.nl\/wp-content\/uploads\/2021\/02\/turijnmagazijnlogo.png\",\"width\":555,\"height\":270,\"caption\":\"Turijnmagazijn\"},\"image\":{\"@id\":\"https:\/\/turijnmagazijn.jumpstone-dev.nl\/#\/schema\/logo\/image\/\"},\"sameAs\":[\"https:\/\/www.facebook.com\/turijnmagazijn\"]}]}<\/script>\n<!-- \/ Yoast SEO plugin. -->","yoast_head_json":{"title":"Nebelscheinwerferrahmen rechts Lancia Kappa Gr\u00fcn - Turijnmagazijn","robots":{"index":"index","follow":"follow","max-snippet":"max-snippet:-1","max-image-preview":"max-image-preview:large","max-video-preview":"max-video-preview:-1"},"canonical":"https:\/\/turijnmagazijn.nl\/de\/produkt\/nebelscheinwerfer-rahmen-vorne-rechts-lancia-kappa-grun\/","og_locale":"de_DE","og_type":"article","og_title":"Nebelscheinwerferrahmen rechts Lancia Kappa Gr\u00fcn - Turijnmagazijn","og_description":"Nebelscheinwerferrahmen rechts Lancia Kappa - Rahmen f\u00fcr die Montage in der vorderen Sto\u00dfstange um den Nebelscheinwerfer auf der rechten Seite f\u00fcr Lancia Kappa.Nebelscheinwerferrahmen rechts Lancia Kappa Schwarz - Rahmen f\u00fcr die Montage in der vorderen Sto\u00dfstange um den Nebelscheinwerfer rechts","og_url":"https:\/\/turijnmagazijn.nl\/de\/produkt\/nebelscheinwerfer-rahmen-vorne-rechts-lancia-kappa-grun\/","og_site_name":"Turijnmagazijn","article_publisher":"https:\/\/www.facebook.com\/turijnmagazijn","article_modified_time":"2023-08-23T17:55:36+00:00","og_image":[{"width":1024,"height":768,"url":"https:\/\/turijnmagazijn.nl\/wp-content\/uploads\/2023\/03\/DK00102465-Mistlampframe-voorzijde-rechts-Lancia-Kappa-Groen-3-1.jpg","type":"image\/jpeg"}],"twitter_card":"summary_large_image","schema":{"@context":"https:\/\/schema.org","@graph":[{"@type":"WebPage","@id":"https:\/\/turijnmagazijn.nl\/de\/produkt\/nebelscheinwerfer-rahmen-vorne-rechts-lancia-kappa-grun\/","url":"https:\/\/turijnmagazijn.nl\/de\/produkt\/nebelscheinwerfer-rahmen-vorne-rechts-lancia-kappa-grun\/","name":"Nebelscheinwerferrahmen rechts Lancia Kappa Gr\u00fcn - Turijnmagazijn","isPartOf":{"@id":"https:\/\/turijnmagazijn.jumpstone-dev.nl\/#website"},"primaryImageOfPage":{"@id":"https:\/\/turijnmagazijn.nl\/de\/produkt\/nebelscheinwerfer-rahmen-vorne-rechts-lancia-kappa-grun\/#primaryimage"},"image":{"@id":"https:\/\/turijnmagazijn.nl\/de\/produkt\/nebelscheinwerfer-rahmen-vorne-rechts-lancia-kappa-grun\/#primaryimage"},"thumbnailUrl":"https:\/\/turijnmagazijn.nl\/wp-content\/uploads\/2023\/03\/DK00102465-Mistlampframe-voorzijde-rechts-Lancia-Kappa-Groen-3-1.jpg","datePublished":"2023-03-03T08:37:03+00:00","dateModified":"2023-08-23T17:55:36+00:00","breadcrumb":{"@id":"https:\/\/turijnmagazijn.nl\/de\/produkt\/nebelscheinwerfer-rahmen-vorne-rechts-lancia-kappa-grun\/#breadcrumb"},"inLanguage":"de","potentialAction":[{"@type":"ReadAction","target":["https:\/\/turijnmagazijn.nl\/de\/produkt\/nebelscheinwerfer-rahmen-vorne-rechts-lancia-kappa-grun\/"]}]},{"@type":"ImageObject","inLanguage":"de","@id":"https:\/\/turijnmagazijn.nl\/de\/produkt\/nebelscheinwerfer-rahmen-vorne-rechts-lancia-kappa-grun\/#primaryimage","url":"https:\/\/turijnmagazijn.nl\/wp-content\/uploads\/2023\/03\/DK00102465-Mistlampframe-voorzijde-rechts-Lancia-Kappa-Groen-3-1.jpg","contentUrl":"https:\/\/turijnmagazijn.nl\/wp-content\/uploads\/2023\/03\/DK00102465-Mistlampframe-voorzijde-rechts-Lancia-Kappa-Groen-3-1.jpg","width":1024,"height":768},{"@type":"BreadcrumbList","@id":"https:\/\/turijnmagazijn.nl\/de\/produkt\/nebelscheinwerfer-rahmen-vorne-rechts-lancia-kappa-grun\/#breadcrumb","itemListElement":[{"@type":"ListItem","position":1,"name":"Home","item":"https:\/\/turijnmagazijn.jumpstone-dev.nl\/"},{"@type":"ListItem","position":2,"name":"Produkte","item":"https:\/\/turijnmagazijn.nl\/de\/shop\/"},{"@type":"ListItem","position":3,"name":"Nebelscheinwerferrahmen rechts Lancia Kappa Gr\u00fcn"}]},{"@type":"WebSite","@id":"https:\/\/turijnmagazijn.jumpstone-dev.nl\/#website","url":"https:\/\/turijnmagazijn.jumpstone-dev.nl\/","name":"Turijnmagazijn","description":"Onderdelen nieuw en gebruikt - Fiat &amp; Lancia","publisher":{"@id":"https:\/\/turijnmagazijn.jumpstone-dev.nl\/#organization"},"potentialAction":[{"@type":"SearchAction","target":{"@type":"EntryPoint","urlTemplate":"https:\/\/turijnmagazijn.jumpstone-dev.nl\/?s={search_term_string}"},"query-input":{"@type":"PropertyValueSpecification","valueRequired":true,"valueName":"search_term_string"}}],"inLanguage":"de"},{"@type":"Organization","@id":"https:\/\/turijnmagazijn.jumpstone-dev.nl\/#organization","name":"Turijnmagazijn","url":"https:\/\/turijnmagazijn.jumpstone-dev.nl\/","logo":{"@type":"ImageObject","inLanguage":"de","@id":"https:\/\/turijnmagazijn.jumpstone-dev.nl\/#\/schema\/logo\/image\/","url":"https:\/\/turijnmagazijn.nl\/wp-content\/uploads\/2021\/02\/turijnmagazijnlogo.png","contentUrl":"https:\/\/turijnmagazijn.nl\/wp-content\/uploads\/2021\/02\/turijnmagazijnlogo.png","width":555,"height":270,"caption":"Turijnmagazijn"},"image":{"@id":"https:\/\/turijnmagazijn.jumpstone-dev.nl\/#\/schema\/logo\/image\/"},"sameAs":["https:\/\/www.facebook.com\/turijnmagazijn"]}]}},"_links":{"self":[{"href":"https:\/\/turijnmagazijn.nl\/de\/wp-json\/wp\/v2\/product\/65533","targetHints":{"allow":["GET"]}}],"collection":[{"href":"https:\/\/turijnmagazijn.nl\/de\/wp-json\/wp\/v2\/product"}],"about":[{"href":"https:\/\/turijnmagazijn.nl\/de\/wp-json\/wp\/v2\/types\/product"}],"replies":[{"embeddable":true,"href":"https:\/\/turijnmagazijn.nl\/de\/wp-json\/wp\/v2\/comments?post=65533"}],"wp:featuredmedia":[{"embeddable":true,"href":"https:\/\/turijnmagazijn.nl\/de\/wp-json\/wp\/v2\/media\/51365"}],"wp:attachment":[{"href":"https:\/\/turijnmagazijn.nl\/de\/wp-json\/wp\/v2\/media?parent=65533"}],"wp:term":[{"taxonomy":"product_brand","embeddable":true,"href":"https:\/\/turijnmagazijn.nl\/de\/wp-json\/wp\/v2\/product_brand?post=65533"},{"taxonomy":"product_cat","embeddable":true,"href":"https:\/\/turijnmagazijn.nl\/de\/wp-json\/wp\/v2\/product_cat?post=65533"},{"taxonomy":"product_tag","embeddable":true,"href":"https:\/\/turijnmagazijn.nl\/de\/wp-json\/wp\/v2\/product_tag?post=65533"}],"curies":[{"name":"wp","href":"https:\/\/api.w.org\/{rel}","templated":true}]}}