{"id":65660,"date":"2023-03-03T09:43:01","date_gmt":"2023-03-03T08:43:01","guid":{"rendered":"https:\/\/turijnmagazijn.nl\/product\/schalter-tankventiloeffner-asr-str-zentralverriegelung-alfa-166\/"},"modified":"2023-07-27T12:33:12","modified_gmt":"2023-07-27T10:33:12","slug":"schalt-tank-ventil-offner-asr-str-zentralverriegelung-alfa-166","status":"publish","type":"product","link":"https:\/\/turijnmagazijn.nl\/de\/produkt\/schalt-tank-ventil-offner-asr-str-zentralverriegelung-alfa-166\/","title":{"rendered":"Schalter Tankventil\u00f6ffner ASR STR Zentralverriegelung Alfa 166"},"content":{"rendered":"<p>Schalter f\u00fcr das Armaturenbrett eines Alfa 166 von 1998 bis 2003. Es handelt sich um den Schalter zum \u00d6ffnen des Tankventils. Der Knopf ist in den mittleren Teil des Armaturenbretts in der N\u00e4he des Schalthebels eingebaut. Der Knopf stammt von einem Alfa 166 Baujahr 2001. Es gibt auch andere Funktionen, wie das Ein- und Ausschalten des ASR-Systems, die zentrale T\u00fcrverriegelung&nbsp;<span style=\"font-size: 12px;\">Ein-<\/span><span style=\"font-size: 12px;\">&nbsp;\/Ausschalten und STR sind ebenfalls in diesem Ger\u00e4t enthalten. &nbsp; Die Tasten sind abnehmbar und k\u00f6nnen \u00fcbertragen werden, falls nur der Kraftstoffventilknopf defekt ist.<\/span><\/p>\n<p>OEM Alfa Romeo 156025697<\/p>\n","protected":false},"excerpt":{"rendered":"<p>Schalter Tankventil\u00f6ffner Alfa 166 &#8211; Schalter f\u00fcr das Armaturenbrett eines Alfa 166 von 1998 bis 2003.Schalter Tankventil\u00f6ffner ASR STR Zentralverriegelung Alfa 166 &#8211; Schalter f\u00fcr das Armaturenbrett eines Alfa 166 von 1998 bis 2003.<\/p>\n","protected":false},"featured_media":52097,"comment_status":"open","ping_status":"closed","template":"","meta":{"_acf_changed":false},"product_brand":[],"product_cat":[1651,1584],"product_tag":[],"class_list":{"0":"post-65660","1":"product","2":"type-product","3":"status-publish","4":"has-post-thumbnail","6":"product_cat-166-936-de","7":"product_cat-alfa-romeo-de","8":"pa_soort-onderdeel-elektronik-und-kabel","10":"first","11":"instock","12":"shipping-taxable","13":"purchasable","14":"product-type-simple"},"acf":[],"yoast_head":"<!-- This site is optimized with the Yoast SEO plugin v27.3 - https:\/\/yoast.com\/product\/yoast-seo-wordpress\/ -->\n<title>Schalter Tankventil\u00f6ffner ASR STR Zentralverriegelung Alfa 166 - Turijnmagazijn<\/title>\n<meta name=\"robots\" content=\"index, follow, max-snippet:-1, max-image-preview:large, max-video-preview:-1\" \/>\n<link rel=\"canonical\" href=\"https:\/\/turijnmagazijn.nl\/de\/produkt\/schalt-tank-ventil-offner-asr-str-zentralverriegelung-alfa-166\/\" \/>\n<meta property=\"og:locale\" content=\"de_DE\" \/>\n<meta property=\"og:type\" content=\"article\" \/>\n<meta property=\"og:title\" content=\"Schalter Tankventil\u00f6ffner ASR STR Zentralverriegelung Alfa 166 - Turijnmagazijn\" \/>\n<meta property=\"og:description\" content=\"Schalter Tankventil\u00f6ffner Alfa 166 - Schalter f\u00fcr das Armaturenbrett eines Alfa 166 von 1998 bis 2003.Schalter Tankventil\u00f6ffner ASR STR Zentralverriegelung Alfa 166 - Schalter f\u00fcr das Armaturenbrett eines Alfa 166 von 1998 bis 2003.\" \/>\n<meta property=\"og:url\" content=\"https:\/\/turijnmagazijn.nl\/de\/produkt\/schalt-tank-ventil-offner-asr-str-zentralverriegelung-alfa-166\/\" \/>\n<meta property=\"og:site_name\" content=\"Turijnmagazijn\" \/>\n<meta property=\"article:publisher\" content=\"https:\/\/www.facebook.com\/turijnmagazijn\" \/>\n<meta property=\"article:modified_time\" content=\"2023-07-27T10:33:12+00:00\" \/>\n<meta property=\"og:image\" content=\"https:\/\/turijnmagazijn.nl\/wp-content\/uploads\/2023\/03\/DK00101579_Schakelaar_tankklep-opener_ASR_STR_centrale_vergrendeling_Alfa_166_4-1.jpg\" \/>\n\t<meta property=\"og:image:width\" content=\"800\" \/>\n\t<meta property=\"og:image:height\" content=\"600\" \/>\n\t<meta property=\"og:image:type\" content=\"image\/jpeg\" \/>\n<meta name=\"twitter:card\" content=\"summary_large_image\" \/>\n<script type=\"application\/ld+json\" class=\"yoast-schema-graph\">{\"@context\":\"https:\\\/\\\/schema.org\",\"@graph\":[{\"@type\":\"WebPage\",\"@id\":\"https:\\\/\\\/turijnmagazijn.nl\\\/de\\\/produkt\\\/schalt-tank-ventil-offner-asr-str-zentralverriegelung-alfa-166\\\/\",\"url\":\"https:\\\/\\\/turijnmagazijn.nl\\\/de\\\/produkt\\\/schalt-tank-ventil-offner-asr-str-zentralverriegelung-alfa-166\\\/\",\"name\":\"Schalter Tankventil\u00f6ffner ASR STR Zentralverriegelung Alfa 166 - Turijnmagazijn\",\"isPartOf\":{\"@id\":\"https:\\\/\\\/turijnmagazijn.jumpstone-dev.nl\\\/#website\"},\"primaryImageOfPage\":{\"@id\":\"https:\\\/\\\/turijnmagazijn.nl\\\/de\\\/produkt\\\/schalt-tank-ventil-offner-asr-str-zentralverriegelung-alfa-166\\\/#primaryimage\"},\"image\":{\"@id\":\"https:\\\/\\\/turijnmagazijn.nl\\\/de\\\/produkt\\\/schalt-tank-ventil-offner-asr-str-zentralverriegelung-alfa-166\\\/#primaryimage\"},\"thumbnailUrl\":\"https:\\\/\\\/turijnmagazijn.nl\\\/wp-content\\\/uploads\\\/2023\\\/03\\\/DK00101579_Schakelaar_tankklep-opener_ASR_STR_centrale_vergrendeling_Alfa_166_4-1.jpg\",\"datePublished\":\"2023-03-03T08:43:01+00:00\",\"dateModified\":\"2023-07-27T10:33:12+00:00\",\"breadcrumb\":{\"@id\":\"https:\\\/\\\/turijnmagazijn.nl\\\/de\\\/produkt\\\/schalt-tank-ventil-offner-asr-str-zentralverriegelung-alfa-166\\\/#breadcrumb\"},\"inLanguage\":\"de\",\"potentialAction\":[{\"@type\":\"ReadAction\",\"target\":[\"https:\\\/\\\/turijnmagazijn.nl\\\/de\\\/produkt\\\/schalt-tank-ventil-offner-asr-str-zentralverriegelung-alfa-166\\\/\"]}]},{\"@type\":\"ImageObject\",\"inLanguage\":\"de\",\"@id\":\"https:\\\/\\\/turijnmagazijn.nl\\\/de\\\/produkt\\\/schalt-tank-ventil-offner-asr-str-zentralverriegelung-alfa-166\\\/#primaryimage\",\"url\":\"https:\\\/\\\/turijnmagazijn.nl\\\/wp-content\\\/uploads\\\/2023\\\/03\\\/DK00101579_Schakelaar_tankklep-opener_ASR_STR_centrale_vergrendeling_Alfa_166_4-1.jpg\",\"contentUrl\":\"https:\\\/\\\/turijnmagazijn.nl\\\/wp-content\\\/uploads\\\/2023\\\/03\\\/DK00101579_Schakelaar_tankklep-opener_ASR_STR_centrale_vergrendeling_Alfa_166_4-1.jpg\",\"width\":800,\"height\":600},{\"@type\":\"BreadcrumbList\",\"@id\":\"https:\\\/\\\/turijnmagazijn.nl\\\/de\\\/produkt\\\/schalt-tank-ventil-offner-asr-str-zentralverriegelung-alfa-166\\\/#breadcrumb\",\"itemListElement\":[{\"@type\":\"ListItem\",\"position\":1,\"name\":\"Home\",\"item\":\"https:\\\/\\\/turijnmagazijn.nl\\\/de\\\/\"},{\"@type\":\"ListItem\",\"position\":2,\"name\":\"Produkte\",\"item\":\"https:\\\/\\\/turijnmagazijn.nl\\\/de\\\/shop\\\/\"},{\"@type\":\"ListItem\",\"position\":3,\"name\":\"Schalter Tankventil\u00f6ffner ASR STR Zentralverriegelung Alfa 166\"}]},{\"@type\":\"WebSite\",\"@id\":\"https:\\\/\\\/turijnmagazijn.jumpstone-dev.nl\\\/#website\",\"url\":\"https:\\\/\\\/turijnmagazijn.jumpstone-dev.nl\\\/\",\"name\":\"Turijnmagazijn\",\"description\":\"Onderdelen nieuw en gebruikt - Fiat &amp; Lancia\",\"publisher\":{\"@id\":\"https:\\\/\\\/turijnmagazijn.jumpstone-dev.nl\\\/#organization\"},\"potentialAction\":[{\"@type\":\"SearchAction\",\"target\":{\"@type\":\"EntryPoint\",\"urlTemplate\":\"https:\\\/\\\/turijnmagazijn.jumpstone-dev.nl\\\/?s={search_term_string}\"},\"query-input\":{\"@type\":\"PropertyValueSpecification\",\"valueRequired\":true,\"valueName\":\"search_term_string\"}}],\"inLanguage\":\"de\"},{\"@type\":\"Organization\",\"@id\":\"https:\\\/\\\/turijnmagazijn.jumpstone-dev.nl\\\/#organization\",\"name\":\"Turijnmagazijn\",\"url\":\"https:\\\/\\\/turijnmagazijn.jumpstone-dev.nl\\\/\",\"logo\":{\"@type\":\"ImageObject\",\"inLanguage\":\"de\",\"@id\":\"https:\\\/\\\/turijnmagazijn.jumpstone-dev.nl\\\/#\\\/schema\\\/logo\\\/image\\\/\",\"url\":\"https:\\\/\\\/turijnmagazijn.nl\\\/wp-content\\\/uploads\\\/2021\\\/02\\\/turijnmagazijnlogo.png\",\"contentUrl\":\"https:\\\/\\\/turijnmagazijn.nl\\\/wp-content\\\/uploads\\\/2021\\\/02\\\/turijnmagazijnlogo.png\",\"width\":555,\"height\":270,\"caption\":\"Turijnmagazijn\"},\"image\":{\"@id\":\"https:\\\/\\\/turijnmagazijn.jumpstone-dev.nl\\\/#\\\/schema\\\/logo\\\/image\\\/\"},\"sameAs\":[\"https:\\\/\\\/www.facebook.com\\\/turijnmagazijn\"]}]}<\/script>\n<!-- \/ Yoast SEO plugin. -->","yoast_head_json":{"title":"Schalter Tankventil\u00f6ffner ASR STR Zentralverriegelung Alfa 166 - Turijnmagazijn","robots":{"index":"index","follow":"follow","max-snippet":"max-snippet:-1","max-image-preview":"max-image-preview:large","max-video-preview":"max-video-preview:-1"},"canonical":"https:\/\/turijnmagazijn.nl\/de\/produkt\/schalt-tank-ventil-offner-asr-str-zentralverriegelung-alfa-166\/","og_locale":"de_DE","og_type":"article","og_title":"Schalter Tankventil\u00f6ffner ASR STR Zentralverriegelung Alfa 166 - Turijnmagazijn","og_description":"Schalter Tankventil\u00f6ffner Alfa 166 - Schalter f\u00fcr das Armaturenbrett eines Alfa 166 von 1998 bis 2003.Schalter Tankventil\u00f6ffner ASR STR Zentralverriegelung Alfa 166 - Schalter f\u00fcr das Armaturenbrett eines Alfa 166 von 1998 bis 2003.","og_url":"https:\/\/turijnmagazijn.nl\/de\/produkt\/schalt-tank-ventil-offner-asr-str-zentralverriegelung-alfa-166\/","og_site_name":"Turijnmagazijn","article_publisher":"https:\/\/www.facebook.com\/turijnmagazijn","article_modified_time":"2023-07-27T10:33:12+00:00","og_image":[{"width":800,"height":600,"url":"https:\/\/turijnmagazijn.nl\/wp-content\/uploads\/2023\/03\/DK00101579_Schakelaar_tankklep-opener_ASR_STR_centrale_vergrendeling_Alfa_166_4-1.jpg","type":"image\/jpeg"}],"twitter_card":"summary_large_image","schema":{"@context":"https:\/\/schema.org","@graph":[{"@type":"WebPage","@id":"https:\/\/turijnmagazijn.nl\/de\/produkt\/schalt-tank-ventil-offner-asr-str-zentralverriegelung-alfa-166\/","url":"https:\/\/turijnmagazijn.nl\/de\/produkt\/schalt-tank-ventil-offner-asr-str-zentralverriegelung-alfa-166\/","name":"Schalter Tankventil\u00f6ffner ASR STR Zentralverriegelung Alfa 166 - Turijnmagazijn","isPartOf":{"@id":"https:\/\/turijnmagazijn.jumpstone-dev.nl\/#website"},"primaryImageOfPage":{"@id":"https:\/\/turijnmagazijn.nl\/de\/produkt\/schalt-tank-ventil-offner-asr-str-zentralverriegelung-alfa-166\/#primaryimage"},"image":{"@id":"https:\/\/turijnmagazijn.nl\/de\/produkt\/schalt-tank-ventil-offner-asr-str-zentralverriegelung-alfa-166\/#primaryimage"},"thumbnailUrl":"https:\/\/turijnmagazijn.nl\/wp-content\/uploads\/2023\/03\/DK00101579_Schakelaar_tankklep-opener_ASR_STR_centrale_vergrendeling_Alfa_166_4-1.jpg","datePublished":"2023-03-03T08:43:01+00:00","dateModified":"2023-07-27T10:33:12+00:00","breadcrumb":{"@id":"https:\/\/turijnmagazijn.nl\/de\/produkt\/schalt-tank-ventil-offner-asr-str-zentralverriegelung-alfa-166\/#breadcrumb"},"inLanguage":"de","potentialAction":[{"@type":"ReadAction","target":["https:\/\/turijnmagazijn.nl\/de\/produkt\/schalt-tank-ventil-offner-asr-str-zentralverriegelung-alfa-166\/"]}]},{"@type":"ImageObject","inLanguage":"de","@id":"https:\/\/turijnmagazijn.nl\/de\/produkt\/schalt-tank-ventil-offner-asr-str-zentralverriegelung-alfa-166\/#primaryimage","url":"https:\/\/turijnmagazijn.nl\/wp-content\/uploads\/2023\/03\/DK00101579_Schakelaar_tankklep-opener_ASR_STR_centrale_vergrendeling_Alfa_166_4-1.jpg","contentUrl":"https:\/\/turijnmagazijn.nl\/wp-content\/uploads\/2023\/03\/DK00101579_Schakelaar_tankklep-opener_ASR_STR_centrale_vergrendeling_Alfa_166_4-1.jpg","width":800,"height":600},{"@type":"BreadcrumbList","@id":"https:\/\/turijnmagazijn.nl\/de\/produkt\/schalt-tank-ventil-offner-asr-str-zentralverriegelung-alfa-166\/#breadcrumb","itemListElement":[{"@type":"ListItem","position":1,"name":"Home","item":"https:\/\/turijnmagazijn.nl\/de\/"},{"@type":"ListItem","position":2,"name":"Produkte","item":"https:\/\/turijnmagazijn.nl\/de\/shop\/"},{"@type":"ListItem","position":3,"name":"Schalter Tankventil\u00f6ffner ASR STR Zentralverriegelung Alfa 166"}]},{"@type":"WebSite","@id":"https:\/\/turijnmagazijn.jumpstone-dev.nl\/#website","url":"https:\/\/turijnmagazijn.jumpstone-dev.nl\/","name":"Turijnmagazijn","description":"Onderdelen nieuw en gebruikt - Fiat &amp; Lancia","publisher":{"@id":"https:\/\/turijnmagazijn.jumpstone-dev.nl\/#organization"},"potentialAction":[{"@type":"SearchAction","target":{"@type":"EntryPoint","urlTemplate":"https:\/\/turijnmagazijn.jumpstone-dev.nl\/?s={search_term_string}"},"query-input":{"@type":"PropertyValueSpecification","valueRequired":true,"valueName":"search_term_string"}}],"inLanguage":"de"},{"@type":"Organization","@id":"https:\/\/turijnmagazijn.jumpstone-dev.nl\/#organization","name":"Turijnmagazijn","url":"https:\/\/turijnmagazijn.jumpstone-dev.nl\/","logo":{"@type":"ImageObject","inLanguage":"de","@id":"https:\/\/turijnmagazijn.jumpstone-dev.nl\/#\/schema\/logo\/image\/","url":"https:\/\/turijnmagazijn.nl\/wp-content\/uploads\/2021\/02\/turijnmagazijnlogo.png","contentUrl":"https:\/\/turijnmagazijn.nl\/wp-content\/uploads\/2021\/02\/turijnmagazijnlogo.png","width":555,"height":270,"caption":"Turijnmagazijn"},"image":{"@id":"https:\/\/turijnmagazijn.jumpstone-dev.nl\/#\/schema\/logo\/image\/"},"sameAs":["https:\/\/www.facebook.com\/turijnmagazijn"]}]}},"_links":{"self":[{"href":"https:\/\/turijnmagazijn.nl\/de\/wp-json\/wp\/v2\/product\/65660","targetHints":{"allow":["GET"]}}],"collection":[{"href":"https:\/\/turijnmagazijn.nl\/de\/wp-json\/wp\/v2\/product"}],"about":[{"href":"https:\/\/turijnmagazijn.nl\/de\/wp-json\/wp\/v2\/types\/product"}],"replies":[{"embeddable":true,"href":"https:\/\/turijnmagazijn.nl\/de\/wp-json\/wp\/v2\/comments?post=65660"}],"wp:featuredmedia":[{"embeddable":true,"href":"https:\/\/turijnmagazijn.nl\/de\/wp-json\/wp\/v2\/media\/52097"}],"wp:attachment":[{"href":"https:\/\/turijnmagazijn.nl\/de\/wp-json\/wp\/v2\/media?parent=65660"}],"wp:term":[{"taxonomy":"product_brand","embeddable":true,"href":"https:\/\/turijnmagazijn.nl\/de\/wp-json\/wp\/v2\/product_brand?post=65660"},{"taxonomy":"product_cat","embeddable":true,"href":"https:\/\/turijnmagazijn.nl\/de\/wp-json\/wp\/v2\/product_cat?post=65660"},{"taxonomy":"product_tag","embeddable":true,"href":"https:\/\/turijnmagazijn.nl\/de\/wp-json\/wp\/v2\/product_tag?post=65660"}],"curies":[{"name":"wp","href":"https:\/\/api.w.org\/{rel}","templated":true}]}}