{"id":65669,"date":"2023-03-03T09:45:03","date_gmt":"2023-03-03T08:45:03","guid":{"rendered":"https:\/\/turijnmagazijn.nl\/product\/blinkleuchte-kotfluegel-links-alfa-166-neu\/"},"modified":"2025-05-29T16:29:38","modified_gmt":"2025-05-29T14:29:38","slug":"blinkende-leuchte-kotflugel-links-alfa-166-neu","status":"publish","type":"product","link":"https:\/\/turijnmagazijn.nl\/de\/produkt\/blinkende-leuchte-kotflugel-links-alfa-166-neu\/","title":{"rendered":"Blinkleuchte Kotfl\u00fcgel links Alfa 166 -NEU-"},"content":{"rendered":"<p>Ein wei\u00dfes Blinklicht auf der linken Seite (Fahrerseite) des Alfa Romeo 166.<\/p>\n<p style=\"margin-bottom: 10px;\">Ein neues wei\u00dfes Blinklicht in Originalverpackung zur Montage im Kotfl\u00fcgel auf der linken Seite f\u00fcr Alfa Romeo 166.<\/p>\n<p style=\"margin-bottom: 10px;\">Dies ist eine originale Olsa-Lampe mit Alfa Romeo-Logo im Glas. Komplett mit Armatur, ohne Licht.<\/p>\n<p style=\"margin-bottom: 10px;\">Das Ger\u00e4t ist neu. Gilt f\u00fcr alle Arten von Alfa 166.<\/p>\n<p>WY5W<\/p>\n<p>OLSA<\/p>\n<p>OEM-Nummer Alfa Romeo 60597300<\/p>\n","protected":false},"excerpt":{"rendered":"<p>60597300 Seitliches Blinklicht auf der linken Seite Alfa 166 &#8211; Ein wei\u00dfes Blinklicht auf der linken Seite (Fahrerseite) des Alfa Romeo 166.Blinklicht Seitenscheibe links Alfa 166 &#8211; Ein wei\u00dfes Blinklicht f\u00fcr die linke Seite (Fahrerseite) des Alfa Romeo 166.Blinklicht<\/p>\n","protected":false},"featured_media":52337,"comment_status":"open","ping_status":"closed","template":"","meta":{"_acf_changed":false},"product_brand":[],"product_cat":[1651,1584],"product_tag":[],"class_list":{"0":"post-65669","1":"product","2":"type-product","3":"status-publish","4":"has-post-thumbnail","6":"product_cat-166-936-de","7":"product_cat-alfa-romeo-de","8":"pa_soort-onderdeel-beleuchtung","10":"first","11":"instock","12":"taxable","13":"shipping-taxable","14":"purchasable","15":"product-type-simple"},"acf":[],"yoast_head":"<!-- This site is optimized with the Yoast SEO plugin v27.2 - https:\/\/yoast.com\/product\/yoast-seo-wordpress\/ -->\n<title>Blinkleuchte Kotfl\u00fcgel links Alfa 166 -NEU- Turijnmagazijn<\/title>\n<meta name=\"robots\" content=\"index, follow, max-snippet:-1, max-image-preview:large, max-video-preview:-1\" \/>\n<link rel=\"canonical\" href=\"https:\/\/turijnmagazijn.nl\/de\/produkt\/blinkende-leuchte-kotflugel-links-alfa-166-neu\/\" \/>\n<meta property=\"og:locale\" content=\"de_DE\" \/>\n<meta property=\"og:type\" content=\"article\" \/>\n<meta property=\"og:title\" content=\"Blinkleuchte Kotfl\u00fcgel links Alfa 166 -NEU- Turijnmagazijn\" \/>\n<meta property=\"og:description\" content=\"60597300 Seitliches Blinklicht auf der linken Seite Alfa 166 - Ein wei\u00dfes Blinklicht auf der linken Seite (Fahrerseite) des Alfa Romeo 166.Blinklicht Seitenscheibe links Alfa 166 - Ein wei\u00dfes Blinklicht f\u00fcr die linke Seite (Fahrerseite) des Alfa Romeo 166.Blinklicht\" \/>\n<meta property=\"og:url\" content=\"https:\/\/turijnmagazijn.nl\/de\/produkt\/blinkende-leuchte-kotflugel-links-alfa-166-neu\/\" \/>\n<meta property=\"og:site_name\" content=\"Turijnmagazijn\" \/>\n<meta property=\"article:publisher\" content=\"https:\/\/www.facebook.com\/turijnmagazijn\" \/>\n<meta property=\"article:modified_time\" content=\"2025-05-29T14:29:38+00:00\" \/>\n<meta property=\"og:image\" content=\"https:\/\/turijnmagazijn.nl\/wp-content\/uploads\/2023\/03\/DN00100071-Knipperlicht-links-spatbord-Alfa-166-NIEUW-2-1.jpg\" \/>\n\t<meta property=\"og:image:width\" content=\"1024\" \/>\n\t<meta property=\"og:image:height\" content=\"768\" \/>\n\t<meta property=\"og:image:type\" content=\"image\/jpeg\" \/>\n<meta name=\"twitter:card\" content=\"summary_large_image\" \/>\n<script type=\"application\/ld+json\" class=\"yoast-schema-graph\">{\"@context\":\"https:\/\/schema.org\",\"@graph\":[{\"@type\":\"WebPage\",\"@id\":\"https:\/\/turijnmagazijn.nl\/de\/produkt\/blinkende-leuchte-kotflugel-links-alfa-166-neu\/\",\"url\":\"https:\/\/turijnmagazijn.nl\/de\/produkt\/blinkende-leuchte-kotflugel-links-alfa-166-neu\/\",\"name\":\"Blinkleuchte Kotfl\u00fcgel links Alfa 166 -NEU- Turijnmagazijn\",\"isPartOf\":{\"@id\":\"https:\/\/turijnmagazijn.jumpstone-dev.nl\/#website\"},\"primaryImageOfPage\":{\"@id\":\"https:\/\/turijnmagazijn.nl\/de\/produkt\/blinkende-leuchte-kotflugel-links-alfa-166-neu\/#primaryimage\"},\"image\":{\"@id\":\"https:\/\/turijnmagazijn.nl\/de\/produkt\/blinkende-leuchte-kotflugel-links-alfa-166-neu\/#primaryimage\"},\"thumbnailUrl\":\"https:\/\/turijnmagazijn.nl\/wp-content\/uploads\/2023\/03\/DN00100071-Knipperlicht-links-spatbord-Alfa-166-NIEUW-2-1.jpg\",\"datePublished\":\"2023-03-03T08:45:03+00:00\",\"dateModified\":\"2025-05-29T14:29:38+00:00\",\"breadcrumb\":{\"@id\":\"https:\/\/turijnmagazijn.nl\/de\/produkt\/blinkende-leuchte-kotflugel-links-alfa-166-neu\/#breadcrumb\"},\"inLanguage\":\"de\",\"potentialAction\":[{\"@type\":\"ReadAction\",\"target\":[\"https:\/\/turijnmagazijn.nl\/de\/produkt\/blinkende-leuchte-kotflugel-links-alfa-166-neu\/\"]}]},{\"@type\":\"ImageObject\",\"inLanguage\":\"de\",\"@id\":\"https:\/\/turijnmagazijn.nl\/de\/produkt\/blinkende-leuchte-kotflugel-links-alfa-166-neu\/#primaryimage\",\"url\":\"https:\/\/turijnmagazijn.nl\/wp-content\/uploads\/2023\/03\/DN00100071-Knipperlicht-links-spatbord-Alfa-166-NIEUW-2-1.jpg\",\"contentUrl\":\"https:\/\/turijnmagazijn.nl\/wp-content\/uploads\/2023\/03\/DN00100071-Knipperlicht-links-spatbord-Alfa-166-NIEUW-2-1.jpg\",\"width\":1024,\"height\":768},{\"@type\":\"BreadcrumbList\",\"@id\":\"https:\/\/turijnmagazijn.nl\/de\/produkt\/blinkende-leuchte-kotflugel-links-alfa-166-neu\/#breadcrumb\",\"itemListElement\":[{\"@type\":\"ListItem\",\"position\":1,\"name\":\"Home\",\"item\":\"https:\/\/turijnmagazijn.nl\/de\/\"},{\"@type\":\"ListItem\",\"position\":2,\"name\":\"Produkte\",\"item\":\"https:\/\/turijnmagazijn.nl\/de\/shop\/\"},{\"@type\":\"ListItem\",\"position\":3,\"name\":\"Blinkleuchte Kotfl\u00fcgel links Alfa 166 -NEU-\"}]},{\"@type\":\"WebSite\",\"@id\":\"https:\/\/turijnmagazijn.jumpstone-dev.nl\/#website\",\"url\":\"https:\/\/turijnmagazijn.jumpstone-dev.nl\/\",\"name\":\"Turijnmagazijn\",\"description\":\"Onderdelen nieuw en gebruikt - Fiat &amp; Lancia\",\"publisher\":{\"@id\":\"https:\/\/turijnmagazijn.jumpstone-dev.nl\/#organization\"},\"potentialAction\":[{\"@type\":\"SearchAction\",\"target\":{\"@type\":\"EntryPoint\",\"urlTemplate\":\"https:\/\/turijnmagazijn.jumpstone-dev.nl\/?s={search_term_string}\"},\"query-input\":{\"@type\":\"PropertyValueSpecification\",\"valueRequired\":true,\"valueName\":\"search_term_string\"}}],\"inLanguage\":\"de\"},{\"@type\":\"Organization\",\"@id\":\"https:\/\/turijnmagazijn.jumpstone-dev.nl\/#organization\",\"name\":\"Turijnmagazijn\",\"url\":\"https:\/\/turijnmagazijn.jumpstone-dev.nl\/\",\"logo\":{\"@type\":\"ImageObject\",\"inLanguage\":\"de\",\"@id\":\"https:\/\/turijnmagazijn.jumpstone-dev.nl\/#\/schema\/logo\/image\/\",\"url\":\"https:\/\/turijnmagazijn.nl\/wp-content\/uploads\/2021\/02\/turijnmagazijnlogo.png\",\"contentUrl\":\"https:\/\/turijnmagazijn.nl\/wp-content\/uploads\/2021\/02\/turijnmagazijnlogo.png\",\"width\":555,\"height\":270,\"caption\":\"Turijnmagazijn\"},\"image\":{\"@id\":\"https:\/\/turijnmagazijn.jumpstone-dev.nl\/#\/schema\/logo\/image\/\"},\"sameAs\":[\"https:\/\/www.facebook.com\/turijnmagazijn\"]}]}<\/script>\n<!-- \/ Yoast SEO plugin. -->","yoast_head_json":{"title":"Blinkleuchte Kotfl\u00fcgel links Alfa 166 -NEU- Turijnmagazijn","robots":{"index":"index","follow":"follow","max-snippet":"max-snippet:-1","max-image-preview":"max-image-preview:large","max-video-preview":"max-video-preview:-1"},"canonical":"https:\/\/turijnmagazijn.nl\/de\/produkt\/blinkende-leuchte-kotflugel-links-alfa-166-neu\/","og_locale":"de_DE","og_type":"article","og_title":"Blinkleuchte Kotfl\u00fcgel links Alfa 166 -NEU- Turijnmagazijn","og_description":"60597300 Seitliches Blinklicht auf der linken Seite Alfa 166 - Ein wei\u00dfes Blinklicht auf der linken Seite (Fahrerseite) des Alfa Romeo 166.Blinklicht Seitenscheibe links Alfa 166 - Ein wei\u00dfes Blinklicht f\u00fcr die linke Seite (Fahrerseite) des Alfa Romeo 166.Blinklicht","og_url":"https:\/\/turijnmagazijn.nl\/de\/produkt\/blinkende-leuchte-kotflugel-links-alfa-166-neu\/","og_site_name":"Turijnmagazijn","article_publisher":"https:\/\/www.facebook.com\/turijnmagazijn","article_modified_time":"2025-05-29T14:29:38+00:00","og_image":[{"width":1024,"height":768,"url":"https:\/\/turijnmagazijn.nl\/wp-content\/uploads\/2023\/03\/DN00100071-Knipperlicht-links-spatbord-Alfa-166-NIEUW-2-1.jpg","type":"image\/jpeg"}],"twitter_card":"summary_large_image","schema":{"@context":"https:\/\/schema.org","@graph":[{"@type":"WebPage","@id":"https:\/\/turijnmagazijn.nl\/de\/produkt\/blinkende-leuchte-kotflugel-links-alfa-166-neu\/","url":"https:\/\/turijnmagazijn.nl\/de\/produkt\/blinkende-leuchte-kotflugel-links-alfa-166-neu\/","name":"Blinkleuchte Kotfl\u00fcgel links Alfa 166 -NEU- Turijnmagazijn","isPartOf":{"@id":"https:\/\/turijnmagazijn.jumpstone-dev.nl\/#website"},"primaryImageOfPage":{"@id":"https:\/\/turijnmagazijn.nl\/de\/produkt\/blinkende-leuchte-kotflugel-links-alfa-166-neu\/#primaryimage"},"image":{"@id":"https:\/\/turijnmagazijn.nl\/de\/produkt\/blinkende-leuchte-kotflugel-links-alfa-166-neu\/#primaryimage"},"thumbnailUrl":"https:\/\/turijnmagazijn.nl\/wp-content\/uploads\/2023\/03\/DN00100071-Knipperlicht-links-spatbord-Alfa-166-NIEUW-2-1.jpg","datePublished":"2023-03-03T08:45:03+00:00","dateModified":"2025-05-29T14:29:38+00:00","breadcrumb":{"@id":"https:\/\/turijnmagazijn.nl\/de\/produkt\/blinkende-leuchte-kotflugel-links-alfa-166-neu\/#breadcrumb"},"inLanguage":"de","potentialAction":[{"@type":"ReadAction","target":["https:\/\/turijnmagazijn.nl\/de\/produkt\/blinkende-leuchte-kotflugel-links-alfa-166-neu\/"]}]},{"@type":"ImageObject","inLanguage":"de","@id":"https:\/\/turijnmagazijn.nl\/de\/produkt\/blinkende-leuchte-kotflugel-links-alfa-166-neu\/#primaryimage","url":"https:\/\/turijnmagazijn.nl\/wp-content\/uploads\/2023\/03\/DN00100071-Knipperlicht-links-spatbord-Alfa-166-NIEUW-2-1.jpg","contentUrl":"https:\/\/turijnmagazijn.nl\/wp-content\/uploads\/2023\/03\/DN00100071-Knipperlicht-links-spatbord-Alfa-166-NIEUW-2-1.jpg","width":1024,"height":768},{"@type":"BreadcrumbList","@id":"https:\/\/turijnmagazijn.nl\/de\/produkt\/blinkende-leuchte-kotflugel-links-alfa-166-neu\/#breadcrumb","itemListElement":[{"@type":"ListItem","position":1,"name":"Home","item":"https:\/\/turijnmagazijn.nl\/de\/"},{"@type":"ListItem","position":2,"name":"Produkte","item":"https:\/\/turijnmagazijn.nl\/de\/shop\/"},{"@type":"ListItem","position":3,"name":"Blinkleuchte Kotfl\u00fcgel links Alfa 166 -NEU-"}]},{"@type":"WebSite","@id":"https:\/\/turijnmagazijn.jumpstone-dev.nl\/#website","url":"https:\/\/turijnmagazijn.jumpstone-dev.nl\/","name":"Turijnmagazijn","description":"Onderdelen nieuw en gebruikt - Fiat &amp; Lancia","publisher":{"@id":"https:\/\/turijnmagazijn.jumpstone-dev.nl\/#organization"},"potentialAction":[{"@type":"SearchAction","target":{"@type":"EntryPoint","urlTemplate":"https:\/\/turijnmagazijn.jumpstone-dev.nl\/?s={search_term_string}"},"query-input":{"@type":"PropertyValueSpecification","valueRequired":true,"valueName":"search_term_string"}}],"inLanguage":"de"},{"@type":"Organization","@id":"https:\/\/turijnmagazijn.jumpstone-dev.nl\/#organization","name":"Turijnmagazijn","url":"https:\/\/turijnmagazijn.jumpstone-dev.nl\/","logo":{"@type":"ImageObject","inLanguage":"de","@id":"https:\/\/turijnmagazijn.jumpstone-dev.nl\/#\/schema\/logo\/image\/","url":"https:\/\/turijnmagazijn.nl\/wp-content\/uploads\/2021\/02\/turijnmagazijnlogo.png","contentUrl":"https:\/\/turijnmagazijn.nl\/wp-content\/uploads\/2021\/02\/turijnmagazijnlogo.png","width":555,"height":270,"caption":"Turijnmagazijn"},"image":{"@id":"https:\/\/turijnmagazijn.jumpstone-dev.nl\/#\/schema\/logo\/image\/"},"sameAs":["https:\/\/www.facebook.com\/turijnmagazijn"]}]}},"_links":{"self":[{"href":"https:\/\/turijnmagazijn.nl\/de\/wp-json\/wp\/v2\/product\/65669","targetHints":{"allow":["GET"]}}],"collection":[{"href":"https:\/\/turijnmagazijn.nl\/de\/wp-json\/wp\/v2\/product"}],"about":[{"href":"https:\/\/turijnmagazijn.nl\/de\/wp-json\/wp\/v2\/types\/product"}],"replies":[{"embeddable":true,"href":"https:\/\/turijnmagazijn.nl\/de\/wp-json\/wp\/v2\/comments?post=65669"}],"wp:featuredmedia":[{"embeddable":true,"href":"https:\/\/turijnmagazijn.nl\/de\/wp-json\/wp\/v2\/media\/52337"}],"wp:attachment":[{"href":"https:\/\/turijnmagazijn.nl\/de\/wp-json\/wp\/v2\/media?parent=65669"}],"wp:term":[{"taxonomy":"product_brand","embeddable":true,"href":"https:\/\/turijnmagazijn.nl\/de\/wp-json\/wp\/v2\/product_brand?post=65669"},{"taxonomy":"product_cat","embeddable":true,"href":"https:\/\/turijnmagazijn.nl\/de\/wp-json\/wp\/v2\/product_cat?post=65669"},{"taxonomy":"product_tag","embeddable":true,"href":"https:\/\/turijnmagazijn.nl\/de\/wp-json\/wp\/v2\/product_tag?post=65669"}],"curies":[{"name":"wp","href":"https:\/\/api.w.org\/{rel}","templated":true}]}}